{"id":119054,"date":"2021-07-20T15:01:22","date_gmt":"2021-07-20T15:01:22","guid":{"rendered":"https:\/\/onedesk.com\/organisere\/"},"modified":"2021-07-20T15:01:40","modified_gmt":"2021-07-20T15:01:40","slug":"organisere","status":"publish","type":"page","link":"https:\/\/onedesk.com\/da\/organisere\/","title":{"rendered":"Trin 1 &#8211; Introduktion"},"content":{"rendered":"<h3 style=\"text-align: center;\">Hvad er OneDesk?<\/h3>\n<p>OneDesk kombinerer helpdesk og projektstyringsapplikationer for at hj\u00e6lpe dig med at opretholde en samarbejdsflow mellem dine forretningsprocesser og teammedlemmer. Hvorfor pr\u00f8ve at forbinde flere forskellige v\u00e6rkt\u00f8jer, n\u00e5r man kan udf\u00f8re jobbet?<\/p>\n<h3 style=\"text-align: center;\">Hvem er OneDesk til?<\/h3>\n<p>OneDesk giver dig mulighed for at organisere dit arbejde p\u00e5 en m\u00e5de, der passer til dig. Inviter teammedlemmer, kunder og forretningspartnere, der arbejder og samarbejder om billetter og projekter.<\/p>\n<p><img fetchpriority=\"high\" decoding=\"async\" class=\"aligncenter size-full wp-image-30212\" src=\"https:\/\/onedesk.com\/wp-content\/uploads\/2016\/01\/share-project.png\" alt=\"OneDesk is for who image\" width=\"544\" height=\"248\"><\/p>\n<h3 style=\"text-align: center;\">OneDesk er fleksibel<\/h3>\n<p>OneDesk er i stand til at rumme enhver arbejdsgang, du bruger. Planl\u00e6g dine produkter, udgivelser og projekter ved hj\u00e6lp af enten traditionel top-down eller Agile tilgang. OneDesk lader dig kombinere metoderne, s\u00e5 de passer til dine processer.<\/p>\n<p>F\u00e5 arbejdet gjort &#8211; p\u00e5 din m\u00e5de.<\/p>\n<p><img decoding=\"async\" class=\"aligncenter size-full wp-image-119060\" src=\"https:\/\/onedesk.com\/wp-content\/uploads\/2016\/02\/trad-agile.png\" alt=\"trad-agile\" width=\"749\" height=\"189\"><\/p>\n","protected":false},"excerpt":{"rendered":"<p>Hvad er OneDesk? OneDesk kombinerer helpdesk og projektstyringsapplikationer for at hj\u00e6lpe dig med at opretholde en samarbejdsflow mellem dine forretningsprocesser og teammedlemmer. Hvorfor pr\u00f8ve at forbinde flere forskellige v\u00e6rkt\u00f8jer, n\u00e5r man kan udf\u00f8re jobbet? Hvem er OneDesk til? OneDesk giver dig mulighed for at organisere dit arbejde p\u00e5 en m\u00e5de, der passer til dig. Inviter [&hellip;]<\/p>\n","protected":false},"author":2,"featured_media":0,"parent":0,"menu_order":0,"comment_status":"closed","ping_status":"closed","template":"","meta":{"tpgb_global_settings":"","_crdt_document":"","inline_featured_image":false,"site-sidebar-layout":"default","site-content-layout":"","ast-site-content-layout":"default","site-content-style":"default","site-sidebar-style":"default","ast-global-header-display":"","ast-banner-title-visibility":"","ast-main-header-display":"","ast-hfb-above-header-display":"","ast-hfb-below-header-display":"","ast-hfb-mobile-header-display":"","site-post-title":"","ast-breadcrumbs-content":"","ast-featured-img":"","footer-sml-layout":"","ast-disable-related-posts":"","theme-transparent-header-meta":"","adv-header-id-meta":"","stick-header-meta":"","header-above-stick-meta":"","header-main-stick-meta":"","header-below-stick-meta":"","astra-migrate-meta-layouts":"default","ast-page-background-enabled":"default","ast-page-background-meta":{"desktop":{"background-color":"var(--ast-global-color-4)","background-image":"","background-repeat":"repeat","background-position":"center center","background-size":"auto","background-attachment":"scroll","background-type":"","background-media":"","overlay-type":"","overlay-color":"","overlay-opacity":"","overlay-gradient":""},"tablet":{"background-color":"","background-image":"","background-repeat":"repeat","background-position":"center center","background-size":"auto","background-attachment":"scroll","background-type":"","background-media":"","overlay-type":"","overlay-color":"","overlay-opacity":"","overlay-gradient":""},"mobile":{"background-color":"","background-image":"","background-repeat":"repeat","background-position":"center center","background-size":"auto","background-attachment":"scroll","background-type":"","background-media":"","overlay-type":"","overlay-color":"","overlay-opacity":"","overlay-gradient":""}},"ast-content-background-meta":{"desktop":{"background-color":"var(--ast-global-color-5)","background-image":"","background-repeat":"repeat","background-position":"center center","background-size":"auto","background-attachment":"scroll","background-type":"","background-media":"","overlay-type":"","overlay-color":"","overlay-opacity":"","overlay-gradient":""},"tablet":{"background-color":"var(--ast-global-color-5)","background-image":"","background-repeat":"repeat","background-position":"center center","background-size":"auto","background-attachment":"scroll","background-type":"","background-media":"","overlay-type":"","overlay-color":"","overlay-opacity":"","overlay-gradient":""},"mobile":{"background-color":"var(--ast-global-color-5)","background-image":"","background-repeat":"repeat","background-position":"center center","background-size":"auto","background-attachment":"scroll","background-type":"","background-media":"","overlay-type":"","overlay-color":"","overlay-opacity":"","overlay-gradient":""}},"footnotes":""},"class_list":["post-119054","page","type-page","status-publish","hentry"],"yoast_head":"<!-- This site is optimized with the Yoast SEO Premium plugin v27.2 (Yoast SEO v27.3) - https:\/\/yoast.com\/product\/yoast-seo-premium-wordpress\/ -->\n<title>Trin 1 - Introduktion - OneDesk<\/title>\n<meta name=\"description\" content=\"OneDesk er helpdesk-software og projektstyringssoftware i en applikation. Dette er en introduktion til OneDesk.\" \/>\n<meta name=\"robots\" content=\"index, follow, max-snippet:-1, max-image-preview:large, max-video-preview:-1\" \/>\n<link rel=\"canonical\" href=\"https:\/\/onedesk.com\/da\/organisere\/\" \/>\n<meta property=\"og:locale\" content=\"da_DK\" \/>\n<meta property=\"og:type\" content=\"article\" \/>\n<meta property=\"og:title\" content=\"Trin 1 - Introduktion - OneDesk\" \/>\n<meta property=\"og:description\" content=\"OneDesk er helpdesk-software og projektstyringssoftware i en applikation. Dette er en introduktion til OneDesk.\" \/>\n<meta property=\"og:url\" content=\"https:\/\/onedesk.com\/da\/organisere\/\" \/>\n<meta property=\"og:site_name\" content=\"OneDesk\" \/>\n<meta property=\"article:publisher\" content=\"https:\/\/www.facebook.com\/OneDeskApp\" \/>\n<meta property=\"article:modified_time\" content=\"2021-07-20T15:01:40+00:00\" \/>\n<meta property=\"og:image\" content=\"https:\/\/onedesk.com\/wp-content\/uploads\/2016\/01\/share-project.png\" \/>\n<meta name=\"twitter:card\" content=\"summary_large_image\" \/>\n<meta name=\"twitter:site\" content=\"@OneDeskApp\" \/>\n<meta name=\"twitter:label1\" content=\"Est. reading time\" \/>\n\t<meta name=\"twitter:data1\" content=\"1 minute\" \/>\n<!-- \/ Yoast SEO Premium plugin. -->","yoast_head_json":{"title":"Trin 1 - Introduktion - OneDesk","description":"OneDesk er helpdesk-software og projektstyringssoftware i en applikation. Dette er en introduktion til OneDesk.","robots":{"index":"index","follow":"follow","max-snippet":"max-snippet:-1","max-image-preview":"max-image-preview:large","max-video-preview":"max-video-preview:-1"},"canonical":"https:\/\/onedesk.com\/da\/organisere\/","og_locale":"da_DK","og_type":"article","og_title":"Trin 1 - Introduktion - OneDesk","og_description":"OneDesk er helpdesk-software og projektstyringssoftware i en applikation. Dette er en introduktion til OneDesk.","og_url":"https:\/\/onedesk.com\/da\/organisere\/","og_site_name":"OneDesk","article_publisher":"https:\/\/www.facebook.com\/OneDeskApp","article_modified_time":"2021-07-20T15:01:40+00:00","og_image":[{"url":"https:\/\/onedesk.com\/wp-content\/uploads\/2016\/01\/share-project.png","type":"","width":"","height":""}],"twitter_card":"summary_large_image","twitter_site":"@OneDeskApp","twitter_misc":{"Est. reading time":"1 minute"},"schema":{"@context":"https:\/\/schema.org","@graph":[{"@type":"WebPage","@id":"https:\/\/onedesk.com\/da\/organisere\/","url":"https:\/\/onedesk.com\/da\/organisere\/","name":"Trin 1 - Introduktion - OneDesk","isPartOf":{"@id":"https:\/\/onedesk.com\/da\/#website"},"primaryImageOfPage":{"@id":"https:\/\/onedesk.com\/da\/organisere\/#primaryimage"},"image":{"@id":"https:\/\/onedesk.com\/da\/organisere\/#primaryimage"},"thumbnailUrl":"https:\/\/onedesk.com\/wp-content\/uploads\/2016\/01\/share-project.png","datePublished":"2021-07-20T15:01:22+00:00","dateModified":"2021-07-20T15:01:40+00:00","description":"OneDesk er helpdesk-software og projektstyringssoftware i en applikation. Dette er en introduktion til OneDesk.","inLanguage":"da-DK","potentialAction":[{"@type":"ReadAction","target":["https:\/\/onedesk.com\/da\/organisere\/"]}]},{"@type":"ImageObject","inLanguage":"da-DK","@id":"https:\/\/onedesk.com\/da\/organisere\/#primaryimage","url":"https:\/\/onedesk.com\/wp-content\/uploads\/2016\/01\/share-project.png","contentUrl":"https:\/\/onedesk.com\/wp-content\/uploads\/2016\/01\/share-project.png"},{"@type":"WebSite","@id":"https:\/\/onedesk.com\/da\/#website","url":"https:\/\/onedesk.com\/da\/","name":"OneDesk","description":"Projektledelse og Helpdesk -software","publisher":{"@id":"https:\/\/onedesk.com\/da\/#organization"},"potentialAction":[{"@type":"SearchAction","target":{"@type":"EntryPoint","urlTemplate":"https:\/\/onedesk.com\/da\/?s={search_term_string}"},"query-input":{"@type":"PropertyValueSpecification","valueRequired":true,"valueName":"search_term_string"}}],"inLanguage":"da-DK"},{"@type":"Organization","@id":"https:\/\/onedesk.com\/da\/#organization","name":"OneDesk","url":"https:\/\/onedesk.com\/da\/","logo":{"@type":"ImageObject","inLanguage":"da-DK","@id":"https:\/\/onedesk.com\/da\/#\/schema\/logo\/image\/","url":"https:\/\/onedesk.com\/wp-content\/uploads\/2016\/01\/white-logo-small.png","contentUrl":"https:\/\/onedesk.com\/wp-content\/uploads\/2016\/01\/white-logo-small.png","width":207,"height":40,"caption":"OneDesk"},"image":{"@id":"https:\/\/onedesk.com\/da\/#\/schema\/logo\/image\/"},"sameAs":["https:\/\/www.facebook.com\/OneDeskApp","https:\/\/x.com\/OneDeskApp","https:\/\/www.instagram.com\/onedeskapp\/","https:\/\/www.linkedin.com\/company\/onedesk-inc-1","https:\/\/www.pinterest.com\/onedesk\/","https:\/\/www.youtube.com\/user\/OneDeskApp"]}]}},"tpgb_featured_images":null,"tpgb_post_meta_info":{"get_date":"July 20, 2021","get_modified_date":"July 20, 2021","author_name":"Derek","author_url":"https:\/\/onedesk.com\/da\/author\/derekonedesk-com\/","author_email":"derek@onedesk.com","author_website":"","author_description":"","author_facebook":"","author_twitter":"","author_instagram":"","author_role":["administrator"],"author_firstname":"Derek","author_lastname":"","user_login":"derek@onedesk.com","author_avatar":"<img alt='' src='https:\/\/secure.gravatar.com\/avatar\/457ebef17878f2246da5e4df1ab1420e949ee125154dfb140a3f3ce911b0ef71?s=200&#038;d=mm&#038;r=g' srcset='https:\/\/secure.gravatar.com\/avatar\/457ebef17878f2246da5e4df1ab1420e949ee125154dfb140a3f3ce911b0ef71?s=400&#038;d=mm&#038;r=g 2x' class='avatar avatar-200 photo' height='200' width='200' decoding='async'\/>","author_avatar_url":"https:\/\/secure.gravatar.com\/avatar\/457ebef17878f2246da5e4df1ab1420e949ee125154dfb140a3f3ce911b0ef71?s=96&d=mm&r=g","comment_count":0,"post_likes":0,"post_views":0},"tpgb_post_category":[],"jetpack_shortlink":"https:\/\/wp.me\/PfpPaI-uYe","amp_enabled":true,"_links":{"self":[{"href":"https:\/\/onedesk.com\/da\/wp-json\/wp\/v2\/pages\/119054","targetHints":{"allow":["GET"]}}],"collection":[{"href":"https:\/\/onedesk.com\/da\/wp-json\/wp\/v2\/pages"}],"about":[{"href":"https:\/\/onedesk.com\/da\/wp-json\/wp\/v2\/types\/page"}],"author":[{"embeddable":true,"href":"https:\/\/onedesk.com\/da\/wp-json\/wp\/v2\/users\/2"}],"replies":[{"embeddable":true,"href":"https:\/\/onedesk.com\/da\/wp-json\/wp\/v2\/comments?post=119054"}],"version-history":[{"count":1,"href":"https:\/\/onedesk.com\/da\/wp-json\/wp\/v2\/pages\/119054\/revisions"}],"predecessor-version":[{"id":119073,"href":"https:\/\/onedesk.com\/da\/wp-json\/wp\/v2\/pages\/119054\/revisions\/119073"}],"wp:attachment":[{"href":"https:\/\/onedesk.com\/da\/wp-json\/wp\/v2\/media?parent=119054"}],"curies":[{"name":"wp","href":"https:\/\/api.w.org\/{rel}","templated":true}]}}