{"id":119109,"date":"2021-07-20T15:02:12","date_gmt":"2021-07-20T15:02:12","guid":{"rendered":"https:\/\/onedesk.com\/demo\/bog-demo\/"},"modified":"2024-06-20T20:58:00","modified_gmt":"2024-06-20T20:58:00","slug":"bog-demo","status":"publish","type":"page","link":"https:\/\/onedesk.com\/da\/demo\/bog-demo\/","title":{"rendered":"Book demo"},"content":{"rendered":"\t\t<div data-elementor-type=\"wp-page\" data-elementor-id=\"119109\" class=\"elementor elementor-119109 elementor-29635\" data-elementor-post-type=\"page\">\n\t\t\t\t\t\t<section class=\"elementor-section elementor-top-section elementor-element elementor-element-dc30771 elementor-section-boxed elementor-section-height-default elementor-section-height-default\" data-id=\"dc30771\" data-element_type=\"section\" data-e-type=\"section\">\n\t\t\t\t\t\t<div class=\"elementor-container elementor-column-gap-default\">\n\t\t\t\t\t<div class=\"elementor-column elementor-col-100 elementor-top-column elementor-element elementor-element-c74a3c5\" data-id=\"c74a3c5\" data-element_type=\"column\" data-e-type=\"column\">\n\t\t\t<div class=\"elementor-widget-wrap elementor-element-populated\">\n\t\t\t\t\t\t<div class=\"elementor-element elementor-element-2653311 elementor-widget elementor-widget-heading\" data-id=\"2653311\" data-element_type=\"widget\" data-e-type=\"widget\" data-widget_type=\"heading.default\">\n\t\t\t\t<div class=\"elementor-widget-container\">\n\t\t\t\t\t<h1 class=\"elementor-heading-title elementor-size-default\">Book din OneDesk-demo i dag<\/h1>\t\t\t\t<\/div>\n\t\t\t\t<\/div>\n\t\t\t\t<div class=\"elementor-element elementor-element-a6aa94a elementor-widget elementor-widget-text-editor\" data-id=\"a6aa94a\" data-element_type=\"widget\" data-e-type=\"widget\" data-widget_type=\"text-editor.default\">\n\t\t\t\t<div class=\"elementor-widget-container\">\n\t\t\t\t\t\t\t\t\t<p>Vi vil meget gerne vise dig, hvordan OneDesk kan hj\u00e6lpe din virksomhed. Planl\u00e6g en demo med en OneDesk-ekspert nedenfor, og se selv.  <\/p>\n<p>( <a href=\"https:\/\/www.youtube.com\/playlist?list=PL9D-hmKLpwLeym0ZuWCAFNZlkAJoy6Itn\" target=\"_blank\" rel=\"noopener\">Forudindspillede demoer<\/a> er ogs\u00e5 tilg\u00e6ngelige p\u00e5 flere sprog).<\/p>\n\t\t\t\t\t\t\t\t<\/div>\n\t\t\t\t<\/div>\n\t\t\t\t\t<\/div>\n\t\t<\/div>\n\t\t\t\t\t<\/div>\n\t\t<\/section>\n\t\t<div class=\"elementor-element elementor-element-a29595d e-flex e-con-boxed e-con e-parent\" data-id=\"a29595d\" data-element_type=\"container\" data-e-type=\"container\">\n\t\t\t\t\t<div class=\"e-con-inner\">\n\t\t\t\t<div class=\"elementor-element elementor-element-a5e367a elementor-widget elementor-widget-html\" data-id=\"a5e367a\" data-element_type=\"widget\" data-e-type=\"widget\" data-widget_type=\"html.default\">\n\t\t\t\t<div class=\"elementor-widget-container\">\n\t\t\t\t\t<center><iframe id=\"myframe\" style=\"overflow: hidden;\" src=\"https:\/\/onedesk-demos-intro.youcanbook.me\/\" width=\"950px\" height=\"1200px\" frameborder=\"0\">Din browser underst\u00f8tter ikke iframes.\n<\/iframe><\/center>\t\t\t\t<\/div>\n\t\t\t\t<\/div>\n\t\t\t\t\t<\/div>\n\t\t\t\t<\/div>\n\t\t\t\t<\/div>\n\t\t","protected":false},"excerpt":{"rendered":"<p>Book din OneDesk-demo i dag Vi vil meget gerne vise dig, hvordan OneDesk kan hj\u00e6lpe din virksomhed. Planl\u00e6g en demo med en OneDesk-ekspert nedenfor, og se selv. ( Forudindspillede demoer er ogs\u00e5 tilg\u00e6ngelige p\u00e5 flere sprog). Din browser underst\u00f8tter ikke iframes.<\/p>\n","protected":false},"author":2,"featured_media":0,"parent":119055,"menu_order":0,"comment_status":"closed","ping_status":"closed","template":"","meta":{"tpgb_global_settings":"","_crdt_document":"","inline_featured_image":false,"site-sidebar-layout":"default","site-content-layout":"","ast-site-content-layout":"default","site-content-style":"default","site-sidebar-style":"default","ast-global-header-display":"","ast-banner-title-visibility":"","ast-main-header-display":"","ast-hfb-above-header-display":"","ast-hfb-below-header-display":"","ast-hfb-mobile-header-display":"","site-post-title":"","ast-breadcrumbs-content":"","ast-featured-img":"","footer-sml-layout":"","ast-disable-related-posts":"","theme-transparent-header-meta":"","adv-header-id-meta":"","stick-header-meta":"","header-above-stick-meta":"","header-main-stick-meta":"","header-below-stick-meta":"","astra-migrate-meta-layouts":"default","ast-page-background-enabled":"default","ast-page-background-meta":{"desktop":{"background-color":"var(--ast-global-color-4)","background-image":"","background-repeat":"repeat","background-position":"center center","background-size":"auto","background-attachment":"scroll","background-type":"","background-media":"","overlay-type":"","overlay-color":"","overlay-opacity":"","overlay-gradient":""},"tablet":{"background-color":"","background-image":"","background-repeat":"repeat","background-position":"center center","background-size":"auto","background-attachment":"scroll","background-type":"","background-media":"","overlay-type":"","overlay-color":"","overlay-opacity":"","overlay-gradient":""},"mobile":{"background-color":"","background-image":"","background-repeat":"repeat","background-position":"center center","background-size":"auto","background-attachment":"scroll","background-type":"","background-media":"","overlay-type":"","overlay-color":"","overlay-opacity":"","overlay-gradient":""}},"ast-content-background-meta":{"desktop":{"background-color":"var(--ast-global-color-5)","background-image":"","background-repeat":"repeat","background-position":"center center","background-size":"auto","background-attachment":"scroll","background-type":"","background-media":"","overlay-type":"","overlay-color":"","overlay-opacity":"","overlay-gradient":""},"tablet":{"background-color":"var(--ast-global-color-5)","background-image":"","background-repeat":"repeat","background-position":"center center","background-size":"auto","background-attachment":"scroll","background-type":"","background-media":"","overlay-type":"","overlay-color":"","overlay-opacity":"","overlay-gradient":""},"mobile":{"background-color":"var(--ast-global-color-5)","background-image":"","background-repeat":"repeat","background-position":"center center","background-size":"auto","background-attachment":"scroll","background-type":"","background-media":"","overlay-type":"","overlay-color":"","overlay-opacity":"","overlay-gradient":""}},"footnotes":""},"class_list":["post-119109","page","type-page","status-publish","hentry"],"yoast_head":"<!-- This site is optimized with the Yoast SEO Premium plugin v27.3 (Yoast SEO v27.3) - https:\/\/yoast.com\/product\/yoast-seo-premium-wordpress\/ -->\n<title>Bogdemo | Helpdesk og projektstyringssoftware | OneDesk<\/title>\n<meta name=\"description\" content=\"OneDesk er helpdesk og projektstyringssoftware i en applikation. Lad os vise dig, hvordan dette fungerer, n\u00e5r du bestiller en demo hos os.\" \/>\n<meta name=\"robots\" content=\"index, follow, max-snippet:-1, max-image-preview:large, max-video-preview:-1\" \/>\n<link rel=\"canonical\" href=\"https:\/\/onedesk.com\/da\/demo\/bog-demo\/\" \/>\n<meta property=\"og:locale\" content=\"da_DK\" \/>\n<meta property=\"og:type\" content=\"article\" \/>\n<meta property=\"og:title\" content=\"Bogdemo | Helpdesk og projektstyringssoftware | OneDesk\" \/>\n<meta property=\"og:description\" content=\"OneDesk er helpdesk og projektstyringssoftware i en applikation. Lad os vise dig, hvordan dette fungerer, n\u00e5r du bestiller en demo hos os.\" \/>\n<meta property=\"og:url\" content=\"https:\/\/onedesk.com\/da\/demo\/bog-demo\/\" \/>\n<meta property=\"og:site_name\" content=\"OneDesk\" \/>\n<meta property=\"article:publisher\" content=\"https:\/\/www.facebook.com\/OneDeskApp\" \/>\n<meta property=\"article:modified_time\" content=\"2024-06-20T20:58:00+00:00\" \/>\n<meta property=\"og:image\" content=\"https:\/\/onedesk.com\/wp-content\/uploads\/2020\/04\/OneDesk-Logo.png\" \/>\n\t<meta property=\"og:image:width\" content=\"1280\" \/>\n\t<meta property=\"og:image:height\" content=\"800\" \/>\n\t<meta property=\"og:image:type\" content=\"image\/png\" \/>\n<meta name=\"twitter:card\" content=\"summary_large_image\" \/>\n<meta name=\"twitter:site\" content=\"@OneDeskApp\" \/>\n<!-- \/ Yoast SEO Premium plugin. -->","yoast_head_json":{"title":"Bogdemo | Helpdesk og projektstyringssoftware | OneDesk","description":"OneDesk er helpdesk og projektstyringssoftware i en applikation. Lad os vise dig, hvordan dette fungerer, n\u00e5r du bestiller en demo hos os.","robots":{"index":"index","follow":"follow","max-snippet":"max-snippet:-1","max-image-preview":"max-image-preview:large","max-video-preview":"max-video-preview:-1"},"canonical":"https:\/\/onedesk.com\/da\/demo\/bog-demo\/","og_locale":"da_DK","og_type":"article","og_title":"Bogdemo | Helpdesk og projektstyringssoftware | OneDesk","og_description":"OneDesk er helpdesk og projektstyringssoftware i en applikation. Lad os vise dig, hvordan dette fungerer, n\u00e5r du bestiller en demo hos os.","og_url":"https:\/\/onedesk.com\/da\/demo\/bog-demo\/","og_site_name":"OneDesk","article_publisher":"https:\/\/www.facebook.com\/OneDeskApp","article_modified_time":"2024-06-20T20:58:00+00:00","og_image":[{"width":1280,"height":800,"url":"https:\/\/onedesk.com\/wp-content\/uploads\/2020\/04\/OneDesk-Logo.png","type":"image\/png"}],"twitter_card":"summary_large_image","twitter_site":"@OneDeskApp","schema":{"@context":"https:\/\/schema.org","@graph":[{"@type":"WebPage","@id":"https:\/\/onedesk.com\/da\/demo\/bog-demo\/","url":"https:\/\/onedesk.com\/da\/demo\/bog-demo\/","name":"Bogdemo | Helpdesk og projektstyringssoftware | OneDesk","isPartOf":{"@id":"https:\/\/onedesk.com\/da\/#website"},"datePublished":"2021-07-20T15:02:12+00:00","dateModified":"2024-06-20T20:58:00+00:00","description":"OneDesk er helpdesk og projektstyringssoftware i en applikation. Lad os vise dig, hvordan dette fungerer, n\u00e5r du bestiller en demo hos os.","breadcrumb":{"@id":"https:\/\/onedesk.com\/da\/demo\/bog-demo\/#breadcrumb"},"inLanguage":"da-DK","potentialAction":[{"@type":"ReadAction","target":["https:\/\/onedesk.com\/da\/demo\/bog-demo\/"]}]},{"@type":"BreadcrumbList","@id":"https:\/\/onedesk.com\/da\/demo\/bog-demo\/#breadcrumb","itemListElement":[{"@type":"ListItem","position":1,"name":"demo","item":"https:\/\/onedesk.com\/da\/demo\/"},{"@type":"ListItem","position":2,"name":"Book demo"}]},{"@type":"WebSite","@id":"https:\/\/onedesk.com\/da\/#website","url":"https:\/\/onedesk.com\/da\/","name":"OneDesk","description":"Projektledelse og Helpdesk -software","publisher":{"@id":"https:\/\/onedesk.com\/da\/#organization"},"potentialAction":[{"@type":"SearchAction","target":{"@type":"EntryPoint","urlTemplate":"https:\/\/onedesk.com\/da\/?s={search_term_string}"},"query-input":{"@type":"PropertyValueSpecification","valueRequired":true,"valueName":"search_term_string"}}],"inLanguage":"da-DK"},{"@type":"Organization","@id":"https:\/\/onedesk.com\/da\/#organization","name":"OneDesk","url":"https:\/\/onedesk.com\/da\/","logo":{"@type":"ImageObject","inLanguage":"da-DK","@id":"https:\/\/onedesk.com\/da\/#\/schema\/logo\/image\/","url":"https:\/\/onedesk.com\/wp-content\/uploads\/2016\/01\/white-logo-small.png","contentUrl":"https:\/\/onedesk.com\/wp-content\/uploads\/2016\/01\/white-logo-small.png","width":207,"height":40,"caption":"OneDesk"},"image":{"@id":"https:\/\/onedesk.com\/da\/#\/schema\/logo\/image\/"},"sameAs":["https:\/\/www.facebook.com\/OneDeskApp","https:\/\/x.com\/OneDeskApp","https:\/\/www.instagram.com\/onedeskapp\/","https:\/\/www.linkedin.com\/company\/onedesk-inc-1","https:\/\/www.pinterest.com\/onedesk\/","https:\/\/www.youtube.com\/user\/OneDeskApp"]}]}},"tpgb_featured_images":null,"tpgb_post_meta_info":{"get_date":"July 20, 2021","get_modified_date":"June 20, 2024","author_name":"Derek","author_url":"https:\/\/onedesk.com\/da\/author\/derekonedesk-com\/","author_email":"derek@onedesk.com","author_website":"","author_description":"","author_facebook":"","author_twitter":"","author_instagram":"","author_role":["administrator"],"author_firstname":"Derek","author_lastname":"","user_login":"derek@onedesk.com","author_avatar":"<img alt='' src='https:\/\/secure.gravatar.com\/avatar\/457ebef17878f2246da5e4df1ab1420e949ee125154dfb140a3f3ce911b0ef71?s=200&#038;d=mm&#038;r=g' srcset='https:\/\/secure.gravatar.com\/avatar\/457ebef17878f2246da5e4df1ab1420e949ee125154dfb140a3f3ce911b0ef71?s=400&#038;d=mm&#038;r=g 2x' class='avatar avatar-200 photo' height='200' width='200' decoding='async'\/>","author_avatar_url":"https:\/\/secure.gravatar.com\/avatar\/457ebef17878f2246da5e4df1ab1420e949ee125154dfb140a3f3ce911b0ef71?s=96&d=mm&r=g","comment_count":0,"post_likes":0,"post_views":0},"tpgb_post_category":[],"jetpack_shortlink":"https:\/\/wp.me\/PfpPaI-uZ7","amp_enabled":true,"_links":{"self":[{"href":"https:\/\/onedesk.com\/da\/wp-json\/wp\/v2\/pages\/119109","targetHints":{"allow":["GET"]}}],"collection":[{"href":"https:\/\/onedesk.com\/da\/wp-json\/wp\/v2\/pages"}],"about":[{"href":"https:\/\/onedesk.com\/da\/wp-json\/wp\/v2\/types\/page"}],"author":[{"embeddable":true,"href":"https:\/\/onedesk.com\/da\/wp-json\/wp\/v2\/users\/2"}],"replies":[{"embeddable":true,"href":"https:\/\/onedesk.com\/da\/wp-json\/wp\/v2\/comments?post=119109"}],"version-history":[{"count":9,"href":"https:\/\/onedesk.com\/da\/wp-json\/wp\/v2\/pages\/119109\/revisions"}],"predecessor-version":[{"id":271910,"href":"https:\/\/onedesk.com\/da\/wp-json\/wp\/v2\/pages\/119109\/revisions\/271910"}],"up":[{"embeddable":true,"href":"https:\/\/onedesk.com\/da\/wp-json\/wp\/v2\/pages\/119055"}],"wp:attachment":[{"href":"https:\/\/onedesk.com\/da\/wp-json\/wp\/v2\/media?parent=119109"}],"curies":[{"name":"wp","href":"https:\/\/api.w.org\/{rel}","templated":true}]}}