{"id":119322,"date":"2021-07-20T15:18:02","date_gmt":"2021-07-20T15:18:02","guid":{"rendered":"https:\/\/onedesk.com\/integrer-med-onedesk\/nye-boeger\/"},"modified":"2021-07-20T15:18:56","modified_gmt":"2021-07-20T15:18:56","slug":"nye-boeger","status":"publish","type":"page","link":"https:\/\/onedesk.com\/da\/integrer-med-onedesk\/nye-boeger\/","title":{"rendered":"FreshBooks"},"content":{"rendered":"<div style=\"float: left;\"><img decoding=\"async\" class=\"aligncenter size-full wp-image-46284\" style=\"margin: 20px 20px;\" src=\"https:\/\/onedesk.com\/wp-content\/uploads\/2016\/01\/freshbooks.png\" alt=\"Freshbooks integration\" width=\"84\" height=\"84\"><\/div>\n<h2>Tilslut FreshBooks til din OneDesk-konto<\/h2>\n<p>Forenkle din fakturering og regnskab! Forbind OneDesk&#8217;s helpdesk- og projektstyringssoftware til din virksomheds FreshBooks-konto for at g\u00f8re det lettere at fakturere dine klienter for det arbejde, du har udf\u00f8rt, ved automatisk at oprette klienter og tidsindgange p\u00e5 din FreshBooks-konto.<\/p>\n<h3>Hvad giver FreshBooks Integration dig mulighed for at g\u00f8re?<\/h3>\n<p>Aktiv\u00e9r denne integration i din OneDesk for automatisk at oprette tilsvarende<a href=\"https:\/\/onedesk.com\/videos\/timesheets-and-task-timers\/\"> tidsindgange<\/a> og klientoptegnelser i FreshBooks, n\u00e5r timesedler eller kunder oprettes i OneDesk.<\/p>\n<p>N\u00e5r denne integration er aktiveret, f\u00f8jes nye tidsposter og klienter automatisk til din FreshBooks-konto. Nu kan du nemt forberede og sende fakturaer til dine kunder for arbejde, der udf\u00f8res i OneDesk, direkte fra FreshBooks uden at skulle kopiere eller importere dem fra filer.<\/p>\n<p>Uanset om du arbejder p\u00e5 en billet eller en opgave i OneDesk, n\u00e5r du indsender et fakturerbart timeseddel, f\u00f8jes det automatisk til din FreshBooks-konto som en tidsindtastning. Hvis der er en rekvirent p\u00e5 billetten eller opgaven, vil tidsangivelsen blive knyttet til denne klient.<\/p>\n<p>N\u00e5r nye kunder oprettes p\u00e5 din OneDesk-konto, oprettes der en ny klientpost (med samme e-mail-adresse) i FreshBooks.<\/p>\n<p>Det er let at integrere OneDesk&#8217;s helpdesk og projektstyringssoftware med din FreshBooks-konto. F\u00f8lg blot nedenst\u00e5ende trin eller se videoen.<\/p>\n","protected":false},"excerpt":{"rendered":"<p>Tilslut FreshBooks til din OneDesk-konto Forenkle din fakturering og regnskab! Forbind OneDesk&#8217;s helpdesk- og projektstyringssoftware til din virksomheds FreshBooks-konto for at g\u00f8re det lettere at fakturere dine klienter for det arbejde, du har udf\u00f8rt, ved automatisk at oprette klienter og tidsindgange p\u00e5 din FreshBooks-konto. Hvad giver FreshBooks Integration dig mulighed for at g\u00f8re? Aktiv\u00e9r denne [&hellip;]<\/p>\n","protected":false},"author":1,"featured_media":0,"parent":119311,"menu_order":3,"comment_status":"closed","ping_status":"closed","template":"","meta":{"tpgb_global_settings":"","_crdt_document":"","inline_featured_image":false,"site-sidebar-layout":"default","site-content-layout":"","ast-site-content-layout":"default","site-content-style":"default","site-sidebar-style":"default","ast-global-header-display":"","ast-banner-title-visibility":"","ast-main-header-display":"","ast-hfb-above-header-display":"","ast-hfb-below-header-display":"","ast-hfb-mobile-header-display":"","site-post-title":"","ast-breadcrumbs-content":"","ast-featured-img":"","footer-sml-layout":"","ast-disable-related-posts":"","theme-transparent-header-meta":"","adv-header-id-meta":"","stick-header-meta":"","header-above-stick-meta":"","header-main-stick-meta":"","header-below-stick-meta":"","astra-migrate-meta-layouts":"default","ast-page-background-enabled":"default","ast-page-background-meta":{"desktop":{"background-color":"var(--ast-global-color-4)","background-image":"","background-repeat":"repeat","background-position":"center center","background-size":"auto","background-attachment":"scroll","background-type":"","background-media":"","overlay-type":"","overlay-color":"","overlay-opacity":"","overlay-gradient":""},"tablet":{"background-color":"","background-image":"","background-repeat":"repeat","background-position":"center center","background-size":"auto","background-attachment":"scroll","background-type":"","background-media":"","overlay-type":"","overlay-color":"","overlay-opacity":"","overlay-gradient":""},"mobile":{"background-color":"","background-image":"","background-repeat":"repeat","background-position":"center center","background-size":"auto","background-attachment":"scroll","background-type":"","background-media":"","overlay-type":"","overlay-color":"","overlay-opacity":"","overlay-gradient":""}},"ast-content-background-meta":{"desktop":{"background-color":"var(--ast-global-color-5)","background-image":"","background-repeat":"repeat","background-position":"center center","background-size":"auto","background-attachment":"scroll","background-type":"","background-media":"","overlay-type":"","overlay-color":"","overlay-opacity":"","overlay-gradient":""},"tablet":{"background-color":"var(--ast-global-color-5)","background-image":"","background-repeat":"repeat","background-position":"center center","background-size":"auto","background-attachment":"scroll","background-type":"","background-media":"","overlay-type":"","overlay-color":"","overlay-opacity":"","overlay-gradient":""},"mobile":{"background-color":"var(--ast-global-color-5)","background-image":"","background-repeat":"repeat","background-position":"center center","background-size":"auto","background-attachment":"scroll","background-type":"","background-media":"","overlay-type":"","overlay-color":"","overlay-opacity":"","overlay-gradient":""}},"footnotes":""},"class_list":["post-119322","page","type-page","status-publish","hentry"],"yoast_head":"<!-- This site is optimized with the Yoast SEO Premium plugin v27.6 (Yoast SEO v27.6) - https:\/\/yoast.com\/product\/yoast-seo-premium-wordpress\/ -->\n<title>Integration af freshbooks | Helpdesk og projektstyringssoftware<\/title>\n<meta name=\"description\" content=\"Freshbooks Integration er tilg\u00e6ngelig til OneDesk Help Desk og Project Management Software. Forbind din konto for at arbejde mere effektivt p\u00e5 dine projekter.\" \/>\n<meta name=\"robots\" content=\"index, follow, max-snippet:-1, max-image-preview:large, max-video-preview:-1\" \/>\n<link rel=\"canonical\" href=\"https:\/\/onedesk.com\/da\/integrer-med-onedesk\/nye-boeger\/\" \/>\n<meta property=\"og:locale\" content=\"da_DK\" \/>\n<meta property=\"og:type\" content=\"article\" \/>\n<meta property=\"og:title\" content=\"Integration af freshbooks | Helpdesk og projektstyringssoftware\" \/>\n<meta property=\"og:description\" content=\"Freshbooks Integration er tilg\u00e6ngelig til OneDesk Help Desk og Project Management Software. Forbind din konto for at arbejde mere effektivt p\u00e5 dine projekter.\" \/>\n<meta property=\"og:url\" content=\"https:\/\/onedesk.com\/da\/integrer-med-onedesk\/nye-boeger\/\" \/>\n<meta property=\"og:site_name\" content=\"OneDesk\" \/>\n<meta property=\"article:publisher\" content=\"https:\/\/www.facebook.com\/OneDeskApp\" \/>\n<meta property=\"article:modified_time\" content=\"2021-07-20T15:18:56+00:00\" \/>\n<meta property=\"og:image\" content=\"https:\/\/onedesk.com\/wp-content\/uploads\/2016\/01\/freshbooks.png\" \/>\n<meta name=\"twitter:card\" content=\"summary_large_image\" \/>\n<meta name=\"twitter:site\" content=\"@OneDeskApp\" \/>\n<meta name=\"twitter:label1\" content=\"Est. reading time\" \/>\n\t<meta name=\"twitter:data1\" content=\"1 minute\" \/>\n<!-- \/ Yoast SEO Premium plugin. -->","yoast_head_json":{"title":"Integration af freshbooks | Helpdesk og projektstyringssoftware","description":"Freshbooks Integration er tilg\u00e6ngelig til OneDesk Help Desk og Project Management Software. Forbind din konto for at arbejde mere effektivt p\u00e5 dine projekter.","robots":{"index":"index","follow":"follow","max-snippet":"max-snippet:-1","max-image-preview":"max-image-preview:large","max-video-preview":"max-video-preview:-1"},"canonical":"https:\/\/onedesk.com\/da\/integrer-med-onedesk\/nye-boeger\/","og_locale":"da_DK","og_type":"article","og_title":"Integration af freshbooks | Helpdesk og projektstyringssoftware","og_description":"Freshbooks Integration er tilg\u00e6ngelig til OneDesk Help Desk og Project Management Software. Forbind din konto for at arbejde mere effektivt p\u00e5 dine projekter.","og_url":"https:\/\/onedesk.com\/da\/integrer-med-onedesk\/nye-boeger\/","og_site_name":"OneDesk","article_publisher":"https:\/\/www.facebook.com\/OneDeskApp","article_modified_time":"2021-07-20T15:18:56+00:00","og_image":[{"url":"https:\/\/onedesk.com\/wp-content\/uploads\/2016\/01\/freshbooks.png","type":"","width":"","height":""}],"twitter_card":"summary_large_image","twitter_site":"@OneDeskApp","twitter_misc":{"Est. reading time":"1 minute"},"schema":{"@context":"https:\/\/schema.org","@graph":[{"@type":"WebPage","@id":"https:\/\/onedesk.com\/da\/integrer-med-onedesk\/nye-boeger\/","url":"https:\/\/onedesk.com\/da\/integrer-med-onedesk\/nye-boeger\/","name":"Integration af freshbooks | Helpdesk og projektstyringssoftware","isPartOf":{"@id":"https:\/\/onedesk.com\/da\/#website"},"primaryImageOfPage":{"@id":"https:\/\/onedesk.com\/da\/integrer-med-onedesk\/nye-boeger\/#primaryimage"},"image":{"@id":"https:\/\/onedesk.com\/da\/integrer-med-onedesk\/nye-boeger\/#primaryimage"},"thumbnailUrl":"https:\/\/onedesk.com\/wp-content\/uploads\/2016\/01\/freshbooks.png","datePublished":"2021-07-20T15:18:02+00:00","dateModified":"2021-07-20T15:18:56+00:00","description":"Freshbooks Integration er tilg\u00e6ngelig til OneDesk Help Desk og Project Management Software. Forbind din konto for at arbejde mere effektivt p\u00e5 dine projekter.","breadcrumb":{"@id":"https:\/\/onedesk.com\/da\/integrer-med-onedesk\/nye-boeger\/#breadcrumb"},"inLanguage":"da-DK","potentialAction":[{"@type":"ReadAction","target":["https:\/\/onedesk.com\/da\/integrer-med-onedesk\/nye-boeger\/"]}]},{"@type":"ImageObject","inLanguage":"da-DK","@id":"https:\/\/onedesk.com\/da\/integrer-med-onedesk\/nye-boeger\/#primaryimage","url":"https:\/\/onedesk.com\/wp-content\/uploads\/2016\/01\/freshbooks.png","contentUrl":"https:\/\/onedesk.com\/wp-content\/uploads\/2016\/01\/freshbooks.png"},{"@type":"BreadcrumbList","@id":"https:\/\/onedesk.com\/da\/integrer-med-onedesk\/nye-boeger\/#breadcrumb","itemListElement":[{"@type":"ListItem","position":1,"name":"Integrer med OneDesk","item":"https:\/\/onedesk.com\/da\/integrer-med-onedesk\/"},{"@type":"ListItem","position":2,"name":"FreshBooks"}]},{"@type":"WebSite","@id":"https:\/\/onedesk.com\/da\/#website","url":"https:\/\/onedesk.com\/da\/","name":"OneDesk","description":"Projektledelse og Helpdesk -software","publisher":{"@id":"https:\/\/onedesk.com\/da\/#organization"},"potentialAction":[{"@type":"SearchAction","target":{"@type":"EntryPoint","urlTemplate":"https:\/\/onedesk.com\/da\/?s={search_term_string}"},"query-input":{"@type":"PropertyValueSpecification","valueRequired":true,"valueName":"search_term_string"}}],"inLanguage":"da-DK"},{"@type":"Organization","@id":"https:\/\/onedesk.com\/da\/#organization","name":"OneDesk","url":"https:\/\/onedesk.com\/da\/","logo":{"@type":"ImageObject","inLanguage":"da-DK","@id":"https:\/\/onedesk.com\/da\/#\/schema\/logo\/image\/","url":"https:\/\/onedesk.com\/wp-content\/uploads\/2016\/01\/white-logo-small.png","contentUrl":"https:\/\/onedesk.com\/wp-content\/uploads\/2016\/01\/white-logo-small.png","width":207,"height":40,"caption":"OneDesk"},"image":{"@id":"https:\/\/onedesk.com\/da\/#\/schema\/logo\/image\/"},"sameAs":["https:\/\/www.facebook.com\/OneDeskApp","https:\/\/x.com\/OneDeskApp","https:\/\/www.instagram.com\/onedeskapp\/","https:\/\/www.linkedin.com\/company\/onedesk-inc-1","https:\/\/www.pinterest.com\/onedesk\/","https:\/\/www.youtube.com\/user\/OneDeskApp"]}]}},"tpgb_featured_images":null,"tpgb_post_meta_info":{"get_date":"July 20, 2021","get_modified_date":"July 20, 2021","author_name":"server.admin@onedesk.com","author_url":"https:\/\/onedesk.com\/da\/author\/server-adminonedesk-com\/","author_email":"server.admin@onedesk.com","author_website":"","author_description":"","author_facebook":"","author_twitter":"","author_instagram":"","author_role":["administrator"],"author_firstname":"","author_lastname":"","user_login":"server.admin@onedesk.com","author_avatar":"<img alt='' src='https:\/\/secure.gravatar.com\/avatar\/a37d6b270be81ecbf4ab9ca7260f2d1ee4d0295343706f0648e9d7a0d75243d3?s=200&#038;d=mm&#038;r=g' srcset='https:\/\/secure.gravatar.com\/avatar\/a37d6b270be81ecbf4ab9ca7260f2d1ee4d0295343706f0648e9d7a0d75243d3?s=400&#038;d=mm&#038;r=g 2x' class='avatar avatar-200 photo' height='200' width='200' decoding='async'\/>","author_avatar_url":"https:\/\/secure.gravatar.com\/avatar\/a37d6b270be81ecbf4ab9ca7260f2d1ee4d0295343706f0648e9d7a0d75243d3?s=96&d=mm&r=g","comment_count":0,"post_likes":0,"post_views":0},"tpgb_post_category":[],"jetpack_shortlink":"https:\/\/wp.me\/PfpPaI-v2y","amp_enabled":true,"_links":{"self":[{"href":"https:\/\/onedesk.com\/da\/wp-json\/wp\/v2\/pages\/119322","targetHints":{"allow":["GET"]}}],"collection":[{"href":"https:\/\/onedesk.com\/da\/wp-json\/wp\/v2\/pages"}],"about":[{"href":"https:\/\/onedesk.com\/da\/wp-json\/wp\/v2\/types\/page"}],"author":[{"embeddable":true,"href":"https:\/\/onedesk.com\/da\/wp-json\/wp\/v2\/users\/1"}],"replies":[{"embeddable":true,"href":"https:\/\/onedesk.com\/da\/wp-json\/wp\/v2\/comments?post=119322"}],"version-history":[{"count":1,"href":"https:\/\/onedesk.com\/da\/wp-json\/wp\/v2\/pages\/119322\/revisions"}],"predecessor-version":[{"id":119324,"href":"https:\/\/onedesk.com\/da\/wp-json\/wp\/v2\/pages\/119322\/revisions\/119324"}],"up":[{"embeddable":true,"href":"https:\/\/onedesk.com\/da\/wp-json\/wp\/v2\/pages\/119311"}],"wp:attachment":[{"href":"https:\/\/onedesk.com\/da\/wp-json\/wp\/v2\/media?parent=119322"}],"curies":[{"name":"wp","href":"https:\/\/api.w.org\/{rel}","templated":true}]}}