{"id":119383,"date":"2021-07-20T15:21:50","date_gmt":"2021-07-20T15:21:50","guid":{"rendered":"https:\/\/onedesk.com\/integrer-med-onedesk\/zapier\/"},"modified":"2021-07-20T15:23:13","modified_gmt":"2021-07-20T15:23:13","slug":"zapier","status":"publish","type":"page","link":"https:\/\/onedesk.com\/da\/integrer-med-onedesk\/zapier\/","title":{"rendered":"Zapier"},"content":{"rendered":"<div style=\"float: left;\"><img decoding=\"async\" class=\"aligncenter size-full wp-image-46284\" style=\"margin: 20px 20px;\" src=\"https:\/\/onedesk.com\/wp-content\/uploads\/2020\/01\/zapier2.png\" alt=\"Zapier integration\" width=\"84\" height=\"84\"><\/div>\n<h2>Forbind OneDesk til hundredvis af forskellige applikationer ved hj\u00e6lp af Zapier Integration<\/h2>\n<p>Med vores Zapier-integration kan du oprette forbindelse til OneDesk til hundredvis af webapplikationer ved hj\u00e6lp af Zapier. Automatiske forbindelser kaldet &#8220;Zaps&#8221;, oprettet p\u00e5 f\u00e5 minutter uden kodning, kan automatisere dine daglige opgaver og oprette arbejdsgange mellem apps, som ellers ikke ville v\u00e6re mulige.<\/p>\n<p>Hver Zap har en app som &#8220;Trigger&#8221;, hvor dine oplysninger kommer fra, og som for\u00e5rsager en eller flere &#8220;Handlinger&#8221; i andre apps, hvor dine data sendes automatisk. Det bliver du n\u00f8dt til<a href=\"https:\/\/zapier.com\/zapbook\/onedesk\/\" target=\"_blank\" rel=\"noopener noreferrer\"> tilmeld dig en gratis Zapier-konto<\/a> .<\/p>\n<p>Brug derefter de foruddannede integrationer (zaps) nedenfor, eller du kan oprette dine egne.<\/p>\n<p>Vi kan hj\u00e6lpe med at oprette en zapier-integration til dig,<a href=\"mailto:hello@onedesk.com\"> bare sp\u00f8rg<\/a> .<\/p>\n<p>&nbsp;<\/p>\n<h3>Tilpas dine billetformularer<\/h3>\n<p>Brug en anden app til at oprette en brugerdefineret billetindsendelsesformular til at indsende billetter til OneDesk.<\/p>\n<div><script type=\"text\/javascript\" src=\"https:\/\/zapier.com\/zapbook\/embed\/widget.js?guided_zaps=19058,19057,51479\"><\/script><\/div>\n<h3>Opret forbindelse til en anden Helpdesk-app<\/h3>\n<p>Forbind OneDesk til en anden Helpdesk, og skub dine billetter til OneDesk-opgaver, problemer og funktioner.<\/p>\n<div><script type=\"text\/javascript\" src=\"https:\/\/zapier.com\/zapbook\/embed\/widget.js?guided_zaps=16012,15995,19049,19053\"><\/script><\/div>\n<h3>Opret forbindelse til en anden Project Management-app<\/h3>\n<p>Forbind OneDesk til en anden Project Management-app for at synkronisere dine opgaver, billetter, problemer med OneDesk.<\/p>\n<div><script type=\"text\/javascript\" src=\"https:\/\/zapier.com\/zapbook\/embed\/widget.js?guided_zaps=15996,16011,16013,15732,16016,16017,50925\"><\/script><\/div>\n<h3>Opret forbindelse til en CRM-app<\/h3>\n<p>Tilslut OneDesk til din CRM, og skub billetter, sager og udgaver fra dit salesteam til OneDesk.<\/p>\n<div><script type=\"text\/javascript\" src=\"https:\/\/zapier.com\/zapbook\/embed\/widget.js?guided_zaps=16020,16019,16018,51497,51500,51522,51991\"><\/script><\/div>\n<h3>Opret forbindelse til en Source Code Control-app<\/h3>\n<p>Hvis dine problemer findes i en kildekontrolapp, skal du synkronisere dem til OneDesk-opgaver, problemer, epics og brugerhistorier.<\/p>\n<div><script type=\"text\/javascript\" src=\"https:\/\/zapier.com\/zapbook\/embed\/widget.js?guided_zaps=18952,16016,16017\"><\/script><\/div>\n<h3>Opret forbindelse til en fakturerings- eller faktureringsapp<\/h3>\n<p>Skubbe<a href=\"https:\/\/onedesk.com\/videos\/timesheets-and-task-timers\/\"> timesedler<\/a> fra OneDesk til dine fakturerings- og faktureringsapplikationer for at automatisere dette trin.<\/p>\n<div style=\"border-radius: 3px; background: #ffffff; border: 1px solid #DADFE2; margin-bottom: 1em; padding: 1em;\">\n<div style=\"display: table; overflow: auto; table-layout: fixed; width: 100%;\">\n<div style=\"display: table-cell; vertical-align: middle; width: 165px;\">\n<div style=\"background-image: url('https:\/\/onedesk.com\/wp-content\/uploads\/2016\/01\/OD2.png'); border-radius: 4px; display: inline-block; vertical-align: middle; height: 36px; width: 65px; background-repeat: no-repeat; background-position: center;\"><\/div>\n<div style=\"background-image: url('https:\/\/onedesk.com\/wp-content\/uploads\/2016\/01\/invoiceberry.png'); border: 1px solid #DADFE2; border-radius: 4px; display: inline-block; vertical-align: middle; height: 36px; width: 36px; background-repeat: no-repeat; background-position: center; background-size: 26px 26px;\"><\/div>\n<\/div>\n<div style=\"text-align: center; color: #354147; display: table-cell; font-size: 1.1em; padding: 0 1em; vertical-align: middle;\">Forbind InvoiceBerry til OneDesk<\/div>\n<p><a style=\"background: #25aed8; border-radius: 3px; border: none; color: #fff; cursor: pointer; display: inline-block; font-size: 0.9em; margin: 0; overflow: hidden; padding: 0.9em 2em; text-decoration: none; white-space: nowrap; vertical-align: middle; box-shadow: none;\" href=\"https:\/\/www.invoiceberry.com\">Bes\u00f8g InvoiceBerry<\/a><\/p>\n<\/div>\n<\/div>\n<div><script type=\"text\/javascript\" src=\"https:\/\/zapier.com\/zapbook\/embed\/widget.js?guided_zaps=19083,19077,50926,51351,51441,50672,50988,51594,51488,50743\"><\/script><\/div>\n<h3>Opret forbindelse til en kalender- eller Office-app<\/h3>\n<p>Der er mange m\u00e5der, du kan forbinde kontorapps til OneDesk. Her er et par.<\/p>\n<div><script type=\"text\/javascript\" src=\"https:\/\/zapier.com\/zapbook\/embed\/widget.js?guided_zaps=16021,19064,16022,16023,51492\"><\/script><\/div>\n<h3>Opret forbindelse til apps til samarbejde og sociale medier<\/h3>\n<p>Fang feedback fra sociale medier. Opret elementer i OneDesk direkte fra dine samarbejdsapps.<\/p>\n<div><script type=\"text\/javascript\" src=\"https:\/\/zapier.com\/zapbook\/embed\/widget.js?guided_zaps=15668,16015,16014,50715,50706\"><\/script><\/div>\n<h3>Hvordan forbinder jeg OneDesk til Zapier?<\/h3>\n<p>1 &#8211; Log ind p\u00e5 din<a href=\"https:\/\/zapier.com\/zapbook\/onedesk\/\" target=\"_blank\" rel=\"noopener noreferrer\"> Zapier-konto<\/a> eller opret en ny konto.<br \/>\n2 &#8211; Naviger til &#8220;Mine apps&#8221; fra den \u00f8verste menulinje.<br \/>\n3 &#8211; Klik nu p\u00e5 &#8220;Opret en ny konto&#8221; og s\u00f8g efter &#8220;OneDesk&#8221;<br \/>\n4 &#8211; Brug dine legitimationsoplysninger til at forbinde din OneDesk-konto til Zapier.<br \/>\n5 &#8211; N\u00e5r det er gjort, kan du begynde at oprette en automatisering! Brug en foruddefineret Zap, eller opret din egen med Zap Editor. Oprettelse af en Zap kr\u00e6ver ingen kodende viden, og du vil g\u00e5 trin for trin gennem ops\u00e6tningen. Hvis du har brug for hj\u00e6lp<a href=\"mailto:hello@onedesk.com\"> sp\u00f8rg os<\/a> . Vi er her for at hj\u00e6lpe.<br \/>\n6 &#8211; Brug for inspiration til, hvordan du bruger vores Zapier-integration? Se alt, hvad der er muligt med<a href=\"https:\/\/zapier.com\/zapbook\/onedesk\/\" target=\"_blank\" rel=\"noopener noreferrer\"> OneDesk og Zapier<\/a> .<\/p>\n<p>&nbsp;<\/p>\n<h3>Se en video om brug af vores foruddannede Zaps<\/h3>\n<p><iframe src=\"https:\/\/www.youtube.com\/embed\/SXWr0XBzFi0?rel=0\" width=\"560\" height=\"315\" frameborder=\"0\" allowfullscreen=\"allowfullscreen\"><\/iframe><\/p>\n<h3>Se en video, der viser dig, hvordan du opretter din egen Zap<\/h3>\n<p><iframe src=\"https:\/\/www.youtube.com\/embed\/FQUJRI9CBoo?rel=0\" width=\"560\" height=\"315\" frameborder=\"0\" allowfullscreen=\"allowfullscreen\"><\/iframe><\/p>\n","protected":false},"excerpt":{"rendered":"<p>Forbind OneDesk til hundredvis af forskellige applikationer ved hj\u00e6lp af Zapier Integration Med vores Zapier-integration kan du oprette forbindelse til OneDesk til hundredvis af webapplikationer ved hj\u00e6lp af Zapier. Automatiske forbindelser kaldet &#8220;Zaps&#8221;, oprettet p\u00e5 f\u00e5 minutter uden kodning, kan automatisere dine daglige opgaver og oprette arbejdsgange mellem apps, som ellers ikke ville v\u00e6re mulige. [&hellip;]<\/p>\n","protected":false},"author":1,"featured_media":0,"parent":119311,"menu_order":9,"comment_status":"closed","ping_status":"closed","template":"","meta":{"tpgb_global_settings":"","_crdt_document":"","inline_featured_image":false,"site-sidebar-layout":"default","site-content-layout":"","ast-site-content-layout":"default","site-content-style":"default","site-sidebar-style":"default","ast-global-header-display":"","ast-banner-title-visibility":"","ast-main-header-display":"","ast-hfb-above-header-display":"","ast-hfb-below-header-display":"","ast-hfb-mobile-header-display":"","site-post-title":"","ast-breadcrumbs-content":"","ast-featured-img":"","footer-sml-layout":"","ast-disable-related-posts":"","theme-transparent-header-meta":"","adv-header-id-meta":"","stick-header-meta":"","header-above-stick-meta":"","header-main-stick-meta":"","header-below-stick-meta":"","astra-migrate-meta-layouts":"default","ast-page-background-enabled":"default","ast-page-background-meta":{"desktop":{"background-color":"var(--ast-global-color-4)","background-image":"","background-repeat":"repeat","background-position":"center center","background-size":"auto","background-attachment":"scroll","background-type":"","background-media":"","overlay-type":"","overlay-color":"","overlay-opacity":"","overlay-gradient":""},"tablet":{"background-color":"","background-image":"","background-repeat":"repeat","background-position":"center center","background-size":"auto","background-attachment":"scroll","background-type":"","background-media":"","overlay-type":"","overlay-color":"","overlay-opacity":"","overlay-gradient":""},"mobile":{"background-color":"","background-image":"","background-repeat":"repeat","background-position":"center center","background-size":"auto","background-attachment":"scroll","background-type":"","background-media":"","overlay-type":"","overlay-color":"","overlay-opacity":"","overlay-gradient":""}},"ast-content-background-meta":{"desktop":{"background-color":"var(--ast-global-color-5)","background-image":"","background-repeat":"repeat","background-position":"center center","background-size":"auto","background-attachment":"scroll","background-type":"","background-media":"","overlay-type":"","overlay-color":"","overlay-opacity":"","overlay-gradient":""},"tablet":{"background-color":"var(--ast-global-color-5)","background-image":"","background-repeat":"repeat","background-position":"center center","background-size":"auto","background-attachment":"scroll","background-type":"","background-media":"","overlay-type":"","overlay-color":"","overlay-opacity":"","overlay-gradient":""},"mobile":{"background-color":"var(--ast-global-color-5)","background-image":"","background-repeat":"repeat","background-position":"center center","background-size":"auto","background-attachment":"scroll","background-type":"","background-media":"","overlay-type":"","overlay-color":"","overlay-opacity":"","overlay-gradient":""}},"footnotes":""},"class_list":["post-119383","page","type-page","status-publish","hentry"],"yoast_head":"<!-- This site is optimized with the Yoast SEO Premium plugin v27.4 (Yoast SEO v27.4) - https:\/\/yoast.com\/product\/yoast-seo-premium-wordpress\/ -->\n<title>Zapier-integration | Helpdesk og projektstyringssoftware | OneDesk<\/title>\n<meta name=\"description\" content=\"Zapier Integration er tilg\u00e6ngelig til OneDesk Help Desk og Project Management Software. Forbind din konto for at arbejde mere effektivt p\u00e5 dine projekter.\" \/>\n<meta name=\"robots\" content=\"index, follow, max-snippet:-1, max-image-preview:large, max-video-preview:-1\" \/>\n<link rel=\"canonical\" href=\"https:\/\/onedesk.com\/da\/integrer-med-onedesk\/zapier\/\" \/>\n<meta property=\"og:locale\" content=\"da_DK\" \/>\n<meta property=\"og:type\" content=\"article\" \/>\n<meta property=\"og:title\" content=\"Integrer dine applikationer med OneDesk\" \/>\n<meta property=\"og:description\" content=\"Vores integrationer giver dig mulighed for at forbinde dine v\u00e6rkt\u00f8jer med OneDesk for at f\u00e5 en integreret l\u00f8sning til projektstyring, produktstyring og kundeservice\" \/>\n<meta property=\"og:url\" content=\"https:\/\/onedesk.com\/da\/integrer-med-onedesk\/zapier\/\" \/>\n<meta property=\"og:site_name\" content=\"OneDesk\" \/>\n<meta property=\"article:publisher\" content=\"https:\/\/www.facebook.com\/OneDeskApp\" \/>\n<meta property=\"article:modified_time\" content=\"2021-07-20T15:23:13+00:00\" \/>\n<meta property=\"og:image\" content=\"https:\/\/onedesk.com\/wp-content\/uploads\/2020\/01\/zapier2.png\" \/>\n<meta name=\"twitter:card\" content=\"summary_large_image\" \/>\n<meta name=\"twitter:title\" content=\"Integrer dine applikationer med OneDesk\" \/>\n<meta name=\"twitter:description\" content=\"Vores integrationer giver dig mulighed for at forbinde dine v\u00e6rkt\u00f8jer med OneDesk for at f\u00e5 en integreret l\u00f8sning til projektstyring, produktstyring og kundeservice\" \/>\n<meta name=\"twitter:site\" content=\"@OneDeskApp\" \/>\n<meta name=\"twitter:label1\" content=\"Est. reading time\" \/>\n\t<meta name=\"twitter:data1\" content=\"2 minutes\" \/>\n<!-- \/ Yoast SEO Premium plugin. -->","yoast_head_json":{"title":"Zapier-integration | Helpdesk og projektstyringssoftware | OneDesk","description":"Zapier Integration er tilg\u00e6ngelig til OneDesk Help Desk og Project Management Software. Forbind din konto for at arbejde mere effektivt p\u00e5 dine projekter.","robots":{"index":"index","follow":"follow","max-snippet":"max-snippet:-1","max-image-preview":"max-image-preview:large","max-video-preview":"max-video-preview:-1"},"canonical":"https:\/\/onedesk.com\/da\/integrer-med-onedesk\/zapier\/","og_locale":"da_DK","og_type":"article","og_title":"Integrer dine applikationer med OneDesk","og_description":"Vores integrationer giver dig mulighed for at forbinde dine v\u00e6rkt\u00f8jer med OneDesk for at f\u00e5 en integreret l\u00f8sning til projektstyring, produktstyring og kundeservice","og_url":"https:\/\/onedesk.com\/da\/integrer-med-onedesk\/zapier\/","og_site_name":"OneDesk","article_publisher":"https:\/\/www.facebook.com\/OneDeskApp","article_modified_time":"2021-07-20T15:23:13+00:00","og_image":[{"url":"https:\/\/onedesk.com\/wp-content\/uploads\/2020\/01\/zapier2.png","type":"","width":"","height":""}],"twitter_card":"summary_large_image","twitter_title":"Integrer dine applikationer med OneDesk","twitter_description":"Vores integrationer giver dig mulighed for at forbinde dine v\u00e6rkt\u00f8jer med OneDesk for at f\u00e5 en integreret l\u00f8sning til projektstyring, produktstyring og kundeservice","twitter_site":"@OneDeskApp","twitter_misc":{"Est. reading time":"2 minutes"},"schema":{"@context":"https:\/\/schema.org","@graph":[{"@type":"WebPage","@id":"https:\/\/onedesk.com\/da\/integrer-med-onedesk\/zapier\/","url":"https:\/\/onedesk.com\/da\/integrer-med-onedesk\/zapier\/","name":"Zapier-integration | Helpdesk og projektstyringssoftware | OneDesk","isPartOf":{"@id":"https:\/\/onedesk.com\/da\/#website"},"primaryImageOfPage":{"@id":"https:\/\/onedesk.com\/da\/integrer-med-onedesk\/zapier\/#primaryimage"},"image":{"@id":"https:\/\/onedesk.com\/da\/integrer-med-onedesk\/zapier\/#primaryimage"},"thumbnailUrl":"https:\/\/onedesk.com\/wp-content\/uploads\/2020\/01\/zapier2.png","datePublished":"2021-07-20T15:21:50+00:00","dateModified":"2021-07-20T15:23:13+00:00","description":"Zapier Integration er tilg\u00e6ngelig til OneDesk Help Desk og Project Management Software. Forbind din konto for at arbejde mere effektivt p\u00e5 dine projekter.","breadcrumb":{"@id":"https:\/\/onedesk.com\/da\/integrer-med-onedesk\/zapier\/#breadcrumb"},"inLanguage":"da-DK","potentialAction":[{"@type":"ReadAction","target":["https:\/\/onedesk.com\/da\/integrer-med-onedesk\/zapier\/"]}]},{"@type":"ImageObject","inLanguage":"da-DK","@id":"https:\/\/onedesk.com\/da\/integrer-med-onedesk\/zapier\/#primaryimage","url":"https:\/\/onedesk.com\/wp-content\/uploads\/2020\/01\/zapier2.png","contentUrl":"https:\/\/onedesk.com\/wp-content\/uploads\/2020\/01\/zapier2.png"},{"@type":"BreadcrumbList","@id":"https:\/\/onedesk.com\/da\/integrer-med-onedesk\/zapier\/#breadcrumb","itemListElement":[{"@type":"ListItem","position":1,"name":"Integrer med OneDesk","item":"https:\/\/onedesk.com\/da\/integrer-med-onedesk\/"},{"@type":"ListItem","position":2,"name":"Zapier"}]},{"@type":"WebSite","@id":"https:\/\/onedesk.com\/da\/#website","url":"https:\/\/onedesk.com\/da\/","name":"OneDesk","description":"Projektledelse og Helpdesk -software","publisher":{"@id":"https:\/\/onedesk.com\/da\/#organization"},"potentialAction":[{"@type":"SearchAction","target":{"@type":"EntryPoint","urlTemplate":"https:\/\/onedesk.com\/da\/?s={search_term_string}"},"query-input":{"@type":"PropertyValueSpecification","valueRequired":true,"valueName":"search_term_string"}}],"inLanguage":"da-DK"},{"@type":"Organization","@id":"https:\/\/onedesk.com\/da\/#organization","name":"OneDesk","url":"https:\/\/onedesk.com\/da\/","logo":{"@type":"ImageObject","inLanguage":"da-DK","@id":"https:\/\/onedesk.com\/da\/#\/schema\/logo\/image\/","url":"https:\/\/onedesk.com\/wp-content\/uploads\/2016\/01\/white-logo-small.png","contentUrl":"https:\/\/onedesk.com\/wp-content\/uploads\/2016\/01\/white-logo-small.png","width":207,"height":40,"caption":"OneDesk"},"image":{"@id":"https:\/\/onedesk.com\/da\/#\/schema\/logo\/image\/"},"sameAs":["https:\/\/www.facebook.com\/OneDeskApp","https:\/\/x.com\/OneDeskApp","https:\/\/www.instagram.com\/onedeskapp\/","https:\/\/www.linkedin.com\/company\/onedesk-inc-1","https:\/\/www.pinterest.com\/onedesk\/","https:\/\/www.youtube.com\/user\/OneDeskApp"]}]}},"tpgb_featured_images":null,"tpgb_post_meta_info":{"get_date":"July 20, 2021","get_modified_date":"July 20, 2021","author_name":"server.admin@onedesk.com","author_url":"https:\/\/onedesk.com\/da\/author\/server-adminonedesk-com\/","author_email":"server.admin@onedesk.com","author_website":"","author_description":"","author_facebook":"","author_twitter":"","author_instagram":"","author_role":["administrator"],"author_firstname":"","author_lastname":"","user_login":"server.admin@onedesk.com","author_avatar":"<img alt='' src='https:\/\/secure.gravatar.com\/avatar\/a37d6b270be81ecbf4ab9ca7260f2d1ee4d0295343706f0648e9d7a0d75243d3?s=200&#038;d=mm&#038;r=g' srcset='https:\/\/secure.gravatar.com\/avatar\/a37d6b270be81ecbf4ab9ca7260f2d1ee4d0295343706f0648e9d7a0d75243d3?s=400&#038;d=mm&#038;r=g 2x' class='avatar avatar-200 photo' height='200' width='200' decoding='async'\/>","author_avatar_url":"https:\/\/secure.gravatar.com\/avatar\/a37d6b270be81ecbf4ab9ca7260f2d1ee4d0295343706f0648e9d7a0d75243d3?s=96&d=mm&r=g","comment_count":0,"post_likes":0,"post_views":0},"tpgb_post_category":[],"jetpack_shortlink":"https:\/\/wp.me\/PfpPaI-v3x","amp_enabled":true,"_links":{"self":[{"href":"https:\/\/onedesk.com\/da\/wp-json\/wp\/v2\/pages\/119383","targetHints":{"allow":["GET"]}}],"collection":[{"href":"https:\/\/onedesk.com\/da\/wp-json\/wp\/v2\/pages"}],"about":[{"href":"https:\/\/onedesk.com\/da\/wp-json\/wp\/v2\/types\/page"}],"author":[{"embeddable":true,"href":"https:\/\/onedesk.com\/da\/wp-json\/wp\/v2\/users\/1"}],"replies":[{"embeddable":true,"href":"https:\/\/onedesk.com\/da\/wp-json\/wp\/v2\/comments?post=119383"}],"version-history":[{"count":1,"href":"https:\/\/onedesk.com\/da\/wp-json\/wp\/v2\/pages\/119383\/revisions"}],"predecessor-version":[{"id":119461,"href":"https:\/\/onedesk.com\/da\/wp-json\/wp\/v2\/pages\/119383\/revisions\/119461"}],"up":[{"embeddable":true,"href":"https:\/\/onedesk.com\/da\/wp-json\/wp\/v2\/pages\/119311"}],"wp:attachment":[{"href":"https:\/\/onedesk.com\/da\/wp-json\/wp\/v2\/media?parent=119383"}],"curies":[{"name":"wp","href":"https:\/\/api.w.org\/{rel}","templated":true}]}}