{"id":119408,"date":"2021-07-20T15:21:58","date_gmt":"2021-07-20T15:21:58","guid":{"rendered":"https:\/\/onedesk.com\/integrer-med-onedesk\/slap\/"},"modified":"2021-07-20T15:22:52","modified_gmt":"2021-07-20T15:22:52","slug":"slap","status":"publish","type":"page","link":"https:\/\/onedesk.com\/da\/integrer-med-onedesk\/slap\/","title":{"rendered":"Slap"},"content":{"rendered":"<div style=\"float: left;\"><img decoding=\"async\" class=\"alignnone wp-image-119417 size-full\" style=\"margin: 20px 20px;\" src=\"https:\/\/onedesk.com\/wp-content\/uploads\/2020\/01\/slack.png\" alt=\"Slack Integration\" width=\"84\" height=\"84\" srcset=\"https:\/\/onedesk.com\/wp-content\/uploads\/2020\/01\/slack.png 84w, https:\/\/onedesk.com\/wp-content\/uploads\/2020\/01\/slack-80x80.png 80w, https:\/\/onedesk.com\/wp-content\/uploads\/2020\/01\/slack-40x40.png 40w, https:\/\/onedesk.com\/wp-content\/uploads\/2020\/01\/slack-60x60.png 60w\" sizes=\"(max-width: 84px) 100vw, 84px\" \/><\/div>\n<h2>Forbind Slack til din OneDesk-konto<\/h2>\n<p>Opret billetter og opgaver direkte fra Slack. Forbind OneDesk&#8217;s helpdesk og projektstyringssoftware til din Slack-konto for at g\u00f8re det superenkelt at<a href=\"https:\/\/onedesk.com\/videos\/creating-tickets-and-tasks-in-onedesk\/\"> oprette nye billetter og opgaver<\/a> uden at forlade Slack.<\/p>\n<h3>Hvad lader Slack Integration dig g\u00f8re?<\/h3>\n<p>Med Slack-integrationen aktiveret kan du hurtigt og nemt oprette nye billetter og opgaver uden at forlade din slanke kanal. Det er ikke sv\u00e6rt at holde \u00f8je med nye billetter og ting, der skal g\u00f8re. Bare send en besked p\u00e5 din kanal for automatisk at oprette en billet eller opgave i OneDesk. Lad derefter OneDesk&#8217;s automatiseringsmotor tage sig af at tildele det eller flytte det til det relevante projekt.<\/p>\n<p>Bes\u00f8g webstedet Slack for at installere<a href=\"https:\/\/slack.com\/apps\/ASJJS2XT5-onedesk\"> OneDesk projektledelse og helpdesk software til Slack<\/a> .<\/p>\n<p>Det er nemt at integrere OneDesk&#8217;s helpdesk og projektstyringssoftware med din Slack-konto. F\u00f8lg blot nedenst\u00e5ende trin eller se videoen.<\/p>\n<p><iframe src=\"https:\/\/www.youtube.com\/embed\/jPIXcXaaSTU\" width=\"560\" height=\"315\" frameborder=\"0\" allowfullscreen=\"allowfullscreen\"><\/iframe><\/p>\n","protected":false},"excerpt":{"rendered":"<p>Forbind Slack til din OneDesk-konto Opret billetter og opgaver direkte fra Slack. Forbind OneDesk&#8217;s helpdesk og projektstyringssoftware til din Slack-konto for at g\u00f8re det superenkelt at oprette nye billetter og opgaver uden at forlade Slack. Hvad lader Slack Integration dig g\u00f8re? Med Slack-integrationen aktiveret kan du hurtigt og nemt oprette nye billetter og opgaver uden [&hellip;]<\/p>\n","protected":false},"author":1,"featured_media":0,"parent":119311,"menu_order":7,"comment_status":"closed","ping_status":"closed","template":"","meta":{"tpgb_global_settings":"","_crdt_document":"","inline_featured_image":false,"site-sidebar-layout":"default","site-content-layout":"","ast-site-content-layout":"default","site-content-style":"default","site-sidebar-style":"default","ast-global-header-display":"","ast-banner-title-visibility":"","ast-main-header-display":"","ast-hfb-above-header-display":"","ast-hfb-below-header-display":"","ast-hfb-mobile-header-display":"","site-post-title":"","ast-breadcrumbs-content":"","ast-featured-img":"","footer-sml-layout":"","ast-disable-related-posts":"","theme-transparent-header-meta":"","adv-header-id-meta":"","stick-header-meta":"","header-above-stick-meta":"","header-main-stick-meta":"","header-below-stick-meta":"","astra-migrate-meta-layouts":"default","ast-page-background-enabled":"default","ast-page-background-meta":{"desktop":{"background-color":"var(--ast-global-color-4)","background-image":"","background-repeat":"repeat","background-position":"center center","background-size":"auto","background-attachment":"scroll","background-type":"","background-media":"","overlay-type":"","overlay-color":"","overlay-opacity":"","overlay-gradient":""},"tablet":{"background-color":"","background-image":"","background-repeat":"repeat","background-position":"center center","background-size":"auto","background-attachment":"scroll","background-type":"","background-media":"","overlay-type":"","overlay-color":"","overlay-opacity":"","overlay-gradient":""},"mobile":{"background-color":"","background-image":"","background-repeat":"repeat","background-position":"center center","background-size":"auto","background-attachment":"scroll","background-type":"","background-media":"","overlay-type":"","overlay-color":"","overlay-opacity":"","overlay-gradient":""}},"ast-content-background-meta":{"desktop":{"background-color":"var(--ast-global-color-5)","background-image":"","background-repeat":"repeat","background-position":"center center","background-size":"auto","background-attachment":"scroll","background-type":"","background-media":"","overlay-type":"","overlay-color":"","overlay-opacity":"","overlay-gradient":""},"tablet":{"background-color":"var(--ast-global-color-5)","background-image":"","background-repeat":"repeat","background-position":"center center","background-size":"auto","background-attachment":"scroll","background-type":"","background-media":"","overlay-type":"","overlay-color":"","overlay-opacity":"","overlay-gradient":""},"mobile":{"background-color":"var(--ast-global-color-5)","background-image":"","background-repeat":"repeat","background-position":"center center","background-size":"auto","background-attachment":"scroll","background-type":"","background-media":"","overlay-type":"","overlay-color":"","overlay-opacity":"","overlay-gradient":""}},"footnotes":""},"class_list":["post-119408","page","type-page","status-publish","hentry"],"yoast_head":"<!-- This site is optimized with the Yoast SEO Premium plugin v27.6 (Yoast SEO v27.6) - https:\/\/yoast.com\/product\/yoast-seo-premium-wordpress\/ -->\n<title>Slap integration | Helpdesk og projektstyringssoftware | OneDesk<\/title>\n<meta name=\"description\" content=\"Slack Integration er tilg\u00e6ngelig til OneDesk Help Desk og Project Management Software. Forbind din konto for at samarbejde med dit team mere effektivt.\" \/>\n<meta name=\"robots\" content=\"index, follow, max-snippet:-1, max-image-preview:large, max-video-preview:-1\" \/>\n<link rel=\"canonical\" href=\"https:\/\/onedesk.com\/da\/integrer-med-onedesk\/slap\/\" \/>\n<meta property=\"og:locale\" content=\"da_DK\" \/>\n<meta property=\"og:type\" content=\"article\" \/>\n<meta property=\"og:title\" content=\"Slap integration | Helpdesk og projektstyringssoftware | OneDesk\" \/>\n<meta property=\"og:description\" content=\"Slack Integration er tilg\u00e6ngelig til OneDesk Help Desk og Project Management Software. Forbind din konto for at samarbejde med dit team mere effektivt.\" \/>\n<meta property=\"og:url\" content=\"https:\/\/onedesk.com\/da\/integrer-med-onedesk\/slap\/\" \/>\n<meta property=\"og:site_name\" content=\"OneDesk\" \/>\n<meta property=\"article:publisher\" content=\"https:\/\/www.facebook.com\/OneDeskApp\" \/>\n<meta property=\"article:modified_time\" content=\"2021-07-20T15:22:52+00:00\" \/>\n<meta property=\"og:image\" content=\"https:\/\/onedesk.com\/wp-content\/uploads\/2020\/01\/slack.png\" \/>\n<meta name=\"twitter:card\" content=\"summary_large_image\" \/>\n<meta name=\"twitter:site\" content=\"@OneDeskApp\" \/>\n<meta name=\"twitter:label1\" content=\"Est. reading time\" \/>\n\t<meta name=\"twitter:data1\" content=\"1 minute\" \/>\n<!-- \/ Yoast SEO Premium plugin. -->","yoast_head_json":{"title":"Slap integration | Helpdesk og projektstyringssoftware | OneDesk","description":"Slack Integration er tilg\u00e6ngelig til OneDesk Help Desk og Project Management Software. Forbind din konto for at samarbejde med dit team mere effektivt.","robots":{"index":"index","follow":"follow","max-snippet":"max-snippet:-1","max-image-preview":"max-image-preview:large","max-video-preview":"max-video-preview:-1"},"canonical":"https:\/\/onedesk.com\/da\/integrer-med-onedesk\/slap\/","og_locale":"da_DK","og_type":"article","og_title":"Slap integration | Helpdesk og projektstyringssoftware | OneDesk","og_description":"Slack Integration er tilg\u00e6ngelig til OneDesk Help Desk og Project Management Software. Forbind din konto for at samarbejde med dit team mere effektivt.","og_url":"https:\/\/onedesk.com\/da\/integrer-med-onedesk\/slap\/","og_site_name":"OneDesk","article_publisher":"https:\/\/www.facebook.com\/OneDeskApp","article_modified_time":"2021-07-20T15:22:52+00:00","og_image":[{"url":"https:\/\/onedesk.com\/wp-content\/uploads\/2020\/01\/slack.png","type":"","width":"","height":""}],"twitter_card":"summary_large_image","twitter_site":"@OneDeskApp","twitter_misc":{"Est. reading time":"1 minute"},"schema":{"@context":"https:\/\/schema.org","@graph":[{"@type":"WebPage","@id":"https:\/\/onedesk.com\/da\/integrer-med-onedesk\/slap\/","url":"https:\/\/onedesk.com\/da\/integrer-med-onedesk\/slap\/","name":"Slap integration | Helpdesk og projektstyringssoftware | OneDesk","isPartOf":{"@id":"https:\/\/onedesk.com\/da\/#website"},"primaryImageOfPage":{"@id":"https:\/\/onedesk.com\/da\/integrer-med-onedesk\/slap\/#primaryimage"},"image":{"@id":"https:\/\/onedesk.com\/da\/integrer-med-onedesk\/slap\/#primaryimage"},"thumbnailUrl":"https:\/\/onedesk.com\/wp-content\/uploads\/2020\/01\/slack.png","datePublished":"2021-07-20T15:21:58+00:00","dateModified":"2021-07-20T15:22:52+00:00","description":"Slack Integration er tilg\u00e6ngelig til OneDesk Help Desk og Project Management Software. Forbind din konto for at samarbejde med dit team mere effektivt.","breadcrumb":{"@id":"https:\/\/onedesk.com\/da\/integrer-med-onedesk\/slap\/#breadcrumb"},"inLanguage":"da-DK","potentialAction":[{"@type":"ReadAction","target":["https:\/\/onedesk.com\/da\/integrer-med-onedesk\/slap\/"]}]},{"@type":"ImageObject","inLanguage":"da-DK","@id":"https:\/\/onedesk.com\/da\/integrer-med-onedesk\/slap\/#primaryimage","url":"https:\/\/onedesk.com\/wp-content\/uploads\/2020\/01\/slack.png","contentUrl":"https:\/\/onedesk.com\/wp-content\/uploads\/2020\/01\/slack.png"},{"@type":"BreadcrumbList","@id":"https:\/\/onedesk.com\/da\/integrer-med-onedesk\/slap\/#breadcrumb","itemListElement":[{"@type":"ListItem","position":1,"name":"Integrer med OneDesk","item":"https:\/\/onedesk.com\/da\/integrer-med-onedesk\/"},{"@type":"ListItem","position":2,"name":"Slap"}]},{"@type":"WebSite","@id":"https:\/\/onedesk.com\/da\/#website","url":"https:\/\/onedesk.com\/da\/","name":"OneDesk","description":"Projektledelse og Helpdesk -software","publisher":{"@id":"https:\/\/onedesk.com\/da\/#organization"},"potentialAction":[{"@type":"SearchAction","target":{"@type":"EntryPoint","urlTemplate":"https:\/\/onedesk.com\/da\/?s={search_term_string}"},"query-input":{"@type":"PropertyValueSpecification","valueRequired":true,"valueName":"search_term_string"}}],"inLanguage":"da-DK"},{"@type":"Organization","@id":"https:\/\/onedesk.com\/da\/#organization","name":"OneDesk","url":"https:\/\/onedesk.com\/da\/","logo":{"@type":"ImageObject","inLanguage":"da-DK","@id":"https:\/\/onedesk.com\/da\/#\/schema\/logo\/image\/","url":"https:\/\/onedesk.com\/wp-content\/uploads\/2016\/01\/white-logo-small.png","contentUrl":"https:\/\/onedesk.com\/wp-content\/uploads\/2016\/01\/white-logo-small.png","width":207,"height":40,"caption":"OneDesk"},"image":{"@id":"https:\/\/onedesk.com\/da\/#\/schema\/logo\/image\/"},"sameAs":["https:\/\/www.facebook.com\/OneDeskApp","https:\/\/x.com\/OneDeskApp","https:\/\/www.instagram.com\/onedeskapp\/","https:\/\/www.linkedin.com\/company\/onedesk-inc-1","https:\/\/www.pinterest.com\/onedesk\/","https:\/\/www.youtube.com\/user\/OneDeskApp"]}]}},"tpgb_featured_images":null,"tpgb_post_meta_info":{"get_date":"July 20, 2021","get_modified_date":"July 20, 2021","author_name":"server.admin@onedesk.com","author_url":"https:\/\/onedesk.com\/da\/author\/server-adminonedesk-com\/","author_email":"server.admin@onedesk.com","author_website":"","author_description":"","author_facebook":"","author_twitter":"","author_instagram":"","author_role":["administrator"],"author_firstname":"","author_lastname":"","user_login":"server.admin@onedesk.com","author_avatar":"<img alt='' src='https:\/\/secure.gravatar.com\/avatar\/a37d6b270be81ecbf4ab9ca7260f2d1ee4d0295343706f0648e9d7a0d75243d3?s=200&#038;d=mm&#038;r=g' srcset='https:\/\/secure.gravatar.com\/avatar\/a37d6b270be81ecbf4ab9ca7260f2d1ee4d0295343706f0648e9d7a0d75243d3?s=400&#038;d=mm&#038;r=g 2x' class='avatar avatar-200 photo' height='200' width='200' decoding='async'\/>","author_avatar_url":"https:\/\/secure.gravatar.com\/avatar\/a37d6b270be81ecbf4ab9ca7260f2d1ee4d0295343706f0648e9d7a0d75243d3?s=96&d=mm&r=g","comment_count":0,"post_likes":0,"post_views":0},"tpgb_post_category":[],"jetpack_shortlink":"https:\/\/wp.me\/PfpPaI-v3W","amp_enabled":true,"_links":{"self":[{"href":"https:\/\/onedesk.com\/da\/wp-json\/wp\/v2\/pages\/119408","targetHints":{"allow":["GET"]}}],"collection":[{"href":"https:\/\/onedesk.com\/da\/wp-json\/wp\/v2\/pages"}],"about":[{"href":"https:\/\/onedesk.com\/da\/wp-json\/wp\/v2\/types\/page"}],"author":[{"embeddable":true,"href":"https:\/\/onedesk.com\/da\/wp-json\/wp\/v2\/users\/1"}],"replies":[{"embeddable":true,"href":"https:\/\/onedesk.com\/da\/wp-json\/wp\/v2\/comments?post=119408"}],"version-history":[{"count":1,"href":"https:\/\/onedesk.com\/da\/wp-json\/wp\/v2\/pages\/119408\/revisions"}],"predecessor-version":[{"id":119463,"href":"https:\/\/onedesk.com\/da\/wp-json\/wp\/v2\/pages\/119408\/revisions\/119463"}],"up":[{"embeddable":true,"href":"https:\/\/onedesk.com\/da\/wp-json\/wp\/v2\/pages\/119311"}],"wp:attachment":[{"href":"https:\/\/onedesk.com\/da\/wp-json\/wp\/v2\/media?parent=119408"}],"curies":[{"name":"wp","href":"https:\/\/api.w.org\/{rel}","templated":true}]}}