{"id":153731,"date":"2021-12-17T18:39:47","date_gmt":"2021-12-17T18:39:47","guid":{"rendered":"https:\/\/onedesk.com\/funktioner-indeks\/multi-sprog-kapacitet\/"},"modified":"2023-08-08T19:00:46","modified_gmt":"2023-08-08T19:00:46","slug":"multi-sprog-kapacitet","status":"publish","type":"page","link":"https:\/\/onedesk.com\/da\/funktioner-indeks\/multi-sprog-kapacitet\/","title":{"rendered":"Mulighed for flere sprog"},"content":{"rendered":"\t\t<div data-elementor-type=\"wp-page\" data-elementor-id=\"153731\" class=\"elementor elementor-153731 elementor-101055\" data-elementor-post-type=\"page\">\n\t\t\t\t\t\t<section class=\"elementor-section elementor-top-section elementor-element elementor-element-1737df6a elementor-section-boxed elementor-section-height-default elementor-section-height-default\" data-id=\"1737df6a\" data-element_type=\"section\" data-e-type=\"section\">\n\t\t\t\t\t\t<div class=\"elementor-container elementor-column-gap-default\">\n\t\t\t\t\t<div class=\"elementor-column elementor-col-100 elementor-top-column elementor-element elementor-element-204cecf9\" data-id=\"204cecf9\" data-element_type=\"column\" data-e-type=\"column\">\n\t\t\t<div class=\"elementor-widget-wrap elementor-element-populated\">\n\t\t\t\t\t\t<div class=\"elementor-element elementor-element-4837a0fc elementor-widget elementor-widget-heading\" data-id=\"4837a0fc\" data-element_type=\"widget\" data-e-type=\"widget\" data-widget_type=\"heading.default\">\n\t\t\t\t<div class=\"elementor-widget-container\">\n\t\t\t\t\t<h2 class=\"elementor-heading-title elementor-size-default\">Mulighed for flere sprog<\/h2>\t\t\t\t<\/div>\n\t\t\t\t<\/div>\n\t\t\t\t<div class=\"elementor-element elementor-element-2dc676af elementor-widget elementor-widget-text-editor\" data-id=\"2dc676af\" data-element_type=\"widget\" data-e-type=\"widget\" data-widget_type=\"text-editor.default\">\n\t\t\t\t<div class=\"elementor-widget-container\">\n\t\t\t\t\t\t\t\t\t<p>Arbejd p\u00e5 det sprog, du v\u00e6lger. <\/p>\n\t\t\t\t\t\t\t\t<\/div>\n\t\t\t\t<\/div>\n\t\t\t\t<div class=\"elementor-element elementor-element-2b9f41c elementor-align-center elementor-widget elementor-widget-global elementor-global-161522 elementor-global-131872 elementor-widget-button\" data-id=\"2b9f41c\" data-element_type=\"widget\" data-e-type=\"widget\" data-widget_type=\"button.default\">\n\t\t\t\t<div class=\"elementor-widget-container\">\n\t\t\t\t\t\t\t\t\t<div class=\"elementor-button-wrapper\">\n\t\t\t\t\t<a class=\"elementor-button elementor-button-link elementor-size-lg elementor-animation-grow\" href=\"https:\/\/onedesk.com\/da\/tilmelding-gratis\/\">\n\t\t\t\t\t\t<span class=\"elementor-button-content-wrapper\">\n\t\t\t\t\t\t\t\t\t<span class=\"elementor-button-text\">Tilmeld dig gratis!<\/span>\n\t\t\t\t\t<\/span>\n\t\t\t\t\t<\/a>\n\t\t\t\t<\/div>\n\t\t\t\t\t\t\t\t<\/div>\n\t\t\t\t<\/div>\n\t\t\t\t\t<\/div>\n\t\t<\/div>\n\t\t\t\t\t<\/div>\n\t\t<\/section>\n\t\t\t\t<section class=\"elementor-section elementor-top-section elementor-element elementor-element-cb52e72 elementor-section-boxed elementor-section-height-default elementor-section-height-default\" data-id=\"cb52e72\" data-element_type=\"section\" data-e-type=\"section\">\n\t\t\t\t\t\t<div class=\"elementor-container elementor-column-gap-default\">\n\t\t\t\t\t<div class=\"elementor-column elementor-col-50 elementor-top-column elementor-element elementor-element-41273f6b\" data-id=\"41273f6b\" data-element_type=\"column\" data-e-type=\"column\">\n\t\t\t<div class=\"elementor-widget-wrap elementor-element-populated\">\n\t\t\t\t\t\t<div class=\"elementor-element elementor-element-f634b1d elementor-widget elementor-widget-image\" data-id=\"f634b1d\" data-element_type=\"widget\" data-e-type=\"widget\" data-widget_type=\"image.default\">\n\t\t\t\t<div class=\"elementor-widget-container\">\n\t\t\t\t\t\t\t\t\t\t\t\t\t\t\t<img fetchpriority=\"high\" decoding=\"async\" width=\"1024\" height=\"1019\" src=\"https:\/\/onedesk.com\/wp-content\/uploads\/2021\/05\/Multi-Language-Capability-1024x1019.png\" class=\"attachment-large size-large wp-image-153739\" alt=\"Mulighed for flere sprog\" srcset=\"https:\/\/onedesk.com\/wp-content\/uploads\/2021\/05\/Multi-Language-Capability-1024x1019.png 1024w, https:\/\/onedesk.com\/wp-content\/uploads\/2021\/05\/Multi-Language-Capability-300x298.png 300w, https:\/\/onedesk.com\/wp-content\/uploads\/2021\/05\/Multi-Language-Capability-150x150.png 150w, https:\/\/onedesk.com\/wp-content\/uploads\/2021\/05\/Multi-Language-Capability-768x764.png 768w, https:\/\/onedesk.com\/wp-content\/uploads\/2021\/05\/Multi-Language-Capability-302x300.png 302w, https:\/\/onedesk.com\/wp-content\/uploads\/2021\/05\/Multi-Language-Capability-905x900.png 905w, https:\/\/onedesk.com\/wp-content\/uploads\/2021\/05\/Multi-Language-Capability-255x254.png 255w, https:\/\/onedesk.com\/wp-content\/uploads\/2021\/05\/Multi-Language-Capability-80x80.png 80w, https:\/\/onedesk.com\/wp-content\/uploads\/2021\/05\/Multi-Language-Capability-40x40.png 40w, https:\/\/onedesk.com\/wp-content\/uploads\/2021\/05\/Multi-Language-Capability-60x60.png 60w, https:\/\/onedesk.com\/wp-content\/uploads\/2021\/05\/Multi-Language-Capability-480x477.png 480w, https:\/\/onedesk.com\/wp-content\/uploads\/2021\/05\/Multi-Language-Capability-500x497.png 500w, https:\/\/onedesk.com\/wp-content\/uploads\/2021\/05\/Multi-Language-Capability-750x746.png 750w, https:\/\/onedesk.com\/wp-content\/uploads\/2021\/05\/Multi-Language-Capability-360x358.png 360w, https:\/\/onedesk.com\/wp-content\/uploads\/2021\/05\/Multi-Language-Capability.png 1508w\" sizes=\"(max-width: 1024px) 100vw, 1024px\" \/>\t\t\t\t\t\t\t\t\t\t\t\t\t\t\t<\/div>\n\t\t\t\t<\/div>\n\t\t\t\t\t<\/div>\n\t\t<\/div>\n\t\t\t\t<div class=\"elementor-column elementor-col-50 elementor-top-column elementor-element elementor-element-222523bc\" data-id=\"222523bc\" data-element_type=\"column\" data-e-type=\"column\">\n\t\t\t<div class=\"elementor-widget-wrap elementor-element-populated\">\n\t\t\t\t\t\t<div class=\"elementor-element elementor-element-eaba348 elementor-widget elementor-widget-heading\" data-id=\"eaba348\" data-element_type=\"widget\" data-e-type=\"widget\" data-widget_type=\"heading.default\">\n\t\t\t\t<div class=\"elementor-widget-container\">\n\t\t\t\t\t<h2 class=\"elementor-heading-title elementor-size-default\">Indstil dine sprogpr\u00e6ferencer <\/h2>\t\t\t\t<\/div>\n\t\t\t\t<\/div>\n\t\t\t\t<div class=\"elementor-element elementor-element-106d5c96 elementor-widget elementor-widget-text-editor\" data-id=\"106d5c96\" data-element_type=\"widget\" data-e-type=\"widget\" data-widget_type=\"text-editor.default\">\n\t\t\t\t<div class=\"elementor-widget-container\">\n\t\t\t\t\t\t\t\t\t<p><a href=\"https:\/\/onedesk.com\/da\/understoettelse-af-flere-sprog\/\">OneDesk<\/a> lader dig \u00e6ndre dets gr\u00e6nsefladesprog p\u00e5 <a href=\"https:\/\/onedesk.com\/da\/funktioner-indeks\/virksomheds-praeferencer\/\">virksomheds-<\/a> , bruger- og kundeniveau. Dette giver dig mulighed for at:<\/p>\n<ul>\n<li>Match gr\u00e6nsefladesproget i OneDesk til din virksomheds sprogpr\u00e6ference.<\/li>\n<li>Tillad brugere at v\u00e6lge deres eget foretrukne gr\u00e6nsefladesprog, hvis din virksomhed er flersproget.<\/li>\n<li>Forbedre kundeoplevelsen ved at lade dem v\u00e6lge deres foretrukne sprog p\u00e5 <a href=\"https:\/\/onedesk.com\/da\/tilfoeje-apps-til-dit-websted\/\">kundeapps<\/a><\/li>\n<\/ul>\n\t\t\t\t\t\t\t\t<\/div>\n\t\t\t\t<\/div>\n\t\t\t\t\t<\/div>\n\t\t<\/div>\n\t\t\t\t\t<\/div>\n\t\t<\/section>\n\t\t\t\t<section class=\"elementor-section elementor-top-section elementor-element elementor-element-5cd4721 elementor-section-boxed elementor-section-height-default elementor-section-height-default\" data-id=\"5cd4721\" data-element_type=\"section\" data-e-type=\"section\">\n\t\t\t\t\t\t<div class=\"elementor-container elementor-column-gap-default\">\n\t\t\t\t\t<div class=\"elementor-column elementor-col-100 elementor-top-column elementor-element elementor-element-bebaeee\" data-id=\"bebaeee\" data-element_type=\"column\" data-e-type=\"column\">\n\t\t\t<div class=\"elementor-widget-wrap elementor-element-populated\">\n\t\t\t\t\t\t<div class=\"elementor-element elementor-element-ad413eb elementor-widget elementor-widget-heading\" data-id=\"ad413eb\" data-element_type=\"widget\" data-e-type=\"widget\" data-widget_type=\"heading.default\">\n\t\t\t\t<div class=\"elementor-widget-container\">\n\t\t\t\t\t<h2 class=\"elementor-heading-title elementor-size-default\">L\u00e6ringsressourcer<\/h2>\t\t\t\t<\/div>\n\t\t\t\t<\/div>\n\t\t\t\t\t<\/div>\n\t\t<\/div>\n\t\t\t\t\t<\/div>\n\t\t<\/section>\n\t\t\t\t<section class=\"elementor-section elementor-top-section elementor-element elementor-element-b416c2b elementor-section-boxed elementor-section-height-default elementor-section-height-default\" data-id=\"b416c2b\" data-element_type=\"section\" data-e-type=\"section\">\n\t\t\t\t\t\t<div class=\"elementor-container elementor-column-gap-default\">\n\t\t\t\t\t<div class=\"elementor-column elementor-col-50 elementor-top-column elementor-element elementor-element-8dd41a9\" data-id=\"8dd41a9\" data-element_type=\"column\" data-e-type=\"column\" data-settings=\"{&quot;background_background&quot;:&quot;classic&quot;}\">\n\t\t\t<div class=\"elementor-widget-wrap elementor-element-populated\">\n\t\t\t\t\t\t<div class=\"elementor-element elementor-element-5fad198 elementor-widget elementor-widget-heading\" data-id=\"5fad198\" data-element_type=\"widget\" data-e-type=\"widget\" data-widget_type=\"heading.default\">\n\t\t\t\t<div class=\"elementor-widget-container\">\n\t\t\t\t\t<h3 class=\"elementor-heading-title elementor-size-default\"><a href=\"https:\/\/kb.onedesk.com\/app-od\/o-onedesk\/knowledge-base-1\/article-7bcc3927-3076-48d9-905c-c3ce833f2961\">Sprogindstillinger<\/a><\/h3>\t\t\t\t<\/div>\n\t\t\t\t<\/div>\n\t\t\t\t<div class=\"elementor-element elementor-element-1b61330 elementor-widget elementor-widget-text-editor\" data-id=\"1b61330\" data-element_type=\"widget\" data-e-type=\"widget\" data-widget_type=\"text-editor.default\">\n\t\t\t\t<div class=\"elementor-widget-container\">\n\t\t\t\t\t\t\t\t\t<p>Indstil dit sprog p\u00e5 virksomheds-, agent- eller kundeniveau. <\/p>\n<p><a href=\"https:\/\/kb.onedesk.com\/app-od\/o-onedesk\/knowledge-base-1\/article-7bcc3927-3076-48d9-905c-c3ce833f2961\"><strong>L\u00e6r mere&gt;&gt;<\/strong><\/a><\/p>\n\t\t\t\t\t\t\t\t<\/div>\n\t\t\t\t<\/div>\n\t\t\t\t\t<\/div>\n\t\t<\/div>\n\t\t\t\t<div class=\"elementor-column elementor-col-50 elementor-top-column elementor-element elementor-element-be968af\" data-id=\"be968af\" data-element_type=\"column\" data-e-type=\"column\" data-settings=\"{&quot;background_background&quot;:&quot;classic&quot;}\">\n\t\t\t<div class=\"elementor-widget-wrap elementor-element-populated\">\n\t\t\t\t\t\t<div class=\"elementor-element elementor-element-7497f0b elementor-widget elementor-widget-heading\" data-id=\"7497f0b\" data-element_type=\"widget\" data-e-type=\"widget\" data-widget_type=\"heading.default\">\n\t\t\t\t<div class=\"elementor-widget-container\">\n\t\t\t\t\t<h3 class=\"elementor-heading-title elementor-size-default\"><a href=\"https:\/\/kb.onedesk.com\/app-od\/o-onedesk\/knowledge-base-1\/article-ae3e3b56-14f6-440e-853c-2046cd9c75e6\">Kundekommunikationskanaler<\/a><\/h3>\t\t\t\t<\/div>\n\t\t\t\t<\/div>\n\t\t\t\t<div class=\"elementor-element elementor-element-b300ed0 elementor-widget elementor-widget-text-editor\" data-id=\"b300ed0\" data-element_type=\"widget\" data-e-type=\"widget\" data-widget_type=\"text-editor.default\">\n\t\t\t\t<div class=\"elementor-widget-container\">\n\t\t\t\t\t\t\t\t\t<p>Kommuniker med dine kunder eller slutbrugere gennem forskellige kanaler.<\/p>\n<p><a href=\"https:\/\/kb.onedesk.com\/app-od\/o-onedesk\/knowledge-base-1\/article-ae3e3b56-14f6-440e-853c-2046cd9c75e6\"><strong>L\u00e6r mere&gt;&gt;<\/strong><\/a><\/p>\n\t\t\t\t\t\t\t\t<\/div>\n\t\t\t\t<\/div>\n\t\t\t\t\t<\/div>\n\t\t<\/div>\n\t\t\t\t\t<\/div>\n\t\t<\/section>\n\t\t\t\t<\/div>\n\t\t","protected":false},"excerpt":{"rendered":"<p>Mulighed for flere sprog Arbejd p\u00e5 det sprog, du v\u00e6lger. Sign up free! Indstil dine sprogpr\u00e6ferencer OneDesk lader dig \u00e6ndre dets gr\u00e6nsefladesprog p\u00e5 virksomheds- , bruger- og kundeniveau. Dette giver dig mulighed for at: Match gr\u00e6nsefladesproget i OneDesk til din virksomheds sprogpr\u00e6ference. Tillad brugere at v\u00e6lge deres eget foretrukne gr\u00e6nsefladesprog, hvis din virksomhed er flersproget. [&hellip;]<\/p>\n","protected":false},"author":30,"featured_media":0,"parent":151670,"menu_order":21,"comment_status":"closed","ping_status":"closed","template":"","meta":{"tpgb_global_settings":"","_crdt_document":"","inline_featured_image":false,"site-sidebar-layout":"default","site-content-layout":"","ast-site-content-layout":"default","site-content-style":"default","site-sidebar-style":"default","ast-global-header-display":"","ast-banner-title-visibility":"","ast-main-header-display":"","ast-hfb-above-header-display":"","ast-hfb-below-header-display":"","ast-hfb-mobile-header-display":"","site-post-title":"","ast-breadcrumbs-content":"","ast-featured-img":"","footer-sml-layout":"","ast-disable-related-posts":"","theme-transparent-header-meta":"","adv-header-id-meta":"","stick-header-meta":"","header-above-stick-meta":"","header-main-stick-meta":"","header-below-stick-meta":"","astra-migrate-meta-layouts":"default","ast-page-background-enabled":"default","ast-page-background-meta":{"desktop":{"background-color":"var(--ast-global-color-4)","background-image":"","background-repeat":"repeat","background-position":"center center","background-size":"auto","background-attachment":"scroll","background-type":"","background-media":"","overlay-type":"","overlay-color":"","overlay-opacity":"","overlay-gradient":""},"tablet":{"background-color":"","background-image":"","background-repeat":"repeat","background-position":"center center","background-size":"auto","background-attachment":"scroll","background-type":"","background-media":"","overlay-type":"","overlay-color":"","overlay-opacity":"","overlay-gradient":""},"mobile":{"background-color":"","background-image":"","background-repeat":"repeat","background-position":"center center","background-size":"auto","background-attachment":"scroll","background-type":"","background-media":"","overlay-type":"","overlay-color":"","overlay-opacity":"","overlay-gradient":""}},"ast-content-background-meta":{"desktop":{"background-color":"var(--ast-global-color-5)","background-image":"","background-repeat":"repeat","background-position":"center center","background-size":"auto","background-attachment":"scroll","background-type":"","background-media":"","overlay-type":"","overlay-color":"","overlay-opacity":"","overlay-gradient":""},"tablet":{"background-color":"var(--ast-global-color-5)","background-image":"","background-repeat":"repeat","background-position":"center center","background-size":"auto","background-attachment":"scroll","background-type":"","background-media":"","overlay-type":"","overlay-color":"","overlay-opacity":"","overlay-gradient":""},"mobile":{"background-color":"var(--ast-global-color-5)","background-image":"","background-repeat":"repeat","background-position":"center center","background-size":"auto","background-attachment":"scroll","background-type":"","background-media":"","overlay-type":"","overlay-color":"","overlay-opacity":"","overlay-gradient":""}},"footnotes":""},"class_list":["post-153731","page","type-page","status-publish","hentry"],"yoast_head":"<!-- This site is optimized with the Yoast SEO Premium plugin v27.3 (Yoast SEO v27.3) - https:\/\/yoast.com\/product\/yoast-seo-premium-wordpress\/ -->\n<title>Mulighed for flere sprog | Funktioner | OneDesk Help Desk &amp; Projektledelse<\/title>\n<meta name=\"description\" content=\"OneDesk er helpdesk- og projektstyringssoftware. Vores flersprogede funktion lader dig v\u00e6lge gr\u00e6nsefladesproget for OneDesk.\" \/>\n<meta name=\"robots\" content=\"index, follow, max-snippet:-1, max-image-preview:large, max-video-preview:-1\" \/>\n<link rel=\"canonical\" href=\"https:\/\/onedesk.com\/da\/funktioner-indeks\/multi-sprog-kapacitet\/\" \/>\n<meta property=\"og:locale\" content=\"da_DK\" \/>\n<meta property=\"og:type\" content=\"article\" \/>\n<meta property=\"og:title\" content=\"Mulighed for flere sprog | Funktioner | OneDesk Help Desk &amp; Projektledelse\" \/>\n<meta property=\"og:description\" content=\"OneDesk er helpdesk- og projektstyringssoftware. Vores flersprogede funktion lader dig v\u00e6lge gr\u00e6nsefladesproget for OneDesk.\" \/>\n<meta property=\"og:url\" content=\"https:\/\/onedesk.com\/da\/funktioner-indeks\/multi-sprog-kapacitet\/\" \/>\n<meta property=\"og:site_name\" content=\"OneDesk\" \/>\n<meta property=\"article:publisher\" content=\"https:\/\/www.facebook.com\/OneDeskApp\" \/>\n<meta property=\"article:modified_time\" content=\"2023-08-08T19:00:46+00:00\" \/>\n<meta property=\"og:image\" content=\"https:\/\/onedesk.com\/wp-content\/uploads\/2021\/05\/Multi-Language-Capability-1024x1019.png\" \/>\n<meta name=\"twitter:card\" content=\"summary_large_image\" \/>\n<meta name=\"twitter:site\" content=\"@OneDeskApp\" \/>\n<meta name=\"twitter:label1\" content=\"Est. reading time\" \/>\n\t<meta name=\"twitter:data1\" content=\"1 minute\" \/>\n<!-- \/ Yoast SEO Premium plugin. -->","yoast_head_json":{"title":"Mulighed for flere sprog | Funktioner | OneDesk Help Desk & Projektledelse","description":"OneDesk er helpdesk- og projektstyringssoftware. Vores flersprogede funktion lader dig v\u00e6lge gr\u00e6nsefladesproget for OneDesk.","robots":{"index":"index","follow":"follow","max-snippet":"max-snippet:-1","max-image-preview":"max-image-preview:large","max-video-preview":"max-video-preview:-1"},"canonical":"https:\/\/onedesk.com\/da\/funktioner-indeks\/multi-sprog-kapacitet\/","og_locale":"da_DK","og_type":"article","og_title":"Mulighed for flere sprog | Funktioner | OneDesk Help Desk & Projektledelse","og_description":"OneDesk er helpdesk- og projektstyringssoftware. Vores flersprogede funktion lader dig v\u00e6lge gr\u00e6nsefladesproget for OneDesk.","og_url":"https:\/\/onedesk.com\/da\/funktioner-indeks\/multi-sprog-kapacitet\/","og_site_name":"OneDesk","article_publisher":"https:\/\/www.facebook.com\/OneDeskApp","article_modified_time":"2023-08-08T19:00:46+00:00","og_image":[{"url":"https:\/\/onedesk.com\/wp-content\/uploads\/2021\/05\/Multi-Language-Capability-1024x1019.png","type":"","width":"","height":""}],"twitter_card":"summary_large_image","twitter_site":"@OneDeskApp","twitter_misc":{"Est. reading time":"1 minute"},"schema":{"@context":"https:\/\/schema.org","@graph":[{"@type":"WebPage","@id":"https:\/\/onedesk.com\/da\/funktioner-indeks\/multi-sprog-kapacitet\/","url":"https:\/\/onedesk.com\/da\/funktioner-indeks\/multi-sprog-kapacitet\/","name":"Mulighed for flere sprog | Funktioner | OneDesk Help Desk & Projektledelse","isPartOf":{"@id":"https:\/\/onedesk.com\/da\/#website"},"primaryImageOfPage":{"@id":"https:\/\/onedesk.com\/da\/funktioner-indeks\/multi-sprog-kapacitet\/#primaryimage"},"image":{"@id":"https:\/\/onedesk.com\/da\/funktioner-indeks\/multi-sprog-kapacitet\/#primaryimage"},"thumbnailUrl":"https:\/\/onedesk.com\/wp-content\/uploads\/2021\/05\/Multi-Language-Capability-1024x1019.png","datePublished":"2021-12-17T18:39:47+00:00","dateModified":"2023-08-08T19:00:46+00:00","description":"OneDesk er helpdesk- og projektstyringssoftware. Vores flersprogede funktion lader dig v\u00e6lge gr\u00e6nsefladesproget for OneDesk.","breadcrumb":{"@id":"https:\/\/onedesk.com\/da\/funktioner-indeks\/multi-sprog-kapacitet\/#breadcrumb"},"inLanguage":"da-DK","potentialAction":[{"@type":"ReadAction","target":["https:\/\/onedesk.com\/da\/funktioner-indeks\/multi-sprog-kapacitet\/"]}]},{"@type":"ImageObject","inLanguage":"da-DK","@id":"https:\/\/onedesk.com\/da\/funktioner-indeks\/multi-sprog-kapacitet\/#primaryimage","url":"https:\/\/onedesk.com\/wp-content\/uploads\/2021\/05\/Multi-Language-Capability-1024x1019.png","contentUrl":"https:\/\/onedesk.com\/wp-content\/uploads\/2021\/05\/Multi-Language-Capability-1024x1019.png"},{"@type":"BreadcrumbList","@id":"https:\/\/onedesk.com\/da\/funktioner-indeks\/multi-sprog-kapacitet\/#breadcrumb","itemListElement":[{"@type":"ListItem","position":1,"name":"OneDesk-funktionsindeks","item":"https:\/\/onedesk.com\/da\/funktioner-indeks\/"},{"@type":"ListItem","position":2,"name":"Mulighed for flere sprog"}]},{"@type":"WebSite","@id":"https:\/\/onedesk.com\/da\/#website","url":"https:\/\/onedesk.com\/da\/","name":"OneDesk","description":"Projektledelse og Helpdesk -software","publisher":{"@id":"https:\/\/onedesk.com\/da\/#organization"},"potentialAction":[{"@type":"SearchAction","target":{"@type":"EntryPoint","urlTemplate":"https:\/\/onedesk.com\/da\/?s={search_term_string}"},"query-input":{"@type":"PropertyValueSpecification","valueRequired":true,"valueName":"search_term_string"}}],"inLanguage":"da-DK"},{"@type":"Organization","@id":"https:\/\/onedesk.com\/da\/#organization","name":"OneDesk","url":"https:\/\/onedesk.com\/da\/","logo":{"@type":"ImageObject","inLanguage":"da-DK","@id":"https:\/\/onedesk.com\/da\/#\/schema\/logo\/image\/","url":"https:\/\/onedesk.com\/wp-content\/uploads\/2016\/01\/white-logo-small.png","contentUrl":"https:\/\/onedesk.com\/wp-content\/uploads\/2016\/01\/white-logo-small.png","width":207,"height":40,"caption":"OneDesk"},"image":{"@id":"https:\/\/onedesk.com\/da\/#\/schema\/logo\/image\/"},"sameAs":["https:\/\/www.facebook.com\/OneDeskApp","https:\/\/x.com\/OneDeskApp","https:\/\/www.instagram.com\/onedeskapp\/","https:\/\/www.linkedin.com\/company\/onedesk-inc-1","https:\/\/www.pinterest.com\/onedesk\/","https:\/\/www.youtube.com\/user\/OneDeskApp"]}]}},"tpgb_featured_images":null,"tpgb_post_meta_info":{"get_date":"December 17, 2021","get_modified_date":"August 8, 2023","author_name":"Erin Richardson","author_url":"https:\/\/onedesk.com\/da\/author\/erin-richardsononedesk-com\/","author_email":"erin.richardson@onedesk.com","author_website":"","author_description":"","author_facebook":"","author_twitter":"","author_instagram":"","author_role":["administrator"],"author_firstname":"Erin","author_lastname":"Richardson","user_login":"erin.richardson@onedesk.com","author_avatar":"<img alt='' src='https:\/\/secure.gravatar.com\/avatar\/5b43ac2756efc1d5aa46746163fa71ceee43f42a78652ebc70940d512d77cba0?s=200&#038;d=mm&#038;r=g' srcset='https:\/\/secure.gravatar.com\/avatar\/5b43ac2756efc1d5aa46746163fa71ceee43f42a78652ebc70940d512d77cba0?s=400&#038;d=mm&#038;r=g 2x' class='avatar avatar-200 photo' height='200' width='200' decoding='async'\/>","author_avatar_url":"https:\/\/secure.gravatar.com\/avatar\/5b43ac2756efc1d5aa46746163fa71ceee43f42a78652ebc70940d512d77cba0?s=96&d=mm&r=g","comment_count":0,"post_likes":0,"post_views":0},"tpgb_post_category":[],"jetpack_shortlink":"https:\/\/wp.me\/PfpPaI-DZx","amp_enabled":true,"_links":{"self":[{"href":"https:\/\/onedesk.com\/da\/wp-json\/wp\/v2\/pages\/153731","targetHints":{"allow":["GET"]}}],"collection":[{"href":"https:\/\/onedesk.com\/da\/wp-json\/wp\/v2\/pages"}],"about":[{"href":"https:\/\/onedesk.com\/da\/wp-json\/wp\/v2\/types\/page"}],"author":[{"embeddable":true,"href":"https:\/\/onedesk.com\/da\/wp-json\/wp\/v2\/users\/30"}],"replies":[{"embeddable":true,"href":"https:\/\/onedesk.com\/da\/wp-json\/wp\/v2\/comments?post=153731"}],"version-history":[{"count":5,"href":"https:\/\/onedesk.com\/da\/wp-json\/wp\/v2\/pages\/153731\/revisions"}],"predecessor-version":[{"id":252767,"href":"https:\/\/onedesk.com\/da\/wp-json\/wp\/v2\/pages\/153731\/revisions\/252767"}],"up":[{"embeddable":true,"href":"https:\/\/onedesk.com\/da\/wp-json\/wp\/v2\/pages\/151670"}],"wp:attachment":[{"href":"https:\/\/onedesk.com\/da\/wp-json\/wp\/v2\/media?parent=153731"}],"curies":[{"name":"wp","href":"https:\/\/api.w.org\/{rel}","templated":true}]}}