{"id":154409,"date":"2021-12-20T14:32:59","date_gmt":"2021-12-20T14:32:59","guid":{"rendered":"https:\/\/onedesk.com\/funktioner-indeks\/makroer\/"},"modified":"2023-08-08T19:15:07","modified_gmt":"2023-08-08T19:15:07","slug":"makroer","status":"publish","type":"page","link":"https:\/\/onedesk.com\/da\/funktioner-indeks\/makroer\/","title":{"rendered":"Makroer"},"content":{"rendered":"\t\t<div data-elementor-type=\"wp-page\" data-elementor-id=\"154409\" class=\"elementor elementor-154409 elementor-74209\" data-elementor-post-type=\"page\">\n\t\t\t\t\t\t<section class=\"elementor-section elementor-top-section elementor-element elementor-element-5725ee95 elementor-section-boxed elementor-section-height-default elementor-section-height-default\" data-id=\"5725ee95\" data-element_type=\"section\" data-e-type=\"section\">\n\t\t\t\t\t\t<div class=\"elementor-container elementor-column-gap-default\">\n\t\t\t\t\t<div class=\"elementor-column elementor-col-100 elementor-top-column elementor-element elementor-element-70bc58e8\" data-id=\"70bc58e8\" data-element_type=\"column\" data-e-type=\"column\">\n\t\t\t<div class=\"elementor-widget-wrap\">\n\t\t\t\t\t\t\t<\/div>\n\t\t<\/div>\n\t\t\t\t\t<\/div>\n\t\t<\/section>\n\t\t\t\t<section class=\"elementor-section elementor-top-section elementor-element elementor-element-12db73c1 elementor-section-boxed elementor-section-height-default elementor-section-height-default\" data-id=\"12db73c1\" data-element_type=\"section\" data-e-type=\"section\">\n\t\t\t\t\t\t<div class=\"elementor-container elementor-column-gap-default\">\n\t\t\t\t\t<div class=\"elementor-column elementor-col-100 elementor-top-column elementor-element elementor-element-38bb39f7\" data-id=\"38bb39f7\" data-element_type=\"column\" data-e-type=\"column\">\n\t\t\t<div class=\"elementor-widget-wrap elementor-element-populated\">\n\t\t\t\t\t\t<div class=\"elementor-element elementor-element-3b6294f6 elementor-widget elementor-widget-heading\" data-id=\"3b6294f6\" data-element_type=\"widget\" data-e-type=\"widget\" data-widget_type=\"heading.default\">\n\t\t\t\t<div class=\"elementor-widget-container\">\n\t\t\t\t\t<h1 class=\"elementor-heading-title elementor-size-default\">Makroer<\/h1>\t\t\t\t<\/div>\n\t\t\t\t<\/div>\n\t\t\t\t<div class=\"elementor-element elementor-element-7e705d30 elementor-widget elementor-widget-text-editor\" data-id=\"7e705d30\" data-element_type=\"widget\" data-e-type=\"widget\" data-widget_type=\"text-editor.default\">\n\t\t\t\t<div class=\"elementor-widget-container\">\n\t\t\t\t\t\t\t\t\t<p>Arbejd mere effektivt med makroer.  <\/p>\n\t\t\t\t\t\t\t\t<\/div>\n\t\t\t\t<\/div>\n\t\t\t\t\t<\/div>\n\t\t<\/div>\n\t\t\t\t\t<\/div>\n\t\t<\/section>\n\t\t\t\t<section class=\"elementor-section elementor-top-section elementor-element elementor-element-35c470b7 elementor-section-boxed elementor-section-height-default elementor-section-height-default\" data-id=\"35c470b7\" data-element_type=\"section\" data-e-type=\"section\">\n\t\t\t\t\t\t<div class=\"elementor-container elementor-column-gap-default\">\n\t\t\t\t\t<div class=\"elementor-column elementor-col-50 elementor-top-column elementor-element elementor-element-20a9161a\" data-id=\"20a9161a\" data-element_type=\"column\" data-e-type=\"column\">\n\t\t\t<div class=\"elementor-widget-wrap elementor-element-populated\">\n\t\t\t\t\t\t<div class=\"elementor-element elementor-element-ba1ebdf elementor-widget elementor-widget-image\" data-id=\"ba1ebdf\" data-element_type=\"widget\" data-e-type=\"widget\" data-widget_type=\"image.default\">\n\t\t\t\t<div class=\"elementor-widget-container\">\n\t\t\t\t\t\t\t\t\t\t\t\t\t\t\t<img fetchpriority=\"high\" decoding=\"async\" width=\"1024\" height=\"831\" src=\"https:\/\/onedesk.com\/wp-content\/uploads\/2021\/03\/macro-1024x831.png\" class=\"attachment-large size-large wp-image-154411\" alt=\"\" srcset=\"https:\/\/onedesk.com\/wp-content\/uploads\/2021\/03\/macro-1024x831.png 1024w, https:\/\/onedesk.com\/wp-content\/uploads\/2021\/03\/macro-300x244.png 300w, https:\/\/onedesk.com\/wp-content\/uploads\/2021\/03\/macro-768x624.png 768w, https:\/\/onedesk.com\/wp-content\/uploads\/2021\/03\/macro-369x300.png 369w, https:\/\/onedesk.com\/wp-content\/uploads\/2021\/03\/macro-1108x900.png 1108w, https:\/\/onedesk.com\/wp-content\/uploads\/2021\/03\/macro-255x207.png 255w, https:\/\/onedesk.com\/wp-content\/uploads\/2021\/03\/macro-99x80.png 99w, https:\/\/onedesk.com\/wp-content\/uploads\/2021\/03\/macro-49x40.png 49w, https:\/\/onedesk.com\/wp-content\/uploads\/2021\/03\/macro-480x390.png 480w, https:\/\/onedesk.com\/wp-content\/uploads\/2021\/03\/macro-500x406.png 500w, https:\/\/onedesk.com\/wp-content\/uploads\/2021\/03\/macro-750x609.png 750w, https:\/\/onedesk.com\/wp-content\/uploads\/2021\/03\/macro-360x292.png 360w, https:\/\/onedesk.com\/wp-content\/uploads\/2021\/03\/macro.png 1500w\" sizes=\"(max-width: 1024px) 100vw, 1024px\" \/>\t\t\t\t\t\t\t\t\t\t\t\t\t\t\t<\/div>\n\t\t\t\t<\/div>\n\t\t\t\t\t<\/div>\n\t\t<\/div>\n\t\t\t\t<div class=\"elementor-column elementor-col-50 elementor-top-column elementor-element elementor-element-7ccbb04d\" data-id=\"7ccbb04d\" data-element_type=\"column\" data-e-type=\"column\">\n\t\t\t<div class=\"elementor-widget-wrap elementor-element-populated\">\n\t\t\t\t\t\t<div class=\"elementor-element elementor-element-5d3523dd elementor-widget elementor-widget-text-editor\" data-id=\"5d3523dd\" data-element_type=\"widget\" data-e-type=\"widget\" data-widget_type=\"text-editor.default\">\n\t\t\t\t<div class=\"elementor-widget-container\">\n\t\t\t\t\t\t\t\t\t<p>OneDesk lader dig masseredigere billetter, opgaver og projekter ved hj\u00e6lp af makroer. Makroer giver dig mulighed for nemt at \u00e6ndre flere elementer p\u00e5 \u00e9n gang eller flere egenskaber p\u00e5 et enkelt element.<\/p>\n<p>Opret og gem dine yndlingsmakroer til senere genbrug. Frig\u00f8r din tid med muligheden for at foretage et v\u00e6ld af \u00e6ndringer p\u00e5 \u00e9n gang. Her er nogle nyttige makroer:<\/p>\n<ul>\n<li>Omfordeling af en masse billetter og opgaver fra en agent til en anden<\/li>\n<li>Lukning af flere billetter og meddelelse til rekvirenten om \u00e6ndring<\/li>\n<li>Masseindstilling af tilpassede feltv\u00e6rdier<\/li>\n<li>F\u00f8lger en masse varer for at blive underrettet om dem<\/li>\n<li>Tildeler til mig og indstiller til &#8220;I gang&#8221;<\/li>\n<li>Tildeler mit team og sender en besked<\/li>\n<li>\u00c6ndre flere billetter til opgaver og flytte dem til et andet projekt<\/li>\n<\/ul>\n<p>Og meget mere!<\/p>\n\t\t\t\t\t\t\t\t<\/div>\n\t\t\t\t<\/div>\n\t\t\t\t\t<\/div>\n\t\t<\/div>\n\t\t\t\t\t<\/div>\n\t\t<\/section>\n\t\t<div class=\"elementor-element elementor-element-580a05c e-flex e-con-boxed e-con e-parent\" data-id=\"580a05c\" data-element_type=\"container\" data-e-type=\"container\">\n\t\t\t\t\t<div class=\"e-con-inner\">\n\t\t\t\t<div class=\"elementor-element elementor-element-180c972 elementor-widget elementor-widget-heading\" data-id=\"180c972\" data-element_type=\"widget\" data-e-type=\"widget\" data-widget_type=\"heading.default\">\n\t\t\t\t<div class=\"elementor-widget-container\">\n\t\t\t\t\t<h2 class=\"elementor-heading-title elementor-size-default\">L\u00e6ringsressourcer<\/h2>\t\t\t\t<\/div>\n\t\t\t\t<\/div>\n\t\t\t\t\t<\/div>\n\t\t\t\t<\/div>\n\t\t<div class=\"elementor-element elementor-element-b339933 e-flex e-con-boxed e-con e-parent\" data-id=\"b339933\" data-element_type=\"container\" data-e-type=\"container\">\n\t\t\t\t\t<div class=\"e-con-inner\">\n\t\t<div class=\"elementor-element elementor-element-bf9cbca e-con-full e-flex e-con e-parent\" data-id=\"bf9cbca\" data-element_type=\"container\" data-e-type=\"container\" data-settings=\"{&quot;background_background&quot;:&quot;classic&quot;}\">\n\t\t\t\t<div class=\"elementor-element elementor-element-a577735 elementor-widget elementor-widget-heading\" data-id=\"a577735\" data-element_type=\"widget\" data-e-type=\"widget\" data-widget_type=\"heading.default\">\n\t\t\t\t<div class=\"elementor-widget-container\">\n\t\t\t\t\t<h3 class=\"elementor-heading-title elementor-size-default\"><a href=\"https:\/\/kb.onedesk.com\/app-od\/o-onedesk\/knowledge-base-1\/article-a0e6a0e1-ec88-4e20-8f8e-d823da55568a\">Brug af makroer<\/a><\/h3>\t\t\t\t<\/div>\n\t\t\t\t<\/div>\n\t\t\t\t<div class=\"elementor-element elementor-element-f0ab847 elementor-widget elementor-widget-text-editor\" data-id=\"f0ab847\" data-element_type=\"widget\" data-e-type=\"widget\" data-widget_type=\"text-editor.default\">\n\t\t\t\t<div class=\"elementor-widget-container\">\n\t\t\t\t\t\t\t\t\t<p>L\u00e6r alt om oprettelse og brug af makroer til at foretage masse\u00e6ndringer af billetter, opgaver og projekter.<\/p>\n<p><strong><a href=\"https:\/\/kb.onedesk.com\/app-od\/o-onedesk\/knowledge-base-1\/article-a0e6a0e1-ec88-4e20-8f8e-d823da55568a\">L\u00e6s mere&gt;&gt;<\/a><\/strong><\/p>\n\t\t\t\t\t\t\t\t<\/div>\n\t\t\t\t<\/div>\n\t\t\t\t<\/div>\n\t\t<div class=\"elementor-element elementor-element-1c4e711 e-con-full e-flex e-con e-parent\" data-id=\"1c4e711\" data-element_type=\"container\" data-e-type=\"container\" data-settings=\"{&quot;background_background&quot;:&quot;classic&quot;}\">\n\t\t\t\t<div class=\"elementor-element elementor-element-6a74dbc elementor-widget elementor-widget-heading\" data-id=\"6a74dbc\" data-element_type=\"widget\" data-e-type=\"widget\" data-widget_type=\"heading.default\">\n\t\t\t\t<div class=\"elementor-widget-container\">\n\t\t\t\t\t<h3 class=\"elementor-heading-title elementor-size-default\"><a href=\"https:\/\/kb.onedesk.com\/app-od\/o-onedesk\/knowledge-base-1\/article-bec77321-c653-43ac-919a-c415179c3a07\">Timeseddelmakroer<\/a><\/h3>\t\t\t\t<\/div>\n\t\t\t\t<\/div>\n\t\t\t\t<div class=\"elementor-element elementor-element-d1ead1f elementor-widget elementor-widget-text-editor\" data-id=\"d1ead1f\" data-element_type=\"widget\" data-e-type=\"widget\" data-widget_type=\"text-editor.default\">\n\t\t\t\t<div class=\"elementor-widget-container\">\n\t\t\t\t\t\t\t\t\t<p>L\u00e6r, hvordan du foretager masse\u00e6ndringer p\u00e5 timesedler.<\/p>\n<p><strong><a href=\"https:\/\/kb.onedesk.com\/app-od\/o-onedesk\/knowledge-base-1\/article-bec77321-c653-43ac-919a-c415179c3a07\">L\u00e6s mere&gt;&gt;<\/a><\/strong><\/p>\n\t\t\t\t\t\t\t\t<\/div>\n\t\t\t\t<\/div>\n\t\t\t\t<\/div>\n\t\t<div class=\"elementor-element elementor-element-7ca41a9 e-con-full e-flex e-con e-parent\" data-id=\"7ca41a9\" data-element_type=\"container\" data-e-type=\"container\" data-settings=\"{&quot;background_background&quot;:&quot;classic&quot;}\">\n\t\t\t\t<div class=\"elementor-element elementor-element-e0886f3 elementor-widget elementor-widget-heading\" data-id=\"e0886f3\" data-element_type=\"widget\" data-e-type=\"widget\" data-widget_type=\"heading.default\">\n\t\t\t\t<div class=\"elementor-widget-container\">\n\t\t\t\t\t<h3 class=\"elementor-heading-title elementor-size-default\"><a href=\"https:\/\/kb.onedesk.com\/app-od\/o-onedesk\/knowledge-base-1\/article-385be02f-949c-45fe-91b2-d3e2b2610e2b\">Brug af gemte svar<\/a><\/h3>\t\t\t\t<\/div>\n\t\t\t\t<\/div>\n\t\t\t\t<div class=\"elementor-element elementor-element-14d34d9 elementor-widget elementor-widget-text-editor\" data-id=\"14d34d9\" data-element_type=\"widget\" data-e-type=\"widget\" data-widget_type=\"text-editor.default\">\n\t\t\t\t<div class=\"elementor-widget-container\">\n\t\t\t\t\t\t\t\t\t<p>L\u00e6r, hvordan du bruger gemte svar til at besvare almindelige sp\u00f8rgsm\u00e5l.  <\/p>\n<p><strong><a href=\"https:\/\/kb.onedesk.com\/app-od\/o-onedesk\/knowledge-base-1\/article-385be02f-949c-45fe-91b2-d3e2b2610e2b\">L\u00e6s mere&gt;&gt;<\/a><\/strong><\/p>\n\t\t\t\t\t\t\t\t<\/div>\n\t\t\t\t<\/div>\n\t\t\t\t<\/div>\n\t\t\t\t\t<\/div>\n\t\t\t\t<\/div>\n\t\t\t\t<\/div>\n\t\t","protected":false},"excerpt":{"rendered":"<p>Makroer Arbejd mere effektivt med makroer. OneDesk lader dig masseredigere billetter, opgaver og projekter ved hj\u00e6lp af makroer. Makroer giver dig mulighed for nemt at \u00e6ndre flere elementer p\u00e5 \u00e9n gang eller flere egenskaber p\u00e5 et enkelt element. Opret og gem dine yndlingsmakroer til senere genbrug. Frig\u00f8r din tid med muligheden for at foretage et [&hellip;]<\/p>\n","protected":false},"author":25,"featured_media":0,"parent":151670,"menu_order":32,"comment_status":"closed","ping_status":"closed","template":"","meta":{"tpgb_global_settings":"","_crdt_document":"","inline_featured_image":false,"site-sidebar-layout":"default","site-content-layout":"","ast-site-content-layout":"default","site-content-style":"default","site-sidebar-style":"default","ast-global-header-display":"","ast-banner-title-visibility":"","ast-main-header-display":"","ast-hfb-above-header-display":"","ast-hfb-below-header-display":"","ast-hfb-mobile-header-display":"","site-post-title":"","ast-breadcrumbs-content":"","ast-featured-img":"","footer-sml-layout":"","ast-disable-related-posts":"","theme-transparent-header-meta":"","adv-header-id-meta":"","stick-header-meta":"","header-above-stick-meta":"","header-main-stick-meta":"","header-below-stick-meta":"","astra-migrate-meta-layouts":"default","ast-page-background-enabled":"default","ast-page-background-meta":{"desktop":{"background-color":"var(--ast-global-color-4)","background-image":"","background-repeat":"repeat","background-position":"center center","background-size":"auto","background-attachment":"scroll","background-type":"","background-media":"","overlay-type":"","overlay-color":"","overlay-opacity":"","overlay-gradient":""},"tablet":{"background-color":"","background-image":"","background-repeat":"repeat","background-position":"center center","background-size":"auto","background-attachment":"scroll","background-type":"","background-media":"","overlay-type":"","overlay-color":"","overlay-opacity":"","overlay-gradient":""},"mobile":{"background-color":"","background-image":"","background-repeat":"repeat","background-position":"center center","background-size":"auto","background-attachment":"scroll","background-type":"","background-media":"","overlay-type":"","overlay-color":"","overlay-opacity":"","overlay-gradient":""}},"ast-content-background-meta":{"desktop":{"background-color":"var(--ast-global-color-5)","background-image":"","background-repeat":"repeat","background-position":"center center","background-size":"auto","background-attachment":"scroll","background-type":"","background-media":"","overlay-type":"","overlay-color":"","overlay-opacity":"","overlay-gradient":""},"tablet":{"background-color":"var(--ast-global-color-5)","background-image":"","background-repeat":"repeat","background-position":"center center","background-size":"auto","background-attachment":"scroll","background-type":"","background-media":"","overlay-type":"","overlay-color":"","overlay-opacity":"","overlay-gradient":""},"mobile":{"background-color":"var(--ast-global-color-5)","background-image":"","background-repeat":"repeat","background-position":"center center","background-size":"auto","background-attachment":"scroll","background-type":"","background-media":"","overlay-type":"","overlay-color":"","overlay-opacity":"","overlay-gradient":""}},"footnotes":""},"class_list":["post-154409","page","type-page","status-publish","hentry"],"yoast_head":"<!-- This site is optimized with the Yoast SEO Premium plugin v27.4 (Yoast SEO v27.5) - https:\/\/yoast.com\/product\/yoast-seo-premium-wordpress\/ -->\n<title>Makroer | Funktioner | OneDesk HelpDesk &amp; Project Management App<\/title>\n<meta name=\"description\" content=\"OneDesk er helpdesk-software og projektstyringssoftware. L\u00e6r om, hvordan OneDesk lader dig bruge makroer til at forbedre din effektivitet.\" \/>\n<meta name=\"robots\" content=\"index, follow, max-snippet:-1, max-image-preview:large, max-video-preview:-1\" \/>\n<link rel=\"canonical\" href=\"https:\/\/onedesk.com\/da\/funktioner-indeks\/makroer\/\" \/>\n<meta property=\"og:locale\" content=\"da_DK\" \/>\n<meta property=\"og:type\" content=\"article\" \/>\n<meta property=\"og:title\" content=\"Makroer | Funktioner | OneDesk HelpDesk &amp; Project Management App\" \/>\n<meta property=\"og:description\" content=\"OneDesk er helpdesk-software og projektstyringssoftware. L\u00e6r om, hvordan OneDesk lader dig bruge makroer til at forbedre din effektivitet.\" \/>\n<meta property=\"og:url\" content=\"https:\/\/onedesk.com\/da\/funktioner-indeks\/makroer\/\" \/>\n<meta property=\"og:site_name\" content=\"OneDesk\" \/>\n<meta property=\"article:publisher\" content=\"https:\/\/www.facebook.com\/OneDeskApp\" \/>\n<meta property=\"article:modified_time\" content=\"2023-08-08T19:15:07+00:00\" \/>\n<meta property=\"og:image\" content=\"https:\/\/onedesk.com\/wp-content\/uploads\/2021\/03\/macro-1024x831.png\" \/>\n<meta name=\"twitter:card\" content=\"summary_large_image\" \/>\n<meta name=\"twitter:site\" content=\"@OneDeskApp\" \/>\n<meta name=\"twitter:label1\" content=\"Est. reading time\" \/>\n\t<meta name=\"twitter:data1\" content=\"1 minute\" \/>\n<!-- \/ Yoast SEO Premium plugin. -->","yoast_head_json":{"title":"Makroer | Funktioner | OneDesk HelpDesk & Project Management App","description":"OneDesk er helpdesk-software og projektstyringssoftware. L\u00e6r om, hvordan OneDesk lader dig bruge makroer til at forbedre din effektivitet.","robots":{"index":"index","follow":"follow","max-snippet":"max-snippet:-1","max-image-preview":"max-image-preview:large","max-video-preview":"max-video-preview:-1"},"canonical":"https:\/\/onedesk.com\/da\/funktioner-indeks\/makroer\/","og_locale":"da_DK","og_type":"article","og_title":"Makroer | Funktioner | OneDesk HelpDesk & Project Management App","og_description":"OneDesk er helpdesk-software og projektstyringssoftware. L\u00e6r om, hvordan OneDesk lader dig bruge makroer til at forbedre din effektivitet.","og_url":"https:\/\/onedesk.com\/da\/funktioner-indeks\/makroer\/","og_site_name":"OneDesk","article_publisher":"https:\/\/www.facebook.com\/OneDeskApp","article_modified_time":"2023-08-08T19:15:07+00:00","og_image":[{"url":"https:\/\/onedesk.com\/wp-content\/uploads\/2021\/03\/macro-1024x831.png","type":"","width":"","height":""}],"twitter_card":"summary_large_image","twitter_site":"@OneDeskApp","twitter_misc":{"Est. reading time":"1 minute"},"schema":{"@context":"https:\/\/schema.org","@graph":[{"@type":"WebPage","@id":"https:\/\/onedesk.com\/da\/funktioner-indeks\/makroer\/","url":"https:\/\/onedesk.com\/da\/funktioner-indeks\/makroer\/","name":"Makroer | Funktioner | OneDesk HelpDesk & Project Management App","isPartOf":{"@id":"https:\/\/onedesk.com\/da\/#website"},"primaryImageOfPage":{"@id":"https:\/\/onedesk.com\/da\/funktioner-indeks\/makroer\/#primaryimage"},"image":{"@id":"https:\/\/onedesk.com\/da\/funktioner-indeks\/makroer\/#primaryimage"},"thumbnailUrl":"https:\/\/onedesk.com\/wp-content\/uploads\/2021\/03\/macro-1024x831.png","datePublished":"2021-12-20T14:32:59+00:00","dateModified":"2023-08-08T19:15:07+00:00","description":"OneDesk er helpdesk-software og projektstyringssoftware. L\u00e6r om, hvordan OneDesk lader dig bruge makroer til at forbedre din effektivitet.","breadcrumb":{"@id":"https:\/\/onedesk.com\/da\/funktioner-indeks\/makroer\/#breadcrumb"},"inLanguage":"da-DK","potentialAction":[{"@type":"ReadAction","target":["https:\/\/onedesk.com\/da\/funktioner-indeks\/makroer\/"]}]},{"@type":"ImageObject","inLanguage":"da-DK","@id":"https:\/\/onedesk.com\/da\/funktioner-indeks\/makroer\/#primaryimage","url":"https:\/\/onedesk.com\/wp-content\/uploads\/2021\/03\/macro-1024x831.png","contentUrl":"https:\/\/onedesk.com\/wp-content\/uploads\/2021\/03\/macro-1024x831.png"},{"@type":"BreadcrumbList","@id":"https:\/\/onedesk.com\/da\/funktioner-indeks\/makroer\/#breadcrumb","itemListElement":[{"@type":"ListItem","position":1,"name":"OneDesk-funktionsindeks","item":"https:\/\/onedesk.com\/da\/funktioner-indeks\/"},{"@type":"ListItem","position":2,"name":"Makroer"}]},{"@type":"WebSite","@id":"https:\/\/onedesk.com\/da\/#website","url":"https:\/\/onedesk.com\/da\/","name":"OneDesk","description":"Projektledelse og Helpdesk -software","publisher":{"@id":"https:\/\/onedesk.com\/da\/#organization"},"potentialAction":[{"@type":"SearchAction","target":{"@type":"EntryPoint","urlTemplate":"https:\/\/onedesk.com\/da\/?s={search_term_string}"},"query-input":{"@type":"PropertyValueSpecification","valueRequired":true,"valueName":"search_term_string"}}],"inLanguage":"da-DK"},{"@type":"Organization","@id":"https:\/\/onedesk.com\/da\/#organization","name":"OneDesk","url":"https:\/\/onedesk.com\/da\/","logo":{"@type":"ImageObject","inLanguage":"da-DK","@id":"https:\/\/onedesk.com\/da\/#\/schema\/logo\/image\/","url":"https:\/\/onedesk.com\/wp-content\/uploads\/2016\/01\/white-logo-small.png","contentUrl":"https:\/\/onedesk.com\/wp-content\/uploads\/2016\/01\/white-logo-small.png","width":207,"height":40,"caption":"OneDesk"},"image":{"@id":"https:\/\/onedesk.com\/da\/#\/schema\/logo\/image\/"},"sameAs":["https:\/\/www.facebook.com\/OneDeskApp","https:\/\/x.com\/OneDeskApp","https:\/\/www.instagram.com\/onedeskapp\/","https:\/\/www.linkedin.com\/company\/onedesk-inc-1","https:\/\/www.pinterest.com\/onedesk\/","https:\/\/www.youtube.com\/user\/OneDeskApp"]}]}},"tpgb_featured_images":null,"tpgb_post_meta_info":{"get_date":"December 20, 2021","get_modified_date":"August 8, 2023","author_name":"Kenneth Lim","author_url":"https:\/\/onedesk.com\/da\/author\/ken-lim\/","author_email":"ken.lim@onedesk.com","author_website":"","author_description":"","author_facebook":"","author_twitter":"","author_instagram":"","author_role":["subscriber"],"author_firstname":"Kenneth","author_lastname":"Lim","user_login":"ken.lim","author_avatar":"<img alt='' src='https:\/\/secure.gravatar.com\/avatar\/a4ec21f0334373cadb0a505588ce84b318527287a4e82901cc7c9b983073d3e7?s=200&#038;d=mm&#038;r=g' srcset='https:\/\/secure.gravatar.com\/avatar\/a4ec21f0334373cadb0a505588ce84b318527287a4e82901cc7c9b983073d3e7?s=400&#038;d=mm&#038;r=g 2x' class='avatar avatar-200 photo' height='200' width='200' decoding='async'\/>","author_avatar_url":"https:\/\/secure.gravatar.com\/avatar\/a4ec21f0334373cadb0a505588ce84b318527287a4e82901cc7c9b983073d3e7?s=96&d=mm&r=g","comment_count":0,"post_likes":0,"post_views":0},"tpgb_post_category":[],"jetpack_shortlink":"https:\/\/wp.me\/PfpPaI-Eat","amp_enabled":true,"_links":{"self":[{"href":"https:\/\/onedesk.com\/da\/wp-json\/wp\/v2\/pages\/154409","targetHints":{"allow":["GET"]}}],"collection":[{"href":"https:\/\/onedesk.com\/da\/wp-json\/wp\/v2\/pages"}],"about":[{"href":"https:\/\/onedesk.com\/da\/wp-json\/wp\/v2\/types\/page"}],"author":[{"embeddable":true,"href":"https:\/\/onedesk.com\/da\/wp-json\/wp\/v2\/users\/25"}],"replies":[{"embeddable":true,"href":"https:\/\/onedesk.com\/da\/wp-json\/wp\/v2\/comments?post=154409"}],"version-history":[{"count":5,"href":"https:\/\/onedesk.com\/da\/wp-json\/wp\/v2\/pages\/154409\/revisions"}],"predecessor-version":[{"id":253369,"href":"https:\/\/onedesk.com\/da\/wp-json\/wp\/v2\/pages\/154409\/revisions\/253369"}],"up":[{"embeddable":true,"href":"https:\/\/onedesk.com\/da\/wp-json\/wp\/v2\/pages\/151670"}],"wp:attachment":[{"href":"https:\/\/onedesk.com\/da\/wp-json\/wp\/v2\/media?parent=154409"}],"curies":[{"name":"wp","href":"https:\/\/api.w.org\/{rel}","templated":true}]}}