{"id":155507,"date":"2021-12-20T16:08:20","date_gmt":"2021-12-20T16:08:20","guid":{"rendered":"https:\/\/onedesk.com\/funktioner-indeks\/import-brugere-kunder\/"},"modified":"2023-08-08T18:57:41","modified_gmt":"2023-08-08T18:57:41","slug":"import-brugere-kunder","status":"publish","type":"page","link":"https:\/\/onedesk.com\/da\/funktioner-indeks\/import-brugere-kunder\/","title":{"rendered":"Importerer"},"content":{"rendered":"\t\t<div data-elementor-type=\"wp-page\" data-elementor-id=\"155507\" class=\"elementor elementor-155507 elementor-118176\" data-elementor-post-type=\"page\">\n\t\t\t\t\t\t<section class=\"elementor-section elementor-top-section elementor-element elementor-element-1f76a916 elementor-section-boxed elementor-section-height-default elementor-section-height-default\" data-id=\"1f76a916\" data-element_type=\"section\" data-e-type=\"section\">\n\t\t\t\t\t\t<div class=\"elementor-container elementor-column-gap-default\">\n\t\t\t\t\t<div class=\"elementor-column elementor-col-100 elementor-top-column elementor-element elementor-element-3e137db8\" data-id=\"3e137db8\" data-element_type=\"column\" data-e-type=\"column\">\n\t\t\t<div class=\"elementor-widget-wrap elementor-element-populated\">\n\t\t\t\t\t\t<div class=\"elementor-element elementor-element-1b64a1a0 elementor-widget elementor-widget-heading\" data-id=\"1b64a1a0\" data-element_type=\"widget\" data-e-type=\"widget\" data-widget_type=\"heading.default\">\n\t\t\t\t<div class=\"elementor-widget-container\">\n\t\t\t\t\t<h1 class=\"elementor-heading-title elementor-size-default\">Import af brugere og kunder<\/h1>\t\t\t\t<\/div>\n\t\t\t\t<\/div>\n\t\t\t\t<div class=\"elementor-element elementor-element-576ebc1e elementor-widget elementor-widget-text-editor\" data-id=\"576ebc1e\" data-element_type=\"widget\" data-e-type=\"widget\" data-widget_type=\"text-editor.default\">\n\t\t\t\t<div class=\"elementor-widget-container\">\n\t\t\t\t\t\t\t\t\t<p>Migrer nemt til OneDesk, tilf\u00f8j dit team og kunder, eller opret nyt arbejde.<\/p>\n\t\t\t\t\t\t\t\t<\/div>\n\t\t\t\t<\/div>\n\t\t\t\t<div class=\"elementor-element elementor-element-e15d6c1 elementor-align-center elementor-widget elementor-widget-global elementor-global-161522 elementor-global-131872 elementor-widget-button\" data-id=\"e15d6c1\" data-element_type=\"widget\" data-e-type=\"widget\" data-widget_type=\"button.default\">\n\t\t\t\t<div class=\"elementor-widget-container\">\n\t\t\t\t\t\t\t\t\t<div class=\"elementor-button-wrapper\">\n\t\t\t\t\t<a class=\"elementor-button elementor-button-link elementor-size-lg elementor-animation-grow\" href=\"https:\/\/onedesk.com\/da\/tilmelding-gratis\/\">\n\t\t\t\t\t\t<span class=\"elementor-button-content-wrapper\">\n\t\t\t\t\t\t\t\t\t<span class=\"elementor-button-text\">Tilmeld dig gratis!<\/span>\n\t\t\t\t\t<\/span>\n\t\t\t\t\t<\/a>\n\t\t\t\t<\/div>\n\t\t\t\t\t\t\t\t<\/div>\n\t\t\t\t<\/div>\n\t\t\t\t\t<\/div>\n\t\t<\/div>\n\t\t\t\t\t<\/div>\n\t\t<\/section>\n\t\t\t\t<section class=\"elementor-section elementor-top-section elementor-element elementor-element-823e9cd elementor-section-boxed elementor-section-height-default elementor-section-height-default\" data-id=\"823e9cd\" data-element_type=\"section\" data-e-type=\"section\">\n\t\t\t\t\t\t<div class=\"elementor-container elementor-column-gap-default\">\n\t\t\t\t\t<div class=\"elementor-column elementor-col-50 elementor-top-column elementor-element elementor-element-70da196\" data-id=\"70da196\" data-element_type=\"column\" data-e-type=\"column\">\n\t\t\t<div class=\"elementor-widget-wrap elementor-element-populated\">\n\t\t\t\t\t\t<div class=\"elementor-element elementor-element-ba63af8 elementor-widget elementor-widget-image\" data-id=\"ba63af8\" data-element_type=\"widget\" data-e-type=\"widget\" data-widget_type=\"image.default\">\n\t\t\t\t<div class=\"elementor-widget-container\">\n\t\t\t\t\t\t\t\t\t\t\t\t\t\t\t<img fetchpriority=\"high\" decoding=\"async\" width=\"591\" height=\"345\" src=\"https:\/\/onedesk.com\/wp-content\/uploads\/2021\/04\/Tools-ImportScreen-1.png\" class=\"attachment-large size-large wp-image-159769\" alt=\"Central Import\" srcset=\"https:\/\/onedesk.com\/wp-content\/uploads\/2021\/04\/Tools-ImportScreen-1.png 591w, https:\/\/onedesk.com\/wp-content\/uploads\/2021\/04\/Tools-ImportScreen-1-300x175.png 300w\" sizes=\"(max-width: 591px) 100vw, 591px\" \/>\t\t\t\t\t\t\t\t\t\t\t\t\t\t\t<\/div>\n\t\t\t\t<\/div>\n\t\t\t\t\t<\/div>\n\t\t<\/div>\n\t\t\t\t<div class=\"elementor-column elementor-col-50 elementor-top-column elementor-element elementor-element-279da33\" data-id=\"279da33\" data-element_type=\"column\" data-e-type=\"column\">\n\t\t\t<div class=\"elementor-widget-wrap elementor-element-populated\">\n\t\t\t\t\t\t<div class=\"elementor-element elementor-element-a8395ff elementor-widget elementor-widget-heading\" data-id=\"a8395ff\" data-element_type=\"widget\" data-e-type=\"widget\" data-widget_type=\"heading.default\">\n\t\t\t\t<div class=\"elementor-widget-container\">\n\t\t\t\t\t<h2 class=\"elementor-heading-title elementor-size-default\">Import\u00e9r billetter, opgaver og projekter<\/h2>\t\t\t\t<\/div>\n\t\t\t\t<\/div>\n\t\t\t\t<div class=\"elementor-element elementor-element-0be61b1 elementor-widget elementor-widget-text-editor\" data-id=\"0be61b1\" data-element_type=\"widget\" data-e-type=\"widget\" data-widget_type=\"text-editor.default\">\n\t\t\t\t<div class=\"elementor-widget-container\">\n\t\t\t\t\t\t\t\t\t<p>Kommer du fra en anden helpdesk eller et andet projektledelsessystem? Migrer nemt til OneDesk ved at importere dine billetter eller opgaver fra mmp-, mpt- eller csv-format. Du kan ogs\u00e5 importere projekter og portef\u00f8ljer fra csv-filer.<\/p>\n\t\t\t\t\t\t\t\t<\/div>\n\t\t\t\t<\/div>\n\t\t\t\t\t<\/div>\n\t\t<\/div>\n\t\t\t\t\t<\/div>\n\t\t<\/section>\n\t\t\t\t<section class=\"elementor-section elementor-top-section elementor-element elementor-element-5df1f45f elementor-section-boxed elementor-section-height-default elementor-section-height-default\" data-id=\"5df1f45f\" data-element_type=\"section\" data-e-type=\"section\">\n\t\t\t\t\t\t<div class=\"elementor-container elementor-column-gap-default\">\n\t\t\t\t\t<div class=\"elementor-column elementor-col-50 elementor-top-column elementor-element elementor-element-47fe319d\" data-id=\"47fe319d\" data-element_type=\"column\" data-e-type=\"column\">\n\t\t\t<div class=\"elementor-widget-wrap elementor-element-populated\">\n\t\t\t\t\t\t<div class=\"elementor-element elementor-element-bb69fa0 elementor-widget elementor-widget-heading\" data-id=\"bb69fa0\" data-element_type=\"widget\" data-e-type=\"widget\" data-widget_type=\"heading.default\">\n\t\t\t\t<div class=\"elementor-widget-container\">\n\t\t\t\t\t<h2 class=\"elementor-heading-title elementor-size-default\">Importer brugere og kunder<\/h2>\t\t\t\t<\/div>\n\t\t\t\t<\/div>\n\t\t\t\t<div class=\"elementor-element elementor-element-45c1ad31 elementor-widget elementor-widget-text-editor\" data-id=\"45c1ad31\" data-element_type=\"widget\" data-e-type=\"widget\" data-widget_type=\"text-editor.default\">\n\t\t\t\t<div class=\"elementor-widget-container\">\n\t\t\t\t\t\t\t\t\t<p>OneDesk lader dig importere brugere og kunder via csv. Du kan tilknytte kolonnerne til de relevante egenskaber. Dette fremskynder processen med at oprette dine brugere og organisere dem i <a href=\"https:\/\/onedesk.com\/da\/funktioner-indeks\/teamledelse\/\">teams<\/a> eller oprette dine kunder og placere dem i deres respektive <a href=\"https:\/\/onedesk.com\/da\/funktioner-indeks\/b2b-kundeservice\/\">organisationer<\/a> .<\/p>\n\t\t\t\t\t\t\t\t<\/div>\n\t\t\t\t<\/div>\n\t\t\t\t\t<\/div>\n\t\t<\/div>\n\t\t\t\t<div class=\"elementor-column elementor-col-50 elementor-top-column elementor-element elementor-element-528aa99b\" data-id=\"528aa99b\" data-element_type=\"column\" data-e-type=\"column\">\n\t\t\t<div class=\"elementor-widget-wrap elementor-element-populated\">\n\t\t\t\t\t\t<div class=\"elementor-element elementor-element-28dd4ae elementor-widget elementor-widget-image\" data-id=\"28dd4ae\" data-element_type=\"widget\" data-e-type=\"widget\" data-widget_type=\"image.default\">\n\t\t\t\t<div class=\"elementor-widget-container\">\n\t\t\t\t\t\t\t\t\t\t\t\t\t\t\t<img decoding=\"async\" width=\"774\" height=\"387\" src=\"https:\/\/onedesk.com\/wp-content\/uploads\/2021\/07\/Importing-Customers-and-Users.png\" class=\"attachment-large size-large wp-image-144756\" alt=\"importere kunder eller brugere\" srcset=\"https:\/\/onedesk.com\/wp-content\/uploads\/2021\/07\/Importing-Customers-and-Users.png 774w, https:\/\/onedesk.com\/wp-content\/uploads\/2021\/07\/Importing-Customers-and-Users-300x150.png 300w, https:\/\/onedesk.com\/wp-content\/uploads\/2021\/07\/Importing-Customers-and-Users-768x384.png 768w, https:\/\/onedesk.com\/wp-content\/uploads\/2021\/07\/Importing-Customers-and-Users-600x300.png 600w, https:\/\/onedesk.com\/wp-content\/uploads\/2021\/07\/Importing-Customers-and-Users-255x128.png 255w, https:\/\/onedesk.com\/wp-content\/uploads\/2021\/07\/Importing-Customers-and-Users-160x80.png 160w, https:\/\/onedesk.com\/wp-content\/uploads\/2021\/07\/Importing-Customers-and-Users-80x40.png 80w, https:\/\/onedesk.com\/wp-content\/uploads\/2021\/07\/Importing-Customers-and-Users-480x240.png 480w, https:\/\/onedesk.com\/wp-content\/uploads\/2021\/07\/Importing-Customers-and-Users-500x250.png 500w, https:\/\/onedesk.com\/wp-content\/uploads\/2021\/07\/Importing-Customers-and-Users-750x375.png 750w, https:\/\/onedesk.com\/wp-content\/uploads\/2021\/07\/Importing-Customers-and-Users-360x180.png 360w\" sizes=\"(max-width: 774px) 100vw, 774px\" \/>\t\t\t\t\t\t\t\t\t\t\t\t\t\t\t<\/div>\n\t\t\t\t<\/div>\n\t\t\t\t\t<\/div>\n\t\t<\/div>\n\t\t\t\t\t<\/div>\n\t\t<\/section>\n\t\t\t\t<section class=\"elementor-section elementor-top-section elementor-element elementor-element-566c4c0 elementor-section-boxed elementor-section-height-default elementor-section-height-default\" data-id=\"566c4c0\" data-element_type=\"section\" data-e-type=\"section\">\n\t\t\t\t\t\t<div class=\"elementor-container elementor-column-gap-default\">\n\t\t\t\t\t<div class=\"elementor-column elementor-col-100 elementor-top-column elementor-element elementor-element-786b34b\" data-id=\"786b34b\" data-element_type=\"column\" data-e-type=\"column\">\n\t\t\t<div class=\"elementor-widget-wrap elementor-element-populated\">\n\t\t\t\t\t\t<div class=\"elementor-element elementor-element-dbfded7 elementor-widget elementor-widget-heading\" data-id=\"dbfded7\" data-element_type=\"widget\" data-e-type=\"widget\" data-widget_type=\"heading.default\">\n\t\t\t\t<div class=\"elementor-widget-container\">\n\t\t\t\t\t<h2 class=\"elementor-heading-title elementor-size-default\">L\u00e6ringsressourcer<\/h2>\t\t\t\t<\/div>\n\t\t\t\t<\/div>\n\t\t\t\t\t<\/div>\n\t\t<\/div>\n\t\t\t\t\t<\/div>\n\t\t<\/section>\n\t\t\t\t<section class=\"elementor-section elementor-top-section elementor-element elementor-element-912af77 elementor-section-boxed elementor-section-height-default elementor-section-height-default\" data-id=\"912af77\" data-element_type=\"section\" data-e-type=\"section\">\n\t\t\t\t\t\t<div class=\"elementor-container elementor-column-gap-default\">\n\t\t\t\t\t<div class=\"elementor-column elementor-col-33 elementor-top-column elementor-element elementor-element-c8e918e\" data-id=\"c8e918e\" data-element_type=\"column\" data-e-type=\"column\" data-settings=\"{&quot;background_background&quot;:&quot;classic&quot;}\">\n\t\t\t<div class=\"elementor-widget-wrap elementor-element-populated\">\n\t\t\t\t\t\t<div class=\"elementor-element elementor-element-3dafece elementor-widget elementor-widget-heading\" data-id=\"3dafece\" data-element_type=\"widget\" data-e-type=\"widget\" data-widget_type=\"heading.default\">\n\t\t\t\t<div class=\"elementor-widget-container\">\n\t\t\t\t\t<h3 class=\"elementor-heading-title elementor-size-default\"><a href=\"https:\/\/kb.onedesk.com\/app-od\/o-onedesk\/knowledge-base-1\/article-6702123c-44a5-4f68-bb0b-2721389fabd1\">Import af projekter og portef\u00f8ljer<\/a><\/h3>\t\t\t\t<\/div>\n\t\t\t\t<\/div>\n\t\t\t\t<div class=\"elementor-element elementor-element-c638bd5 elementor-widget elementor-widget-text-editor\" data-id=\"c638bd5\" data-element_type=\"widget\" data-e-type=\"widget\" data-widget_type=\"text-editor.default\">\n\t\t\t\t<div class=\"elementor-widget-container\">\n\t\t\t\t\t\t\t\t\t<p>Importer dine projektoplysninger, herunder navne, startdatoer og forfaldsdatoer.<\/p>\n<p><strong><a href=\"https:\/\/kb.onedesk.com\/app-od\/o-onedesk\/knowledge-base-1\/article-6702123c-44a5-4f68-bb0b-2721389fabd1\">L\u00e6r mere&gt;&gt;<\/a><\/strong><\/p>\n\t\t\t\t\t\t\t\t<\/div>\n\t\t\t\t<\/div>\n\t\t\t\t\t<\/div>\n\t\t<\/div>\n\t\t\t\t<div class=\"elementor-column elementor-col-33 elementor-top-column elementor-element elementor-element-5def37e\" data-id=\"5def37e\" data-element_type=\"column\" data-e-type=\"column\" data-settings=\"{&quot;background_background&quot;:&quot;classic&quot;}\">\n\t\t\t<div class=\"elementor-widget-wrap elementor-element-populated\">\n\t\t\t\t\t\t<div class=\"elementor-element elementor-element-6933b2d elementor-widget elementor-widget-heading\" data-id=\"6933b2d\" data-element_type=\"widget\" data-e-type=\"widget\" data-widget_type=\"heading.default\">\n\t\t\t\t<div class=\"elementor-widget-container\">\n\t\t\t\t\t<h3 class=\"elementor-heading-title elementor-size-default\"><a href=\"https:\/\/kb.onedesk.com\/app-od\/o-onedesk\/knowledge-base-1\/article-66e3c753-ba96-449c-aff0-fa34bf389b7f\">Import af billetter og opgaver<\/a><\/h3>\t\t\t\t<\/div>\n\t\t\t\t<\/div>\n\t\t\t\t<div class=\"elementor-element elementor-element-c082ad6 elementor-widget elementor-widget-text-editor\" data-id=\"c082ad6\" data-element_type=\"widget\" data-e-type=\"widget\" data-widget_type=\"text-editor.default\">\n\t\t\t\t<div class=\"elementor-widget-container\">\n\t\t\t\t\t\t\t\t\t<p>Tilf\u00f8j et stort antal billetter eller opgaver hurtigt med importv\u00e6rkt\u00f8jet.<\/p>\n<p><strong><a href=\"https:\/\/kb.onedesk.com\/app-od\/o-onedesk\/knowledge-base-1\/article-66e3c753-ba96-449c-aff0-fa34bf389b7f\">L\u00e6r mere&gt;&gt;<\/a><\/strong><\/p>\n\t\t\t\t\t\t\t\t<\/div>\n\t\t\t\t<\/div>\n\t\t\t\t\t<\/div>\n\t\t<\/div>\n\t\t\t\t<div class=\"elementor-column elementor-col-33 elementor-top-column elementor-element elementor-element-bb1776b\" data-id=\"bb1776b\" data-element_type=\"column\" data-e-type=\"column\" data-settings=\"{&quot;background_background&quot;:&quot;classic&quot;}\">\n\t\t\t<div class=\"elementor-widget-wrap elementor-element-populated\">\n\t\t\t\t\t\t<div class=\"elementor-element elementor-element-30a8913 elementor-widget elementor-widget-heading\" data-id=\"30a8913\" data-element_type=\"widget\" data-e-type=\"widget\" data-widget_type=\"heading.default\">\n\t\t\t\t<div class=\"elementor-widget-container\">\n\t\t\t\t\t<h3 class=\"elementor-heading-title elementor-size-default\"><a href=\"https:\/\/kb.onedesk.com\/app-od\/o-onedesk\/knowledge-base-1\/article-ed797b25-75f5-49a6-8782-dd9c87812184\">Import af brugere (agenter)<\/a><\/h3>\t\t\t\t<\/div>\n\t\t\t\t<\/div>\n\t\t\t\t<div class=\"elementor-element elementor-element-dba08d0 elementor-widget elementor-widget-text-editor\" data-id=\"dba08d0\" data-element_type=\"widget\" data-e-type=\"widget\" data-widget_type=\"text-editor.default\">\n\t\t\t\t<div class=\"elementor-widget-container\">\n\t\t\t\t\t\t\t\t\t<p>Bring din virksomhed ind i OneDesk og organiser nemt alle i de rigtige teams.&nbsp;<\/p>\n<p><a href=\"https:\/\/kb.onedesk.com\/app-od\/o-onedesk\/knowledge-base-1\/article-ed797b25-75f5-49a6-8782-dd9c87812184\"><strong>L\u00e6r mere&gt;&gt;<\/strong><\/a><\/p>\t\t\t\t\t\t\t\t<\/div>\n\t\t\t\t<\/div>\n\t\t\t\t\t<\/div>\n\t\t<\/div>\n\t\t\t\t\t<\/div>\n\t\t<\/section>\n\t\t\t\t<\/div>\n\t\t","protected":false},"excerpt":{"rendered":"<p>Import af brugere og kunder Migrer nemt til OneDesk, tilf\u00f8j dit team og kunder, eller opret nyt arbejde. Sign up free! Import\u00e9r billetter, opgaver og projekter Kommer du fra en anden helpdesk eller et andet projektledelsessystem? Migrer nemt til OneDesk ved at importere dine billetter eller opgaver fra mmp-, mpt- eller csv-format. Du kan ogs\u00e5 [&hellip;]<\/p>\n","protected":false},"author":30,"featured_media":0,"parent":151670,"menu_order":23,"comment_status":"closed","ping_status":"closed","template":"","meta":{"tpgb_global_settings":"","_crdt_document":"","inline_featured_image":false,"site-sidebar-layout":"default","site-content-layout":"","ast-site-content-layout":"default","site-content-style":"default","site-sidebar-style":"default","ast-global-header-display":"","ast-banner-title-visibility":"","ast-main-header-display":"","ast-hfb-above-header-display":"","ast-hfb-below-header-display":"","ast-hfb-mobile-header-display":"","site-post-title":"","ast-breadcrumbs-content":"","ast-featured-img":"","footer-sml-layout":"","ast-disable-related-posts":"","theme-transparent-header-meta":"","adv-header-id-meta":"","stick-header-meta":"","header-above-stick-meta":"","header-main-stick-meta":"","header-below-stick-meta":"","astra-migrate-meta-layouts":"default","ast-page-background-enabled":"default","ast-page-background-meta":{"desktop":{"background-color":"var(--ast-global-color-4)","background-image":"","background-repeat":"repeat","background-position":"center center","background-size":"auto","background-attachment":"scroll","background-type":"","background-media":"","overlay-type":"","overlay-color":"","overlay-opacity":"","overlay-gradient":""},"tablet":{"background-color":"","background-image":"","background-repeat":"repeat","background-position":"center center","background-size":"auto","background-attachment":"scroll","background-type":"","background-media":"","overlay-type":"","overlay-color":"","overlay-opacity":"","overlay-gradient":""},"mobile":{"background-color":"","background-image":"","background-repeat":"repeat","background-position":"center center","background-size":"auto","background-attachment":"scroll","background-type":"","background-media":"","overlay-type":"","overlay-color":"","overlay-opacity":"","overlay-gradient":""}},"ast-content-background-meta":{"desktop":{"background-color":"var(--ast-global-color-5)","background-image":"","background-repeat":"repeat","background-position":"center center","background-size":"auto","background-attachment":"scroll","background-type":"","background-media":"","overlay-type":"","overlay-color":"","overlay-opacity":"","overlay-gradient":""},"tablet":{"background-color":"var(--ast-global-color-5)","background-image":"","background-repeat":"repeat","background-position":"center center","background-size":"auto","background-attachment":"scroll","background-type":"","background-media":"","overlay-type":"","overlay-color":"","overlay-opacity":"","overlay-gradient":""},"mobile":{"background-color":"var(--ast-global-color-5)","background-image":"","background-repeat":"repeat","background-position":"center center","background-size":"auto","background-attachment":"scroll","background-type":"","background-media":"","overlay-type":"","overlay-color":"","overlay-opacity":"","overlay-gradient":""}},"footnotes":""},"class_list":["post-155507","page","type-page","status-publish","hentry"],"yoast_head":"<!-- This site is optimized with the Yoast SEO Premium plugin v27.3 (Yoast SEO v27.3) - https:\/\/yoast.com\/product\/yoast-seo-premium-wordpress\/ -->\n<title>Importerer | Funktioner | OneDesk Help Desk &amp; Projektledelse<\/title>\n<meta name=\"description\" content=\"OneDesk er helpdesk- og projektstyringssoftware. Fremskynd din ops\u00e6tningsproces ved at importere brugere og kunder til OneDesk-systemet.\" \/>\n<meta name=\"robots\" content=\"index, follow, max-snippet:-1, max-image-preview:large, max-video-preview:-1\" \/>\n<link rel=\"canonical\" href=\"https:\/\/onedesk.com\/da\/funktioner-indeks\/import-brugere-kunder\/\" \/>\n<meta property=\"og:locale\" content=\"da_DK\" \/>\n<meta property=\"og:type\" content=\"article\" \/>\n<meta property=\"og:title\" content=\"Importerer | Funktioner | OneDesk Help Desk &amp; Projektledelse\" \/>\n<meta property=\"og:description\" content=\"OneDesk er helpdesk- og projektstyringssoftware. Fremskynd din ops\u00e6tningsproces ved at importere brugere og kunder til OneDesk-systemet.\" \/>\n<meta property=\"og:url\" content=\"https:\/\/onedesk.com\/da\/funktioner-indeks\/import-brugere-kunder\/\" \/>\n<meta property=\"og:site_name\" content=\"OneDesk\" \/>\n<meta property=\"article:publisher\" content=\"https:\/\/www.facebook.com\/OneDeskApp\" \/>\n<meta property=\"article:modified_time\" content=\"2023-08-08T18:57:41+00:00\" \/>\n<meta property=\"og:image\" content=\"https:\/\/onedesk.com\/wp-content\/uploads\/2021\/04\/Tools-ImportScreen-1.png\" \/>\n<meta name=\"twitter:card\" content=\"summary_large_image\" \/>\n<meta name=\"twitter:site\" content=\"@OneDeskApp\" \/>\n<meta name=\"twitter:label1\" content=\"Est. reading time\" \/>\n\t<meta name=\"twitter:data1\" content=\"1 minute\" \/>\n<!-- \/ Yoast SEO Premium plugin. -->","yoast_head_json":{"title":"Importerer | Funktioner | OneDesk Help Desk & Projektledelse","description":"OneDesk er helpdesk- og projektstyringssoftware. Fremskynd din ops\u00e6tningsproces ved at importere brugere og kunder til OneDesk-systemet.","robots":{"index":"index","follow":"follow","max-snippet":"max-snippet:-1","max-image-preview":"max-image-preview:large","max-video-preview":"max-video-preview:-1"},"canonical":"https:\/\/onedesk.com\/da\/funktioner-indeks\/import-brugere-kunder\/","og_locale":"da_DK","og_type":"article","og_title":"Importerer | Funktioner | OneDesk Help Desk & Projektledelse","og_description":"OneDesk er helpdesk- og projektstyringssoftware. Fremskynd din ops\u00e6tningsproces ved at importere brugere og kunder til OneDesk-systemet.","og_url":"https:\/\/onedesk.com\/da\/funktioner-indeks\/import-brugere-kunder\/","og_site_name":"OneDesk","article_publisher":"https:\/\/www.facebook.com\/OneDeskApp","article_modified_time":"2023-08-08T18:57:41+00:00","og_image":[{"url":"https:\/\/onedesk.com\/wp-content\/uploads\/2021\/04\/Tools-ImportScreen-1.png","type":"","width":"","height":""}],"twitter_card":"summary_large_image","twitter_site":"@OneDeskApp","twitter_misc":{"Est. reading time":"1 minute"},"schema":{"@context":"https:\/\/schema.org","@graph":[{"@type":"WebPage","@id":"https:\/\/onedesk.com\/da\/funktioner-indeks\/import-brugere-kunder\/","url":"https:\/\/onedesk.com\/da\/funktioner-indeks\/import-brugere-kunder\/","name":"Importerer | Funktioner | OneDesk Help Desk & Projektledelse","isPartOf":{"@id":"https:\/\/onedesk.com\/da\/#website"},"primaryImageOfPage":{"@id":"https:\/\/onedesk.com\/da\/funktioner-indeks\/import-brugere-kunder\/#primaryimage"},"image":{"@id":"https:\/\/onedesk.com\/da\/funktioner-indeks\/import-brugere-kunder\/#primaryimage"},"thumbnailUrl":"https:\/\/onedesk.com\/wp-content\/uploads\/2021\/04\/Tools-ImportScreen-1.png","datePublished":"2021-12-20T16:08:20+00:00","dateModified":"2023-08-08T18:57:41+00:00","description":"OneDesk er helpdesk- og projektstyringssoftware. Fremskynd din ops\u00e6tningsproces ved at importere brugere og kunder til OneDesk-systemet.","breadcrumb":{"@id":"https:\/\/onedesk.com\/da\/funktioner-indeks\/import-brugere-kunder\/#breadcrumb"},"inLanguage":"da-DK","potentialAction":[{"@type":"ReadAction","target":["https:\/\/onedesk.com\/da\/funktioner-indeks\/import-brugere-kunder\/"]}]},{"@type":"ImageObject","inLanguage":"da-DK","@id":"https:\/\/onedesk.com\/da\/funktioner-indeks\/import-brugere-kunder\/#primaryimage","url":"https:\/\/onedesk.com\/wp-content\/uploads\/2021\/04\/Tools-ImportScreen-1.png","contentUrl":"https:\/\/onedesk.com\/wp-content\/uploads\/2021\/04\/Tools-ImportScreen-1.png"},{"@type":"BreadcrumbList","@id":"https:\/\/onedesk.com\/da\/funktioner-indeks\/import-brugere-kunder\/#breadcrumb","itemListElement":[{"@type":"ListItem","position":1,"name":"OneDesk-funktionsindeks","item":"https:\/\/onedesk.com\/da\/funktioner-indeks\/"},{"@type":"ListItem","position":2,"name":"Importerer"}]},{"@type":"WebSite","@id":"https:\/\/onedesk.com\/da\/#website","url":"https:\/\/onedesk.com\/da\/","name":"OneDesk","description":"Projektledelse og Helpdesk -software","publisher":{"@id":"https:\/\/onedesk.com\/da\/#organization"},"potentialAction":[{"@type":"SearchAction","target":{"@type":"EntryPoint","urlTemplate":"https:\/\/onedesk.com\/da\/?s={search_term_string}"},"query-input":{"@type":"PropertyValueSpecification","valueRequired":true,"valueName":"search_term_string"}}],"inLanguage":"da-DK"},{"@type":"Organization","@id":"https:\/\/onedesk.com\/da\/#organization","name":"OneDesk","url":"https:\/\/onedesk.com\/da\/","logo":{"@type":"ImageObject","inLanguage":"da-DK","@id":"https:\/\/onedesk.com\/da\/#\/schema\/logo\/image\/","url":"https:\/\/onedesk.com\/wp-content\/uploads\/2016\/01\/white-logo-small.png","contentUrl":"https:\/\/onedesk.com\/wp-content\/uploads\/2016\/01\/white-logo-small.png","width":207,"height":40,"caption":"OneDesk"},"image":{"@id":"https:\/\/onedesk.com\/da\/#\/schema\/logo\/image\/"},"sameAs":["https:\/\/www.facebook.com\/OneDeskApp","https:\/\/x.com\/OneDeskApp","https:\/\/www.instagram.com\/onedeskapp\/","https:\/\/www.linkedin.com\/company\/onedesk-inc-1","https:\/\/www.pinterest.com\/onedesk\/","https:\/\/www.youtube.com\/user\/OneDeskApp"]}]}},"tpgb_featured_images":null,"tpgb_post_meta_info":{"get_date":"December 20, 2021","get_modified_date":"August 8, 2023","author_name":"Erin Richardson","author_url":"https:\/\/onedesk.com\/da\/author\/erin-richardsononedesk-com\/","author_email":"erin.richardson@onedesk.com","author_website":"","author_description":"","author_facebook":"","author_twitter":"","author_instagram":"","author_role":["administrator"],"author_firstname":"Erin","author_lastname":"Richardson","user_login":"erin.richardson@onedesk.com","author_avatar":"<img alt='' src='https:\/\/secure.gravatar.com\/avatar\/5b43ac2756efc1d5aa46746163fa71ceee43f42a78652ebc70940d512d77cba0?s=200&#038;d=mm&#038;r=g' srcset='https:\/\/secure.gravatar.com\/avatar\/5b43ac2756efc1d5aa46746163fa71ceee43f42a78652ebc70940d512d77cba0?s=400&#038;d=mm&#038;r=g 2x' class='avatar avatar-200 photo' height='200' width='200' decoding='async'\/>","author_avatar_url":"https:\/\/secure.gravatar.com\/avatar\/5b43ac2756efc1d5aa46746163fa71ceee43f42a78652ebc70940d512d77cba0?s=96&d=mm&r=g","comment_count":0,"post_likes":0,"post_views":0},"tpgb_post_category":[],"jetpack_shortlink":"https:\/\/wp.me\/PfpPaI-Esb","amp_enabled":true,"_links":{"self":[{"href":"https:\/\/onedesk.com\/da\/wp-json\/wp\/v2\/pages\/155507","targetHints":{"allow":["GET"]}}],"collection":[{"href":"https:\/\/onedesk.com\/da\/wp-json\/wp\/v2\/pages"}],"about":[{"href":"https:\/\/onedesk.com\/da\/wp-json\/wp\/v2\/types\/page"}],"author":[{"embeddable":true,"href":"https:\/\/onedesk.com\/da\/wp-json\/wp\/v2\/users\/30"}],"replies":[{"embeddable":true,"href":"https:\/\/onedesk.com\/da\/wp-json\/wp\/v2\/comments?post=155507"}],"version-history":[{"count":5,"href":"https:\/\/onedesk.com\/da\/wp-json\/wp\/v2\/pages\/155507\/revisions"}],"predecessor-version":[{"id":252649,"href":"https:\/\/onedesk.com\/da\/wp-json\/wp\/v2\/pages\/155507\/revisions\/252649"}],"up":[{"embeddable":true,"href":"https:\/\/onedesk.com\/da\/wp-json\/wp\/v2\/pages\/151670"}],"wp:attachment":[{"href":"https:\/\/onedesk.com\/da\/wp-json\/wp\/v2\/media?parent=155507"}],"curies":[{"name":"wp","href":"https:\/\/api.w.org\/{rel}","templated":true}]}}