{"id":157732,"date":"2021-12-21T21:42:23","date_gmt":"2021-12-21T21:42:23","guid":{"rendered":"https:\/\/onedesk.com\/tilmelding-gratis\/"},"modified":"2023-10-27T18:14:08","modified_gmt":"2023-10-27T18:14:08","slug":"tilmeldingsfri-2","status":"publish","type":"page","link":"https:\/\/onedesk.com\/da\/tilmeldingsfri-2\/","title":{"rendered":"Tilmeld dig gratis"},"content":{"rendered":"\t\t<div data-elementor-type=\"wp-page\" data-elementor-id=\"157732\" class=\"elementor elementor-157732 elementor-56411\" data-elementor-post-type=\"page\">\n\t\t\t\t\t\t<section class=\"elementor-section elementor-top-section elementor-element elementor-element-8c09bc8 elementor-section-boxed elementor-section-height-default elementor-section-height-default\" data-id=\"8c09bc8\" data-element_type=\"section\" data-e-type=\"section\">\n\t\t\t\t\t\t<div class=\"elementor-container elementor-column-gap-default\">\n\t\t\t\t\t<div class=\"elementor-column elementor-col-100 elementor-top-column elementor-element elementor-element-21aa901\" data-id=\"21aa901\" data-element_type=\"column\" data-e-type=\"column\">\n\t\t\t<div class=\"elementor-widget-wrap elementor-element-populated\">\n\t\t\t\t\t\t<div class=\"elementor-element elementor-element-e18c180 elementor-widget elementor-widget-html\" data-id=\"e18c180\" data-element_type=\"widget\" data-e-type=\"widget\" data-widget_type=\"html.default\">\n\t\t\t\t<div class=\"elementor-widget-container\">\n\t\t\t\t\t<!-- begin reCaptcha -->\n<script type=\"text\/javascript\">\n    var RECAPTCHA_PUBLIC_KEY = '6LdnQw8eAAAAAFBpg34skPk47RDUCdGxl_HjCjwU';\n<\/script>\n<script src=\"https:\/\/www.google.com\/recaptcha\/api.js?render=6LdnQw8eAAAAAFBpg34skPk47RDUCdGxl_HjCjwU\"><\/script>\n<!-- end reCaptcha -->\n<div id=\"noODwidget\" style=\"display:none\"><\/div>\n\t\t\t\t<\/div>\n\t\t\t\t<\/div>\n\t\t\t\t\t<\/div>\n\t\t<\/div>\n\t\t\t\t\t<\/div>\n\t\t<\/section>\n\t\t<div class=\"elementor-element elementor-element-4997679 e-flex e-con-boxed e-con e-parent\" data-id=\"4997679\" data-element_type=\"container\" data-e-type=\"container\">\n\t\t\t\t\t<div class=\"e-con-inner\">\n\t\t<div class=\"elementor-element elementor-element-c6987ed e-con-full e-flex e-con e-child\" data-id=\"c6987ed\" data-element_type=\"container\" data-e-type=\"container\" data-settings=\"{&quot;background_background&quot;:&quot;classic&quot;}\">\n\t\t\t\t<div class=\"elementor-element elementor-element-7d5d16b elementor-widget elementor-widget-heading\" data-id=\"7d5d16b\" data-element_type=\"widget\" data-e-type=\"widget\" data-widget_type=\"heading.default\">\n\t\t\t\t<div class=\"elementor-widget-container\">\n\t\t\t\t\t<h1 class=\"elementor-heading-title elementor-size-default\">Velkommen til din OneDesk<\/h1>\t\t\t\t<\/div>\n\t\t\t\t<\/div>\n\t\t\t\t<div class=\"elementor-element elementor-element-b84b184 elementor-widget elementor-widget-text-editor\" data-id=\"b84b184\" data-element_type=\"widget\" data-e-type=\"widget\" data-widget_type=\"text-editor.default\">\n\t\t\t\t<div class=\"elementor-widget-container\">\n\t\t\t\t\t\t\t\t\t<p>Indtast f\u00f8rst din e-mailadresse<\/p>\n\t\t\t\t\t\t\t\t<\/div>\n\t\t\t\t<\/div>\n\t\t\t\t<div class=\"elementor-element elementor-element-d05374e elementor-widget elementor-widget-formidable\" data-id=\"d05374e\" data-element_type=\"widget\" data-e-type=\"widget\" data-widget_type=\"formidable.default\">\n\t\t\t\t<div class=\"elementor-widget-container\">\n\t\t\t\t\t<div class=\"frm_forms  with_frm_style frm_style_formidable-style-3\" id=\"frm_form_14_container\" >\n<form enctype=\"multipart\/form-data\" method=\"post\" class=\"frm-show-form  frm_pro_form \" id=\"form_8f9rm96951391a39\" >\n<div class=\"frm_form_fields \">\n<fieldset>\n<div class=\"frm_fields_container\">\n<input type=\"hidden\" name=\"frm_action\" value=\"create\" \/>\n<input type=\"hidden\" name=\"form_id\" value=\"14\" \/>\n<input type=\"hidden\" name=\"frm_hide_fields_14\" id=\"frm_hide_fields_14\" value=\"\" \/>\n<input type=\"hidden\" name=\"form_key\" value=\"8f9rm96951391a39\" \/>\n<input type=\"hidden\" name=\"item_meta[0]\" value=\"\" \/>\n<input type=\"hidden\" id=\"frm_submit_entry_14\" name=\"frm_submit_entry_14\" value=\"7b5e0f1162\" \/><input type=\"hidden\" name=\"_wp_http_referer\" value=\"\/da\/wp-json\/wp\/v2\/pages\/157732\" \/><div id=\"frm_field_37_container\" class=\"frm_form_field form-field  frm_required_field frm_top_container frm_first frm_half\">\r\n    <input type=\"email\" id=\"field_b8sco77008fa915e\" name=\"item_meta[37]\" value=\"\"  data-reqmsg=\"Email Address cannot be blank.\" aria-required=\"true\" data-invmsg=\"Email Address is invalid\" placeholder=\"Enter your work email...\" style=\"font-size:14px\" aria-invalid=\"false\"  \/>\r\n    \r\n    \r\n<\/div>\n<div id=\"frm_field_144_container\" class=\"frm_form_field form-field \">\n\t<div class=\"frm_submit frm_half\">\r\n\r\n<input type=\"submit\" style=\"font-size:20px\" value=\"Continue\"  class=\"frm_final_submit\" formnovalidate=\"formnovalidate\" \/>\r\n<img decoding=\"async\" class=\"frm_ajax_loading\" src=\"https:\/\/onedesk.com\/wp-content\/plugins\/formidable\/images\/ajax_loader.gif\" alt=\"Sending\"\/>\r\n \n<\/div>\n\t<input type=\"hidden\" name=\"item_key\" value=\"\" \/>\n\t\t\t<div id=\"frm_field_145_container\">\n\t\t\t<label for=\"field_hre5e\" >\n\t\t\t\tIf you are human, leave this field blank.\t\t\t<\/label>\n\t\t\t<input  id=\"field_hre5e\" type=\"text\" class=\"frm_form_field form-field frm_verify\" name=\"item_meta[145]\" value=\"\"  \/>\n\t\t<\/div>\n\t\t<input name=\"frm_state\" type=\"hidden\" value=\"6qfuaf2lh74i6JgH7m5DJHOoF2TivBc8ud5mxaCY+xGKCeffmWJi5PY0iNCSQGg0\" \/><\/div>\n<\/fieldset>\n<\/div>\n\n<p style=\"display: none !important;\" class=\"akismet-fields-container\" data-prefix=\"ak_\"><label>&#916;<textarea name=\"ak_hp_textarea\" cols=\"45\" rows=\"8\" maxlength=\"100\"><\/textarea><\/label><input type=\"hidden\" id=\"ak_js_1\" name=\"ak_js\" value=\"111\"\/><script>document.getElementById( \"ak_js_1\" ).setAttribute( \"value\", ( new Date() ).getTime() );<\/script><\/p><\/form>\n<\/div>\n\t\t\t\t<\/div>\n\t\t\t\t<\/div>\n\t\t<div class=\"elementor-element elementor-element-337c9ed e-flex e-con-boxed e-con e-child\" data-id=\"337c9ed\" data-element_type=\"container\" data-e-type=\"container\">\n\t\t\t\t\t<div class=\"e-con-inner\">\n\t\t\t\t<div class=\"elementor-element elementor-element-b736f99 elementor-widget elementor-widget-text-editor\" data-id=\"b736f99\" data-element_type=\"widget\" data-e-type=\"widget\" data-widget_type=\"text-editor.default\">\n\t\t\t\t<div class=\"elementor-widget-container\">\n\t\t\t\t\t\t\t\t\t<p>Der findes allerede en OneDesk-konto med denne e-mailadresse. Brug venligst en af \u200b\u200bnedenst\u00e5ende muligheder:<\/p>\n\t\t\t\t\t\t\t\t<\/div>\n\t\t\t\t<\/div>\n\t\t<div class=\"elementor-element elementor-element-42e87e1 e-con-full e-flex e-con e-child\" data-id=\"42e87e1\" data-element_type=\"container\" data-e-type=\"container\">\n\t\t\t\t<div class=\"elementor-element elementor-element-76fae52 elementor-widget elementor-widget-button\" data-id=\"76fae52\" data-element_type=\"widget\" data-e-type=\"widget\" data-widget_type=\"button.default\">\n\t\t\t\t<div class=\"elementor-widget-container\">\n\t\t\t\t\t\t\t\t\t<div class=\"elementor-button-wrapper\">\n\t\t\t\t\t<a class=\"elementor-button elementor-button-link elementor-size-sm\" href=\"https:\/\/app.onedesk.com\">\n\t\t\t\t\t\t<span class=\"elementor-button-content-wrapper\">\n\t\t\t\t\t\t\t\t\t<span class=\"elementor-button-text\">Log ind<\/span>\n\t\t\t\t\t<\/span>\n\t\t\t\t\t<\/a>\n\t\t\t\t<\/div>\n\t\t\t\t\t\t\t\t<\/div>\n\t\t\t\t<\/div>\n\t\t\t\t<div class=\"elementor-element elementor-element-5f60186 elementor-widget elementor-widget-button\" data-id=\"5f60186\" data-element_type=\"widget\" data-e-type=\"widget\" data-widget_type=\"button.default\">\n\t\t\t\t<div class=\"elementor-widget-container\">\n\t\t\t\t\t\t\t\t\t<div class=\"elementor-button-wrapper\">\n\t\t\t\t\t<a class=\"elementor-button elementor-button-link elementor-size-sm\" href=\"https:\/\/app.onedesk.com\/html\/confirmation\/reset_password.html\">\n\t\t\t\t\t\t<span class=\"elementor-button-content-wrapper\">\n\t\t\t\t\t\t\t\t\t<span class=\"elementor-button-text\">Nulstille kodeord<\/span>\n\t\t\t\t\t<\/span>\n\t\t\t\t\t<\/a>\n\t\t\t\t<\/div>\n\t\t\t\t\t\t\t\t<\/div>\n\t\t\t\t<\/div>\n\t\t\t\t<\/div>\n\t\t\t\t\t<\/div>\n\t\t\t\t<\/div>\n\t\t\t\t<div class=\"elementor-element elementor-element-0ec26a1 elementor-widget elementor-widget-text-editor\" data-id=\"0ec26a1\" data-element_type=\"widget\" data-e-type=\"widget\" data-widget_type=\"text-editor.default\">\n\t\t\t\t<div class=\"elementor-widget-container\">\n\t\t\t\t\t\t\t\t\t<p>ELLER<\/p>\n\t\t\t\t\t\t\t\t<\/div>\n\t\t\t\t<\/div>\n\t\t\t\t<div class=\"elementor-element elementor-element-719f830 elementor-widget elementor-widget-html\" data-id=\"719f830\" data-element_type=\"widget\" data-e-type=\"widget\" data-widget_type=\"html.default\">\n\t\t\t\t<div class=\"elementor-widget-container\">\n\t\t\t\t\t<br><a href=\"https:\/\/login.microsoftonline.com\/common\/oauth2\/v2.0\/authorize?client_id=85537a8d-b538-4105-9460-e9cef6597169&amp;response_type=code&amp;redirect_uri=https:\/\/app.onedesk.com\/integrations\/azuread\/token&amp;response_mode=query&amp;scope=openid%20email%20user.read%20profile%20directory.read.all\" onclick=\"ga('send', 'event', 'white', 'white', {transport: 'beacon'});ga('send', 'event', 'Signup', 'Success', {transport: 'beacon'});setTimeout(function(){return true;},1500);\"><img decoding=\"async\" src=\"https:\/\/onedesk.com\/wp-content\/uploads\/2023\/09\/continue-ms-button.svg\" alt=\"Sign in with your Microsoft account\" width=\"275\"><\/a> \n<br>\n<a id=\"GoogleSigninButton\" onclick=\"ga('send', 'event', 'red', 'red', {transport: 'beacon'});ga('send', 'event', 'SignUp', 'Success', {transport: 'beacon'});return false;\" href=\"#\"><img decoding=\"async\" src=\"https:\/\/onedesk.com\/wp-content\/uploads\/2023\/09\/continue-google-button.svg\" alt=\"Sign in with your Google account\" width=\"275\"><\/a>  \n<br>\t\t\t\t<\/div>\n\t\t\t\t<\/div>\n\t\t\t\t<div class=\"elementor-element elementor-element-907ccf9 elementor-icon-list--layout-inline elementor-align-center elementor-widget__width-inherit elementor-widget-mobile__width-inherit elementor-list-item-link-full_width elementor-widget elementor-widget-icon-list\" data-id=\"907ccf9\" data-element_type=\"widget\" data-e-type=\"widget\" data-widget_type=\"icon-list.default\">\n\t\t\t\t<div class=\"elementor-widget-container\">\n\t\t\t\t\t\t\t<ul class=\"elementor-icon-list-items elementor-inline-items\">\n\t\t\t\t\t\t\t<li class=\"elementor-icon-list-item elementor-inline-item\">\n\t\t\t\t\t\t\t\t\t\t<span class=\"elementor-icon-list-text\">Gratis pr\u00f8veversion med alle funktioner.<\/span>\n\t\t\t\t\t\t\t\t\t<\/li>\n\t\t\t\t\t\t\t\t<li class=\"elementor-icon-list-item elementor-inline-item\">\n\t\t\t\t\t\t\t\t\t\t<span class=\"elementor-icon-list-text\">Gratis ubegr\u00e6nset support.<\/span>\n\t\t\t\t\t\t\t\t\t<\/li>\n\t\t\t\t\t\t\t\t<li class=\"elementor-icon-list-item elementor-inline-item\">\n\t\t\t\t\t\t\t\t\t\t<span class=\"elementor-icon-list-text\">Intet kreditkort p\u00e5kr\u00e6vet.<\/span>\n\t\t\t\t\t\t\t\t\t<\/li>\n\t\t\t\t\t\t<\/ul>\n\t\t\t\t\t\t<\/div>\n\t\t\t\t<\/div>\n\t\t\t\t<\/div>\n\t\t\t\t\t<\/div>\n\t\t\t\t<\/div>\n\t\t<div class=\"elementor-element elementor-element-776c9c9 e-flex e-con-boxed e-con e-parent\" data-id=\"776c9c9\" data-element_type=\"container\" data-e-type=\"container\">\n\t\t\t\t\t<div class=\"e-con-inner\">\n\t\t\t\t\t<\/div>\n\t\t\t\t<\/div>\n\t\t\t\t<\/div>\n\t\t","protected":false},"excerpt":{"rendered":"<p>Velkommen til din OneDesk Indtast f\u00f8rst din e-mailadresse If you are human, leave this field blank. &#916; Der findes allerede en OneDesk-konto med denne e-mailadresse. Brug venligst en af \u200b\u200bnedenst\u00e5ende muligheder: Log ind Nulstille kodeord ELLER Gratis pr\u00f8veversion med alle funktioner. Gratis ubegr\u00e6nset support. Intet kreditkort p\u00e5kr\u00e6vet.<\/p>\n","protected":false},"author":27,"featured_media":0,"parent":0,"menu_order":20,"comment_status":"closed","ping_status":"closed","template":"elementor_canvas","meta":{"tpgb_global_settings":"","_crdt_document":"","inline_featured_image":false,"site-sidebar-layout":"no-sidebar","site-content-layout":"page-builder","ast-site-content-layout":"default","site-content-style":"default","site-sidebar-style":"default","ast-global-header-display":"","ast-banner-title-visibility":"","ast-main-header-display":"","ast-hfb-above-header-display":"","ast-hfb-below-header-display":"","ast-hfb-mobile-header-display":"","site-post-title":"disabled","ast-breadcrumbs-content":"","ast-featured-img":"disabled","footer-sml-layout":"","ast-disable-related-posts":"","theme-transparent-header-meta":"","adv-header-id-meta":"","stick-header-meta":"","header-above-stick-meta":"","header-main-stick-meta":"","header-below-stick-meta":"","astra-migrate-meta-layouts":"default","ast-page-background-enabled":"default","ast-page-background-meta":{"desktop":{"background-color":"var(--ast-global-color-4)","background-image":"","background-repeat":"repeat","background-position":"center center","background-size":"auto","background-attachment":"scroll","background-type":"","background-media":"","overlay-type":"","overlay-color":"","overlay-opacity":"","overlay-gradient":""},"tablet":{"background-color":"","background-image":"","background-repeat":"repeat","background-position":"center center","background-size":"auto","background-attachment":"scroll","background-type":"","background-media":"","overlay-type":"","overlay-color":"","overlay-opacity":"","overlay-gradient":""},"mobile":{"background-color":"","background-image":"","background-repeat":"repeat","background-position":"center center","background-size":"auto","background-attachment":"scroll","background-type":"","background-media":"","overlay-type":"","overlay-color":"","overlay-opacity":"","overlay-gradient":""}},"ast-content-background-meta":{"desktop":{"background-color":"var(--ast-global-color-5)","background-image":"","background-repeat":"repeat","background-position":"center center","background-size":"auto","background-attachment":"scroll","background-type":"","background-media":"","overlay-type":"","overlay-color":"","overlay-opacity":"","overlay-gradient":""},"tablet":{"background-color":"var(--ast-global-color-5)","background-image":"","background-repeat":"repeat","background-position":"center center","background-size":"auto","background-attachment":"scroll","background-type":"","background-media":"","overlay-type":"","overlay-color":"","overlay-opacity":"","overlay-gradient":""},"mobile":{"background-color":"var(--ast-global-color-5)","background-image":"","background-repeat":"repeat","background-position":"center center","background-size":"auto","background-attachment":"scroll","background-type":"","background-media":"","overlay-type":"","overlay-color":"","overlay-opacity":"","overlay-gradient":""}},"footnotes":""},"class_list":["post-157732","page","type-page","status-publish","hentry"],"yoast_head":"<!-- This site is optimized with the Yoast SEO Premium plugin v27.2 (Yoast SEO v27.3) - https:\/\/yoast.com\/product\/yoast-seo-premium-wordpress\/ -->\n<title>Tilmeld dig gratis | OneDesk HelpDesk &amp; Project Management Software<\/title>\n<meta name=\"description\" content=\"Tilmeld dig en 14-dages gratis pr\u00f8veversion af OneDesk. Intet kreditkort p\u00e5kr\u00e6vet. OneDesk er helpdesk og projektstyring i en app.\" \/>\n<meta name=\"robots\" content=\"index, follow, max-snippet:-1, max-image-preview:large, max-video-preview:-1\" \/>\n<link rel=\"canonical\" href=\"https:\/\/onedesk.com\/da\/tilmeldingsfri-2\/\" \/>\n<meta property=\"og:locale\" content=\"da_DK\" \/>\n<meta property=\"og:type\" content=\"article\" \/>\n<meta property=\"og:title\" content=\"Tilmeld dig gratis | OneDesk HelpDesk &amp; Project Management Software\" \/>\n<meta property=\"og:description\" content=\"Tilmeld dig en 14-dages gratis pr\u00f8veversion af OneDesk. Intet kreditkort p\u00e5kr\u00e6vet. OneDesk er helpdesk og projektstyring i en app.\" \/>\n<meta property=\"og:url\" content=\"https:\/\/onedesk.com\/da\/tilmeldingsfri-2\/\" \/>\n<meta property=\"og:site_name\" content=\"OneDesk\" \/>\n<meta property=\"article:publisher\" content=\"https:\/\/www.facebook.com\/OneDeskApp\" \/>\n<meta property=\"article:modified_time\" content=\"2023-10-27T18:14:08+00:00\" \/>\n<meta property=\"og:image\" content=\"https:\/\/onedesk.com\/wp-content\/plugins\/formidable\/images\/ajax_loader.gif\" \/>\n<meta name=\"twitter:card\" content=\"summary_large_image\" \/>\n<meta name=\"twitter:site\" content=\"@OneDeskApp\" \/>\n<!-- \/ Yoast SEO Premium plugin. -->","yoast_head_json":{"title":"Tilmeld dig gratis | OneDesk HelpDesk & Project Management Software","description":"Tilmeld dig en 14-dages gratis pr\u00f8veversion af OneDesk. Intet kreditkort p\u00e5kr\u00e6vet. OneDesk er helpdesk og projektstyring i en app.","robots":{"index":"index","follow":"follow","max-snippet":"max-snippet:-1","max-image-preview":"max-image-preview:large","max-video-preview":"max-video-preview:-1"},"canonical":"https:\/\/onedesk.com\/da\/tilmeldingsfri-2\/","og_locale":"da_DK","og_type":"article","og_title":"Tilmeld dig gratis | OneDesk HelpDesk & Project Management Software","og_description":"Tilmeld dig en 14-dages gratis pr\u00f8veversion af OneDesk. Intet kreditkort p\u00e5kr\u00e6vet. OneDesk er helpdesk og projektstyring i en app.","og_url":"https:\/\/onedesk.com\/da\/tilmeldingsfri-2\/","og_site_name":"OneDesk","article_publisher":"https:\/\/www.facebook.com\/OneDeskApp","article_modified_time":"2023-10-27T18:14:08+00:00","og_image":[{"url":"https:\/\/onedesk.com\/wp-content\/plugins\/formidable\/images\/ajax_loader.gif","type":"","width":"","height":""}],"twitter_card":"summary_large_image","twitter_site":"@OneDeskApp","schema":{"@context":"https:\/\/schema.org","@graph":[{"@type":"WebPage","@id":"https:\/\/onedesk.com\/da\/tilmeldingsfri-2\/","url":"https:\/\/onedesk.com\/da\/tilmeldingsfri-2\/","name":"Tilmeld dig gratis | OneDesk HelpDesk & Project Management Software","isPartOf":{"@id":"https:\/\/onedesk.com\/da\/#website"},"primaryImageOfPage":{"@id":"https:\/\/onedesk.com\/da\/tilmeldingsfri-2\/#primaryimage"},"image":{"@id":"https:\/\/onedesk.com\/da\/tilmeldingsfri-2\/#primaryimage"},"thumbnailUrl":"https:\/\/onedesk.com\/wp-content\/plugins\/formidable\/images\/ajax_loader.gif","datePublished":"2021-12-21T21:42:23+00:00","dateModified":"2023-10-27T18:14:08+00:00","description":"Tilmeld dig en 14-dages gratis pr\u00f8veversion af OneDesk. Intet kreditkort p\u00e5kr\u00e6vet. OneDesk er helpdesk og projektstyring i en app.","inLanguage":"da-DK","potentialAction":[{"@type":"ReadAction","target":["https:\/\/onedesk.com\/da\/tilmeldingsfri-2\/"]}]},{"@type":"ImageObject","inLanguage":"da-DK","@id":"https:\/\/onedesk.com\/da\/tilmeldingsfri-2\/#primaryimage","url":"https:\/\/onedesk.com\/wp-content\/plugins\/formidable\/images\/ajax_loader.gif","contentUrl":"https:\/\/onedesk.com\/wp-content\/plugins\/formidable\/images\/ajax_loader.gif"},{"@type":"WebSite","@id":"https:\/\/onedesk.com\/da\/#website","url":"https:\/\/onedesk.com\/da\/","name":"OneDesk","description":"Projektledelse og Helpdesk -software","publisher":{"@id":"https:\/\/onedesk.com\/da\/#organization"},"potentialAction":[{"@type":"SearchAction","target":{"@type":"EntryPoint","urlTemplate":"https:\/\/onedesk.com\/da\/?s={search_term_string}"},"query-input":{"@type":"PropertyValueSpecification","valueRequired":true,"valueName":"search_term_string"}}],"inLanguage":"da-DK"},{"@type":"Organization","@id":"https:\/\/onedesk.com\/da\/#organization","name":"OneDesk","url":"https:\/\/onedesk.com\/da\/","logo":{"@type":"ImageObject","inLanguage":"da-DK","@id":"https:\/\/onedesk.com\/da\/#\/schema\/logo\/image\/","url":"https:\/\/onedesk.com\/wp-content\/uploads\/2016\/01\/white-logo-small.png","contentUrl":"https:\/\/onedesk.com\/wp-content\/uploads\/2016\/01\/white-logo-small.png","width":207,"height":40,"caption":"OneDesk"},"image":{"@id":"https:\/\/onedesk.com\/da\/#\/schema\/logo\/image\/"},"sameAs":["https:\/\/www.facebook.com\/OneDeskApp","https:\/\/x.com\/OneDeskApp","https:\/\/www.instagram.com\/onedeskapp\/","https:\/\/www.linkedin.com\/company\/onedesk-inc-1","https:\/\/www.pinterest.com\/onedesk\/","https:\/\/www.youtube.com\/user\/OneDeskApp"]}]}},"tpgb_featured_images":null,"tpgb_post_meta_info":{"get_date":"December 21, 2021","get_modified_date":"October 27, 2023","author_name":"Sabrin Yusef","author_url":"https:\/\/onedesk.com\/da\/author\/sarbin-yusef\/","author_email":"sabrin.yusef@onedesk.com","author_website":"","author_description":"","author_facebook":"","author_twitter":"","author_instagram":"","author_role":["customer"],"author_firstname":"Sabrin","author_lastname":"Yusef","user_login":"sarbin.yusef","author_avatar":"<img alt='' src='https:\/\/secure.gravatar.com\/avatar\/1f20332b0900369c93c9c272e03885bde073bf214b3dd3eb4bea569a45bea588?s=200&#038;d=mm&#038;r=g' srcset='https:\/\/secure.gravatar.com\/avatar\/1f20332b0900369c93c9c272e03885bde073bf214b3dd3eb4bea569a45bea588?s=400&#038;d=mm&#038;r=g 2x' class='avatar avatar-200 photo' height='200' width='200' decoding='async'\/>","author_avatar_url":"https:\/\/secure.gravatar.com\/avatar\/1f20332b0900369c93c9c272e03885bde073bf214b3dd3eb4bea569a45bea588?s=96&d=mm&r=g","comment_count":0,"post_likes":0,"post_views":0},"tpgb_post_category":[],"jetpack_shortlink":"https:\/\/wp.me\/PfpPaI-F24","amp_enabled":false,"_links":{"self":[{"href":"https:\/\/onedesk.com\/da\/wp-json\/wp\/v2\/pages\/157732","targetHints":{"allow":["GET"]}}],"collection":[{"href":"https:\/\/onedesk.com\/da\/wp-json\/wp\/v2\/pages"}],"about":[{"href":"https:\/\/onedesk.com\/da\/wp-json\/wp\/v2\/types\/page"}],"author":[{"embeddable":true,"href":"https:\/\/onedesk.com\/da\/wp-json\/wp\/v2\/users\/27"}],"replies":[{"embeddable":true,"href":"https:\/\/onedesk.com\/da\/wp-json\/wp\/v2\/comments?post=157732"}],"version-history":[{"count":11,"href":"https:\/\/onedesk.com\/da\/wp-json\/wp\/v2\/pages\/157732\/revisions"}],"predecessor-version":[{"id":260791,"href":"https:\/\/onedesk.com\/da\/wp-json\/wp\/v2\/pages\/157732\/revisions\/260791"}],"wp:attachment":[{"href":"https:\/\/onedesk.com\/da\/wp-json\/wp\/v2\/media?parent=157732"}],"curies":[{"name":"wp","href":"https:\/\/api.w.org\/{rel}","templated":true}]}}