{"id":157762,"date":"2021-12-21T21:43:58","date_gmt":"2021-12-21T21:43:58","guid":{"rendered":"https:\/\/onedesk.com\/onedesk-sikkerhed-2\/"},"modified":"2021-12-21T21:43:58","modified_gmt":"2021-12-21T21:43:58","slug":"onedesk-sikkerhed-2","status":"publish","type":"page","link":"https:\/\/onedesk.com\/da\/onedesk-sikkerhed-2\/","title":{"rendered":"OneDesk Sikkerhed og Privatliv"},"content":{"rendered":"<p>OneDesk forst\u00e5r vigtigheden af sikkerhed og privatliv. Derfor prioriterer vi at beskytte og sikre vores kunders data. OneDesk bruger en r\u00e6kke sikkerhedsforanstaltninger for at sikre, at dine data til enhver tid er beskyttet:<br \/>\n<\/br><br \/>\n<\/br><\/p>\n<h2>OneDesk er hostet p\u00e5 AWS<\/h2>\n<p>OneDesk-serverne hostes p\u00e5 Amazon Web Services (AWS) i USA. Disse sikre faciliteter er, hvor mange af verdens st\u00f8rste virksomheder hoster deres data og tjenester. AWS overholder flere sikkerhedsstandarder og overholdelsescertificeringer s\u00e5som PCI-DSS, HIPAA\/HITECH, FedRAMP, GDPR, FIPS 140-2 og NIST 800-171. Du kan l\u00e6se mere om AWS&#8217; sikkerhed <a href=\"https:\/\/aws.amazon.com\/security\/\">her<\/a> .<br \/>\n<\/br><br \/>\n<\/br><\/p>\n<h2>SSL-kryptering<\/h2>\n<p>OneDesk overf\u00f8rer data udelukkende via SSL (Secure Sockets Layer). OneDesk bruger SSL-krypteringssikkerhedsprotokollen til at sikre, at dine data er krypteret, n\u00e5r de overf\u00f8res mellem vores system og dine computere og enheder. Over-the-wire-data er altid krypteret under transit, hvilket sikrer, at dine oplysninger er beskyttet.<br \/>\n<\/br><br \/>\n<\/br><\/p>\n<h2>Krypterede legitimationsoplysninger<\/h2>\n<p>OneDesk giver ogs\u00e5 beskyttelse af dine brugernavne og adgangskoder. Mens disse oplysninger gemmes p\u00e5 vores servere, er de krypteret for at sikre deres beskyttelse.<br \/>\n<\/br><br \/>\n<\/br><\/p>\n<h2>Cloud Backups til dine data<\/h2>\n<p>OneDesk planl\u00e6gger og k\u00f8rer cloud backup af alle dine data i vores system hver 6. time. Dette er for at sikre, at du, hvis der skulle opst\u00e5 problemer i vores system, ikke mister mere end 6 timers data (til dato har dette datatab aldrig fundet sted). Som en ekstra foranstaltning kan dine arbejdsemner, der er gemt p\u00e5 OneDesk-serverne, ogs\u00e5 eksporteres til CSV til enhver tid ved hj\u00e6lp af vores eksportvisning og rapporteringsfunktioner. Dette giver dig mulighed for at lave dine egne sikkerhedskopier, hvis det er n\u00f8dvendigt.<br \/>\n<\/br><br \/>\n<\/br><\/p>\n<h2>Ingen gemte kreditkortoplysninger<\/h2>\n<p>N\u00e5r du har et betalt abonnement p\u00e5 OneDesk, udf\u00f8res kreditkortbehandling af Stripe, en tredjeparts online betalingsforarbejdningsvirksomhed. OneDesk registrerer aldrig nogen kreditkortoplysninger. Dette sikrer overholdelse af Payment Card Industry Data Security Standard (PCI DSS). Du kan l\u00e6re mere om Stripes sikkerhedsforanstaltninger <a href=\"https:\/\/stripe.com\/docs\/security\/stripe\">her<\/a> .<br \/>\n<\/br><br \/>\n<\/br><\/p>\n<h2>NIST-standarder for adgangskoder<\/h2>\n<p>OneDesk f\u00f8lger National Institute of Standards and Technologys (NIST) adgangskodekrav. OneDesk forst\u00e5r, at det at have st\u00e6rke adgangskoder forbedrer sikkerheden af dine data, s\u00e5 vi sikrer, at vores kunders data er beskyttet af adgangskoder, der opfylder NIST-retningslinjerne i 800-63B, som kan findes <a href=\"https:\/\/pages.nist.gov\/800-63-3\/sp800-63b.html\">her<\/a> .<br \/>\n<\/br><br \/>\n<\/br><\/p>\n<h2>Tvungen sessionstimeout (valgfrit)<\/h2>\n<p>Vi forst\u00e5r, at vores kunder har andre prioriteter, der kan f\u00f8re til, at de forlader OneDesk \u00e5ben i en webbrowser uden opsyn. Det er derfor, vi h\u00e5ndh\u00e6ver sessionstime-outs, som automatisk logger dig ud af OneDesk, hvis du efterlader dit skrivebord uden opsyn i en periode. Bem\u00e6rk, at dette er en valgfri sikkerhedsfunktion, som du kan sl\u00e5 fra.<br \/>\n<\/br><br \/>\n<\/br><\/p>\n<h2>On-Premise og privat cloud-implementering<\/h2>\n<p>Hvis du selv \u00f8nsker at administrere sikkerheden eller er forpligtet til det af overensstemmelses\u00e5rsager, tilbyder vi on-premise eller privat cloud-implementering. For den private sky vil den blive hostet p\u00e5 AWS eller Microsoft Azure. Vi tilbyder ogs\u00e5 on-premise, hvis du \u00f8nsker at hoste p\u00e5 dine egne servere. Disse muligheder har minimumskrav til brug og separate priser. Kontakt os for flere detaljer.<br \/>\n<\/br><br \/>\n<\/br><\/p>\n<h2>Privatliv<\/h2>\n<p>OneDesk bekymrer sig meget om dit privatliv. Du kan l\u00e6se mere om vores overholdelse af GDPR <a href=\"https:\/\/onedesk.com\/gdpr\/\">her<\/a> . Du kan ogs\u00e5 l\u00e6se vores <a href=\"https:\/\/onedesk.com\/privacy-policy\/\">privatlivspolitik<\/a> .<br \/>\n<\/br><br \/>\n<\/br><\/p>\n<h2>Single Sign-On-funktioner<\/h2>\n<p>OneDesk implementerer SAML version 2.0, Open ID Connect og andre identitetsudbydere for at give dig mulighed for at aktivere Single Sign-On (SSO) for dine brugere og kunder. Vi integrerer ogs\u00e5 med Azure Active Directory. SSO-funktioner reducerer antallet af angrebsflader, n\u00e5r dine brugere og kunder kun bruger \u00e9t s\u00e6t legitimationsoplysninger.<br \/>\n<\/br><br \/>\n<\/br><\/p>\n<h2>Interne adgangstilladelser<\/h2>\n<p>OneDesk giver dig mulighed for at indstille adgangstilladelser p\u00e5 applikationsniveau inde i OneDesk-appen. Dette sikrer, at du har kontrol over, hvilke applikationer dine interne brugere kan bruge, og hvad de kan g\u00f8re i disse applikationer.<br \/>\n<\/br><br \/>\n<\/br><\/p>\n<h2>FedRAMP-overholdelse<\/h2>\n<p>Selvom OneDesk ikke har en uafh\u00e6ngig FedRAMP-autorisation, er vi hostet p\u00e5 Amazon Web Services i USA-\u00d8st-regionen. <a href=\"https:\/\/aws.amazon.com\/compliance\/fedramp\/\">AWS er FedRAMP-kompatibel<\/a> i denne region.<\/p>\n<p><a href=\"https:\/\/onedesk.com\/terms-and-conditions\/\">L\u00e6s vores vilk\u00e5r og betingelser.<\/a><\/p>\n","protected":false},"excerpt":{"rendered":"<p>OneDesk forst\u00e5r vigtigheden af sikkerhed og privatliv. Derfor prioriterer vi at beskytte og sikre vores kunders data. OneDesk bruger en r\u00e6kke sikkerhedsforanstaltninger for at sikre, at dine data til enhver tid er beskyttet: OneDesk er hostet p\u00e5 AWS OneDesk-serverne hostes p\u00e5 Amazon Web Services (AWS) i USA. Disse sikre faciliteter er, hvor mange af verdens [&hellip;]<\/p>\n","protected":false},"author":27,"featured_media":0,"parent":0,"menu_order":0,"comment_status":"closed","ping_status":"closed","template":"","meta":{"tpgb_global_settings":"","_crdt_document":"","inline_featured_image":false,"site-sidebar-layout":"default","site-content-layout":"","ast-site-content-layout":"default","site-content-style":"default","site-sidebar-style":"default","ast-global-header-display":"","ast-banner-title-visibility":"","ast-main-header-display":"","ast-hfb-above-header-display":"","ast-hfb-below-header-display":"","ast-hfb-mobile-header-display":"","site-post-title":"","ast-breadcrumbs-content":"","ast-featured-img":"","footer-sml-layout":"","ast-disable-related-posts":"","theme-transparent-header-meta":"","adv-header-id-meta":"","stick-header-meta":"","header-above-stick-meta":"","header-main-stick-meta":"","header-below-stick-meta":"","astra-migrate-meta-layouts":"default","ast-page-background-enabled":"default","ast-page-background-meta":{"desktop":{"background-color":"var(--ast-global-color-4)","background-image":"","background-repeat":"repeat","background-position":"center center","background-size":"auto","background-attachment":"scroll","background-type":"","background-media":"","overlay-type":"","overlay-color":"","overlay-opacity":"","overlay-gradient":""},"tablet":{"background-color":"","background-image":"","background-repeat":"repeat","background-position":"center center","background-size":"auto","background-attachment":"scroll","background-type":"","background-media":"","overlay-type":"","overlay-color":"","overlay-opacity":"","overlay-gradient":""},"mobile":{"background-color":"","background-image":"","background-repeat":"repeat","background-position":"center center","background-size":"auto","background-attachment":"scroll","background-type":"","background-media":"","overlay-type":"","overlay-color":"","overlay-opacity":"","overlay-gradient":""}},"ast-content-background-meta":{"desktop":{"background-color":"var(--ast-global-color-5)","background-image":"","background-repeat":"repeat","background-position":"center center","background-size":"auto","background-attachment":"scroll","background-type":"","background-media":"","overlay-type":"","overlay-color":"","overlay-opacity":"","overlay-gradient":""},"tablet":{"background-color":"var(--ast-global-color-5)","background-image":"","background-repeat":"repeat","background-position":"center center","background-size":"auto","background-attachment":"scroll","background-type":"","background-media":"","overlay-type":"","overlay-color":"","overlay-opacity":"","overlay-gradient":""},"mobile":{"background-color":"var(--ast-global-color-5)","background-image":"","background-repeat":"repeat","background-position":"center center","background-size":"auto","background-attachment":"scroll","background-type":"","background-media":"","overlay-type":"","overlay-color":"","overlay-opacity":"","overlay-gradient":""}},"footnotes":""},"class_list":["post-157762","page","type-page","status-publish","hentry"],"yoast_head":"<!-- This site is optimized with the Yoast SEO Premium plugin v27.2 (Yoast SEO v27.3) - https:\/\/yoast.com\/product\/yoast-seo-premium-wordpress\/ -->\n<title>OneDesk Sikkerhed og Privatliv - OneDesk<\/title>\n<meta name=\"description\" content=\"OneDesk er helpdesk-software og projektstyringssoftware i en applikation. Arbejd med dine kunder om deres projekter og billetter i \u00e9n samlet platform.\" \/>\n<meta name=\"robots\" content=\"index, follow, max-snippet:-1, max-image-preview:large, max-video-preview:-1\" \/>\n<link rel=\"canonical\" href=\"https:\/\/onedesk.com\/da\/onedesk-sikkerhed-2\/\" \/>\n<meta property=\"og:locale\" content=\"da_DK\" \/>\n<meta property=\"og:type\" content=\"article\" \/>\n<meta property=\"og:title\" content=\"OneDesk Sikkerhed og Privatliv - OneDesk\" \/>\n<meta property=\"og:description\" content=\"OneDesk er helpdesk-software og projektstyringssoftware i en applikation. Arbejd med dine kunder om deres projekter og billetter i \u00e9n samlet platform.\" \/>\n<meta property=\"og:url\" content=\"https:\/\/onedesk.com\/da\/onedesk-sikkerhed-2\/\" \/>\n<meta property=\"og:site_name\" content=\"OneDesk\" \/>\n<meta property=\"article:publisher\" content=\"https:\/\/www.facebook.com\/OneDeskApp\" \/>\n<meta property=\"og:image\" content=\"https:\/\/onedesk.com\/wp-content\/uploads\/2020\/04\/OneDesk-Logo.png\" \/>\n\t<meta property=\"og:image:width\" content=\"1280\" \/>\n\t<meta property=\"og:image:height\" content=\"800\" \/>\n\t<meta property=\"og:image:type\" content=\"image\/png\" \/>\n<meta name=\"twitter:card\" content=\"summary_large_image\" \/>\n<meta name=\"twitter:site\" content=\"@OneDeskApp\" \/>\n<meta name=\"twitter:label1\" content=\"Est. reading time\" \/>\n\t<meta name=\"twitter:data1\" content=\"3 minutes\" \/>\n<!-- \/ Yoast SEO Premium plugin. -->","yoast_head_json":{"title":"OneDesk Sikkerhed og Privatliv - OneDesk","description":"OneDesk er helpdesk-software og projektstyringssoftware i en applikation. Arbejd med dine kunder om deres projekter og billetter i \u00e9n samlet platform.","robots":{"index":"index","follow":"follow","max-snippet":"max-snippet:-1","max-image-preview":"max-image-preview:large","max-video-preview":"max-video-preview:-1"},"canonical":"https:\/\/onedesk.com\/da\/onedesk-sikkerhed-2\/","og_locale":"da_DK","og_type":"article","og_title":"OneDesk Sikkerhed og Privatliv - OneDesk","og_description":"OneDesk er helpdesk-software og projektstyringssoftware i en applikation. Arbejd med dine kunder om deres projekter og billetter i \u00e9n samlet platform.","og_url":"https:\/\/onedesk.com\/da\/onedesk-sikkerhed-2\/","og_site_name":"OneDesk","article_publisher":"https:\/\/www.facebook.com\/OneDeskApp","og_image":[{"width":1280,"height":800,"url":"https:\/\/onedesk.com\/wp-content\/uploads\/2020\/04\/OneDesk-Logo.png","type":"image\/png"}],"twitter_card":"summary_large_image","twitter_site":"@OneDeskApp","twitter_misc":{"Est. reading time":"3 minutes"},"schema":{"@context":"https:\/\/schema.org","@graph":[{"@type":"WebPage","@id":"https:\/\/onedesk.com\/da\/onedesk-sikkerhed-2\/","url":"https:\/\/onedesk.com\/da\/onedesk-sikkerhed-2\/","name":"OneDesk Sikkerhed og Privatliv - OneDesk","isPartOf":{"@id":"https:\/\/onedesk.com\/da\/#website"},"datePublished":"2021-12-21T21:43:58+00:00","description":"OneDesk er helpdesk-software og projektstyringssoftware i en applikation. Arbejd med dine kunder om deres projekter og billetter i \u00e9n samlet platform.","inLanguage":"da-DK","potentialAction":[{"@type":"ReadAction","target":["https:\/\/onedesk.com\/da\/onedesk-sikkerhed-2\/"]}]},{"@type":"WebSite","@id":"https:\/\/onedesk.com\/da\/#website","url":"https:\/\/onedesk.com\/da\/","name":"OneDesk","description":"Projektledelse og Helpdesk -software","publisher":{"@id":"https:\/\/onedesk.com\/da\/#organization"},"potentialAction":[{"@type":"SearchAction","target":{"@type":"EntryPoint","urlTemplate":"https:\/\/onedesk.com\/da\/?s={search_term_string}"},"query-input":{"@type":"PropertyValueSpecification","valueRequired":true,"valueName":"search_term_string"}}],"inLanguage":"da-DK"},{"@type":"Organization","@id":"https:\/\/onedesk.com\/da\/#organization","name":"OneDesk","url":"https:\/\/onedesk.com\/da\/","logo":{"@type":"ImageObject","inLanguage":"da-DK","@id":"https:\/\/onedesk.com\/da\/#\/schema\/logo\/image\/","url":"https:\/\/onedesk.com\/wp-content\/uploads\/2016\/01\/white-logo-small.png","contentUrl":"https:\/\/onedesk.com\/wp-content\/uploads\/2016\/01\/white-logo-small.png","width":207,"height":40,"caption":"OneDesk"},"image":{"@id":"https:\/\/onedesk.com\/da\/#\/schema\/logo\/image\/"},"sameAs":["https:\/\/www.facebook.com\/OneDeskApp","https:\/\/x.com\/OneDeskApp","https:\/\/www.instagram.com\/onedeskapp\/","https:\/\/www.linkedin.com\/company\/onedesk-inc-1","https:\/\/www.pinterest.com\/onedesk\/","https:\/\/www.youtube.com\/user\/OneDeskApp"]}]}},"tpgb_featured_images":null,"tpgb_post_meta_info":{"get_date":"December 21, 2021","get_modified_date":"December 21, 2021","author_name":"Sabrin Yusef","author_url":"https:\/\/onedesk.com\/da\/author\/sarbin-yusef\/","author_email":"sabrin.yusef@onedesk.com","author_website":"","author_description":"","author_facebook":"","author_twitter":"","author_instagram":"","author_role":["customer"],"author_firstname":"Sabrin","author_lastname":"Yusef","user_login":"sarbin.yusef","author_avatar":"<img alt='' src='https:\/\/secure.gravatar.com\/avatar\/1f20332b0900369c93c9c272e03885bde073bf214b3dd3eb4bea569a45bea588?s=200&#038;d=mm&#038;r=g' srcset='https:\/\/secure.gravatar.com\/avatar\/1f20332b0900369c93c9c272e03885bde073bf214b3dd3eb4bea569a45bea588?s=400&#038;d=mm&#038;r=g 2x' class='avatar avatar-200 photo' height='200' width='200' decoding='async'\/>","author_avatar_url":"https:\/\/secure.gravatar.com\/avatar\/1f20332b0900369c93c9c272e03885bde073bf214b3dd3eb4bea569a45bea588?s=96&d=mm&r=g","comment_count":0,"post_likes":0,"post_views":0},"tpgb_post_category":[],"jetpack_shortlink":"https:\/\/wp.me\/PfpPaI-F2y","amp_enabled":true,"_links":{"self":[{"href":"https:\/\/onedesk.com\/da\/wp-json\/wp\/v2\/pages\/157762","targetHints":{"allow":["GET"]}}],"collection":[{"href":"https:\/\/onedesk.com\/da\/wp-json\/wp\/v2\/pages"}],"about":[{"href":"https:\/\/onedesk.com\/da\/wp-json\/wp\/v2\/types\/page"}],"author":[{"embeddable":true,"href":"https:\/\/onedesk.com\/da\/wp-json\/wp\/v2\/users\/27"}],"replies":[{"embeddable":true,"href":"https:\/\/onedesk.com\/da\/wp-json\/wp\/v2\/comments?post=157762"}],"version-history":[{"count":0,"href":"https:\/\/onedesk.com\/da\/wp-json\/wp\/v2\/pages\/157762\/revisions"}],"wp:attachment":[{"href":"https:\/\/onedesk.com\/da\/wp-json\/wp\/v2\/media?parent=157762"}],"curies":[{"name":"wp","href":"https:\/\/api.w.org\/{rel}","templated":true}]}}