{"id":260441,"date":"2023-10-27T17:37:56","date_gmt":"2023-10-27T17:37:56","guid":{"rendered":"https:\/\/onedesk.com\/kom-igang-2\/"},"modified":"2025-11-14T18:04:18","modified_gmt":"2025-11-14T18:04:18","slug":"kom-igang","status":"publish","type":"page","link":"https:\/\/onedesk.com\/da\/kom-igang\/","title":{"rendered":"Kom godt i gang Guide"},"content":{"rendered":"\t\t<div data-elementor-type=\"wp-page\" data-elementor-id=\"260441\" class=\"elementor elementor-260441 elementor-259972\" data-elementor-post-type=\"page\">\n\t\t\t\t<div class=\"elementor-element elementor-element-42f4753 e-flex e-con-boxed e-con e-parent\" data-id=\"42f4753\" data-element_type=\"container\" data-e-type=\"container\">\n\t\t\t\t\t<div class=\"e-con-inner\">\n\t\t\t\t<div class=\"elementor-element elementor-element-2f7fada elementor-widget elementor-widget-heading\" data-id=\"2f7fada\" data-element_type=\"widget\" data-e-type=\"widget\" data-widget_type=\"heading.default\">\n\t\t\t\t<div class=\"elementor-widget-container\">\n\t\t\t\t\t<h1 class=\"elementor-heading-title elementor-size-default\">OneDesk Onboarding Guide<\/h1>\t\t\t\t<\/div>\n\t\t\t\t<\/div>\n\t\t\t\t<div class=\"elementor-element elementor-element-82fbd2e elementor-icon-list--layout-inline elementor-align-center elementor-list-item-link-full_width elementor-widget elementor-widget-icon-list\" data-id=\"82fbd2e\" data-element_type=\"widget\" data-e-type=\"widget\" data-widget_type=\"icon-list.default\">\n\t\t\t\t<div class=\"elementor-widget-container\">\n\t\t\t\t\t\t\t<ul class=\"elementor-icon-list-items elementor-inline-items\">\n\t\t\t\t\t\t\t<li class=\"elementor-icon-list-item elementor-inline-item\">\n\t\t\t\t\t\t\t\t\t\t\t<a href=\"https:\/\/www.youtube.com\/playlist?list=PL9D-hmKLpwLdPPtQJlgYv_TpzYRg8zZaK\" target=\"_blank\">\n\n\t\t\t\t\t\t\t\t\t\t\t<span class=\"elementor-icon-list-text\">Fuld oversigt Demo<\/span>\n\t\t\t\t\t\t\t\t\t\t\t<\/a>\n\t\t\t\t\t\t\t\t\t<\/li>\n\t\t\t\t\t\t\t\t<li class=\"elementor-icon-list-item elementor-inline-item\">\n\t\t\t\t\t\t\t\t\t\t\t<a href=\"https:\/\/onedesk.com\/da\/onedesk-video-guide\/\" target=\"_blank\">\n\n\t\t\t\t\t\t\t\t\t\t\t<span class=\"elementor-icon-list-text\">Videoguide<\/span>\n\t\t\t\t\t\t\t\t\t\t\t<\/a>\n\t\t\t\t\t\t\t\t\t<\/li>\n\t\t\t\t\t\t\t\t<li class=\"elementor-icon-list-item elementor-inline-item\">\n\t\t\t\t\t\t\t\t\t\t\t<a href=\"https:\/\/kb.onedesk.com\/app-od\/o-onedesk\/knowledge-base-1\" target=\"_blank\">\n\n\t\t\t\t\t\t\t\t\t\t\t<span class=\"elementor-icon-list-text\">Vores vidensbase  <\/span>\n\t\t\t\t\t\t\t\t\t\t\t<\/a>\n\t\t\t\t\t\t\t\t\t<\/li>\n\t\t\t\t\t\t<\/ul>\n\t\t\t\t\t\t<\/div>\n\t\t\t\t<\/div>\n\t\t\t\t\t<\/div>\n\t\t\t\t<\/div>\n\t\t<div class=\"elementor-element elementor-element-ef447e8 e-flex e-con-boxed e-con e-parent\" data-id=\"ef447e8\" data-element_type=\"container\" data-e-type=\"container\">\n\t\t\t\t\t<div class=\"e-con-inner\">\n\t\t<div class=\"elementor-element elementor-element-e40e299 e-con-full e-flex e-con e-child\" data-id=\"e40e299\" data-element_type=\"container\" data-e-type=\"container\">\n\t\t\t\t<div class=\"elementor-element elementor-element-16968bd elementor-widget elementor-widget-heading\" data-id=\"16968bd\" data-element_type=\"widget\" data-e-type=\"widget\" data-widget_type=\"heading.default\">\n\t\t\t\t<div class=\"elementor-widget-container\">\n\t\t\t\t\t<h2 class=\"elementor-heading-title elementor-size-default\">Velkommen til OneDesk!<\/h2>\t\t\t\t<\/div>\n\t\t\t\t<\/div>\n\t\t\t\t<div class=\"elementor-element elementor-element-588173c elementor-widget__width-initial elementor-widget elementor-widget-text-editor\" data-id=\"588173c\" data-element_type=\"widget\" data-e-type=\"widget\" data-widget_type=\"text-editor.default\">\n\t\t\t\t<div class=\"elementor-widget-container\">\n\t\t\t\t\t\t\t\t\t<p>OneDesks onboarding-guide giver dig et trin-for-trin kursus i ops\u00e6tning af din konto. Start her for at l\u00e6re mere om, hvordan du kan f\u00e5 mest muligt ud af OneDesk. <span style=\"font-style: inherit; font-weight: inherit;\">F\u00f8rst, hvis du ikke allerede har gjort det,<\/span> <a style=\"font-style: inherit; font-weight: inherit; background-color: #ffffff;\" href=\"https:\/\/onedesk.com\/da\/tilmeldingsfri-2\/\" target=\"_blank\" rel=\"noopener\">skal du oprette en konto.<\/a> <span style=\"font-style: inherit; font-weight: inherit;\">. Vi tilbyder en 14 dages fuld-funktions pr\u00f8veperiode, hvor du kan pr\u00f8ve alle funktionerne og begynde at oprette din konto.<\/span><\/p>\t\t\t\t\t\t\t\t<\/div>\n\t\t\t\t<\/div>\n\t\t\t\t<div class=\"elementor-element elementor-element-2b7f08d elementor-widget__width-initial elementor-widget elementor-widget-text-editor\" data-id=\"2b7f08d\" data-element_type=\"widget\" data-e-type=\"widget\" data-widget_type=\"text-editor.default\">\n\t\t\t\t<div class=\"elementor-widget-container\">\n\t\t\t\t\t\t\t\t\t<p>N\u00e5r du har tilmeldt dig, vil du blive m\u00f8dt af &#8216;Kom godt i gang-guiden&#8217;. Denne guide hj\u00e6lper dig med at gennemg\u00e5 de grundl\u00e6ggende krav til ops\u00e6tning af din konto ved at indtaste dine virksomhedsoplysninger og invitere dit team. Vi anbefaler st\u00e6rkt at gennemg\u00e5 denne guide.  <\/p><p><strong>Tip<\/strong> : Klik p\u00e5 &#8216;Kom godt i gang&#8217; i den \u00f8verste overskrift til enhver tid for at f\u00e5 adgang til guiden, samt selvstudier, vores vidensbase og denne guide!<\/p>\t\t\t\t\t\t\t\t<\/div>\n\t\t\t\t<\/div>\n\t\t\t\t<div class=\"elementor-element elementor-element-6eb3d46 elementor-widget elementor-widget-image\" data-id=\"6eb3d46\" data-element_type=\"widget\" data-e-type=\"widget\" data-widget_type=\"image.default\">\n\t\t\t\t<div class=\"elementor-widget-container\">\n\t\t\t\t\t\t\t\t\t\t\t\t\t\t\t<img fetchpriority=\"high\" decoding=\"async\" width=\"768\" height=\"349\" src=\"https:\/\/onedesk.com\/wp-content\/uploads\/2025\/10\/get-started-screen-768x349.webp\" class=\"attachment-medium_large size-medium_large wp-image-297962\" alt=\"\" srcset=\"https:\/\/onedesk.com\/wp-content\/uploads\/2025\/10\/get-started-screen-768x349.webp 768w, https:\/\/onedesk.com\/wp-content\/uploads\/2025\/10\/get-started-screen-300x136.webp 300w, https:\/\/onedesk.com\/wp-content\/uploads\/2025\/10\/get-started-screen-1024x465.webp 1024w, https:\/\/onedesk.com\/wp-content\/uploads\/2025\/10\/get-started-screen-1536x697.webp 1536w, https:\/\/onedesk.com\/wp-content\/uploads\/2025\/10\/get-started-screen.webp 1796w\" sizes=\"(max-width: 768px) 100vw, 768px\" \/>\t\t\t\t\t\t\t\t\t\t\t\t\t\t\t<\/div>\n\t\t\t\t<\/div>\n\t\t\t\t<\/div>\n\t\t\t\t\t<\/div>\n\t\t\t\t<\/div>\n\t\t<div class=\"elementor-element elementor-element-6b953f0 e-flex e-con-boxed e-con e-parent\" data-id=\"6b953f0\" data-element_type=\"container\" data-e-type=\"container\">\n\t\t\t\t\t<div class=\"e-con-inner\">\n\t\t\t\t<div class=\"elementor-element elementor-element-2d2f27b elementor-widget elementor-widget-heading\" data-id=\"2d2f27b\" data-element_type=\"widget\" data-e-type=\"widget\" data-widget_type=\"heading.default\">\n\t\t\t\t<div class=\"elementor-widget-container\">\n\t\t\t\t\t<h2 class=\"elementor-heading-title elementor-size-default\">M\u00f8d OneDesks produkter<\/h2>\t\t\t\t<\/div>\n\t\t\t\t<\/div>\n\t\t\t\t<div class=\"elementor-element elementor-element-d5e0899 elementor-widget__width-initial elementor-widget elementor-widget-text-editor\" data-id=\"d5e0899\" data-element_type=\"widget\" data-e-type=\"widget\" data-widget_type=\"text-editor.default\">\n\t\t\t\t<div class=\"elementor-widget-container\">\n\t\t\t\t\t\t\t\t\t<p>OneDesk tilbyder 4 produkter at v\u00e6lge imellem for at administrere dine arbejds- og forretningsbehov.  <br>Produkter tilf\u00f8jes oven p\u00e5 dine &#8216;OneDesk Essentials&#8217; (som inkluderer apps til brugerdashboardet, messenger og timesedler). Du kan tilf\u00f8je flere produkter til din konto efter behov. <\/p><p><strong>Helpdesk<\/strong> &#8211; Giver dig muligheder for selvbetjening for kunder eller slutbrugere og g\u00f8r det muligt at administrere dine support- og ticketbehov.<\/p><p><strong>Projektstyring<\/strong> &#8211; Hj\u00e6lper med at fremme teamsamarbejde og effektivt styre dine projekter og opgaver.  <\/p><p><strong>Professionelle tjenester<\/strong> &#8211; Tilf\u00f8jer tilbudsgivning, fakturering og \u00f8konomistyring til din arbejdsgang. (Kr\u00e6ver enten Help Desk- eller Project Management-produkterne). <\/p><p><strong>Arbejdsstyring<\/strong> &#8211; Administrer hele livscyklussen for klientprojekter fra det f\u00f8rste tilbud til projektlevering og l\u00f8bende support. (Sammer alle ovenst\u00e5ende produkter i \u00e9t problemfrit v\u00e6rkt\u00f8j).   <\/p>\t\t\t\t\t\t\t\t<\/div>\n\t\t\t\t<\/div>\n\t\t\t\t<div class=\"elementor-element elementor-element-4489f61 elementor-widget elementor-widget-heading\" data-id=\"4489f61\" data-element_type=\"widget\" data-e-type=\"widget\" data-widget_type=\"heading.default\">\n\t\t\t\t<div class=\"elementor-widget-container\">\n\t\t\t\t\t<h2 class=\"elementor-heading-title elementor-size-default\">OneDesk-platformen<\/h2>\t\t\t\t<\/div>\n\t\t\t\t<\/div>\n\t\t\t\t<div class=\"elementor-element elementor-element-cb352ac elementor-widget__width-initial elementor-widget elementor-widget-text-editor\" data-id=\"cb352ac\" data-element_type=\"widget\" data-e-type=\"widget\" data-widget_type=\"text-editor.default\">\n\t\t\t\t<div class=\"elementor-widget-container\">\n\t\t\t\t\t\t\t\t\t<p><strong>Webappen<\/strong><br> OneDesk-webappen kan tilg\u00e5s fra din station\u00e6re eller b\u00e6rbare computers browser. Webappen er det prim\u00e6re sted, du arbejder. Her kan du f\u00e5 adgang til alle OneDesks funktioner, inklusive alle dine apps og indstillinger.  <\/p><p><strong>Mobilappen<\/strong><br> OneDesk-mobilapplikationen kan installeres p\u00e5 din telefon og giver dig og dit team adgang til opgaver, sende svar, modtage notifikationer og meget mere. Denne app er tilg\u00e6ngelig til b\u00e5de iOS og Android.<br> Video: Mobilappen <\/p><p><strong>Kunde-appsene<\/strong><br> De kundevendte apps, der er tilg\u00e6ngelige i helpdesk- eller arbejdsstyringsprodukter, bringer OneDesk til dine kunder, slutbrugere eller klienter. Du kan v\u00e6lge de apps, du vil bruge, herunder: hjemmeside, livechat, webformularer, vidensbase og portal. <\/p>\t\t\t\t\t\t\t\t<\/div>\n\t\t\t\t<\/div>\n\t\t\t\t\t<\/div>\n\t\t\t\t<\/div>\n\t\t<div class=\"elementor-element elementor-element-abc7e8b e-con-full e-flex e-con e-parent\" data-id=\"abc7e8b\" data-element_type=\"container\" data-e-type=\"container\">\n\t\t\t\t<div class=\"elementor-element elementor-element-b797409 elementor-widget__width-initial elementor-widget elementor-widget-text-editor\" data-id=\"b797409\" data-element_type=\"widget\" data-e-type=\"widget\" data-widget_type=\"text-editor.default\">\n\t\t\t\t<div class=\"elementor-widget-container\">\n\t\t\t\t\t\t\t\t\t<p>Vi har opdelt vores onboarding-guide, s\u00e5 den passer til dine interesser. V\u00e6lg det produkt, du er interesseret i, nedenfor for at forts\u00e6tte til den relevante guide. <\/p>\t\t\t\t\t\t\t\t<\/div>\n\t\t\t\t<\/div>\n\t\t\t\t<\/div>\n\t\t<div class=\"elementor-element elementor-element-5bc85b7 e-grid e-con-boxed e-con e-parent\" data-id=\"5bc85b7\" data-element_type=\"container\" data-e-type=\"container\">\n\t\t\t\t\t<div class=\"e-con-inner\">\n\t\t\t\t<div class=\"elementor-element elementor-element-8f6a29c elementor-widget elementor-widget-image\" data-id=\"8f6a29c\" data-element_type=\"widget\" data-e-type=\"widget\" data-widget_type=\"image.default\">\n\t\t\t\t<div class=\"elementor-widget-container\">\n\t\t\t\t\t\t\t\t\t\t\t\t\t\t\t\t<a href=\"https:\/\/onedesk.com\/da\/kom-igang\/helpdesk-1\/\">\n\t\t\t\t\t\t\t<img decoding=\"async\" width=\"181\" height=\"135\" src=\"https:\/\/onedesk.com\/wp-content\/uploads\/2025\/05\/HD-GuideButton.webp\" class=\"attachment-full size-full wp-image-294039\" alt=\"\" \/>\t\t\t\t\t\t\t\t<\/a>\n\t\t\t\t\t\t\t\t\t\t\t\t\t\t\t<\/div>\n\t\t\t\t<\/div>\n\t\t\t\t<div class=\"elementor-element elementor-element-b8d6b65 elementor-widget elementor-widget-image\" data-id=\"b8d6b65\" data-element_type=\"widget\" data-e-type=\"widget\" data-widget_type=\"image.default\">\n\t\t\t\t<div class=\"elementor-widget-container\">\n\t\t\t\t\t\t\t\t\t\t\t\t\t\t\t\t<a href=\"https:\/\/onedesk.com\/da\/kom-igang\/project-management-1\/\">\n\t\t\t\t\t\t\t<img decoding=\"async\" width=\"181\" height=\"135\" src=\"https:\/\/onedesk.com\/wp-content\/uploads\/2025\/05\/PM-GuideButton.webp\" class=\"attachment-large size-large wp-image-294053\" alt=\"\" \/>\t\t\t\t\t\t\t\t<\/a>\n\t\t\t\t\t\t\t\t\t\t\t\t\t\t\t<\/div>\n\t\t\t\t<\/div>\n\t\t\t\t<div class=\"elementor-element elementor-element-6e07c69 elementor-widget elementor-widget-image\" data-id=\"6e07c69\" data-element_type=\"widget\" data-e-type=\"widget\" data-widget_type=\"image.default\">\n\t\t\t\t<div class=\"elementor-widget-container\">\n\t\t\t\t\t\t\t\t\t\t\t\t\t\t\t\t<a href=\"https:\/\/onedesk.com\/da\/kom-igang\/work-management-1\/\">\n\t\t\t\t\t\t\t<img loading=\"lazy\" decoding=\"async\" width=\"181\" height=\"134\" src=\"https:\/\/onedesk.com\/wp-content\/uploads\/2025\/05\/WM-GuideButton.webp\" class=\"attachment-large size-large wp-image-294067\" alt=\"\" \/>\t\t\t\t\t\t\t\t<\/a>\n\t\t\t\t\t\t\t\t\t\t\t\t\t\t\t<\/div>\n\t\t\t\t<\/div>\n\t\t\t\t\t<\/div>\n\t\t\t\t<\/div>\n\t\t<div class=\"elementor-element elementor-element-01c8f2a e-flex e-con-boxed e-con e-parent\" data-id=\"01c8f2a\" data-element_type=\"container\" data-e-type=\"container\">\n\t\t\t\t\t<div class=\"e-con-inner\">\n\t\t\t\t\t<\/div>\n\t\t\t\t<\/div>\n\t\t\t\t<\/div>\n\t\t","protected":false},"excerpt":{"rendered":"<p>OneDesk Onboarding Guide Fuld oversigt Demo Videoguide Vores vidensbase Velkommen til OneDesk! OneDesks onboarding-guide giver dig et trin-for-trin kursus i ops\u00e6tning af din konto. Start her for at l\u00e6re mere om, hvordan du kan f\u00e5 mest muligt ud af OneDesk. F\u00f8rst, hvis du ikke allerede har gjort det, skal du oprette en konto. . Vi [&hellip;]<\/p>\n","protected":false},"author":30,"featured_media":0,"parent":0,"menu_order":0,"comment_status":"closed","ping_status":"closed","template":"","meta":{"tpgb_global_settings":"","_crdt_document":"","inline_featured_image":false,"site-sidebar-layout":"no-sidebar","site-content-layout":"page-builder","ast-site-content-layout":"full-width-container","site-content-style":"default","site-sidebar-style":"default","ast-global-header-display":"","ast-banner-title-visibility":"","ast-main-header-display":"","ast-hfb-above-header-display":"","ast-hfb-below-header-display":"","ast-hfb-mobile-header-display":"","site-post-title":"disabled","ast-breadcrumbs-content":"","ast-featured-img":"disabled","footer-sml-layout":"","ast-disable-related-posts":"","theme-transparent-header-meta":"","adv-header-id-meta":"","stick-header-meta":"","header-above-stick-meta":"","header-main-stick-meta":"","header-below-stick-meta":"","astra-migrate-meta-layouts":"default","ast-page-background-enabled":"default","ast-page-background-meta":{"desktop":{"background-color":"var(--ast-global-color-4)","background-image":"","background-repeat":"repeat","background-position":"center center","background-size":"auto","background-attachment":"scroll","background-type":"","background-media":"","overlay-type":"","overlay-color":"","overlay-opacity":"","overlay-gradient":""},"tablet":{"background-color":"","background-image":"","background-repeat":"repeat","background-position":"center center","background-size":"auto","background-attachment":"scroll","background-type":"","background-media":"","overlay-type":"","overlay-color":"","overlay-opacity":"","overlay-gradient":""},"mobile":{"background-color":"","background-image":"","background-repeat":"repeat","background-position":"center center","background-size":"auto","background-attachment":"scroll","background-type":"","background-media":"","overlay-type":"","overlay-color":"","overlay-opacity":"","overlay-gradient":""}},"ast-content-background-meta":{"desktop":{"background-color":"var(--ast-global-color-5)","background-image":"","background-repeat":"repeat","background-position":"center center","background-size":"auto","background-attachment":"scroll","background-type":"","background-media":"","overlay-type":"","overlay-color":"","overlay-opacity":"","overlay-gradient":""},"tablet":{"background-color":"var(--ast-global-color-5)","background-image":"","background-repeat":"repeat","background-position":"center center","background-size":"auto","background-attachment":"scroll","background-type":"","background-media":"","overlay-type":"","overlay-color":"","overlay-opacity":"","overlay-gradient":""},"mobile":{"background-color":"var(--ast-global-color-5)","background-image":"","background-repeat":"repeat","background-position":"center center","background-size":"auto","background-attachment":"scroll","background-type":"","background-media":"","overlay-type":"","overlay-color":"","overlay-opacity":"","overlay-gradient":""}},"footnotes":""},"class_list":["post-260441","page","type-page","status-publish","hentry"],"yoast_head":"<!-- This site is optimized with the Yoast SEO Premium plugin v27.6 (Yoast SEO v27.6) - https:\/\/yoast.com\/product\/yoast-seo-premium-wordpress\/ -->\n<title>Kom godt i gang Guide | OneDesk<\/title>\n<meta name=\"description\" content=\"L\u00e6r det grundl\u00e6ggende i at bruge OneDesk til support, pm og psa. Brug denne trin-for-trin guide til at oprette din konto og komme hurtigt i gang.\" \/>\n<meta name=\"robots\" content=\"index, follow, max-snippet:-1, max-image-preview:large, max-video-preview:-1\" \/>\n<link rel=\"canonical\" href=\"https:\/\/onedesk.com\/da\/kom-igang\/\" \/>\n<meta property=\"og:locale\" content=\"da_DK\" \/>\n<meta property=\"og:type\" content=\"article\" \/>\n<meta property=\"og:title\" content=\"Kom godt i gang Guide | OneDesk\" \/>\n<meta property=\"og:description\" content=\"L\u00e6r det grundl\u00e6ggende i at bruge OneDesk til support, pm og psa. Brug denne trin-for-trin guide til at oprette din konto og komme hurtigt i gang.\" \/>\n<meta property=\"og:url\" content=\"https:\/\/onedesk.com\/da\/kom-igang\/\" \/>\n<meta property=\"og:site_name\" content=\"OneDesk\" \/>\n<meta property=\"article:publisher\" content=\"https:\/\/www.facebook.com\/OneDeskApp\" \/>\n<meta property=\"article:modified_time\" content=\"2025-11-14T18:04:18+00:00\" \/>\n<meta property=\"og:image\" content=\"https:\/\/onedesk.com\/wp-content\/uploads\/2025\/10\/get-started-screen.webp\" \/>\n\t<meta property=\"og:image:width\" content=\"1796\" \/>\n\t<meta property=\"og:image:height\" content=\"815\" \/>\n\t<meta property=\"og:image:type\" content=\"image\/webp\" \/>\n<meta name=\"twitter:card\" content=\"summary_large_image\" \/>\n<meta name=\"twitter:site\" content=\"@OneDeskApp\" \/>\n<meta name=\"twitter:label1\" content=\"Est. reading time\" \/>\n\t<meta name=\"twitter:data1\" content=\"2 minutes\" \/>\n<!-- \/ Yoast SEO Premium plugin. -->","yoast_head_json":{"title":"Kom godt i gang Guide | OneDesk","description":"L\u00e6r det grundl\u00e6ggende i at bruge OneDesk til support, pm og psa. Brug denne trin-for-trin guide til at oprette din konto og komme hurtigt i gang.","robots":{"index":"index","follow":"follow","max-snippet":"max-snippet:-1","max-image-preview":"max-image-preview:large","max-video-preview":"max-video-preview:-1"},"canonical":"https:\/\/onedesk.com\/da\/kom-igang\/","og_locale":"da_DK","og_type":"article","og_title":"Kom godt i gang Guide | OneDesk","og_description":"L\u00e6r det grundl\u00e6ggende i at bruge OneDesk til support, pm og psa. Brug denne trin-for-trin guide til at oprette din konto og komme hurtigt i gang.","og_url":"https:\/\/onedesk.com\/da\/kom-igang\/","og_site_name":"OneDesk","article_publisher":"https:\/\/www.facebook.com\/OneDeskApp","article_modified_time":"2025-11-14T18:04:18+00:00","og_image":[{"width":1796,"height":815,"url":"https:\/\/onedesk.com\/wp-content\/uploads\/2025\/10\/get-started-screen.webp","type":"image\/webp"}],"twitter_card":"summary_large_image","twitter_site":"@OneDeskApp","twitter_misc":{"Est. reading time":"2 minutes"},"schema":{"@context":"https:\/\/schema.org","@graph":[{"@type":"WebPage","@id":"https:\/\/onedesk.com\/da\/kom-igang\/","url":"https:\/\/onedesk.com\/da\/kom-igang\/","name":"Kom godt i gang Guide | OneDesk","isPartOf":{"@id":"https:\/\/onedesk.com\/da\/#website"},"primaryImageOfPage":{"@id":"https:\/\/onedesk.com\/da\/kom-igang\/#primaryimage"},"image":{"@id":"https:\/\/onedesk.com\/da\/kom-igang\/#primaryimage"},"thumbnailUrl":"https:\/\/onedesk.com\/wp-content\/uploads\/2025\/10\/get-started-screen-768x349.webp","datePublished":"2023-10-27T17:37:56+00:00","dateModified":"2025-11-14T18:04:18+00:00","description":"L\u00e6r det grundl\u00e6ggende i at bruge OneDesk til support, pm og psa. Brug denne trin-for-trin guide til at oprette din konto og komme hurtigt i gang.","inLanguage":"da-DK","potentialAction":[{"@type":"ReadAction","target":["https:\/\/onedesk.com\/da\/kom-igang\/"]}]},{"@type":"ImageObject","inLanguage":"da-DK","@id":"https:\/\/onedesk.com\/da\/kom-igang\/#primaryimage","url":"https:\/\/onedesk.com\/wp-content\/uploads\/2025\/10\/get-started-screen-768x349.webp","contentUrl":"https:\/\/onedesk.com\/wp-content\/uploads\/2025\/10\/get-started-screen-768x349.webp"},{"@type":"WebSite","@id":"https:\/\/onedesk.com\/da\/#website","url":"https:\/\/onedesk.com\/da\/","name":"OneDesk","description":"Projektledelse og Helpdesk -software","publisher":{"@id":"https:\/\/onedesk.com\/da\/#organization"},"potentialAction":[{"@type":"SearchAction","target":{"@type":"EntryPoint","urlTemplate":"https:\/\/onedesk.com\/da\/?s={search_term_string}"},"query-input":{"@type":"PropertyValueSpecification","valueRequired":true,"valueName":"search_term_string"}}],"inLanguage":"da-DK"},{"@type":"Organization","@id":"https:\/\/onedesk.com\/da\/#organization","name":"OneDesk","url":"https:\/\/onedesk.com\/da\/","logo":{"@type":"ImageObject","inLanguage":"da-DK","@id":"https:\/\/onedesk.com\/da\/#\/schema\/logo\/image\/","url":"https:\/\/onedesk.com\/wp-content\/uploads\/2016\/01\/white-logo-small.png","contentUrl":"https:\/\/onedesk.com\/wp-content\/uploads\/2016\/01\/white-logo-small.png","width":207,"height":40,"caption":"OneDesk"},"image":{"@id":"https:\/\/onedesk.com\/da\/#\/schema\/logo\/image\/"},"sameAs":["https:\/\/www.facebook.com\/OneDeskApp","https:\/\/x.com\/OneDeskApp","https:\/\/www.instagram.com\/onedeskapp\/","https:\/\/www.linkedin.com\/company\/onedesk-inc-1","https:\/\/www.pinterest.com\/onedesk\/","https:\/\/www.youtube.com\/user\/OneDeskApp"]}]}},"tpgb_featured_images":null,"tpgb_post_meta_info":{"get_date":"October 27, 2023","get_modified_date":"November 14, 2025","author_name":"Erin Richardson","author_url":"https:\/\/onedesk.com\/da\/author\/erin-richardsononedesk-com\/","author_email":"erin.richardson@onedesk.com","author_website":"","author_description":"","author_facebook":"","author_twitter":"","author_instagram":"","author_role":["administrator"],"author_firstname":"Erin","author_lastname":"Richardson","user_login":"erin.richardson@onedesk.com","author_avatar":"<img alt='' src='https:\/\/secure.gravatar.com\/avatar\/5b43ac2756efc1d5aa46746163fa71ceee43f42a78652ebc70940d512d77cba0?s=200&#038;d=mm&#038;r=g' srcset='https:\/\/secure.gravatar.com\/avatar\/5b43ac2756efc1d5aa46746163fa71ceee43f42a78652ebc70940d512d77cba0?s=400&#038;d=mm&#038;r=g 2x' class='avatar avatar-200 photo' height='200' width='200' decoding='async'\/>","author_avatar_url":"https:\/\/secure.gravatar.com\/avatar\/5b43ac2756efc1d5aa46746163fa71ceee43f42a78652ebc70940d512d77cba0?s=96&d=mm&r=g","comment_count":0,"post_likes":0,"post_views":0},"tpgb_post_category":[],"jetpack_shortlink":"https:\/\/wp.me\/PfpPaI-15KF","amp_enabled":true,"_links":{"self":[{"href":"https:\/\/onedesk.com\/da\/wp-json\/wp\/v2\/pages\/260441","targetHints":{"allow":["GET"]}}],"collection":[{"href":"https:\/\/onedesk.com\/da\/wp-json\/wp\/v2\/pages"}],"about":[{"href":"https:\/\/onedesk.com\/da\/wp-json\/wp\/v2\/types\/page"}],"author":[{"embeddable":true,"href":"https:\/\/onedesk.com\/da\/wp-json\/wp\/v2\/users\/30"}],"replies":[{"embeddable":true,"href":"https:\/\/onedesk.com\/da\/wp-json\/wp\/v2\/comments?post=260441"}],"version-history":[{"count":19,"href":"https:\/\/onedesk.com\/da\/wp-json\/wp\/v2\/pages\/260441\/revisions"}],"predecessor-version":[{"id":297968,"href":"https:\/\/onedesk.com\/da\/wp-json\/wp\/v2\/pages\/260441\/revisions\/297968"}],"wp:attachment":[{"href":"https:\/\/onedesk.com\/da\/wp-json\/wp\/v2\/media?parent=260441"}],"curies":[{"name":"wp","href":"https:\/\/api.w.org\/{rel}","templated":true}]}}