{"id":260548,"date":"2023-10-27T18:03:26","date_gmt":"2023-10-27T18:03:26","guid":{"rendered":"https:\/\/onedesk.com\/kom-igang-2\/abonnerer-gaar-live\/"},"modified":"2024-07-10T13:52:51","modified_gmt":"2024-07-10T13:52:51","slug":"abonnerer-gaar-live","status":"publish","type":"page","link":"https:\/\/onedesk.com\/da\/kom-igang\/abonnerer-gaar-live\/","title":{"rendered":"Kom godt i gang Guide 7 &#8211; Abonner"},"content":{"rendered":"\t\t<div data-elementor-type=\"wp-page\" data-elementor-id=\"260548\" class=\"elementor elementor-260548 elementor-260362\" data-elementor-post-type=\"page\">\n\t\t\t\t<div class=\"elementor-element elementor-element-d727a81 e-flex e-con-boxed e-con e-parent\" data-id=\"d727a81\" data-element_type=\"container\" data-e-type=\"container\">\n\t\t\t\t\t<div class=\"e-con-inner\">\n\t\t\t\t<div class=\"elementor-element elementor-element-ed02e35 elementor-widget elementor-widget-heading\" data-id=\"ed02e35\" data-element_type=\"widget\" data-e-type=\"widget\" data-widget_type=\"heading.default\">\n\t\t\t\t<div class=\"elementor-widget-container\">\n\t\t\t\t\t<h1 class=\"elementor-heading-title elementor-size-default\">Abonner og g\u00e5r live<\/h1>\t\t\t\t<\/div>\n\t\t\t\t<\/div>\n\t\t\t\t\t<\/div>\n\t\t\t\t<\/div>\n\t\t<div class=\"elementor-element elementor-element-4d94e4d e-flex e-con-boxed e-con e-parent\" data-id=\"4d94e4d\" data-element_type=\"container\" data-e-type=\"container\">\n\t\t\t\t\t<div class=\"e-con-inner\">\n\t\t<div class=\"elementor-element elementor-element-bf7d7ce e-con-full e-flex e-con e-child\" data-id=\"bf7d7ce\" data-element_type=\"container\" data-e-type=\"container\">\n\t\t\t\t<div class=\"elementor-element elementor-element-6d9311c elementor-widget elementor-widget-heading\" data-id=\"6d9311c\" data-element_type=\"widget\" data-e-type=\"widget\" data-widget_type=\"heading.default\">\n\t\t\t\t<div class=\"elementor-widget-container\">\n\t\t\t\t\t<h3 class=\"elementor-heading-title elementor-size-default\">Indhold i onboardingguiden:<\/h3>\t\t\t\t<\/div>\n\t\t\t\t<\/div>\n\t\t\t\t<div class=\"elementor-element elementor-element-c71d1ba elementor-nav-menu__align-start elementor-nav-menu--dropdown-mobile_extra elementor-nav-menu__text-align-aside elementor-nav-menu--toggle elementor-nav-menu--burger elementor-widget elementor-widget-nav-menu\" data-id=\"c71d1ba\" data-element_type=\"widget\" data-e-type=\"widget\" data-settings=\"{&quot;layout&quot;:&quot;vertical&quot;,&quot;submenu_icon&quot;:{&quot;value&quot;:&quot;&lt;i class=\\&quot;fas fa-caret-down\\&quot; aria-hidden=\\&quot;true\\&quot;&gt;&lt;\\\/i&gt;&quot;,&quot;library&quot;:&quot;fa-solid&quot;},&quot;toggle&quot;:&quot;burger&quot;}\" data-widget_type=\"nav-menu.default\">\n\t\t\t\t<div class=\"elementor-widget-container\">\n\t\t\t\t\t\t\t\t<nav aria-label=\"Menu\" class=\"elementor-nav-menu--main elementor-nav-menu__container elementor-nav-menu--layout-vertical e--pointer-none\">\n\t\t\t\t<ul id=\"menu-1-c71d1ba\" class=\"elementor-nav-menu sm-vertical\"><li class=\"menu-item menu-item-type-post_type menu-item-object-page menu-item-260364\"><a href=\"https:\/\/onedesk.com\/get-started\/\" class=\"elementor-item menu-link\">Kom godt i gang Guide<\/a><\/li>\n<li class=\"menu-item menu-item-type-post_type menu-item-object-page menu-item-260370\"><a href=\"https:\/\/onedesk.com\/get-started\/interface-nav\/\" class=\"elementor-item menu-link\">Kom godt i gang 2- Interface<\/a><\/li>\n<li class=\"menu-item menu-item-type-post_type menu-item-object-page menu-item-260369\"><a href=\"https:\/\/onedesk.com\/get-started\/work-structure\/\" class=\"elementor-item menu-link\">Kom godt i gang Guide 3 &#8211; Arbejdsstruktur<\/a><\/li>\n<li class=\"menu-item menu-item-type-post_type menu-item-object-page menu-item-260368\"><a href=\"https:\/\/onedesk.com\/get-started\/adding-support\/\" class=\"elementor-item menu-link\">Kom godt i gang Guide 4 &#8211; Tilf\u00f8jelse af support<\/a><\/li>\n<li class=\"menu-item menu-item-type-post_type menu-item-object-page menu-item-260367\"><a href=\"https:\/\/onedesk.com\/get-started\/ticketing\/\" class=\"elementor-item menu-link\">Kom godt i gang Guide 5 &#8211; Billetsalg og support<\/a><\/li>\n<li class=\"menu-item menu-item-type-post_type menu-item-object-page menu-item-260366\"><a href=\"https:\/\/onedesk.com\/get-started\/pm-tasks\/\" class=\"elementor-item menu-link\">Kom godt i gang Guide 18 &#8211; PM &amp; Opgaver<\/a><\/li>\n<li class=\"menu-item menu-item-type-post_type menu-item-object-page menu-item-260365\"><a href=\"https:\/\/onedesk.com\/get-started\/subscribing-going-live\/\" class=\"elementor-item menu-link\">Kom godt i gang Guide 7 &#8211; Abonner<\/a><\/li>\n<\/ul>\t\t\t<\/nav>\n\t\t\t\t\t<div class=\"elementor-menu-toggle\" role=\"button\" tabindex=\"0\" aria-label=\"Menu Toggle\" aria-expanded=\"false\">\n\t\t\t<i aria-hidden=\"true\" role=\"presentation\" class=\"elementor-menu-toggle__icon--open eicon-menu-bar\"><\/i><i aria-hidden=\"true\" role=\"presentation\" class=\"elementor-menu-toggle__icon--close eicon-close\"><\/i>\t\t<\/div>\n\t\t\t\t\t<nav class=\"elementor-nav-menu--dropdown elementor-nav-menu__container\" aria-hidden=\"true\">\n\t\t\t\t<ul id=\"menu-2-c71d1ba\" class=\"elementor-nav-menu sm-vertical\"><li class=\"menu-item menu-item-type-post_type menu-item-object-page menu-item-260364\"><a href=\"https:\/\/onedesk.com\/get-started\/\" class=\"elementor-item menu-link\" tabindex=\"-1\">Kom godt i gang Guide<\/a><\/li>\n<li class=\"menu-item menu-item-type-post_type menu-item-object-page menu-item-260370\"><a href=\"https:\/\/onedesk.com\/get-started\/interface-nav\/\" class=\"elementor-item menu-link\" tabindex=\"-1\">Kom godt i gang 2- Interface<\/a><\/li>\n<li class=\"menu-item menu-item-type-post_type menu-item-object-page menu-item-260369\"><a href=\"https:\/\/onedesk.com\/get-started\/work-structure\/\" class=\"elementor-item menu-link\" tabindex=\"-1\">Kom godt i gang Guide 3 &#8211; Arbejdsstruktur<\/a><\/li>\n<li class=\"menu-item menu-item-type-post_type menu-item-object-page menu-item-260368\"><a href=\"https:\/\/onedesk.com\/get-started\/adding-support\/\" class=\"elementor-item menu-link\" tabindex=\"-1\">Kom godt i gang Guide 4 &#8211; Tilf\u00f8jelse af support<\/a><\/li>\n<li class=\"menu-item menu-item-type-post_type menu-item-object-page menu-item-260367\"><a href=\"https:\/\/onedesk.com\/get-started\/ticketing\/\" class=\"elementor-item menu-link\" tabindex=\"-1\">Kom godt i gang Guide 5 &#8211; Billetsalg og support<\/a><\/li>\n<li class=\"menu-item menu-item-type-post_type menu-item-object-page menu-item-260366\"><a href=\"https:\/\/onedesk.com\/get-started\/pm-tasks\/\" class=\"elementor-item menu-link\" tabindex=\"-1\">Kom godt i gang Guide 18 &#8211; PM &amp; Opgaver<\/a><\/li>\n<li class=\"menu-item menu-item-type-post_type menu-item-object-page menu-item-260365\"><a href=\"https:\/\/onedesk.com\/get-started\/subscribing-going-live\/\" class=\"elementor-item menu-link\" tabindex=\"-1\">Kom godt i gang Guide 7 &#8211; Abonner<\/a><\/li>\n<\/ul>\t\t\t<\/nav>\n\t\t\t\t\t\t<\/div>\n\t\t\t\t<\/div>\n\t\t\t\t<\/div>\n\t\t<div class=\"elementor-element elementor-element-3f073d9 e-con-full e-flex e-con e-child\" data-id=\"3f073d9\" data-element_type=\"container\" data-e-type=\"container\">\n\t\t\t\t<div class=\"elementor-element elementor-element-3961762 elementor-widget elementor-widget-heading\" data-id=\"3961762\" data-element_type=\"widget\" data-e-type=\"widget\" data-widget_type=\"heading.default\">\n\t\t\t\t<div class=\"elementor-widget-container\">\n\t\t\t\t\t<h2 class=\"elementor-heading-title elementor-size-default\">Bliver pro!<\/h2>\t\t\t\t<\/div>\n\t\t\t\t<\/div>\n\t\t\t\t<div class=\"elementor-element elementor-element-b839d61 elementor-widget elementor-widget-text-editor\" data-id=\"b839d61\" data-element_type=\"widget\" data-e-type=\"widget\" data-widget_type=\"text-editor.default\">\n\t\t\t\t<div class=\"elementor-widget-container\">\n\t\t\t\t\t\t\t\t\t<p>Gennem hele vejledningen har vi tilf\u00f8jet vores supportkanaler, opsat arbejdsgange og l\u00e6rt, hvordan vi administrerer vores arbejde. N\u00e5r du er klar til at blive professionel, kan du nemt opdatere din gratis pr\u00f8veperiode til en licenseret plan. L\u00e6s mere om vores priser og ofte stillede sp\u00f8rgsm\u00e5l <a href=\"\/?p=94900\">her<\/a> eller se videoen om, hvordan du abonnerer.<\/p>\n\t\t\t\t\t\t\t\t<\/div>\n\t\t\t\t<\/div>\n\t\t\t\t<div class=\"elementor-element elementor-element-321ec0e elementor-widget elementor-widget-video\" data-id=\"321ec0e\" data-element_type=\"widget\" data-e-type=\"widget\" data-settings=\"{&quot;youtube_url&quot;:&quot;https:\\\/\\\/youtu.be\\\/6ca3n8SF3PQ?si=QgsQEw4v1MurvcpG&quot;,&quot;video_type&quot;:&quot;youtube&quot;,&quot;controls&quot;:&quot;yes&quot;}\" data-widget_type=\"video.default\">\n\t\t\t\t<div class=\"elementor-widget-container\">\n\t\t\t\t\t\t\t<div class=\"elementor-wrapper elementor-open-inline\">\n\t\t\t<div class=\"elementor-video\"><\/div>\t\t<\/div>\n\t\t\t\t\t\t<\/div>\n\t\t\t\t<\/div>\n\t\t\t\t<\/div>\n\t\t\t\t\t<\/div>\n\t\t\t\t<\/div>\n\t\t<div class=\"elementor-element elementor-element-85a8e07 e-flex e-con-boxed e-con e-parent\" data-id=\"85a8e07\" data-element_type=\"container\" data-e-type=\"container\">\n\t\t\t\t\t<div class=\"e-con-inner\">\n\t\t\t\t<div class=\"elementor-element elementor-element-46917ca elementor-widget elementor-widget-text-editor\" data-id=\"46917ca\" data-element_type=\"widget\" data-e-type=\"widget\" data-widget_type=\"text-editor.default\">\n\t\t\t\t<div class=\"elementor-widget-container\">\n\t\t\t\t\t\t\t\t\t<p>Din konto er nu klar! Du kan begynde at st\u00f8tte kunder og planl\u00e6gge projekter.<\/p>\n\t\t\t\t\t\t\t\t<\/div>\n\t\t\t\t<\/div>\n\t\t\t\t<div class=\"elementor-element elementor-element-9cfaf05 elementor-widget elementor-widget-heading\" data-id=\"9cfaf05\" data-element_type=\"widget\" data-e-type=\"widget\" data-widget_type=\"heading.default\">\n\t\t\t\t<div class=\"elementor-widget-container\">\n\t\t\t\t\t<h2 class=\"elementor-heading-title elementor-size-default\">Dykke dybere<\/h2>\t\t\t\t<\/div>\n\t\t\t\t<\/div>\n\t\t\t\t<div class=\"elementor-element elementor-element-35b417e elementor-widget elementor-widget-text-editor\" data-id=\"35b417e\" data-element_type=\"widget\" data-e-type=\"widget\" data-widget_type=\"text-editor.default\">\n\t\t\t\t<div class=\"elementor-widget-container\">\n\t\t\t\t\t\t\t\t\t<p>Denne onboarding-guide er beregnet til at guide dig gennem at komme i gang med OneDesk. OneDesk er dog meget tilpasselig og tilbyder en r\u00e6kke funktioner til at administrere fakturering, arbejdsbelastningsstyring, rapportering og mere. For at f\u00e5 mest muligt ud af OneDesk, er du velkommen til at udforske andre tilg\u00e6ngelige funktioner!<\/p>\n<p>Anbefalede funktioner:<\/p>\n\t\t\t\t\t\t\t\t<\/div>\n\t\t\t\t<\/div>\n\t\t\t\t<div class=\"elementor-element elementor-element-1d042cf elementor-widget elementor-widget-text-editor\" data-id=\"1d042cf\" data-element_type=\"widget\" data-e-type=\"widget\" data-widget_type=\"text-editor.default\">\n\t\t\t\t<div class=\"elementor-widget-container\">\n\t\t\t\t\t\t\t\t\t<ul>\n<li><a href=\"https:\/\/kb.onedesk.com\/app-od\/o-onedesk\/knowledge-base-1\/article-a04cff47-b6fb-4c03-bc07-f89fc0737be7\" target=\"_blank\" rel=\"noopener\">Fakturering<\/a><\/li>\n<li><a href=\"https:\/\/kb.onedesk.com\/app-od\/o-onedesk\/knowledge-base-1\/article-b485316c-08ab-4b5a-a8bf-bf7cb19b9c49\" target=\"_blank\" rel=\"noopener\">Ressourcestyring<\/a><\/li>\n<li><a href=\"https:\/\/kb.onedesk.com\/app-od\/o-onedesk\/knowledge-base-1\/article-8ee2e05f-9bdf-4dd9-bb12-32cc60b7eec5\" target=\"_blank\" rel=\"noopener\">Rapportering og analyse<\/a><\/li>\n<li><a href=\"https:\/\/kb.onedesk.com\/app-od\/o-onedesk\/knowledge-base-1\/category-b7906630-b973-43ed-9484-aa1a86b400fb\" target=\"_blank\" rel=\"noopener\">Administration og konfiguration<\/a><\/li>\n<\/ul>\n<p>Anbefalede ressourcer:<\/p>\n<ul>\n<li><a href=\"https:\/\/youtu.be\/ebvV8LlGRrM\" target=\"_blank\" rel=\"noopener\">Fuld oversigt Demo<\/a><\/li>\n<li><a href=\"https:\/\/kb.onedesk.com\/app-od\/o-onedesk\/knowledge-base-1\" target=\"_blank\" rel=\"noopener\">Vores vidensbase<\/a><\/li>\n<li><a href=\"https:\/\/onedesk.com\/da\/onedesk-video-guide-2\/\" target=\"_blank\" rel=\"noopener\">Videoguide<\/a><\/li>\n<\/ul>\n\t\t\t\t\t\t\t\t<\/div>\n\t\t\t\t<\/div>\n\t\t\t\t\t<\/div>\n\t\t\t\t<\/div>\n\t\t\t\t<\/div>\n\t\t","protected":false},"excerpt":{"rendered":"<p>Abonner og g\u00e5r live Indhold i onboardingguiden: Bliver pro! Gennem hele vejledningen har vi tilf\u00f8jet vores supportkanaler, opsat arbejdsgange og l\u00e6rt, hvordan vi administrerer vores arbejde. N\u00e5r du er klar til at blive professionel, kan du nemt opdatere din gratis pr\u00f8veperiode til en licenseret plan. L\u00e6s mere om vores priser og ofte stillede sp\u00f8rgsm\u00e5l her [&hellip;]<\/p>\n","protected":false},"author":30,"featured_media":0,"parent":260441,"menu_order":0,"comment_status":"closed","ping_status":"closed","template":"","meta":{"tpgb_global_settings":"","_crdt_document":"","inline_featured_image":false,"site-sidebar-layout":"no-sidebar","site-content-layout":"page-builder","ast-site-content-layout":"full-width-container","site-content-style":"default","site-sidebar-style":"default","ast-global-header-display":"","ast-banner-title-visibility":"","ast-main-header-display":"","ast-hfb-above-header-display":"","ast-hfb-below-header-display":"","ast-hfb-mobile-header-display":"","site-post-title":"disabled","ast-breadcrumbs-content":"","ast-featured-img":"disabled","footer-sml-layout":"","ast-disable-related-posts":"","theme-transparent-header-meta":"","adv-header-id-meta":"","stick-header-meta":"","header-above-stick-meta":"","header-main-stick-meta":"","header-below-stick-meta":"","astra-migrate-meta-layouts":"default","ast-page-background-enabled":"default","ast-page-background-meta":{"desktop":{"background-color":"var(--ast-global-color-4)","background-image":"","background-repeat":"repeat","background-position":"center center","background-size":"auto","background-attachment":"scroll","background-type":"","background-media":"","overlay-type":"","overlay-color":"","overlay-opacity":"","overlay-gradient":""},"tablet":{"background-color":"","background-image":"","background-repeat":"repeat","background-position":"center center","background-size":"auto","background-attachment":"scroll","background-type":"","background-media":"","overlay-type":"","overlay-color":"","overlay-opacity":"","overlay-gradient":""},"mobile":{"background-color":"","background-image":"","background-repeat":"repeat","background-position":"center center","background-size":"auto","background-attachment":"scroll","background-type":"","background-media":"","overlay-type":"","overlay-color":"","overlay-opacity":"","overlay-gradient":""}},"ast-content-background-meta":{"desktop":{"background-color":"var(--ast-global-color-5)","background-image":"","background-repeat":"repeat","background-position":"center center","background-size":"auto","background-attachment":"scroll","background-type":"","background-media":"","overlay-type":"","overlay-color":"","overlay-opacity":"","overlay-gradient":""},"tablet":{"background-color":"var(--ast-global-color-5)","background-image":"","background-repeat":"repeat","background-position":"center center","background-size":"auto","background-attachment":"scroll","background-type":"","background-media":"","overlay-type":"","overlay-color":"","overlay-opacity":"","overlay-gradient":""},"mobile":{"background-color":"var(--ast-global-color-5)","background-image":"","background-repeat":"repeat","background-position":"center center","background-size":"auto","background-attachment":"scroll","background-type":"","background-media":"","overlay-type":"","overlay-color":"","overlay-opacity":"","overlay-gradient":""}},"footnotes":""},"class_list":["post-260548","page","type-page","status-publish","hentry"],"yoast_head":"<!-- This site is optimized with the Yoast SEO Premium plugin v27.6 (Yoast SEO v27.6) - https:\/\/yoast.com\/product\/yoast-seo-premium-wordpress\/ -->\n<title>Kom godt i gang Guide 7: Abonner og g\u00e5 live | OneDesk<\/title>\n<meta name=\"description\" content=\"Den sidste del af startvejledningen. L\u00e6r, hvordan du abonnerer og g\u00e5r live. Plus anbefalede n\u00e6ste trin for at f\u00e5 mest muligt ud af OneDesk\" \/>\n<meta name=\"robots\" content=\"index, follow, max-snippet:-1, max-image-preview:large, max-video-preview:-1\" \/>\n<link rel=\"canonical\" href=\"https:\/\/onedesk.com\/da\/kom-igang\/abonnerer-gaar-live\/\" \/>\n<meta property=\"og:locale\" content=\"da_DK\" \/>\n<meta property=\"og:type\" content=\"article\" \/>\n<meta property=\"og:title\" content=\"Kom godt i gang Guide 7: Abonner og g\u00e5 live | OneDesk\" \/>\n<meta property=\"og:description\" content=\"Den sidste del af startvejledningen. L\u00e6r, hvordan du abonnerer og g\u00e5r live. Plus anbefalede n\u00e6ste trin for at f\u00e5 mest muligt ud af OneDesk\" \/>\n<meta property=\"og:url\" content=\"https:\/\/onedesk.com\/da\/kom-igang\/abonnerer-gaar-live\/\" \/>\n<meta property=\"og:site_name\" content=\"OneDesk\" \/>\n<meta property=\"article:publisher\" content=\"https:\/\/www.facebook.com\/OneDeskApp\" \/>\n<meta property=\"article:modified_time\" content=\"2024-07-10T13:52:51+00:00\" \/>\n<meta property=\"og:image\" content=\"https:\/\/onedesk.com\/wp-content\/uploads\/2020\/04\/OneDesk-Logo.png\" \/>\n\t<meta property=\"og:image:width\" content=\"1280\" \/>\n\t<meta property=\"og:image:height\" content=\"800\" \/>\n\t<meta property=\"og:image:type\" content=\"image\/png\" \/>\n<meta name=\"twitter:card\" content=\"summary_large_image\" \/>\n<meta name=\"twitter:site\" content=\"@OneDeskApp\" \/>\n<meta name=\"twitter:label1\" content=\"Est. reading time\" \/>\n\t<meta name=\"twitter:data1\" content=\"1 minute\" \/>\n<!-- \/ Yoast SEO Premium plugin. -->","yoast_head_json":{"title":"Kom godt i gang Guide 7: Abonner og g\u00e5 live | OneDesk","description":"Den sidste del af startvejledningen. L\u00e6r, hvordan du abonnerer og g\u00e5r live. Plus anbefalede n\u00e6ste trin for at f\u00e5 mest muligt ud af OneDesk","robots":{"index":"index","follow":"follow","max-snippet":"max-snippet:-1","max-image-preview":"max-image-preview:large","max-video-preview":"max-video-preview:-1"},"canonical":"https:\/\/onedesk.com\/da\/kom-igang\/abonnerer-gaar-live\/","og_locale":"da_DK","og_type":"article","og_title":"Kom godt i gang Guide 7: Abonner og g\u00e5 live | OneDesk","og_description":"Den sidste del af startvejledningen. L\u00e6r, hvordan du abonnerer og g\u00e5r live. Plus anbefalede n\u00e6ste trin for at f\u00e5 mest muligt ud af OneDesk","og_url":"https:\/\/onedesk.com\/da\/kom-igang\/abonnerer-gaar-live\/","og_site_name":"OneDesk","article_publisher":"https:\/\/www.facebook.com\/OneDeskApp","article_modified_time":"2024-07-10T13:52:51+00:00","og_image":[{"width":1280,"height":800,"url":"https:\/\/onedesk.com\/wp-content\/uploads\/2020\/04\/OneDesk-Logo.png","type":"image\/png"}],"twitter_card":"summary_large_image","twitter_site":"@OneDeskApp","twitter_misc":{"Est. reading time":"1 minute"},"schema":{"@context":"https:\/\/schema.org","@graph":[{"@type":"WebPage","@id":"https:\/\/onedesk.com\/da\/kom-igang\/abonnerer-gaar-live\/","url":"https:\/\/onedesk.com\/da\/kom-igang\/abonnerer-gaar-live\/","name":"Kom godt i gang Guide 7: Abonner og g\u00e5 live | OneDesk","isPartOf":{"@id":"https:\/\/onedesk.com\/da\/#website"},"datePublished":"2023-10-27T18:03:26+00:00","dateModified":"2024-07-10T13:52:51+00:00","description":"Den sidste del af startvejledningen. L\u00e6r, hvordan du abonnerer og g\u00e5r live. Plus anbefalede n\u00e6ste trin for at f\u00e5 mest muligt ud af OneDesk","breadcrumb":{"@id":"https:\/\/onedesk.com\/da\/kom-igang\/abonnerer-gaar-live\/#breadcrumb"},"inLanguage":"da-DK","potentialAction":[{"@type":"ReadAction","target":["https:\/\/onedesk.com\/da\/kom-igang\/abonnerer-gaar-live\/"]}]},{"@type":"BreadcrumbList","@id":"https:\/\/onedesk.com\/da\/kom-igang\/abonnerer-gaar-live\/#breadcrumb","itemListElement":[{"@type":"ListItem","position":1,"name":"Kom godt i gang Guide","item":"https:\/\/onedesk.com\/da\/kom-igang\/"},{"@type":"ListItem","position":2,"name":"Kom godt i gang Guide 7 &#8211; Abonner"}]},{"@type":"WebSite","@id":"https:\/\/onedesk.com\/da\/#website","url":"https:\/\/onedesk.com\/da\/","name":"OneDesk","description":"Projektledelse og Helpdesk -software","publisher":{"@id":"https:\/\/onedesk.com\/da\/#organization"},"potentialAction":[{"@type":"SearchAction","target":{"@type":"EntryPoint","urlTemplate":"https:\/\/onedesk.com\/da\/?s={search_term_string}"},"query-input":{"@type":"PropertyValueSpecification","valueRequired":true,"valueName":"search_term_string"}}],"inLanguage":"da-DK"},{"@type":"Organization","@id":"https:\/\/onedesk.com\/da\/#organization","name":"OneDesk","url":"https:\/\/onedesk.com\/da\/","logo":{"@type":"ImageObject","inLanguage":"da-DK","@id":"https:\/\/onedesk.com\/da\/#\/schema\/logo\/image\/","url":"https:\/\/onedesk.com\/wp-content\/uploads\/2016\/01\/white-logo-small.png","contentUrl":"https:\/\/onedesk.com\/wp-content\/uploads\/2016\/01\/white-logo-small.png","width":207,"height":40,"caption":"OneDesk"},"image":{"@id":"https:\/\/onedesk.com\/da\/#\/schema\/logo\/image\/"},"sameAs":["https:\/\/www.facebook.com\/OneDeskApp","https:\/\/x.com\/OneDeskApp","https:\/\/www.instagram.com\/onedeskapp\/","https:\/\/www.linkedin.com\/company\/onedesk-inc-1","https:\/\/www.pinterest.com\/onedesk\/","https:\/\/www.youtube.com\/user\/OneDeskApp"]}]}},"tpgb_featured_images":null,"tpgb_post_meta_info":{"get_date":"October 27, 2023","get_modified_date":"July 10, 2024","author_name":"Erin Richardson","author_url":"https:\/\/onedesk.com\/da\/author\/erin-richardsononedesk-com\/","author_email":"erin.richardson@onedesk.com","author_website":"","author_description":"","author_facebook":"","author_twitter":"","author_instagram":"","author_role":["administrator"],"author_firstname":"Erin","author_lastname":"Richardson","user_login":"erin.richardson@onedesk.com","author_avatar":"<img alt='' src='https:\/\/secure.gravatar.com\/avatar\/5b43ac2756efc1d5aa46746163fa71ceee43f42a78652ebc70940d512d77cba0?s=200&#038;d=mm&#038;r=g' srcset='https:\/\/secure.gravatar.com\/avatar\/5b43ac2756efc1d5aa46746163fa71ceee43f42a78652ebc70940d512d77cba0?s=400&#038;d=mm&#038;r=g 2x' class='avatar avatar-200 photo' height='200' width='200' decoding='async'\/>","author_avatar_url":"https:\/\/secure.gravatar.com\/avatar\/5b43ac2756efc1d5aa46746163fa71ceee43f42a78652ebc70940d512d77cba0?s=96&d=mm&r=g","comment_count":0,"post_likes":0,"post_views":0},"tpgb_post_category":[],"jetpack_shortlink":"https:\/\/wp.me\/PfpPaI-15Mo","amp_enabled":true,"_links":{"self":[{"href":"https:\/\/onedesk.com\/da\/wp-json\/wp\/v2\/pages\/260548","targetHints":{"allow":["GET"]}}],"collection":[{"href":"https:\/\/onedesk.com\/da\/wp-json\/wp\/v2\/pages"}],"about":[{"href":"https:\/\/onedesk.com\/da\/wp-json\/wp\/v2\/types\/page"}],"author":[{"embeddable":true,"href":"https:\/\/onedesk.com\/da\/wp-json\/wp\/v2\/users\/30"}],"replies":[{"embeddable":true,"href":"https:\/\/onedesk.com\/da\/wp-json\/wp\/v2\/comments?post=260548"}],"version-history":[{"count":12,"href":"https:\/\/onedesk.com\/da\/wp-json\/wp\/v2\/pages\/260548\/revisions"}],"predecessor-version":[{"id":272285,"href":"https:\/\/onedesk.com\/da\/wp-json\/wp\/v2\/pages\/260548\/revisions\/272285"}],"up":[{"embeddable":true,"href":"https:\/\/onedesk.com\/da\/wp-json\/wp\/v2\/pages\/260441"}],"wp:attachment":[{"href":"https:\/\/onedesk.com\/da\/wp-json\/wp\/v2\/media?parent=260548"}],"curies":[{"name":"wp","href":"https:\/\/api.w.org\/{rel}","templated":true}]}}