{"id":152371,"date":"2021-12-16T20:37:50","date_gmt":"2021-12-16T20:37:50","guid":{"rendered":"https:\/\/onedesk.com\/eigenschaften-index\/integrationen\/"},"modified":"2024-07-19T21:02:32","modified_gmt":"2024-07-19T21:02:32","slug":"integrationen","status":"publish","type":"page","link":"https:\/\/onedesk.com\/de\/features-index\/integrationen\/","title":{"rendered":"Integrationen"},"content":{"rendered":"\t\t<div data-elementor-type=\"wp-page\" data-elementor-id=\"152371\" class=\"elementor elementor-152371 elementor-101176\" data-elementor-post-type=\"page\">\n\t\t\t\t\t\t<section class=\"elementor-section elementor-top-section elementor-element elementor-element-4053034 elementor-section-boxed elementor-section-height-default elementor-section-height-default\" data-id=\"4053034\" data-element_type=\"section\" data-e-type=\"section\">\n\t\t\t\t\t\t<div class=\"elementor-container elementor-column-gap-default\">\n\t\t\t\t\t<div class=\"elementor-column elementor-col-100 elementor-top-column elementor-element elementor-element-83b99aa\" data-id=\"83b99aa\" data-element_type=\"column\" data-e-type=\"column\">\n\t\t\t<div class=\"elementor-widget-wrap elementor-element-populated\">\n\t\t\t\t\t\t<div class=\"elementor-element elementor-element-34661ea elementor-widget elementor-widget-heading\" data-id=\"34661ea\" data-element_type=\"widget\" data-e-type=\"widget\" data-widget_type=\"heading.default\">\n\t\t\t\t<div class=\"elementor-widget-container\">\n\t\t\t\t\t<h1 class=\"elementor-heading-title elementor-size-default\">Integrationen<\/h1>\t\t\t\t<\/div>\n\t\t\t\t<\/div>\n\t\t\t\t<div class=\"elementor-element elementor-element-decfbf7 elementor-widget elementor-widget-text-editor\" data-id=\"decfbf7\" data-element_type=\"widget\" data-e-type=\"widget\" data-widget_type=\"text-editor.default\">\n\t\t\t\t<div class=\"elementor-widget-container\">\n\t\t\t\t\t\t\t\t\t<p>Integrieren Sie Ihre anderen Tools bequem in OneDesk<\/p>\n\t\t\t\t\t\t\t\t<\/div>\n\t\t\t\t<\/div>\n\t\t\t\t<div class=\"elementor-element elementor-element-9b2a583 elementor-align-center elementor-widget elementor-widget-global elementor-global-239885 elementor-global-131872 elementor-widget-button\" data-id=\"9b2a583\" data-element_type=\"widget\" data-e-type=\"widget\" data-widget_type=\"button.default\">\n\t\t\t\t<div class=\"elementor-widget-container\">\n\t\t\t\t\t\t\t\t\t<div class=\"elementor-button-wrapper\">\n\t\t\t\t\t<a class=\"elementor-button elementor-button-link elementor-size-lg elementor-animation-grow\" href=\"https:\/\/onedesk.com\/de\/melde-dich-kostenlos-an\/\">\n\t\t\t\t\t\t<span class=\"elementor-button-content-wrapper\">\n\t\t\t\t\t\t\t\t\t<span class=\"elementor-button-text\">Melde dich kostenlos an!<\/span>\n\t\t\t\t\t<\/span>\n\t\t\t\t\t<\/a>\n\t\t\t\t<\/div>\n\t\t\t\t\t\t\t\t<\/div>\n\t\t\t\t<\/div>\n\t\t\t\t\t<\/div>\n\t\t<\/div>\n\t\t\t\t\t<\/div>\n\t\t<\/section>\n\t\t\t\t<section class=\"elementor-section elementor-top-section elementor-element elementor-element-9ec4823 elementor-section-boxed elementor-section-height-default elementor-section-height-default\" data-id=\"9ec4823\" data-element_type=\"section\" data-e-type=\"section\">\n\t\t\t\t\t\t<div class=\"elementor-container elementor-column-gap-default\">\n\t\t\t\t\t<div class=\"elementor-column elementor-col-50 elementor-top-column elementor-element elementor-element-54595f0\" data-id=\"54595f0\" data-element_type=\"column\" data-e-type=\"column\">\n\t\t\t<div class=\"elementor-widget-wrap elementor-element-populated\">\n\t\t\t\t\t\t<div class=\"elementor-element elementor-element-04e81ca elementor-widget elementor-widget-image\" data-id=\"04e81ca\" data-element_type=\"widget\" data-e-type=\"widget\" data-widget_type=\"image.default\">\n\t\t\t\t<div class=\"elementor-widget-container\">\n\t\t\t\t\t\t\t\t\t\t\t\t\t\t\t<img fetchpriority=\"high\" decoding=\"async\" width=\"1020\" height=\"1024\" src=\"https:\/\/onedesk.com\/wp-content\/uploads\/2021\/05\/logos-1020x1024.png\" class=\"attachment-large size-large wp-image-101189\" alt=\"Integrationen\" srcset=\"https:\/\/onedesk.com\/wp-content\/uploads\/2021\/05\/logos-1020x1024.png 1020w, https:\/\/onedesk.com\/wp-content\/uploads\/2021\/05\/logos-300x300.png 300w, https:\/\/onedesk.com\/wp-content\/uploads\/2021\/05\/logos-150x150.png 150w, https:\/\/onedesk.com\/wp-content\/uploads\/2021\/05\/logos-768x771.png 768w, https:\/\/onedesk.com\/wp-content\/uploads\/2021\/05\/logos-1530x1536.png 1530w, https:\/\/onedesk.com\/wp-content\/uploads\/2021\/05\/logos-299x300.png 299w, https:\/\/onedesk.com\/wp-content\/uploads\/2021\/05\/logos-897x900.png 897w, https:\/\/onedesk.com\/wp-content\/uploads\/2021\/05\/logos-255x256.png 255w, https:\/\/onedesk.com\/wp-content\/uploads\/2021\/05\/logos-80x80.png 80w, https:\/\/onedesk.com\/wp-content\/uploads\/2021\/05\/logos-40x40.png 40w, https:\/\/onedesk.com\/wp-content\/uploads\/2021\/05\/logos-60x60.png 60w, https:\/\/onedesk.com\/wp-content\/uploads\/2021\/05\/logos-480x482.png 480w, https:\/\/onedesk.com\/wp-content\/uploads\/2021\/05\/logos-500x502.png 500w, https:\/\/onedesk.com\/wp-content\/uploads\/2021\/05\/logos-750x753.png 750w, https:\/\/onedesk.com\/wp-content\/uploads\/2021\/05\/logos-360x361.png 360w, https:\/\/onedesk.com\/wp-content\/uploads\/2021\/05\/logos-380x380.png 380w, https:\/\/onedesk.com\/wp-content\/uploads\/2021\/05\/logos.png 1542w\" sizes=\"(max-width: 1020px) 100vw, 1020px\" \/>\t\t\t\t\t\t\t\t\t\t\t\t\t\t\t<\/div>\n\t\t\t\t<\/div>\n\t\t\t\t\t<\/div>\n\t\t<\/div>\n\t\t\t\t<div class=\"elementor-column elementor-col-50 elementor-top-column elementor-element elementor-element-0ebc8dc\" data-id=\"0ebc8dc\" data-element_type=\"column\" data-e-type=\"column\">\n\t\t\t<div class=\"elementor-widget-wrap elementor-element-populated\">\n\t\t\t\t\t\t<div class=\"elementor-element elementor-element-c448e55 elementor-widget elementor-widget-heading\" data-id=\"c448e55\" data-element_type=\"widget\" data-e-type=\"widget\" data-widget_type=\"heading.default\">\n\t\t\t\t<div class=\"elementor-widget-container\">\n\t\t\t\t\t<h2 class=\"elementor-heading-title elementor-size-default\">Integrieren Sie Ihren Workflow in verschiedene Webanwendungen<\/h2>\t\t\t\t<\/div>\n\t\t\t\t<\/div>\n\t\t\t\t<div class=\"elementor-element elementor-element-e0e5efd elementor-widget elementor-widget-text-editor\" data-id=\"e0e5efd\" data-element_type=\"widget\" data-e-type=\"widget\" data-widget_type=\"text-editor.default\">\n\t\t\t\t<div class=\"elementor-widget-container\">\n\t\t\t\t\t\t\t\t\t<p>OneDesk bietet Ihnen sofort einsatzbereite Integrationen mit einigen der beliebtesten Webanwendungen f\u00fcr Arbeitsproduktivit\u00e4t, Kommunikation, Rechnungsverwaltung und mehr. Diese Integrationen erm\u00f6glichen Ihnen die Integration Ihres Arbeitsablaufs zwischen allen Anwendungen, mit denen Sie bereits vertraut sind.  <a href=\"https:\/\/onedesk.com\/de\/integrieren-mit-onedesk\/\">Klicken Sie hier, um alle Anwendungen anzuzeigen, in die OneDesk standardm\u00e4\u00dfig integriert ist.<\/a><\/p>\n\t\t\t\t\t\t\t\t<\/div>\n\t\t\t\t<\/div>\n\t\t\t\t<div class=\"elementor-element elementor-element-36de15c elementor-widget elementor-widget-heading\" data-id=\"36de15c\" data-element_type=\"widget\" data-e-type=\"widget\" data-widget_type=\"heading.default\">\n\t\t\t\t<div class=\"elementor-widget-container\">\n\t\t\t\t\t<h2 class=\"elementor-heading-title elementor-size-default\">Out-of-the-Box-Zapier-Integrationen<\/h2>\t\t\t\t<\/div>\n\t\t\t\t<\/div>\n\t\t\t\t<div class=\"elementor-element elementor-element-5f7957e elementor-widget elementor-widget-text-editor\" data-id=\"5f7957e\" data-element_type=\"widget\" data-e-type=\"widget\" data-widget_type=\"text-editor.default\">\n\t\t\t\t<div class=\"elementor-widget-container\">\n\t\t\t\t\t\t\t\t\t<p>Durch die Integration von OneDesk mit Zapier k\u00f6nnen Sie OneDesk mit Hunderten von Webanwendungen verbinden. Automatisierte Verbindungen, sogenannte \u201eZaps\u201c, k\u00f6nnen in wenigen Minuten eingerichtet werden, ohne dass eine Codierung erforderlich ist. Diese Zaps k\u00f6nnen Ihnen dabei helfen, Ihre t\u00e4glichen Aufgaben zu automatisieren und Workflows zwischen OneDesk und Hunderten anderer beliebter Anwendungen aufzubauen.  <a href=\"https:\/\/zapier.com\/apps\/onedesk\/integrations\">Sehen Sie sich hier alle m\u00f6glichen Zapier-Integrationen an.<\/a><\/p>\n\t\t\t\t\t\t\t\t<\/div>\n\t\t\t\t<\/div>\n\t\t\t\t<div class=\"elementor-element elementor-element-69afbb9 elementor-widget elementor-widget-heading\" data-id=\"69afbb9\" data-element_type=\"widget\" data-e-type=\"widget\" data-widget_type=\"heading.default\">\n\t\t\t\t<div class=\"elementor-widget-container\">\n\t\t\t\t\t<h2 class=\"elementor-heading-title elementor-size-default\">Erstellen Sie Ihr eigenes mit API<\/h2>\t\t\t\t<\/div>\n\t\t\t\t<\/div>\n\t\t\t\t<div class=\"elementor-element elementor-element-856e475 elementor-widget elementor-widget-text-editor\" data-id=\"856e475\" data-element_type=\"widget\" data-e-type=\"widget\" data-widget_type=\"text-editor.default\">\n\t\t\t\t<div class=\"elementor-widget-container\">\n\t\t\t\t\t\t\t\t\t<p>M\u00f6chten Sie Ihre eigene Integration codieren? OneDesk verf\u00fcgt auch \u00fcber eine \u00f6ffentliche REST-API, die Sie nutzen k\u00f6nnen, um noch mehr Apps zu verbinden. Besuchen Sie unsere <a href=\"https:\/\/onedesk.com\/dev\/\">API-Dokumentation<\/a> .  <\/p>\n\t\t\t\t\t\t\t\t<\/div>\n\t\t\t\t<\/div>\n\t\t\t\t\t<\/div>\n\t\t<\/div>\n\t\t\t\t\t<\/div>\n\t\t<\/section>\n\t\t\t\t<section class=\"elementor-section elementor-top-section elementor-element elementor-element-f9deb9a elementor-section-boxed elementor-section-height-default elementor-section-height-default\" data-id=\"f9deb9a\" data-element_type=\"section\" data-e-type=\"section\">\n\t\t\t\t\t\t<div class=\"elementor-container elementor-column-gap-default\">\n\t\t\t\t\t<div class=\"elementor-column elementor-col-100 elementor-top-column elementor-element elementor-element-fb98e8b\" data-id=\"fb98e8b\" data-element_type=\"column\" data-e-type=\"column\">\n\t\t\t<div class=\"elementor-widget-wrap elementor-element-populated\">\n\t\t\t\t\t\t<div class=\"elementor-element elementor-element-f3613e4 elementor-widget elementor-widget-heading\" data-id=\"f3613e4\" data-element_type=\"widget\" data-e-type=\"widget\" data-widget_type=\"heading.default\">\n\t\t\t\t<div class=\"elementor-widget-container\">\n\t\t\t\t\t<h2 class=\"elementor-heading-title elementor-size-default\">Lernmittel<\/h2>\t\t\t\t<\/div>\n\t\t\t\t<\/div>\n\t\t\t\t\t<\/div>\n\t\t<\/div>\n\t\t\t\t\t<\/div>\n\t\t<\/section>\n\t\t\t\t<section class=\"elementor-section elementor-top-section elementor-element elementor-element-8067ce1 elementor-section-boxed elementor-section-height-default elementor-section-height-default\" data-id=\"8067ce1\" data-element_type=\"section\" data-e-type=\"section\">\n\t\t\t\t\t\t<div class=\"elementor-container elementor-column-gap-default\">\n\t\t\t\t\t<div class=\"elementor-column elementor-col-33 elementor-top-column elementor-element elementor-element-59521d5\" data-id=\"59521d5\" data-element_type=\"column\" data-e-type=\"column\" data-settings=\"{&quot;background_background&quot;:&quot;classic&quot;}\">\n\t\t\t<div class=\"elementor-widget-wrap elementor-element-populated\">\n\t\t\t\t\t\t<div class=\"elementor-element elementor-element-0944909 elementor-widget elementor-widget-heading\" data-id=\"0944909\" data-element_type=\"widget\" data-e-type=\"widget\" data-widget_type=\"heading.default\">\n\t\t\t\t<div class=\"elementor-widget-container\">\n\t\t\t\t\t<h3 class=\"elementor-heading-title elementor-size-default\"><a href=\"https:\/\/kb.onedesk.com\/app-od\/o-onedesk\/knowledge-base-1\/article-235d90bf-f375-49ad-b5f5-6edaca16ad3c\">Integration mit QuickBooks  <\/a><\/h3>\t\t\t\t<\/div>\n\t\t\t\t<\/div>\n\t\t\t\t<div class=\"elementor-element elementor-element-c76ce5f elementor-widget elementor-widget-text-editor\" data-id=\"c76ce5f\" data-element_type=\"widget\" data-e-type=\"widget\" data-widget_type=\"text-editor.default\">\n\t\t\t\t<div class=\"elementor-widget-container\">\n\t\t\t\t\t\t\t\t\t<p>\u00dcbertragen Sie Arbeitszeitnachweise von OneDesk, um Aktivit\u00e4ten in QuickBooks zu zeitlich zu erfassen.<\/p>\n<p><a href=\"https:\/\/kb.onedesk.com\/app-od\/o-onedesk\/knowledge-base-1\/article-235d90bf-f375-49ad-b5f5-6edaca16ad3c\"><strong>Mehr erfahren&gt;&gt;<\/strong><\/a><\/p>\n\t\t\t\t\t\t\t\t<\/div>\n\t\t\t\t<\/div>\n\t\t\t\t\t<\/div>\n\t\t<\/div>\n\t\t\t\t<div class=\"elementor-column elementor-col-33 elementor-top-column elementor-element elementor-element-984f813\" data-id=\"984f813\" data-element_type=\"column\" data-e-type=\"column\" data-settings=\"{&quot;background_background&quot;:&quot;classic&quot;}\">\n\t\t\t<div class=\"elementor-widget-wrap elementor-element-populated\">\n\t\t\t\t\t\t<div class=\"elementor-element elementor-element-fc061b8 elementor-widget elementor-widget-heading\" data-id=\"fc061b8\" data-element_type=\"widget\" data-e-type=\"widget\" data-widget_type=\"heading.default\">\n\t\t\t\t<div class=\"elementor-widget-container\">\n\t\t\t\t\t<h3 class=\"elementor-heading-title elementor-size-default\"><a href=\"https:\/\/kb.onedesk.com\/app-od\/o-onedesk\/knowledge-base-1\/article-16eba41d-a062-4bf2-9ec1-6926a858a432\">Verwenden von SSO<\/a><\/h3>\t\t\t\t<\/div>\n\t\t\t\t<\/div>\n\t\t\t\t<div class=\"elementor-element elementor-element-f22d004 elementor-widget elementor-widget-text-editor\" data-id=\"f22d004\" data-element_type=\"widget\" data-e-type=\"widget\" data-widget_type=\"text-editor.default\">\n\t\t\t\t<div class=\"elementor-widget-container\">\n\t\t\t\t\t\t\t\t\t<p>OneDesk bietet Single Sign On (SSO) f\u00fcr Benutzer und Kunden.  <\/p>\n<p><strong><a href=\"https:\/\/kb.onedesk.com\/app-od\/o-onedesk\/knowledge-base-1\/article-16eba41d-a062-4bf2-9ec1-6926a858a432\">Mehr erfahren&gt;&gt;<\/a><\/strong><\/p>\n\t\t\t\t\t\t\t\t<\/div>\n\t\t\t\t<\/div>\n\t\t\t\t\t<\/div>\n\t\t<\/div>\n\t\t\t\t<div class=\"elementor-column elementor-col-33 elementor-top-column elementor-element elementor-element-97bb14e\" data-id=\"97bb14e\" data-element_type=\"column\" data-e-type=\"column\" data-settings=\"{&quot;background_background&quot;:&quot;classic&quot;}\">\n\t\t\t<div class=\"elementor-widget-wrap elementor-element-populated\">\n\t\t\t\t\t\t<div class=\"elementor-element elementor-element-5a47a0d elementor-widget elementor-widget-heading\" data-id=\"5a47a0d\" data-element_type=\"widget\" data-e-type=\"widget\" data-widget_type=\"heading.default\">\n\t\t\t\t<div class=\"elementor-widget-container\">\n\t\t\t\t\t<h3 class=\"elementor-heading-title elementor-size-default\"><a href=\"https:\/\/kb.onedesk.com\/app-od\/o-onedesk\/knowledge-base-1\/article-9956d826-aa53-442c-af87-193e8e7c4a5e\">Integration mit Zapier<\/a><\/h3>\t\t\t\t<\/div>\n\t\t\t\t<\/div>\n\t\t\t\t<div class=\"elementor-element elementor-element-7a2755f elementor-widget elementor-widget-text-editor\" data-id=\"7a2755f\" data-element_type=\"widget\" data-e-type=\"widget\" data-widget_type=\"text-editor.default\">\n\t\t\t\t<div class=\"elementor-widget-container\">\n\t\t\t\t\t\t\t\t\t<p>Mit Zapier k\u00f6nnen Sie Ihre eigenen Integrationen erstellen \u2013 keine Codierung erforderlich.  <\/p>\n<p><a href=\"https:\/\/kb.onedesk.com\/app-od\/o-onedesk\/knowledge-base-1\/article-9956d826-aa53-442c-af87-193e8e7c4a5e\"><strong>Mehr erfahren&gt;&gt;<\/strong><\/a><\/p>\n\t\t\t\t\t\t\t\t<\/div>\n\t\t\t\t<\/div>\n\t\t\t\t\t<\/div>\n\t\t<\/div>\n\t\t\t\t\t<\/div>\n\t\t<\/section>\n\t\t\t\t<\/div>\n\t\t","protected":false},"excerpt":{"rendered":"<p>Integrationen Integrieren Sie Ihre anderen Tools bequem in OneDesk Sign up free! Integrieren Sie Ihren Workflow in verschiedene Webanwendungen OneDesk bietet Ihnen sofort einsatzbereite Integrationen mit einigen der beliebtesten Webanwendungen f\u00fcr Arbeitsproduktivit\u00e4t, Kommunikation, Rechnungsverwaltung und mehr. Diese Integrationen erm\u00f6glichen Ihnen die Integration Ihres Arbeitsablaufs zwischen allen Anwendungen, mit denen Sie bereits vertraut sind. Klicken Sie [&hellip;]<\/p>\n","protected":false},"author":27,"featured_media":0,"parent":151676,"menu_order":26,"comment_status":"closed","ping_status":"closed","template":"","meta":{"tpgb_global_settings":"","_crdt_document":"","inline_featured_image":false,"site-sidebar-layout":"default","site-content-layout":"","ast-site-content-layout":"default","site-content-style":"default","site-sidebar-style":"default","ast-global-header-display":"","ast-banner-title-visibility":"","ast-main-header-display":"","ast-hfb-above-header-display":"","ast-hfb-below-header-display":"","ast-hfb-mobile-header-display":"","site-post-title":"","ast-breadcrumbs-content":"","ast-featured-img":"","footer-sml-layout":"","ast-disable-related-posts":"","theme-transparent-header-meta":"","adv-header-id-meta":"","stick-header-meta":"","header-above-stick-meta":"","header-main-stick-meta":"","header-below-stick-meta":"","astra-migrate-meta-layouts":"default","ast-page-background-enabled":"default","ast-page-background-meta":{"desktop":{"background-color":"var(--ast-global-color-4)","background-image":"","background-repeat":"repeat","background-position":"center center","background-size":"auto","background-attachment":"scroll","background-type":"","background-media":"","overlay-type":"","overlay-color":"","overlay-opacity":"","overlay-gradient":""},"tablet":{"background-color":"","background-image":"","background-repeat":"repeat","background-position":"center center","background-size":"auto","background-attachment":"scroll","background-type":"","background-media":"","overlay-type":"","overlay-color":"","overlay-opacity":"","overlay-gradient":""},"mobile":{"background-color":"","background-image":"","background-repeat":"repeat","background-position":"center center","background-size":"auto","background-attachment":"scroll","background-type":"","background-media":"","overlay-type":"","overlay-color":"","overlay-opacity":"","overlay-gradient":""}},"ast-content-background-meta":{"desktop":{"background-color":"var(--ast-global-color-5)","background-image":"","background-repeat":"repeat","background-position":"center center","background-size":"auto","background-attachment":"scroll","background-type":"","background-media":"","overlay-type":"","overlay-color":"","overlay-opacity":"","overlay-gradient":""},"tablet":{"background-color":"var(--ast-global-color-5)","background-image":"","background-repeat":"repeat","background-position":"center center","background-size":"auto","background-attachment":"scroll","background-type":"","background-media":"","overlay-type":"","overlay-color":"","overlay-opacity":"","overlay-gradient":""},"mobile":{"background-color":"var(--ast-global-color-5)","background-image":"","background-repeat":"repeat","background-position":"center center","background-size":"auto","background-attachment":"scroll","background-type":"","background-media":"","overlay-type":"","overlay-color":"","overlay-opacity":"","overlay-gradient":""}},"footnotes":""},"class_list":["post-152371","page","type-page","status-publish","hentry"],"yoast_head":"<!-- This site is optimized with the Yoast SEO Premium plugin v27.6 (Yoast SEO v27.6) - https:\/\/yoast.com\/product\/yoast-seo-premium-wordpress\/ -->\n<title>Integrationen | Funktionen | OneDesk HelpDesk &amp; Projektmanagement-App<\/title>\n<meta name=\"description\" content=\"OneDesk ist Helpdesk- und Projektmanagement-Software in einem. OneDesk l\u00e4sst sich in Ihre bevorzugten Webanwendungen integrieren.\" \/>\n<meta name=\"robots\" content=\"index, follow, max-snippet:-1, max-image-preview:large, max-video-preview:-1\" \/>\n<link rel=\"canonical\" href=\"https:\/\/onedesk.com\/de\/features-index\/integrationen\/\" \/>\n<meta property=\"og:locale\" content=\"de_DE\" \/>\n<meta property=\"og:type\" content=\"article\" \/>\n<meta property=\"og:title\" content=\"Integrationen | Funktionen | OneDesk HelpDesk &amp; Projektmanagement-App\" \/>\n<meta property=\"og:description\" content=\"OneDesk ist Helpdesk- und Projektmanagement-Software in einem. OneDesk l\u00e4sst sich in Ihre bevorzugten Webanwendungen integrieren.\" \/>\n<meta property=\"og:url\" content=\"https:\/\/onedesk.com\/de\/features-index\/integrationen\/\" \/>\n<meta property=\"og:site_name\" content=\"OneDesk\" \/>\n<meta property=\"article:publisher\" content=\"https:\/\/www.facebook.com\/OneDeskApp\" \/>\n<meta property=\"article:modified_time\" content=\"2024-07-19T21:02:32+00:00\" \/>\n<meta property=\"og:image\" content=\"https:\/\/onedesk.com\/wp-content\/uploads\/2021\/05\/logos-1020x1024.png\" \/>\n<meta name=\"twitter:card\" content=\"summary_large_image\" \/>\n<meta name=\"twitter:site\" content=\"@OneDeskApp\" \/>\n<meta name=\"twitter:label1\" content=\"Est. reading time\" \/>\n\t<meta name=\"twitter:data1\" content=\"1 minute\" \/>\n<!-- \/ Yoast SEO Premium plugin. -->","yoast_head_json":{"title":"Integrationen | Funktionen | OneDesk HelpDesk & Projektmanagement-App","description":"OneDesk ist Helpdesk- und Projektmanagement-Software in einem. OneDesk l\u00e4sst sich in Ihre bevorzugten Webanwendungen integrieren.","robots":{"index":"index","follow":"follow","max-snippet":"max-snippet:-1","max-image-preview":"max-image-preview:large","max-video-preview":"max-video-preview:-1"},"canonical":"https:\/\/onedesk.com\/de\/features-index\/integrationen\/","og_locale":"de_DE","og_type":"article","og_title":"Integrationen | Funktionen | OneDesk HelpDesk & Projektmanagement-App","og_description":"OneDesk ist Helpdesk- und Projektmanagement-Software in einem. OneDesk l\u00e4sst sich in Ihre bevorzugten Webanwendungen integrieren.","og_url":"https:\/\/onedesk.com\/de\/features-index\/integrationen\/","og_site_name":"OneDesk","article_publisher":"https:\/\/www.facebook.com\/OneDeskApp","article_modified_time":"2024-07-19T21:02:32+00:00","og_image":[{"url":"https:\/\/onedesk.com\/wp-content\/uploads\/2021\/05\/logos-1020x1024.png","type":"","width":"","height":""}],"twitter_card":"summary_large_image","twitter_site":"@OneDeskApp","twitter_misc":{"Est. reading time":"1 minute"},"schema":{"@context":"https:\/\/schema.org","@graph":[{"@type":"WebPage","@id":"https:\/\/onedesk.com\/de\/features-index\/integrationen\/","url":"https:\/\/onedesk.com\/de\/features-index\/integrationen\/","name":"Integrationen | Funktionen | OneDesk HelpDesk & Projektmanagement-App","isPartOf":{"@id":"https:\/\/onedesk.com\/de\/#website"},"primaryImageOfPage":{"@id":"https:\/\/onedesk.com\/de\/features-index\/integrationen\/#primaryimage"},"image":{"@id":"https:\/\/onedesk.com\/de\/features-index\/integrationen\/#primaryimage"},"thumbnailUrl":"https:\/\/onedesk.com\/wp-content\/uploads\/2021\/05\/logos-1020x1024.png","datePublished":"2021-12-16T20:37:50+00:00","dateModified":"2024-07-19T21:02:32+00:00","description":"OneDesk ist Helpdesk- und Projektmanagement-Software in einem. OneDesk l\u00e4sst sich in Ihre bevorzugten Webanwendungen integrieren.","breadcrumb":{"@id":"https:\/\/onedesk.com\/de\/features-index\/integrationen\/#breadcrumb"},"inLanguage":"de-DE","potentialAction":[{"@type":"ReadAction","target":["https:\/\/onedesk.com\/de\/features-index\/integrationen\/"]}]},{"@type":"ImageObject","inLanguage":"de-DE","@id":"https:\/\/onedesk.com\/de\/features-index\/integrationen\/#primaryimage","url":"https:\/\/onedesk.com\/wp-content\/uploads\/2021\/05\/logos-1020x1024.png","contentUrl":"https:\/\/onedesk.com\/wp-content\/uploads\/2021\/05\/logos-1020x1024.png"},{"@type":"BreadcrumbList","@id":"https:\/\/onedesk.com\/de\/features-index\/integrationen\/#breadcrumb","itemListElement":[{"@type":"ListItem","position":1,"name":"OneDesk-Funktionsindex","item":"https:\/\/onedesk.com\/de\/features-index\/"},{"@type":"ListItem","position":2,"name":"Integrationen"}]},{"@type":"WebSite","@id":"https:\/\/onedesk.com\/de\/#website","url":"https:\/\/onedesk.com\/de\/","name":"OneDesk","description":"Projektmanagement- und Helpdesk-Software","publisher":{"@id":"https:\/\/onedesk.com\/de\/#organization"},"potentialAction":[{"@type":"SearchAction","target":{"@type":"EntryPoint","urlTemplate":"https:\/\/onedesk.com\/de\/?s={search_term_string}"},"query-input":{"@type":"PropertyValueSpecification","valueRequired":true,"valueName":"search_term_string"}}],"inLanguage":"de-DE"},{"@type":"Organization","@id":"https:\/\/onedesk.com\/de\/#organization","name":"OneDesk","url":"https:\/\/onedesk.com\/de\/","logo":{"@type":"ImageObject","inLanguage":"de-DE","@id":"https:\/\/onedesk.com\/de\/#\/schema\/logo\/image\/","url":"https:\/\/onedesk.com\/wp-content\/uploads\/2016\/01\/white-logo-small.png","contentUrl":"https:\/\/onedesk.com\/wp-content\/uploads\/2016\/01\/white-logo-small.png","width":207,"height":40,"caption":"OneDesk"},"image":{"@id":"https:\/\/onedesk.com\/de\/#\/schema\/logo\/image\/"},"sameAs":["https:\/\/www.facebook.com\/OneDeskApp","https:\/\/x.com\/OneDeskApp","https:\/\/www.instagram.com\/onedeskapp\/","https:\/\/www.linkedin.com\/company\/onedesk-inc-1","https:\/\/www.pinterest.com\/onedesk\/","https:\/\/www.youtube.com\/user\/OneDeskApp"]}]}},"tpgb_featured_images":null,"tpgb_post_meta_info":{"get_date":"December 16, 2021","get_modified_date":"July 19, 2024","author_name":"Sabrin Yusef","author_url":"https:\/\/onedesk.com\/de\/author\/sarbin-yusef\/","author_email":"sabrin.yusef@onedesk.com","author_website":"","author_description":"","author_facebook":"","author_twitter":"","author_instagram":"","author_role":["customer"],"author_firstname":"Sabrin","author_lastname":"Yusef","user_login":"sarbin.yusef","author_avatar":"<img alt='' src='https:\/\/secure.gravatar.com\/avatar\/1f20332b0900369c93c9c272e03885bde073bf214b3dd3eb4bea569a45bea588?s=200&#038;d=mm&#038;r=g' srcset='https:\/\/secure.gravatar.com\/avatar\/1f20332b0900369c93c9c272e03885bde073bf214b3dd3eb4bea569a45bea588?s=400&#038;d=mm&#038;r=g 2x' class='avatar avatar-200 photo' height='200' width='200' decoding='async'\/>","author_avatar_url":"https:\/\/secure.gravatar.com\/avatar\/1f20332b0900369c93c9c272e03885bde073bf214b3dd3eb4bea569a45bea588?s=96&d=mm&r=g","comment_count":0,"post_likes":0,"post_views":0},"tpgb_post_category":[],"jetpack_shortlink":"https:\/\/wp.me\/PfpPaI-DDB","amp_enabled":true,"_links":{"self":[{"href":"https:\/\/onedesk.com\/de\/wp-json\/wp\/v2\/pages\/152371","targetHints":{"allow":["GET"]}}],"collection":[{"href":"https:\/\/onedesk.com\/de\/wp-json\/wp\/v2\/pages"}],"about":[{"href":"https:\/\/onedesk.com\/de\/wp-json\/wp\/v2\/types\/page"}],"author":[{"embeddable":true,"href":"https:\/\/onedesk.com\/de\/wp-json\/wp\/v2\/users\/27"}],"replies":[{"embeddable":true,"href":"https:\/\/onedesk.com\/de\/wp-json\/wp\/v2\/comments?post=152371"}],"version-history":[{"count":6,"href":"https:\/\/onedesk.com\/de\/wp-json\/wp\/v2\/pages\/152371\/revisions"}],"predecessor-version":[{"id":273448,"href":"https:\/\/onedesk.com\/de\/wp-json\/wp\/v2\/pages\/152371\/revisions\/273448"}],"up":[{"embeddable":true,"href":"https:\/\/onedesk.com\/de\/wp-json\/wp\/v2\/pages\/151676"}],"wp:attachment":[{"href":"https:\/\/onedesk.com\/de\/wp-json\/wp\/v2\/media?parent=152371"}],"curies":[{"name":"wp","href":"https:\/\/api.w.org\/{rel}","templated":true}]}}