{"id":153318,"date":"2021-12-17T15:55:03","date_gmt":"2021-12-17T15:55:03","guid":{"rendered":"https:\/\/onedesk.com\/eigenschaften-index\/datenexport\/"},"modified":"2023-08-08T18:57:37","modified_gmt":"2023-08-08T18:57:37","slug":"datenexport","status":"publish","type":"page","link":"https:\/\/onedesk.com\/de\/features-index\/datenexport\/","title":{"rendered":"Datenexport"},"content":{"rendered":"\t\t<div data-elementor-type=\"wp-page\" data-elementor-id=\"153318\" class=\"elementor elementor-153318 elementor-118175\" data-elementor-post-type=\"page\">\n\t\t\t\t\t\t<section class=\"elementor-section elementor-top-section elementor-element elementor-element-4b6e1975 elementor-section-boxed elementor-section-height-default elementor-section-height-default\" data-id=\"4b6e1975\" data-element_type=\"section\" data-e-type=\"section\">\n\t\t\t\t\t\t<div class=\"elementor-container elementor-column-gap-default\">\n\t\t\t\t\t<div class=\"elementor-column elementor-col-100 elementor-top-column elementor-element elementor-element-4a8a879e\" data-id=\"4a8a879e\" data-element_type=\"column\" data-e-type=\"column\">\n\t\t\t<div class=\"elementor-widget-wrap elementor-element-populated\">\n\t\t\t\t\t\t<div class=\"elementor-element elementor-element-7b6289e9 elementor-widget elementor-widget-heading\" data-id=\"7b6289e9\" data-element_type=\"widget\" data-e-type=\"widget\" data-widget_type=\"heading.default\">\n\t\t\t\t<div class=\"elementor-widget-container\">\n\t\t\t\t\t<h1 class=\"elementor-heading-title elementor-size-default\">Datenexport in OneDesk<\/h1>\t\t\t\t<\/div>\n\t\t\t\t<\/div>\n\t\t\t\t\t<\/div>\n\t\t<\/div>\n\t\t\t\t\t<\/div>\n\t\t<\/section>\n\t\t\t\t<section class=\"elementor-section elementor-top-section elementor-element elementor-element-79cffcc6 elementor-section-boxed elementor-section-height-default elementor-section-height-default\" data-id=\"79cffcc6\" data-element_type=\"section\" data-e-type=\"section\">\n\t\t\t\t\t\t<div class=\"elementor-container elementor-column-gap-default\">\n\t\t\t\t\t<div class=\"elementor-column elementor-col-100 elementor-top-column elementor-element elementor-element-7059295\" data-id=\"7059295\" data-element_type=\"column\" data-e-type=\"column\">\n\t\t\t<div class=\"elementor-widget-wrap elementor-element-populated\">\n\t\t\t\t\t\t<div class=\"elementor-element elementor-element-cbcc5d1 elementor-widget elementor-widget-text-editor\" data-id=\"cbcc5d1\" data-element_type=\"widget\" data-e-type=\"widget\" data-widget_type=\"text-editor.default\">\n\t\t\t\t<div class=\"elementor-widget-container\">\n\t\t\t\t\t\t\t\t\t<\/p>\n<p>Erhalten Sie die volle Kontrolle \u00fcber Ihre Daten mit der Datenexportfunktion von OneDesk.<\/p>\n\t\t\t\t\t\t\t\t<\/div>\n\t\t\t\t<\/div>\n\t\t\t\t\t<\/div>\n\t\t<\/div>\n\t\t\t\t\t<\/div>\n\t\t<\/section>\n\t\t\t\t<section class=\"elementor-section elementor-top-section elementor-element elementor-element-399ae36f elementor-section-boxed elementor-section-height-default elementor-section-height-default\" data-id=\"399ae36f\" data-element_type=\"section\" data-e-type=\"section\">\n\t\t\t\t\t\t<div class=\"elementor-container elementor-column-gap-default\">\n\t\t\t\t\t<div class=\"elementor-column elementor-col-100 elementor-top-column elementor-element elementor-element-715e21c1\" data-id=\"715e21c1\" data-element_type=\"column\" data-e-type=\"column\">\n\t\t\t<div class=\"elementor-widget-wrap elementor-element-populated\">\n\t\t\t\t\t\t<div class=\"elementor-element elementor-element-a229495 elementor-align-center elementor-widget elementor-widget-global elementor-global-239885 elementor-global-131872 elementor-widget-button\" data-id=\"a229495\" data-element_type=\"widget\" data-e-type=\"widget\" data-widget_type=\"button.default\">\n\t\t\t\t<div class=\"elementor-widget-container\">\n\t\t\t\t\t\t\t\t\t<div class=\"elementor-button-wrapper\">\n\t\t\t\t\t<a class=\"elementor-button elementor-button-link elementor-size-lg elementor-animation-grow\" href=\"https:\/\/onedesk.com\/de\/melde-dich-kostenlos-an\/\">\n\t\t\t\t\t\t<span class=\"elementor-button-content-wrapper\">\n\t\t\t\t\t\t\t\t\t<span class=\"elementor-button-text\">Melde dich kostenlos an!<\/span>\n\t\t\t\t\t<\/span>\n\t\t\t\t\t<\/a>\n\t\t\t\t<\/div>\n\t\t\t\t\t\t\t\t<\/div>\n\t\t\t\t<\/div>\n\t\t\t\t\t<\/div>\n\t\t<\/div>\n\t\t\t\t\t<\/div>\n\t\t<\/section>\n\t\t\t\t<section class=\"elementor-section elementor-top-section elementor-element elementor-element-5a8c7a28 elementor-section-boxed elementor-section-height-default elementor-section-height-default\" data-id=\"5a8c7a28\" data-element_type=\"section\" data-e-type=\"section\">\n\t\t\t\t\t\t<div class=\"elementor-container elementor-column-gap-default\">\n\t\t\t\t\t<div class=\"elementor-column elementor-col-50 elementor-top-column elementor-element elementor-element-4e9fa7b1\" data-id=\"4e9fa7b1\" data-element_type=\"column\" data-e-type=\"column\">\n\t\t\t<div class=\"elementor-widget-wrap elementor-element-populated\">\n\t\t\t\t\t\t<div class=\"elementor-element elementor-element-dbaaed8 elementor-widget elementor-widget-heading\" data-id=\"dbaaed8\" data-element_type=\"widget\" data-e-type=\"widget\" data-widget_type=\"heading.default\">\n\t\t\t\t<div class=\"elementor-widget-container\">\n\t\t\t\t\t<h2 class=\"elementor-heading-title elementor-size-default\">Passen Sie Ihren Export an<\/h2>\t\t\t\t<\/div>\n\t\t\t\t<\/div>\n\t\t\t\t<div class=\"elementor-element elementor-element-96429a9 elementor-widget elementor-widget-text-editor\" data-id=\"96429a9\" data-element_type=\"widget\" data-e-type=\"widget\" data-widget_type=\"text-editor.default\">\n\t\t\t\t<div class=\"elementor-widget-container\">\n\t\t\t\t\t\t\t\t\t<p>Mit OneDesk k\u00f6nnen Sie Ihre Daten exportieren, um sie in <a href=\"https:\/\/onedesk.com\/de\/eigenschaften-index\/berichterstattung\/\">Berichten<\/a> umzuwandeln. Immer wenn Sie sich in einer Listen- oder Baumansicht befinden, haben Sie die M\u00f6glichkeit, diese Daten zu exportieren. F\u00fcgen Sie Filter hinzu, um die Daten auszuw\u00e4hlen, die Sie exportieren m\u00f6chten. F\u00fcgen Sie die Spalten hinzu oder entfernen Sie sie, die Sie in den Export einbeziehen m\u00f6chten. Die beste Vorgehensweise besteht darin, eine benutzerdefinierte Ansicht zu erstellen, die f\u00fcr Sie wichtigen Datenpunkte hinzuzuf\u00fcgen, die Spalten nach Ihren W\u00fcnschen anzuordnen und sie dann zu exportieren. Sie k\u00f6nnen diese <a href=\"https:\/\/onedesk.com\/de\/eigenschaften-index\/konfigurierbare-arbeitsansichten\/\">benutzerdefinierten Ansichten<\/a> auch speichern, um in Zukunft leichter darauf zugreifen zu k\u00f6nnen.<\/p>\n\t\t\t\t\t\t\t\t<\/div>\n\t\t\t\t<\/div>\n\t\t\t\t\t<\/div>\n\t\t<\/div>\n\t\t\t\t<div class=\"elementor-column elementor-col-50 elementor-top-column elementor-element elementor-element-1a959b2e\" data-id=\"1a959b2e\" data-element_type=\"column\" data-e-type=\"column\">\n\t\t\t<div class=\"elementor-widget-wrap elementor-element-populated\">\n\t\t\t\t\t\t<div class=\"elementor-element elementor-element-2f13af7 elementor-widget elementor-widget-image\" data-id=\"2f13af7\" data-element_type=\"widget\" data-e-type=\"widget\" data-widget_type=\"image.default\">\n\t\t\t\t<div class=\"elementor-widget-container\">\n\t\t\t\t\t\t\t\t\t\t\t\t\t\t\t<img fetchpriority=\"high\" decoding=\"async\" width=\"299\" height=\"260\" src=\"https:\/\/onedesk.com\/wp-content\/uploads\/2022\/04\/Export.jpg\" class=\"attachment-large size-large wp-image-169655\" alt=\"data export\" \/>\t\t\t\t\t\t\t\t\t\t\t\t\t\t\t<\/div>\n\t\t\t\t<\/div>\n\t\t\t\t\t<\/div>\n\t\t<\/div>\n\t\t\t\t\t<\/div>\n\t\t<\/section>\n\t\t\t\t<section class=\"elementor-section elementor-top-section elementor-element elementor-element-5b1fa03 elementor-section-boxed elementor-section-height-default elementor-section-height-default\" data-id=\"5b1fa03\" data-element_type=\"section\" data-e-type=\"section\">\n\t\t\t\t\t\t<div class=\"elementor-container elementor-column-gap-default\">\n\t\t\t\t\t<div class=\"elementor-column elementor-col-100 elementor-top-column elementor-element elementor-element-71376eb\" data-id=\"71376eb\" data-element_type=\"column\" data-e-type=\"column\">\n\t\t\t<div class=\"elementor-widget-wrap elementor-element-populated\">\n\t\t\t\t\t\t<div class=\"elementor-element elementor-element-a3ba76d elementor-widget elementor-widget-heading\" data-id=\"a3ba76d\" data-element_type=\"widget\" data-e-type=\"widget\" data-widget_type=\"heading.default\">\n\t\t\t\t<div class=\"elementor-widget-container\">\n\t\t\t\t\t<h2 class=\"elementor-heading-title elementor-size-default\">Lernmittel<\/h2>\t\t\t\t<\/div>\n\t\t\t\t<\/div>\n\t\t\t\t\t<\/div>\n\t\t<\/div>\n\t\t\t\t\t<\/div>\n\t\t<\/section>\n\t\t\t\t<section class=\"elementor-section elementor-top-section elementor-element elementor-element-0ad9671 elementor-section-boxed elementor-section-height-default elementor-section-height-default\" data-id=\"0ad9671\" data-element_type=\"section\" data-e-type=\"section\">\n\t\t\t\t\t\t<div class=\"elementor-container elementor-column-gap-default\">\n\t\t\t\t\t<div class=\"elementor-column elementor-col-33 elementor-top-column elementor-element elementor-element-64ec1b5\" data-id=\"64ec1b5\" data-element_type=\"column\" data-e-type=\"column\" data-settings=\"{&quot;background_background&quot;:&quot;classic&quot;}\">\n\t\t\t<div class=\"elementor-widget-wrap elementor-element-populated\">\n\t\t\t\t\t\t<div class=\"elementor-element elementor-element-205a360 elementor-widget elementor-widget-heading\" data-id=\"205a360\" data-element_type=\"widget\" data-e-type=\"widget\" data-widget_type=\"heading.default\">\n\t\t\t\t<div class=\"elementor-widget-container\">\n\t\t\t\t\t<h3 class=\"elementor-heading-title elementor-size-default\"><a href=\"https:\/\/kb.onedesk.com\/app-od\/o-onedesk\/knowledge-base-1\/article-dbcad053-b6d3-4dd6-8d76-be9b9b4bf998\">Exportieren anzeigen  <\/a><\/h3>\t\t\t\t<\/div>\n\t\t\t\t<\/div>\n\t\t\t\t<div class=\"elementor-element elementor-element-0c2af6c elementor-widget elementor-widget-text-editor\" data-id=\"0c2af6c\" data-element_type=\"widget\" data-e-type=\"widget\" data-widget_type=\"text-editor.default\">\n\t\t\t\t<div class=\"elementor-widget-container\">\n\t\t\t\t\t\t\t\t\t<p>Exportieren Sie Ihre benutzerdefinierten Arbeitsansichten in CSV.  <\/p>\n<p><a href=\"https:\/\/kb.onedesk.com\/app-od\/o-onedesk\/knowledge-base-1\/article-dbcad053-b6d3-4dd6-8d76-be9b9b4bf998\"><strong>Mehr erfahren&gt;&gt;<\/strong><\/a><\/p>\n\t\t\t\t\t\t\t\t<\/div>\n\t\t\t\t<\/div>\n\t\t\t\t\t<\/div>\n\t\t<\/div>\n\t\t\t\t<div class=\"elementor-column elementor-col-33 elementor-top-column elementor-element elementor-element-b333780\" data-id=\"b333780\" data-element_type=\"column\" data-e-type=\"column\" data-settings=\"{&quot;background_background&quot;:&quot;classic&quot;}\">\n\t\t\t<div class=\"elementor-widget-wrap elementor-element-populated\">\n\t\t\t\t\t\t<div class=\"elementor-element elementor-element-59038c0 elementor-widget elementor-widget-heading\" data-id=\"59038c0\" data-element_type=\"widget\" data-e-type=\"widget\" data-widget_type=\"heading.default\">\n\t\t\t\t<div class=\"elementor-widget-container\">\n\t\t\t\t\t<h3 class=\"elementor-heading-title elementor-size-default\"><a href=\"https:\/\/kb.onedesk.com\/app-od\/o-onedesk\/knowledge-base-1\/article-edf20ba4-43c0-458e-a162-ba91e238346d\">Benutzerdefinierte Arbeitsansichten<\/a><\/h3>\t\t\t\t<\/div>\n\t\t\t\t<\/div>\n\t\t\t\t<div class=\"elementor-element elementor-element-a538ab7 elementor-widget elementor-widget-text-editor\" data-id=\"a538ab7\" data-element_type=\"widget\" data-e-type=\"widget\" data-widget_type=\"text-editor.default\">\n\t\t\t\t<div class=\"elementor-widget-container\">\n\t\t\t\t\t\t\t\t\t<p>W\u00e4hlen Sie aus, wie Sie Ihre Arbeit mit verschiedenen Layouts, Filtern und Gruppierungen anzeigen m\u00f6chten.<\/p>\n<p><strong><a href=\"https:\/\/kb.onedesk.com\/app-od\/o-onedesk\/knowledge-base-1\/article-edf20ba4-43c0-458e-a162-ba91e238346d\">Mehr erfahren&gt;&gt;<\/a><\/strong><\/p>\n\t\t\t\t\t\t\t\t<\/div>\n\t\t\t\t<\/div>\n\t\t\t\t\t<\/div>\n\t\t<\/div>\n\t\t\t\t<div class=\"elementor-column elementor-col-33 elementor-top-column elementor-element elementor-element-9172d60\" data-id=\"9172d60\" data-element_type=\"column\" data-e-type=\"column\" data-settings=\"{&quot;background_background&quot;:&quot;classic&quot;}\">\n\t\t\t<div class=\"elementor-widget-wrap elementor-element-populated\">\n\t\t\t\t\t\t<div class=\"elementor-element elementor-element-252f3e1 elementor-widget elementor-widget-heading\" data-id=\"252f3e1\" data-element_type=\"widget\" data-e-type=\"widget\" data-widget_type=\"heading.default\">\n\t\t\t\t<div class=\"elementor-widget-container\">\n\t\t\t\t\t<h3 class=\"elementor-heading-title elementor-size-default\"><a href=\"https:\/\/app.onedesk.com\/app-od\/o-onedesk\/knowledge-base-1\/article-8ee2e05f-9bdf-4dd9-bb12-32cc60b7eec5?customerAccess\">Geplante Berichte<\/a><\/h3>\t\t\t\t<\/div>\n\t\t\t\t<\/div>\n\t\t\t\t<div class=\"elementor-element elementor-element-159d527 elementor-widget elementor-widget-text-editor\" data-id=\"159d527\" data-element_type=\"widget\" data-e-type=\"widget\" data-widget_type=\"text-editor.default\">\n\t\t\t\t<div class=\"elementor-widget-container\">\n\t\t\t\t\t\t\t\t\t<p>F\u00fchren Sie Berichte aus oder planen Sie sie, um Ihre Arbeit zu analysieren.  <\/p>\n<p><strong><a href=\"https:\/\/app.onedesk.com\/app-od\/o-onedesk\/knowledge-base-1\/article-8ee2e05f-9bdf-4dd9-bb12-32cc60b7eec5?customerAccess\">Mehr erfahren&gt;&gt;<\/a><\/strong><\/p>\n\t\t\t\t\t\t\t\t<\/div>\n\t\t\t\t<\/div>\n\t\t\t\t\t<\/div>\n\t\t<\/div>\n\t\t\t\t\t<\/div>\n\t\t<\/section>\n\t\t\t\t<\/div>\n\t\t","protected":false},"excerpt":{"rendered":"<p>Datenexport in OneDesk Erhalten Sie die volle Kontrolle \u00fcber Ihre Daten mit der Datenexportfunktion von OneDesk. Sign up free! Passen Sie Ihren Export an Mit OneDesk k\u00f6nnen Sie Ihre Daten exportieren, um sie in Berichten umzuwandeln. Immer wenn Sie sich in einer Listen- oder Baumansicht befinden, haben Sie die M\u00f6glichkeit, diese Daten zu exportieren. F\u00fcgen [&hellip;]<\/p>\n","protected":false},"author":25,"featured_media":0,"parent":151676,"menu_order":23,"comment_status":"closed","ping_status":"closed","template":"","meta":{"tpgb_global_settings":"","_crdt_document":"","inline_featured_image":false,"site-sidebar-layout":"no-sidebar","site-content-layout":"page-builder","ast-site-content-layout":"default","site-content-style":"default","site-sidebar-style":"default","ast-global-header-display":"","ast-banner-title-visibility":"","ast-main-header-display":"","ast-hfb-above-header-display":"","ast-hfb-below-header-display":"","ast-hfb-mobile-header-display":"","site-post-title":"disabled","ast-breadcrumbs-content":"","ast-featured-img":"disabled","footer-sml-layout":"","ast-disable-related-posts":"","theme-transparent-header-meta":"","adv-header-id-meta":"","stick-header-meta":"","header-above-stick-meta":"","header-main-stick-meta":"","header-below-stick-meta":"","astra-migrate-meta-layouts":"default","ast-page-background-enabled":"default","ast-page-background-meta":{"desktop":{"background-color":"var(--ast-global-color-4)","background-image":"","background-repeat":"repeat","background-position":"center center","background-size":"auto","background-attachment":"scroll","background-type":"","background-media":"","overlay-type":"","overlay-color":"","overlay-opacity":"","overlay-gradient":""},"tablet":{"background-color":"","background-image":"","background-repeat":"repeat","background-position":"center center","background-size":"auto","background-attachment":"scroll","background-type":"","background-media":"","overlay-type":"","overlay-color":"","overlay-opacity":"","overlay-gradient":""},"mobile":{"background-color":"","background-image":"","background-repeat":"repeat","background-position":"center center","background-size":"auto","background-attachment":"scroll","background-type":"","background-media":"","overlay-type":"","overlay-color":"","overlay-opacity":"","overlay-gradient":""}},"ast-content-background-meta":{"desktop":{"background-color":"var(--ast-global-color-5)","background-image":"","background-repeat":"repeat","background-position":"center center","background-size":"auto","background-attachment":"scroll","background-type":"","background-media":"","overlay-type":"","overlay-color":"","overlay-opacity":"","overlay-gradient":""},"tablet":{"background-color":"var(--ast-global-color-5)","background-image":"","background-repeat":"repeat","background-position":"center center","background-size":"auto","background-attachment":"scroll","background-type":"","background-media":"","overlay-type":"","overlay-color":"","overlay-opacity":"","overlay-gradient":""},"mobile":{"background-color":"var(--ast-global-color-5)","background-image":"","background-repeat":"repeat","background-position":"center center","background-size":"auto","background-attachment":"scroll","background-type":"","background-media":"","overlay-type":"","overlay-color":"","overlay-opacity":"","overlay-gradient":""}},"footnotes":""},"class_list":["post-153318","page","type-page","status-publish","hentry"],"yoast_head":"<!-- This site is optimized with the Yoast SEO Premium plugin v27.2 (Yoast SEO v27.3) - https:\/\/yoast.com\/product\/yoast-seo-premium-wordpress\/ -->\n<title>Datenexport | OneDesk-Projektmanagement-App<\/title>\n<meta name=\"description\" content=\"OneDesk ist eine Helpdesk- und Projektmanagementsoftware. Exportieren Sie Daten ganz einfach aus jeder Listenansicht f\u00fcr Berichtszwecke.\" \/>\n<meta name=\"robots\" content=\"index, follow, max-snippet:-1, max-image-preview:large, max-video-preview:-1\" \/>\n<link rel=\"canonical\" href=\"https:\/\/onedesk.com\/de\/features-index\/datenexport\/\" \/>\n<meta property=\"og:locale\" content=\"de_DE\" \/>\n<meta property=\"og:type\" content=\"article\" \/>\n<meta property=\"og:title\" content=\"Datenexport | OneDesk-Projektmanagement-App\" \/>\n<meta property=\"og:description\" content=\"OneDesk ist eine Helpdesk- und Projektmanagementsoftware. Exportieren Sie Daten ganz einfach aus jeder Listenansicht f\u00fcr Berichtszwecke.\" \/>\n<meta property=\"og:url\" content=\"https:\/\/onedesk.com\/de\/features-index\/datenexport\/\" \/>\n<meta property=\"og:site_name\" content=\"OneDesk\" \/>\n<meta property=\"article:publisher\" content=\"https:\/\/www.facebook.com\/OneDeskApp\" \/>\n<meta property=\"article:modified_time\" content=\"2023-08-08T18:57:37+00:00\" \/>\n<meta property=\"og:image\" content=\"https:\/\/onedesk.com\/wp-content\/uploads\/2022\/04\/Export.jpg\" \/>\n<meta name=\"twitter:card\" content=\"summary_large_image\" \/>\n<meta name=\"twitter:site\" content=\"@OneDeskApp\" \/>\n<meta name=\"twitter:label1\" content=\"Est. reading time\" \/>\n\t<meta name=\"twitter:data1\" content=\"1 minute\" \/>\n<!-- \/ Yoast SEO Premium plugin. -->","yoast_head_json":{"title":"Datenexport | OneDesk-Projektmanagement-App","description":"OneDesk ist eine Helpdesk- und Projektmanagementsoftware. Exportieren Sie Daten ganz einfach aus jeder Listenansicht f\u00fcr Berichtszwecke.","robots":{"index":"index","follow":"follow","max-snippet":"max-snippet:-1","max-image-preview":"max-image-preview:large","max-video-preview":"max-video-preview:-1"},"canonical":"https:\/\/onedesk.com\/de\/features-index\/datenexport\/","og_locale":"de_DE","og_type":"article","og_title":"Datenexport | OneDesk-Projektmanagement-App","og_description":"OneDesk ist eine Helpdesk- und Projektmanagementsoftware. Exportieren Sie Daten ganz einfach aus jeder Listenansicht f\u00fcr Berichtszwecke.","og_url":"https:\/\/onedesk.com\/de\/features-index\/datenexport\/","og_site_name":"OneDesk","article_publisher":"https:\/\/www.facebook.com\/OneDeskApp","article_modified_time":"2023-08-08T18:57:37+00:00","og_image":[{"url":"https:\/\/onedesk.com\/wp-content\/uploads\/2022\/04\/Export.jpg","type":"","width":"","height":""}],"twitter_card":"summary_large_image","twitter_site":"@OneDeskApp","twitter_misc":{"Est. reading time":"1 minute"},"schema":{"@context":"https:\/\/schema.org","@graph":[{"@type":"WebPage","@id":"https:\/\/onedesk.com\/de\/features-index\/datenexport\/","url":"https:\/\/onedesk.com\/de\/features-index\/datenexport\/","name":"Datenexport | OneDesk-Projektmanagement-App","isPartOf":{"@id":"https:\/\/onedesk.com\/de\/#website"},"primaryImageOfPage":{"@id":"https:\/\/onedesk.com\/de\/features-index\/datenexport\/#primaryimage"},"image":{"@id":"https:\/\/onedesk.com\/de\/features-index\/datenexport\/#primaryimage"},"thumbnailUrl":"https:\/\/onedesk.com\/wp-content\/uploads\/2022\/04\/Export.jpg","datePublished":"2021-12-17T15:55:03+00:00","dateModified":"2023-08-08T18:57:37+00:00","description":"OneDesk ist eine Helpdesk- und Projektmanagementsoftware. Exportieren Sie Daten ganz einfach aus jeder Listenansicht f\u00fcr Berichtszwecke.","breadcrumb":{"@id":"https:\/\/onedesk.com\/de\/features-index\/datenexport\/#breadcrumb"},"inLanguage":"de-DE","potentialAction":[{"@type":"ReadAction","target":["https:\/\/onedesk.com\/de\/features-index\/datenexport\/"]}]},{"@type":"ImageObject","inLanguage":"de-DE","@id":"https:\/\/onedesk.com\/de\/features-index\/datenexport\/#primaryimage","url":"https:\/\/onedesk.com\/wp-content\/uploads\/2022\/04\/Export.jpg","contentUrl":"https:\/\/onedesk.com\/wp-content\/uploads\/2022\/04\/Export.jpg"},{"@type":"BreadcrumbList","@id":"https:\/\/onedesk.com\/de\/features-index\/datenexport\/#breadcrumb","itemListElement":[{"@type":"ListItem","position":1,"name":"OneDesk-Funktionsindex","item":"https:\/\/onedesk.com\/de\/features-index\/"},{"@type":"ListItem","position":2,"name":"Datenexport"}]},{"@type":"WebSite","@id":"https:\/\/onedesk.com\/de\/#website","url":"https:\/\/onedesk.com\/de\/","name":"OneDesk","description":"Projektmanagement- und Helpdesk-Software","publisher":{"@id":"https:\/\/onedesk.com\/de\/#organization"},"potentialAction":[{"@type":"SearchAction","target":{"@type":"EntryPoint","urlTemplate":"https:\/\/onedesk.com\/de\/?s={search_term_string}"},"query-input":{"@type":"PropertyValueSpecification","valueRequired":true,"valueName":"search_term_string"}}],"inLanguage":"de-DE"},{"@type":"Organization","@id":"https:\/\/onedesk.com\/de\/#organization","name":"OneDesk","url":"https:\/\/onedesk.com\/de\/","logo":{"@type":"ImageObject","inLanguage":"de-DE","@id":"https:\/\/onedesk.com\/de\/#\/schema\/logo\/image\/","url":"https:\/\/onedesk.com\/wp-content\/uploads\/2016\/01\/white-logo-small.png","contentUrl":"https:\/\/onedesk.com\/wp-content\/uploads\/2016\/01\/white-logo-small.png","width":207,"height":40,"caption":"OneDesk"},"image":{"@id":"https:\/\/onedesk.com\/de\/#\/schema\/logo\/image\/"},"sameAs":["https:\/\/www.facebook.com\/OneDeskApp","https:\/\/x.com\/OneDeskApp","https:\/\/www.instagram.com\/onedeskapp\/","https:\/\/www.linkedin.com\/company\/onedesk-inc-1","https:\/\/www.pinterest.com\/onedesk\/","https:\/\/www.youtube.com\/user\/OneDeskApp"]}]}},"tpgb_featured_images":null,"tpgb_post_meta_info":{"get_date":"December 17, 2021","get_modified_date":"August 8, 2023","author_name":"Kenneth Lim","author_url":"https:\/\/onedesk.com\/de\/author\/ken-lim\/","author_email":"ken.lim@onedesk.com","author_website":"","author_description":"","author_facebook":"","author_twitter":"","author_instagram":"","author_role":["subscriber"],"author_firstname":"Kenneth","author_lastname":"Lim","user_login":"ken.lim","author_avatar":"<img alt='' src='https:\/\/secure.gravatar.com\/avatar\/a4ec21f0334373cadb0a505588ce84b318527287a4e82901cc7c9b983073d3e7?s=200&#038;d=mm&#038;r=g' srcset='https:\/\/secure.gravatar.com\/avatar\/a4ec21f0334373cadb0a505588ce84b318527287a4e82901cc7c9b983073d3e7?s=400&#038;d=mm&#038;r=g 2x' class='avatar avatar-200 photo' height='200' width='200' decoding='async'\/>","author_avatar_url":"https:\/\/secure.gravatar.com\/avatar\/a4ec21f0334373cadb0a505588ce84b318527287a4e82901cc7c9b983073d3e7?s=96&d=mm&r=g","comment_count":0,"post_likes":0,"post_views":0},"tpgb_post_category":[],"jetpack_shortlink":"https:\/\/wp.me\/PfpPaI-DSS","amp_enabled":true,"_links":{"self":[{"href":"https:\/\/onedesk.com\/de\/wp-json\/wp\/v2\/pages\/153318","targetHints":{"allow":["GET"]}}],"collection":[{"href":"https:\/\/onedesk.com\/de\/wp-json\/wp\/v2\/pages"}],"about":[{"href":"https:\/\/onedesk.com\/de\/wp-json\/wp\/v2\/types\/page"}],"author":[{"embeddable":true,"href":"https:\/\/onedesk.com\/de\/wp-json\/wp\/v2\/users\/25"}],"replies":[{"embeddable":true,"href":"https:\/\/onedesk.com\/de\/wp-json\/wp\/v2\/comments?post=153318"}],"version-history":[{"count":3,"href":"https:\/\/onedesk.com\/de\/wp-json\/wp\/v2\/pages\/153318\/revisions"}],"predecessor-version":[{"id":252597,"href":"https:\/\/onedesk.com\/de\/wp-json\/wp\/v2\/pages\/153318\/revisions\/252597"}],"up":[{"embeddable":true,"href":"https:\/\/onedesk.com\/de\/wp-json\/wp\/v2\/pages\/151676"}],"wp:attachment":[{"href":"https:\/\/onedesk.com\/de\/wp-json\/wp\/v2\/media?parent=153318"}],"curies":[{"name":"wp","href":"https:\/\/api.w.org\/{rel}","templated":true}]}}