{"id":154737,"date":"2021-12-20T15:16:10","date_gmt":"2021-12-20T15:16:10","guid":{"rendered":"https:\/\/onedesk.com\/abonnieren-gehen-pro\/"},"modified":"2022-03-30T21:21:59","modified_gmt":"2022-03-30T21:21:59","slug":"abonnieren-gehen-pro","status":"publish","type":"page","link":"https:\/\/onedesk.com\/de\/abonnieren-gehen-pro\/","title":{"rendered":"Abonnieren &amp; Pro werden"},"content":{"rendered":"\t\t<div data-elementor-type=\"wp-page\" data-elementor-id=\"154737\" class=\"elementor elementor-154737 elementor-144071\" data-elementor-post-type=\"page\">\n\t\t\t\t\t\t<section class=\"elementor-section elementor-top-section elementor-element elementor-element-417939cc elementor-section-boxed elementor-section-height-default elementor-section-height-default\" data-id=\"417939cc\" data-element_type=\"section\" data-e-type=\"section\">\n\t\t\t\t\t\t<div class=\"elementor-container elementor-column-gap-default\">\n\t\t\t\t\t<div class=\"elementor-column elementor-col-100 elementor-top-column elementor-element elementor-element-45db296a\" data-id=\"45db296a\" data-element_type=\"column\" data-e-type=\"column\">\n\t\t\t<div class=\"elementor-widget-wrap\">\n\t\t\t\t\t\t\t<\/div>\n\t\t<\/div>\n\t\t\t\t\t<\/div>\n\t\t<\/section>\n\t\t\t\t<section class=\"elementor-section elementor-top-section elementor-element elementor-element-2cc14ae9 elementor-section-boxed elementor-section-height-default elementor-section-height-default\" data-id=\"2cc14ae9\" data-element_type=\"section\" data-e-type=\"section\">\n\t\t\t\t\t\t<div class=\"elementor-container elementor-column-gap-default\">\n\t\t\t\t\t<div class=\"elementor-column elementor-col-100 elementor-top-column elementor-element elementor-element-44abddf9\" data-id=\"44abddf9\" data-element_type=\"column\" data-e-type=\"column\">\n\t\t\t<div class=\"elementor-widget-wrap elementor-element-populated\">\n\t\t\t\t\t\t\t<\/div>\n\t\t<\/div>\n\t\t\t\t\t<\/div>\n\t\t<\/section>\n\t\t\t\t<section class=\"elementor-section elementor-top-section elementor-element elementor-element-3eaea76d elementor-section-boxed elementor-section-height-default elementor-section-height-default\" data-id=\"3eaea76d\" data-element_type=\"section\" data-e-type=\"section\">\n\t\t\t\t\t\t<div class=\"elementor-container elementor-column-gap-default\">\n\t\t\t\t\t<div class=\"elementor-column elementor-col-33 elementor-top-column elementor-element elementor-element-a2834a2\" data-id=\"a2834a2\" data-element_type=\"column\" data-e-type=\"column\">\n\t\t\t<div class=\"elementor-widget-wrap elementor-element-populated\">\n\t\t\t\t\t\t<div class=\"elementor-element elementor-element-62fef03 elementor-widget elementor-widget-heading\" data-id=\"62fef03\" data-element_type=\"widget\" data-e-type=\"widget\" data-widget_type=\"heading.default\">\n\t\t\t\t<div class=\"elementor-widget-container\">\n\t\t\t\t\t<h4 class=\"elementor-heading-title elementor-size-default\">Inhaltsverzeichnis<\/h4>\t\t\t\t<\/div>\n\t\t\t\t<\/div>\n\t\t\t\t<div class=\"elementor-element elementor-element-72d633f elementor-nav-menu--dropdown-tablet elementor-nav-menu__text-align-aside elementor-nav-menu--toggle elementor-nav-menu--burger elementor-widget elementor-widget-nav-menu\" data-id=\"72d633f\" data-element_type=\"widget\" data-e-type=\"widget\" data-settings=\"{&quot;layout&quot;:&quot;vertical&quot;,&quot;submenu_icon&quot;:{&quot;value&quot;:&quot;&lt;i class=\\&quot;fas fa-caret-down\\&quot; aria-hidden=\\&quot;true\\&quot;&gt;&lt;\\\/i&gt;&quot;,&quot;library&quot;:&quot;fa-solid&quot;},&quot;toggle&quot;:&quot;burger&quot;}\" data-widget_type=\"nav-menu.default\">\n\t\t\t\t<div class=\"elementor-widget-container\">\n\t\t\t\t\t\t\t\t<nav aria-label=\"Menu\" class=\"elementor-nav-menu--main elementor-nav-menu__container elementor-nav-menu--layout-vertical e--pointer-underline e--animation-fade\">\n\t\t\t\t<ul id=\"menu-1-72d633f\" class=\"elementor-nav-menu sm-vertical\"><li class=\"menu-item menu-item-type-post_type menu-item-object-page menu-item-157383\"><a href=\"https:\/\/onedesk.com\/de\/erste-10-minuten-in-onedesk\/\" class=\"elementor-item menu-link\">Die ersten 10 Minuten in OneDesk<\/a><\/li>\n<li class=\"menu-item menu-item-type-post_type menu-item-object-page menu-item-157384\"><a href=\"https:\/\/onedesk.com\/de\/onboarding-ihres-teams\/\" class=\"elementor-item menu-link\">Onboarding Ihres Teams<\/a><\/li>\n<li class=\"menu-item menu-item-type-post_type menu-item-object-page menu-item-157385\"><a href=\"https:\/\/onedesk.com\/de\/abonnieren-gehen-pro\/\" class=\"elementor-item menu-link\">Abonnieren &amp; Pro werden<\/a><\/li>\n<li class=\"menu-item menu-item-type-post_type menu-item-object-page menu-item-157429\"><a href=\"https:\/\/onedesk.com\/de\/going-live-zu-kunden\/\" class=\"elementor-item menu-link\">Live gehen f\u00fcr Kunden<\/a><\/li>\n<li class=\"menu-item menu-item-type-post_type menu-item-object-page menu-item-157430\"><a href=\"https:\/\/onedesk.com\/de\/ticket-routing-workflows\/\" class=\"elementor-item menu-link\">Ticket-Routing &amp; Workflows<\/a><\/li>\n<li class=\"menu-item menu-item-type-post_type menu-item-object-page menu-item-157431\"><a href=\"https:\/\/onedesk.com\/de\/projekt-management-aufgaben-workflows\/\" class=\"elementor-item menu-link\">Projektmanagement &amp; Aufgaben-Workflows<\/a><\/li>\n<li class=\"menu-item menu-item-type-post_type menu-item-object-page menu-item-157432\"><a href=\"https:\/\/onedesk.com\/de\/kommunikation-mit-kunden\/\" class=\"elementor-item menu-link\">Kommunikation mit Kunden<\/a><\/li>\n<li class=\"menu-item menu-item-type-post_type menu-item-object-page menu-item-157433\"><a href=\"https:\/\/onedesk.com\/de\/tracking-arbeit\/\" class=\"elementor-item menu-link\">Tracking-Arbeit<\/a><\/li>\n<\/ul>\t\t\t<\/nav>\n\t\t\t\t\t<div class=\"elementor-menu-toggle\" role=\"button\" tabindex=\"0\" aria-label=\"Menu Toggle\" aria-expanded=\"false\">\n\t\t\t<i aria-hidden=\"true\" role=\"presentation\" class=\"elementor-menu-toggle__icon--open eicon-menu-bar\"><\/i><i aria-hidden=\"true\" role=\"presentation\" class=\"elementor-menu-toggle__icon--close eicon-close\"><\/i>\t\t<\/div>\n\t\t\t\t\t<nav class=\"elementor-nav-menu--dropdown elementor-nav-menu__container\" aria-hidden=\"true\">\n\t\t\t\t<ul id=\"menu-2-72d633f\" class=\"elementor-nav-menu sm-vertical\"><li class=\"menu-item menu-item-type-post_type menu-item-object-page menu-item-157383\"><a href=\"https:\/\/onedesk.com\/de\/erste-10-minuten-in-onedesk\/\" class=\"elementor-item menu-link\" tabindex=\"-1\">Die ersten 10 Minuten in OneDesk<\/a><\/li>\n<li class=\"menu-item menu-item-type-post_type menu-item-object-page menu-item-157384\"><a href=\"https:\/\/onedesk.com\/de\/onboarding-ihres-teams\/\" class=\"elementor-item menu-link\" tabindex=\"-1\">Onboarding Ihres Teams<\/a><\/li>\n<li class=\"menu-item menu-item-type-post_type menu-item-object-page menu-item-157385\"><a href=\"https:\/\/onedesk.com\/de\/abonnieren-gehen-pro\/\" class=\"elementor-item menu-link\" tabindex=\"-1\">Abonnieren &amp; Pro werden<\/a><\/li>\n<li class=\"menu-item menu-item-type-post_type menu-item-object-page menu-item-157429\"><a href=\"https:\/\/onedesk.com\/de\/going-live-zu-kunden\/\" class=\"elementor-item menu-link\" tabindex=\"-1\">Live gehen f\u00fcr Kunden<\/a><\/li>\n<li class=\"menu-item menu-item-type-post_type menu-item-object-page menu-item-157430\"><a href=\"https:\/\/onedesk.com\/de\/ticket-routing-workflows\/\" class=\"elementor-item menu-link\" tabindex=\"-1\">Ticket-Routing &amp; Workflows<\/a><\/li>\n<li class=\"menu-item menu-item-type-post_type menu-item-object-page menu-item-157431\"><a href=\"https:\/\/onedesk.com\/de\/projekt-management-aufgaben-workflows\/\" class=\"elementor-item menu-link\" tabindex=\"-1\">Projektmanagement &amp; Aufgaben-Workflows<\/a><\/li>\n<li class=\"menu-item menu-item-type-post_type menu-item-object-page menu-item-157432\"><a href=\"https:\/\/onedesk.com\/de\/kommunikation-mit-kunden\/\" class=\"elementor-item menu-link\" tabindex=\"-1\">Kommunikation mit Kunden<\/a><\/li>\n<li class=\"menu-item menu-item-type-post_type menu-item-object-page menu-item-157433\"><a href=\"https:\/\/onedesk.com\/de\/tracking-arbeit\/\" class=\"elementor-item menu-link\" tabindex=\"-1\">Tracking-Arbeit<\/a><\/li>\n<\/ul>\t\t\t<\/nav>\n\t\t\t\t\t\t<\/div>\n\t\t\t\t<\/div>\n\t\t\t\t<div class=\"elementor-element elementor-element-2a6bc8f elementor-widget elementor-widget-heading\" data-id=\"2a6bc8f\" data-element_type=\"widget\" data-e-type=\"widget\" data-widget_type=\"heading.default\">\n\t\t\t\t<div class=\"elementor-widget-container\">\n\t\t\t\t\t<h4 class=\"elementor-heading-title elementor-size-default\">Tiefer tauchen<\/h4>\t\t\t\t<\/div>\n\t\t\t\t<\/div>\n\t\t\t\t<div class=\"elementor-element elementor-element-ec8589a elementor-nav-menu--dropdown-tablet elementor-nav-menu__text-align-aside elementor-nav-menu--toggle elementor-nav-menu--burger elementor-widget elementor-widget-nav-menu\" data-id=\"ec8589a\" data-element_type=\"widget\" data-e-type=\"widget\" data-settings=\"{&quot;layout&quot;:&quot;vertical&quot;,&quot;submenu_icon&quot;:{&quot;value&quot;:&quot;&lt;i class=\\&quot;fas fa-caret-down\\&quot; aria-hidden=\\&quot;true\\&quot;&gt;&lt;\\\/i&gt;&quot;,&quot;library&quot;:&quot;fa-solid&quot;},&quot;toggle&quot;:&quot;burger&quot;}\" data-widget_type=\"nav-menu.default\">\n\t\t\t\t<div class=\"elementor-widget-container\">\n\t\t\t\t\t\t\t\t<nav aria-label=\"Menu\" class=\"elementor-nav-menu--main elementor-nav-menu__container elementor-nav-menu--layout-vertical e--pointer-underline e--animation-fade\">\n\t\t\t\t<ul id=\"menu-1-ec8589a\" class=\"elementor-nav-menu sm-vertical\"><li class=\"menu-item menu-item-type-post_type menu-item-object-page menu-item-157475\"><a href=\"https:\/\/onedesk.com\/de\/anpassen-ihres-workflows\/\" class=\"elementor-item menu-link\">Anpassen Ihres Workflows<\/a><\/li>\n<li class=\"menu-item menu-item-type-post_type menu-item-object-page menu-item-157476\"><a href=\"https:\/\/onedesk.com\/de\/anpassen-ihrer-benutzererfahrung\/\" class=\"elementor-item menu-link\">Anpassen der Erfahrung Ihrer Benutzer<\/a><\/li>\n<li class=\"menu-item menu-item-type-post_type menu-item-object-page menu-item-157477\"><a href=\"https:\/\/onedesk.com\/de\/anpassen-ihrer-kunden-erfahrung\/\" class=\"elementor-item menu-link\">Anpassen der Erfahrung Ihrer Kunden<\/a><\/li>\n<li class=\"menu-item menu-item-type-post_type menu-item-object-page menu-item-157478\"><a href=\"https:\/\/onedesk.com\/de\/benutzerverwaltung\/\" class=\"elementor-item menu-link\">Benutzer verwalten<\/a><\/li>\n<li class=\"menu-item menu-item-type-post_type menu-item-object-page menu-item-157479\"><a href=\"https:\/\/onedesk.com\/de\/verwalten-kunden\/\" class=\"elementor-item menu-link\">Kunden verwalten<\/a><\/li>\n<li class=\"menu-item menu-item-type-post_type menu-item-object-page menu-item-157527\"><a href=\"https:\/\/onedesk.com\/de\/onedesk-wissensdatenbank\/\" class=\"elementor-item menu-link\">OneDesk-Wissensdatenbank<\/a><\/li>\n<li class=\"menu-item menu-item-type-post_type menu-item-object-page menu-item-157528\"><a href=\"https:\/\/onedesk.com\/de\/onedesk-live-chat\/\" class=\"elementor-item menu-link\">OneDesk-Live-Chat<\/a><\/li>\n<li class=\"menu-item menu-item-type-post_type menu-item-object-page menu-item-157529\"><a href=\"https:\/\/onedesk.com\/de\/onedesk-client-portal\/\" class=\"elementor-item menu-link\">OneDesk-Kundenportal<\/a><\/li>\n<li class=\"menu-item menu-item-type-post_type menu-item-object-page menu-item-157530\"><a href=\"https:\/\/onedesk.com\/de\/analytik\/\" class=\"elementor-item menu-link\">Analytik<\/a><\/li>\n<\/ul>\t\t\t<\/nav>\n\t\t\t\t\t<div class=\"elementor-menu-toggle\" role=\"button\" tabindex=\"0\" aria-label=\"Menu Toggle\" aria-expanded=\"false\">\n\t\t\t<i aria-hidden=\"true\" role=\"presentation\" class=\"elementor-menu-toggle__icon--open eicon-menu-bar\"><\/i><i aria-hidden=\"true\" role=\"presentation\" class=\"elementor-menu-toggle__icon--close eicon-close\"><\/i>\t\t<\/div>\n\t\t\t\t\t<nav class=\"elementor-nav-menu--dropdown elementor-nav-menu__container\" aria-hidden=\"true\">\n\t\t\t\t<ul id=\"menu-2-ec8589a\" class=\"elementor-nav-menu sm-vertical\"><li class=\"menu-item menu-item-type-post_type menu-item-object-page menu-item-157475\"><a href=\"https:\/\/onedesk.com\/de\/anpassen-ihres-workflows\/\" class=\"elementor-item menu-link\" tabindex=\"-1\">Anpassen Ihres Workflows<\/a><\/li>\n<li class=\"menu-item menu-item-type-post_type menu-item-object-page menu-item-157476\"><a href=\"https:\/\/onedesk.com\/de\/anpassen-ihrer-benutzererfahrung\/\" class=\"elementor-item menu-link\" tabindex=\"-1\">Anpassen der Erfahrung Ihrer Benutzer<\/a><\/li>\n<li class=\"menu-item menu-item-type-post_type menu-item-object-page menu-item-157477\"><a href=\"https:\/\/onedesk.com\/de\/anpassen-ihrer-kunden-erfahrung\/\" class=\"elementor-item menu-link\" tabindex=\"-1\">Anpassen der Erfahrung Ihrer Kunden<\/a><\/li>\n<li class=\"menu-item menu-item-type-post_type menu-item-object-page menu-item-157478\"><a href=\"https:\/\/onedesk.com\/de\/benutzerverwaltung\/\" class=\"elementor-item menu-link\" tabindex=\"-1\">Benutzer verwalten<\/a><\/li>\n<li class=\"menu-item menu-item-type-post_type menu-item-object-page menu-item-157479\"><a href=\"https:\/\/onedesk.com\/de\/verwalten-kunden\/\" class=\"elementor-item menu-link\" tabindex=\"-1\">Kunden verwalten<\/a><\/li>\n<li class=\"menu-item menu-item-type-post_type menu-item-object-page menu-item-157527\"><a href=\"https:\/\/onedesk.com\/de\/onedesk-wissensdatenbank\/\" class=\"elementor-item menu-link\" tabindex=\"-1\">OneDesk-Wissensdatenbank<\/a><\/li>\n<li class=\"menu-item menu-item-type-post_type menu-item-object-page menu-item-157528\"><a href=\"https:\/\/onedesk.com\/de\/onedesk-live-chat\/\" class=\"elementor-item menu-link\" tabindex=\"-1\">OneDesk-Live-Chat<\/a><\/li>\n<li class=\"menu-item menu-item-type-post_type menu-item-object-page menu-item-157529\"><a href=\"https:\/\/onedesk.com\/de\/onedesk-client-portal\/\" class=\"elementor-item menu-link\" tabindex=\"-1\">OneDesk-Kundenportal<\/a><\/li>\n<li class=\"menu-item menu-item-type-post_type menu-item-object-page menu-item-157530\"><a href=\"https:\/\/onedesk.com\/de\/analytik\/\" class=\"elementor-item menu-link\" tabindex=\"-1\">Analytik<\/a><\/li>\n<\/ul>\t\t\t<\/nav>\n\t\t\t\t\t\t<\/div>\n\t\t\t\t<\/div>\n\t\t\t\t\t<\/div>\n\t\t<\/div>\n\t\t\t\t<div class=\"elementor-column elementor-col-66 elementor-top-column elementor-element elementor-element-28edd6de\" data-id=\"28edd6de\" data-element_type=\"column\" data-e-type=\"column\">\n\t\t\t<div class=\"elementor-widget-wrap elementor-element-populated\">\n\t\t\t\t\t\t<div class=\"elementor-element elementor-element-4206f0d7 elementor-widget elementor-widget-html\" data-id=\"4206f0d7\" data-element_type=\"widget\" data-e-type=\"widget\" data-widget_type=\"html.default\">\n\t\t\t\t<div class=\"elementor-widget-container\">\n\t\t\t\t\t<p>\nSobald Sie OneDesk verwendet haben und bereit sind, Profi zu werden, k\u00f6nnen Sie Ihre kostenlose Testversion ganz einfach auf einen lizenzierten Plan aktualisieren. Lesen Sie <a href=\"https:\/\/onedesk.com\/de\/preisgestaltung\/\">hier<\/a> mehr \u00fcber unsere fairen Preise und h\u00e4ufig gestellten Fragen oder <a href=\"https:\/\/youtu.be\/vDnpRx2tokA\">sehen Sie sich das Video<\/a> an, um Details dar\u00fcber zu sehen, wie Sie Profi werden.<\/p>\n<br>\n\n<center>\n<iframe width=\"500\" height=\"315\" src=\"https:\/\/youtu.be\/vDnpRx2tokA\" title=\"YouTube video player\" frameborder=\"0\" allow=\"accelerometer; autoplay; clipboard-write; encrypted-media; gyroscope; picture-in-picture\" allowfullscreen=\"\"><\/iframe><\/center>\n<br>\n\n<br>\n<button class=\"guidebutton\" onclick=\"window.location.href='\/onboarding-your-team\/';\"><Previous{{{wpml_tag_15}}}\n{{{wpml_tag_16}}}Next ><\/button>\t\t\t\t<\/div>\n\t\t\t\t<\/div>\n\t\t\t\t\t<\/div>\n\t\t<\/div>\n\t\t\t\t\t<\/div>\n\t\t<\/section>\n\t\t\t\t<\/div>\n\t\t","protected":false},"excerpt":{"rendered":"<p>Inhaltsverzeichnis Tiefer tauchen Sobald Sie OneDesk verwendet haben und bereit sind, Profi zu werden, k\u00f6nnen Sie Ihre kostenlose Testversion ganz einfach auf einen lizenzierten Plan aktualisieren. Lesen Sie hier mehr \u00fcber unsere fairen Preise und h\u00e4ufig gestellten Fragen oder sehen Sie sich das Video an, um Details dar\u00fcber zu sehen, wie Sie Profi werden.<\/p>\n","protected":false},"author":27,"featured_media":0,"parent":0,"menu_order":0,"comment_status":"closed","ping_status":"closed","template":"","meta":{"tpgb_global_settings":"","_crdt_document":"","inline_featured_image":false,"site-sidebar-layout":"no-sidebar","site-content-layout":"page-builder","ast-site-content-layout":"default","site-content-style":"default","site-sidebar-style":"default","ast-global-header-display":"","ast-banner-title-visibility":"","ast-main-header-display":"","ast-hfb-above-header-display":"","ast-hfb-below-header-display":"","ast-hfb-mobile-header-display":"","site-post-title":"disabled","ast-breadcrumbs-content":"","ast-featured-img":"disabled","footer-sml-layout":"","ast-disable-related-posts":"","theme-transparent-header-meta":"","adv-header-id-meta":"","stick-header-meta":"","header-above-stick-meta":"","header-main-stick-meta":"","header-below-stick-meta":"","astra-migrate-meta-layouts":"default","ast-page-background-enabled":"default","ast-page-background-meta":{"desktop":{"background-color":"var(--ast-global-color-4)","background-image":"","background-repeat":"repeat","background-position":"center center","background-size":"auto","background-attachment":"scroll","background-type":"","background-media":"","overlay-type":"","overlay-color":"","overlay-opacity":"","overlay-gradient":""},"tablet":{"background-color":"","background-image":"","background-repeat":"repeat","background-position":"center center","background-size":"auto","background-attachment":"scroll","background-type":"","background-media":"","overlay-type":"","overlay-color":"","overlay-opacity":"","overlay-gradient":""},"mobile":{"background-color":"","background-image":"","background-repeat":"repeat","background-position":"center center","background-size":"auto","background-attachment":"scroll","background-type":"","background-media":"","overlay-type":"","overlay-color":"","overlay-opacity":"","overlay-gradient":""}},"ast-content-background-meta":{"desktop":{"background-color":"var(--ast-global-color-5)","background-image":"","background-repeat":"repeat","background-position":"center center","background-size":"auto","background-attachment":"scroll","background-type":"","background-media":"","overlay-type":"","overlay-color":"","overlay-opacity":"","overlay-gradient":""},"tablet":{"background-color":"var(--ast-global-color-5)","background-image":"","background-repeat":"repeat","background-position":"center center","background-size":"auto","background-attachment":"scroll","background-type":"","background-media":"","overlay-type":"","overlay-color":"","overlay-opacity":"","overlay-gradient":""},"mobile":{"background-color":"var(--ast-global-color-5)","background-image":"","background-repeat":"repeat","background-position":"center center","background-size":"auto","background-attachment":"scroll","background-type":"","background-media":"","overlay-type":"","overlay-color":"","overlay-opacity":"","overlay-gradient":""}},"footnotes":""},"class_list":["post-154737","page","type-page","status-publish","hentry"],"yoast_head":"<!-- This site is optimized with the Yoast SEO Premium plugin v27.2 (Yoast SEO v27.3) - https:\/\/yoast.com\/product\/yoast-seo-premium-wordpress\/ -->\n<title>Abonnieren &amp; Pro werden | OneDesk HelpDesk- und PM-Onboarding-Leitfaden<\/title>\n<meta name=\"description\" content=\"OneDesk ist Helpdesk- und Projektmanagement-Software in einer Anwendung. Informieren Sie sich \u00fcber die verf\u00fcgbaren Abonnementpl\u00e4ne.\" \/>\n<meta name=\"robots\" content=\"index, follow, max-snippet:-1, max-image-preview:large, max-video-preview:-1\" \/>\n<link rel=\"canonical\" href=\"https:\/\/onedesk.com\/de\/abonnieren-gehen-pro\/\" \/>\n<meta property=\"og:locale\" content=\"de_DE\" \/>\n<meta property=\"og:type\" content=\"article\" \/>\n<meta property=\"og:title\" content=\"Abonnieren &amp; Pro werden | OneDesk HelpDesk- und PM-Onboarding-Leitfaden\" \/>\n<meta property=\"og:description\" content=\"OneDesk ist Helpdesk- und Projektmanagement-Software in einer Anwendung. Informieren Sie sich \u00fcber die verf\u00fcgbaren Abonnementpl\u00e4ne.\" \/>\n<meta property=\"og:url\" content=\"https:\/\/onedesk.com\/de\/abonnieren-gehen-pro\/\" \/>\n<meta property=\"og:site_name\" content=\"OneDesk\" \/>\n<meta property=\"article:publisher\" content=\"https:\/\/www.facebook.com\/OneDeskApp\" \/>\n<meta property=\"article:modified_time\" content=\"2022-03-30T21:21:59+00:00\" \/>\n<meta property=\"og:image\" content=\"https:\/\/onedesk.com\/wp-content\/uploads\/2020\/04\/OneDesk-Logo.png\" \/>\n\t<meta property=\"og:image:width\" content=\"1280\" \/>\n\t<meta property=\"og:image:height\" content=\"800\" \/>\n\t<meta property=\"og:image:type\" content=\"image\/png\" \/>\n<meta name=\"twitter:card\" content=\"summary_large_image\" \/>\n<meta name=\"twitter:site\" content=\"@OneDeskApp\" \/>\n<!-- \/ Yoast SEO Premium plugin. -->","yoast_head_json":{"title":"Abonnieren & Pro werden | OneDesk HelpDesk- und PM-Onboarding-Leitfaden","description":"OneDesk ist Helpdesk- und Projektmanagement-Software in einer Anwendung. Informieren Sie sich \u00fcber die verf\u00fcgbaren Abonnementpl\u00e4ne.","robots":{"index":"index","follow":"follow","max-snippet":"max-snippet:-1","max-image-preview":"max-image-preview:large","max-video-preview":"max-video-preview:-1"},"canonical":"https:\/\/onedesk.com\/de\/abonnieren-gehen-pro\/","og_locale":"de_DE","og_type":"article","og_title":"Abonnieren & Pro werden | OneDesk HelpDesk- und PM-Onboarding-Leitfaden","og_description":"OneDesk ist Helpdesk- und Projektmanagement-Software in einer Anwendung. Informieren Sie sich \u00fcber die verf\u00fcgbaren Abonnementpl\u00e4ne.","og_url":"https:\/\/onedesk.com\/de\/abonnieren-gehen-pro\/","og_site_name":"OneDesk","article_publisher":"https:\/\/www.facebook.com\/OneDeskApp","article_modified_time":"2022-03-30T21:21:59+00:00","og_image":[{"width":1280,"height":800,"url":"https:\/\/onedesk.com\/wp-content\/uploads\/2020\/04\/OneDesk-Logo.png","type":"image\/png"}],"twitter_card":"summary_large_image","twitter_site":"@OneDeskApp","schema":{"@context":"https:\/\/schema.org","@graph":[{"@type":"WebPage","@id":"https:\/\/onedesk.com\/de\/abonnieren-gehen-pro\/","url":"https:\/\/onedesk.com\/de\/abonnieren-gehen-pro\/","name":"Abonnieren & Pro werden | OneDesk HelpDesk- und PM-Onboarding-Leitfaden","isPartOf":{"@id":"https:\/\/onedesk.com\/de\/#website"},"datePublished":"2021-12-20T15:16:10+00:00","dateModified":"2022-03-30T21:21:59+00:00","description":"OneDesk ist Helpdesk- und Projektmanagement-Software in einer Anwendung. Informieren Sie sich \u00fcber die verf\u00fcgbaren Abonnementpl\u00e4ne.","inLanguage":"de-DE","potentialAction":[{"@type":"ReadAction","target":["https:\/\/onedesk.com\/de\/abonnieren-gehen-pro\/"]}]},{"@type":"WebSite","@id":"https:\/\/onedesk.com\/de\/#website","url":"https:\/\/onedesk.com\/de\/","name":"OneDesk","description":"Projektmanagement- und Helpdesk-Software","publisher":{"@id":"https:\/\/onedesk.com\/de\/#organization"},"potentialAction":[{"@type":"SearchAction","target":{"@type":"EntryPoint","urlTemplate":"https:\/\/onedesk.com\/de\/?s={search_term_string}"},"query-input":{"@type":"PropertyValueSpecification","valueRequired":true,"valueName":"search_term_string"}}],"inLanguage":"de-DE"},{"@type":"Organization","@id":"https:\/\/onedesk.com\/de\/#organization","name":"OneDesk","url":"https:\/\/onedesk.com\/de\/","logo":{"@type":"ImageObject","inLanguage":"de-DE","@id":"https:\/\/onedesk.com\/de\/#\/schema\/logo\/image\/","url":"https:\/\/onedesk.com\/wp-content\/uploads\/2016\/01\/white-logo-small.png","contentUrl":"https:\/\/onedesk.com\/wp-content\/uploads\/2016\/01\/white-logo-small.png","width":207,"height":40,"caption":"OneDesk"},"image":{"@id":"https:\/\/onedesk.com\/de\/#\/schema\/logo\/image\/"},"sameAs":["https:\/\/www.facebook.com\/OneDeskApp","https:\/\/x.com\/OneDeskApp","https:\/\/www.instagram.com\/onedeskapp\/","https:\/\/www.linkedin.com\/company\/onedesk-inc-1","https:\/\/www.pinterest.com\/onedesk\/","https:\/\/www.youtube.com\/user\/OneDeskApp"]}]}},"tpgb_featured_images":null,"tpgb_post_meta_info":{"get_date":"December 20, 2021","get_modified_date":"March 30, 2022","author_name":"Sabrin Yusef","author_url":"https:\/\/onedesk.com\/de\/author\/sarbin-yusef\/","author_email":"sabrin.yusef@onedesk.com","author_website":"","author_description":"","author_facebook":"","author_twitter":"","author_instagram":"","author_role":["customer"],"author_firstname":"Sabrin","author_lastname":"Yusef","user_login":"sarbin.yusef","author_avatar":"<img alt='' src='https:\/\/secure.gravatar.com\/avatar\/1f20332b0900369c93c9c272e03885bde073bf214b3dd3eb4bea569a45bea588?s=200&#038;d=mm&#038;r=g' srcset='https:\/\/secure.gravatar.com\/avatar\/1f20332b0900369c93c9c272e03885bde073bf214b3dd3eb4bea569a45bea588?s=400&#038;d=mm&#038;r=g 2x' class='avatar avatar-200 photo' height='200' width='200' decoding='async'\/>","author_avatar_url":"https:\/\/secure.gravatar.com\/avatar\/1f20332b0900369c93c9c272e03885bde073bf214b3dd3eb4bea569a45bea588?s=96&d=mm&r=g","comment_count":0,"post_likes":0,"post_views":0},"tpgb_post_category":[],"jetpack_shortlink":"https:\/\/wp.me\/PfpPaI-EfL","amp_enabled":true,"_links":{"self":[{"href":"https:\/\/onedesk.com\/de\/wp-json\/wp\/v2\/pages\/154737","targetHints":{"allow":["GET"]}}],"collection":[{"href":"https:\/\/onedesk.com\/de\/wp-json\/wp\/v2\/pages"}],"about":[{"href":"https:\/\/onedesk.com\/de\/wp-json\/wp\/v2\/types\/page"}],"author":[{"embeddable":true,"href":"https:\/\/onedesk.com\/de\/wp-json\/wp\/v2\/users\/27"}],"replies":[{"embeddable":true,"href":"https:\/\/onedesk.com\/de\/wp-json\/wp\/v2\/comments?post=154737"}],"version-history":[{"count":15,"href":"https:\/\/onedesk.com\/de\/wp-json\/wp\/v2\/pages\/154737\/revisions"}],"predecessor-version":[{"id":168371,"href":"https:\/\/onedesk.com\/de\/wp-json\/wp\/v2\/pages\/154737\/revisions\/168371"}],"wp:attachment":[{"href":"https:\/\/onedesk.com\/de\/wp-json\/wp\/v2\/media?parent=154737"}],"curies":[{"name":"wp","href":"https:\/\/api.w.org\/{rel}","templated":true}]}}