{"id":154980,"date":"2021-12-20T16:02:06","date_gmt":"2021-12-20T16:02:06","guid":{"rendered":"https:\/\/onedesk.com\/eigenschaften-index\/e-mail-ueberwachung\/"},"modified":"2023-08-08T19:06:40","modified_gmt":"2023-08-08T19:06:40","slug":"e-mail-ueberwachung","status":"publish","type":"page","link":"https:\/\/onedesk.com\/de\/features-index\/e-mail-ueberwachung\/","title":{"rendered":"E-Mail-\u00dcberwachung"},"content":{"rendered":"\t\t<div data-elementor-type=\"wp-page\" data-elementor-id=\"154980\" class=\"elementor elementor-154980 elementor-83546\" data-elementor-post-type=\"page\">\n\t\t\t\t\t\t<section class=\"elementor-section elementor-top-section elementor-element elementor-element-35c19cfa elementor-section-boxed elementor-section-height-default elementor-section-height-default\" data-id=\"35c19cfa\" data-element_type=\"section\" data-e-type=\"section\">\n\t\t\t\t\t\t<div class=\"elementor-container elementor-column-gap-default\">\n\t\t\t\t\t<div class=\"elementor-column elementor-col-100 elementor-top-column elementor-element elementor-element-6ecc91a9\" data-id=\"6ecc91a9\" data-element_type=\"column\" data-e-type=\"column\">\n\t\t\t<div class=\"elementor-widget-wrap\">\n\t\t\t\t\t\t\t<\/div>\n\t\t<\/div>\n\t\t\t\t\t<\/div>\n\t\t<\/section>\n\t\t\t\t<section class=\"elementor-section elementor-top-section elementor-element elementor-element-766d10c elementor-section-boxed elementor-section-height-default elementor-section-height-default\" data-id=\"766d10c\" data-element_type=\"section\" data-e-type=\"section\">\n\t\t\t\t\t\t<div class=\"elementor-container elementor-column-gap-default\">\n\t\t\t\t\t<div class=\"elementor-column elementor-col-100 elementor-top-column elementor-element elementor-element-a276d9e\" data-id=\"a276d9e\" data-element_type=\"column\" data-e-type=\"column\">\n\t\t\t<div class=\"elementor-widget-wrap elementor-element-populated\">\n\t\t\t\t\t\t<div class=\"elementor-element elementor-element-677664e7 elementor-widget elementor-widget-heading\" data-id=\"677664e7\" data-element_type=\"widget\" data-e-type=\"widget\" data-widget_type=\"heading.default\">\n\t\t\t\t<div class=\"elementor-widget-container\">\n\t\t\t\t\t<h1 class=\"elementor-heading-title elementor-size-default\">E-Mail-\u00dcberwachung<\/h1>\t\t\t\t<\/div>\n\t\t\t\t<\/div>\n\t\t\t\t<div class=\"elementor-element elementor-element-5ef147b9 elementor-widget elementor-widget-text-editor\" data-id=\"5ef147b9\" data-element_type=\"widget\" data-e-type=\"widget\" data-widget_type=\"text-editor.default\">\n\t\t\t\t<div class=\"elementor-widget-container\">\n\t\t\t\t\t\t\t\t\t<p>Ein- und ausgehende E-Mail-\u00dcberwachung<\/p>\n\t\t\t\t\t\t\t\t<\/div>\n\t\t\t\t<\/div>\n\t\t\t\t<div class=\"elementor-element elementor-element-f2d5080 elementor-align-center elementor-widget elementor-widget-global elementor-global-239885 elementor-global-131872 elementor-widget-button\" data-id=\"f2d5080\" data-element_type=\"widget\" data-e-type=\"widget\" data-widget_type=\"button.default\">\n\t\t\t\t<div class=\"elementor-widget-container\">\n\t\t\t\t\t\t\t\t\t<div class=\"elementor-button-wrapper\">\n\t\t\t\t\t<a class=\"elementor-button elementor-button-link elementor-size-lg elementor-animation-grow\" href=\"https:\/\/onedesk.com\/de\/melde-dich-kostenlos-an\/\">\n\t\t\t\t\t\t<span class=\"elementor-button-content-wrapper\">\n\t\t\t\t\t\t\t\t\t<span class=\"elementor-button-text\">Melde dich kostenlos an!<\/span>\n\t\t\t\t\t<\/span>\n\t\t\t\t\t<\/a>\n\t\t\t\t<\/div>\n\t\t\t\t\t\t\t\t<\/div>\n\t\t\t\t<\/div>\n\t\t\t\t\t<\/div>\n\t\t<\/div>\n\t\t\t\t\t<\/div>\n\t\t<\/section>\n\t\t\t\t<section class=\"elementor-section elementor-top-section elementor-element elementor-element-7be0cb78 elementor-section-boxed elementor-section-height-default elementor-section-height-default\" data-id=\"7be0cb78\" data-element_type=\"section\" data-e-type=\"section\">\n\t\t\t\t\t\t<div class=\"elementor-container elementor-column-gap-default\">\n\t\t\t\t\t<div class=\"elementor-column elementor-col-50 elementor-top-column elementor-element elementor-element-b3c1134\" data-id=\"b3c1134\" data-element_type=\"column\" data-e-type=\"column\">\n\t\t\t<div class=\"elementor-widget-wrap elementor-element-populated\">\n\t\t\t\t\t\t<div class=\"elementor-element elementor-element-4e6b697 elementor-widget elementor-widget-image\" data-id=\"4e6b697\" data-element_type=\"widget\" data-e-type=\"widget\" data-widget_type=\"image.default\">\n\t\t\t\t<div class=\"elementor-widget-container\">\n\t\t\t\t\t\t\t\t\t\t\t\t\t\t\t<img fetchpriority=\"high\" decoding=\"async\" width=\"602\" height=\"597\" src=\"https:\/\/onedesk.com\/wp-content\/uploads\/2016\/01\/EmailMonitoring.png\" class=\"attachment-large size-large wp-image-83687\" alt=\"E-Mail-\u00dcberwachung\" srcset=\"https:\/\/onedesk.com\/wp-content\/uploads\/2016\/01\/EmailMonitoring.png 602w, https:\/\/onedesk.com\/wp-content\/uploads\/2016\/01\/EmailMonitoring-300x298.png 300w, https:\/\/onedesk.com\/wp-content\/uploads\/2016\/01\/EmailMonitoring-150x150.png 150w, https:\/\/onedesk.com\/wp-content\/uploads\/2016\/01\/EmailMonitoring-303x300.png 303w, https:\/\/onedesk.com\/wp-content\/uploads\/2016\/01\/EmailMonitoring-255x253.png 255w, https:\/\/onedesk.com\/wp-content\/uploads\/2016\/01\/EmailMonitoring-81x80.png 81w, https:\/\/onedesk.com\/wp-content\/uploads\/2016\/01\/EmailMonitoring-40x40.png 40w, https:\/\/onedesk.com\/wp-content\/uploads\/2016\/01\/EmailMonitoring-60x60.png 60w, https:\/\/onedesk.com\/wp-content\/uploads\/2016\/01\/EmailMonitoring-480x476.png 480w, https:\/\/onedesk.com\/wp-content\/uploads\/2016\/01\/EmailMonitoring-500x496.png 500w, https:\/\/onedesk.com\/wp-content\/uploads\/2016\/01\/EmailMonitoring-360x357.png 360w\" sizes=\"(max-width: 602px) 100vw, 602px\" \/>\t\t\t\t\t\t\t\t\t\t\t\t\t\t\t<\/div>\n\t\t\t\t<\/div>\n\t\t\t\t\t<\/div>\n\t\t<\/div>\n\t\t\t\t<div class=\"elementor-column elementor-col-50 elementor-top-column elementor-element elementor-element-13529493\" data-id=\"13529493\" data-element_type=\"column\" data-e-type=\"column\">\n\t\t\t<div class=\"elementor-widget-wrap elementor-element-populated\">\n\t\t\t\t\t\t<div class=\"elementor-element elementor-element-6ef3772e elementor-widget elementor-widget-heading\" data-id=\"6ef3772e\" data-element_type=\"widget\" data-e-type=\"widget\" data-widget_type=\"heading.default\">\n\t\t\t\t<div class=\"elementor-widget-container\">\n\t\t\t\t\t<h2 class=\"elementor-heading-title elementor-size-default\">Antworten basierend auf Keyword-Triggern erstellen<\/h2>\t\t\t\t<\/div>\n\t\t\t\t<\/div>\n\t\t\t\t<div class=\"elementor-element elementor-element-436003e4 elementor-widget elementor-widget-text-editor\" data-id=\"436003e4\" data-element_type=\"widget\" data-e-type=\"widget\" data-widget_type=\"text-editor.default\">\n\t\t\t\t<div class=\"elementor-widget-container\">\n\t\t\t\t\t\t\t\t\t<p>OneDesk stellt sicher, dass Sie alle E-Mail-Aktivit\u00e4ten transparent \u00fcberwachen k\u00f6nnen. Wir sorgen daf\u00fcr, dass Sie ganz beruhigt alle ein- und ausgehenden E-Mail-Nachrichten verfolgen, sehen k\u00f6nnen, was an wen gesendet wurde und welche Aktionen bestimmte eingehende E-Mails in OneDesk ausl\u00f6sen. Wir zeigen Ihnen alle diese Informationen f\u00fcr die E-Mail-Kommunikation innerhalb der letzten 72 Stunden.<\/p>\n\t\t\t\t\t\t\t\t<\/div>\n\t\t\t\t<\/div>\n\t\t\t\t<div class=\"elementor-element elementor-element-614b797 elementor-widget elementor-widget-heading\" data-id=\"614b797\" data-element_type=\"widget\" data-e-type=\"widget\" data-widget_type=\"heading.default\">\n\t\t\t\t<div class=\"elementor-widget-container\">\n\t\t\t\t\t<h2 class=\"elementor-heading-title elementor-size-default\">\u00dcberwachen Sie alle ausgehenden E-Mails, um Transparenz zu gew\u00e4hrleisten<\/h2>\t\t\t\t<\/div>\n\t\t\t\t<\/div>\n\t\t\t\t<div class=\"elementor-element elementor-element-8600891 elementor-widget elementor-widget-text-editor\" data-id=\"8600891\" data-element_type=\"widget\" data-e-type=\"widget\" data-widget_type=\"text-editor.default\">\n\t\t\t\t<div class=\"elementor-widget-container\">\n\t\t\t\t\t\t\t\t\t<p>E-Mail-Nachrichten sind f\u00fcr eine effektive Kommunikation mit Ihren Benutzern und Kunden von entscheidender Bedeutung, und Sie m\u00f6chten die Gewissheit haben, dass Ihre E-Mails gesendet und zugestellt werden. Die E-Mail-\u00dcberwachungsfunktionen von OneDesk geben Ihnen Sicherheit, da Sie die ausgehende E-Mail-Kommunikation verfolgen k\u00f6nnen. Wenn ein Kunde angibt, nie eine E-Mail erhalten zu haben, k\u00f6nnen Sie \u00fcberpr\u00fcfen und feststellen, ob und wann die E-Mail gesendet, zugestellt oder nicht zugestellt wurde. Sie k\u00f6nnen feststellen, ob Ihre E-Mails verarbeitet, zugestellt, zur\u00fcckgesendet, blockiert und mehr werden.<\/p>\n\t\t\t\t\t\t\t\t<\/div>\n\t\t\t\t<\/div>\n\t\t\t\t\t<\/div>\n\t\t<\/div>\n\t\t\t\t\t<\/div>\n\t\t<\/section>\n\t\t\t\t<section class=\"elementor-section elementor-top-section elementor-element elementor-element-368eb4ef elementor-section-boxed elementor-section-height-default elementor-section-height-default\" data-id=\"368eb4ef\" data-element_type=\"section\" data-e-type=\"section\">\n\t\t\t\t\t\t<div class=\"elementor-container elementor-column-gap-default\">\n\t\t\t\t\t<div class=\"elementor-column elementor-col-100 elementor-top-column elementor-element elementor-element-7f10658e\" data-id=\"7f10658e\" data-element_type=\"column\" data-e-type=\"column\">\n\t\t\t<div class=\"elementor-widget-wrap elementor-element-populated\">\n\t\t\t\t\t\t<div class=\"elementor-element elementor-element-2b843beb elementor-widget elementor-widget-heading\" data-id=\"2b843beb\" data-element_type=\"widget\" data-e-type=\"widget\" data-widget_type=\"heading.default\">\n\t\t\t\t<div class=\"elementor-widget-container\">\n\t\t\t\t\t<h2 class=\"elementor-heading-title elementor-size-default\">Verfolgen Sie alle eingehenden Nachrichten <\/h2>\t\t\t\t<\/div>\n\t\t\t\t<\/div>\n\t\t\t\t<div class=\"elementor-element elementor-element-1834a55b elementor-widget elementor-widget-text-editor\" data-id=\"1834a55b\" data-element_type=\"widget\" data-e-type=\"widget\" data-widget_type=\"text-editor.default\">\n\t\t\t\t<div class=\"elementor-widget-container\">\n\t\t\t\t\t\t\t\t\t<p>Die eingehende Kommunikation Ihres Kunden kann sich auf verschiedene Teile von OneDesk auswirken: Er kann Nachrichten zu Konversationen hinzuf\u00fcgen, die Erstellung von Tickets und Aufgaben ausl\u00f6sen und vieles mehr. All das k\u00f6nnen Sie in der <a href=\"https:\/\/onedesk.com\/de\/eigenschaften-index\/ueberwachen-sie-die-erstellung-eingehender-tickets\/\">E-Mail-Eingangsanwendung<\/a> nachverfolgen. Sie k\u00f6nnen auch \u00fcberwachen, wer Ihnen diese Mitteilungen gesendet hat und wann, um Sie \u00fcber Ihre Kundenanfragen auf dem Laufenden zu halten.<\/p>\n\t\t\t\t\t\t\t\t<\/div>\n\t\t\t\t<\/div>\n\t\t\t\t\t<\/div>\n\t\t<\/div>\n\t\t\t\t\t<\/div>\n\t\t<\/section>\n\t\t\t\t<\/div>\n\t\t","protected":false},"excerpt":{"rendered":"<p>E-Mail-\u00dcberwachung Ein- und ausgehende E-Mail-\u00dcberwachung Sign up free! Antworten basierend auf Keyword-Triggern erstellen OneDesk stellt sicher, dass Sie alle E-Mail-Aktivit\u00e4ten transparent \u00fcberwachen k\u00f6nnen. Wir sorgen daf\u00fcr, dass Sie ganz beruhigt alle ein- und ausgehenden E-Mail-Nachrichten verfolgen, sehen k\u00f6nnen, was an wen gesendet wurde und welche Aktionen bestimmte eingehende E-Mails in OneDesk ausl\u00f6sen. Wir zeigen Ihnen [&hellip;]<\/p>\n","protected":false},"author":27,"featured_media":0,"parent":151676,"menu_order":44,"comment_status":"closed","ping_status":"closed","template":"","meta":{"tpgb_global_settings":"","_crdt_document":"","inline_featured_image":false,"site-sidebar-layout":"default","site-content-layout":"","ast-site-content-layout":"default","site-content-style":"default","site-sidebar-style":"default","ast-global-header-display":"","ast-banner-title-visibility":"","ast-main-header-display":"","ast-hfb-above-header-display":"","ast-hfb-below-header-display":"","ast-hfb-mobile-header-display":"","site-post-title":"","ast-breadcrumbs-content":"","ast-featured-img":"","footer-sml-layout":"","ast-disable-related-posts":"","theme-transparent-header-meta":"","adv-header-id-meta":"","stick-header-meta":"","header-above-stick-meta":"","header-main-stick-meta":"","header-below-stick-meta":"","astra-migrate-meta-layouts":"default","ast-page-background-enabled":"default","ast-page-background-meta":{"desktop":{"background-color":"var(--ast-global-color-4)","background-image":"","background-repeat":"repeat","background-position":"center center","background-size":"auto","background-attachment":"scroll","background-type":"","background-media":"","overlay-type":"","overlay-color":"","overlay-opacity":"","overlay-gradient":""},"tablet":{"background-color":"","background-image":"","background-repeat":"repeat","background-position":"center center","background-size":"auto","background-attachment":"scroll","background-type":"","background-media":"","overlay-type":"","overlay-color":"","overlay-opacity":"","overlay-gradient":""},"mobile":{"background-color":"","background-image":"","background-repeat":"repeat","background-position":"center center","background-size":"auto","background-attachment":"scroll","background-type":"","background-media":"","overlay-type":"","overlay-color":"","overlay-opacity":"","overlay-gradient":""}},"ast-content-background-meta":{"desktop":{"background-color":"var(--ast-global-color-5)","background-image":"","background-repeat":"repeat","background-position":"center center","background-size":"auto","background-attachment":"scroll","background-type":"","background-media":"","overlay-type":"","overlay-color":"","overlay-opacity":"","overlay-gradient":""},"tablet":{"background-color":"var(--ast-global-color-5)","background-image":"","background-repeat":"repeat","background-position":"center center","background-size":"auto","background-attachment":"scroll","background-type":"","background-media":"","overlay-type":"","overlay-color":"","overlay-opacity":"","overlay-gradient":""},"mobile":{"background-color":"var(--ast-global-color-5)","background-image":"","background-repeat":"repeat","background-position":"center center","background-size":"auto","background-attachment":"scroll","background-type":"","background-media":"","overlay-type":"","overlay-color":"","overlay-opacity":"","overlay-gradient":""}},"footnotes":""},"class_list":["post-154980","page","type-page","status-publish","hentry"],"yoast_head":"<!-- This site is optimized with the Yoast SEO Premium plugin v27.6 (Yoast SEO v27.6) - https:\/\/yoast.com\/product\/yoast-seo-premium-wordpress\/ -->\n<title>E-Mail-\u00dcberwachung | OneDesk HelpDesk- und Projektmanagement-App<\/title>\n<meta name=\"description\" content=\"OneDesk ist eine Helpdesk- und Projektmanagementsoftware. \u00dcberwachen Sie ein- und ausgehende E-Mails und sorgen Sie f\u00fcr eine sichere E-Mail-Kommunikation.\" \/>\n<meta name=\"robots\" content=\"index, follow, max-snippet:-1, max-image-preview:large, max-video-preview:-1\" \/>\n<link rel=\"canonical\" href=\"https:\/\/onedesk.com\/de\/features-index\/e-mail-ueberwachung\/\" \/>\n<meta property=\"og:locale\" content=\"de_DE\" \/>\n<meta property=\"og:type\" content=\"article\" \/>\n<meta property=\"og:title\" content=\"E-Mail-\u00dcberwachung | OneDesk HelpDesk- und Projektmanagement-App\" \/>\n<meta property=\"og:description\" content=\"OneDesk ist eine Helpdesk- und Projektmanagementsoftware. \u00dcberwachen Sie ein- und ausgehende E-Mails und sorgen Sie f\u00fcr eine sichere E-Mail-Kommunikation.\" \/>\n<meta property=\"og:url\" content=\"https:\/\/onedesk.com\/de\/features-index\/e-mail-ueberwachung\/\" \/>\n<meta property=\"og:site_name\" content=\"OneDesk\" \/>\n<meta property=\"article:publisher\" content=\"https:\/\/www.facebook.com\/OneDeskApp\" \/>\n<meta property=\"article:modified_time\" content=\"2023-08-08T19:06:40+00:00\" \/>\n<meta property=\"og:image\" content=\"https:\/\/onedesk.com\/wp-content\/uploads\/2016\/01\/EmailMonitoring.png\" \/>\n<meta name=\"twitter:card\" content=\"summary_large_image\" \/>\n<meta name=\"twitter:site\" content=\"@OneDeskApp\" \/>\n<meta name=\"twitter:label1\" content=\"Est. reading time\" \/>\n\t<meta name=\"twitter:data1\" content=\"1 minute\" \/>\n<!-- \/ Yoast SEO Premium plugin. -->","yoast_head_json":{"title":"E-Mail-\u00dcberwachung | OneDesk HelpDesk- und Projektmanagement-App","description":"OneDesk ist eine Helpdesk- und Projektmanagementsoftware. \u00dcberwachen Sie ein- und ausgehende E-Mails und sorgen Sie f\u00fcr eine sichere E-Mail-Kommunikation.","robots":{"index":"index","follow":"follow","max-snippet":"max-snippet:-1","max-image-preview":"max-image-preview:large","max-video-preview":"max-video-preview:-1"},"canonical":"https:\/\/onedesk.com\/de\/features-index\/e-mail-ueberwachung\/","og_locale":"de_DE","og_type":"article","og_title":"E-Mail-\u00dcberwachung | OneDesk HelpDesk- und Projektmanagement-App","og_description":"OneDesk ist eine Helpdesk- und Projektmanagementsoftware. \u00dcberwachen Sie ein- und ausgehende E-Mails und sorgen Sie f\u00fcr eine sichere E-Mail-Kommunikation.","og_url":"https:\/\/onedesk.com\/de\/features-index\/e-mail-ueberwachung\/","og_site_name":"OneDesk","article_publisher":"https:\/\/www.facebook.com\/OneDeskApp","article_modified_time":"2023-08-08T19:06:40+00:00","og_image":[{"url":"https:\/\/onedesk.com\/wp-content\/uploads\/2016\/01\/EmailMonitoring.png","type":"","width":"","height":""}],"twitter_card":"summary_large_image","twitter_site":"@OneDeskApp","twitter_misc":{"Est. reading time":"1 minute"},"schema":{"@context":"https:\/\/schema.org","@graph":[{"@type":"WebPage","@id":"https:\/\/onedesk.com\/de\/features-index\/e-mail-ueberwachung\/","url":"https:\/\/onedesk.com\/de\/features-index\/e-mail-ueberwachung\/","name":"E-Mail-\u00dcberwachung | OneDesk HelpDesk- und Projektmanagement-App","isPartOf":{"@id":"https:\/\/onedesk.com\/de\/#website"},"primaryImageOfPage":{"@id":"https:\/\/onedesk.com\/de\/features-index\/e-mail-ueberwachung\/#primaryimage"},"image":{"@id":"https:\/\/onedesk.com\/de\/features-index\/e-mail-ueberwachung\/#primaryimage"},"thumbnailUrl":"https:\/\/onedesk.com\/wp-content\/uploads\/2016\/01\/EmailMonitoring.png","datePublished":"2021-12-20T16:02:06+00:00","dateModified":"2023-08-08T19:06:40+00:00","description":"OneDesk ist eine Helpdesk- und Projektmanagementsoftware. \u00dcberwachen Sie ein- und ausgehende E-Mails und sorgen Sie f\u00fcr eine sichere E-Mail-Kommunikation.","breadcrumb":{"@id":"https:\/\/onedesk.com\/de\/features-index\/e-mail-ueberwachung\/#breadcrumb"},"inLanguage":"de-DE","potentialAction":[{"@type":"ReadAction","target":["https:\/\/onedesk.com\/de\/features-index\/e-mail-ueberwachung\/"]}]},{"@type":"ImageObject","inLanguage":"de-DE","@id":"https:\/\/onedesk.com\/de\/features-index\/e-mail-ueberwachung\/#primaryimage","url":"https:\/\/onedesk.com\/wp-content\/uploads\/2016\/01\/EmailMonitoring.png","contentUrl":"https:\/\/onedesk.com\/wp-content\/uploads\/2016\/01\/EmailMonitoring.png"},{"@type":"BreadcrumbList","@id":"https:\/\/onedesk.com\/de\/features-index\/e-mail-ueberwachung\/#breadcrumb","itemListElement":[{"@type":"ListItem","position":1,"name":"OneDesk-Funktionsindex","item":"https:\/\/onedesk.com\/de\/features-index\/"},{"@type":"ListItem","position":2,"name":"E-Mail-\u00dcberwachung"}]},{"@type":"WebSite","@id":"https:\/\/onedesk.com\/de\/#website","url":"https:\/\/onedesk.com\/de\/","name":"OneDesk","description":"Projektmanagement- und Helpdesk-Software","publisher":{"@id":"https:\/\/onedesk.com\/de\/#organization"},"potentialAction":[{"@type":"SearchAction","target":{"@type":"EntryPoint","urlTemplate":"https:\/\/onedesk.com\/de\/?s={search_term_string}"},"query-input":{"@type":"PropertyValueSpecification","valueRequired":true,"valueName":"search_term_string"}}],"inLanguage":"de-DE"},{"@type":"Organization","@id":"https:\/\/onedesk.com\/de\/#organization","name":"OneDesk","url":"https:\/\/onedesk.com\/de\/","logo":{"@type":"ImageObject","inLanguage":"de-DE","@id":"https:\/\/onedesk.com\/de\/#\/schema\/logo\/image\/","url":"https:\/\/onedesk.com\/wp-content\/uploads\/2016\/01\/white-logo-small.png","contentUrl":"https:\/\/onedesk.com\/wp-content\/uploads\/2016\/01\/white-logo-small.png","width":207,"height":40,"caption":"OneDesk"},"image":{"@id":"https:\/\/onedesk.com\/de\/#\/schema\/logo\/image\/"},"sameAs":["https:\/\/www.facebook.com\/OneDeskApp","https:\/\/x.com\/OneDeskApp","https:\/\/www.instagram.com\/onedeskapp\/","https:\/\/www.linkedin.com\/company\/onedesk-inc-1","https:\/\/www.pinterest.com\/onedesk\/","https:\/\/www.youtube.com\/user\/OneDeskApp"]}]}},"tpgb_featured_images":null,"tpgb_post_meta_info":{"get_date":"December 20, 2021","get_modified_date":"August 8, 2023","author_name":"Sabrin Yusef","author_url":"https:\/\/onedesk.com\/de\/author\/sarbin-yusef\/","author_email":"sabrin.yusef@onedesk.com","author_website":"","author_description":"","author_facebook":"","author_twitter":"","author_instagram":"","author_role":["customer"],"author_firstname":"Sabrin","author_lastname":"Yusef","user_login":"sarbin.yusef","author_avatar":"<img alt='' src='https:\/\/secure.gravatar.com\/avatar\/1f20332b0900369c93c9c272e03885bde073bf214b3dd3eb4bea569a45bea588?s=200&#038;d=mm&#038;r=g' srcset='https:\/\/secure.gravatar.com\/avatar\/1f20332b0900369c93c9c272e03885bde073bf214b3dd3eb4bea569a45bea588?s=400&#038;d=mm&#038;r=g 2x' class='avatar avatar-200 photo' height='200' width='200' decoding='async'\/>","author_avatar_url":"https:\/\/secure.gravatar.com\/avatar\/1f20332b0900369c93c9c272e03885bde073bf214b3dd3eb4bea569a45bea588?s=96&d=mm&r=g","comment_count":0,"post_likes":0,"post_views":0},"tpgb_post_category":[],"jetpack_shortlink":"https:\/\/wp.me\/PfpPaI-EjG","amp_enabled":true,"_links":{"self":[{"href":"https:\/\/onedesk.com\/de\/wp-json\/wp\/v2\/pages\/154980","targetHints":{"allow":["GET"]}}],"collection":[{"href":"https:\/\/onedesk.com\/de\/wp-json\/wp\/v2\/pages"}],"about":[{"href":"https:\/\/onedesk.com\/de\/wp-json\/wp\/v2\/types\/page"}],"author":[{"embeddable":true,"href":"https:\/\/onedesk.com\/de\/wp-json\/wp\/v2\/users\/27"}],"replies":[{"embeddable":true,"href":"https:\/\/onedesk.com\/de\/wp-json\/wp\/v2\/comments?post=154980"}],"version-history":[{"count":7,"href":"https:\/\/onedesk.com\/de\/wp-json\/wp\/v2\/pages\/154980\/revisions"}],"predecessor-version":[{"id":253016,"href":"https:\/\/onedesk.com\/de\/wp-json\/wp\/v2\/pages\/154980\/revisions\/253016"}],"up":[{"embeddable":true,"href":"https:\/\/onedesk.com\/de\/wp-json\/wp\/v2\/pages\/151676"}],"wp:attachment":[{"href":"https:\/\/onedesk.com\/de\/wp-json\/wp\/v2\/media?parent=154980"}],"curies":[{"name":"wp","href":"https:\/\/api.w.org\/{rel}","templated":true}]}}