{"id":155697,"date":"2021-12-20T16:10:10","date_gmt":"2021-12-20T16:10:10","guid":{"rendered":"https:\/\/onedesk.com\/eigenschaften-index\/app\/"},"modified":"2023-12-22T20:39:41","modified_gmt":"2023-12-22T20:39:41","slug":"app","status":"publish","type":"page","link":"https:\/\/onedesk.com\/de\/features-index\/app\/","title":{"rendered":"App"},"content":{"rendered":"\t\t<div data-elementor-type=\"wp-page\" data-elementor-id=\"155697\" class=\"elementor elementor-155697 elementor-118961\" data-elementor-post-type=\"page\">\n\t\t\t\t\t\t<section class=\"elementor-section elementor-top-section elementor-element elementor-element-7ac8edbf elementor-section-boxed elementor-section-height-default elementor-section-height-default\" data-id=\"7ac8edbf\" data-element_type=\"section\" data-e-type=\"section\">\n\t\t\t\t\t\t<div class=\"elementor-container elementor-column-gap-default\">\n\t\t\t\t\t<div class=\"elementor-column elementor-col-100 elementor-top-column elementor-element elementor-element-2a0cedcf\" data-id=\"2a0cedcf\" data-element_type=\"column\" data-e-type=\"column\">\n\t\t\t<div class=\"elementor-widget-wrap elementor-element-populated\">\n\t\t\t\t\t\t<div class=\"elementor-element elementor-element-149fd937 elementor-widget elementor-widget-heading\" data-id=\"149fd937\" data-element_type=\"widget\" data-e-type=\"widget\" data-widget_type=\"heading.default\">\n\t\t\t\t<div class=\"elementor-widget-container\">\n\t\t\t\t\t<h1 class=\"elementor-heading-title elementor-size-default\">App<\/h1>\t\t\t\t<\/div>\n\t\t\t\t<\/div>\n\t\t\t\t<div class=\"elementor-element elementor-element-2448c41a elementor-widget elementor-widget-text-editor\" data-id=\"2448c41a\" data-element_type=\"widget\" data-e-type=\"widget\" data-widget_type=\"text-editor.default\">\n\t\t\t\t<div class=\"elementor-widget-container\">\n\t\t\t\t\t\t\t\t\t<p>Kommunizieren, zusammenarbeiten und arbeiten \u2013 von \u00fcberall aus.<\/p>\n\t\t\t\t\t\t\t\t<\/div>\n\t\t\t\t<\/div>\n\t\t\t\t<div class=\"elementor-element elementor-element-fd85502 elementor-align-center elementor-widget elementor-widget-global elementor-global-239885 elementor-global-131872 elementor-widget-button\" data-id=\"fd85502\" data-element_type=\"widget\" data-e-type=\"widget\" data-widget_type=\"button.default\">\n\t\t\t\t<div class=\"elementor-widget-container\">\n\t\t\t\t\t\t\t\t\t<div class=\"elementor-button-wrapper\">\n\t\t\t\t\t<a class=\"elementor-button elementor-button-link elementor-size-lg elementor-animation-grow\" href=\"https:\/\/onedesk.com\/de\/melde-dich-kostenlos-an\/\">\n\t\t\t\t\t\t<span class=\"elementor-button-content-wrapper\">\n\t\t\t\t\t\t\t\t\t<span class=\"elementor-button-text\">Melde dich kostenlos an!<\/span>\n\t\t\t\t\t<\/span>\n\t\t\t\t\t<\/a>\n\t\t\t\t<\/div>\n\t\t\t\t\t\t\t\t<\/div>\n\t\t\t\t<\/div>\n\t\t\t\t\t<\/div>\n\t\t<\/div>\n\t\t\t\t\t<\/div>\n\t\t<\/section>\n\t\t\t\t<section class=\"elementor-section elementor-top-section elementor-element elementor-element-1e7e707d elementor-section-boxed elementor-section-height-default elementor-section-height-default\" data-id=\"1e7e707d\" data-element_type=\"section\" data-e-type=\"section\">\n\t\t\t\t\t\t<div class=\"elementor-container elementor-column-gap-default\">\n\t\t\t\t\t<div class=\"elementor-column elementor-col-50 elementor-top-column elementor-element elementor-element-235db28\" data-id=\"235db28\" data-element_type=\"column\" data-e-type=\"column\">\n\t\t\t<div class=\"elementor-widget-wrap elementor-element-populated\">\n\t\t\t\t\t\t<div class=\"elementor-element elementor-element-2db529a elementor-widget elementor-widget-image\" data-id=\"2db529a\" data-element_type=\"widget\" data-e-type=\"widget\" data-widget_type=\"image.default\">\n\t\t\t\t<div class=\"elementor-widget-container\">\n\t\t\t\t\t\t\t\t\t\t\t\t\t\t\t<img fetchpriority=\"high\" decoding=\"async\" width=\"391\" height=\"772\" src=\"https:\/\/onedesk.com\/wp-content\/uploads\/2022\/07\/Mobile-TIckets-View-l.webp\" class=\"attachment-large size-large wp-image-237632\" alt=\"Listenansicht f\u00fcr mobile Tickets\" srcset=\"https:\/\/onedesk.com\/wp-content\/uploads\/2022\/07\/Mobile-TIckets-View-l.webp 391w, https:\/\/onedesk.com\/wp-content\/uploads\/2022\/07\/Mobile-TIckets-View-l-152x300.webp 152w\" sizes=\"(max-width: 391px) 100vw, 391px\" \/>\t\t\t\t\t\t\t\t\t\t\t\t\t\t\t<\/div>\n\t\t\t\t<\/div>\n\t\t\t\t\t<\/div>\n\t\t<\/div>\n\t\t\t\t<div class=\"elementor-column elementor-col-50 elementor-top-column elementor-element elementor-element-4f4f7c13\" data-id=\"4f4f7c13\" data-element_type=\"column\" data-e-type=\"column\">\n\t\t\t<div class=\"elementor-widget-wrap elementor-element-populated\">\n\t\t\t\t\t\t<div class=\"elementor-element elementor-element-b19523e elementor-widget elementor-widget-heading\" data-id=\"b19523e\" data-element_type=\"widget\" data-e-type=\"widget\" data-widget_type=\"heading.default\">\n\t\t\t\t<div class=\"elementor-widget-container\">\n\t\t\t\t\t<h2 class=\"elementor-heading-title elementor-size-default\">Mobiles Ticket- und Aufgabenmanagement<\/h2>\t\t\t\t<\/div>\n\t\t\t\t<\/div>\n\t\t\t\t<div class=\"elementor-element elementor-element-23d85995 elementor-widget elementor-widget-text-editor\" data-id=\"23d85995\" data-element_type=\"widget\" data-e-type=\"widget\" data-widget_type=\"text-editor.default\">\n\t\t\t\t<div class=\"elementor-widget-container\">\n\t\t\t\t\t\t\t\t\t<p>Mit OneDesk k\u00f6nnen Sie \u00fcber eine mobile App auf Ihre t\u00e4gliche Arbeit zugreifen. Es ist sowohl f\u00fcr iOS als auch f\u00fcr Android verf\u00fcgbar. Stellen Sie eine Verbindung zu Ihrem OneDesk-Konto her. Ihr Team kann bequem von unterwegs auf seine Gespr\u00e4che, <a href=\"https:\/\/onedesk.com\/de\/videos\/was-ist-der-unterschied-zwischen-tickets-und-aufgaben\/\">Tickets und Aufgaben<\/a> (Elemente) zugreifen.<\/p>\n<p>Hier sind einige der Dinge, die Sie mit der mobilen OneDesk-App tun k\u00f6nnen:<\/p>\n<ul>\n<li>Greifen Sie auf Ihre zugewiesenen Elemente zu und aktualisieren Sie sie<\/li>\n<li>Protokollieren Sie Stunden f\u00fcr Ihre Arbeitsaufgaben mit <a href=\"https:\/\/onedesk.com\/features-index\/tracking-work\/\">Timern und Stundenzetteln<\/a><\/li>\n<li>Beteiligen Sie sich an Diskussionen mit Ihrem Team und Ihren Kunden \u00fcber verfolgte Artikel<\/li>\n<li>Antwort an Kunden &amp; Kollegen<\/li>\n<li>Erstellen Sie neue Artikel<\/li>\n<\/ul>\n\t\t\t\t\t\t\t\t<\/div>\n\t\t\t\t<\/div>\n\t\t\t\t\t<\/div>\n\t\t<\/div>\n\t\t\t\t\t<\/div>\n\t\t<\/section>\n\t\t\t\t<section class=\"elementor-section elementor-top-section elementor-element elementor-element-2656775 elementor-section-boxed elementor-section-height-default elementor-section-height-default\" data-id=\"2656775\" data-element_type=\"section\" data-e-type=\"section\">\n\t\t\t\t\t\t<div class=\"elementor-container elementor-column-gap-default\">\n\t\t\t\t\t<div class=\"elementor-column elementor-col-100 elementor-top-column elementor-element elementor-element-5bb59be\" data-id=\"5bb59be\" data-element_type=\"column\" data-e-type=\"column\">\n\t\t\t<div class=\"elementor-widget-wrap elementor-element-populated\">\n\t\t\t\t\t\t<div class=\"elementor-element elementor-element-91f3c9f elementor-widget elementor-widget-heading\" data-id=\"91f3c9f\" data-element_type=\"widget\" data-e-type=\"widget\" data-widget_type=\"heading.default\">\n\t\t\t\t<div class=\"elementor-widget-container\">\n\t\t\t\t\t<h2 class=\"elementor-heading-title elementor-size-default\">Lernmittel<\/h2>\t\t\t\t<\/div>\n\t\t\t\t<\/div>\n\t\t\t\t\t<\/div>\n\t\t<\/div>\n\t\t\t\t\t<\/div>\n\t\t<\/section>\n\t\t\t\t<section class=\"elementor-section elementor-top-section elementor-element elementor-element-5c66939 elementor-section-boxed elementor-section-height-default elementor-section-height-default\" data-id=\"5c66939\" data-element_type=\"section\" data-e-type=\"section\">\n\t\t\t\t\t\t<div class=\"elementor-container elementor-column-gap-default\">\n\t\t\t\t\t<div class=\"elementor-column elementor-col-33 elementor-top-column elementor-element elementor-element-e91ca16\" data-id=\"e91ca16\" data-element_type=\"column\" data-e-type=\"column\" data-settings=\"{&quot;background_background&quot;:&quot;classic&quot;}\">\n\t\t\t<div class=\"elementor-widget-wrap elementor-element-populated\">\n\t\t\t\t\t\t<div class=\"elementor-element elementor-element-1a6603a elementor-widget elementor-widget-heading\" data-id=\"1a6603a\" data-element_type=\"widget\" data-e-type=\"widget\" data-widget_type=\"heading.default\">\n\t\t\t\t<div class=\"elementor-widget-container\">\n\t\t\t\t\t<h3 class=\"elementor-heading-title elementor-size-default\"><a href=\"https:\/\/kb.onedesk.com\/app-od\/o-onedesk\/knowledge-base-1\/article-99ad9b2f-3430-4671-b14f-45e41ea1613b\">Nutzung der mobilen App<\/a><\/h3>\t\t\t\t<\/div>\n\t\t\t\t<\/div>\n\t\t\t\t<div class=\"elementor-element elementor-element-03fdce3 elementor-widget elementor-widget-text-editor\" data-id=\"03fdce3\" data-element_type=\"widget\" data-e-type=\"widget\" data-widget_type=\"text-editor.default\">\n\t\t\t\t<div class=\"elementor-widget-container\">\n\t\t\t\t\t\t\t\t\t<p>Entdecken Sie, wie Sie die Funktionen der mobilen App nutzen k\u00f6nnen.<\/p>\n<p><a href=\"https:\/\/kb.onedesk.com\/app-od\/o-onedesk\/knowledge-base-1\/article-99ad9b2f-3430-4671-b14f-45e41ea1613b\"><strong>Mehr erfahren&gt;&gt;<\/strong><\/a><\/p>\n\t\t\t\t\t\t\t\t<\/div>\n\t\t\t\t<\/div>\n\t\t\t\t\t<\/div>\n\t\t<\/div>\n\t\t\t\t<div class=\"elementor-column elementor-col-33 elementor-top-column elementor-element elementor-element-54169ff\" data-id=\"54169ff\" data-element_type=\"column\" data-e-type=\"column\" data-settings=\"{&quot;background_background&quot;:&quot;classic&quot;}\">\n\t\t\t<div class=\"elementor-widget-wrap elementor-element-populated\">\n\t\t\t\t\t\t<div class=\"elementor-element elementor-element-b856f5c elementor-widget elementor-widget-heading\" data-id=\"b856f5c\" data-element_type=\"widget\" data-e-type=\"widget\" data-widget_type=\"heading.default\">\n\t\t\t\t<div class=\"elementor-widget-container\">\n\t\t\t\t\t<h3 class=\"elementor-heading-title elementor-size-default\"><a href=\"https:\/\/kb.onedesk.com\/app-od\/o-onedesk\/knowledge-base-1\/article-b941abdd-3c1e-468c-b189-65bb35abaee7\">Das mobile Agentenerlebnis<\/a><\/h3>\t\t\t\t<\/div>\n\t\t\t\t<\/div>\n\t\t\t\t<div class=\"elementor-element elementor-element-a9eb27b elementor-widget elementor-widget-text-editor\" data-id=\"a9eb27b\" data-element_type=\"widget\" data-e-type=\"widget\" data-widget_type=\"text-editor.default\">\n\t\t\t\t<div class=\"elementor-widget-container\">\n\t\t\t\t\t\t\t\t\t<p>Auf was k\u00f6nnen Agenten \u00fcber ihr Mobilger\u00e4t zugreifen und welche Aufgaben ausf\u00fchren?<\/p>\n<p><a href=\"https:\/\/kb.onedesk.com\/app-od\/o-onedesk\/knowledge-base-1\/article-b941abdd-3c1e-468c-b189-65bb35abaee7\"><strong>Mehr erfahren&gt;&gt;<\/strong><\/a><\/p>\n\t\t\t\t\t\t\t\t<\/div>\n\t\t\t\t<\/div>\n\t\t\t\t\t<\/div>\n\t\t<\/div>\n\t\t\t\t<div class=\"elementor-column elementor-col-33 elementor-top-column elementor-element elementor-element-f81de68\" data-id=\"f81de68\" data-element_type=\"column\" data-e-type=\"column\" data-settings=\"{&quot;background_background&quot;:&quot;classic&quot;}\">\n\t\t\t<div class=\"elementor-widget-wrap elementor-element-populated\">\n\t\t\t\t\t\t<div class=\"elementor-element elementor-element-356724d elementor-widget elementor-widget-heading\" data-id=\"356724d\" data-element_type=\"widget\" data-e-type=\"widget\" data-widget_type=\"heading.default\">\n\t\t\t\t<div class=\"elementor-widget-container\">\n\t\t\t\t\t<h3 class=\"elementor-heading-title elementor-size-default\"><a href=\"https:\/\/kb.onedesk.com\/app-od\/o-onedesk\/knowledge-base-1\/article-11a53737-e0c1-4ca4-82e1-1409d090bb6a\">Die mobile Browser-App<\/a><\/h3>\t\t\t\t<\/div>\n\t\t\t\t<\/div>\n\t\t\t\t<div class=\"elementor-element elementor-element-67b263e elementor-widget elementor-widget-text-editor\" data-id=\"67b263e\" data-element_type=\"widget\" data-e-type=\"widget\" data-widget_type=\"text-editor.default\">\n\t\t\t\t<div class=\"elementor-widget-container\">\n\t\t\t\t\t\t\t\t\t<p>Agenten k\u00f6nnen f\u00fcr ihre Arbeit auch den mobil reagierenden OneDesk nutzen.<\/p>\n<p><a href=\"https:\/\/kb.onedesk.com\/app-od\/o-onedesk\/knowledge-base-1\/article-11a53737-e0c1-4ca4-82e1-1409d090bb6a\"><strong>Mehr erfahren&gt;&gt;<\/strong><\/a><\/p>\n\t\t\t\t\t\t\t\t<\/div>\n\t\t\t\t<\/div>\n\t\t\t\t\t<\/div>\n\t\t<\/div>\n\t\t\t\t\t<\/div>\n\t\t<\/section>\n\t\t\t\t<\/div>\n\t\t","protected":false},"excerpt":{"rendered":"<p>App Kommunizieren, zusammenarbeiten und arbeiten \u2013 von \u00fcberall aus. Sign up free! Mobiles Ticket- und Aufgabenmanagement Mit OneDesk k\u00f6nnen Sie \u00fcber eine mobile App auf Ihre t\u00e4gliche Arbeit zugreifen. Es ist sowohl f\u00fcr iOS als auch f\u00fcr Android verf\u00fcgbar. Stellen Sie eine Verbindung zu Ihrem OneDesk-Konto her. Ihr Team kann bequem von unterwegs auf seine [&hellip;]<\/p>\n","protected":false},"author":25,"featured_media":0,"parent":151676,"menu_order":23,"comment_status":"closed","ping_status":"closed","template":"","meta":{"tpgb_global_settings":"","_crdt_document":"","inline_featured_image":false,"site-sidebar-layout":"default","site-content-layout":"","ast-site-content-layout":"default","site-content-style":"default","site-sidebar-style":"default","ast-global-header-display":"","ast-banner-title-visibility":"","ast-main-header-display":"","ast-hfb-above-header-display":"","ast-hfb-below-header-display":"","ast-hfb-mobile-header-display":"","site-post-title":"","ast-breadcrumbs-content":"","ast-featured-img":"","footer-sml-layout":"","ast-disable-related-posts":"","theme-transparent-header-meta":"","adv-header-id-meta":"","stick-header-meta":"","header-above-stick-meta":"","header-main-stick-meta":"","header-below-stick-meta":"","astra-migrate-meta-layouts":"default","ast-page-background-enabled":"default","ast-page-background-meta":{"desktop":{"background-color":"var(--ast-global-color-4)","background-image":"","background-repeat":"repeat","background-position":"center center","background-size":"auto","background-attachment":"scroll","background-type":"","background-media":"","overlay-type":"","overlay-color":"","overlay-opacity":"","overlay-gradient":""},"tablet":{"background-color":"","background-image":"","background-repeat":"repeat","background-position":"center center","background-size":"auto","background-attachment":"scroll","background-type":"","background-media":"","overlay-type":"","overlay-color":"","overlay-opacity":"","overlay-gradient":""},"mobile":{"background-color":"","background-image":"","background-repeat":"repeat","background-position":"center center","background-size":"auto","background-attachment":"scroll","background-type":"","background-media":"","overlay-type":"","overlay-color":"","overlay-opacity":"","overlay-gradient":""}},"ast-content-background-meta":{"desktop":{"background-color":"var(--ast-global-color-5)","background-image":"","background-repeat":"repeat","background-position":"center center","background-size":"auto","background-attachment":"scroll","background-type":"","background-media":"","overlay-type":"","overlay-color":"","overlay-opacity":"","overlay-gradient":""},"tablet":{"background-color":"var(--ast-global-color-5)","background-image":"","background-repeat":"repeat","background-position":"center center","background-size":"auto","background-attachment":"scroll","background-type":"","background-media":"","overlay-type":"","overlay-color":"","overlay-opacity":"","overlay-gradient":""},"mobile":{"background-color":"var(--ast-global-color-5)","background-image":"","background-repeat":"repeat","background-position":"center center","background-size":"auto","background-attachment":"scroll","background-type":"","background-media":"","overlay-type":"","overlay-color":"","overlay-opacity":"","overlay-gradient":""}},"footnotes":""},"class_list":["post-155697","page","type-page","status-publish","hentry"],"yoast_head":"<!-- This site is optimized with the Yoast SEO Premium plugin v27.2 (Yoast SEO v27.3) - https:\/\/yoast.com\/product\/yoast-seo-premium-wordpress\/ -->\n<title>Mobile App | OneDesk HelpDesk- und Projektmanagement-Software-App<\/title>\n<meta name=\"description\" content=\"OneDesk ist eine Helpdesk- und Projektmanagementsoftware. Greifen Sie mit unserer praktischen mobilen App unterwegs auf Ihre Tickets, Aufgaben und Mitteilungen zu.\" \/>\n<meta name=\"robots\" content=\"index, follow, max-snippet:-1, max-image-preview:large, max-video-preview:-1\" \/>\n<link rel=\"canonical\" href=\"https:\/\/onedesk.com\/de\/features-index\/app\/\" \/>\n<meta property=\"og:locale\" content=\"de_DE\" \/>\n<meta property=\"og:type\" content=\"article\" \/>\n<meta property=\"og:title\" content=\"Mobile App | OneDesk HelpDesk- und Projektmanagement-Software-App\" \/>\n<meta property=\"og:description\" content=\"OneDesk ist eine Helpdesk- und Projektmanagementsoftware. Greifen Sie mit unserer praktischen mobilen App unterwegs auf Ihre Tickets, Aufgaben und Mitteilungen zu.\" \/>\n<meta property=\"og:url\" content=\"https:\/\/onedesk.com\/de\/features-index\/app\/\" \/>\n<meta property=\"og:site_name\" content=\"OneDesk\" \/>\n<meta property=\"article:publisher\" content=\"https:\/\/www.facebook.com\/OneDeskApp\" \/>\n<meta property=\"article:modified_time\" content=\"2023-12-22T20:39:41+00:00\" \/>\n<meta property=\"og:image\" content=\"https:\/\/onedesk.com\/wp-content\/uploads\/2022\/07\/Mobile-TIckets-View-l.webp\" \/>\n<meta name=\"twitter:card\" content=\"summary_large_image\" \/>\n<meta name=\"twitter:site\" content=\"@OneDeskApp\" \/>\n<meta name=\"twitter:label1\" content=\"Est. reading time\" \/>\n\t<meta name=\"twitter:data1\" content=\"1 minute\" \/>\n<!-- \/ Yoast SEO Premium plugin. -->","yoast_head_json":{"title":"Mobile App | OneDesk HelpDesk- und Projektmanagement-Software-App","description":"OneDesk ist eine Helpdesk- und Projektmanagementsoftware. Greifen Sie mit unserer praktischen mobilen App unterwegs auf Ihre Tickets, Aufgaben und Mitteilungen zu.","robots":{"index":"index","follow":"follow","max-snippet":"max-snippet:-1","max-image-preview":"max-image-preview:large","max-video-preview":"max-video-preview:-1"},"canonical":"https:\/\/onedesk.com\/de\/features-index\/app\/","og_locale":"de_DE","og_type":"article","og_title":"Mobile App | OneDesk HelpDesk- und Projektmanagement-Software-App","og_description":"OneDesk ist eine Helpdesk- und Projektmanagementsoftware. Greifen Sie mit unserer praktischen mobilen App unterwegs auf Ihre Tickets, Aufgaben und Mitteilungen zu.","og_url":"https:\/\/onedesk.com\/de\/features-index\/app\/","og_site_name":"OneDesk","article_publisher":"https:\/\/www.facebook.com\/OneDeskApp","article_modified_time":"2023-12-22T20:39:41+00:00","og_image":[{"url":"https:\/\/onedesk.com\/wp-content\/uploads\/2022\/07\/Mobile-TIckets-View-l.webp","type":"","width":"","height":""}],"twitter_card":"summary_large_image","twitter_site":"@OneDeskApp","twitter_misc":{"Est. reading time":"1 minute"},"schema":{"@context":"https:\/\/schema.org","@graph":[{"@type":"WebPage","@id":"https:\/\/onedesk.com\/de\/features-index\/app\/","url":"https:\/\/onedesk.com\/de\/features-index\/app\/","name":"Mobile App | OneDesk HelpDesk- und Projektmanagement-Software-App","isPartOf":{"@id":"https:\/\/onedesk.com\/de\/#website"},"primaryImageOfPage":{"@id":"https:\/\/onedesk.com\/de\/features-index\/app\/#primaryimage"},"image":{"@id":"https:\/\/onedesk.com\/de\/features-index\/app\/#primaryimage"},"thumbnailUrl":"https:\/\/onedesk.com\/wp-content\/uploads\/2022\/07\/Mobile-TIckets-View-l.webp","datePublished":"2021-12-20T16:10:10+00:00","dateModified":"2023-12-22T20:39:41+00:00","description":"OneDesk ist eine Helpdesk- und Projektmanagementsoftware. Greifen Sie mit unserer praktischen mobilen App unterwegs auf Ihre Tickets, Aufgaben und Mitteilungen zu.","breadcrumb":{"@id":"https:\/\/onedesk.com\/de\/features-index\/app\/#breadcrumb"},"inLanguage":"de-DE","potentialAction":[{"@type":"ReadAction","target":["https:\/\/onedesk.com\/de\/features-index\/app\/"]}]},{"@type":"ImageObject","inLanguage":"de-DE","@id":"https:\/\/onedesk.com\/de\/features-index\/app\/#primaryimage","url":"https:\/\/onedesk.com\/wp-content\/uploads\/2022\/07\/Mobile-TIckets-View-l.webp","contentUrl":"https:\/\/onedesk.com\/wp-content\/uploads\/2022\/07\/Mobile-TIckets-View-l.webp"},{"@type":"BreadcrumbList","@id":"https:\/\/onedesk.com\/de\/features-index\/app\/#breadcrumb","itemListElement":[{"@type":"ListItem","position":1,"name":"OneDesk-Funktionsindex","item":"https:\/\/onedesk.com\/de\/features-index\/"},{"@type":"ListItem","position":2,"name":"App"}]},{"@type":"WebSite","@id":"https:\/\/onedesk.com\/de\/#website","url":"https:\/\/onedesk.com\/de\/","name":"OneDesk","description":"Projektmanagement- und Helpdesk-Software","publisher":{"@id":"https:\/\/onedesk.com\/de\/#organization"},"potentialAction":[{"@type":"SearchAction","target":{"@type":"EntryPoint","urlTemplate":"https:\/\/onedesk.com\/de\/?s={search_term_string}"},"query-input":{"@type":"PropertyValueSpecification","valueRequired":true,"valueName":"search_term_string"}}],"inLanguage":"de-DE"},{"@type":"Organization","@id":"https:\/\/onedesk.com\/de\/#organization","name":"OneDesk","url":"https:\/\/onedesk.com\/de\/","logo":{"@type":"ImageObject","inLanguage":"de-DE","@id":"https:\/\/onedesk.com\/de\/#\/schema\/logo\/image\/","url":"https:\/\/onedesk.com\/wp-content\/uploads\/2016\/01\/white-logo-small.png","contentUrl":"https:\/\/onedesk.com\/wp-content\/uploads\/2016\/01\/white-logo-small.png","width":207,"height":40,"caption":"OneDesk"},"image":{"@id":"https:\/\/onedesk.com\/de\/#\/schema\/logo\/image\/"},"sameAs":["https:\/\/www.facebook.com\/OneDeskApp","https:\/\/x.com\/OneDeskApp","https:\/\/www.instagram.com\/onedeskapp\/","https:\/\/www.linkedin.com\/company\/onedesk-inc-1","https:\/\/www.pinterest.com\/onedesk\/","https:\/\/www.youtube.com\/user\/OneDeskApp"]}]}},"tpgb_featured_images":null,"tpgb_post_meta_info":{"get_date":"December 20, 2021","get_modified_date":"December 22, 2023","author_name":"Kenneth Lim","author_url":"https:\/\/onedesk.com\/de\/author\/ken-lim\/","author_email":"ken.lim@onedesk.com","author_website":"","author_description":"","author_facebook":"","author_twitter":"","author_instagram":"","author_role":["subscriber"],"author_firstname":"Kenneth","author_lastname":"Lim","user_login":"ken.lim","author_avatar":"<img alt='' src='https:\/\/secure.gravatar.com\/avatar\/a4ec21f0334373cadb0a505588ce84b318527287a4e82901cc7c9b983073d3e7?s=200&#038;d=mm&#038;r=g' srcset='https:\/\/secure.gravatar.com\/avatar\/a4ec21f0334373cadb0a505588ce84b318527287a4e82901cc7c9b983073d3e7?s=400&#038;d=mm&#038;r=g 2x' class='avatar avatar-200 photo' height='200' width='200' decoding='async'\/>","author_avatar_url":"https:\/\/secure.gravatar.com\/avatar\/a4ec21f0334373cadb0a505588ce84b318527287a4e82901cc7c9b983073d3e7?s=96&d=mm&r=g","comment_count":0,"post_likes":0,"post_views":0},"tpgb_post_category":[],"jetpack_shortlink":"https:\/\/wp.me\/PfpPaI-Evf","amp_enabled":true,"_links":{"self":[{"href":"https:\/\/onedesk.com\/de\/wp-json\/wp\/v2\/pages\/155697","targetHints":{"allow":["GET"]}}],"collection":[{"href":"https:\/\/onedesk.com\/de\/wp-json\/wp\/v2\/pages"}],"about":[{"href":"https:\/\/onedesk.com\/de\/wp-json\/wp\/v2\/types\/page"}],"author":[{"embeddable":true,"href":"https:\/\/onedesk.com\/de\/wp-json\/wp\/v2\/users\/25"}],"replies":[{"embeddable":true,"href":"https:\/\/onedesk.com\/de\/wp-json\/wp\/v2\/comments?post=155697"}],"version-history":[{"count":7,"href":"https:\/\/onedesk.com\/de\/wp-json\/wp\/v2\/pages\/155697\/revisions"}],"predecessor-version":[{"id":264700,"href":"https:\/\/onedesk.com\/de\/wp-json\/wp\/v2\/pages\/155697\/revisions\/264700"}],"up":[{"embeddable":true,"href":"https:\/\/onedesk.com\/de\/wp-json\/wp\/v2\/pages\/151676"}],"wp:attachment":[{"href":"https:\/\/onedesk.com\/de\/wp-json\/wp\/v2\/media?parent=155697"}],"curies":[{"name":"wp","href":"https:\/\/api.w.org\/{rel}","templated":true}]}}