{"id":157764,"date":"2021-12-21T21:44:03","date_gmt":"2021-12-21T21:44:03","guid":{"rendered":"https:\/\/onedesk.com\/onedesk-security-2\/"},"modified":"2021-12-21T21:44:03","modified_gmt":"2021-12-21T21:44:03","slug":"onedesk-security-2","status":"publish","type":"page","link":"https:\/\/onedesk.com\/de\/onedesk-security-2\/","title":{"rendered":"OneDesk-Sicherheit und Datenschutz"},"content":{"rendered":"<p>OneDesk ist sich der Bedeutung von Sicherheit und Datenschutz bewusst. Aus diesem Grund legen wir gro\u00dfen Wert auf den Schutz und die Sicherung der Daten unserer Kunden. OneDesk verwendet eine Vielzahl von Sicherheitsma\u00dfnahmen, um sicherzustellen, dass Ihre Daten jederzeit gesch\u00fctzt sind:<br \/>\n<\/br><br \/>\n<\/br><\/p>\n<h2>OneDesk wird auf AWS gehostet<\/h2>\n<p>Die OneDesk-Server werden auf Amazon Web Services (AWS) in den USA gehostet. In diesen sicheren Einrichtungen hosten viele der weltweit gr\u00f6\u00dften Unternehmen ihre Daten und Dienste. AWS h\u00e4lt sich an mehrere Sicherheitsstandards und Compliance-Zertifizierungen wie PCI-DSS, HIPAA\/HITECH, FedRAMP, DSGVO, FIPS 140-2 und NIST 800-171. Weitere Informationen zur Sicherheit von AWS finden Sie <a href=\"https:\/\/aws.amazon.com\/security\/\">hier<\/a> .<br \/>\n<\/br><br \/>\n<\/br><\/p>\n<h2>SSL-Verschl\u00fcsselung<\/h2>\n<p>OneDesk \u00fcbertr\u00e4gt Daten vollst\u00e4ndig \u00fcber SSL (Secure Sockets Layer). OneDesk verwendet das SSL-Verschl\u00fcsselungssicherheitsprotokoll, um sicherzustellen, dass Ihre Daten verschl\u00fcsselt werden, wenn sie zwischen unserem System und Ihren Computern und Ger\u00e4ten \u00fcbertragen werden. Kabelgebundene Daten werden w\u00e4hrend der \u00dcbertragung immer verschl\u00fcsselt, um sicherzustellen, dass Ihre Informationen gesch\u00fctzt sind.<br \/>\n<\/br><br \/>\n<\/br><\/p>\n<h2>Verschl\u00fcsselte Zugangsdaten<\/h2>\n<p>OneDesk bietet auch Schutz f\u00fcr Ihre Benutzernamen und Passw\u00f6rter. W\u00e4hrend diese Informationen auf unseren Servern gespeichert werden, werden sie verschl\u00fcsselt, um ihren Schutz zu gew\u00e4hrleisten.<br \/>\n<\/br><br \/>\n<\/br><\/p>\n<h2>Cloud-Backups f\u00fcr Ihre Daten<\/h2>\n<p>OneDesk plant und f\u00fchrt alle 6 Stunden ein Cloud-Backup aller Ihrer Daten in unserem System durch. Dies soll sicherstellen, dass Sie bei Problemen in unserem System nicht mehr als 6 Stunden Daten verlieren (bis heute ist dieser Datenverlust noch nie aufgetreten). Als zus\u00e4tzliche Ma\u00dfnahme k\u00f6nnen Ihre auf den OneDesk-Servern gespeicherten Workitems mithilfe unserer Exportansichts- und Berichtsfunktionen jederzeit auch in CSV exportiert werden. Auf diese Weise k\u00f6nnen Sie bei Bedarf Ihre eigenen Backups erstellen.<br \/>\n<\/br><br \/>\n<\/br><\/p>\n<h2>Keine gespeicherten Kreditkarteninformationen<\/h2>\n<p>Wenn Sie ein kostenpflichtiges Abonnement f\u00fcr OneDesk haben, wird die Kreditkartenverarbeitung von Stripe, einem Drittanbieter f\u00fcr die Online-Zahlungsabwicklung, durchgef\u00fchrt. OneDesk zeichnet niemals Kreditkarteninformationen auf. Dadurch wird die Einhaltung des Payment Card Industry Data Security Standards (PCI DSS) gew\u00e4hrleistet. <a href=\"https:\/\/stripe.com\/docs\/security\/stripe\">Hier<\/a> erfahren Sie mehr \u00fcber die Sicherheitsma\u00dfnahmen von Stripe.<br \/>\n<\/br><br \/>\n<\/br><\/p>\n<h2>NIST-Standards f\u00fcr Passw\u00f6rter<\/h2>\n<p>OneDesk befolgt die Passwortanforderungen des National Institute of Standards and Technology (NIST). OneDesk ist sich bewusst, dass starke Passw\u00f6rter die Sicherheit Ihrer Daten verbessern. Daher stellen wir sicher, dass die Daten unserer Kunden durch Passw\u00f6rter gesch\u00fctzt sind, die den NIST-Richtlinien in 800-63B entsprechen, die hier zu finden <a href=\"https:\/\/pages.nist.gov\/800-63-3\/sp800-63b.html\">sind<\/a> .<br \/>\n<\/br><br \/>\n<\/br><\/p>\n<h2>Erzwungenes Sitzungs-Timeout (optional)<\/h2>\n<p>Wir wissen, dass unsere Kunden andere Priorit\u00e4ten haben, die dazu f\u00fchren k\u00f6nnen, dass sie OneDesk unbeaufsichtigt in einem Webbrowser ge\u00f6ffnet lassen. Aus diesem Grund erzwingen wir Sitzungs-Timeouts, die Sie automatisch von OneDesk abmelden, wenn Sie Ihren Schreibtisch f\u00fcr eine gewisse Zeit unbeaufsichtigt lassen. Beachten Sie, dass dies eine optionale Sicherheitsfunktion ist, die Sie deaktivieren k\u00f6nnen.<br \/>\n<\/br><br \/>\n<\/br><\/p>\n<h2>Lokale und private Cloud-Bereitstellung<\/h2>\n<p>Wenn Sie die Sicherheit selbst verwalten m\u00f6chten oder aus Compliance-Gr\u00fcnden dazu verpflichtet sind, bieten wir eine On-Premise- oder Private-Cloud-Bereitstellung an. F\u00fcr die private Cloud wird sie auf AWS oder Microsoft Azure gehostet. Wir bieten auch On-Premise an, wenn Sie auf Ihren eigenen Servern hosten m\u00f6chten. F\u00fcr diese Optionen gelten Mindestnutzungsanforderungen und separate Preise. Kontaktieren Sie uns f\u00fcr weitere Details.<br \/>\n<\/br><br \/>\n<\/br><\/p>\n<h2>Privatsph\u00e4re<\/h2>\n<p>OneDesk k\u00fcmmert sich sehr um Ihre Privatsph\u00e4re. <a href=\"https:\/\/onedesk.com\/gdpr\/\">Hier<\/a> erfahren Sie mehr \u00fcber unsere DSGVO-Compliance. Sie k\u00f6nnen auch unsere <a href=\"https:\/\/onedesk.com\/privacy-policy\/\">Datenschutzerkl\u00e4rung<\/a> lesen.<br \/>\n<\/br><br \/>\n<\/br><\/p>\n<h2>Single-Sign-On-Funktionen<\/h2>\n<p>OneDesk implementiert SAML Version 2.0, Open ID Connect und andere Identit\u00e4tsanbieter, damit Sie Single Sign-On (SSO) f\u00fcr Ihre Benutzer und Kunden aktivieren k\u00f6nnen. Wir integrieren auch in Azure Active Directory. SSO-Funktionen reduzieren die Anzahl der Angriffsfl\u00e4chen, wenn Ihre Benutzer und Kunden nur einen Satz von Anmeldeinformationen verwenden.<br \/>\n<\/br><br \/>\n<\/br><\/p>\n<h2>Interne Zugriffsberechtigungen<\/h2>\n<p>OneDesk erm\u00f6glicht Ihnen das Festlegen von Zugriffsberechtigungen auf Anwendungsebene innerhalb der OneDesk-App. Dadurch wird sichergestellt, dass Sie die Kontrolle dar\u00fcber haben, welche Anwendungen Ihre internen Benutzer verwenden k\u00f6nnen und was sie in diesen Anwendungen tun k\u00f6nnen.<br \/>\n<\/br><br \/>\n<\/br><\/p>\n<h2>FedRAMP-Konformit\u00e4t<\/h2>\n<p>Obwohl OneDesk keine unabh\u00e4ngige FedRAMP-Autorisierung hat, werden wir auf Amazon Web Services in der Region USA-Ost gehostet. <a href=\"https:\/\/aws.amazon.com\/compliance\/fedramp\/\">AWS ist in dieser Region FedRAMP-kompatibel<\/a> .<\/p>\n<p><a href=\"https:\/\/onedesk.com\/terms-and-conditions\/\">Lesen Sie unsere Allgemeinen Gesch\u00e4ftsbedingungen.<\/a><\/p>\n","protected":false},"excerpt":{"rendered":"<p>OneDesk ist sich der Bedeutung von Sicherheit und Datenschutz bewusst. Aus diesem Grund legen wir gro\u00dfen Wert auf den Schutz und die Sicherung der Daten unserer Kunden. OneDesk verwendet eine Vielzahl von Sicherheitsma\u00dfnahmen, um sicherzustellen, dass Ihre Daten jederzeit gesch\u00fctzt sind: OneDesk wird auf AWS gehostet Die OneDesk-Server werden auf Amazon Web Services (AWS) in [&hellip;]<\/p>\n","protected":false},"author":27,"featured_media":0,"parent":0,"menu_order":0,"comment_status":"closed","ping_status":"closed","template":"","meta":{"tpgb_global_settings":"","_crdt_document":"","inline_featured_image":false,"site-sidebar-layout":"default","site-content-layout":"","ast-site-content-layout":"default","site-content-style":"default","site-sidebar-style":"default","ast-global-header-display":"","ast-banner-title-visibility":"","ast-main-header-display":"","ast-hfb-above-header-display":"","ast-hfb-below-header-display":"","ast-hfb-mobile-header-display":"","site-post-title":"","ast-breadcrumbs-content":"","ast-featured-img":"","footer-sml-layout":"","ast-disable-related-posts":"","theme-transparent-header-meta":"","adv-header-id-meta":"","stick-header-meta":"","header-above-stick-meta":"","header-main-stick-meta":"","header-below-stick-meta":"","astra-migrate-meta-layouts":"default","ast-page-background-enabled":"default","ast-page-background-meta":{"desktop":{"background-color":"var(--ast-global-color-4)","background-image":"","background-repeat":"repeat","background-position":"center center","background-size":"auto","background-attachment":"scroll","background-type":"","background-media":"","overlay-type":"","overlay-color":"","overlay-opacity":"","overlay-gradient":""},"tablet":{"background-color":"","background-image":"","background-repeat":"repeat","background-position":"center center","background-size":"auto","background-attachment":"scroll","background-type":"","background-media":"","overlay-type":"","overlay-color":"","overlay-opacity":"","overlay-gradient":""},"mobile":{"background-color":"","background-image":"","background-repeat":"repeat","background-position":"center center","background-size":"auto","background-attachment":"scroll","background-type":"","background-media":"","overlay-type":"","overlay-color":"","overlay-opacity":"","overlay-gradient":""}},"ast-content-background-meta":{"desktop":{"background-color":"var(--ast-global-color-5)","background-image":"","background-repeat":"repeat","background-position":"center center","background-size":"auto","background-attachment":"scroll","background-type":"","background-media":"","overlay-type":"","overlay-color":"","overlay-opacity":"","overlay-gradient":""},"tablet":{"background-color":"var(--ast-global-color-5)","background-image":"","background-repeat":"repeat","background-position":"center center","background-size":"auto","background-attachment":"scroll","background-type":"","background-media":"","overlay-type":"","overlay-color":"","overlay-opacity":"","overlay-gradient":""},"mobile":{"background-color":"var(--ast-global-color-5)","background-image":"","background-repeat":"repeat","background-position":"center center","background-size":"auto","background-attachment":"scroll","background-type":"","background-media":"","overlay-type":"","overlay-color":"","overlay-opacity":"","overlay-gradient":""}},"footnotes":""},"class_list":["post-157764","page","type-page","status-publish","hentry"],"yoast_head":"<!-- This site is optimized with the Yoast SEO Premium plugin v27.2 (Yoast SEO v27.3) - https:\/\/yoast.com\/product\/yoast-seo-premium-wordpress\/ -->\n<title>OneDesk-Sicherheit und Datenschutz - OneDesk - OneDesk<\/title>\n<meta name=\"description\" content=\"OneDesk ist Helpdesk-Software und Projektmanagement-Software in einer Anwendung. Arbeiten Sie mit Ihren Kunden an ihren Projekten und Tickets auf einer einheitlichen Plattform.\" \/>\n<meta name=\"robots\" content=\"index, follow, max-snippet:-1, max-image-preview:large, max-video-preview:-1\" \/>\n<link rel=\"canonical\" href=\"https:\/\/onedesk.com\/de\/onedesk-security-2\/\" \/>\n<meta property=\"og:locale\" content=\"de_DE\" \/>\n<meta property=\"og:type\" content=\"article\" \/>\n<meta property=\"og:title\" content=\"OneDesk-Sicherheit und Datenschutz - OneDesk - OneDesk\" \/>\n<meta property=\"og:description\" content=\"OneDesk ist Helpdesk-Software und Projektmanagement-Software in einer Anwendung. Arbeiten Sie mit Ihren Kunden an ihren Projekten und Tickets auf einer einheitlichen Plattform.\" \/>\n<meta property=\"og:url\" content=\"https:\/\/onedesk.com\/de\/onedesk-security-2\/\" \/>\n<meta property=\"og:site_name\" content=\"OneDesk\" \/>\n<meta property=\"article:publisher\" content=\"https:\/\/www.facebook.com\/OneDeskApp\" \/>\n<meta property=\"og:image\" content=\"https:\/\/onedesk.com\/wp-content\/uploads\/2020\/04\/OneDesk-Logo.png\" \/>\n\t<meta property=\"og:image:width\" content=\"1280\" \/>\n\t<meta property=\"og:image:height\" content=\"800\" \/>\n\t<meta property=\"og:image:type\" content=\"image\/png\" \/>\n<meta name=\"twitter:card\" content=\"summary_large_image\" \/>\n<meta name=\"twitter:site\" content=\"@OneDeskApp\" \/>\n<meta name=\"twitter:label1\" content=\"Est. reading time\" \/>\n\t<meta name=\"twitter:data1\" content=\"3 minutes\" \/>\n<!-- \/ Yoast SEO Premium plugin. -->","yoast_head_json":{"title":"OneDesk-Sicherheit und Datenschutz - OneDesk - OneDesk","description":"OneDesk ist Helpdesk-Software und Projektmanagement-Software in einer Anwendung. Arbeiten Sie mit Ihren Kunden an ihren Projekten und Tickets auf einer einheitlichen Plattform.","robots":{"index":"index","follow":"follow","max-snippet":"max-snippet:-1","max-image-preview":"max-image-preview:large","max-video-preview":"max-video-preview:-1"},"canonical":"https:\/\/onedesk.com\/de\/onedesk-security-2\/","og_locale":"de_DE","og_type":"article","og_title":"OneDesk-Sicherheit und Datenschutz - OneDesk - OneDesk","og_description":"OneDesk ist Helpdesk-Software und Projektmanagement-Software in einer Anwendung. Arbeiten Sie mit Ihren Kunden an ihren Projekten und Tickets auf einer einheitlichen Plattform.","og_url":"https:\/\/onedesk.com\/de\/onedesk-security-2\/","og_site_name":"OneDesk","article_publisher":"https:\/\/www.facebook.com\/OneDeskApp","og_image":[{"width":1280,"height":800,"url":"https:\/\/onedesk.com\/wp-content\/uploads\/2020\/04\/OneDesk-Logo.png","type":"image\/png"}],"twitter_card":"summary_large_image","twitter_site":"@OneDeskApp","twitter_misc":{"Est. reading time":"3 minutes"},"schema":{"@context":"https:\/\/schema.org","@graph":[{"@type":"WebPage","@id":"https:\/\/onedesk.com\/de\/onedesk-security-2\/","url":"https:\/\/onedesk.com\/de\/onedesk-security-2\/","name":"OneDesk-Sicherheit und Datenschutz - OneDesk - OneDesk","isPartOf":{"@id":"https:\/\/onedesk.com\/de\/#website"},"datePublished":"2021-12-21T21:44:03+00:00","description":"OneDesk ist Helpdesk-Software und Projektmanagement-Software in einer Anwendung. Arbeiten Sie mit Ihren Kunden an ihren Projekten und Tickets auf einer einheitlichen Plattform.","inLanguage":"de-DE","potentialAction":[{"@type":"ReadAction","target":["https:\/\/onedesk.com\/de\/onedesk-security-2\/"]}]},{"@type":"WebSite","@id":"https:\/\/onedesk.com\/de\/#website","url":"https:\/\/onedesk.com\/de\/","name":"OneDesk","description":"Projektmanagement- und Helpdesk-Software","publisher":{"@id":"https:\/\/onedesk.com\/de\/#organization"},"potentialAction":[{"@type":"SearchAction","target":{"@type":"EntryPoint","urlTemplate":"https:\/\/onedesk.com\/de\/?s={search_term_string}"},"query-input":{"@type":"PropertyValueSpecification","valueRequired":true,"valueName":"search_term_string"}}],"inLanguage":"de-DE"},{"@type":"Organization","@id":"https:\/\/onedesk.com\/de\/#organization","name":"OneDesk","url":"https:\/\/onedesk.com\/de\/","logo":{"@type":"ImageObject","inLanguage":"de-DE","@id":"https:\/\/onedesk.com\/de\/#\/schema\/logo\/image\/","url":"https:\/\/onedesk.com\/wp-content\/uploads\/2016\/01\/white-logo-small.png","contentUrl":"https:\/\/onedesk.com\/wp-content\/uploads\/2016\/01\/white-logo-small.png","width":207,"height":40,"caption":"OneDesk"},"image":{"@id":"https:\/\/onedesk.com\/de\/#\/schema\/logo\/image\/"},"sameAs":["https:\/\/www.facebook.com\/OneDeskApp","https:\/\/x.com\/OneDeskApp","https:\/\/www.instagram.com\/onedeskapp\/","https:\/\/www.linkedin.com\/company\/onedesk-inc-1","https:\/\/www.pinterest.com\/onedesk\/","https:\/\/www.youtube.com\/user\/OneDeskApp"]}]}},"tpgb_featured_images":null,"tpgb_post_meta_info":{"get_date":"December 21, 2021","get_modified_date":"December 21, 2021","author_name":"Sabrin Yusef","author_url":"https:\/\/onedesk.com\/de\/author\/sarbin-yusef\/","author_email":"sabrin.yusef@onedesk.com","author_website":"","author_description":"","author_facebook":"","author_twitter":"","author_instagram":"","author_role":["customer"],"author_firstname":"Sabrin","author_lastname":"Yusef","user_login":"sarbin.yusef","author_avatar":"<img alt='' src='https:\/\/secure.gravatar.com\/avatar\/1f20332b0900369c93c9c272e03885bde073bf214b3dd3eb4bea569a45bea588?s=200&#038;d=mm&#038;r=g' srcset='https:\/\/secure.gravatar.com\/avatar\/1f20332b0900369c93c9c272e03885bde073bf214b3dd3eb4bea569a45bea588?s=400&#038;d=mm&#038;r=g 2x' class='avatar avatar-200 photo' height='200' width='200' decoding='async'\/>","author_avatar_url":"https:\/\/secure.gravatar.com\/avatar\/1f20332b0900369c93c9c272e03885bde073bf214b3dd3eb4bea569a45bea588?s=96&d=mm&r=g","comment_count":0,"post_likes":0,"post_views":0},"tpgb_post_category":[],"jetpack_shortlink":"https:\/\/wp.me\/PfpPaI-F2A","amp_enabled":true,"_links":{"self":[{"href":"https:\/\/onedesk.com\/de\/wp-json\/wp\/v2\/pages\/157764","targetHints":{"allow":["GET"]}}],"collection":[{"href":"https:\/\/onedesk.com\/de\/wp-json\/wp\/v2\/pages"}],"about":[{"href":"https:\/\/onedesk.com\/de\/wp-json\/wp\/v2\/types\/page"}],"author":[{"embeddable":true,"href":"https:\/\/onedesk.com\/de\/wp-json\/wp\/v2\/users\/27"}],"replies":[{"embeddable":true,"href":"https:\/\/onedesk.com\/de\/wp-json\/wp\/v2\/comments?post=157764"}],"version-history":[{"count":0,"href":"https:\/\/onedesk.com\/de\/wp-json\/wp\/v2\/pages\/157764\/revisions"}],"wp:attachment":[{"href":"https:\/\/onedesk.com\/de\/wp-json\/wp\/v2\/media?parent=157764"}],"curies":[{"name":"wp","href":"https:\/\/api.w.org\/{rel}","templated":true}]}}