{"id":270465,"date":"2024-03-22T13:28:19","date_gmt":"2024-03-22T13:28:19","guid":{"rendered":"https:\/\/onedesk.com\/features-index\/prepaid-stunden\/"},"modified":"2024-11-14T20:52:55","modified_gmt":"2024-11-14T20:52:55","slug":"prepaid-stunden","status":"publish","type":"page","link":"https:\/\/onedesk.com\/de\/features-index\/prepaid-stunden\/","title":{"rendered":"Prepaid-Stunden"},"content":{"rendered":"\t\t<div data-elementor-type=\"wp-page\" data-elementor-id=\"270465\" class=\"elementor elementor-270465 elementor-269801\" data-elementor-post-type=\"page\">\n\t\t\t\t<div class=\"elementor-element elementor-element-45c9dc9 e-flex e-con-boxed e-con e-parent\" data-id=\"45c9dc9\" data-element_type=\"container\" data-e-type=\"container\" data-settings=\"{&quot;background_background&quot;:&quot;classic&quot;}\">\n\t\t\t\t\t<div class=\"e-con-inner\">\n\t\t<div class=\"elementor-element elementor-element-86ac7f0 e-con-full e-flex e-con e-child\" data-id=\"86ac7f0\" data-element_type=\"container\" data-e-type=\"container\">\n\t\t\t\t<div class=\"elementor-element elementor-element-05d4d58 elementor-widget elementor-widget-heading\" data-id=\"05d4d58\" data-element_type=\"widget\" data-e-type=\"widget\" data-widget_type=\"heading.default\">\n\t\t\t\t<div class=\"elementor-widget-container\">\n\t\t\t\t\t<h1 class=\"elementor-heading-title elementor-size-default\">Prepaid-Stunden<\/h1>\t\t\t\t<\/div>\n\t\t\t\t<\/div>\n\t\t\t\t<div class=\"elementor-element elementor-element-b5933c6 elementor-widget__width-initial elementor-widget-widescreen__width-initial elementor-widget-mobile__width-inherit elementor-widget elementor-widget-text-editor\" data-id=\"b5933c6\" data-element_type=\"widget\" data-e-type=\"widget\" data-widget_type=\"text-editor.default\">\n\t\t\t\t<div class=\"elementor-widget-container\">\n\t\t\t\t\t\t\t\t\t<p>Verkaufen Sie Support-Stundenpakete an Ihre Kunden, indem Sie die Prepaid-Stundenfunktionen des professionellen Service-Automatisierungstools von OneDesk nutzen.  <\/p>\n\t\t\t\t\t\t\t\t<\/div>\n\t\t\t\t<\/div>\n\t\t\t\t<div class=\"elementor-element elementor-element-2a78ad3 elementor-align-left elementor-mobile-align-center elementor-widget elementor-widget-button\" data-id=\"2a78ad3\" data-element_type=\"widget\" data-e-type=\"widget\" data-widget_type=\"button.default\">\n\t\t\t\t<div class=\"elementor-widget-container\">\n\t\t\t\t\t\t\t\t\t<div class=\"elementor-button-wrapper\">\n\t\t\t\t\t<a class=\"elementor-button elementor-button-link elementor-size-lg elementor-animation-grow\" href=\"https:\/\/onedesk.com\/de\/melde-dich-kostenlos-an-2\/\">\n\t\t\t\t\t\t<span class=\"elementor-button-content-wrapper\">\n\t\t\t\t\t\t\t\t\t<span class=\"elementor-button-text\">Melde dich kostenlos an!<\/span>\n\t\t\t\t\t<\/span>\n\t\t\t\t\t<\/a>\n\t\t\t\t<\/div>\n\t\t\t\t\t\t\t\t<\/div>\n\t\t\t\t<\/div>\n\t\t\t\t<\/div>\n\t\t<div class=\"elementor-element elementor-element-02f2a93 e-con-full e-flex e-con e-child\" data-id=\"02f2a93\" data-element_type=\"container\" data-e-type=\"container\">\n\t\t\t\t<div class=\"elementor-element elementor-element-4290fcd elementor-widget elementor-widget-image\" data-id=\"4290fcd\" data-element_type=\"widget\" data-e-type=\"widget\" data-widget_type=\"image.default\">\n\t\t\t\t<div class=\"elementor-widget-container\">\n\t\t\t\t\t\t\t\t\t\t\t\t\t\t\t<img fetchpriority=\"high\" decoding=\"async\" width=\"486\" height=\"317\" src=\"https:\/\/onedesk.com\/wp-content\/uploads\/2024\/01\/Invoice-psa.webp\" class=\"attachment-large size-large wp-image-267314\" alt=\"\" srcset=\"https:\/\/onedesk.com\/wp-content\/uploads\/2024\/01\/Invoice-psa.webp 486w, https:\/\/onedesk.com\/wp-content\/uploads\/2024\/01\/Invoice-psa-300x196.webp 300w\" sizes=\"(max-width: 486px) 100vw, 486px\" \/>\t\t\t\t\t\t\t\t\t\t\t\t\t\t\t<\/div>\n\t\t\t\t<\/div>\n\t\t\t\t<\/div>\n\t\t\t\t\t<\/div>\n\t\t\t\t<\/div>\n\t\t<div class=\"elementor-element elementor-element-35d7b7c e-flex e-con-boxed e-con e-parent\" data-id=\"35d7b7c\" data-element_type=\"container\" data-e-type=\"container\">\n\t\t\t\t\t<div class=\"e-con-inner\">\n\t\t<div class=\"elementor-element elementor-element-c52d399 e-con-full e-flex e-con e-child\" data-id=\"c52d399\" data-element_type=\"container\" data-e-type=\"container\">\n\t\t\t\t<div class=\"elementor-element elementor-element-4c3cb97 elementor-widget elementor-widget-heading\" data-id=\"4c3cb97\" data-element_type=\"widget\" data-e-type=\"widget\" data-widget_type=\"heading.default\">\n\t\t\t\t<div class=\"elementor-widget-container\">\n\t\t\t\t\t<h2 class=\"elementor-heading-title elementor-size-default\">Verwalten Sie Prepaid-Stunden<\/h2>\t\t\t\t<\/div>\n\t\t\t\t<\/div>\n\t\t\t\t<div class=\"elementor-element elementor-element-4ac4678 elementor-widget elementor-widget-text-editor\" data-id=\"4ac4678\" data-element_type=\"widget\" data-e-type=\"widget\" data-widget_type=\"text-editor.default\">\n\t\t\t\t<div class=\"elementor-widget-container\">\n\t\t\t\t\t\t\t\t\t<p>OneDesk ist eine All-in-One-Helpdesk- und <a href=\"https:\/\/onedesk.com\/de\/professional-services-automatisierung\/\">professionelle Servicesoftware<\/a> . Erfassen Sie Tickets, stellen Sie im Voraus bezahlte Stunden in Rechnung und protokollieren Sie die Zeit f\u00fcr Supportarbeiten.  <\/p>\n\t\t\t\t\t\t\t\t<\/div>\n\t\t\t\t<\/div>\n\t\t\t\t<\/div>\n\t\t<div class=\"elementor-element elementor-element-e29bd9c e-con-full e-flex e-con e-child\" data-id=\"e29bd9c\" data-element_type=\"container\" data-e-type=\"container\">\n\t\t\t\t<div class=\"elementor-element elementor-element-cb8420c elementor-widget elementor-widget-image\" data-id=\"cb8420c\" data-element_type=\"widget\" data-e-type=\"widget\" data-widget_type=\"image.default\">\n\t\t\t\t<div class=\"elementor-widget-container\">\n\t\t\t\t\t\t\t\t\t\t\t\t\t\t\t<img decoding=\"async\" width=\"568\" height=\"478\" src=\"https:\/\/onedesk.com\/wp-content\/uploads\/2024\/03\/PPH-invoice.webp\" class=\"attachment-large size-large wp-image-269869\" alt=\"\" srcset=\"https:\/\/onedesk.com\/wp-content\/uploads\/2024\/03\/PPH-invoice.webp 568w, https:\/\/onedesk.com\/wp-content\/uploads\/2024\/03\/PPH-invoice-300x252.webp 300w\" sizes=\"(max-width: 568px) 100vw, 568px\" \/>\t\t\t\t\t\t\t\t\t\t\t\t\t\t\t<\/div>\n\t\t\t\t<\/div>\n\t\t\t\t<\/div>\n\t\t\t\t\t<\/div>\n\t\t\t\t<\/div>\n\t\t<div class=\"elementor-element elementor-element-9c929fb e-flex e-con-boxed e-con e-parent\" data-id=\"9c929fb\" data-element_type=\"container\" data-e-type=\"container\">\n\t\t\t\t\t<div class=\"e-con-inner\">\n\t\t\t\t<div class=\"elementor-element elementor-element-f9a3e2f elementor-widget elementor-widget-n-carousel\" data-id=\"f9a3e2f\" data-element_type=\"widget\" data-e-type=\"widget\" data-settings=\"{&quot;carousel_items&quot;:[{&quot;slide_title&quot;:&quot;email int&quot;,&quot;_id&quot;:&quot;903b270&quot;},{&quot;slide_title&quot;:&quot;Slide #2&quot;,&quot;_id&quot;:&quot;4341fad&quot;},{&quot;slide_title&quot;:&quot;Slide #3&quot;,&quot;_id&quot;:&quot;35144bc&quot;}],&quot;slides_to_show&quot;:&quot;3&quot;,&quot;slides_to_show_tablet_extra&quot;:&quot;2&quot;,&quot;image_spacing_custom&quot;:{&quot;unit&quot;:&quot;px&quot;,&quot;size&quot;:35,&quot;sizes&quot;:[]},&quot;slides_to_show_tablet&quot;:&quot;2&quot;,&quot;slides_to_show_mobile&quot;:&quot;1&quot;,&quot;speed&quot;:500,&quot;image_spacing_custom_widescreen&quot;:{&quot;unit&quot;:&quot;px&quot;,&quot;size&quot;:&quot;&quot;,&quot;sizes&quot;:[]},&quot;image_spacing_custom_tablet_extra&quot;:{&quot;unit&quot;:&quot;px&quot;,&quot;size&quot;:&quot;&quot;,&quot;sizes&quot;:[]},&quot;image_spacing_custom_tablet&quot;:{&quot;unit&quot;:&quot;px&quot;,&quot;size&quot;:&quot;&quot;,&quot;sizes&quot;:[]},&quot;image_spacing_custom_mobile_extra&quot;:{&quot;unit&quot;:&quot;px&quot;,&quot;size&quot;:&quot;&quot;,&quot;sizes&quot;:[]},&quot;image_spacing_custom_mobile&quot;:{&quot;unit&quot;:&quot;px&quot;,&quot;size&quot;:&quot;&quot;,&quot;sizes&quot;:[]}}\" data-widget_type=\"nested-carousel.default\">\n\t\t\t\t<div class=\"elementor-widget-container\">\n\t\t\t\t\t\t\t<div class=\"e-n-carousel swiper\" role=\"region\" aria-roledescription=\"carousel\" aria-label=\"Carousel\" dir=\"ltr\">\n\t\t\t<div class=\"swiper-wrapper\" aria-live=\"polite\">\n\t\t\t\t\t\t\t\t\t\t<div class=\"swiper-slide\" data-slide=\"1\" role=\"group\" aria-roledescription=\"slide\" aria-label=\"1 of 3\">\n\t\t\t\t\t\t\t<div class=\"elementor-element elementor-element-a7a4b78 e-con-full e-flex e-con e-child\" data-id=\"a7a4b78\" data-element_type=\"container\" data-e-type=\"container\" data-settings=\"{&quot;background_background&quot;:&quot;classic&quot;}\">\n\t\t\t\t<div class=\"elementor-element elementor-element-78699a4 ekit-equal-height-enable elementor-widget elementor-widget-elementskit-image-box\" data-id=\"78699a4\" data-element_type=\"widget\" data-e-type=\"widget\" data-widget_type=\"elementskit-image-box.default\">\n\t\t\t\t<div class=\"elementor-widget-container\">\n\t\t\t\t\t<div class=\"ekit-wid-con\" >\n            <div class=\"elementskit-info-image-box ekit-image-box text-left style-modern\" >\n\n                \n                <div class=\"elementskit-box-header image-box-img-left\">\n\n                    <img decoding=\"async\" width=\"618\" height=\"395\" src=\"https:\/\/onedesk.com\/wp-content\/uploads\/2024\/03\/PPh-ticket.png\" class=\"attachment-medium_large size-medium_large wp-image-269890\" alt=\"\" srcset=\"https:\/\/onedesk.com\/wp-content\/uploads\/2024\/03\/PPh-ticket.png 618w, https:\/\/onedesk.com\/wp-content\/uploads\/2024\/03\/PPh-ticket-300x192.png 300w\" sizes=\"(max-width: 618px) 100vw, 618px\" \/>\n                <\/div>\n                \n                <div class=\"elementskit-box-body ekit-image-box-body\">\n                    <div class=\"elementskit-box-content ekit-image-box-body-inner\">\n                                                <h3 class=\"elementskit-info-box-title\">\n\n                        Behalten Sie den \u00dcberblick \u00fcber die im Voraus bezahlten Stunden\n                        \n                    <\/h3>\n                                                            <div class=\"elementskit-box-style-content\">\n                        OneDesk verfolgt die verbleibenden Prepaid-Stunden auf Kundenkonten. Sehen Sie sich den \u00c4nderungsverlauf an und senden Sie sogar Berichte.                      <\/div>\n                                    <\/div>\n\n                            <\/div>\n            <\/div>\n    <\/div>\t\t\t\t<\/div>\n\t\t\t\t<\/div>\n\t\t\t\t<\/div>\n\t\t\t\t\t\t\t\t<\/div>\n\t\t\t\t\t\t\t\t\t\t\t<div class=\"swiper-slide\" data-slide=\"2\" role=\"group\" aria-roledescription=\"slide\" aria-label=\"2 of 3\">\n\t\t\t\t\t\t\t<div class=\"elementor-element elementor-element-72c6255 e-con-full e-flex e-con e-child\" data-id=\"72c6255\" data-element_type=\"container\" data-e-type=\"container\" data-settings=\"{&quot;background_background&quot;:&quot;classic&quot;}\">\n\t\t\t\t<div class=\"elementor-element elementor-element-79f5eee ekit-equal-height-enable elementor-widget elementor-widget-elementskit-image-box\" data-id=\"79f5eee\" data-element_type=\"widget\" data-e-type=\"widget\" data-widget_type=\"elementskit-image-box.default\">\n\t\t\t\t<div class=\"elementor-widget-container\">\n\t\t\t\t\t<div class=\"ekit-wid-con\" >\n            <div class=\"elementskit-info-image-box ekit-image-box text-left style-modern\" >\n\n                \n                <div class=\"elementskit-box-header image-box-img-left\">\n\n                    <img loading=\"lazy\" decoding=\"async\" width=\"768\" height=\"246\" src=\"https:\/\/onedesk.com\/wp-content\/uploads\/2024\/03\/PPH-account-768x246.webp\" class=\"attachment-medium_large size-medium_large wp-image-269876\" alt=\"\" srcset=\"https:\/\/onedesk.com\/wp-content\/uploads\/2024\/03\/PPH-account-768x246.webp 768w, https:\/\/onedesk.com\/wp-content\/uploads\/2024\/03\/PPH-account-300x96.webp 300w, https:\/\/onedesk.com\/wp-content\/uploads\/2024\/03\/PPH-account.webp 910w\" sizes=\"(max-width: 768px) 100vw, 768px\" \/>\n                <\/div>\n                \n                <div class=\"elementskit-box-body ekit-image-box-body\">\n                    <div class=\"elementskit-box-content ekit-image-box-body-inner\">\n                                                <h3 class=\"elementskit-info-box-title\">\n\n                        Rechnungen Sie ganz einfach einen Stundenblock ab\n                        \n                    <\/h3>\n                                                            <div class=\"elementskit-box-style-content\">\n                        Laden Sie das PPH-Konto Ihrer Kunden durch Rechnungsstellung in OneDesk auf. Legen Sie f\u00fcr jedes Kundenkonto den Stundenblockbetrag und die Kosten fest. Erstellen und versenden Sie Rechnungen direkt aus OneDesk.                      <\/div>\n                                    <\/div>\n\n                            <\/div>\n            <\/div>\n    <\/div>\t\t\t\t<\/div>\n\t\t\t\t<\/div>\n\t\t\t\t<\/div>\n\t\t\t\t\t\t\t\t<\/div>\n\t\t\t\t\t\t\t\t\t\t\t<div class=\"swiper-slide\" data-slide=\"3\" role=\"group\" aria-roledescription=\"slide\" aria-label=\"3 of 3\">\n\t\t\t\t\t\t\t<div class=\"elementor-element elementor-element-77e0cef e-con-full e-flex e-con e-child\" data-id=\"77e0cef\" data-element_type=\"container\" data-e-type=\"container\" data-settings=\"{&quot;background_background&quot;:&quot;classic&quot;}\">\n\t\t\t\t<div class=\"elementor-element elementor-element-5656a8b ekit-equal-height-enable elementor-widget elementor-widget-elementskit-image-box\" data-id=\"5656a8b\" data-element_type=\"widget\" data-e-type=\"widget\" data-widget_type=\"elementskit-image-box.default\">\n\t\t\t\t<div class=\"elementor-widget-container\">\n\t\t\t\t\t<div class=\"ekit-wid-con\" >\n            <div class=\"elementskit-info-image-box ekit-image-box text-left style-modern\" >\n\n                \n                <div class=\"elementskit-box-header image-box-img-left\">\n\n                    <img loading=\"lazy\" decoding=\"async\" width=\"612\" height=\"373\" src=\"https:\/\/onedesk.com\/wp-content\/uploads\/2024\/01\/Track-Timer.webp\" class=\"attachment-medium_large size-medium_large wp-image-267096\" alt=\"project time tracking\" srcset=\"https:\/\/onedesk.com\/wp-content\/uploads\/2024\/01\/Track-Timer.webp 612w, https:\/\/onedesk.com\/wp-content\/uploads\/2024\/01\/Track-Timer-300x183.webp 300w\" sizes=\"(max-width: 612px) 100vw, 612px\" \/>\n                <\/div>\n                \n                <div class=\"elementskit-box-body ekit-image-box-body\">\n                    <div class=\"elementskit-box-content ekit-image-box-body-inner\">\n                                                <h3 class=\"elementskit-info-box-title\">\n\n                        Protokollieren Sie die Zeit im Vergleich zu vorausbezahlten Stunden\n                        \n                    <\/h3>\n                                                            <div class=\"elementskit-box-style-content\">\n                        Erfassen Sie die Zeit ganz einfach im Vergleich zu den im Voraus bezahlten Stunden eines Kunden, indem Sie integrierte Timer und Stundenzettel auf Tickets verwenden.                      <\/div>\n                                    <\/div>\n\n                            <\/div>\n            <\/div>\n    <\/div>\t\t\t\t<\/div>\n\t\t\t\t<\/div>\n\t\t\t\t<\/div>\n\t\t\t\t\t\t\t\t<\/div>\n\t\t\t\t\t\t\t\t<\/div>\n\t\t<\/div>\n\t\t\t\t\t\t<\/div>\n\t\t\t\t<\/div>\n\t\t\t\t\t<\/div>\n\t\t\t\t<\/div>\n\t\t\t\t<\/div>\n\t\t","protected":false},"excerpt":{"rendered":"<p>Prepaid-Stunden Verkaufen Sie Support-Stundenpakete an Ihre Kunden, indem Sie die Prepaid-Stundenfunktionen des professionellen Service-Automatisierungstools von OneDesk nutzen. Melde dich kostenlos an! Verwalten Sie Prepaid-Stunden OneDesk ist eine All-in-One-Helpdesk- und professionelle Servicesoftware . Erfassen Sie Tickets, stellen Sie im Voraus bezahlte Stunden in Rechnung und protokollieren Sie die Zeit f\u00fcr Supportarbeiten. Behalten Sie den \u00dcberblick \u00fcber [&hellip;]<\/p>\n","protected":false},"author":30,"featured_media":0,"parent":151676,"menu_order":0,"comment_status":"closed","ping_status":"closed","template":"","meta":{"tpgb_global_settings":"","_crdt_document":"","inline_featured_image":false,"site-sidebar-layout":"no-sidebar","site-content-layout":"page-builder","ast-site-content-layout":"full-width-container","site-content-style":"default","site-sidebar-style":"default","ast-global-header-display":"","ast-banner-title-visibility":"","ast-main-header-display":"","ast-hfb-above-header-display":"","ast-hfb-below-header-display":"","ast-hfb-mobile-header-display":"","site-post-title":"disabled","ast-breadcrumbs-content":"","ast-featured-img":"disabled","footer-sml-layout":"","ast-disable-related-posts":"","theme-transparent-header-meta":"","adv-header-id-meta":"","stick-header-meta":"","header-above-stick-meta":"","header-main-stick-meta":"","header-below-stick-meta":"","astra-migrate-meta-layouts":"default","ast-page-background-enabled":"default","ast-page-background-meta":{"desktop":{"background-color":"var(--ast-global-color-4)","background-image":"","background-repeat":"repeat","background-position":"center center","background-size":"auto","background-attachment":"scroll","background-type":"","background-media":"","overlay-type":"","overlay-color":"","overlay-opacity":"","overlay-gradient":""},"tablet":{"background-color":"","background-image":"","background-repeat":"repeat","background-position":"center center","background-size":"auto","background-attachment":"scroll","background-type":"","background-media":"","overlay-type":"","overlay-color":"","overlay-opacity":"","overlay-gradient":""},"mobile":{"background-color":"","background-image":"","background-repeat":"repeat","background-position":"center center","background-size":"auto","background-attachment":"scroll","background-type":"","background-media":"","overlay-type":"","overlay-color":"","overlay-opacity":"","overlay-gradient":""}},"ast-content-background-meta":{"desktop":{"background-color":"var(--ast-global-color-5)","background-image":"","background-repeat":"repeat","background-position":"center center","background-size":"auto","background-attachment":"scroll","background-type":"","background-media":"","overlay-type":"","overlay-color":"","overlay-opacity":"","overlay-gradient":""},"tablet":{"background-color":"var(--ast-global-color-5)","background-image":"","background-repeat":"repeat","background-position":"center center","background-size":"auto","background-attachment":"scroll","background-type":"","background-media":"","overlay-type":"","overlay-color":"","overlay-opacity":"","overlay-gradient":""},"mobile":{"background-color":"var(--ast-global-color-5)","background-image":"","background-repeat":"repeat","background-position":"center center","background-size":"auto","background-attachment":"scroll","background-type":"","background-media":"","overlay-type":"","overlay-color":"","overlay-opacity":"","overlay-gradient":""}},"footnotes":""},"class_list":["post-270465","page","type-page","status-publish","hentry"],"yoast_head":"<!-- This site is optimized with the Yoast SEO Premium plugin v27.2 (Yoast SEO v27.3) - https:\/\/yoast.com\/product\/yoast-seo-premium-wordpress\/ -->\n<title>Prepaid-Stunden | Funktionen | OneDesk<\/title>\n<meta name=\"description\" content=\"Verkaufen Sie Kunden im Voraus bezahlte Supportstunden. Verfolgen Sie die Stunden in einem Kundenkonto. Aufladung der Stunden mit Rechnungen f\u00fcr Support-Stundenbl\u00f6cke.\" \/>\n<meta name=\"robots\" content=\"index, follow, max-snippet:-1, max-image-preview:large, max-video-preview:-1\" \/>\n<link rel=\"canonical\" href=\"https:\/\/onedesk.com\/de\/features-index\/prepaid-stunden\/\" \/>\n<meta property=\"og:locale\" content=\"de_DE\" \/>\n<meta property=\"og:type\" content=\"article\" \/>\n<meta property=\"og:title\" content=\"Prepaid-Stunden | Funktionen | OneDesk\" \/>\n<meta property=\"og:description\" content=\"Verkaufen Sie Kunden im Voraus bezahlte Supportstunden. Verfolgen Sie die Stunden in einem Kundenkonto. Aufladung der Stunden mit Rechnungen f\u00fcr Support-Stundenbl\u00f6cke.\" \/>\n<meta property=\"og:url\" content=\"https:\/\/onedesk.com\/de\/features-index\/prepaid-stunden\/\" \/>\n<meta property=\"og:site_name\" content=\"OneDesk\" \/>\n<meta property=\"article:publisher\" content=\"https:\/\/www.facebook.com\/OneDeskApp\" \/>\n<meta property=\"article:modified_time\" content=\"2024-11-14T20:52:55+00:00\" \/>\n<meta property=\"og:image\" content=\"https:\/\/onedesk.com\/wp-content\/uploads\/2024\/01\/Invoice-psa.webp\" \/>\n<meta name=\"twitter:card\" content=\"summary_large_image\" \/>\n<meta name=\"twitter:site\" content=\"@OneDeskApp\" \/>\n<meta name=\"twitter:label1\" content=\"Est. reading time\" \/>\n\t<meta name=\"twitter:data1\" content=\"1 minute\" \/>\n<!-- \/ Yoast SEO Premium plugin. -->","yoast_head_json":{"title":"Prepaid-Stunden | Funktionen | OneDesk","description":"Verkaufen Sie Kunden im Voraus bezahlte Supportstunden. Verfolgen Sie die Stunden in einem Kundenkonto. Aufladung der Stunden mit Rechnungen f\u00fcr Support-Stundenbl\u00f6cke.","robots":{"index":"index","follow":"follow","max-snippet":"max-snippet:-1","max-image-preview":"max-image-preview:large","max-video-preview":"max-video-preview:-1"},"canonical":"https:\/\/onedesk.com\/de\/features-index\/prepaid-stunden\/","og_locale":"de_DE","og_type":"article","og_title":"Prepaid-Stunden | Funktionen | OneDesk","og_description":"Verkaufen Sie Kunden im Voraus bezahlte Supportstunden. Verfolgen Sie die Stunden in einem Kundenkonto. Aufladung der Stunden mit Rechnungen f\u00fcr Support-Stundenbl\u00f6cke.","og_url":"https:\/\/onedesk.com\/de\/features-index\/prepaid-stunden\/","og_site_name":"OneDesk","article_publisher":"https:\/\/www.facebook.com\/OneDeskApp","article_modified_time":"2024-11-14T20:52:55+00:00","og_image":[{"url":"https:\/\/onedesk.com\/wp-content\/uploads\/2024\/01\/Invoice-psa.webp","type":"","width":"","height":""}],"twitter_card":"summary_large_image","twitter_site":"@OneDeskApp","twitter_misc":{"Est. reading time":"1 minute"},"schema":{"@context":"https:\/\/schema.org","@graph":[{"@type":"WebPage","@id":"https:\/\/onedesk.com\/de\/features-index\/prepaid-stunden\/","url":"https:\/\/onedesk.com\/de\/features-index\/prepaid-stunden\/","name":"Prepaid-Stunden | Funktionen | OneDesk","isPartOf":{"@id":"https:\/\/onedesk.com\/de\/#website"},"primaryImageOfPage":{"@id":"https:\/\/onedesk.com\/de\/features-index\/prepaid-stunden\/#primaryimage"},"image":{"@id":"https:\/\/onedesk.com\/de\/features-index\/prepaid-stunden\/#primaryimage"},"thumbnailUrl":"https:\/\/onedesk.com\/wp-content\/uploads\/2024\/01\/Invoice-psa.webp","datePublished":"2024-03-22T13:28:19+00:00","dateModified":"2024-11-14T20:52:55+00:00","description":"Verkaufen Sie Kunden im Voraus bezahlte Supportstunden. Verfolgen Sie die Stunden in einem Kundenkonto. Aufladung der Stunden mit Rechnungen f\u00fcr Support-Stundenbl\u00f6cke.","breadcrumb":{"@id":"https:\/\/onedesk.com\/de\/features-index\/prepaid-stunden\/#breadcrumb"},"inLanguage":"de-DE","potentialAction":[{"@type":"ReadAction","target":["https:\/\/onedesk.com\/de\/features-index\/prepaid-stunden\/"]}]},{"@type":"ImageObject","inLanguage":"de-DE","@id":"https:\/\/onedesk.com\/de\/features-index\/prepaid-stunden\/#primaryimage","url":"https:\/\/onedesk.com\/wp-content\/uploads\/2024\/01\/Invoice-psa.webp","contentUrl":"https:\/\/onedesk.com\/wp-content\/uploads\/2024\/01\/Invoice-psa.webp"},{"@type":"BreadcrumbList","@id":"https:\/\/onedesk.com\/de\/features-index\/prepaid-stunden\/#breadcrumb","itemListElement":[{"@type":"ListItem","position":1,"name":"OneDesk-Funktionsindex","item":"https:\/\/onedesk.com\/de\/features-index\/"},{"@type":"ListItem","position":2,"name":"Prepaid-Stunden"}]},{"@type":"WebSite","@id":"https:\/\/onedesk.com\/de\/#website","url":"https:\/\/onedesk.com\/de\/","name":"OneDesk","description":"Projektmanagement- und Helpdesk-Software","publisher":{"@id":"https:\/\/onedesk.com\/de\/#organization"},"potentialAction":[{"@type":"SearchAction","target":{"@type":"EntryPoint","urlTemplate":"https:\/\/onedesk.com\/de\/?s={search_term_string}"},"query-input":{"@type":"PropertyValueSpecification","valueRequired":true,"valueName":"search_term_string"}}],"inLanguage":"de-DE"},{"@type":"Organization","@id":"https:\/\/onedesk.com\/de\/#organization","name":"OneDesk","url":"https:\/\/onedesk.com\/de\/","logo":{"@type":"ImageObject","inLanguage":"de-DE","@id":"https:\/\/onedesk.com\/de\/#\/schema\/logo\/image\/","url":"https:\/\/onedesk.com\/wp-content\/uploads\/2016\/01\/white-logo-small.png","contentUrl":"https:\/\/onedesk.com\/wp-content\/uploads\/2016\/01\/white-logo-small.png","width":207,"height":40,"caption":"OneDesk"},"image":{"@id":"https:\/\/onedesk.com\/de\/#\/schema\/logo\/image\/"},"sameAs":["https:\/\/www.facebook.com\/OneDeskApp","https:\/\/x.com\/OneDeskApp","https:\/\/www.instagram.com\/onedeskapp\/","https:\/\/www.linkedin.com\/company\/onedesk-inc-1","https:\/\/www.pinterest.com\/onedesk\/","https:\/\/www.youtube.com\/user\/OneDeskApp"]}]}},"tpgb_featured_images":null,"tpgb_post_meta_info":{"get_date":"March 22, 2024","get_modified_date":"November 14, 2024","author_name":"Erin Richardson","author_url":"https:\/\/onedesk.com\/de\/author\/erin-richardsononedesk-com\/","author_email":"erin.richardson@onedesk.com","author_website":"","author_description":"","author_facebook":"","author_twitter":"","author_instagram":"","author_role":["administrator"],"author_firstname":"Erin","author_lastname":"Richardson","user_login":"erin.richardson@onedesk.com","author_avatar":"<img alt='' src='https:\/\/secure.gravatar.com\/avatar\/5b43ac2756efc1d5aa46746163fa71ceee43f42a78652ebc70940d512d77cba0?s=200&#038;d=mm&#038;r=g' srcset='https:\/\/secure.gravatar.com\/avatar\/5b43ac2756efc1d5aa46746163fa71ceee43f42a78652ebc70940d512d77cba0?s=400&#038;d=mm&#038;r=g 2x' class='avatar avatar-200 photo' height='200' width='200' decoding='async'\/>","author_avatar_url":"https:\/\/secure.gravatar.com\/avatar\/5b43ac2756efc1d5aa46746163fa71ceee43f42a78652ebc70940d512d77cba0?s=96&d=mm&r=g","comment_count":0,"post_likes":0,"post_views":0},"tpgb_post_category":[],"jetpack_shortlink":"https:\/\/wp.me\/PfpPaI-18ml","amp_enabled":true,"_links":{"self":[{"href":"https:\/\/onedesk.com\/de\/wp-json\/wp\/v2\/pages\/270465","targetHints":{"allow":["GET"]}}],"collection":[{"href":"https:\/\/onedesk.com\/de\/wp-json\/wp\/v2\/pages"}],"about":[{"href":"https:\/\/onedesk.com\/de\/wp-json\/wp\/v2\/types\/page"}],"author":[{"embeddable":true,"href":"https:\/\/onedesk.com\/de\/wp-json\/wp\/v2\/users\/30"}],"replies":[{"embeddable":true,"href":"https:\/\/onedesk.com\/de\/wp-json\/wp\/v2\/comments?post=270465"}],"version-history":[{"count":5,"href":"https:\/\/onedesk.com\/de\/wp-json\/wp\/v2\/pages\/270465\/revisions"}],"predecessor-version":[{"id":275124,"href":"https:\/\/onedesk.com\/de\/wp-json\/wp\/v2\/pages\/270465\/revisions\/275124"}],"up":[{"embeddable":true,"href":"https:\/\/onedesk.com\/de\/wp-json\/wp\/v2\/pages\/151676"}],"wp:attachment":[{"href":"https:\/\/onedesk.com\/de\/wp-json\/wp\/v2\/media?parent=270465"}],"curies":[{"name":"wp","href":"https:\/\/api.w.org\/{rel}","templated":true}]}}