{"id":63918,"date":"2021-03-10T18:59:57","date_gmt":"2021-03-10T18:59:57","guid":{"rendered":"https:\/\/onedesk.com\/auszeichnungen-und-anerkennungen-onedesk\/"},"modified":"2021-03-10T19:00:13","modified_gmt":"2021-03-10T19:00:13","slug":"auszeichnungen-und-anerkennungen-onedesk","status":"publish","type":"page","link":"https:\/\/onedesk.com\/de\/auszeichnungen-und-anerkennungen-onedesk\/","title":{"rendered":"Auszeichnungen &amp; Bewertungen"},"content":{"rendered":"<h2>Unsere Auszeichnungen<\/h2>\n<div style=\"margin: 50px 0px 0px 0px; display: inline-block;\">\n<table>\n<tbody>\n<tr>\n<td><img decoding=\"async\" src=\"https:\/\/onedesk.com\/wp-content\/uploads\/2020\/05\/premium2019.png\" alt=\"OneDesk Awards and Recognition\" width=\"275\" height=\"146\"><\/td>\n<td><img decoding=\"async\" src=\"https:\/\/onedesk.com\/wp-content\/uploads\/2020\/05\/risingstar2019.png\" alt=\"OneDesk Awards and Recognition\" width=\"275\" height=\"146\"><\/td>\n<\/tr>\n<tr>\n<td>&nbsp;<\/p>\n<p><img decoding=\"async\" class=\"aligncenter size-full wp-image-63934\" src=\"https:\/\/onedesk.com\/wp-content\/uploads\/2020\/05\/Help-Desk-Software.png\" alt=\"OneDesk Softwareworld Review\" width=\"200\" srcset=\"https:\/\/onedesk.com\/wp-content\/uploads\/2020\/05\/Help-Desk-Software.png 300w, https:\/\/onedesk.com\/wp-content\/uploads\/2020\/05\/Help-Desk-Software-150x150.png 150w, https:\/\/onedesk.com\/wp-content\/uploads\/2020\/05\/Help-Desk-Software-255x255.png 255w, https:\/\/onedesk.com\/wp-content\/uploads\/2020\/05\/Help-Desk-Software-80x80.png 80w, https:\/\/onedesk.com\/wp-content\/uploads\/2020\/05\/Help-Desk-Software-40x40.png 40w, https:\/\/onedesk.com\/wp-content\/uploads\/2020\/05\/Help-Desk-Software-60x60.png 60w\" sizes=\"(max-width: 300px) 100vw, 300px\" \/><\/td>\n<\/tr>\n<\/tbody>\n<\/table>\n<\/div>\n<p>&nbsp;<\/p>\n<h2>Unsere Bewertungen<\/h2>\n<div style=\"margin: 30px 0px 0px 0px; display: inline-block;\">\n<table>\n<tbody>\n<tr>\n<td><img decoding=\"async\" src=\"https:\/\/onedesk.com\/wp-content\/uploads\/2020\/05\/capterra.png\" alt=\"Capterra  \" width=\"250\"><\/p>\n<p>Sie m\u00fcssen keine Anwendungen kaufen, integrieren und zwischen diesen wechseln. Ihr Team kann Ihre Kunden unterst\u00fctzen und an einem Ort an Projekten arbeiten. OneDesk richtet sich sowohl an KMUs als auch an Abteilungen gro\u00dfer Unternehmen und wird h\u00e4ufig von Projektmanagern, Kundendienst, IT, professionellen Diensten und mehr verwendet. <a href=\"https:\/\/www.capterra.com\/p\/115614\/OneDesk\/\">Weiterlesen<\/a><\/td>\n<td><img decoding=\"async\" src=\"https:\/\/onedesk.com\/wp-content\/uploads\/2020\/05\/4stars.png\" alt=\"OneDesk Review\" width=\"250\"><\/td>\n<\/tr>\n<tr>\n<td><img decoding=\"async\" src=\"https:\/\/onedesk.com\/wp-content\/uploads\/2020\/05\/getapp-vector-logo.png\" alt=\"OneDesk Review  \" width=\"250\"><\/p>\n<p>Mit der Cloud-Plattform von OneDesk m\u00fcssen Sie nicht mehrere verschiedene Umgebungen kaufen, integrieren und zwischen diesen wechseln, um Ihre Arbeit zu erledigen. Sie und Ihr Team k\u00f6nnen eine Vielzahl effizienter Workflows f\u00fcr Tickets und Aufgaben erm\u00f6glichen, die mit eigenst\u00e4ndigen L\u00f6sungen nicht m\u00f6glich w\u00e4ren. <a href=\"https:\/\/www.getapp.ca\/software\/10202\/featureset\">Weiterlesen<\/a><\/td>\n<td><img decoding=\"async\" src=\"https:\/\/onedesk.com\/wp-content\/uploads\/2020\/05\/4stars.png\" alt=\"OneDesk Review\" width=\"250\"><\/td>\n<\/tr>\n<tr>\n<td><img decoding=\"async\" src=\"https:\/\/onedesk.com\/wp-content\/uploads\/2020\/05\/ITQlick_Logo_5stars.png\" alt=\"OneDesk Reviews\" width=\"250\"><\/p>\n<p>Die Software bietet mehrere Kan\u00e4le f\u00fcr die Kommunikation von Anfragen, einschlie\u00dflich Social Media, E-Mail, Diskussionsforen und Telefon. Kunden k\u00f6nnen jederzeit zus\u00e4tzliche Informationen zu ihren Anfragen und W\u00fcnschen bereitstellen. Kunden k\u00f6nnen auch \u00fcber die Community-Foren zusammenarbeiten und ihre Probleme diskutieren, die je nach Bedarf erstellt werden k\u00f6nnen. <a href=\"https:\/\/www.itqlick.com\/onedesk-help-desk\">Weiterlesen<\/a><\/td>\n<td><img decoding=\"async\" src=\"https:\/\/onedesk.com\/wp-content\/uploads\/2020\/05\/3-star-rating-png-3.png\" alt=\"OneDesk Ratings\" width=\"250\"><\/td>\n<\/tr>\n<tr>\n<td>&nbsp;<\/p>\n<p><img decoding=\"async\" src=\"https:\/\/onedesk.com\/wp-content\/uploads\/2020\/05\/saasworthy_mailer_logo.png\" alt=\"OneDesk Review\" width=\"250\"><\/p>\n<p>OneDesk ist eine Projektmanagement- und Kollaborationsl\u00f6sung f\u00fcr Teams. Es bietet sowohl eine traditionelle Projektmanagementansicht und ein Dashboard als auch agile Statuskarten. Mit OneDesk k\u00f6nnen Sie Aufgaben mithilfe von Gantt-Diagrammen besser zuweisen, indem Sie abh\u00e4ngige Aufgaben verbinden, um zu sehen, wer mehr Arbeit \u00fcbernommen hat, und besser berechnen, wann Projekte und Aufgaben abgeschlossen werden und wie viel sie kosten. <a href=\"https:\/\/www.saasworthy.com\/product\/onedesk\">Weiterlesen<\/a><\/td>\n<td><img decoding=\"async\" src=\"https:\/\/onedesk.com\/wp-content\/uploads\/2020\/05\/image-asset.png\" alt=\"OneDesk Ratings\" width=\"500\" height=\"91\"><\/td>\n<\/tr>\n<tr>\n<td>&nbsp;<\/p>\n<p><img decoding=\"async\" src=\"https:\/\/onedesk.com\/wp-content\/uploads\/2020\/05\/Finance-Online-1-e1590028432707.png\" alt=\"OneDesk Review\" width=\"250\"><\/p>\n<p>OneDesk kombiniert Helpdesk mit Projektmanagement. Die App wurde entwickelt, um die Produktentwicklung zu vereinfachen, indem die Zusammenarbeit zwischen Entwicklern und Kunden erleichtert wird. OneDesk ist ideal f\u00fcr Freiberufler und Unternehmen jeder Gr\u00f6\u00dfe. Zu den Funktionen der App geh\u00f6ren das Zuweisen von Aufgaben, das Planen von Projekten, das Verfolgen von Arbeitszeittabellen, das Regulieren von Kosten und das \u00dcberwachen des Budgets. <a href=\"https:\/\/reviews.financesonline.com\/p\/onedesk\/\">Weiterlesen<\/a><\/td>\n<td><img loading=\"lazy\" decoding=\"async\" src=\"https:\/\/onedesk.com\/wp-content\/uploads\/2020\/05\/4stars.png\" alt=\"OneDesk Review\" width=\"436\" height=\"85\"><\/td>\n<\/tr>\n<tr>\n<td>&nbsp;<\/p>\n<p><img decoding=\"async\" src=\"https:\/\/onedesk.com\/wp-content\/uploads\/2020\/05\/csm-logo-12.4.png\" alt=\"OneDesk Review\" width=\"170\"><\/p>\n<p>Was ich f\u00fcr OneDesk einzigartig fand, war die Integration von Projektmanagement-Software. Das Erstellen neuer Projekte war unkompliziert und ich konnte Aufgaben bis zum Abschluss des Projekts planen, \u00fcberwachen und verfolgen. Mit automatischen CPM-Berechnungen k\u00f6nnen Aufgaben verkn\u00fcpft und visuell verglichen, Abh\u00e4ngigkeiten erstellt und Zeitpl\u00e4ne erstellt werden. <a href=\"https:\/\/www.customerservicemanager.com\/keeping-customers-happy-with-onedesk\/\">Weiterlesen<\/a><\/td>\n<\/tr>\n<tr>\n<td>&nbsp;<\/p>\n<p><img decoding=\"async\" class=\"alignnone size-full wp-image-63937\" src=\"https:\/\/onedesk.com\/wp-content\/uploads\/2020\/05\/New-SoftwareWorld-Logo.png\" alt=\"Softwareworld OneDesk Review\" width=\"200\" srcset=\"https:\/\/onedesk.com\/wp-content\/uploads\/2020\/05\/New-SoftwareWorld-Logo.png 170w, https:\/\/onedesk.com\/wp-content\/uploads\/2020\/05\/New-SoftwareWorld-Logo-151x40.png 151w\" sizes=\"(max-width: 170px) 100vw, 170px\" \/><\/p>\n<p>Mit der Helpdesk-Software kann ein Unternehmen alle Probleme und Probleme seiner IT-L\u00f6sungen \u00fcber eine einzige Schnittstelle verwalten. Von der SLA-Verwaltung bis zur Verm\u00f6gensverwaltung, von der Anforderung bis zur Vertragsverwaltung und von der Wartung bis zur Schadensbegrenzung; Alles wurde von dieser Helpdesk-Software erledigt. Erfahren Sie, was OneDesk im Jahr 2020 zu einer erstklassigen Helpdesk-Anwendung macht. <a href=\"https:\/\/www.softwareworld.co\/top-help-desk-software\/\">Weiterlesen<\/a><\/td>\n<\/tr>\n<\/tbody>\n<\/table>\n<\/div>\n","protected":false},"excerpt":{"rendered":"<p>Unsere Auszeichnungen &nbsp; &nbsp; Unsere Bewertungen Sie m\u00fcssen keine Anwendungen kaufen, integrieren und zwischen diesen wechseln. Ihr Team kann Ihre Kunden unterst\u00fctzen und an einem Ort an Projekten arbeiten. OneDesk richtet sich sowohl an KMUs als auch an Abteilungen gro\u00dfer Unternehmen und wird h\u00e4ufig von Projektmanagern, Kundendienst, IT, professionellen Diensten und mehr verwendet. Weiterlesen Mit [&hellip;]<\/p>\n","protected":false},"author":24,"featured_media":0,"parent":0,"menu_order":23,"comment_status":"closed","ping_status":"closed","template":"","meta":{"tpgb_global_settings":"","_crdt_document":"","inline_featured_image":false,"site-sidebar-layout":"default","site-content-layout":"default","ast-site-content-layout":"default","site-content-style":"default","site-sidebar-style":"default","ast-global-header-display":"","ast-banner-title-visibility":"","ast-main-header-display":"","ast-hfb-above-header-display":"","ast-hfb-below-header-display":"","ast-hfb-mobile-header-display":"","site-post-title":"","ast-breadcrumbs-content":"","ast-featured-img":"","footer-sml-layout":"","ast-disable-related-posts":"","theme-transparent-header-meta":"default","adv-header-id-meta":"","stick-header-meta":"","header-above-stick-meta":"","header-main-stick-meta":"","header-below-stick-meta":"","astra-migrate-meta-layouts":"default","ast-page-background-enabled":"default","ast-page-background-meta":{"desktop":{"background-color":"var(--ast-global-color-4)","background-image":"","background-repeat":"repeat","background-position":"center center","background-size":"auto","background-attachment":"scroll","background-type":"","background-media":"","overlay-type":"","overlay-color":"","overlay-opacity":"","overlay-gradient":""},"tablet":{"background-color":"","background-image":"","background-repeat":"repeat","background-position":"center center","background-size":"auto","background-attachment":"scroll","background-type":"","background-media":"","overlay-type":"","overlay-color":"","overlay-opacity":"","overlay-gradient":""},"mobile":{"background-color":"","background-image":"","background-repeat":"repeat","background-position":"center center","background-size":"auto","background-attachment":"scroll","background-type":"","background-media":"","overlay-type":"","overlay-color":"","overlay-opacity":"","overlay-gradient":""}},"ast-content-background-meta":{"desktop":{"background-color":"var(--ast-global-color-5)","background-image":"","background-repeat":"repeat","background-position":"center center","background-size":"auto","background-attachment":"scroll","background-type":"","background-media":"","overlay-type":"","overlay-color":"","overlay-opacity":"","overlay-gradient":""},"tablet":{"background-color":"var(--ast-global-color-5)","background-image":"","background-repeat":"repeat","background-position":"center center","background-size":"auto","background-attachment":"scroll","background-type":"","background-media":"","overlay-type":"","overlay-color":"","overlay-opacity":"","overlay-gradient":""},"mobile":{"background-color":"var(--ast-global-color-5)","background-image":"","background-repeat":"repeat","background-position":"center center","background-size":"auto","background-attachment":"scroll","background-type":"","background-media":"","overlay-type":"","overlay-color":"","overlay-opacity":"","overlay-gradient":""}},"footnotes":""},"class_list":["post-63918","page","type-page","status-publish","hentry"],"yoast_head":"<!-- This site is optimized with the Yoast SEO Premium plugin v27.6 (Yoast SEO v27.6) - https:\/\/yoast.com\/product\/yoast-seo-premium-wordpress\/ -->\n<title>Auszeichnungen &amp; Bewertungen | Helpdesk- und Projektmanagementl\u00f6sung | OneDesk<\/title>\n<meta name=\"description\" content=\"OneDesk ist Helpdesk-Software und Projektmanagement-Software in einer Anwendung. Wir sind branchen\u00fcbergreifend als integrierte Workflow-L\u00f6sung weit verbreitet.\" \/>\n<meta name=\"robots\" content=\"index, follow, max-snippet:-1, max-image-preview:large, max-video-preview:-1\" \/>\n<link rel=\"canonical\" href=\"https:\/\/onedesk.com\/de\/auszeichnungen-und-anerkennungen-onedesk\/\" \/>\n<meta property=\"og:locale\" content=\"de_DE\" \/>\n<meta property=\"og:type\" content=\"article\" \/>\n<meta property=\"og:title\" content=\"Auszeichnungen &amp; Bewertungen | Helpdesk- und Projektmanagementl\u00f6sung | OneDesk\" \/>\n<meta property=\"og:description\" content=\"OneDesk ist Helpdesk-Software und Projektmanagement-Software in einer Anwendung. Wir sind branchen\u00fcbergreifend als integrierte Workflow-L\u00f6sung weit verbreitet.\" \/>\n<meta property=\"og:url\" content=\"https:\/\/onedesk.com\/de\/auszeichnungen-und-anerkennungen-onedesk\/\" \/>\n<meta property=\"og:site_name\" content=\"OneDesk\" \/>\n<meta property=\"article:publisher\" content=\"https:\/\/www.facebook.com\/OneDeskApp\" \/>\n<meta property=\"article:modified_time\" content=\"2021-03-10T19:00:13+00:00\" \/>\n<meta property=\"og:image\" content=\"https:\/\/onedesk.com\/wp-content\/uploads\/2020\/05\/premium2019.png\" \/>\n<meta name=\"twitter:card\" content=\"summary_large_image\" \/>\n<meta name=\"twitter:site\" content=\"@OneDeskApp\" \/>\n<meta name=\"twitter:label1\" content=\"Est. reading time\" \/>\n\t<meta name=\"twitter:data1\" content=\"2 minutes\" \/>\n<!-- \/ Yoast SEO Premium plugin. -->","yoast_head_json":{"title":"Auszeichnungen & Bewertungen | Helpdesk- und Projektmanagementl\u00f6sung | OneDesk","description":"OneDesk ist Helpdesk-Software und Projektmanagement-Software in einer Anwendung. Wir sind branchen\u00fcbergreifend als integrierte Workflow-L\u00f6sung weit verbreitet.","robots":{"index":"index","follow":"follow","max-snippet":"max-snippet:-1","max-image-preview":"max-image-preview:large","max-video-preview":"max-video-preview:-1"},"canonical":"https:\/\/onedesk.com\/de\/auszeichnungen-und-anerkennungen-onedesk\/","og_locale":"de_DE","og_type":"article","og_title":"Auszeichnungen & Bewertungen | Helpdesk- und Projektmanagementl\u00f6sung | OneDesk","og_description":"OneDesk ist Helpdesk-Software und Projektmanagement-Software in einer Anwendung. Wir sind branchen\u00fcbergreifend als integrierte Workflow-L\u00f6sung weit verbreitet.","og_url":"https:\/\/onedesk.com\/de\/auszeichnungen-und-anerkennungen-onedesk\/","og_site_name":"OneDesk","article_publisher":"https:\/\/www.facebook.com\/OneDeskApp","article_modified_time":"2021-03-10T19:00:13+00:00","og_image":[{"url":"https:\/\/onedesk.com\/wp-content\/uploads\/2020\/05\/premium2019.png","type":"","width":"","height":""}],"twitter_card":"summary_large_image","twitter_site":"@OneDeskApp","twitter_misc":{"Est. reading time":"2 minutes"},"schema":{"@context":"https:\/\/schema.org","@graph":[{"@type":"WebPage","@id":"https:\/\/onedesk.com\/de\/auszeichnungen-und-anerkennungen-onedesk\/","url":"https:\/\/onedesk.com\/de\/auszeichnungen-und-anerkennungen-onedesk\/","name":"Auszeichnungen & Bewertungen | Helpdesk- und Projektmanagementl\u00f6sung | OneDesk","isPartOf":{"@id":"https:\/\/onedesk.com\/de\/#website"},"primaryImageOfPage":{"@id":"https:\/\/onedesk.com\/de\/auszeichnungen-und-anerkennungen-onedesk\/#primaryimage"},"image":{"@id":"https:\/\/onedesk.com\/de\/auszeichnungen-und-anerkennungen-onedesk\/#primaryimage"},"thumbnailUrl":"https:\/\/onedesk.com\/wp-content\/uploads\/2020\/05\/premium2019.png","datePublished":"2021-03-10T18:59:57+00:00","dateModified":"2021-03-10T19:00:13+00:00","description":"OneDesk ist Helpdesk-Software und Projektmanagement-Software in einer Anwendung. Wir sind branchen\u00fcbergreifend als integrierte Workflow-L\u00f6sung weit verbreitet.","inLanguage":"de-DE","potentialAction":[{"@type":"ReadAction","target":["https:\/\/onedesk.com\/de\/auszeichnungen-und-anerkennungen-onedesk\/"]}]},{"@type":"ImageObject","inLanguage":"de-DE","@id":"https:\/\/onedesk.com\/de\/auszeichnungen-und-anerkennungen-onedesk\/#primaryimage","url":"https:\/\/onedesk.com\/wp-content\/uploads\/2020\/05\/premium2019.png","contentUrl":"https:\/\/onedesk.com\/wp-content\/uploads\/2020\/05\/premium2019.png"},{"@type":"WebSite","@id":"https:\/\/onedesk.com\/de\/#website","url":"https:\/\/onedesk.com\/de\/","name":"OneDesk","description":"Projektmanagement- und Helpdesk-Software","publisher":{"@id":"https:\/\/onedesk.com\/de\/#organization"},"potentialAction":[{"@type":"SearchAction","target":{"@type":"EntryPoint","urlTemplate":"https:\/\/onedesk.com\/de\/?s={search_term_string}"},"query-input":{"@type":"PropertyValueSpecification","valueRequired":true,"valueName":"search_term_string"}}],"inLanguage":"de-DE"},{"@type":"Organization","@id":"https:\/\/onedesk.com\/de\/#organization","name":"OneDesk","url":"https:\/\/onedesk.com\/de\/","logo":{"@type":"ImageObject","inLanguage":"de-DE","@id":"https:\/\/onedesk.com\/de\/#\/schema\/logo\/image\/","url":"https:\/\/onedesk.com\/wp-content\/uploads\/2016\/01\/white-logo-small.png","contentUrl":"https:\/\/onedesk.com\/wp-content\/uploads\/2016\/01\/white-logo-small.png","width":207,"height":40,"caption":"OneDesk"},"image":{"@id":"https:\/\/onedesk.com\/de\/#\/schema\/logo\/image\/"},"sameAs":["https:\/\/www.facebook.com\/OneDeskApp","https:\/\/x.com\/OneDeskApp","https:\/\/www.instagram.com\/onedeskapp\/","https:\/\/www.linkedin.com\/company\/onedesk-inc-1","https:\/\/www.pinterest.com\/onedesk\/","https:\/\/www.youtube.com\/user\/OneDeskApp"]}]}},"tpgb_featured_images":null,"tpgb_post_meta_info":{"get_date":"March 10, 2021","get_modified_date":"March 10, 2021","author_name":"Mashiat Maswood","author_url":"https:\/\/onedesk.com\/de\/author\/mashiat-maswood\/","author_email":"mashiat.maswood@onedesk.com","author_website":"","author_description":"","author_facebook":"","author_twitter":"","author_instagram":"","author_role":["subscriber"],"author_firstname":"Mashiat","author_lastname":"Maswood","user_login":"Mashiat.Maswood","author_avatar":"<img alt='' src='https:\/\/secure.gravatar.com\/avatar\/631e159ece3441d541456b1aba7af50e4b7dde49f18d29bf51b8101e910fee55?s=200&#038;d=mm&#038;r=g' srcset='https:\/\/secure.gravatar.com\/avatar\/631e159ece3441d541456b1aba7af50e4b7dde49f18d29bf51b8101e910fee55?s=400&#038;d=mm&#038;r=g 2x' class='avatar avatar-200 photo' height='200' width='200' decoding='async'\/>","author_avatar_url":"https:\/\/secure.gravatar.com\/avatar\/631e159ece3441d541456b1aba7af50e4b7dde49f18d29bf51b8101e910fee55?s=96&d=mm&r=g","comment_count":0,"post_likes":0,"post_views":0},"tpgb_post_category":[],"jetpack_shortlink":"https:\/\/wp.me\/PfpPaI-gCW","amp_enabled":true,"_links":{"self":[{"href":"https:\/\/onedesk.com\/de\/wp-json\/wp\/v2\/pages\/63918","targetHints":{"allow":["GET"]}}],"collection":[{"href":"https:\/\/onedesk.com\/de\/wp-json\/wp\/v2\/pages"}],"about":[{"href":"https:\/\/onedesk.com\/de\/wp-json\/wp\/v2\/types\/page"}],"author":[{"embeddable":true,"href":"https:\/\/onedesk.com\/de\/wp-json\/wp\/v2\/users\/24"}],"replies":[{"embeddable":true,"href":"https:\/\/onedesk.com\/de\/wp-json\/wp\/v2\/comments?post=63918"}],"version-history":[{"count":1,"href":"https:\/\/onedesk.com\/de\/wp-json\/wp\/v2\/pages\/63918\/revisions"}],"predecessor-version":[{"id":63951,"href":"https:\/\/onedesk.com\/de\/wp-json\/wp\/v2\/pages\/63918\/revisions\/63951"}],"wp:attachment":[{"href":"https:\/\/onedesk.com\/de\/wp-json\/wp\/v2\/media?parent=63918"}],"curies":[{"name":"wp","href":"https:\/\/api.w.org\/{rel}","templated":true}]}}