{"id":64365,"date":"2021-03-10T19:11:59","date_gmt":"2021-03-10T19:11:59","guid":{"rendered":"https:\/\/onedesk.com\/box\/"},"modified":"2023-12-22T20:10:35","modified_gmt":"2023-12-22T20:10:35","slug":"box","status":"publish","type":"page","link":"https:\/\/onedesk.com\/de\/integrieren-mit-onedesk\/box\/","title":{"rendered":"Box"},"content":{"rendered":"\t\t<div data-elementor-type=\"wp-page\" data-elementor-id=\"64365\" class=\"elementor elementor-64365 elementor-46509\" data-elementor-post-type=\"page\">\n\t\t\t\t\t\t<section class=\"elementor-section elementor-top-section elementor-element elementor-element-6d99eaf elementor-section-boxed elementor-section-height-default elementor-section-height-default\" data-id=\"6d99eaf\" data-element_type=\"section\" data-e-type=\"section\">\n\t\t\t\t\t\t<div class=\"elementor-container elementor-column-gap-default\">\n\t\t\t\t\t<div class=\"elementor-column elementor-col-100 elementor-top-column elementor-element elementor-element-679397f\" data-id=\"679397f\" data-element_type=\"column\" data-e-type=\"column\">\n\t\t\t<div class=\"elementor-widget-wrap elementor-element-populated\">\n\t\t\t\t\t\t<div class=\"elementor-element elementor-element-a55688a elementor-widget elementor-widget-heading\" data-id=\"a55688a\" data-element_type=\"widget\" data-e-type=\"widget\" data-widget_type=\"heading.default\">\n\t\t\t\t<div class=\"elementor-widget-container\">\n\t\t\t\t\t<h1 class=\"elementor-heading-title elementor-size-default\">Box-Integration mit Helpdesk und Projektmanagement-Software<\/h1>\t\t\t\t<\/div>\n\t\t\t\t<\/div>\n\t\t\t\t<div class=\"elementor-element elementor-element-41b6e24 elementor-widget elementor-widget-text-editor\" data-id=\"41b6e24\" data-element_type=\"widget\" data-e-type=\"widget\" data-widget_type=\"text-editor.default\">\n\t\t\t\t<div class=\"elementor-widget-container\">\n\t\t\t\t\t\t\t\t\t<p>OneDesk integriert Helpdesk- und Projektmanagement-Software in Ihr Box-Konto.<\/p>\n\t\t\t\t\t\t\t\t<\/div>\n\t\t\t\t<\/div>\n\t\t\t\t<div class=\"elementor-element elementor-element-70dc348 elementor-align-center elementor-widget elementor-widget-global elementor-global-239885 elementor-global-131872 elementor-widget-button\" data-id=\"70dc348\" data-element_type=\"widget\" data-e-type=\"widget\" data-widget_type=\"button.default\">\n\t\t\t\t<div class=\"elementor-widget-container\">\n\t\t\t\t\t\t\t\t\t<div class=\"elementor-button-wrapper\">\n\t\t\t\t\t<a class=\"elementor-button elementor-button-link elementor-size-lg elementor-animation-grow\" href=\"https:\/\/onedesk.com\/de\/melde-dich-kostenlos-an\/\">\n\t\t\t\t\t\t<span class=\"elementor-button-content-wrapper\">\n\t\t\t\t\t\t\t\t\t<span class=\"elementor-button-text\">Melde dich kostenlos an!<\/span>\n\t\t\t\t\t<\/span>\n\t\t\t\t\t<\/a>\n\t\t\t\t<\/div>\n\t\t\t\t\t\t\t\t<\/div>\n\t\t\t\t<\/div>\n\t\t\t\t\t<\/div>\n\t\t<\/div>\n\t\t\t\t\t<\/div>\n\t\t<\/section>\n\t\t\t\t<section class=\"elementor-section elementor-top-section elementor-element elementor-element-99d3343 elementor-section-boxed elementor-section-height-default elementor-section-height-default\" data-id=\"99d3343\" data-element_type=\"section\" data-e-type=\"section\" data-settings=\"{&quot;background_background&quot;:&quot;classic&quot;}\">\n\t\t\t\t\t\t<div class=\"elementor-container elementor-column-gap-default\">\n\t\t\t\t\t<div class=\"elementor-column elementor-col-50 elementor-top-column elementor-element elementor-element-7f6d894\" data-id=\"7f6d894\" data-element_type=\"column\" data-e-type=\"column\">\n\t\t\t<div class=\"elementor-widget-wrap elementor-element-populated\">\n\t\t\t\t\t\t<div class=\"elementor-element elementor-element-61483c0 elementor-widget elementor-widget-image\" data-id=\"61483c0\" data-element_type=\"widget\" data-e-type=\"widget\" data-widget_type=\"image.default\">\n\t\t\t\t<div class=\"elementor-widget-container\">\n\t\t\t\t\t\t\t\t\t\t\t\t\t\t\t<img decoding=\"async\" width=\"84\" height=\"84\" src=\"https:\/\/onedesk.com\/wp-content\/uploads\/2020\/01\/box.png\" class=\"attachment-large size-large wp-image-64378\" alt=\"Kasten\" srcset=\"https:\/\/onedesk.com\/wp-content\/uploads\/2020\/01\/box.png 84w, https:\/\/onedesk.com\/wp-content\/uploads\/2020\/01\/box-80x80.png 80w, https:\/\/onedesk.com\/wp-content\/uploads\/2020\/01\/box-40x40.png 40w, https:\/\/onedesk.com\/wp-content\/uploads\/2020\/01\/box-60x60.png 60w\" sizes=\"(max-width: 84px) 100vw, 84px\" \/>\t\t\t\t\t\t\t\t\t\t\t\t\t\t\t<\/div>\n\t\t\t\t<\/div>\n\t\t\t\t\t<\/div>\n\t\t<\/div>\n\t\t\t\t<div class=\"elementor-column elementor-col-50 elementor-top-column elementor-element elementor-element-1f8a51f\" data-id=\"1f8a51f\" data-element_type=\"column\" data-e-type=\"column\">\n\t\t\t<div class=\"elementor-widget-wrap elementor-element-populated\">\n\t\t\t\t\t\t<div class=\"elementor-element elementor-element-8bd308a elementor-widget elementor-widget-heading\" data-id=\"8bd308a\" data-element_type=\"widget\" data-e-type=\"widget\" data-widget_type=\"heading.default\">\n\t\t\t\t<div class=\"elementor-widget-container\">\n\t\t\t\t\t<h2 class=\"elementor-heading-title elementor-size-default\">Verbinden Sie Box mit Ihrem OneDesk-Konto<\/h2>\t\t\t\t<\/div>\n\t\t\t\t<\/div>\n\t\t\t\t<div class=\"elementor-element elementor-element-ea152df elementor-widget elementor-widget-text-editor\" data-id=\"ea152df\" data-element_type=\"widget\" data-e-type=\"widget\" data-widget_type=\"text-editor.default\">\n\t\t\t\t<div class=\"elementor-widget-container\">\n\t\t\t\t\t\t\t\t\t<p>H\u00e4ngen Sie Dateien direkt aus der Cloud an. Verbinden Sie die Helpdesk- und Projektmanagementsoftware von OneDesk mit Ihrem Box-Konto, um das Abrufen und Anh\u00e4ngen der dort gespeicherten Dateien zu erleichtern.<\/p>\n\t\t\t\t\t\t\t\t<\/div>\n\t\t\t\t<\/div>\n\t\t\t\t\t<\/div>\n\t\t<\/div>\n\t\t\t\t\t<\/div>\n\t\t<\/section>\n\t\t\t\t<section class=\"elementor-section elementor-top-section elementor-element elementor-element-c0758d4 elementor-section-boxed elementor-section-height-default elementor-section-height-default\" data-id=\"c0758d4\" data-element_type=\"section\" data-e-type=\"section\">\n\t\t\t\t\t\t<div class=\"elementor-container elementor-column-gap-default\">\n\t\t\t\t\t<div class=\"elementor-column elementor-col-100 elementor-top-column elementor-element elementor-element-07a1025\" data-id=\"07a1025\" data-element_type=\"column\" data-e-type=\"column\">\n\t\t\t<div class=\"elementor-widget-wrap elementor-element-populated\">\n\t\t\t\t\t\t<div class=\"elementor-element elementor-element-63f2df4 elementor-widget elementor-widget-heading\" data-id=\"63f2df4\" data-element_type=\"widget\" data-e-type=\"widget\" data-widget_type=\"heading.default\">\n\t\t\t\t<div class=\"elementor-widget-container\">\n\t\t\t\t\t<h2 class=\"elementor-heading-title elementor-size-default\">Was erm\u00f6glicht Ihnen die Box-Integration?<\/h2>\t\t\t\t<\/div>\n\t\t\t\t<\/div>\n\t\t\t\t<div class=\"elementor-element elementor-element-76f7b82 elementor-widget elementor-widget-text-editor\" data-id=\"76f7b82\" data-element_type=\"widget\" data-e-type=\"widget\" data-widget_type=\"text-editor.default\">\n\t\t\t\t<div class=\"elementor-widget-container\">\n\t\t\t\t\t\t\t\t\t<p>Wenn die Box-Integration aktiviert ist, haben Sie in OneDesk eine zus\u00e4tzliche Option zum Anh\u00e4ngen von Dateien an Tickets, Aufgaben und Projekte. Sie k\u00f6nnen sie weiterhin aus Ihrem lokalen Speicher hinzuf\u00fcgen, aber Sie k\u00f6nnen sie auch suchen und direkt von Ihrem Box-Konto aus anh\u00e4ngen.<\/p>\n<p>Die Integration der Helpdesk- und Projektmanagement-Software von OneDesk in Ihr Box-Konto ist einfach. Befolgen Sie einfach die folgenden Schritte oder sehen Sie sich das Video an.<\/p>\n\t\t\t\t\t\t\t\t<\/div>\n\t\t\t\t<\/div>\n\t\t\t\t\t<\/div>\n\t\t<\/div>\n\t\t\t\t\t<\/div>\n\t\t<\/section>\n\t\t\t\t<section class=\"elementor-section elementor-top-section elementor-element elementor-element-71f082c elementor-section-boxed elementor-section-height-default elementor-section-height-default\" data-id=\"71f082c\" data-element_type=\"section\" data-e-type=\"section\" data-settings=\"{&quot;background_background&quot;:&quot;classic&quot;}\">\n\t\t\t\t\t\t<div class=\"elementor-container elementor-column-gap-default\">\n\t\t\t\t\t<div class=\"elementor-column elementor-col-100 elementor-top-column elementor-element elementor-element-e4710dc\" data-id=\"e4710dc\" data-element_type=\"column\" data-e-type=\"column\">\n\t\t\t<div class=\"elementor-widget-wrap elementor-element-populated\">\n\t\t\t\t\t\t<div class=\"elementor-element elementor-element-aa97827 elementor-widget elementor-widget-heading\" data-id=\"aa97827\" data-element_type=\"widget\" data-e-type=\"widget\" data-widget_type=\"heading.default\">\n\t\t\t\t<div class=\"elementor-widget-container\">\n\t\t\t\t\t<h2 class=\"elementor-heading-title elementor-size-default\">So verbinden Sie OneDesk mit Box<\/h2>\t\t\t\t<\/div>\n\t\t\t\t<\/div>\n\t\t\t\t<div class=\"elementor-element elementor-element-a10f13d elementor-widget elementor-widget-text-editor\" data-id=\"a10f13d\" data-element_type=\"widget\" data-e-type=\"widget\" data-widget_type=\"text-editor.default\">\n\t\t\t\t<div class=\"elementor-widget-container\">\n\t\t\t\t\t\t\t\t\t<ul>\n<li><span style=\"font-size: 16px;\">Navigieren Sie in Ihrem OneDesk-Konto zu ADMINISTRATION&gt; INTEGRATIONEN<\/span><\/li>\n<li>Klicken Sie neben der Box-Integration auf \u201eVerbinden\u201c.  <\/li>\n<li>Die Schaltfl\u00e4che \u201eVerbinden\u201c \u00e4ndert sich, um anzuzeigen, dass die Integration jetzt aktiv ist.<\/li>\n<li>Navigieren Sie zu einem Ticket-, Aufgaben- oder Projektdetailfenster und klicken Sie auf \u201eAnh\u00e4ngen\u201c.  <\/li>\n<li>Sie haben jetzt im Anh\u00e4ngemen\u00fc die neue Option \u201eAus Box anh\u00e4ngen\u201c.<\/li>\n<li>W\u00e4hlen Sie \u201eAus Box anh\u00e4ngen\u201c und Sie werden aufgefordert, sich anzumelden und Ihr Box-Konto zu autorisieren.<\/li>\n<\/ul>\n<div class=\"tour-content-0\"> <\/div>\n\t\t\t\t\t\t\t\t<\/div>\n\t\t\t\t<\/div>\n\t\t\t\t\t<\/div>\n\t\t<\/div>\n\t\t\t\t\t<\/div>\n\t\t<\/section>\n\t\t\t\t<\/div>\n\t\t","protected":false},"excerpt":{"rendered":"<p>Box-Integration mit Helpdesk und Projektmanagement-Software OneDesk integriert Helpdesk- und Projektmanagement-Software in Ihr Box-Konto. Sign up free! Verbinden Sie Box mit Ihrem OneDesk-Konto H\u00e4ngen Sie Dateien direkt aus der Cloud an. Verbinden Sie die Helpdesk- und Projektmanagementsoftware von OneDesk mit Ihrem Box-Konto, um das Abrufen und Anh\u00e4ngen der dort gespeicherten Dateien zu erleichtern. Was erm\u00f6glicht Ihnen [&hellip;]<\/p>\n","protected":false},"author":1,"featured_media":0,"parent":64370,"menu_order":1,"comment_status":"closed","ping_status":"closed","template":"","meta":{"tpgb_global_settings":"","_crdt_document":"","inline_featured_image":false,"site-sidebar-layout":"default","site-content-layout":"","ast-site-content-layout":"default","site-content-style":"default","site-sidebar-style":"default","ast-global-header-display":"","ast-banner-title-visibility":"","ast-main-header-display":"","ast-hfb-above-header-display":"","ast-hfb-below-header-display":"","ast-hfb-mobile-header-display":"","site-post-title":"","ast-breadcrumbs-content":"","ast-featured-img":"","footer-sml-layout":"","ast-disable-related-posts":"","theme-transparent-header-meta":"","adv-header-id-meta":"","stick-header-meta":"","header-above-stick-meta":"","header-main-stick-meta":"","header-below-stick-meta":"","astra-migrate-meta-layouts":"default","ast-page-background-enabled":"default","ast-page-background-meta":{"desktop":{"background-color":"var(--ast-global-color-4)","background-image":"","background-repeat":"repeat","background-position":"center center","background-size":"auto","background-attachment":"scroll","background-type":"","background-media":"","overlay-type":"","overlay-color":"","overlay-opacity":"","overlay-gradient":""},"tablet":{"background-color":"","background-image":"","background-repeat":"repeat","background-position":"center center","background-size":"auto","background-attachment":"scroll","background-type":"","background-media":"","overlay-type":"","overlay-color":"","overlay-opacity":"","overlay-gradient":""},"mobile":{"background-color":"","background-image":"","background-repeat":"repeat","background-position":"center center","background-size":"auto","background-attachment":"scroll","background-type":"","background-media":"","overlay-type":"","overlay-color":"","overlay-opacity":"","overlay-gradient":""}},"ast-content-background-meta":{"desktop":{"background-color":"var(--ast-global-color-5)","background-image":"","background-repeat":"repeat","background-position":"center center","background-size":"auto","background-attachment":"scroll","background-type":"","background-media":"","overlay-type":"","overlay-color":"","overlay-opacity":"","overlay-gradient":""},"tablet":{"background-color":"var(--ast-global-color-5)","background-image":"","background-repeat":"repeat","background-position":"center center","background-size":"auto","background-attachment":"scroll","background-type":"","background-media":"","overlay-type":"","overlay-color":"","overlay-opacity":"","overlay-gradient":""},"mobile":{"background-color":"var(--ast-global-color-5)","background-image":"","background-repeat":"repeat","background-position":"center center","background-size":"auto","background-attachment":"scroll","background-type":"","background-media":"","overlay-type":"","overlay-color":"","overlay-opacity":"","overlay-gradient":""}},"footnotes":""},"class_list":["post-64365","page","type-page","status-publish","hentry"],"yoast_head":"<!-- This site is optimized with the Yoast SEO Premium plugin v27.3 (Yoast SEO v27.3) - https:\/\/yoast.com\/product\/yoast-seo-premium-wordpress\/ -->\n<title>Box Integration | Helpdesk- und Projektmanagementsoftware | OneDesk<\/title>\n<meta name=\"description\" content=\"Die Box-Integration ist f\u00fcr OneDesk Helpdesk und Projektmanagement-Software verf\u00fcgbar. Verbinden Sie Ihr Konto, um effizienter an Ihren Projekten zu arbeiten.\" \/>\n<meta name=\"robots\" content=\"index, follow, max-snippet:-1, max-image-preview:large, max-video-preview:-1\" \/>\n<link rel=\"canonical\" href=\"https:\/\/onedesk.com\/de\/integrieren-mit-onedesk\/box\/\" \/>\n<meta property=\"og:locale\" content=\"de_DE\" \/>\n<meta property=\"og:type\" content=\"article\" \/>\n<meta property=\"og:title\" content=\"Box Integration | Helpdesk- und Projektmanagementsoftware | OneDesk\" \/>\n<meta property=\"og:description\" content=\"Die Box-Integration ist f\u00fcr OneDesk Helpdesk und Projektmanagement-Software verf\u00fcgbar. Verbinden Sie Ihr Konto, um effizienter an Ihren Projekten zu arbeiten.\" \/>\n<meta property=\"og:url\" content=\"https:\/\/onedesk.com\/de\/integrieren-mit-onedesk\/box\/\" \/>\n<meta property=\"og:site_name\" content=\"OneDesk\" \/>\n<meta property=\"article:publisher\" content=\"https:\/\/www.facebook.com\/OneDeskApp\" \/>\n<meta property=\"article:modified_time\" content=\"2023-12-22T20:10:35+00:00\" \/>\n<meta property=\"og:image\" content=\"https:\/\/onedesk.com\/wp-content\/uploads\/2020\/01\/box.png\" \/>\n<meta name=\"twitter:card\" content=\"summary_large_image\" \/>\n<meta name=\"twitter:site\" content=\"@OneDeskApp\" \/>\n<meta name=\"twitter:label1\" content=\"Est. reading time\" \/>\n\t<meta name=\"twitter:data1\" content=\"1 minute\" \/>\n<!-- \/ Yoast SEO Premium plugin. -->","yoast_head_json":{"title":"Box Integration | Helpdesk- und Projektmanagementsoftware | OneDesk","description":"Die Box-Integration ist f\u00fcr OneDesk Helpdesk und Projektmanagement-Software verf\u00fcgbar. Verbinden Sie Ihr Konto, um effizienter an Ihren Projekten zu arbeiten.","robots":{"index":"index","follow":"follow","max-snippet":"max-snippet:-1","max-image-preview":"max-image-preview:large","max-video-preview":"max-video-preview:-1"},"canonical":"https:\/\/onedesk.com\/de\/integrieren-mit-onedesk\/box\/","og_locale":"de_DE","og_type":"article","og_title":"Box Integration | Helpdesk- und Projektmanagementsoftware | OneDesk","og_description":"Die Box-Integration ist f\u00fcr OneDesk Helpdesk und Projektmanagement-Software verf\u00fcgbar. Verbinden Sie Ihr Konto, um effizienter an Ihren Projekten zu arbeiten.","og_url":"https:\/\/onedesk.com\/de\/integrieren-mit-onedesk\/box\/","og_site_name":"OneDesk","article_publisher":"https:\/\/www.facebook.com\/OneDeskApp","article_modified_time":"2023-12-22T20:10:35+00:00","og_image":[{"url":"https:\/\/onedesk.com\/wp-content\/uploads\/2020\/01\/box.png","type":"","width":"","height":""}],"twitter_card":"summary_large_image","twitter_site":"@OneDeskApp","twitter_misc":{"Est. reading time":"1 minute"},"schema":{"@context":"https:\/\/schema.org","@graph":[{"@type":"WebPage","@id":"https:\/\/onedesk.com\/de\/integrieren-mit-onedesk\/box\/","url":"https:\/\/onedesk.com\/de\/integrieren-mit-onedesk\/box\/","name":"Box Integration | Helpdesk- und Projektmanagementsoftware | OneDesk","isPartOf":{"@id":"https:\/\/onedesk.com\/de\/#website"},"primaryImageOfPage":{"@id":"https:\/\/onedesk.com\/de\/integrieren-mit-onedesk\/box\/#primaryimage"},"image":{"@id":"https:\/\/onedesk.com\/de\/integrieren-mit-onedesk\/box\/#primaryimage"},"thumbnailUrl":"https:\/\/onedesk.com\/wp-content\/uploads\/2020\/01\/box.png","datePublished":"2021-03-10T19:11:59+00:00","dateModified":"2023-12-22T20:10:35+00:00","description":"Die Box-Integration ist f\u00fcr OneDesk Helpdesk und Projektmanagement-Software verf\u00fcgbar. Verbinden Sie Ihr Konto, um effizienter an Ihren Projekten zu arbeiten.","breadcrumb":{"@id":"https:\/\/onedesk.com\/de\/integrieren-mit-onedesk\/box\/#breadcrumb"},"inLanguage":"de-DE","potentialAction":[{"@type":"ReadAction","target":["https:\/\/onedesk.com\/de\/integrieren-mit-onedesk\/box\/"]}]},{"@type":"ImageObject","inLanguage":"de-DE","@id":"https:\/\/onedesk.com\/de\/integrieren-mit-onedesk\/box\/#primaryimage","url":"https:\/\/onedesk.com\/wp-content\/uploads\/2020\/01\/box.png","contentUrl":"https:\/\/onedesk.com\/wp-content\/uploads\/2020\/01\/box.png"},{"@type":"BreadcrumbList","@id":"https:\/\/onedesk.com\/de\/integrieren-mit-onedesk\/box\/#breadcrumb","itemListElement":[{"@type":"ListItem","position":1,"name":"Integration in OneDesk","item":"https:\/\/onedesk.com\/de\/integrieren-mit-onedesk\/"},{"@type":"ListItem","position":2,"name":"Box"}]},{"@type":"WebSite","@id":"https:\/\/onedesk.com\/de\/#website","url":"https:\/\/onedesk.com\/de\/","name":"OneDesk","description":"Projektmanagement- und Helpdesk-Software","publisher":{"@id":"https:\/\/onedesk.com\/de\/#organization"},"potentialAction":[{"@type":"SearchAction","target":{"@type":"EntryPoint","urlTemplate":"https:\/\/onedesk.com\/de\/?s={search_term_string}"},"query-input":{"@type":"PropertyValueSpecification","valueRequired":true,"valueName":"search_term_string"}}],"inLanguage":"de-DE"},{"@type":"Organization","@id":"https:\/\/onedesk.com\/de\/#organization","name":"OneDesk","url":"https:\/\/onedesk.com\/de\/","logo":{"@type":"ImageObject","inLanguage":"de-DE","@id":"https:\/\/onedesk.com\/de\/#\/schema\/logo\/image\/","url":"https:\/\/onedesk.com\/wp-content\/uploads\/2016\/01\/white-logo-small.png","contentUrl":"https:\/\/onedesk.com\/wp-content\/uploads\/2016\/01\/white-logo-small.png","width":207,"height":40,"caption":"OneDesk"},"image":{"@id":"https:\/\/onedesk.com\/de\/#\/schema\/logo\/image\/"},"sameAs":["https:\/\/www.facebook.com\/OneDeskApp","https:\/\/x.com\/OneDeskApp","https:\/\/www.instagram.com\/onedeskapp\/","https:\/\/www.linkedin.com\/company\/onedesk-inc-1","https:\/\/www.pinterest.com\/onedesk\/","https:\/\/www.youtube.com\/user\/OneDeskApp"]}]}},"tpgb_featured_images":null,"tpgb_post_meta_info":{"get_date":"March 10, 2021","get_modified_date":"December 22, 2023","author_name":"server.admin@onedesk.com","author_url":"https:\/\/onedesk.com\/de\/author\/server-adminonedesk-com\/","author_email":"server.admin@onedesk.com","author_website":"","author_description":"","author_facebook":"","author_twitter":"","author_instagram":"","author_role":["administrator"],"author_firstname":"","author_lastname":"","user_login":"server.admin@onedesk.com","author_avatar":"<img alt='' src='https:\/\/secure.gravatar.com\/avatar\/a37d6b270be81ecbf4ab9ca7260f2d1ee4d0295343706f0648e9d7a0d75243d3?s=200&#038;d=mm&#038;r=g' srcset='https:\/\/secure.gravatar.com\/avatar\/a37d6b270be81ecbf4ab9ca7260f2d1ee4d0295343706f0648e9d7a0d75243d3?s=400&#038;d=mm&#038;r=g 2x' class='avatar avatar-200 photo' height='200' width='200' decoding='async'\/>","author_avatar_url":"https:\/\/secure.gravatar.com\/avatar\/a37d6b270be81ecbf4ab9ca7260f2d1ee4d0295343706f0648e9d7a0d75243d3?s=96&d=mm&r=g","comment_count":0,"post_likes":0,"post_views":0},"tpgb_post_category":[],"jetpack_shortlink":"https:\/\/wp.me\/PfpPaI-gK9","amp_enabled":true,"_links":{"self":[{"href":"https:\/\/onedesk.com\/de\/wp-json\/wp\/v2\/pages\/64365","targetHints":{"allow":["GET"]}}],"collection":[{"href":"https:\/\/onedesk.com\/de\/wp-json\/wp\/v2\/pages"}],"about":[{"href":"https:\/\/onedesk.com\/de\/wp-json\/wp\/v2\/types\/page"}],"author":[{"embeddable":true,"href":"https:\/\/onedesk.com\/de\/wp-json\/wp\/v2\/users\/1"}],"replies":[{"embeddable":true,"href":"https:\/\/onedesk.com\/de\/wp-json\/wp\/v2\/comments?post=64365"}],"version-history":[{"count":3,"href":"https:\/\/onedesk.com\/de\/wp-json\/wp\/v2\/pages\/64365\/revisions"}],"predecessor-version":[{"id":264591,"href":"https:\/\/onedesk.com\/de\/wp-json\/wp\/v2\/pages\/64365\/revisions\/264591"}],"up":[{"embeddable":true,"href":"https:\/\/onedesk.com\/de\/wp-json\/wp\/v2\/pages\/64370"}],"wp:attachment":[{"href":"https:\/\/onedesk.com\/de\/wp-json\/wp\/v2\/media?parent=64365"}],"curies":[{"name":"wp","href":"https:\/\/api.w.org\/{rel}","templated":true}]}}