{"id":64592,"date":"2021-03-10T19:15:00","date_gmt":"2021-03-10T19:15:00","guid":{"rendered":"https:\/\/onedesk.com\/organisieren\/"},"modified":"2021-03-10T19:15:56","modified_gmt":"2021-03-10T19:15:56","slug":"organisieren","status":"publish","type":"page","link":"https:\/\/onedesk.com\/de\/organisieren\/","title":{"rendered":"Schritt 1 &#8211; Einf\u00fchrung"},"content":{"rendered":"<h3 style=\"text-align: center;\">Was ist OneDesk?<\/h3>\n<p>OneDesk kombiniert Helpdesk- und Projektmanagementanwendungen, um Ihnen dabei zu helfen, einen kollaborativen Workflow zwischen Ihren Gesch\u00e4ftsprozessen und den Teammitgliedern aufrechtzuerhalten. Warum versuchen, mehrere verschiedene Tools miteinander zu verbinden, wenn man die Arbeit erledigen kann?<\/p>\n<h3 style=\"text-align: center;\">F\u00fcr wen ist OneDesk?<\/h3>\n<p>Mit OneDesk k\u00f6nnen Sie Ihre Arbeit so organisieren, wie es f\u00fcr Sie richtig ist. Laden Sie Teammitglieder, Kunden und Gesch\u00e4ftspartner ein, an Tickets und Projekten zu arbeiten und zusammenzuarbeiten.<\/p>\n<p><img fetchpriority=\"high\" decoding=\"async\" class=\"aligncenter size-full wp-image-30212\" src=\"https:\/\/onedesk.com\/wp-content\/uploads\/2016\/01\/share-project.png\" alt=\"OneDesk is for who image\" width=\"544\" height=\"248\"><\/p>\n<h3 style=\"text-align: center;\">OneDesk ist flexibel<\/h3>\n<p>OneDesk kann jeden von Ihnen verwendeten Workflow unterst\u00fctzen. Planen Sie Ihre Produkte, Releases und Projekte entweder mit herk\u00f6mmlichen Top-Down- oder agilen Ans\u00e4tzen. Mit OneDesk k\u00f6nnen Sie die Methoden entsprechend Ihren Prozessen kombinieren.<\/p>\n<p>Erledige deine Arbeit &#8211; auf deine Weise.<\/p>\n<p><img decoding=\"async\" class=\"aligncenter size-full wp-image-64597\" src=\"https:\/\/onedesk.com\/wp-content\/uploads\/2016\/02\/trad-agile.png\" alt=\"trad-agile\" width=\"749\" height=\"189\"><\/p>\n","protected":false},"excerpt":{"rendered":"<p>Was ist OneDesk? OneDesk kombiniert Helpdesk- und Projektmanagementanwendungen, um Ihnen dabei zu helfen, einen kollaborativen Workflow zwischen Ihren Gesch\u00e4ftsprozessen und den Teammitgliedern aufrechtzuerhalten. Warum versuchen, mehrere verschiedene Tools miteinander zu verbinden, wenn man die Arbeit erledigen kann? F\u00fcr wen ist OneDesk? Mit OneDesk k\u00f6nnen Sie Ihre Arbeit so organisieren, wie es f\u00fcr Sie richtig ist. [&hellip;]<\/p>\n","protected":false},"author":2,"featured_media":0,"parent":0,"menu_order":0,"comment_status":"closed","ping_status":"closed","template":"","meta":{"tpgb_global_settings":"","_crdt_document":"","inline_featured_image":false,"site-sidebar-layout":"default","site-content-layout":"","ast-site-content-layout":"default","site-content-style":"default","site-sidebar-style":"default","ast-global-header-display":"","ast-banner-title-visibility":"","ast-main-header-display":"","ast-hfb-above-header-display":"","ast-hfb-below-header-display":"","ast-hfb-mobile-header-display":"","site-post-title":"","ast-breadcrumbs-content":"","ast-featured-img":"","footer-sml-layout":"","ast-disable-related-posts":"","theme-transparent-header-meta":"","adv-header-id-meta":"","stick-header-meta":"","header-above-stick-meta":"","header-main-stick-meta":"","header-below-stick-meta":"","astra-migrate-meta-layouts":"default","ast-page-background-enabled":"default","ast-page-background-meta":{"desktop":{"background-color":"var(--ast-global-color-4)","background-image":"","background-repeat":"repeat","background-position":"center center","background-size":"auto","background-attachment":"scroll","background-type":"","background-media":"","overlay-type":"","overlay-color":"","overlay-opacity":"","overlay-gradient":""},"tablet":{"background-color":"","background-image":"","background-repeat":"repeat","background-position":"center center","background-size":"auto","background-attachment":"scroll","background-type":"","background-media":"","overlay-type":"","overlay-color":"","overlay-opacity":"","overlay-gradient":""},"mobile":{"background-color":"","background-image":"","background-repeat":"repeat","background-position":"center center","background-size":"auto","background-attachment":"scroll","background-type":"","background-media":"","overlay-type":"","overlay-color":"","overlay-opacity":"","overlay-gradient":""}},"ast-content-background-meta":{"desktop":{"background-color":"var(--ast-global-color-5)","background-image":"","background-repeat":"repeat","background-position":"center center","background-size":"auto","background-attachment":"scroll","background-type":"","background-media":"","overlay-type":"","overlay-color":"","overlay-opacity":"","overlay-gradient":""},"tablet":{"background-color":"var(--ast-global-color-5)","background-image":"","background-repeat":"repeat","background-position":"center center","background-size":"auto","background-attachment":"scroll","background-type":"","background-media":"","overlay-type":"","overlay-color":"","overlay-opacity":"","overlay-gradient":""},"mobile":{"background-color":"var(--ast-global-color-5)","background-image":"","background-repeat":"repeat","background-position":"center center","background-size":"auto","background-attachment":"scroll","background-type":"","background-media":"","overlay-type":"","overlay-color":"","overlay-opacity":"","overlay-gradient":""}},"footnotes":""},"class_list":["post-64592","page","type-page","status-publish","hentry"],"yoast_head":"<!-- This site is optimized with the Yoast SEO Premium plugin v27.2 (Yoast SEO v27.3) - https:\/\/yoast.com\/product\/yoast-seo-premium-wordpress\/ -->\n<title>Schritt 1 - Einf\u00fchrung - OneDesk - OneDesk<\/title>\n<meta name=\"description\" content=\"OneDesk ist Helpdesk-Software und Projektmanagement-Software in einer Anwendung. Dies ist eine Einf\u00fchrung in OneDesk.\" \/>\n<meta name=\"robots\" content=\"index, follow, max-snippet:-1, max-image-preview:large, max-video-preview:-1\" \/>\n<link rel=\"canonical\" href=\"https:\/\/onedesk.com\/de\/organisieren\/\" \/>\n<meta property=\"og:locale\" content=\"de_DE\" \/>\n<meta property=\"og:type\" content=\"article\" \/>\n<meta property=\"og:title\" content=\"Schritt 1 - Einf\u00fchrung - OneDesk - OneDesk\" \/>\n<meta property=\"og:description\" content=\"OneDesk ist Helpdesk-Software und Projektmanagement-Software in einer Anwendung. Dies ist eine Einf\u00fchrung in OneDesk.\" \/>\n<meta property=\"og:url\" content=\"https:\/\/onedesk.com\/de\/organisieren\/\" \/>\n<meta property=\"og:site_name\" content=\"OneDesk\" \/>\n<meta property=\"article:publisher\" content=\"https:\/\/www.facebook.com\/OneDeskApp\" \/>\n<meta property=\"article:modified_time\" content=\"2021-03-10T19:15:56+00:00\" \/>\n<meta property=\"og:image\" content=\"https:\/\/onedesk.com\/wp-content\/uploads\/2016\/01\/share-project.png\" \/>\n<meta name=\"twitter:card\" content=\"summary_large_image\" \/>\n<meta name=\"twitter:site\" content=\"@OneDeskApp\" \/>\n<meta name=\"twitter:label1\" content=\"Est. reading time\" \/>\n\t<meta name=\"twitter:data1\" content=\"1 minute\" \/>\n<!-- \/ Yoast SEO Premium plugin. -->","yoast_head_json":{"title":"Schritt 1 - Einf\u00fchrung - OneDesk - OneDesk","description":"OneDesk ist Helpdesk-Software und Projektmanagement-Software in einer Anwendung. Dies ist eine Einf\u00fchrung in OneDesk.","robots":{"index":"index","follow":"follow","max-snippet":"max-snippet:-1","max-image-preview":"max-image-preview:large","max-video-preview":"max-video-preview:-1"},"canonical":"https:\/\/onedesk.com\/de\/organisieren\/","og_locale":"de_DE","og_type":"article","og_title":"Schritt 1 - Einf\u00fchrung - OneDesk - OneDesk","og_description":"OneDesk ist Helpdesk-Software und Projektmanagement-Software in einer Anwendung. Dies ist eine Einf\u00fchrung in OneDesk.","og_url":"https:\/\/onedesk.com\/de\/organisieren\/","og_site_name":"OneDesk","article_publisher":"https:\/\/www.facebook.com\/OneDeskApp","article_modified_time":"2021-03-10T19:15:56+00:00","og_image":[{"url":"https:\/\/onedesk.com\/wp-content\/uploads\/2016\/01\/share-project.png","type":"","width":"","height":""}],"twitter_card":"summary_large_image","twitter_site":"@OneDeskApp","twitter_misc":{"Est. reading time":"1 minute"},"schema":{"@context":"https:\/\/schema.org","@graph":[{"@type":"WebPage","@id":"https:\/\/onedesk.com\/de\/organisieren\/","url":"https:\/\/onedesk.com\/de\/organisieren\/","name":"Schritt 1 - Einf\u00fchrung - OneDesk - OneDesk","isPartOf":{"@id":"https:\/\/onedesk.com\/de\/#website"},"primaryImageOfPage":{"@id":"https:\/\/onedesk.com\/de\/organisieren\/#primaryimage"},"image":{"@id":"https:\/\/onedesk.com\/de\/organisieren\/#primaryimage"},"thumbnailUrl":"https:\/\/onedesk.com\/wp-content\/uploads\/2016\/01\/share-project.png","datePublished":"2021-03-10T19:15:00+00:00","dateModified":"2021-03-10T19:15:56+00:00","description":"OneDesk ist Helpdesk-Software und Projektmanagement-Software in einer Anwendung. Dies ist eine Einf\u00fchrung in OneDesk.","inLanguage":"de-DE","potentialAction":[{"@type":"ReadAction","target":["https:\/\/onedesk.com\/de\/organisieren\/"]}]},{"@type":"ImageObject","inLanguage":"de-DE","@id":"https:\/\/onedesk.com\/de\/organisieren\/#primaryimage","url":"https:\/\/onedesk.com\/wp-content\/uploads\/2016\/01\/share-project.png","contentUrl":"https:\/\/onedesk.com\/wp-content\/uploads\/2016\/01\/share-project.png"},{"@type":"WebSite","@id":"https:\/\/onedesk.com\/de\/#website","url":"https:\/\/onedesk.com\/de\/","name":"OneDesk","description":"Projektmanagement- und Helpdesk-Software","publisher":{"@id":"https:\/\/onedesk.com\/de\/#organization"},"potentialAction":[{"@type":"SearchAction","target":{"@type":"EntryPoint","urlTemplate":"https:\/\/onedesk.com\/de\/?s={search_term_string}"},"query-input":{"@type":"PropertyValueSpecification","valueRequired":true,"valueName":"search_term_string"}}],"inLanguage":"de-DE"},{"@type":"Organization","@id":"https:\/\/onedesk.com\/de\/#organization","name":"OneDesk","url":"https:\/\/onedesk.com\/de\/","logo":{"@type":"ImageObject","inLanguage":"de-DE","@id":"https:\/\/onedesk.com\/de\/#\/schema\/logo\/image\/","url":"https:\/\/onedesk.com\/wp-content\/uploads\/2016\/01\/white-logo-small.png","contentUrl":"https:\/\/onedesk.com\/wp-content\/uploads\/2016\/01\/white-logo-small.png","width":207,"height":40,"caption":"OneDesk"},"image":{"@id":"https:\/\/onedesk.com\/de\/#\/schema\/logo\/image\/"},"sameAs":["https:\/\/www.facebook.com\/OneDeskApp","https:\/\/x.com\/OneDeskApp","https:\/\/www.instagram.com\/onedeskapp\/","https:\/\/www.linkedin.com\/company\/onedesk-inc-1","https:\/\/www.pinterest.com\/onedesk\/","https:\/\/www.youtube.com\/user\/OneDeskApp"]}]}},"tpgb_featured_images":null,"tpgb_post_meta_info":{"get_date":"March 10, 2021","get_modified_date":"March 10, 2021","author_name":"Derek","author_url":"https:\/\/onedesk.com\/de\/author\/derekonedesk-com\/","author_email":"derek@onedesk.com","author_website":"","author_description":"","author_facebook":"","author_twitter":"","author_instagram":"","author_role":["administrator"],"author_firstname":"Derek","author_lastname":"","user_login":"derek@onedesk.com","author_avatar":"<img alt='' src='https:\/\/secure.gravatar.com\/avatar\/457ebef17878f2246da5e4df1ab1420e949ee125154dfb140a3f3ce911b0ef71?s=200&#038;d=mm&#038;r=g' srcset='https:\/\/secure.gravatar.com\/avatar\/457ebef17878f2246da5e4df1ab1420e949ee125154dfb140a3f3ce911b0ef71?s=400&#038;d=mm&#038;r=g 2x' class='avatar avatar-200 photo' height='200' width='200' decoding='async'\/>","author_avatar_url":"https:\/\/secure.gravatar.com\/avatar\/457ebef17878f2246da5e4df1ab1420e949ee125154dfb140a3f3ce911b0ef71?s=96&d=mm&r=g","comment_count":0,"post_likes":0,"post_views":0},"tpgb_post_category":[],"jetpack_shortlink":"https:\/\/wp.me\/PfpPaI-gNO","amp_enabled":true,"_links":{"self":[{"href":"https:\/\/onedesk.com\/de\/wp-json\/wp\/v2\/pages\/64592","targetHints":{"allow":["GET"]}}],"collection":[{"href":"https:\/\/onedesk.com\/de\/wp-json\/wp\/v2\/pages"}],"about":[{"href":"https:\/\/onedesk.com\/de\/wp-json\/wp\/v2\/types\/page"}],"author":[{"embeddable":true,"href":"https:\/\/onedesk.com\/de\/wp-json\/wp\/v2\/users\/2"}],"replies":[{"embeddable":true,"href":"https:\/\/onedesk.com\/de\/wp-json\/wp\/v2\/comments?post=64592"}],"version-history":[{"count":1,"href":"https:\/\/onedesk.com\/de\/wp-json\/wp\/v2\/pages\/64592\/revisions"}],"predecessor-version":[{"id":64608,"href":"https:\/\/onedesk.com\/de\/wp-json\/wp\/v2\/pages\/64592\/revisions\/64608"}],"wp:attachment":[{"href":"https:\/\/onedesk.com\/de\/wp-json\/wp\/v2\/media?parent=64592"}],"curies":[{"name":"wp","href":"https:\/\/api.w.org\/{rel}","templated":true}]}}