{"id":64620,"date":"2021-03-10T19:15:21","date_gmt":"2021-03-10T19:15:21","guid":{"rendered":"https:\/\/onedesk.com\/grundlegendes-konzept\/"},"modified":"2021-03-10T19:19:40","modified_gmt":"2021-03-10T19:19:40","slug":"grundlegendes-konzept","status":"publish","type":"page","link":"https:\/\/onedesk.com\/de\/grundlegendes-konzept\/","title":{"rendered":"Schritt 2 &#8211; Grundlegende Konzepte"},"content":{"rendered":"<h2 style=\"text-align: center;\">Die Dinge in OneDesk<\/h2>\n<h3 style=\"text-align: center;\">(auch bekannt als &#8220;Wie Ihre Daten strukturiert sind&#8221;)<\/h3>\n<p>Um zu verstehen, wie OneDesk Ihre Inhalte organisiert, ben\u00f6tigen Sie nur einige Konzepte:<em> Artikel<\/em> ,<em> Projekt<\/em> , und<em> Portfolios<\/em> .<\/p>\n<ol>\n<li><strong>EINZELTEILE &#8211; Die grundlegenden Dinge, die Sie verwalten<\/strong><br \/>\nDies sind die Dinge, die Sie verwalten und verfolgen, wie z<em> Aufgaben<\/em> oder<em> Tickets<\/em> . Sie werden unter Ticket, Funktionen und Aufgaben klassifiziert. Sie k\u00f6nnen auch andere Typen erstellen, wenn Sie m\u00f6chten.<\/li>\n<li><strong>PROJEKTE &#8211; Gruppen von EINZELTEILEN<\/strong><br \/>\nDiese enthalten Sammlungen von Gegenst\u00e4nden. Sie repr\u00e4sentieren Dinge wie<em> Projekte<\/em> und<em> Ver\u00f6ffentlichungen<\/em> Sie k\u00f6nnen jedoch bei Bedarf auch andere Arten von Projekten erstellen. Innerhalb von Projekten k\u00f6nnen Ihre Elemente in einer Ordnerstruktur abgelegt werden, um sie organisiert zu halten.<\/li>\n<li><strong>PORTFOLIOS &#8211; Gruppen von PROJEKTEN<\/strong><br \/>\nPortfolios enthalten Projekte. Verwenden Sie sie, um verwandte Projekte oder Releases gemeinsam zu organisieren. Sie k\u00f6nnen \u201ePortfolios\u201c in beliebiger Tiefe verschachteln, und ein Projekt kann sich in mehr als einem Portfolio befinden, sodass Sie sehr flexible Strukturen erstellen k\u00f6nnen.<\/li>\n<\/ol>\n<p>&nbsp;<\/p>\n<p><img fetchpriority=\"high\" decoding=\"async\" class=\"size-full wp-image-64672 aligncenter\" src=\"https:\/\/onedesk.com\/wp-content\/uploads\/2016\/02\/Item-and-Container-Visual2.png\" alt=\"\" width=\"761\" height=\"420\"><\/p>\n<p>&nbsp;<\/p>\n<p>&nbsp;<\/p>\n<h2 style=\"text-align: center;\">Navigieren in OneDesk<\/h2>\n<p>Mit OneDesk k\u00f6nnen Sie auf verschiedene Arten auf Ihre Artikel und Container zugreifen. Um sicher navigieren zu k\u00f6nnen, m\u00fcssen Sie \u00fcber die<em> Projektauswahl<\/em> ,<em> Ansichten<\/em> und<em> Filter<\/em> .<\/p>\n<p>&nbsp;<\/p>\n<p><strong><img decoding=\"async\" class=\"alignright wp-image-41402 \" src=\"https:\/\/onedesk.com\/wp-content\/uploads\/2016\/01\/scope.png\" alt=\"\" width=\"429\" height=\"225\">1. PROJEKTAUSWAHL &#8211; Die Ebene der Projekthierarchie, die Sie betrachten<\/strong><br \/>\nWenn Sie Ihre Elemente in Projekten und Ihre Projekte in einer Struktur organisiert haben, k\u00f6nnen Sie Ihre verschiedenen Projekte sehr flexibel betrachten. Mit dem PROJECT SELECTOR in der oberen linken Ecke Ihres Bildschirms k\u00f6nnen Sie die Hierarchieebene festlegen, auf die Sie sich konzentrieren m\u00f6chten. Wenn Sie beispielsweise Ihren Bereich auf &#8220;Krypton Portfolio&#8221; einstellen, werden alle PROJEKTE und EINZELTEILE in diesem PORTFOLIO angezeigt.<\/p>\n<p>&nbsp;<\/p>\n<p>&nbsp;<\/p>\n<p>&nbsp;<\/p>\n<p><strong><img decoding=\"async\" class=\"wp-image-41411 alignleft\" src=\"https:\/\/onedesk.com\/wp-content\/uploads\/2016\/01\/apps.png\" alt=\"\" width=\"50\">2. ANWENDUNG &#8211; Die Kategorie der Elemente und wie Sie sie anzeigen m\u00f6chten.<\/strong><br \/>\nAnwendungen sind Symbole in der linken Leiste. Wenn Sie beispielsweise &#8220;Aufgaben&#8221; ausw\u00e4hlen, wird Ihre Aufgabenanwendung angezeigt, in der Sie Ihre Projektaufgaben planen und ausf\u00fchren k\u00f6nnen. Wenn Sie Tickets ausw\u00e4hlen, wird Ihre Helpdesk-Anwendung angezeigt, wenn Sie Benutzer ausw\u00e4hlen, wird Ihre Benutzeranwendung usw. angezeigt.<\/p>\n<p>In jeder Anwendung k\u00f6nnen Sie auch die Ansicht ausw\u00e4hlen (siehe unten).<\/p>\n<p>&nbsp;<\/p>\n<p>&nbsp;<\/p>\n<p>&nbsp;<\/p>\n<p>&nbsp;<\/p>\n<p>&nbsp;<\/p>\n<p>&nbsp;<\/p>\n<p>&nbsp;<\/p>\n<p><strong><img decoding=\"async\" class=\"alignright size-medium wp-image-44251\" src=\"https:\/\/onedesk.com\/wp-content\/uploads\/2016\/01\/new-view-e1559577779882-258x300.png\" alt=\"\" width=\"258\" height=\"300\" srcset=\"https:\/\/onedesk.com\/wp-content\/uploads\/2016\/01\/new-view-e1559577779882-258x300.png 258w, https:\/\/onedesk.com\/wp-content\/uploads\/2016\/01\/new-view-e1559577779882-255x296.png 255w, https:\/\/onedesk.com\/wp-content\/uploads\/2016\/01\/new-view-e1559577779882-69x80.png 69w, https:\/\/onedesk.com\/wp-content\/uploads\/2016\/01\/new-view-e1559577779882-34x40.png 34w, https:\/\/onedesk.com\/wp-content\/uploads\/2016\/01\/new-view-e1559577779882-480x558.png 480w, https:\/\/onedesk.com\/wp-content\/uploads\/2016\/01\/new-view-e1559577779882-500x581.png 500w, https:\/\/onedesk.com\/wp-content\/uploads\/2016\/01\/new-view-e1559577779882-360x419.png 360w, https:\/\/onedesk.com\/wp-content\/uploads\/2016\/01\/new-view-e1559577779882.png 547w\" sizes=\"(max-width: 258px) 100vw, 258px\" \/>  3. ANSICHTEN &#8211; Filtern, gruppieren und gestalten Sie die in den Anwendungen gefundenen Elemente<\/strong><br \/>\nAnsichten finden Sie links neben der Anwendungsleiste. Zu den Standardansichten geh\u00f6ren Layouts wie Baum, Wohnung, Gantt, Karten, Kalender, Roadmap und Dashboard. Sie k\u00f6nnen jedoch auch eigene benutzerdefinierte Ansichten erstellen. OneDesk verf\u00fcgt \u00fcber einige vorgefertigte benutzerdefinierte Ansichten wie &#8220;Mein Todo&#8221; und &#8220;Aufgaben-Posteingang&#8221;, die Sie l\u00f6schen oder \u00e4ndern k\u00f6nnen. Klicken Sie auf das Symbol neben &#8220;MEINE ANSICHTEN&#8221;, um eine eigene Ansicht zu erstellen, in der Sie das Layout, die Filter und die Gruppierung ausw\u00e4hlen k\u00f6nnen. Sie k\u00f6nnen diese Ansichten speichern und freigeben, damit jeder in Ihrem Unternehmen sie verwenden kann. Die Sichtbarkeit, Reihenfolge und Sortierung von Spalten kann ebenfalls in der Ansicht gespeichert werden.<\/p>\n<p>&nbsp;<\/p>\n<p>&nbsp;<\/p>\n<p>&nbsp;<\/p>\n<p>&nbsp;<\/p>\n<p>PROJEKTAUSWAHL, ANWENDUNGEN und ANSICHTEN arbeiten zusammen, um Ihnen eine genaue Kontrolle dar\u00fcber zu geben, was Sie betrachten m\u00f6chten. Sie k\u00f6nnen auch innerhalb einer Ansicht nach Schl\u00fcsselwort oder SUCHEN<em> Artikel Identifikationsnummer<\/em> .<\/p>\n","protected":false},"excerpt":{"rendered":"<p>Die Dinge in OneDesk (auch bekannt als &#8220;Wie Ihre Daten strukturiert sind&#8221;) Um zu verstehen, wie OneDesk Ihre Inhalte organisiert, ben\u00f6tigen Sie nur einige Konzepte: Artikel , Projekt , und Portfolios . EINZELTEILE &#8211; Die grundlegenden Dinge, die Sie verwalten Dies sind die Dinge, die Sie verwalten und verfolgen, wie z Aufgaben oder Tickets . [&hellip;]<\/p>\n","protected":false},"author":2,"featured_media":0,"parent":0,"menu_order":1,"comment_status":"closed","ping_status":"closed","template":"","meta":{"tpgb_global_settings":"","_crdt_document":"","inline_featured_image":false,"site-sidebar-layout":"default","site-content-layout":"","ast-site-content-layout":"default","site-content-style":"default","site-sidebar-style":"default","ast-global-header-display":"","ast-banner-title-visibility":"","ast-main-header-display":"","ast-hfb-above-header-display":"","ast-hfb-below-header-display":"","ast-hfb-mobile-header-display":"","site-post-title":"","ast-breadcrumbs-content":"","ast-featured-img":"","footer-sml-layout":"","ast-disable-related-posts":"","theme-transparent-header-meta":"","adv-header-id-meta":"","stick-header-meta":"","header-above-stick-meta":"","header-main-stick-meta":"","header-below-stick-meta":"","astra-migrate-meta-layouts":"default","ast-page-background-enabled":"default","ast-page-background-meta":{"desktop":{"background-color":"var(--ast-global-color-4)","background-image":"","background-repeat":"repeat","background-position":"center center","background-size":"auto","background-attachment":"scroll","background-type":"","background-media":"","overlay-type":"","overlay-color":"","overlay-opacity":"","overlay-gradient":""},"tablet":{"background-color":"","background-image":"","background-repeat":"repeat","background-position":"center center","background-size":"auto","background-attachment":"scroll","background-type":"","background-media":"","overlay-type":"","overlay-color":"","overlay-opacity":"","overlay-gradient":""},"mobile":{"background-color":"","background-image":"","background-repeat":"repeat","background-position":"center center","background-size":"auto","background-attachment":"scroll","background-type":"","background-media":"","overlay-type":"","overlay-color":"","overlay-opacity":"","overlay-gradient":""}},"ast-content-background-meta":{"desktop":{"background-color":"var(--ast-global-color-5)","background-image":"","background-repeat":"repeat","background-position":"center center","background-size":"auto","background-attachment":"scroll","background-type":"","background-media":"","overlay-type":"","overlay-color":"","overlay-opacity":"","overlay-gradient":""},"tablet":{"background-color":"var(--ast-global-color-5)","background-image":"","background-repeat":"repeat","background-position":"center center","background-size":"auto","background-attachment":"scroll","background-type":"","background-media":"","overlay-type":"","overlay-color":"","overlay-opacity":"","overlay-gradient":""},"mobile":{"background-color":"var(--ast-global-color-5)","background-image":"","background-repeat":"repeat","background-position":"center center","background-size":"auto","background-attachment":"scroll","background-type":"","background-media":"","overlay-type":"","overlay-color":"","overlay-opacity":"","overlay-gradient":""}},"footnotes":""},"class_list":["post-64620","page","type-page","status-publish","hentry"],"yoast_head":"<!-- This site is optimized with the Yoast SEO Premium plugin v27.4 (Yoast SEO v27.5) - https:\/\/yoast.com\/product\/yoast-seo-premium-wordpress\/ -->\n<title>Schritt 2 - Grundlegende Konzepte - OneDesk - OneDesk<\/title>\n<meta name=\"description\" content=\"OneDesk ist Helpdesk-Software und Projektmanagement-Software in einer Anwendung. Dies erkl\u00e4rt die grundlegenden Konzepte in OneDesk.\" \/>\n<meta name=\"robots\" content=\"index, follow, max-snippet:-1, max-image-preview:large, max-video-preview:-1\" \/>\n<link rel=\"canonical\" href=\"https:\/\/onedesk.com\/de\/grundlegendes-konzept\/\" \/>\n<meta property=\"og:locale\" content=\"de_DE\" \/>\n<meta property=\"og:type\" content=\"article\" \/>\n<meta property=\"og:title\" content=\"Schritt 2 - Grundlegende Konzepte - OneDesk - OneDesk\" \/>\n<meta property=\"og:description\" content=\"OneDesk ist Helpdesk-Software und Projektmanagement-Software in einer Anwendung. Dies erkl\u00e4rt die grundlegenden Konzepte in OneDesk.\" \/>\n<meta property=\"og:url\" content=\"https:\/\/onedesk.com\/de\/grundlegendes-konzept\/\" \/>\n<meta property=\"og:site_name\" content=\"OneDesk\" \/>\n<meta property=\"article:publisher\" content=\"https:\/\/www.facebook.com\/OneDeskApp\" \/>\n<meta property=\"article:modified_time\" content=\"2021-03-10T19:19:40+00:00\" \/>\n<meta property=\"og:image\" content=\"https:\/\/onedesk.com\/wp-content\/uploads\/2016\/02\/Item-and-Container-Visual2.png\" \/>\n<meta name=\"twitter:card\" content=\"summary_large_image\" \/>\n<meta name=\"twitter:site\" content=\"@OneDeskApp\" \/>\n<meta name=\"twitter:label1\" content=\"Est. reading time\" \/>\n\t<meta name=\"twitter:data1\" content=\"3 minutes\" \/>\n<!-- \/ Yoast SEO Premium plugin. -->","yoast_head_json":{"title":"Schritt 2 - Grundlegende Konzepte - OneDesk - OneDesk","description":"OneDesk ist Helpdesk-Software und Projektmanagement-Software in einer Anwendung. Dies erkl\u00e4rt die grundlegenden Konzepte in OneDesk.","robots":{"index":"index","follow":"follow","max-snippet":"max-snippet:-1","max-image-preview":"max-image-preview:large","max-video-preview":"max-video-preview:-1"},"canonical":"https:\/\/onedesk.com\/de\/grundlegendes-konzept\/","og_locale":"de_DE","og_type":"article","og_title":"Schritt 2 - Grundlegende Konzepte - OneDesk - OneDesk","og_description":"OneDesk ist Helpdesk-Software und Projektmanagement-Software in einer Anwendung. Dies erkl\u00e4rt die grundlegenden Konzepte in OneDesk.","og_url":"https:\/\/onedesk.com\/de\/grundlegendes-konzept\/","og_site_name":"OneDesk","article_publisher":"https:\/\/www.facebook.com\/OneDeskApp","article_modified_time":"2021-03-10T19:19:40+00:00","og_image":[{"url":"https:\/\/onedesk.com\/wp-content\/uploads\/2016\/02\/Item-and-Container-Visual2.png","type":"","width":"","height":""}],"twitter_card":"summary_large_image","twitter_site":"@OneDeskApp","twitter_misc":{"Est. reading time":"3 minutes"},"schema":{"@context":"https:\/\/schema.org","@graph":[{"@type":"WebPage","@id":"https:\/\/onedesk.com\/de\/grundlegendes-konzept\/","url":"https:\/\/onedesk.com\/de\/grundlegendes-konzept\/","name":"Schritt 2 - Grundlegende Konzepte - OneDesk - OneDesk","isPartOf":{"@id":"https:\/\/onedesk.com\/de\/#website"},"primaryImageOfPage":{"@id":"https:\/\/onedesk.com\/de\/grundlegendes-konzept\/#primaryimage"},"image":{"@id":"https:\/\/onedesk.com\/de\/grundlegendes-konzept\/#primaryimage"},"thumbnailUrl":"https:\/\/onedesk.com\/wp-content\/uploads\/2016\/02\/Item-and-Container-Visual2.png","datePublished":"2021-03-10T19:15:21+00:00","dateModified":"2021-03-10T19:19:40+00:00","description":"OneDesk ist Helpdesk-Software und Projektmanagement-Software in einer Anwendung. Dies erkl\u00e4rt die grundlegenden Konzepte in OneDesk.","inLanguage":"de-DE","potentialAction":[{"@type":"ReadAction","target":["https:\/\/onedesk.com\/de\/grundlegendes-konzept\/"]}]},{"@type":"ImageObject","inLanguage":"de-DE","@id":"https:\/\/onedesk.com\/de\/grundlegendes-konzept\/#primaryimage","url":"https:\/\/onedesk.com\/wp-content\/uploads\/2016\/02\/Item-and-Container-Visual2.png","contentUrl":"https:\/\/onedesk.com\/wp-content\/uploads\/2016\/02\/Item-and-Container-Visual2.png"},{"@type":"WebSite","@id":"https:\/\/onedesk.com\/de\/#website","url":"https:\/\/onedesk.com\/de\/","name":"OneDesk","description":"Projektmanagement- und Helpdesk-Software","publisher":{"@id":"https:\/\/onedesk.com\/de\/#organization"},"potentialAction":[{"@type":"SearchAction","target":{"@type":"EntryPoint","urlTemplate":"https:\/\/onedesk.com\/de\/?s={search_term_string}"},"query-input":{"@type":"PropertyValueSpecification","valueRequired":true,"valueName":"search_term_string"}}],"inLanguage":"de-DE"},{"@type":"Organization","@id":"https:\/\/onedesk.com\/de\/#organization","name":"OneDesk","url":"https:\/\/onedesk.com\/de\/","logo":{"@type":"ImageObject","inLanguage":"de-DE","@id":"https:\/\/onedesk.com\/de\/#\/schema\/logo\/image\/","url":"https:\/\/onedesk.com\/wp-content\/uploads\/2016\/01\/white-logo-small.png","contentUrl":"https:\/\/onedesk.com\/wp-content\/uploads\/2016\/01\/white-logo-small.png","width":207,"height":40,"caption":"OneDesk"},"image":{"@id":"https:\/\/onedesk.com\/de\/#\/schema\/logo\/image\/"},"sameAs":["https:\/\/www.facebook.com\/OneDeskApp","https:\/\/x.com\/OneDeskApp","https:\/\/www.instagram.com\/onedeskapp\/","https:\/\/www.linkedin.com\/company\/onedesk-inc-1","https:\/\/www.pinterest.com\/onedesk\/","https:\/\/www.youtube.com\/user\/OneDeskApp"]}]}},"tpgb_featured_images":null,"tpgb_post_meta_info":{"get_date":"March 10, 2021","get_modified_date":"March 10, 2021","author_name":"Derek","author_url":"https:\/\/onedesk.com\/de\/author\/derekonedesk-com\/","author_email":"derek@onedesk.com","author_website":"","author_description":"","author_facebook":"","author_twitter":"","author_instagram":"","author_role":["administrator"],"author_firstname":"Derek","author_lastname":"","user_login":"derek@onedesk.com","author_avatar":"<img alt='' src='https:\/\/secure.gravatar.com\/avatar\/457ebef17878f2246da5e4df1ab1420e949ee125154dfb140a3f3ce911b0ef71?s=200&#038;d=mm&#038;r=g' srcset='https:\/\/secure.gravatar.com\/avatar\/457ebef17878f2246da5e4df1ab1420e949ee125154dfb140a3f3ce911b0ef71?s=400&#038;d=mm&#038;r=g 2x' class='avatar avatar-200 photo' height='200' width='200' decoding='async'\/>","author_avatar_url":"https:\/\/secure.gravatar.com\/avatar\/457ebef17878f2246da5e4df1ab1420e949ee125154dfb140a3f3ce911b0ef71?s=96&d=mm&r=g","comment_count":0,"post_likes":0,"post_views":0},"tpgb_post_category":[],"jetpack_shortlink":"https:\/\/wp.me\/PfpPaI-gOg","amp_enabled":true,"_links":{"self":[{"href":"https:\/\/onedesk.com\/de\/wp-json\/wp\/v2\/pages\/64620","targetHints":{"allow":["GET"]}}],"collection":[{"href":"https:\/\/onedesk.com\/de\/wp-json\/wp\/v2\/pages"}],"about":[{"href":"https:\/\/onedesk.com\/de\/wp-json\/wp\/v2\/types\/page"}],"author":[{"embeddable":true,"href":"https:\/\/onedesk.com\/de\/wp-json\/wp\/v2\/users\/2"}],"replies":[{"embeddable":true,"href":"https:\/\/onedesk.com\/de\/wp-json\/wp\/v2\/comments?post=64620"}],"version-history":[{"count":2,"href":"https:\/\/onedesk.com\/de\/wp-json\/wp\/v2\/pages\/64620\/revisions"}],"predecessor-version":[{"id":64854,"href":"https:\/\/onedesk.com\/de\/wp-json\/wp\/v2\/pages\/64620\/revisions\/64854"}],"wp:attachment":[{"href":"https:\/\/onedesk.com\/de\/wp-json\/wp\/v2\/media?parent=64620"}],"curies":[{"name":"wp","href":"https:\/\/api.w.org\/{rel}","templated":true}]}}