{"id":147519,"date":"2021-12-13T19:08:56","date_gmt":"2021-12-13T19:08:56","guid":{"rendered":"https:\/\/onedesk.com\/industrias\/administracion-de-empresas\/"},"modified":"2021-12-13T19:08:56","modified_gmt":"2021-12-13T19:08:56","slug":"administracion-de-empresas","status":"publish","type":"page","link":"https:\/\/onedesk.com\/es\/industrias\/administracion-de-empresas\/","title":{"rendered":"Administraci\u00f3n de Empresas"},"content":{"rendered":"<p>Administre su negocio de manera m\u00e1s eficiente y logre m\u00e1s.<\/p>\n<ul>\n<li>Brinde un mejor servicio: OneDesk incluye todas las herramientas que necesita para complacer a sus clientes, incluyendo: un servicio de asistencia t\u00e9cnica, chat en vivo, portal de clientes, base de conocimientos y sistema de tickets.<\/li>\n<li>Tome mejores decisiones comerciales: las herramientas que necesita para obtener la informaci\u00f3n que necesita, que incluyen: paneles, informes, diagramas de Gant y m\u00e1s.<\/li>\n<li>Maximice la eficiencia del equipo: automatice sus flujos de trabajo, planifique y programe proyectos, colabore en tiempo real, realice un seguimiento del tiempo y m\u00e1s.<\/li>\n<\/ul>\n<p>Todas estas capacidades est\u00e1n estrechamente integradas en un paquete que lo ayuda a hacer crecer su negocio al enfocarse en brindar valor.<\/p>\n","protected":false},"excerpt":{"rendered":"<p>Administre su negocio de manera m\u00e1s eficiente y logre m\u00e1s. Brinde un mejor servicio: OneDesk incluye todas las herramientas que necesita para complacer a sus clientes, incluyendo: un servicio de asistencia t\u00e9cnica, chat en vivo, portal de clientes, base de conocimientos y sistema de tickets. Tome mejores decisiones comerciales: las herramientas que necesita para obtener [&hellip;]<\/p>\n","protected":false},"author":1,"featured_media":0,"parent":62041,"menu_order":5,"comment_status":"closed","ping_status":"closed","template":"","meta":{"tpgb_global_settings":"","_crdt_document":"","inline_featured_image":false,"site-sidebar-layout":"default","site-content-layout":"","ast-site-content-layout":"default","site-content-style":"default","site-sidebar-style":"default","ast-global-header-display":"","ast-banner-title-visibility":"","ast-main-header-display":"","ast-hfb-above-header-display":"","ast-hfb-below-header-display":"","ast-hfb-mobile-header-display":"","site-post-title":"","ast-breadcrumbs-content":"","ast-featured-img":"","footer-sml-layout":"","ast-disable-related-posts":"","theme-transparent-header-meta":"","adv-header-id-meta":"","stick-header-meta":"","header-above-stick-meta":"","header-main-stick-meta":"","header-below-stick-meta":"","astra-migrate-meta-layouts":"default","ast-page-background-enabled":"default","ast-page-background-meta":{"desktop":{"background-color":"var(--ast-global-color-4)","background-image":"","background-repeat":"repeat","background-position":"center center","background-size":"auto","background-attachment":"scroll","background-type":"","background-media":"","overlay-type":"","overlay-color":"","overlay-opacity":"","overlay-gradient":""},"tablet":{"background-color":"","background-image":"","background-repeat":"repeat","background-position":"center center","background-size":"auto","background-attachment":"scroll","background-type":"","background-media":"","overlay-type":"","overlay-color":"","overlay-opacity":"","overlay-gradient":""},"mobile":{"background-color":"","background-image":"","background-repeat":"repeat","background-position":"center center","background-size":"auto","background-attachment":"scroll","background-type":"","background-media":"","overlay-type":"","overlay-color":"","overlay-opacity":"","overlay-gradient":""}},"ast-content-background-meta":{"desktop":{"background-color":"var(--ast-global-color-5)","background-image":"","background-repeat":"repeat","background-position":"center center","background-size":"auto","background-attachment":"scroll","background-type":"","background-media":"","overlay-type":"","overlay-color":"","overlay-opacity":"","overlay-gradient":""},"tablet":{"background-color":"var(--ast-global-color-5)","background-image":"","background-repeat":"repeat","background-position":"center center","background-size":"auto","background-attachment":"scroll","background-type":"","background-media":"","overlay-type":"","overlay-color":"","overlay-opacity":"","overlay-gradient":""},"mobile":{"background-color":"var(--ast-global-color-5)","background-image":"","background-repeat":"repeat","background-position":"center center","background-size":"auto","background-attachment":"scroll","background-type":"","background-media":"","overlay-type":"","overlay-color":"","overlay-opacity":"","overlay-gradient":""}},"footnotes":""},"class_list":["post-147519","page","type-page","status-publish","hentry"],"yoast_head":"<!-- This site is optimized with the Yoast SEO Premium plugin v27.2 (Yoast SEO v27.3) - https:\/\/yoast.com\/product\/yoast-seo-premium-wordpress\/ -->\n<title>Soluci\u00f3n de software de gesti\u00f3n empresarial | Un escritorio<\/title>\n<meta name=\"description\" content=\"OneDesk es un software de asistencia t\u00e9cnica y gesti\u00f3n de proyectos en una sola aplicaci\u00f3n. Descubra c\u00f3mo puede optimizar y automatizar sus flujos de trabajo con nuestro sistema.\" \/>\n<meta name=\"robots\" content=\"index, follow, max-snippet:-1, max-image-preview:large, max-video-preview:-1\" \/>\n<link rel=\"canonical\" href=\"https:\/\/onedesk.com\/es\/industrias\/administracion-de-empresas\/\" \/>\n<meta property=\"og:locale\" content=\"es_ES\" \/>\n<meta property=\"og:type\" content=\"article\" \/>\n<meta property=\"og:title\" content=\"Soluci\u00f3n de software de gesti\u00f3n empresarial | Un escritorio\" \/>\n<meta property=\"og:description\" content=\"OneDesk es un software de asistencia t\u00e9cnica y gesti\u00f3n de proyectos en una sola aplicaci\u00f3n. Descubra c\u00f3mo puede optimizar y automatizar sus flujos de trabajo con nuestro sistema.\" \/>\n<meta property=\"og:url\" content=\"https:\/\/onedesk.com\/es\/industrias\/administracion-de-empresas\/\" \/>\n<meta property=\"og:site_name\" content=\"Un escritorio\" \/>\n<meta property=\"article:publisher\" content=\"https:\/\/www.facebook.com\/OneDeskApp\" \/>\n<meta property=\"og:image\" content=\"https:\/\/onedesk.com\/wp-content\/uploads\/2020\/04\/OneDesk-Logo.png\" \/>\n\t<meta property=\"og:image:width\" content=\"1280\" \/>\n\t<meta property=\"og:image:height\" content=\"800\" \/>\n\t<meta property=\"og:image:type\" content=\"image\/png\" \/>\n<meta name=\"twitter:card\" content=\"summary_large_image\" \/>\n<meta name=\"twitter:site\" content=\"@OneDeskApp\" \/>\n<meta name=\"twitter:label1\" content=\"Est. reading time\" \/>\n\t<meta name=\"twitter:data1\" content=\"1 minute\" \/>\n<!-- \/ Yoast SEO Premium plugin. -->","yoast_head_json":{"title":"Soluci\u00f3n de software de gesti\u00f3n empresarial | Un escritorio","description":"OneDesk es un software de asistencia t\u00e9cnica y gesti\u00f3n de proyectos en una sola aplicaci\u00f3n. Descubra c\u00f3mo puede optimizar y automatizar sus flujos de trabajo con nuestro sistema.","robots":{"index":"index","follow":"follow","max-snippet":"max-snippet:-1","max-image-preview":"max-image-preview:large","max-video-preview":"max-video-preview:-1"},"canonical":"https:\/\/onedesk.com\/es\/industrias\/administracion-de-empresas\/","og_locale":"es_ES","og_type":"article","og_title":"Soluci\u00f3n de software de gesti\u00f3n empresarial | Un escritorio","og_description":"OneDesk es un software de asistencia t\u00e9cnica y gesti\u00f3n de proyectos en una sola aplicaci\u00f3n. Descubra c\u00f3mo puede optimizar y automatizar sus flujos de trabajo con nuestro sistema.","og_url":"https:\/\/onedesk.com\/es\/industrias\/administracion-de-empresas\/","og_site_name":"Un escritorio","article_publisher":"https:\/\/www.facebook.com\/OneDeskApp","og_image":[{"width":1280,"height":800,"url":"https:\/\/onedesk.com\/wp-content\/uploads\/2020\/04\/OneDesk-Logo.png","type":"image\/png"}],"twitter_card":"summary_large_image","twitter_site":"@OneDeskApp","twitter_misc":{"Est. reading time":"1 minute"},"schema":{"@context":"https:\/\/schema.org","@graph":[{"@type":"WebPage","@id":"https:\/\/onedesk.com\/es\/industrias\/administracion-de-empresas\/","url":"https:\/\/onedesk.com\/es\/industrias\/administracion-de-empresas\/","name":"Soluci\u00f3n de software de gesti\u00f3n empresarial | Un escritorio","isPartOf":{"@id":"https:\/\/onedesk.com\/es\/#website"},"datePublished":"2021-12-13T19:08:56+00:00","description":"OneDesk es un software de asistencia t\u00e9cnica y gesti\u00f3n de proyectos en una sola aplicaci\u00f3n. Descubra c\u00f3mo puede optimizar y automatizar sus flujos de trabajo con nuestro sistema.","breadcrumb":{"@id":"https:\/\/onedesk.com\/es\/industrias\/administracion-de-empresas\/#breadcrumb"},"inLanguage":"es-ES","potentialAction":[{"@type":"ReadAction","target":["https:\/\/onedesk.com\/es\/industrias\/administracion-de-empresas\/"]}]},{"@type":"BreadcrumbList","@id":"https:\/\/onedesk.com\/es\/industrias\/administracion-de-empresas\/#breadcrumb","itemListElement":[{"@type":"ListItem","position":1,"name":"Industrias","item":"https:\/\/onedesk.com\/es\/industrias\/"},{"@type":"ListItem","position":2,"name":"Administraci\u00f3n de Empresas"}]},{"@type":"WebSite","@id":"https:\/\/onedesk.com\/es\/#website","url":"https:\/\/onedesk.com\/es\/","name":"Un escritorio","description":"Software de gesti\u00f3n de proyectos y asistencia t\u00e9cnica","publisher":{"@id":"https:\/\/onedesk.com\/es\/#organization"},"potentialAction":[{"@type":"SearchAction","target":{"@type":"EntryPoint","urlTemplate":"https:\/\/onedesk.com\/es\/?s={search_term_string}"},"query-input":{"@type":"PropertyValueSpecification","valueRequired":true,"valueName":"search_term_string"}}],"inLanguage":"es-ES"},{"@type":"Organization","@id":"https:\/\/onedesk.com\/es\/#organization","name":"Un escritorio","url":"https:\/\/onedesk.com\/es\/","logo":{"@type":"ImageObject","inLanguage":"es-ES","@id":"https:\/\/onedesk.com\/es\/#\/schema\/logo\/image\/","url":"https:\/\/onedesk.com\/wp-content\/uploads\/2016\/01\/white-logo-small.png","contentUrl":"https:\/\/onedesk.com\/wp-content\/uploads\/2016\/01\/white-logo-small.png","width":207,"height":40,"caption":"Un escritorio"},"image":{"@id":"https:\/\/onedesk.com\/es\/#\/schema\/logo\/image\/"},"sameAs":["https:\/\/www.facebook.com\/OneDeskApp","https:\/\/x.com\/OneDeskApp","https:\/\/www.instagram.com\/onedeskapp\/","https:\/\/www.linkedin.com\/company\/onedesk-inc-1","https:\/\/www.pinterest.com\/onedesk\/","https:\/\/www.youtube.com\/user\/OneDeskApp"]}]}},"tpgb_featured_images":null,"tpgb_post_meta_info":{"get_date":"December 13, 2021","get_modified_date":"December 13, 2021","author_name":"server.admin@onedesk.com","author_url":"https:\/\/onedesk.com\/es\/author\/server-adminonedesk-com\/","author_email":"server.admin@onedesk.com","author_website":"","author_description":"","author_facebook":"","author_twitter":"","author_instagram":"","author_role":["administrator"],"author_firstname":"","author_lastname":"","user_login":"server.admin@onedesk.com","author_avatar":"<img alt='' src='https:\/\/secure.gravatar.com\/avatar\/a37d6b270be81ecbf4ab9ca7260f2d1ee4d0295343706f0648e9d7a0d75243d3?s=200&#038;d=mm&#038;r=g' srcset='https:\/\/secure.gravatar.com\/avatar\/a37d6b270be81ecbf4ab9ca7260f2d1ee4d0295343706f0648e9d7a0d75243d3?s=400&#038;d=mm&#038;r=g 2x' class='avatar avatar-200 photo' height='200' width='200' decoding='async'\/>","author_avatar_url":"https:\/\/secure.gravatar.com\/avatar\/a37d6b270be81ecbf4ab9ca7260f2d1ee4d0295343706f0648e9d7a0d75243d3?s=96&d=mm&r=g","comment_count":0,"post_likes":0,"post_views":0},"tpgb_post_category":[],"jetpack_shortlink":"https:\/\/wp.me\/PfpPaI-Cnl","amp_enabled":true,"_links":{"self":[{"href":"https:\/\/onedesk.com\/es\/wp-json\/wp\/v2\/pages\/147519","targetHints":{"allow":["GET"]}}],"collection":[{"href":"https:\/\/onedesk.com\/es\/wp-json\/wp\/v2\/pages"}],"about":[{"href":"https:\/\/onedesk.com\/es\/wp-json\/wp\/v2\/types\/page"}],"author":[{"embeddable":true,"href":"https:\/\/onedesk.com\/es\/wp-json\/wp\/v2\/users\/1"}],"replies":[{"embeddable":true,"href":"https:\/\/onedesk.com\/es\/wp-json\/wp\/v2\/comments?post=147519"}],"version-history":[{"count":0,"href":"https:\/\/onedesk.com\/es\/wp-json\/wp\/v2\/pages\/147519\/revisions"}],"up":[{"embeddable":true,"href":"https:\/\/onedesk.com\/es\/wp-json\/wp\/v2\/pages\/62041"}],"wp:attachment":[{"href":"https:\/\/onedesk.com\/es\/wp-json\/wp\/v2\/media?parent=147519"}],"curies":[{"name":"wp","href":"https:\/\/api.w.org\/{rel}","templated":true}]}}