{"id":154748,"date":"2021-12-20T15:16:20","date_gmt":"2021-12-20T15:16:20","guid":{"rendered":"https:\/\/onedesk.com\/suscripcion-yendo-profesional\/"},"modified":"2022-11-10T14:59:25","modified_gmt":"2022-11-10T14:59:25","slug":"suscribirse-volverse-profesional","status":"publish","type":"page","link":"https:\/\/onedesk.com\/es\/suscribirse-volverse-profesional\/","title":{"rendered":"Suscribirse y volverse profesional"},"content":{"rendered":"\t\t<div data-elementor-type=\"wp-page\" data-elementor-id=\"154748\" class=\"elementor elementor-154748 elementor-144071\" data-elementor-post-type=\"page\">\n\t\t\t\t\t\t<section class=\"elementor-section elementor-top-section elementor-element elementor-element-417939cc elementor-section-boxed elementor-section-height-default elementor-section-height-default\" data-id=\"417939cc\" data-element_type=\"section\" data-e-type=\"section\">\n\t\t\t\t\t\t<div class=\"elementor-container elementor-column-gap-default\">\n\t\t\t\t\t<div class=\"elementor-column elementor-col-100 elementor-top-column elementor-element elementor-element-45db296a\" data-id=\"45db296a\" data-element_type=\"column\" data-e-type=\"column\">\n\t\t\t<div class=\"elementor-widget-wrap\">\n\t\t\t\t\t\t\t<\/div>\n\t\t<\/div>\n\t\t\t\t\t<\/div>\n\t\t<\/section>\n\t\t\t\t<section class=\"elementor-section elementor-top-section elementor-element elementor-element-2cc14ae9 elementor-section-boxed elementor-section-height-default elementor-section-height-default\" data-id=\"2cc14ae9\" data-element_type=\"section\" data-e-type=\"section\">\n\t\t\t\t\t\t<div class=\"elementor-container elementor-column-gap-default\">\n\t\t\t\t\t<div class=\"elementor-column elementor-col-100 elementor-top-column elementor-element elementor-element-44abddf9\" data-id=\"44abddf9\" data-element_type=\"column\" data-e-type=\"column\">\n\t\t\t<div class=\"elementor-widget-wrap elementor-element-populated\">\n\t\t\t\t\t\t\t<\/div>\n\t\t<\/div>\n\t\t\t\t\t<\/div>\n\t\t<\/section>\n\t\t\t\t<section class=\"elementor-section elementor-top-section elementor-element elementor-element-3eaea76d elementor-section-boxed elementor-section-height-default elementor-section-height-default\" data-id=\"3eaea76d\" data-element_type=\"section\" data-e-type=\"section\">\n\t\t\t\t\t\t<div class=\"elementor-container elementor-column-gap-default\">\n\t\t\t\t\t<div class=\"elementor-column elementor-col-33 elementor-top-column elementor-element elementor-element-a2834a2\" data-id=\"a2834a2\" data-element_type=\"column\" data-e-type=\"column\">\n\t\t\t<div class=\"elementor-widget-wrap elementor-element-populated\">\n\t\t\t\t\t\t<div class=\"elementor-element elementor-element-62fef03 elementor-widget elementor-widget-heading\" data-id=\"62fef03\" data-element_type=\"widget\" data-e-type=\"widget\" data-widget_type=\"heading.default\">\n\t\t\t\t<div class=\"elementor-widget-container\">\n\t\t\t\t\t<h4 class=\"elementor-heading-title elementor-size-default\">Tabla de contenido<\/h4>\t\t\t\t<\/div>\n\t\t\t\t<\/div>\n\t\t\t\t<div class=\"elementor-element elementor-element-72d633f elementor-nav-menu--dropdown-tablet elementor-nav-menu__text-align-aside elementor-nav-menu--toggle elementor-nav-menu--burger elementor-widget elementor-widget-nav-menu\" data-id=\"72d633f\" data-element_type=\"widget\" data-e-type=\"widget\" data-settings=\"{&quot;layout&quot;:&quot;vertical&quot;,&quot;submenu_icon&quot;:{&quot;value&quot;:&quot;&lt;i class=\\&quot;fas fa-caret-down\\&quot; aria-hidden=\\&quot;true\\&quot;&gt;&lt;\\\/i&gt;&quot;,&quot;library&quot;:&quot;fa-solid&quot;},&quot;toggle&quot;:&quot;burger&quot;}\" data-widget_type=\"nav-menu.default\">\n\t\t\t\t<div class=\"elementor-widget-container\">\n\t\t\t\t\t\t\t\t<nav aria-label=\"Menu\" class=\"elementor-nav-menu--main elementor-nav-menu__container elementor-nav-menu--layout-vertical e--pointer-underline e--animation-fade\">\n\t\t\t\t<ul id=\"menu-1-72d633f\" class=\"elementor-nav-menu sm-vertical\"><li class=\"menu-item menu-item-type-post_type menu-item-object-page menu-item-157403\"><a href=\"https:\/\/onedesk.com\/es\/primeros-10-minutos-en-un-escritorio\/\" class=\"elementor-item menu-link\">Primeros 10 minutos en OneDesk<\/a><\/li>\n<li class=\"menu-item menu-item-type-post_type menu-item-object-page menu-item-157404\"><a href=\"https:\/\/onedesk.com\/es\/incorporando-a-su-equipo\/\" class=\"elementor-item menu-link\">Incorporaci\u00f3n de su equipo<\/a><\/li>\n<li class=\"menu-item menu-item-type-post_type menu-item-object-page menu-item-157405\"><a href=\"https:\/\/onedesk.com\/es\/suscribirse-volverse-profesional\/\" class=\"elementor-item menu-link\">Suscribirse y volverse profesional<\/a><\/li>\n<li class=\"menu-item menu-item-type-post_type menu-item-object-page menu-item-157454\"><a href=\"https:\/\/onedesk.com\/es\/yendo-en-vivo-a-los-clientes\/\" class=\"elementor-item menu-link\">Puesta en marcha para los clientes<\/a><\/li>\n<li class=\"menu-item menu-item-type-post_type menu-item-object-page menu-item-157455\"><a href=\"https:\/\/onedesk.com\/es\/flujos-de-trabajo-de-enrutamiento-de-tickets\/\" class=\"elementor-item menu-link\">Enrutamiento de tickets y flujos de trabajo<\/a><\/li>\n<li class=\"menu-item menu-item-type-post_type menu-item-object-page menu-item-157456\"><a href=\"https:\/\/onedesk.com\/es\/flujos-de-trabajo-de-tareas-de-gestion-de-proyectos\/\" class=\"elementor-item menu-link\">Gesti\u00f3n de proyectos y flujos de trabajo de tareas<\/a><\/li>\n<li class=\"menu-item menu-item-type-post_type menu-item-object-page menu-item-157457\"><a href=\"https:\/\/onedesk.com\/es\/comunicarse-con-los-clientes\/\" class=\"elementor-item menu-link\">Comunicarse con los clientes<\/a><\/li>\n<li class=\"menu-item menu-item-type-post_type menu-item-object-page menu-item-157458\"><a href=\"https:\/\/onedesk.com\/es\/trabajo-de-seguimiento\/\" class=\"elementor-item menu-link\">Seguimiento del trabajo<\/a><\/li>\n<\/ul>\t\t\t<\/nav>\n\t\t\t\t\t<div class=\"elementor-menu-toggle\" role=\"button\" tabindex=\"0\" aria-label=\"Menu Toggle\" aria-expanded=\"false\">\n\t\t\t<i aria-hidden=\"true\" role=\"presentation\" class=\"elementor-menu-toggle__icon--open eicon-menu-bar\"><\/i><i aria-hidden=\"true\" role=\"presentation\" class=\"elementor-menu-toggle__icon--close eicon-close\"><\/i>\t\t<\/div>\n\t\t\t\t\t<nav class=\"elementor-nav-menu--dropdown elementor-nav-menu__container\" aria-hidden=\"true\">\n\t\t\t\t<ul id=\"menu-2-72d633f\" class=\"elementor-nav-menu sm-vertical\"><li class=\"menu-item menu-item-type-post_type menu-item-object-page menu-item-157403\"><a href=\"https:\/\/onedesk.com\/es\/primeros-10-minutos-en-un-escritorio\/\" class=\"elementor-item menu-link\" tabindex=\"-1\">Primeros 10 minutos en OneDesk<\/a><\/li>\n<li class=\"menu-item menu-item-type-post_type menu-item-object-page menu-item-157404\"><a href=\"https:\/\/onedesk.com\/es\/incorporando-a-su-equipo\/\" class=\"elementor-item menu-link\" tabindex=\"-1\">Incorporaci\u00f3n de su equipo<\/a><\/li>\n<li class=\"menu-item menu-item-type-post_type menu-item-object-page menu-item-157405\"><a href=\"https:\/\/onedesk.com\/es\/suscribirse-volverse-profesional\/\" class=\"elementor-item menu-link\" tabindex=\"-1\">Suscribirse y volverse profesional<\/a><\/li>\n<li class=\"menu-item menu-item-type-post_type menu-item-object-page menu-item-157454\"><a href=\"https:\/\/onedesk.com\/es\/yendo-en-vivo-a-los-clientes\/\" class=\"elementor-item menu-link\" tabindex=\"-1\">Puesta en marcha para los clientes<\/a><\/li>\n<li class=\"menu-item menu-item-type-post_type menu-item-object-page menu-item-157455\"><a href=\"https:\/\/onedesk.com\/es\/flujos-de-trabajo-de-enrutamiento-de-tickets\/\" class=\"elementor-item menu-link\" tabindex=\"-1\">Enrutamiento de tickets y flujos de trabajo<\/a><\/li>\n<li class=\"menu-item menu-item-type-post_type menu-item-object-page menu-item-157456\"><a href=\"https:\/\/onedesk.com\/es\/flujos-de-trabajo-de-tareas-de-gestion-de-proyectos\/\" class=\"elementor-item menu-link\" tabindex=\"-1\">Gesti\u00f3n de proyectos y flujos de trabajo de tareas<\/a><\/li>\n<li class=\"menu-item menu-item-type-post_type menu-item-object-page menu-item-157457\"><a href=\"https:\/\/onedesk.com\/es\/comunicarse-con-los-clientes\/\" class=\"elementor-item menu-link\" tabindex=\"-1\">Comunicarse con los clientes<\/a><\/li>\n<li class=\"menu-item menu-item-type-post_type menu-item-object-page menu-item-157458\"><a href=\"https:\/\/onedesk.com\/es\/trabajo-de-seguimiento\/\" class=\"elementor-item menu-link\" tabindex=\"-1\">Seguimiento del trabajo<\/a><\/li>\n<\/ul>\t\t\t<\/nav>\n\t\t\t\t\t\t<\/div>\n\t\t\t\t<\/div>\n\t\t\t\t<div class=\"elementor-element elementor-element-2a6bc8f elementor-widget elementor-widget-heading\" data-id=\"2a6bc8f\" data-element_type=\"widget\" data-e-type=\"widget\" data-widget_type=\"heading.default\">\n\t\t\t\t<div class=\"elementor-widget-container\">\n\t\t\t\t\t<h4 class=\"elementor-heading-title elementor-size-default\">Buceando m\u00e1s profundo<\/h4>\t\t\t\t<\/div>\n\t\t\t\t<\/div>\n\t\t\t\t<div class=\"elementor-element elementor-element-ec8589a elementor-nav-menu--dropdown-tablet elementor-nav-menu__text-align-aside elementor-nav-menu--toggle elementor-nav-menu--burger elementor-widget elementor-widget-nav-menu\" data-id=\"ec8589a\" data-element_type=\"widget\" data-e-type=\"widget\" data-settings=\"{&quot;layout&quot;:&quot;vertical&quot;,&quot;submenu_icon&quot;:{&quot;value&quot;:&quot;&lt;i class=\\&quot;fas fa-caret-down\\&quot; aria-hidden=\\&quot;true\\&quot;&gt;&lt;\\\/i&gt;&quot;,&quot;library&quot;:&quot;fa-solid&quot;},&quot;toggle&quot;:&quot;burger&quot;}\" data-widget_type=\"nav-menu.default\">\n\t\t\t\t<div class=\"elementor-widget-container\">\n\t\t\t\t\t\t\t\t<nav aria-label=\"Menu\" class=\"elementor-nav-menu--main elementor-nav-menu__container elementor-nav-menu--layout-vertical e--pointer-underline e--animation-fade\">\n\t\t\t\t<ul id=\"menu-1-ec8589a\" class=\"elementor-nav-menu sm-vertical\"><li class=\"menu-item menu-item-type-post_type menu-item-object-page menu-item-157502\"><a href=\"https:\/\/onedesk.com\/es\/personalizar-tu-usuario-experiencia\/\" class=\"elementor-item menu-link\">Personalizaci\u00f3n de la experiencia de sus usuarios<\/a><\/li>\n<li class=\"menu-item menu-item-type-post_type menu-item-object-page menu-item-157503\"><a href=\"https:\/\/onedesk.com\/es\/personalizar-la-experiencia-de-sus-clientes\/\" class=\"elementor-item menu-link\">Personalizando la experiencia de sus clientes<\/a><\/li>\n<li class=\"menu-item menu-item-type-post_type menu-item-object-page menu-item-157504\"><a href=\"https:\/\/onedesk.com\/es\/administrar-usuarios\/\" class=\"elementor-item menu-link\">Administrar usuarios<\/a><\/li>\n<li class=\"menu-item menu-item-type-post_type menu-item-object-page menu-item-157505\"><a href=\"https:\/\/onedesk.com\/es\/gestion-de-clientes\/\" class=\"elementor-item menu-link\">Gesti\u00f3n de clientes<\/a><\/li>\n<li class=\"menu-item menu-item-type-post_type menu-item-object-page menu-item-157547\"><a href=\"https:\/\/onedesk.com\/es\/onedesk-knowledgebase\/\" class=\"elementor-item menu-link\">Base de conocimientos de OneDesk<\/a><\/li>\n<li class=\"menu-item menu-item-type-post_type menu-item-object-page menu-item-157548\"><a href=\"https:\/\/onedesk.com\/es\/onedesk-live-chat\/\" class=\"elementor-item menu-link\">Chat en vivo de OneDesk<\/a><\/li>\n<li class=\"menu-item menu-item-type-post_type menu-item-object-page menu-item-157549\"><a href=\"https:\/\/onedesk.com\/es\/onedesk-client-portal\/\" class=\"elementor-item menu-link\">Portal del cliente de OneDesk<\/a><\/li>\n<li class=\"menu-item menu-item-type-post_type menu-item-object-page menu-item-157550\"><a href=\"https:\/\/onedesk.com\/es\/analitica\/\" class=\"elementor-item menu-link\">Anal\u00edtica<\/a><\/li>\n<\/ul>\t\t\t<\/nav>\n\t\t\t\t\t<div class=\"elementor-menu-toggle\" role=\"button\" tabindex=\"0\" aria-label=\"Menu Toggle\" aria-expanded=\"false\">\n\t\t\t<i aria-hidden=\"true\" role=\"presentation\" class=\"elementor-menu-toggle__icon--open eicon-menu-bar\"><\/i><i aria-hidden=\"true\" role=\"presentation\" class=\"elementor-menu-toggle__icon--close eicon-close\"><\/i>\t\t<\/div>\n\t\t\t\t\t<nav class=\"elementor-nav-menu--dropdown elementor-nav-menu__container\" aria-hidden=\"true\">\n\t\t\t\t<ul id=\"menu-2-ec8589a\" class=\"elementor-nav-menu sm-vertical\"><li class=\"menu-item menu-item-type-post_type menu-item-object-page menu-item-157502\"><a href=\"https:\/\/onedesk.com\/es\/personalizar-tu-usuario-experiencia\/\" class=\"elementor-item menu-link\" tabindex=\"-1\">Personalizaci\u00f3n de la experiencia de sus usuarios<\/a><\/li>\n<li class=\"menu-item menu-item-type-post_type menu-item-object-page menu-item-157503\"><a href=\"https:\/\/onedesk.com\/es\/personalizar-la-experiencia-de-sus-clientes\/\" class=\"elementor-item menu-link\" tabindex=\"-1\">Personalizando la experiencia de sus clientes<\/a><\/li>\n<li class=\"menu-item menu-item-type-post_type menu-item-object-page menu-item-157504\"><a href=\"https:\/\/onedesk.com\/es\/administrar-usuarios\/\" class=\"elementor-item menu-link\" tabindex=\"-1\">Administrar usuarios<\/a><\/li>\n<li class=\"menu-item menu-item-type-post_type menu-item-object-page menu-item-157505\"><a href=\"https:\/\/onedesk.com\/es\/gestion-de-clientes\/\" class=\"elementor-item menu-link\" tabindex=\"-1\">Gesti\u00f3n de clientes<\/a><\/li>\n<li class=\"menu-item menu-item-type-post_type menu-item-object-page menu-item-157547\"><a href=\"https:\/\/onedesk.com\/es\/onedesk-knowledgebase\/\" class=\"elementor-item menu-link\" tabindex=\"-1\">Base de conocimientos de OneDesk<\/a><\/li>\n<li class=\"menu-item menu-item-type-post_type menu-item-object-page menu-item-157548\"><a href=\"https:\/\/onedesk.com\/es\/onedesk-live-chat\/\" class=\"elementor-item menu-link\" tabindex=\"-1\">Chat en vivo de OneDesk<\/a><\/li>\n<li class=\"menu-item menu-item-type-post_type menu-item-object-page menu-item-157549\"><a href=\"https:\/\/onedesk.com\/es\/onedesk-client-portal\/\" class=\"elementor-item menu-link\" tabindex=\"-1\">Portal del cliente de OneDesk<\/a><\/li>\n<li class=\"menu-item menu-item-type-post_type menu-item-object-page menu-item-157550\"><a href=\"https:\/\/onedesk.com\/es\/analitica\/\" class=\"elementor-item menu-link\" tabindex=\"-1\">Anal\u00edtica<\/a><\/li>\n<\/ul>\t\t\t<\/nav>\n\t\t\t\t\t\t<\/div>\n\t\t\t\t<\/div>\n\t\t\t\t\t<\/div>\n\t\t<\/div>\n\t\t\t\t<div class=\"elementor-column elementor-col-66 elementor-top-column elementor-element elementor-element-28edd6de\" data-id=\"28edd6de\" data-element_type=\"column\" data-e-type=\"column\">\n\t\t\t<div class=\"elementor-widget-wrap elementor-element-populated\">\n\t\t\t\t\t\t<div class=\"elementor-element elementor-element-4206f0d7 elementor-widget elementor-widget-html\" data-id=\"4206f0d7\" data-element_type=\"widget\" data-e-type=\"widget\" data-widget_type=\"html.default\">\n\t\t\t\t<div class=\"elementor-widget-container\">\n\t\t\t\t\t<p>\nUna vez que haya usado OneDesk y est\u00e9 listo para ser profesional, puede actualizar f\u00e1cilmente su versi\u00f3n de prueba gratuita a un plan con licencia. Lea m\u00e1s sobre nuestros precios justos y las Preguntas frecuentes <a href=\"https:\/\/onedesk.com\/es\/precios\/\">aqu\u00ed<\/a> o <a href=\"https:\/\/youtu.be\/vDnpRx2tokA\">mire el video<\/a> para ver los detalles sobre c\u00f3mo convertirse en profesional.<\/p>\n<br>\n\n<center>\n<iframe width=\"560\" height=\"315\" src=\"https:\/\/www.youtube.com\/embed\/vDnpRx2tokA\" title=\"reproductor de videos de youtube\" frameborder=\"0\" allow=\"accelerometer; autoplay; clipboard-write; encrypted-media; gyroscope; picture-in-picture\" allowfullscreen=\"\"><\/iframe><\/center>\n<br>\n\n<br>\n<button class=\"guidebutton\" onclick=\"window.location.href='\/onboarding-your-team\/';\"><Previous{{{wpml_tag_15}}}\n{{{wpml_tag_16}}}Next ><\/button>\t\t\t\t<\/div>\n\t\t\t\t<\/div>\n\t\t\t\t\t<\/div>\n\t\t<\/div>\n\t\t\t\t\t<\/div>\n\t\t<\/section>\n\t\t\t\t<\/div>\n\t\t","protected":false},"excerpt":{"rendered":"<p>Tabla de contenido Buceando m\u00e1s profundo Una vez que haya usado OneDesk y est\u00e9 listo para ser profesional, puede actualizar f\u00e1cilmente su versi\u00f3n de prueba gratuita a un plan con licencia. Lea m\u00e1s sobre nuestros precios justos y las Preguntas frecuentes aqu\u00ed o mire el video para ver los detalles sobre c\u00f3mo convertirse en profesional.<\/p>\n","protected":false},"author":27,"featured_media":0,"parent":0,"menu_order":0,"comment_status":"closed","ping_status":"closed","template":"","meta":{"tpgb_global_settings":"","_crdt_document":"","inline_featured_image":false,"site-sidebar-layout":"no-sidebar","site-content-layout":"page-builder","ast-site-content-layout":"default","site-content-style":"default","site-sidebar-style":"default","ast-global-header-display":"","ast-banner-title-visibility":"","ast-main-header-display":"","ast-hfb-above-header-display":"","ast-hfb-below-header-display":"","ast-hfb-mobile-header-display":"","site-post-title":"disabled","ast-breadcrumbs-content":"","ast-featured-img":"disabled","footer-sml-layout":"","ast-disable-related-posts":"","theme-transparent-header-meta":"","adv-header-id-meta":"","stick-header-meta":"","header-above-stick-meta":"","header-main-stick-meta":"","header-below-stick-meta":"","astra-migrate-meta-layouts":"default","ast-page-background-enabled":"default","ast-page-background-meta":{"desktop":{"background-color":"var(--ast-global-color-4)","background-image":"","background-repeat":"repeat","background-position":"center center","background-size":"auto","background-attachment":"scroll","background-type":"","background-media":"","overlay-type":"","overlay-color":"","overlay-opacity":"","overlay-gradient":""},"tablet":{"background-color":"","background-image":"","background-repeat":"repeat","background-position":"center center","background-size":"auto","background-attachment":"scroll","background-type":"","background-media":"","overlay-type":"","overlay-color":"","overlay-opacity":"","overlay-gradient":""},"mobile":{"background-color":"","background-image":"","background-repeat":"repeat","background-position":"center center","background-size":"auto","background-attachment":"scroll","background-type":"","background-media":"","overlay-type":"","overlay-color":"","overlay-opacity":"","overlay-gradient":""}},"ast-content-background-meta":{"desktop":{"background-color":"var(--ast-global-color-5)","background-image":"","background-repeat":"repeat","background-position":"center center","background-size":"auto","background-attachment":"scroll","background-type":"","background-media":"","overlay-type":"","overlay-color":"","overlay-opacity":"","overlay-gradient":""},"tablet":{"background-color":"var(--ast-global-color-5)","background-image":"","background-repeat":"repeat","background-position":"center center","background-size":"auto","background-attachment":"scroll","background-type":"","background-media":"","overlay-type":"","overlay-color":"","overlay-opacity":"","overlay-gradient":""},"mobile":{"background-color":"var(--ast-global-color-5)","background-image":"","background-repeat":"repeat","background-position":"center center","background-size":"auto","background-attachment":"scroll","background-type":"","background-media":"","overlay-type":"","overlay-color":"","overlay-opacity":"","overlay-gradient":""}},"footnotes":""},"class_list":["post-154748","page","type-page","status-publish","hentry"],"yoast_head":"<!-- This site is optimized with the Yoast SEO Premium plugin v27.5 (Yoast SEO v27.5) - https:\/\/yoast.com\/product\/yoast-seo-premium-wordpress\/ -->\n<title>Suscribirse y volverse profesional | Gu\u00eda de incorporaci\u00f3n de OneDesk HelpDesk &amp; PM<\/title>\n<meta name=\"description\" content=\"OneDesk es un software de asistencia t\u00e9cnica y gesti\u00f3n de proyectos en una sola aplicaci\u00f3n. Conozca los planes de suscripci\u00f3n disponibles.\" \/>\n<meta name=\"robots\" content=\"index, follow, max-snippet:-1, max-image-preview:large, max-video-preview:-1\" \/>\n<link rel=\"canonical\" href=\"https:\/\/onedesk.com\/es\/suscribirse-volverse-profesional\/\" \/>\n<meta property=\"og:locale\" content=\"es_ES\" \/>\n<meta property=\"og:type\" content=\"article\" \/>\n<meta property=\"og:title\" content=\"Suscribirse y volverse profesional | Gu\u00eda de incorporaci\u00f3n de OneDesk HelpDesk &amp; PM\" \/>\n<meta property=\"og:description\" content=\"OneDesk es un software de asistencia t\u00e9cnica y gesti\u00f3n de proyectos en una sola aplicaci\u00f3n. Conozca los planes de suscripci\u00f3n disponibles.\" \/>\n<meta property=\"og:url\" content=\"https:\/\/onedesk.com\/es\/suscribirse-volverse-profesional\/\" \/>\n<meta property=\"og:site_name\" content=\"Un escritorio\" \/>\n<meta property=\"article:publisher\" content=\"https:\/\/www.facebook.com\/OneDeskApp\" \/>\n<meta property=\"article:modified_time\" content=\"2022-11-10T14:59:25+00:00\" \/>\n<meta property=\"og:image\" content=\"https:\/\/onedesk.com\/wp-content\/uploads\/2020\/04\/OneDesk-Logo.png\" \/>\n\t<meta property=\"og:image:width\" content=\"1280\" \/>\n\t<meta property=\"og:image:height\" content=\"800\" \/>\n\t<meta property=\"og:image:type\" content=\"image\/png\" \/>\n<meta name=\"twitter:card\" content=\"summary_large_image\" \/>\n<meta name=\"twitter:site\" content=\"@OneDeskApp\" \/>\n<!-- \/ Yoast SEO Premium plugin. -->","yoast_head_json":{"title":"Suscribirse y volverse profesional | Gu\u00eda de incorporaci\u00f3n de OneDesk HelpDesk & PM","description":"OneDesk es un software de asistencia t\u00e9cnica y gesti\u00f3n de proyectos en una sola aplicaci\u00f3n. Conozca los planes de suscripci\u00f3n disponibles.","robots":{"index":"index","follow":"follow","max-snippet":"max-snippet:-1","max-image-preview":"max-image-preview:large","max-video-preview":"max-video-preview:-1"},"canonical":"https:\/\/onedesk.com\/es\/suscribirse-volverse-profesional\/","og_locale":"es_ES","og_type":"article","og_title":"Suscribirse y volverse profesional | Gu\u00eda de incorporaci\u00f3n de OneDesk HelpDesk & PM","og_description":"OneDesk es un software de asistencia t\u00e9cnica y gesti\u00f3n de proyectos en una sola aplicaci\u00f3n. Conozca los planes de suscripci\u00f3n disponibles.","og_url":"https:\/\/onedesk.com\/es\/suscribirse-volverse-profesional\/","og_site_name":"Un escritorio","article_publisher":"https:\/\/www.facebook.com\/OneDeskApp","article_modified_time":"2022-11-10T14:59:25+00:00","og_image":[{"width":1280,"height":800,"url":"https:\/\/onedesk.com\/wp-content\/uploads\/2020\/04\/OneDesk-Logo.png","type":"image\/png"}],"twitter_card":"summary_large_image","twitter_site":"@OneDeskApp","schema":{"@context":"https:\/\/schema.org","@graph":[{"@type":"WebPage","@id":"https:\/\/onedesk.com\/es\/suscribirse-volverse-profesional\/","url":"https:\/\/onedesk.com\/es\/suscribirse-volverse-profesional\/","name":"Suscribirse y volverse profesional | Gu\u00eda de incorporaci\u00f3n de OneDesk HelpDesk & PM","isPartOf":{"@id":"https:\/\/onedesk.com\/es\/#website"},"datePublished":"2021-12-20T15:16:20+00:00","dateModified":"2022-11-10T14:59:25+00:00","description":"OneDesk es un software de asistencia t\u00e9cnica y gesti\u00f3n de proyectos en una sola aplicaci\u00f3n. Conozca los planes de suscripci\u00f3n disponibles.","inLanguage":"es-ES","potentialAction":[{"@type":"ReadAction","target":["https:\/\/onedesk.com\/es\/suscribirse-volverse-profesional\/"]}]},{"@type":"WebSite","@id":"https:\/\/onedesk.com\/es\/#website","url":"https:\/\/onedesk.com\/es\/","name":"Un escritorio","description":"Software de gesti\u00f3n de proyectos y asistencia t\u00e9cnica","publisher":{"@id":"https:\/\/onedesk.com\/es\/#organization"},"potentialAction":[{"@type":"SearchAction","target":{"@type":"EntryPoint","urlTemplate":"https:\/\/onedesk.com\/es\/?s={search_term_string}"},"query-input":{"@type":"PropertyValueSpecification","valueRequired":true,"valueName":"search_term_string"}}],"inLanguage":"es-ES"},{"@type":"Organization","@id":"https:\/\/onedesk.com\/es\/#organization","name":"Un escritorio","url":"https:\/\/onedesk.com\/es\/","logo":{"@type":"ImageObject","inLanguage":"es-ES","@id":"https:\/\/onedesk.com\/es\/#\/schema\/logo\/image\/","url":"https:\/\/onedesk.com\/wp-content\/uploads\/2016\/01\/white-logo-small.png","contentUrl":"https:\/\/onedesk.com\/wp-content\/uploads\/2016\/01\/white-logo-small.png","width":207,"height":40,"caption":"Un escritorio"},"image":{"@id":"https:\/\/onedesk.com\/es\/#\/schema\/logo\/image\/"},"sameAs":["https:\/\/www.facebook.com\/OneDeskApp","https:\/\/x.com\/OneDeskApp","https:\/\/www.instagram.com\/onedeskapp\/","https:\/\/www.linkedin.com\/company\/onedesk-inc-1","https:\/\/www.pinterest.com\/onedesk\/","https:\/\/www.youtube.com\/user\/OneDeskApp"]}]}},"tpgb_featured_images":null,"tpgb_post_meta_info":{"get_date":"December 20, 2021","get_modified_date":"November 10, 2022","author_name":"Sabrin Yusef","author_url":"https:\/\/onedesk.com\/es\/author\/sarbin-yusef\/","author_email":"sabrin.yusef@onedesk.com","author_website":"","author_description":"","author_facebook":"","author_twitter":"","author_instagram":"","author_role":["customer"],"author_firstname":"Sabrin","author_lastname":"Yusef","user_login":"sarbin.yusef","author_avatar":"<img alt='' src='https:\/\/secure.gravatar.com\/avatar\/1f20332b0900369c93c9c272e03885bde073bf214b3dd3eb4bea569a45bea588?s=200&#038;d=mm&#038;r=g' srcset='https:\/\/secure.gravatar.com\/avatar\/1f20332b0900369c93c9c272e03885bde073bf214b3dd3eb4bea569a45bea588?s=400&#038;d=mm&#038;r=g 2x' class='avatar avatar-200 photo' height='200' width='200' decoding='async'\/>","author_avatar_url":"https:\/\/secure.gravatar.com\/avatar\/1f20332b0900369c93c9c272e03885bde073bf214b3dd3eb4bea569a45bea588?s=96&d=mm&r=g","comment_count":0,"post_likes":0,"post_views":0},"tpgb_post_category":[],"jetpack_shortlink":"https:\/\/wp.me\/PfpPaI-EfW","amp_enabled":true,"_links":{"self":[{"href":"https:\/\/onedesk.com\/es\/wp-json\/wp\/v2\/pages\/154748","targetHints":{"allow":["GET"]}}],"collection":[{"href":"https:\/\/onedesk.com\/es\/wp-json\/wp\/v2\/pages"}],"about":[{"href":"https:\/\/onedesk.com\/es\/wp-json\/wp\/v2\/types\/page"}],"author":[{"embeddable":true,"href":"https:\/\/onedesk.com\/es\/wp-json\/wp\/v2\/users\/27"}],"replies":[{"embeddable":true,"href":"https:\/\/onedesk.com\/es\/wp-json\/wp\/v2\/comments?post=154748"}],"version-history":[{"count":17,"href":"https:\/\/onedesk.com\/es\/wp-json\/wp\/v2\/pages\/154748\/revisions"}],"predecessor-version":[{"id":243127,"href":"https:\/\/onedesk.com\/es\/wp-json\/wp\/v2\/pages\/154748\/revisions\/243127"}],"wp:attachment":[{"href":"https:\/\/onedesk.com\/es\/wp-json\/wp\/v2\/media?parent=154748"}],"curies":[{"name":"wp","href":"https:\/\/api.w.org\/{rel}","templated":true}]}}