{"id":155002,"date":"2021-12-20T16:02:25","date_gmt":"2021-12-20T16:02:25","guid":{"rendered":"https:\/\/onedesk.com\/indice-de-caracteristicas\/monitoreo-de-correo-electronico\/"},"modified":"2023-08-08T19:06:21","modified_gmt":"2023-08-08T19:06:21","slug":"seguimiento-de-correo-electronico","status":"publish","type":"page","link":"https:\/\/onedesk.com\/es\/caracteristicas-indice\/seguimiento-de-correo-electronico\/","title":{"rendered":"Monitoreo de correo electr\u00f3nico"},"content":{"rendered":"\t\t<div data-elementor-type=\"wp-page\" data-elementor-id=\"155002\" class=\"elementor elementor-155002 elementor-83546\" data-elementor-post-type=\"page\">\n\t\t\t\t\t\t<section class=\"elementor-section elementor-top-section elementor-element elementor-element-35c19cfa elementor-section-boxed elementor-section-height-default elementor-section-height-default\" data-id=\"35c19cfa\" data-element_type=\"section\" data-e-type=\"section\">\n\t\t\t\t\t\t<div class=\"elementor-container elementor-column-gap-default\">\n\t\t\t\t\t<div class=\"elementor-column elementor-col-100 elementor-top-column elementor-element elementor-element-6ecc91a9\" data-id=\"6ecc91a9\" data-element_type=\"column\" data-e-type=\"column\">\n\t\t\t<div class=\"elementor-widget-wrap\">\n\t\t\t\t\t\t\t<\/div>\n\t\t<\/div>\n\t\t\t\t\t<\/div>\n\t\t<\/section>\n\t\t\t\t<section class=\"elementor-section elementor-top-section elementor-element elementor-element-766d10c elementor-section-boxed elementor-section-height-default elementor-section-height-default\" data-id=\"766d10c\" data-element_type=\"section\" data-e-type=\"section\">\n\t\t\t\t\t\t<div class=\"elementor-container elementor-column-gap-default\">\n\t\t\t\t\t<div class=\"elementor-column elementor-col-100 elementor-top-column elementor-element elementor-element-a276d9e\" data-id=\"a276d9e\" data-element_type=\"column\" data-e-type=\"column\">\n\t\t\t<div class=\"elementor-widget-wrap elementor-element-populated\">\n\t\t\t\t\t\t<div class=\"elementor-element elementor-element-677664e7 elementor-widget elementor-widget-heading\" data-id=\"677664e7\" data-element_type=\"widget\" data-e-type=\"widget\" data-widget_type=\"heading.default\">\n\t\t\t\t<div class=\"elementor-widget-container\">\n\t\t\t\t\t<h1 class=\"elementor-heading-title elementor-size-default\">Monitoreo de correo electr\u00f3nico<\/h1>\t\t\t\t<\/div>\n\t\t\t\t<\/div>\n\t\t\t\t<div class=\"elementor-element elementor-element-5ef147b9 elementor-widget elementor-widget-text-editor\" data-id=\"5ef147b9\" data-element_type=\"widget\" data-e-type=\"widget\" data-widget_type=\"text-editor.default\">\n\t\t\t\t<div class=\"elementor-widget-container\">\n\t\t\t\t\t\t\t\t\t<p>Monitoreo de correo electr\u00f3nico entrante y saliente<\/p>\n\t\t\t\t\t\t\t\t<\/div>\n\t\t\t\t<\/div>\n\t\t\t\t<div class=\"elementor-element elementor-element-f2d5080 elementor-align-center elementor-widget elementor-widget-global elementor-global-161538 elementor-global-131872 elementor-widget-button\" data-id=\"f2d5080\" data-element_type=\"widget\" data-e-type=\"widget\" data-widget_type=\"button.default\">\n\t\t\t\t<div class=\"elementor-widget-container\">\n\t\t\t\t\t\t\t\t\t<div class=\"elementor-button-wrapper\">\n\t\t\t\t\t<a class=\"elementor-button elementor-button-link elementor-size-lg elementor-animation-grow\" href=\"https:\/\/onedesk.com\/es\/registrate-gratis\/\">\n\t\t\t\t\t\t<span class=\"elementor-button-content-wrapper\">\n\t\t\t\t\t\t\t\t\t<span class=\"elementor-button-text\">\u00a1Reg\u00edstrate gratis!<\/span>\n\t\t\t\t\t<\/span>\n\t\t\t\t\t<\/a>\n\t\t\t\t<\/div>\n\t\t\t\t\t\t\t\t<\/div>\n\t\t\t\t<\/div>\n\t\t\t\t\t<\/div>\n\t\t<\/div>\n\t\t\t\t\t<\/div>\n\t\t<\/section>\n\t\t\t\t<section class=\"elementor-section elementor-top-section elementor-element elementor-element-7be0cb78 elementor-section-boxed elementor-section-height-default elementor-section-height-default\" data-id=\"7be0cb78\" data-element_type=\"section\" data-e-type=\"section\">\n\t\t\t\t\t\t<div class=\"elementor-container elementor-column-gap-default\">\n\t\t\t\t\t<div class=\"elementor-column elementor-col-50 elementor-top-column elementor-element elementor-element-b3c1134\" data-id=\"b3c1134\" data-element_type=\"column\" data-e-type=\"column\">\n\t\t\t<div class=\"elementor-widget-wrap elementor-element-populated\">\n\t\t\t\t\t\t<div class=\"elementor-element elementor-element-4e6b697 elementor-widget elementor-widget-image\" data-id=\"4e6b697\" data-element_type=\"widget\" data-e-type=\"widget\" data-widget_type=\"image.default\">\n\t\t\t\t<div class=\"elementor-widget-container\">\n\t\t\t\t\t\t\t\t\t\t\t\t\t\t\t<img fetchpriority=\"high\" decoding=\"async\" width=\"602\" height=\"597\" src=\"https:\/\/onedesk.com\/wp-content\/uploads\/2016\/01\/EmailMonitoring.png\" class=\"attachment-large size-large wp-image-83690\" alt=\"monitoreo de correo electr\u00f3nico\" srcset=\"https:\/\/onedesk.com\/wp-content\/uploads\/2016\/01\/EmailMonitoring.png 602w, https:\/\/onedesk.com\/wp-content\/uploads\/2016\/01\/EmailMonitoring-300x298.png 300w, https:\/\/onedesk.com\/wp-content\/uploads\/2016\/01\/EmailMonitoring-150x150.png 150w, https:\/\/onedesk.com\/wp-content\/uploads\/2016\/01\/EmailMonitoring-303x300.png 303w, https:\/\/onedesk.com\/wp-content\/uploads\/2016\/01\/EmailMonitoring-255x253.png 255w, https:\/\/onedesk.com\/wp-content\/uploads\/2016\/01\/EmailMonitoring-81x80.png 81w, https:\/\/onedesk.com\/wp-content\/uploads\/2016\/01\/EmailMonitoring-40x40.png 40w, https:\/\/onedesk.com\/wp-content\/uploads\/2016\/01\/EmailMonitoring-60x60.png 60w, https:\/\/onedesk.com\/wp-content\/uploads\/2016\/01\/EmailMonitoring-480x476.png 480w, https:\/\/onedesk.com\/wp-content\/uploads\/2016\/01\/EmailMonitoring-500x496.png 500w, https:\/\/onedesk.com\/wp-content\/uploads\/2016\/01\/EmailMonitoring-360x357.png 360w\" sizes=\"(max-width: 602px) 100vw, 602px\" \/>\t\t\t\t\t\t\t\t\t\t\t\t\t\t\t<\/div>\n\t\t\t\t<\/div>\n\t\t\t\t\t<\/div>\n\t\t<\/div>\n\t\t\t\t<div class=\"elementor-column elementor-col-50 elementor-top-column elementor-element elementor-element-13529493\" data-id=\"13529493\" data-element_type=\"column\" data-e-type=\"column\">\n\t\t\t<div class=\"elementor-widget-wrap elementor-element-populated\">\n\t\t\t\t\t\t<div class=\"elementor-element elementor-element-6ef3772e elementor-widget elementor-widget-heading\" data-id=\"6ef3772e\" data-element_type=\"widget\" data-e-type=\"widget\" data-widget_type=\"heading.default\">\n\t\t\t\t<div class=\"elementor-widget-container\">\n\t\t\t\t\t<h2 class=\"elementor-heading-title elementor-size-default\">Cree respuestas basadas en activadores de palabras clave<\/h2>\t\t\t\t<\/div>\n\t\t\t\t<\/div>\n\t\t\t\t<div class=\"elementor-element elementor-element-436003e4 elementor-widget elementor-widget-text-editor\" data-id=\"436003e4\" data-element_type=\"widget\" data-e-type=\"widget\" data-widget_type=\"text-editor.default\">\n\t\t\t\t<div class=\"elementor-widget-container\">\n\t\t\t\t\t\t\t\t\t<p>OneDesk garantiza que pueda monitorear toda la actividad del correo electr\u00f3nico con transparencia. Le brindamos tranquilidad para que pueda realizar un seguimiento de los mensajes de correo electr\u00f3nico entrantes y salientes, ver qu\u00e9 se envi\u00f3, a qui\u00e9n y qu\u00e9 acciones desencadenan ciertos correos electr\u00f3nicos entrantes dentro de OneDesk. Te mostramos toda esta informaci\u00f3n para las comunicaciones por correo electr\u00f3nico de las \u00faltimas 72 horas.<\/p>\n\t\t\t\t\t\t\t\t<\/div>\n\t\t\t\t<\/div>\n\t\t\t\t<div class=\"elementor-element elementor-element-614b797 elementor-widget elementor-widget-heading\" data-id=\"614b797\" data-element_type=\"widget\" data-e-type=\"widget\" data-widget_type=\"heading.default\">\n\t\t\t\t<div class=\"elementor-widget-container\">\n\t\t\t\t\t<h2 class=\"elementor-heading-title elementor-size-default\">Supervise todos los correos electr\u00f3nicos salientes para garantizar la transparencia<\/h2>\t\t\t\t<\/div>\n\t\t\t\t<\/div>\n\t\t\t\t<div class=\"elementor-element elementor-element-8600891 elementor-widget elementor-widget-text-editor\" data-id=\"8600891\" data-element_type=\"widget\" data-e-type=\"widget\" data-widget_type=\"text-editor.default\">\n\t\t\t\t<div class=\"elementor-widget-container\">\n\t\t\t\t\t\t\t\t\t<p>Los mensajes de correo electr\u00f3nico son fundamentales para una comunicaci\u00f3n eficaz con sus usuarios y clientes, y desea tener la seguridad de que sus correos electr\u00f3nicos se env\u00edan y entregan. Las capacidades de monitoreo de correo electr\u00f3nico de OneDesk le brindan tranquilidad al permitirle rastrear las comunicaciones de correo electr\u00f3nico salientes. Si un cliente dice que nunca recibi\u00f3 un correo electr\u00f3nico, puede verificar y determinar si se envi\u00f3, se entreg\u00f3 o no se entreg\u00f3 y cu\u00e1ndo. Podr\u00e1 saber si sus correos electr\u00f3nicos se est\u00e1n procesando, entregando, rebotando, bloqueando y m\u00e1s.<\/p>\n\t\t\t\t\t\t\t\t<\/div>\n\t\t\t\t<\/div>\n\t\t\t\t\t<\/div>\n\t\t<\/div>\n\t\t\t\t\t<\/div>\n\t\t<\/section>\n\t\t\t\t<section class=\"elementor-section elementor-top-section elementor-element elementor-element-368eb4ef elementor-section-boxed elementor-section-height-default elementor-section-height-default\" data-id=\"368eb4ef\" data-element_type=\"section\" data-e-type=\"section\">\n\t\t\t\t\t\t<div class=\"elementor-container elementor-column-gap-default\">\n\t\t\t\t\t<div class=\"elementor-column elementor-col-100 elementor-top-column elementor-element elementor-element-7f10658e\" data-id=\"7f10658e\" data-element_type=\"column\" data-e-type=\"column\">\n\t\t\t<div class=\"elementor-widget-wrap elementor-element-populated\">\n\t\t\t\t\t\t<div class=\"elementor-element elementor-element-2b843beb elementor-widget elementor-widget-heading\" data-id=\"2b843beb\" data-element_type=\"widget\" data-e-type=\"widget\" data-widget_type=\"heading.default\">\n\t\t\t\t<div class=\"elementor-widget-container\">\n\t\t\t\t\t<h2 class=\"elementor-heading-title elementor-size-default\">Seguimiento de todas las comunicaciones entrantes <\/h2>\t\t\t\t<\/div>\n\t\t\t\t<\/div>\n\t\t\t\t<div class=\"elementor-element elementor-element-1834a55b elementor-widget elementor-widget-text-editor\" data-id=\"1834a55b\" data-element_type=\"widget\" data-e-type=\"widget\" data-widget_type=\"text-editor.default\">\n\t\t\t\t<div class=\"elementor-widget-container\">\n\t\t\t\t\t\t\t\t\t<p>Las comunicaciones entrantes de su cliente pueden afectar diferentes partes de OneDesk: pueden agregar mensajes a las conversaciones, pueden desencadenar la creaci\u00f3n de tickets y tareas, y m\u00e1s. Puede realizar un seguimiento de todo eso en la <a href=\"https:\/\/onedesk.com\/es\/caracteristicas-indice\/monitorear-entrante-ticket-creation\/\">aplicaci\u00f3n de correo electr\u00f3nico entrante<\/a> . Tambi\u00e9n puede monitorear qui\u00e9n le envi\u00f3 estas comunicaciones y cu\u00e1ndo mantenerlo al tanto de las solicitudes de sus clientes.<\/p>\n\t\t\t\t\t\t\t\t<\/div>\n\t\t\t\t<\/div>\n\t\t\t\t\t<\/div>\n\t\t<\/div>\n\t\t\t\t\t<\/div>\n\t\t<\/section>\n\t\t\t\t<\/div>\n\t\t","protected":false},"excerpt":{"rendered":"<p>Monitoreo de correo electr\u00f3nico Monitoreo de correo electr\u00f3nico entrante y saliente Sign up free! Cree respuestas basadas en activadores de palabras clave OneDesk garantiza que pueda monitorear toda la actividad del correo electr\u00f3nico con transparencia. Le brindamos tranquilidad para que pueda realizar un seguimiento de los mensajes de correo electr\u00f3nico entrantes y salientes, ver qu\u00e9 [&hellip;]<\/p>\n","protected":false},"author":27,"featured_media":0,"parent":151683,"menu_order":44,"comment_status":"closed","ping_status":"closed","template":"","meta":{"tpgb_global_settings":"","_crdt_document":"","inline_featured_image":false,"site-sidebar-layout":"default","site-content-layout":"","ast-site-content-layout":"default","site-content-style":"default","site-sidebar-style":"default","ast-global-header-display":"","ast-banner-title-visibility":"","ast-main-header-display":"","ast-hfb-above-header-display":"","ast-hfb-below-header-display":"","ast-hfb-mobile-header-display":"","site-post-title":"","ast-breadcrumbs-content":"","ast-featured-img":"","footer-sml-layout":"","ast-disable-related-posts":"","theme-transparent-header-meta":"","adv-header-id-meta":"","stick-header-meta":"","header-above-stick-meta":"","header-main-stick-meta":"","header-below-stick-meta":"","astra-migrate-meta-layouts":"default","ast-page-background-enabled":"default","ast-page-background-meta":{"desktop":{"background-color":"var(--ast-global-color-4)","background-image":"","background-repeat":"repeat","background-position":"center center","background-size":"auto","background-attachment":"scroll","background-type":"","background-media":"","overlay-type":"","overlay-color":"","overlay-opacity":"","overlay-gradient":""},"tablet":{"background-color":"","background-image":"","background-repeat":"repeat","background-position":"center center","background-size":"auto","background-attachment":"scroll","background-type":"","background-media":"","overlay-type":"","overlay-color":"","overlay-opacity":"","overlay-gradient":""},"mobile":{"background-color":"","background-image":"","background-repeat":"repeat","background-position":"center center","background-size":"auto","background-attachment":"scroll","background-type":"","background-media":"","overlay-type":"","overlay-color":"","overlay-opacity":"","overlay-gradient":""}},"ast-content-background-meta":{"desktop":{"background-color":"var(--ast-global-color-5)","background-image":"","background-repeat":"repeat","background-position":"center center","background-size":"auto","background-attachment":"scroll","background-type":"","background-media":"","overlay-type":"","overlay-color":"","overlay-opacity":"","overlay-gradient":""},"tablet":{"background-color":"var(--ast-global-color-5)","background-image":"","background-repeat":"repeat","background-position":"center center","background-size":"auto","background-attachment":"scroll","background-type":"","background-media":"","overlay-type":"","overlay-color":"","overlay-opacity":"","overlay-gradient":""},"mobile":{"background-color":"var(--ast-global-color-5)","background-image":"","background-repeat":"repeat","background-position":"center center","background-size":"auto","background-attachment":"scroll","background-type":"","background-media":"","overlay-type":"","overlay-color":"","overlay-opacity":"","overlay-gradient":""}},"footnotes":""},"class_list":["post-155002","page","type-page","status-publish","hentry"],"yoast_head":"<!-- This site is optimized with the Yoast SEO Premium plugin v27.2 (Yoast SEO v27.3) - https:\/\/yoast.com\/product\/yoast-seo-premium-wordpress\/ -->\n<title>Monitoreo de correo electr\u00f3nico | OneDesk HelpDesk y aplicaci\u00f3n de gesti\u00f3n de proyectos<\/title>\n<meta name=\"description\" content=\"OneDesk es un software de asistencia t\u00e9cnica y gesti\u00f3n de proyectos. Supervise los correos electr\u00f3nicos entrantes y salientes y conf\u00ede en su comunicaci\u00f3n por correo electr\u00f3nico.\" \/>\n<meta name=\"robots\" content=\"index, follow, max-snippet:-1, max-image-preview:large, max-video-preview:-1\" \/>\n<link rel=\"canonical\" href=\"https:\/\/onedesk.com\/es\/caracteristicas-indice\/seguimiento-de-correo-electronico\/\" \/>\n<meta property=\"og:locale\" content=\"es_ES\" \/>\n<meta property=\"og:type\" content=\"article\" \/>\n<meta property=\"og:title\" content=\"Monitoreo de correo electr\u00f3nico | OneDesk HelpDesk y aplicaci\u00f3n de gesti\u00f3n de proyectos\" \/>\n<meta property=\"og:description\" content=\"OneDesk es un software de asistencia t\u00e9cnica y gesti\u00f3n de proyectos. Supervise los correos electr\u00f3nicos entrantes y salientes y conf\u00ede en su comunicaci\u00f3n por correo electr\u00f3nico.\" \/>\n<meta property=\"og:url\" content=\"https:\/\/onedesk.com\/es\/caracteristicas-indice\/seguimiento-de-correo-electronico\/\" \/>\n<meta property=\"og:site_name\" content=\"Un escritorio\" \/>\n<meta property=\"article:publisher\" content=\"https:\/\/www.facebook.com\/OneDeskApp\" \/>\n<meta property=\"article:modified_time\" content=\"2023-08-08T19:06:21+00:00\" \/>\n<meta property=\"og:image\" content=\"https:\/\/onedesk.com\/wp-content\/uploads\/2016\/01\/EmailMonitoring.png\" \/>\n<meta name=\"twitter:card\" content=\"summary_large_image\" \/>\n<meta name=\"twitter:site\" content=\"@OneDeskApp\" \/>\n<meta name=\"twitter:label1\" content=\"Est. reading time\" \/>\n\t<meta name=\"twitter:data1\" content=\"1 minute\" \/>\n<!-- \/ Yoast SEO Premium plugin. -->","yoast_head_json":{"title":"Monitoreo de correo electr\u00f3nico | OneDesk HelpDesk y aplicaci\u00f3n de gesti\u00f3n de proyectos","description":"OneDesk es un software de asistencia t\u00e9cnica y gesti\u00f3n de proyectos. Supervise los correos electr\u00f3nicos entrantes y salientes y conf\u00ede en su comunicaci\u00f3n por correo electr\u00f3nico.","robots":{"index":"index","follow":"follow","max-snippet":"max-snippet:-1","max-image-preview":"max-image-preview:large","max-video-preview":"max-video-preview:-1"},"canonical":"https:\/\/onedesk.com\/es\/caracteristicas-indice\/seguimiento-de-correo-electronico\/","og_locale":"es_ES","og_type":"article","og_title":"Monitoreo de correo electr\u00f3nico | OneDesk HelpDesk y aplicaci\u00f3n de gesti\u00f3n de proyectos","og_description":"OneDesk es un software de asistencia t\u00e9cnica y gesti\u00f3n de proyectos. Supervise los correos electr\u00f3nicos entrantes y salientes y conf\u00ede en su comunicaci\u00f3n por correo electr\u00f3nico.","og_url":"https:\/\/onedesk.com\/es\/caracteristicas-indice\/seguimiento-de-correo-electronico\/","og_site_name":"Un escritorio","article_publisher":"https:\/\/www.facebook.com\/OneDeskApp","article_modified_time":"2023-08-08T19:06:21+00:00","og_image":[{"url":"https:\/\/onedesk.com\/wp-content\/uploads\/2016\/01\/EmailMonitoring.png","type":"","width":"","height":""}],"twitter_card":"summary_large_image","twitter_site":"@OneDeskApp","twitter_misc":{"Est. reading time":"1 minute"},"schema":{"@context":"https:\/\/schema.org","@graph":[{"@type":"WebPage","@id":"https:\/\/onedesk.com\/es\/caracteristicas-indice\/seguimiento-de-correo-electronico\/","url":"https:\/\/onedesk.com\/es\/caracteristicas-indice\/seguimiento-de-correo-electronico\/","name":"Monitoreo de correo electr\u00f3nico | OneDesk HelpDesk y aplicaci\u00f3n de gesti\u00f3n de proyectos","isPartOf":{"@id":"https:\/\/onedesk.com\/es\/#website"},"primaryImageOfPage":{"@id":"https:\/\/onedesk.com\/es\/caracteristicas-indice\/seguimiento-de-correo-electronico\/#primaryimage"},"image":{"@id":"https:\/\/onedesk.com\/es\/caracteristicas-indice\/seguimiento-de-correo-electronico\/#primaryimage"},"thumbnailUrl":"https:\/\/onedesk.com\/wp-content\/uploads\/2016\/01\/EmailMonitoring.png","datePublished":"2021-12-20T16:02:25+00:00","dateModified":"2023-08-08T19:06:21+00:00","description":"OneDesk es un software de asistencia t\u00e9cnica y gesti\u00f3n de proyectos. Supervise los correos electr\u00f3nicos entrantes y salientes y conf\u00ede en su comunicaci\u00f3n por correo electr\u00f3nico.","breadcrumb":{"@id":"https:\/\/onedesk.com\/es\/caracteristicas-indice\/seguimiento-de-correo-electronico\/#breadcrumb"},"inLanguage":"es-ES","potentialAction":[{"@type":"ReadAction","target":["https:\/\/onedesk.com\/es\/caracteristicas-indice\/seguimiento-de-correo-electronico\/"]}]},{"@type":"ImageObject","inLanguage":"es-ES","@id":"https:\/\/onedesk.com\/es\/caracteristicas-indice\/seguimiento-de-correo-electronico\/#primaryimage","url":"https:\/\/onedesk.com\/wp-content\/uploads\/2016\/01\/EmailMonitoring.png","contentUrl":"https:\/\/onedesk.com\/wp-content\/uploads\/2016\/01\/EmailMonitoring.png"},{"@type":"BreadcrumbList","@id":"https:\/\/onedesk.com\/es\/caracteristicas-indice\/seguimiento-de-correo-electronico\/#breadcrumb","itemListElement":[{"@type":"ListItem","position":1,"name":"\u00cdndice de caracter\u00edsticas de OneDesk","item":"https:\/\/onedesk.com\/es\/caracteristicas-indice\/"},{"@type":"ListItem","position":2,"name":"Monitoreo de correo electr\u00f3nico"}]},{"@type":"WebSite","@id":"https:\/\/onedesk.com\/es\/#website","url":"https:\/\/onedesk.com\/es\/","name":"Un escritorio","description":"Software de gesti\u00f3n de proyectos y asistencia t\u00e9cnica","publisher":{"@id":"https:\/\/onedesk.com\/es\/#organization"},"potentialAction":[{"@type":"SearchAction","target":{"@type":"EntryPoint","urlTemplate":"https:\/\/onedesk.com\/es\/?s={search_term_string}"},"query-input":{"@type":"PropertyValueSpecification","valueRequired":true,"valueName":"search_term_string"}}],"inLanguage":"es-ES"},{"@type":"Organization","@id":"https:\/\/onedesk.com\/es\/#organization","name":"Un escritorio","url":"https:\/\/onedesk.com\/es\/","logo":{"@type":"ImageObject","inLanguage":"es-ES","@id":"https:\/\/onedesk.com\/es\/#\/schema\/logo\/image\/","url":"https:\/\/onedesk.com\/wp-content\/uploads\/2016\/01\/white-logo-small.png","contentUrl":"https:\/\/onedesk.com\/wp-content\/uploads\/2016\/01\/white-logo-small.png","width":207,"height":40,"caption":"Un escritorio"},"image":{"@id":"https:\/\/onedesk.com\/es\/#\/schema\/logo\/image\/"},"sameAs":["https:\/\/www.facebook.com\/OneDeskApp","https:\/\/x.com\/OneDeskApp","https:\/\/www.instagram.com\/onedeskapp\/","https:\/\/www.linkedin.com\/company\/onedesk-inc-1","https:\/\/www.pinterest.com\/onedesk\/","https:\/\/www.youtube.com\/user\/OneDeskApp"]}]}},"tpgb_featured_images":null,"tpgb_post_meta_info":{"get_date":"December 20, 2021","get_modified_date":"August 8, 2023","author_name":"Sabrin Yusef","author_url":"https:\/\/onedesk.com\/es\/author\/sarbin-yusef\/","author_email":"sabrin.yusef@onedesk.com","author_website":"","author_description":"","author_facebook":"","author_twitter":"","author_instagram":"","author_role":["customer"],"author_firstname":"Sabrin","author_lastname":"Yusef","user_login":"sarbin.yusef","author_avatar":"<img alt='' src='https:\/\/secure.gravatar.com\/avatar\/1f20332b0900369c93c9c272e03885bde073bf214b3dd3eb4bea569a45bea588?s=200&#038;d=mm&#038;r=g' srcset='https:\/\/secure.gravatar.com\/avatar\/1f20332b0900369c93c9c272e03885bde073bf214b3dd3eb4bea569a45bea588?s=400&#038;d=mm&#038;r=g 2x' class='avatar avatar-200 photo' height='200' width='200' decoding='async'\/>","author_avatar_url":"https:\/\/secure.gravatar.com\/avatar\/1f20332b0900369c93c9c272e03885bde073bf214b3dd3eb4bea569a45bea588?s=96&d=mm&r=g","comment_count":0,"post_likes":0,"post_views":0},"tpgb_post_category":[],"jetpack_shortlink":"https:\/\/wp.me\/PfpPaI-Ek2","amp_enabled":true,"_links":{"self":[{"href":"https:\/\/onedesk.com\/es\/wp-json\/wp\/v2\/pages\/155002","targetHints":{"allow":["GET"]}}],"collection":[{"href":"https:\/\/onedesk.com\/es\/wp-json\/wp\/v2\/pages"}],"about":[{"href":"https:\/\/onedesk.com\/es\/wp-json\/wp\/v2\/types\/page"}],"author":[{"embeddable":true,"href":"https:\/\/onedesk.com\/es\/wp-json\/wp\/v2\/users\/27"}],"replies":[{"embeddable":true,"href":"https:\/\/onedesk.com\/es\/wp-json\/wp\/v2\/comments?post=155002"}],"version-history":[{"count":8,"href":"https:\/\/onedesk.com\/es\/wp-json\/wp\/v2\/pages\/155002\/revisions"}],"predecessor-version":[{"id":253017,"href":"https:\/\/onedesk.com\/es\/wp-json\/wp\/v2\/pages\/155002\/revisions\/253017"}],"up":[{"embeddable":true,"href":"https:\/\/onedesk.com\/es\/wp-json\/wp\/v2\/pages\/151683"}],"wp:attachment":[{"href":"https:\/\/onedesk.com\/es\/wp-json\/wp\/v2\/media?parent=155002"}],"curies":[{"name":"wp","href":"https:\/\/api.w.org\/{rel}","templated":true}]}}