{"id":155621,"date":"2021-12-20T16:09:31","date_gmt":"2021-12-20T16:09:31","guid":{"rendered":"https:\/\/onedesk.com\/indice-de-caracteristicas\/use-su-propio-servidor-smtp\/"},"modified":"2023-12-22T19:11:18","modified_gmt":"2023-12-22T19:11:18","slug":"usa-tu-propio-servidor-smtp","status":"publish","type":"page","link":"https:\/\/onedesk.com\/es\/caracteristicas-indice\/usa-tu-propio-servidor-smtp\/","title":{"rendered":"Utilice su propio servidor SMTP"},"content":{"rendered":"\t\t<div data-elementor-type=\"wp-page\" data-elementor-id=\"155621\" class=\"elementor elementor-155621 elementor-118178\" data-elementor-post-type=\"page\">\n\t\t\t\t\t\t<section class=\"elementor-section elementor-top-section elementor-element elementor-element-405e65c elementor-section-boxed elementor-section-height-default elementor-section-height-default\" data-id=\"405e65c\" data-element_type=\"section\" data-e-type=\"section\">\n\t\t\t\t\t\t<div class=\"elementor-container elementor-column-gap-default\">\n\t\t\t\t\t<div class=\"elementor-column elementor-col-100 elementor-top-column elementor-element elementor-element-563c6d06\" data-id=\"563c6d06\" data-element_type=\"column\" data-e-type=\"column\">\n\t\t\t<div class=\"elementor-widget-wrap elementor-element-populated\">\n\t\t\t\t\t\t<div class=\"elementor-element elementor-element-2177d590 elementor-widget elementor-widget-heading\" data-id=\"2177d590\" data-element_type=\"widget\" data-e-type=\"widget\" data-widget_type=\"heading.default\">\n\t\t\t\t<div class=\"elementor-widget-container\">\n\t\t\t\t\t<h2 class=\"elementor-heading-title elementor-size-default\">Utilice su propio servidor SMTP<\/h2>\t\t\t\t<\/div>\n\t\t\t\t<\/div>\n\t\t\t\t<div class=\"elementor-element elementor-element-61b7fa26 elementor-widget elementor-widget-text-editor\" data-id=\"61b7fa26\" data-element_type=\"widget\" data-e-type=\"widget\" data-widget_type=\"text-editor.default\">\n\t\t\t\t<div class=\"elementor-widget-container\">\n\t\t\t\t\t\t\t\t\t<p>Tenga control total sobre sus correos electr\u00f3nicos salientes<\/p>\n\t\t\t\t\t\t\t\t<\/div>\n\t\t\t\t<\/div>\n\t\t\t\t<div class=\"elementor-element elementor-element-eb5bdd2 elementor-align-center elementor-widget elementor-widget-global elementor-global-161538 elementor-global-131872 elementor-widget-button\" data-id=\"eb5bdd2\" data-element_type=\"widget\" data-e-type=\"widget\" data-widget_type=\"button.default\">\n\t\t\t\t<div class=\"elementor-widget-container\">\n\t\t\t\t\t\t\t\t\t<div class=\"elementor-button-wrapper\">\n\t\t\t\t\t<a class=\"elementor-button elementor-button-link elementor-size-lg elementor-animation-grow\" href=\"https:\/\/onedesk.com\/es\/registrate-gratis\/\">\n\t\t\t\t\t\t<span class=\"elementor-button-content-wrapper\">\n\t\t\t\t\t\t\t\t\t<span class=\"elementor-button-text\">\u00a1Reg\u00edstrate gratis!<\/span>\n\t\t\t\t\t<\/span>\n\t\t\t\t\t<\/a>\n\t\t\t\t<\/div>\n\t\t\t\t\t\t\t\t<\/div>\n\t\t\t\t<\/div>\n\t\t\t\t\t<\/div>\n\t\t<\/div>\n\t\t\t\t\t<\/div>\n\t\t<\/section>\n\t\t\t\t<section class=\"elementor-section elementor-top-section elementor-element elementor-element-f5852cf elementor-section-boxed elementor-section-height-default elementor-section-height-default\" data-id=\"f5852cf\" data-element_type=\"section\" data-e-type=\"section\">\n\t\t\t\t\t\t<div class=\"elementor-container elementor-column-gap-default\">\n\t\t\t\t\t<div class=\"elementor-column elementor-col-50 elementor-top-column elementor-element elementor-element-6242d712\" data-id=\"6242d712\" data-element_type=\"column\" data-e-type=\"column\">\n\t\t\t<div class=\"elementor-widget-wrap elementor-element-populated\">\n\t\t\t\t\t\t<div class=\"elementor-element elementor-element-d844493 elementor-widget elementor-widget-image\" data-id=\"d844493\" data-element_type=\"widget\" data-e-type=\"widget\" data-widget_type=\"image.default\">\n\t\t\t\t<div class=\"elementor-widget-container\">\n\t\t\t\t\t\t\t\t\t\t\t\t\t\t\t<img fetchpriority=\"high\" decoding=\"async\" width=\"968\" height=\"403\" src=\"https:\/\/onedesk.com\/wp-content\/uploads\/2016\/01\/SMTP1.png\" class=\"attachment-large size-large wp-image-155649\" alt=\"Configuraci\u00f3n de SMTP para el servicio de asistencia t\u00e9cnica\" srcset=\"https:\/\/onedesk.com\/wp-content\/uploads\/2016\/01\/SMTP1.png 968w, https:\/\/onedesk.com\/wp-content\/uploads\/2016\/01\/SMTP1-300x125.png 300w, https:\/\/onedesk.com\/wp-content\/uploads\/2016\/01\/SMTP1-768x320.png 768w, https:\/\/onedesk.com\/wp-content\/uploads\/2016\/01\/SMTP1-721x300.png 721w, https:\/\/onedesk.com\/wp-content\/uploads\/2016\/01\/SMTP1-255x106.png 255w, https:\/\/onedesk.com\/wp-content\/uploads\/2016\/01\/SMTP1-192x80.png 192w, https:\/\/onedesk.com\/wp-content\/uploads\/2016\/01\/SMTP1-96x40.png 96w, https:\/\/onedesk.com\/wp-content\/uploads\/2016\/01\/SMTP1-480x200.png 480w, https:\/\/onedesk.com\/wp-content\/uploads\/2016\/01\/SMTP1-500x208.png 500w, https:\/\/onedesk.com\/wp-content\/uploads\/2016\/01\/SMTP1-750x312.png 750w, https:\/\/onedesk.com\/wp-content\/uploads\/2016\/01\/SMTP1-360x150.png 360w\" sizes=\"(max-width: 968px) 100vw, 968px\" \/>\t\t\t\t\t\t\t\t\t\t\t\t\t\t\t<\/div>\n\t\t\t\t<\/div>\n\t\t\t\t\t<\/div>\n\t\t<\/div>\n\t\t\t\t<div class=\"elementor-column elementor-col-50 elementor-top-column elementor-element elementor-element-450e045b\" data-id=\"450e045b\" data-element_type=\"column\" data-e-type=\"column\">\n\t\t\t<div class=\"elementor-widget-wrap elementor-element-populated\">\n\t\t\t\t\t\t<div class=\"elementor-element elementor-element-583eba89 elementor-widget elementor-widget-text-editor\" data-id=\"583eba89\" data-element_type=\"widget\" data-e-type=\"widget\" data-widget_type=\"text-editor.default\">\n\t\t\t\t<div class=\"elementor-widget-container\">\n\t\t\t\t\t\t\t\t\t<p>Si bien puede utilizar los confiables servidores de correo electr\u00f3nico de OneDesk, tambi\u00e9n puede optar por enviar correos electr\u00f3nicos utilizando su propio SMTP. OneDesk le permite utilizar su propio servidor SMTP para enviar correos electr\u00f3nicos. Esto le permite tener control total sobre todos sus correos electr\u00f3nicos salientes. Para obtener m\u00e1s informaci\u00f3n al respecto, consulte este <a href=\"https:\/\/kb.onedesk.com\/app-od\/o-onedesk\/knowledge-base-1\/article-8e424c10-f8c9-42fb-ab44-5171d20cf2b3\">art\u00edculo instructivo<\/a> .<\/p>\n\t\t\t\t\t\t\t\t<\/div>\n\t\t\t\t<\/div>\n\t\t\t\t\t<\/div>\n\t\t<\/div>\n\t\t\t\t\t<\/div>\n\t\t<\/section>\n\t\t\t\t<\/div>\n\t\t","protected":false},"excerpt":{"rendered":"<p>Utilice su propio servidor SMTP Tenga control total sobre sus correos electr\u00f3nicos salientes Sign up free! Si bien puede utilizar los confiables servidores de correo electr\u00f3nico de OneDesk, tambi\u00e9n puede optar por enviar correos electr\u00f3nicos utilizando su propio SMTP. OneDesk le permite utilizar su propio servidor SMTP para enviar correos electr\u00f3nicos. Esto le permite tener [&hellip;]<\/p>\n","protected":false},"author":25,"featured_media":0,"parent":151683,"menu_order":23,"comment_status":"closed","ping_status":"closed","template":"","meta":{"tpgb_global_settings":"","_crdt_document":"","inline_featured_image":false,"site-sidebar-layout":"default","site-content-layout":"","ast-site-content-layout":"default","site-content-style":"default","site-sidebar-style":"default","ast-global-header-display":"","ast-banner-title-visibility":"","ast-main-header-display":"","ast-hfb-above-header-display":"","ast-hfb-below-header-display":"","ast-hfb-mobile-header-display":"","site-post-title":"","ast-breadcrumbs-content":"","ast-featured-img":"","footer-sml-layout":"","ast-disable-related-posts":"","theme-transparent-header-meta":"","adv-header-id-meta":"","stick-header-meta":"","header-above-stick-meta":"","header-main-stick-meta":"","header-below-stick-meta":"","astra-migrate-meta-layouts":"default","ast-page-background-enabled":"default","ast-page-background-meta":{"desktop":{"background-color":"var(--ast-global-color-4)","background-image":"","background-repeat":"repeat","background-position":"center center","background-size":"auto","background-attachment":"scroll","background-type":"","background-media":"","overlay-type":"","overlay-color":"","overlay-opacity":"","overlay-gradient":""},"tablet":{"background-color":"","background-image":"","background-repeat":"repeat","background-position":"center center","background-size":"auto","background-attachment":"scroll","background-type":"","background-media":"","overlay-type":"","overlay-color":"","overlay-opacity":"","overlay-gradient":""},"mobile":{"background-color":"","background-image":"","background-repeat":"repeat","background-position":"center center","background-size":"auto","background-attachment":"scroll","background-type":"","background-media":"","overlay-type":"","overlay-color":"","overlay-opacity":"","overlay-gradient":""}},"ast-content-background-meta":{"desktop":{"background-color":"var(--ast-global-color-5)","background-image":"","background-repeat":"repeat","background-position":"center center","background-size":"auto","background-attachment":"scroll","background-type":"","background-media":"","overlay-type":"","overlay-color":"","overlay-opacity":"","overlay-gradient":""},"tablet":{"background-color":"var(--ast-global-color-5)","background-image":"","background-repeat":"repeat","background-position":"center center","background-size":"auto","background-attachment":"scroll","background-type":"","background-media":"","overlay-type":"","overlay-color":"","overlay-opacity":"","overlay-gradient":""},"mobile":{"background-color":"var(--ast-global-color-5)","background-image":"","background-repeat":"repeat","background-position":"center center","background-size":"auto","background-attachment":"scroll","background-type":"","background-media":"","overlay-type":"","overlay-color":"","overlay-opacity":"","overlay-gradient":""}},"footnotes":""},"class_list":["post-155621","page","type-page","status-publish","hentry"],"yoast_head":"<!-- This site is optimized with the Yoast SEO Premium plugin v27.2 (Yoast SEO v27.3) - https:\/\/yoast.com\/product\/yoast-seo-premium-wordpress\/ -->\n<title>Utilice su propio servidor SMTP | Aplicaci\u00f3n de software OneDesk HelpDesk y PM<\/title>\n<meta name=\"description\" content=\"OneDesk es un software de asistencia t\u00e9cnica y gesti\u00f3n de proyectos. Puede utilizar su propio servidor SMTP para administrar y controlar todos los correos electr\u00f3nicos salientes.\" \/>\n<meta name=\"robots\" content=\"index, follow, max-snippet:-1, max-image-preview:large, max-video-preview:-1\" \/>\n<link rel=\"canonical\" href=\"https:\/\/onedesk.com\/es\/caracteristicas-indice\/usa-tu-propio-servidor-smtp\/\" \/>\n<meta property=\"og:locale\" content=\"es_ES\" \/>\n<meta property=\"og:type\" content=\"article\" \/>\n<meta property=\"og:title\" content=\"Utilice su propio servidor SMTP | Aplicaci\u00f3n de software OneDesk HelpDesk y PM\" \/>\n<meta property=\"og:description\" content=\"OneDesk es un software de asistencia t\u00e9cnica y gesti\u00f3n de proyectos. Puede utilizar su propio servidor SMTP para administrar y controlar todos los correos electr\u00f3nicos salientes.\" \/>\n<meta property=\"og:url\" content=\"https:\/\/onedesk.com\/es\/caracteristicas-indice\/usa-tu-propio-servidor-smtp\/\" \/>\n<meta property=\"og:site_name\" content=\"Un escritorio\" \/>\n<meta property=\"article:publisher\" content=\"https:\/\/www.facebook.com\/OneDeskApp\" \/>\n<meta property=\"article:modified_time\" content=\"2023-12-22T19:11:18+00:00\" \/>\n<meta property=\"og:image\" content=\"https:\/\/onedesk.com\/wp-content\/uploads\/2016\/01\/SMTP1.png\" \/>\n<meta name=\"twitter:card\" content=\"summary_large_image\" \/>\n<meta name=\"twitter:site\" content=\"@OneDeskApp\" \/>\n<!-- \/ Yoast SEO Premium plugin. -->","yoast_head_json":{"title":"Utilice su propio servidor SMTP | Aplicaci\u00f3n de software OneDesk HelpDesk y PM","description":"OneDesk es un software de asistencia t\u00e9cnica y gesti\u00f3n de proyectos. Puede utilizar su propio servidor SMTP para administrar y controlar todos los correos electr\u00f3nicos salientes.","robots":{"index":"index","follow":"follow","max-snippet":"max-snippet:-1","max-image-preview":"max-image-preview:large","max-video-preview":"max-video-preview:-1"},"canonical":"https:\/\/onedesk.com\/es\/caracteristicas-indice\/usa-tu-propio-servidor-smtp\/","og_locale":"es_ES","og_type":"article","og_title":"Utilice su propio servidor SMTP | Aplicaci\u00f3n de software OneDesk HelpDesk y PM","og_description":"OneDesk es un software de asistencia t\u00e9cnica y gesti\u00f3n de proyectos. Puede utilizar su propio servidor SMTP para administrar y controlar todos los correos electr\u00f3nicos salientes.","og_url":"https:\/\/onedesk.com\/es\/caracteristicas-indice\/usa-tu-propio-servidor-smtp\/","og_site_name":"Un escritorio","article_publisher":"https:\/\/www.facebook.com\/OneDeskApp","article_modified_time":"2023-12-22T19:11:18+00:00","og_image":[{"url":"https:\/\/onedesk.com\/wp-content\/uploads\/2016\/01\/SMTP1.png","type":"","width":"","height":""}],"twitter_card":"summary_large_image","twitter_site":"@OneDeskApp","schema":{"@context":"https:\/\/schema.org","@graph":[{"@type":"WebPage","@id":"https:\/\/onedesk.com\/es\/caracteristicas-indice\/usa-tu-propio-servidor-smtp\/","url":"https:\/\/onedesk.com\/es\/caracteristicas-indice\/usa-tu-propio-servidor-smtp\/","name":"Utilice su propio servidor SMTP | Aplicaci\u00f3n de software OneDesk HelpDesk y PM","isPartOf":{"@id":"https:\/\/onedesk.com\/es\/#website"},"primaryImageOfPage":{"@id":"https:\/\/onedesk.com\/es\/caracteristicas-indice\/usa-tu-propio-servidor-smtp\/#primaryimage"},"image":{"@id":"https:\/\/onedesk.com\/es\/caracteristicas-indice\/usa-tu-propio-servidor-smtp\/#primaryimage"},"thumbnailUrl":"https:\/\/onedesk.com\/wp-content\/uploads\/2016\/01\/SMTP1.png","datePublished":"2021-12-20T16:09:31+00:00","dateModified":"2023-12-22T19:11:18+00:00","description":"OneDesk es un software de asistencia t\u00e9cnica y gesti\u00f3n de proyectos. Puede utilizar su propio servidor SMTP para administrar y controlar todos los correos electr\u00f3nicos salientes.","breadcrumb":{"@id":"https:\/\/onedesk.com\/es\/caracteristicas-indice\/usa-tu-propio-servidor-smtp\/#breadcrumb"},"inLanguage":"es-ES","potentialAction":[{"@type":"ReadAction","target":["https:\/\/onedesk.com\/es\/caracteristicas-indice\/usa-tu-propio-servidor-smtp\/"]}]},{"@type":"ImageObject","inLanguage":"es-ES","@id":"https:\/\/onedesk.com\/es\/caracteristicas-indice\/usa-tu-propio-servidor-smtp\/#primaryimage","url":"https:\/\/onedesk.com\/wp-content\/uploads\/2016\/01\/SMTP1.png","contentUrl":"https:\/\/onedesk.com\/wp-content\/uploads\/2016\/01\/SMTP1.png"},{"@type":"BreadcrumbList","@id":"https:\/\/onedesk.com\/es\/caracteristicas-indice\/usa-tu-propio-servidor-smtp\/#breadcrumb","itemListElement":[{"@type":"ListItem","position":1,"name":"\u00cdndice de caracter\u00edsticas de OneDesk","item":"https:\/\/onedesk.com\/es\/caracteristicas-indice\/"},{"@type":"ListItem","position":2,"name":"Utilice su propio servidor SMTP"}]},{"@type":"WebSite","@id":"https:\/\/onedesk.com\/es\/#website","url":"https:\/\/onedesk.com\/es\/","name":"Un escritorio","description":"Software de gesti\u00f3n de proyectos y asistencia t\u00e9cnica","publisher":{"@id":"https:\/\/onedesk.com\/es\/#organization"},"potentialAction":[{"@type":"SearchAction","target":{"@type":"EntryPoint","urlTemplate":"https:\/\/onedesk.com\/es\/?s={search_term_string}"},"query-input":{"@type":"PropertyValueSpecification","valueRequired":true,"valueName":"search_term_string"}}],"inLanguage":"es-ES"},{"@type":"Organization","@id":"https:\/\/onedesk.com\/es\/#organization","name":"Un escritorio","url":"https:\/\/onedesk.com\/es\/","logo":{"@type":"ImageObject","inLanguage":"es-ES","@id":"https:\/\/onedesk.com\/es\/#\/schema\/logo\/image\/","url":"https:\/\/onedesk.com\/wp-content\/uploads\/2016\/01\/white-logo-small.png","contentUrl":"https:\/\/onedesk.com\/wp-content\/uploads\/2016\/01\/white-logo-small.png","width":207,"height":40,"caption":"Un escritorio"},"image":{"@id":"https:\/\/onedesk.com\/es\/#\/schema\/logo\/image\/"},"sameAs":["https:\/\/www.facebook.com\/OneDeskApp","https:\/\/x.com\/OneDeskApp","https:\/\/www.instagram.com\/onedeskapp\/","https:\/\/www.linkedin.com\/company\/onedesk-inc-1","https:\/\/www.pinterest.com\/onedesk\/","https:\/\/www.youtube.com\/user\/OneDeskApp"]}]}},"tpgb_featured_images":null,"tpgb_post_meta_info":{"get_date":"December 20, 2021","get_modified_date":"December 22, 2023","author_name":"Kenneth Lim","author_url":"https:\/\/onedesk.com\/es\/author\/ken-lim\/","author_email":"ken.lim@onedesk.com","author_website":"","author_description":"","author_facebook":"","author_twitter":"","author_instagram":"","author_role":["subscriber"],"author_firstname":"Kenneth","author_lastname":"Lim","user_login":"ken.lim","author_avatar":"<img alt='' src='https:\/\/secure.gravatar.com\/avatar\/a4ec21f0334373cadb0a505588ce84b318527287a4e82901cc7c9b983073d3e7?s=200&#038;d=mm&#038;r=g' srcset='https:\/\/secure.gravatar.com\/avatar\/a4ec21f0334373cadb0a505588ce84b318527287a4e82901cc7c9b983073d3e7?s=400&#038;d=mm&#038;r=g 2x' class='avatar avatar-200 photo' height='200' width='200' decoding='async'\/>","author_avatar_url":"https:\/\/secure.gravatar.com\/avatar\/a4ec21f0334373cadb0a505588ce84b318527287a4e82901cc7c9b983073d3e7?s=96&d=mm&r=g","comment_count":0,"post_likes":0,"post_views":0},"tpgb_post_category":[],"jetpack_shortlink":"https:\/\/wp.me\/PfpPaI-Eu1","amp_enabled":true,"_links":{"self":[{"href":"https:\/\/onedesk.com\/es\/wp-json\/wp\/v2\/pages\/155621","targetHints":{"allow":["GET"]}}],"collection":[{"href":"https:\/\/onedesk.com\/es\/wp-json\/wp\/v2\/pages"}],"about":[{"href":"https:\/\/onedesk.com\/es\/wp-json\/wp\/v2\/types\/page"}],"author":[{"embeddable":true,"href":"https:\/\/onedesk.com\/es\/wp-json\/wp\/v2\/users\/25"}],"replies":[{"embeddable":true,"href":"https:\/\/onedesk.com\/es\/wp-json\/wp\/v2\/comments?post=155621"}],"version-history":[{"count":9,"href":"https:\/\/onedesk.com\/es\/wp-json\/wp\/v2\/pages\/155621\/revisions"}],"predecessor-version":[{"id":264169,"href":"https:\/\/onedesk.com\/es\/wp-json\/wp\/v2\/pages\/155621\/revisions\/264169"}],"up":[{"embeddable":true,"href":"https:\/\/onedesk.com\/es\/wp-json\/wp\/v2\/pages\/151683"}],"wp:attachment":[{"href":"https:\/\/onedesk.com\/es\/wp-json\/wp\/v2\/media?parent=155621"}],"curies":[{"name":"wp","href":"https:\/\/api.w.org\/{rel}","templated":true}]}}