{"id":158755,"date":"2021-12-28T18:28:47","date_gmt":"2021-12-28T18:28:47","guid":{"rendered":"https:\/\/onedesk.com\/mantenimiento\/"},"modified":"2022-05-06T19:50:55","modified_gmt":"2022-05-06T19:50:55","slug":"mantenimiento","status":"publish","type":"page","link":"https:\/\/onedesk.com\/es\/mantenimiento\/","title":{"rendered":"Mantenimiento planificado"},"content":{"rendered":"\t\t<div data-elementor-type=\"wp-page\" data-elementor-id=\"158755\" class=\"elementor elementor-158755 elementor-158448\" data-elementor-post-type=\"page\">\n\t\t\t\t\t\t<section class=\"elementor-section elementor-top-section elementor-element elementor-element-e7f8853 elementor-section-boxed elementor-section-height-default elementor-section-height-default\" data-id=\"e7f8853\" data-element_type=\"section\" data-e-type=\"section\">\n\t\t\t\t\t\t<div class=\"elementor-container elementor-column-gap-default\">\n\t\t\t\t\t<div class=\"elementor-column elementor-col-100 elementor-top-column elementor-element elementor-element-9e2a053\" data-id=\"9e2a053\" data-element_type=\"column\" data-e-type=\"column\">\n\t\t\t<div class=\"elementor-widget-wrap elementor-element-populated\">\n\t\t\t\t\t\t<div class=\"elementor-element elementor-element-7772e8e elementor-widget elementor-widget-heading\" data-id=\"7772e8e\" data-element_type=\"widget\" data-e-type=\"widget\" data-widget_type=\"heading.default\">\n\t\t\t\t<div class=\"elementor-widget-container\">\n\t\t\t\t\t<h2 class=\"elementor-heading-title elementor-size-default\">Mantenimiento planificado<\/h2>\t\t\t\t<\/div>\n\t\t\t\t<\/div>\n\t\t\t\t\t<\/div>\n\t\t<\/div>\n\t\t\t\t\t<\/div>\n\t\t<\/section>\n\t\t\t\t<section class=\"elementor-section elementor-top-section elementor-element elementor-element-17efd7a elementor-section-boxed elementor-section-height-default elementor-section-height-default\" data-id=\"17efd7a\" data-element_type=\"section\" data-e-type=\"section\">\n\t\t\t\t\t\t<div class=\"elementor-container elementor-column-gap-default\">\n\t\t\t\t\t<div class=\"elementor-column elementor-col-50 elementor-top-column elementor-element elementor-element-d814d99\" data-id=\"d814d99\" data-element_type=\"column\" data-e-type=\"column\">\n\t\t\t<div class=\"elementor-widget-wrap elementor-element-populated\">\n\t\t\t\t\t\t<div class=\"elementor-element elementor-element-f6924ed elementor-widget elementor-widget-image\" data-id=\"f6924ed\" data-element_type=\"widget\" data-e-type=\"widget\" data-widget_type=\"image.default\">\n\t\t\t\t<div class=\"elementor-widget-container\">\n\t\t\t\t\t\t\t\t\t\t\t\t\t\t\t<img fetchpriority=\"high\" decoding=\"async\" width=\"500\" height=\"500\" src=\"https:\/\/onedesk.com\/wp-content\/uploads\/2022\/04\/Untitled-design-5-500x500-1-1.webp\" class=\"attachment-full size-full wp-image-168848\" alt=\"\" srcset=\"https:\/\/onedesk.com\/wp-content\/uploads\/2022\/04\/Untitled-design-5-500x500-1-1.webp 500w, https:\/\/onedesk.com\/wp-content\/uploads\/2022\/04\/Untitled-design-5-500x500-1-1-300x300.webp 300w, https:\/\/onedesk.com\/wp-content\/uploads\/2022\/04\/Untitled-design-5-500x500-1-1-150x150.webp 150w\" sizes=\"(max-width: 500px) 100vw, 500px\" \/>\t\t\t\t\t\t\t\t\t\t\t\t\t\t\t<\/div>\n\t\t\t\t<\/div>\n\t\t\t\t\t<\/div>\n\t\t<\/div>\n\t\t\t\t<div class=\"elementor-column elementor-col-50 elementor-top-column elementor-element elementor-element-667d5e2\" data-id=\"667d5e2\" data-element_type=\"column\" data-e-type=\"column\">\n\t\t\t<div class=\"elementor-widget-wrap elementor-element-populated\">\n\t\t\t\t\t\t<div class=\"elementor-element elementor-element-f098238 elementor-widget elementor-widget-spacer\" data-id=\"f098238\" data-element_type=\"widget\" data-e-type=\"widget\" data-widget_type=\"spacer.default\">\n\t\t\t\t<div class=\"elementor-widget-container\">\n\t\t\t\t\t\t\t<div class=\"elementor-spacer\">\n\t\t\t<div class=\"elementor-spacer-inner\"><\/div>\n\t\t<\/div>\n\t\t\t\t\t\t<\/div>\n\t\t\t\t<\/div>\n\t\t\t\t<div class=\"elementor-element elementor-element-1331df9 elementor-widget elementor-widget-text-editor\" data-id=\"1331df9\" data-element_type=\"widget\" data-e-type=\"widget\" data-widget_type=\"text-editor.default\">\n\t\t\t\t<div class=\"elementor-widget-container\">\n\t\t\t\t\t\t\t\t\t<h3>OneDesk est\u00e1 actualmente fuera de servicio por mantenimiento programado.<\/h3><p> <\/p><p><strong>\u00a1Estaremos de vuelta en unos minutos!<\/strong><\/p><p>Para obtener m\u00e1s informaci\u00f3n, consulte nuestra <a href=\"https:\/\/onedesk.com\/scheduled-downtime\/\">p\u00e1gina de tiempo de inactividad programado<\/a> .<\/p><p>Esta p\u00e1gina se actualiza autom\u00e1ticamente cada minuto. Si permanece en esta p\u00e1gina, lo sabr\u00e1 tan pronto como volvamos a estar activos.<\/p>\t\t\t\t\t\t\t\t<\/div>\n\t\t\t\t<\/div>\n\t\t\t\t<div class=\"elementor-element elementor-element-4121394 elementor-widget elementor-widget-html\" data-id=\"4121394\" data-element_type=\"widget\" data-e-type=\"widget\" data-widget_type=\"html.default\">\n\t\t\t\t<div class=\"elementor-widget-container\">\n\t\t\t\t\t\n\n<style>\n.content-editor, .error-404 {\n    display: none !important;\n    padding: 0px !important;\n}\n<\/style>\n   \n      <script>\n         setTimeout(function(){\n            window.location.href = 'https:\/\/app.onedesk.com\/';\n         }, 60000);\n      <\/script>\n   \n\t\t\t\t<\/div>\n\t\t\t\t<\/div>\n\t\t\t\t\t<\/div>\n\t\t<\/div>\n\t\t\t\t\t<\/div>\n\t\t<\/section>\n\t\t\t\t<\/div>\n\t\t","protected":false},"excerpt":{"rendered":"<p>Mantenimiento planificado OneDesk est\u00e1 actualmente fuera de servicio por mantenimiento programado. \u00a1Estaremos de vuelta en unos minutos! Para obtener m\u00e1s informaci\u00f3n, consulte nuestra p\u00e1gina de tiempo de inactividad programado . Esta p\u00e1gina se actualiza autom\u00e1ticamente cada minuto. Si permanece en esta p\u00e1gina, lo sabr\u00e1 tan pronto como volvamos a estar activos.<\/p>\n","protected":false},"author":29,"featured_media":0,"parent":0,"menu_order":0,"comment_status":"closed","ping_status":"closed","template":"elementor_canvas","meta":{"tpgb_global_settings":"","_crdt_document":"","inline_featured_image":false,"site-sidebar-layout":"no-sidebar","site-content-layout":"page-builder","ast-site-content-layout":"full-width-container","site-content-style":"unboxed","site-sidebar-style":"unboxed","ast-global-header-display":"","ast-banner-title-visibility":"","ast-main-header-display":"","ast-hfb-above-header-display":"","ast-hfb-below-header-display":"","ast-hfb-mobile-header-display":"","site-post-title":"disabled","ast-breadcrumbs-content":"","ast-featured-img":"disabled","footer-sml-layout":"","ast-disable-related-posts":"","theme-transparent-header-meta":"","adv-header-id-meta":"","stick-header-meta":"","header-above-stick-meta":"","header-main-stick-meta":"","header-below-stick-meta":"","astra-migrate-meta-layouts":"default","ast-page-background-enabled":"default","ast-page-background-meta":{"desktop":{"background-color":"var(--ast-global-color-4)","background-image":"","background-repeat":"repeat","background-position":"center center","background-size":"auto","background-attachment":"scroll","background-type":"","background-media":"","overlay-type":"","overlay-color":"","overlay-opacity":"","overlay-gradient":""},"tablet":{"background-color":"","background-image":"","background-repeat":"repeat","background-position":"center center","background-size":"auto","background-attachment":"scroll","background-type":"","background-media":"","overlay-type":"","overlay-color":"","overlay-opacity":"","overlay-gradient":""},"mobile":{"background-color":"","background-image":"","background-repeat":"repeat","background-position":"center center","background-size":"auto","background-attachment":"scroll","background-type":"","background-media":"","overlay-type":"","overlay-color":"","overlay-opacity":"","overlay-gradient":""}},"ast-content-background-meta":{"desktop":{"background-color":"var(--ast-global-color-5)","background-image":"","background-repeat":"repeat","background-position":"center center","background-size":"auto","background-attachment":"scroll","background-type":"","background-media":"","overlay-type":"","overlay-color":"","overlay-opacity":"","overlay-gradient":""},"tablet":{"background-color":"var(--ast-global-color-5)","background-image":"","background-repeat":"repeat","background-position":"center center","background-size":"auto","background-attachment":"scroll","background-type":"","background-media":"","overlay-type":"","overlay-color":"","overlay-opacity":"","overlay-gradient":""},"mobile":{"background-color":"var(--ast-global-color-5)","background-image":"","background-repeat":"repeat","background-position":"center center","background-size":"auto","background-attachment":"scroll","background-type":"","background-media":"","overlay-type":"","overlay-color":"","overlay-opacity":"","overlay-gradient":""}},"footnotes":""},"class_list":["post-158755","page","type-page","status-publish","hentry"],"yoast_head":"<!-- This site is optimized with the Yoast SEO Premium plugin v27.2 (Yoast SEO v27.3) - https:\/\/yoast.com\/product\/yoast-seo-premium-wordpress\/ -->\n<title>Mantenimiento Planificado | Servicio de asistencia y gesti\u00f3n de proyectos de OneDesk<\/title>\n<meta name=\"description\" content=\"OneDesk es un software de asistencia t\u00e9cnica y un software de gesti\u00f3n de proyectos en una sola aplicaci\u00f3n. Trabaje con sus clientes en sus proyectos y tickets en una plataforma unificada.\" \/>\n<meta name=\"robots\" content=\"index, follow, max-snippet:-1, max-image-preview:large, max-video-preview:-1\" \/>\n<link rel=\"canonical\" href=\"https:\/\/onedesk.com\/es\/mantenimiento\/\" \/>\n<meta property=\"og:locale\" content=\"es_ES\" \/>\n<meta property=\"og:type\" content=\"article\" \/>\n<meta property=\"og:title\" content=\"Mantenimiento Planificado | Servicio de asistencia y gesti\u00f3n de proyectos de OneDesk\" \/>\n<meta property=\"og:description\" content=\"OneDesk es un software de asistencia t\u00e9cnica y un software de gesti\u00f3n de proyectos en una sola aplicaci\u00f3n. Trabaje con sus clientes en sus proyectos y tickets en una plataforma unificada.\" \/>\n<meta property=\"og:url\" content=\"https:\/\/onedesk.com\/es\/mantenimiento\/\" \/>\n<meta property=\"og:site_name\" content=\"Un escritorio\" \/>\n<meta property=\"article:publisher\" content=\"https:\/\/www.facebook.com\/OneDeskApp\" \/>\n<meta property=\"article:modified_time\" content=\"2022-05-06T19:50:55+00:00\" \/>\n<meta property=\"og:image\" content=\"https:\/\/onedesk.com\/wp-content\/uploads\/2022\/04\/Untitled-design-5-500x500-1-1.webp\" \/>\n<meta name=\"twitter:card\" content=\"summary_large_image\" \/>\n<meta name=\"twitter:site\" content=\"@OneDeskApp\" \/>\n<!-- \/ Yoast SEO Premium plugin. -->","yoast_head_json":{"title":"Mantenimiento Planificado | Servicio de asistencia y gesti\u00f3n de proyectos de OneDesk","description":"OneDesk es un software de asistencia t\u00e9cnica y un software de gesti\u00f3n de proyectos en una sola aplicaci\u00f3n. Trabaje con sus clientes en sus proyectos y tickets en una plataforma unificada.","robots":{"index":"index","follow":"follow","max-snippet":"max-snippet:-1","max-image-preview":"max-image-preview:large","max-video-preview":"max-video-preview:-1"},"canonical":"https:\/\/onedesk.com\/es\/mantenimiento\/","og_locale":"es_ES","og_type":"article","og_title":"Mantenimiento Planificado | Servicio de asistencia y gesti\u00f3n de proyectos de OneDesk","og_description":"OneDesk es un software de asistencia t\u00e9cnica y un software de gesti\u00f3n de proyectos en una sola aplicaci\u00f3n. Trabaje con sus clientes en sus proyectos y tickets en una plataforma unificada.","og_url":"https:\/\/onedesk.com\/es\/mantenimiento\/","og_site_name":"Un escritorio","article_publisher":"https:\/\/www.facebook.com\/OneDeskApp","article_modified_time":"2022-05-06T19:50:55+00:00","og_image":[{"url":"https:\/\/onedesk.com\/wp-content\/uploads\/2022\/04\/Untitled-design-5-500x500-1-1.webp","type":"","width":"","height":""}],"twitter_card":"summary_large_image","twitter_site":"@OneDeskApp","schema":{"@context":"https:\/\/schema.org","@graph":[{"@type":"WebPage","@id":"https:\/\/onedesk.com\/es\/mantenimiento\/","url":"https:\/\/onedesk.com\/es\/mantenimiento\/","name":"Mantenimiento Planificado | Servicio de asistencia y gesti\u00f3n de proyectos de OneDesk","isPartOf":{"@id":"https:\/\/onedesk.com\/es\/#website"},"primaryImageOfPage":{"@id":"https:\/\/onedesk.com\/es\/mantenimiento\/#primaryimage"},"image":{"@id":"https:\/\/onedesk.com\/es\/mantenimiento\/#primaryimage"},"thumbnailUrl":"https:\/\/onedesk.com\/wp-content\/uploads\/2022\/04\/Untitled-design-5-500x500-1-1.webp","datePublished":"2021-12-28T18:28:47+00:00","dateModified":"2022-05-06T19:50:55+00:00","description":"OneDesk es un software de asistencia t\u00e9cnica y un software de gesti\u00f3n de proyectos en una sola aplicaci\u00f3n. Trabaje con sus clientes en sus proyectos y tickets en una plataforma unificada.","inLanguage":"es-ES","potentialAction":[{"@type":"ReadAction","target":["https:\/\/onedesk.com\/es\/mantenimiento\/"]}]},{"@type":"ImageObject","inLanguage":"es-ES","@id":"https:\/\/onedesk.com\/es\/mantenimiento\/#primaryimage","url":"https:\/\/onedesk.com\/wp-content\/uploads\/2022\/04\/Untitled-design-5-500x500-1-1.webp","contentUrl":"https:\/\/onedesk.com\/wp-content\/uploads\/2022\/04\/Untitled-design-5-500x500-1-1.webp"},{"@type":"WebSite","@id":"https:\/\/onedesk.com\/es\/#website","url":"https:\/\/onedesk.com\/es\/","name":"Un escritorio","description":"Software de gesti\u00f3n de proyectos y asistencia t\u00e9cnica","publisher":{"@id":"https:\/\/onedesk.com\/es\/#organization"},"potentialAction":[{"@type":"SearchAction","target":{"@type":"EntryPoint","urlTemplate":"https:\/\/onedesk.com\/es\/?s={search_term_string}"},"query-input":{"@type":"PropertyValueSpecification","valueRequired":true,"valueName":"search_term_string"}}],"inLanguage":"es-ES"},{"@type":"Organization","@id":"https:\/\/onedesk.com\/es\/#organization","name":"Un escritorio","url":"https:\/\/onedesk.com\/es\/","logo":{"@type":"ImageObject","inLanguage":"es-ES","@id":"https:\/\/onedesk.com\/es\/#\/schema\/logo\/image\/","url":"https:\/\/onedesk.com\/wp-content\/uploads\/2016\/01\/white-logo-small.png","contentUrl":"https:\/\/onedesk.com\/wp-content\/uploads\/2016\/01\/white-logo-small.png","width":207,"height":40,"caption":"Un escritorio"},"image":{"@id":"https:\/\/onedesk.com\/es\/#\/schema\/logo\/image\/"},"sameAs":["https:\/\/www.facebook.com\/OneDeskApp","https:\/\/x.com\/OneDeskApp","https:\/\/www.instagram.com\/onedeskapp\/","https:\/\/www.linkedin.com\/company\/onedesk-inc-1","https:\/\/www.pinterest.com\/onedesk\/","https:\/\/www.youtube.com\/user\/OneDeskApp"]}]}},"tpgb_featured_images":null,"tpgb_post_meta_info":{"get_date":"December 28, 2021","get_modified_date":"May 6, 2022","author_name":"Collin Downs","author_url":"https:\/\/onedesk.com\/es\/author\/collin-downsonedesk-com\/","author_email":"collin.downs@onedesk.com","author_website":"","author_description":"","author_facebook":"","author_twitter":"","author_instagram":"","author_role":["administrator"],"author_firstname":"Collin","author_lastname":"Downs","user_login":"collin.downs@onedesk.com","author_avatar":"<img alt='' src='https:\/\/secure.gravatar.com\/avatar\/ec336ca26b903df815531e506f07436fe1d31b86f8eefa650b985241d79b55fc?s=200&#038;d=mm&#038;r=g' srcset='https:\/\/secure.gravatar.com\/avatar\/ec336ca26b903df815531e506f07436fe1d31b86f8eefa650b985241d79b55fc?s=400&#038;d=mm&#038;r=g 2x' class='avatar avatar-200 photo' height='200' width='200' decoding='async'\/>","author_avatar_url":"https:\/\/secure.gravatar.com\/avatar\/ec336ca26b903df815531e506f07436fe1d31b86f8eefa650b985241d79b55fc?s=96&d=mm&r=g","comment_count":0,"post_likes":0,"post_views":0},"tpgb_post_category":[],"jetpack_shortlink":"https:\/\/wp.me\/PfpPaI-Fiz","amp_enabled":false,"_links":{"self":[{"href":"https:\/\/onedesk.com\/es\/wp-json\/wp\/v2\/pages\/158755","targetHints":{"allow":["GET"]}}],"collection":[{"href":"https:\/\/onedesk.com\/es\/wp-json\/wp\/v2\/pages"}],"about":[{"href":"https:\/\/onedesk.com\/es\/wp-json\/wp\/v2\/types\/page"}],"author":[{"embeddable":true,"href":"https:\/\/onedesk.com\/es\/wp-json\/wp\/v2\/users\/29"}],"replies":[{"embeddable":true,"href":"https:\/\/onedesk.com\/es\/wp-json\/wp\/v2\/comments?post=158755"}],"version-history":[{"count":3,"href":"https:\/\/onedesk.com\/es\/wp-json\/wp\/v2\/pages\/158755\/revisions"}],"predecessor-version":[{"id":231626,"href":"https:\/\/onedesk.com\/es\/wp-json\/wp\/v2\/pages\/158755\/revisions\/231626"}],"wp:attachment":[{"href":"https:\/\/onedesk.com\/es\/wp-json\/wp\/v2\/media?parent=158755"}],"curies":[{"name":"wp","href":"https:\/\/api.w.org\/{rel}","templated":true}]}}