{"id":235131,"date":"2022-07-04T13:56:51","date_gmt":"2022-07-04T13:56:51","guid":{"rendered":"https:\/\/onedesk.com\/servicios-multiples\/"},"modified":"2023-08-08T20:37:48","modified_gmt":"2023-08-08T20:37:48","slug":"servicios-multiples","status":"publish","type":"page","link":"https:\/\/onedesk.com\/es\/servicios-multiples\/","title":{"rendered":"M\u00faltiples servicios en una cuenta"},"content":{"rendered":"\t\t<div data-elementor-type=\"wp-page\" data-elementor-id=\"235131\" class=\"elementor elementor-235131 elementor-163798\" data-elementor-post-type=\"page\">\n\t\t\t\t\t\t<section class=\"elementor-section elementor-top-section elementor-element elementor-element-20dc0b5 elementor-section-boxed elementor-section-height-default elementor-section-height-default\" data-id=\"20dc0b5\" data-element_type=\"section\" data-e-type=\"section\">\n\t\t\t\t\t\t<div class=\"elementor-container elementor-column-gap-default\">\n\t\t\t\t\t<div class=\"elementor-column elementor-col-100 elementor-top-column elementor-element elementor-element-4424c62\" data-id=\"4424c62\" data-element_type=\"column\" data-e-type=\"column\">\n\t\t\t<div class=\"elementor-widget-wrap elementor-element-populated\">\n\t\t\t\t\t\t<div class=\"elementor-element elementor-element-51d4527 elementor-widget elementor-widget-heading\" data-id=\"51d4527\" data-element_type=\"widget\" data-e-type=\"widget\" data-widget_type=\"heading.default\">\n\t\t\t\t<div class=\"elementor-widget-container\">\n\t\t\t\t\t<h1 class=\"elementor-heading-title elementor-size-default\">M\u00faltiples servicios desde una cuenta<\/h1>\t\t\t\t<\/div>\n\t\t\t\t<\/div>\n\t\t\t\t<div class=\"elementor-element elementor-element-d030224 elementor-align-center elementor-widget elementor-widget-global elementor-global-161538 elementor-global-131872 elementor-widget-button\" data-id=\"d030224\" data-element_type=\"widget\" data-e-type=\"widget\" data-widget_type=\"button.default\">\n\t\t\t\t<div class=\"elementor-widget-container\">\n\t\t\t\t\t\t\t\t\t<div class=\"elementor-button-wrapper\">\n\t\t\t\t\t<a class=\"elementor-button elementor-button-link elementor-size-lg elementor-animation-grow\" href=\"https:\/\/onedesk.com\/es\/registrate-gratis\/\">\n\t\t\t\t\t\t<span class=\"elementor-button-content-wrapper\">\n\t\t\t\t\t\t\t\t\t<span class=\"elementor-button-text\">\u00a1Reg\u00edstrate gratis!<\/span>\n\t\t\t\t\t<\/span>\n\t\t\t\t\t<\/a>\n\t\t\t\t<\/div>\n\t\t\t\t\t\t\t\t<\/div>\n\t\t\t\t<\/div>\n\t\t\t\t<div class=\"elementor-element elementor-element-ceb0f10 elementor-widget elementor-widget-text-editor\" data-id=\"ceb0f10\" data-element_type=\"widget\" data-e-type=\"widget\" data-widget_type=\"text-editor.default\">\n\t\t\t\t<div class=\"elementor-widget-container\">\n\t\t\t\t\t\t\t\t\t<p>Configure sus aplicaciones orientadas al cliente para administrar m\u00faltiples servicios<\/p>\n\t\t\t\t\t\t\t\t<\/div>\n\t\t\t\t<\/div>\n\t\t\t\t\t<\/div>\n\t\t<\/div>\n\t\t\t\t\t<\/div>\n\t\t<\/section>\n\t\t\t\t<section class=\"elementor-section elementor-top-section elementor-element elementor-element-eb2643e elementor-section-boxed elementor-section-height-default elementor-section-height-default\" data-id=\"eb2643e\" data-element_type=\"section\" data-e-type=\"section\">\n\t\t\t\t\t\t<div class=\"elementor-container elementor-column-gap-default\">\n\t\t\t\t\t<div class=\"elementor-column elementor-col-50 elementor-top-column elementor-element elementor-element-030b668\" data-id=\"030b668\" data-element_type=\"column\" data-e-type=\"column\">\n\t\t\t<div class=\"elementor-widget-wrap elementor-element-populated\">\n\t\t\t\t\t\t<div class=\"elementor-element elementor-element-322ea73 elementor-widget elementor-widget-image\" data-id=\"322ea73\" data-element_type=\"widget\" data-e-type=\"widget\" data-widget_type=\"image.default\">\n\t\t\t\t<div class=\"elementor-widget-container\">\n\t\t\t\t\t\t\t\t\t\t\t\t\t\t\t<img fetchpriority=\"high\" decoding=\"async\" width=\"473\" height=\"632\" src=\"https:\/\/onedesk.com\/wp-content\/uploads\/2022\/02\/NeutralLiveChat.png\" class=\"attachment-large size-large wp-image-163652\" alt=\"aplicaci\u00f3n de software de chat en vivo\" srcset=\"https:\/\/onedesk.com\/wp-content\/uploads\/2022\/02\/NeutralLiveChat.png 473w, https:\/\/onedesk.com\/wp-content\/uploads\/2022\/02\/NeutralLiveChat-225x300.png 225w\" sizes=\"(max-width: 473px) 100vw, 473px\" \/>\t\t\t\t\t\t\t\t\t\t\t\t\t\t\t<\/div>\n\t\t\t\t<\/div>\n\t\t\t\t\t<\/div>\n\t\t<\/div>\n\t\t\t\t<div class=\"elementor-column elementor-col-50 elementor-top-column elementor-element elementor-element-254f6a1\" data-id=\"254f6a1\" data-element_type=\"column\" data-e-type=\"column\">\n\t\t\t<div class=\"elementor-widget-wrap elementor-element-populated\">\n\t\t\t\t\t\t<div class=\"elementor-element elementor-element-8e805a4 elementor-widget elementor-widget-heading\" data-id=\"8e805a4\" data-element_type=\"widget\" data-e-type=\"widget\" data-widget_type=\"heading.default\">\n\t\t\t\t<div class=\"elementor-widget-container\">\n\t\t\t\t\t<h2 class=\"elementor-heading-title elementor-size-default\">Configura tu flujo de trabajo<\/h2>\t\t\t\t<\/div>\n\t\t\t\t<\/div>\n\t\t\t\t<div class=\"elementor-element elementor-element-9dca07d elementor-widget elementor-widget-text-editor\" data-id=\"9dca07d\" data-element_type=\"widget\" data-e-type=\"widget\" data-widget_type=\"text-editor.default\">\n\t\t\t\t<div class=\"elementor-widget-container\">\n\t\t\t\t\t\t\t\t\t<p>Las s\u00f3lidas opciones de configuraci\u00f3n de OneDesk le permiten configurar diferentes flujos de trabajo para m\u00faltiples marcas o servicios. <\/p>\n<p>Cree m\u00faltiples portales de clientes, formularios web y bases de conocimiento e incruste su widget en diferentes sitios web. <\/p>\n<p>Configure automatizaciones flexibles y personalizables para m\u00faltiples flujos de trabajo de marca. Configure respuestas autom\u00e1ticas separadas, asigne a diferentes equipos, enrute autom\u00e1ticamente a proyectos, configure m\u00faltiples tipos de tickets y mucho m\u00e1s.<\/p>\n<p><a href=\"https:\/\/onedesk.com\/multiple-brands-one-account\/\">Aprende m\u00e1s.<\/a><\/p>\n\t\t\t\t\t\t\t\t<\/div>\n\t\t\t\t<\/div>\n\t\t\t\t\t<\/div>\n\t\t<\/div>\n\t\t\t\t\t<\/div>\n\t\t<\/section>\n\t\t\t\t<\/div>\n\t\t","protected":false},"excerpt":{"rendered":"<p>M\u00faltiples servicios desde una cuenta Sign up free! Configure sus aplicaciones orientadas al cliente para administrar m\u00faltiples servicios Configura tu flujo de trabajo Las s\u00f3lidas opciones de configuraci\u00f3n de OneDesk le permiten configurar diferentes flujos de trabajo para m\u00faltiples marcas o servicios. Cree m\u00faltiples portales de clientes, formularios web y bases de conocimiento e incruste [&hellip;]<\/p>\n","protected":false},"author":30,"featured_media":0,"parent":0,"menu_order":0,"comment_status":"closed","ping_status":"closed","template":"","meta":{"tpgb_global_settings":"","_crdt_document":"","inline_featured_image":false,"site-sidebar-layout":"no-sidebar","site-content-layout":"page-builder","ast-site-content-layout":"default","site-content-style":"default","site-sidebar-style":"default","ast-global-header-display":"","ast-banner-title-visibility":"","ast-main-header-display":"","ast-hfb-above-header-display":"","ast-hfb-below-header-display":"","ast-hfb-mobile-header-display":"","site-post-title":"disabled","ast-breadcrumbs-content":"","ast-featured-img":"disabled","footer-sml-layout":"","ast-disable-related-posts":"","theme-transparent-header-meta":"","adv-header-id-meta":"","stick-header-meta":"","header-above-stick-meta":"","header-main-stick-meta":"","header-below-stick-meta":"","astra-migrate-meta-layouts":"default","ast-page-background-enabled":"default","ast-page-background-meta":{"desktop":{"background-color":"var(--ast-global-color-4)","background-image":"","background-repeat":"repeat","background-position":"center center","background-size":"auto","background-attachment":"scroll","background-type":"","background-media":"","overlay-type":"","overlay-color":"","overlay-opacity":"","overlay-gradient":""},"tablet":{"background-color":"","background-image":"","background-repeat":"repeat","background-position":"center center","background-size":"auto","background-attachment":"scroll","background-type":"","background-media":"","overlay-type":"","overlay-color":"","overlay-opacity":"","overlay-gradient":""},"mobile":{"background-color":"","background-image":"","background-repeat":"repeat","background-position":"center center","background-size":"auto","background-attachment":"scroll","background-type":"","background-media":"","overlay-type":"","overlay-color":"","overlay-opacity":"","overlay-gradient":""}},"ast-content-background-meta":{"desktop":{"background-color":"var(--ast-global-color-5)","background-image":"","background-repeat":"repeat","background-position":"center center","background-size":"auto","background-attachment":"scroll","background-type":"","background-media":"","overlay-type":"","overlay-color":"","overlay-opacity":"","overlay-gradient":""},"tablet":{"background-color":"var(--ast-global-color-5)","background-image":"","background-repeat":"repeat","background-position":"center center","background-size":"auto","background-attachment":"scroll","background-type":"","background-media":"","overlay-type":"","overlay-color":"","overlay-opacity":"","overlay-gradient":""},"mobile":{"background-color":"var(--ast-global-color-5)","background-image":"","background-repeat":"repeat","background-position":"center center","background-size":"auto","background-attachment":"scroll","background-type":"","background-media":"","overlay-type":"","overlay-color":"","overlay-opacity":"","overlay-gradient":""}},"footnotes":""},"class_list":["post-235131","page","type-page","status-publish","hentry"],"yoast_head":"<!-- This site is optimized with the Yoast SEO Premium plugin v27.4 (Yoast SEO v27.5) - https:\/\/yoast.com\/product\/yoast-seo-premium-wordpress\/ -->\n<title>M\u00faltiples servicios en una cuenta - Un escritorio<\/title>\n<meta name=\"description\" content=\"OneDesk es un software de asistencia t\u00e9cnica y un software de gesti\u00f3n de proyectos en una sola aplicaci\u00f3n. Configure para operar m\u00faltiples servicios con una plataforma\" \/>\n<meta name=\"robots\" content=\"index, follow, max-snippet:-1, max-image-preview:large, max-video-preview:-1\" \/>\n<link rel=\"canonical\" href=\"https:\/\/onedesk.com\/es\/servicios-multiples\/\" \/>\n<meta property=\"og:locale\" content=\"es_ES\" \/>\n<meta property=\"og:type\" content=\"article\" \/>\n<meta property=\"og:title\" content=\"M\u00faltiples servicios en una cuenta - Un escritorio\" \/>\n<meta property=\"og:description\" content=\"OneDesk es un software de asistencia t\u00e9cnica y un software de gesti\u00f3n de proyectos en una sola aplicaci\u00f3n. Configure para operar m\u00faltiples servicios con una plataforma\" \/>\n<meta property=\"og:url\" content=\"https:\/\/onedesk.com\/es\/servicios-multiples\/\" \/>\n<meta property=\"og:site_name\" content=\"Un escritorio\" \/>\n<meta property=\"article:publisher\" content=\"https:\/\/www.facebook.com\/OneDeskApp\" \/>\n<meta property=\"article:modified_time\" content=\"2023-08-08T20:37:48+00:00\" \/>\n<meta property=\"og:image\" content=\"https:\/\/onedesk.com\/wp-content\/uploads\/2022\/02\/NeutralLiveChat.png\" \/>\n<meta name=\"twitter:card\" content=\"summary_large_image\" \/>\n<meta name=\"twitter:site\" content=\"@OneDeskApp\" \/>\n<meta name=\"twitter:label1\" content=\"Est. reading time\" \/>\n\t<meta name=\"twitter:data1\" content=\"1 minute\" \/>\n<!-- \/ Yoast SEO Premium plugin. -->","yoast_head_json":{"title":"M\u00faltiples servicios en una cuenta - Un escritorio","description":"OneDesk es un software de asistencia t\u00e9cnica y un software de gesti\u00f3n de proyectos en una sola aplicaci\u00f3n. Configure para operar m\u00faltiples servicios con una plataforma","robots":{"index":"index","follow":"follow","max-snippet":"max-snippet:-1","max-image-preview":"max-image-preview:large","max-video-preview":"max-video-preview:-1"},"canonical":"https:\/\/onedesk.com\/es\/servicios-multiples\/","og_locale":"es_ES","og_type":"article","og_title":"M\u00faltiples servicios en una cuenta - Un escritorio","og_description":"OneDesk es un software de asistencia t\u00e9cnica y un software de gesti\u00f3n de proyectos en una sola aplicaci\u00f3n. Configure para operar m\u00faltiples servicios con una plataforma","og_url":"https:\/\/onedesk.com\/es\/servicios-multiples\/","og_site_name":"Un escritorio","article_publisher":"https:\/\/www.facebook.com\/OneDeskApp","article_modified_time":"2023-08-08T20:37:48+00:00","og_image":[{"url":"https:\/\/onedesk.com\/wp-content\/uploads\/2022\/02\/NeutralLiveChat.png","type":"","width":"","height":""}],"twitter_card":"summary_large_image","twitter_site":"@OneDeskApp","twitter_misc":{"Est. reading time":"1 minute"},"schema":{"@context":"https:\/\/schema.org","@graph":[{"@type":"WebPage","@id":"https:\/\/onedesk.com\/es\/servicios-multiples\/","url":"https:\/\/onedesk.com\/es\/servicios-multiples\/","name":"M\u00faltiples servicios en una cuenta - Un escritorio","isPartOf":{"@id":"https:\/\/onedesk.com\/es\/#website"},"primaryImageOfPage":{"@id":"https:\/\/onedesk.com\/es\/servicios-multiples\/#primaryimage"},"image":{"@id":"https:\/\/onedesk.com\/es\/servicios-multiples\/#primaryimage"},"thumbnailUrl":"https:\/\/onedesk.com\/wp-content\/uploads\/2022\/02\/NeutralLiveChat.png","datePublished":"2022-07-04T13:56:51+00:00","dateModified":"2023-08-08T20:37:48+00:00","description":"OneDesk es un software de asistencia t\u00e9cnica y un software de gesti\u00f3n de proyectos en una sola aplicaci\u00f3n. Configure para operar m\u00faltiples servicios con una plataforma","inLanguage":"es-ES","potentialAction":[{"@type":"ReadAction","target":["https:\/\/onedesk.com\/es\/servicios-multiples\/"]}]},{"@type":"ImageObject","inLanguage":"es-ES","@id":"https:\/\/onedesk.com\/es\/servicios-multiples\/#primaryimage","url":"https:\/\/onedesk.com\/wp-content\/uploads\/2022\/02\/NeutralLiveChat.png","contentUrl":"https:\/\/onedesk.com\/wp-content\/uploads\/2022\/02\/NeutralLiveChat.png"},{"@type":"WebSite","@id":"https:\/\/onedesk.com\/es\/#website","url":"https:\/\/onedesk.com\/es\/","name":"Un escritorio","description":"Software de gesti\u00f3n de proyectos y asistencia t\u00e9cnica","publisher":{"@id":"https:\/\/onedesk.com\/es\/#organization"},"potentialAction":[{"@type":"SearchAction","target":{"@type":"EntryPoint","urlTemplate":"https:\/\/onedesk.com\/es\/?s={search_term_string}"},"query-input":{"@type":"PropertyValueSpecification","valueRequired":true,"valueName":"search_term_string"}}],"inLanguage":"es-ES"},{"@type":"Organization","@id":"https:\/\/onedesk.com\/es\/#organization","name":"Un escritorio","url":"https:\/\/onedesk.com\/es\/","logo":{"@type":"ImageObject","inLanguage":"es-ES","@id":"https:\/\/onedesk.com\/es\/#\/schema\/logo\/image\/","url":"https:\/\/onedesk.com\/wp-content\/uploads\/2016\/01\/white-logo-small.png","contentUrl":"https:\/\/onedesk.com\/wp-content\/uploads\/2016\/01\/white-logo-small.png","width":207,"height":40,"caption":"Un escritorio"},"image":{"@id":"https:\/\/onedesk.com\/es\/#\/schema\/logo\/image\/"},"sameAs":["https:\/\/www.facebook.com\/OneDeskApp","https:\/\/x.com\/OneDeskApp","https:\/\/www.instagram.com\/onedeskapp\/","https:\/\/www.linkedin.com\/company\/onedesk-inc-1","https:\/\/www.pinterest.com\/onedesk\/","https:\/\/www.youtube.com\/user\/OneDeskApp"]}]}},"tpgb_featured_images":null,"tpgb_post_meta_info":{"get_date":"July 4, 2022","get_modified_date":"August 8, 2023","author_name":"Erin Richardson","author_url":"https:\/\/onedesk.com\/es\/author\/erin-richardsononedesk-com\/","author_email":"erin.richardson@onedesk.com","author_website":"","author_description":"","author_facebook":"","author_twitter":"","author_instagram":"","author_role":["administrator"],"author_firstname":"Erin","author_lastname":"Richardson","user_login":"erin.richardson@onedesk.com","author_avatar":"<img alt='' src='https:\/\/secure.gravatar.com\/avatar\/5b43ac2756efc1d5aa46746163fa71ceee43f42a78652ebc70940d512d77cba0?s=200&#038;d=mm&#038;r=g' srcset='https:\/\/secure.gravatar.com\/avatar\/5b43ac2756efc1d5aa46746163fa71ceee43f42a78652ebc70940d512d77cba0?s=400&#038;d=mm&#038;r=g 2x' class='avatar avatar-200 photo' height='200' width='200' decoding='async'\/>","author_avatar_url":"https:\/\/secure.gravatar.com\/avatar\/5b43ac2756efc1d5aa46746163fa71ceee43f42a78652ebc70940d512d77cba0?s=96&d=mm&r=g","comment_count":0,"post_likes":0,"post_views":0},"tpgb_post_category":[],"jetpack_shortlink":"https:\/\/wp.me\/PfpPaI-Zar","amp_enabled":true,"_links":{"self":[{"href":"https:\/\/onedesk.com\/es\/wp-json\/wp\/v2\/pages\/235131","targetHints":{"allow":["GET"]}}],"collection":[{"href":"https:\/\/onedesk.com\/es\/wp-json\/wp\/v2\/pages"}],"about":[{"href":"https:\/\/onedesk.com\/es\/wp-json\/wp\/v2\/types\/page"}],"author":[{"embeddable":true,"href":"https:\/\/onedesk.com\/es\/wp-json\/wp\/v2\/users\/30"}],"replies":[{"embeddable":true,"href":"https:\/\/onedesk.com\/es\/wp-json\/wp\/v2\/comments?post=235131"}],"version-history":[{"count":3,"href":"https:\/\/onedesk.com\/es\/wp-json\/wp\/v2\/pages\/235131\/revisions"}],"predecessor-version":[{"id":255268,"href":"https:\/\/onedesk.com\/es\/wp-json\/wp\/v2\/pages\/235131\/revisions\/255268"}],"wp:attachment":[{"href":"https:\/\/onedesk.com\/es\/wp-json\/wp\/v2\/media?parent=235131"}],"curies":[{"name":"wp","href":"https:\/\/api.w.org\/{rel}","templated":true}]}}