{"id":258230,"date":"2023-09-27T17:04:33","date_gmt":"2023-09-27T17:04:33","guid":{"rendered":"https:\/\/onedesk.com\/caracteristicas-indice\/conectar-o365\/"},"modified":"2023-09-27T17:04:36","modified_gmt":"2023-09-27T17:04:36","slug":"conectar-o365","status":"publish","type":"page","link":"https:\/\/onedesk.com\/es\/caracteristicas-indice\/conectar-o365\/","title":{"rendered":"Conectar Office 365"},"content":{"rendered":"\t\t<div data-elementor-type=\"wp-page\" data-elementor-id=\"258230\" class=\"elementor elementor-258230 elementor-244187\" data-elementor-post-type=\"page\">\n\t\t\t\t\t\t<section class=\"elementor-section elementor-top-section elementor-element elementor-element-03658bb elementor-section-boxed elementor-section-height-default elementor-section-height-default\" data-id=\"03658bb\" data-element_type=\"section\" data-e-type=\"section\">\n\t\t\t\t\t\t<div class=\"elementor-container elementor-column-gap-default\">\n\t\t\t\t\t<div class=\"elementor-column elementor-col-100 elementor-top-column elementor-element elementor-element-50f875a\" data-id=\"50f875a\" data-element_type=\"column\" data-e-type=\"column\">\n\t\t\t<div class=\"elementor-widget-wrap elementor-element-populated\">\n\t\t\t\t\t\t<div class=\"elementor-element elementor-element-97875db elementor-widget elementor-widget-heading\" data-id=\"97875db\" data-element_type=\"widget\" data-e-type=\"widget\" data-widget_type=\"heading.default\">\n\t\t\t\t<div class=\"elementor-widget-container\">\n\t\t\t\t\t<h1 class=\"elementor-heading-title elementor-size-default\">Conecte su bandeja de entrada de soporte de Office 365<\/h1>\t\t\t\t<\/div>\n\t\t\t\t<\/div>\n\t\t\t\t<div class=\"elementor-element elementor-element-2b78dbf elementor-widget elementor-widget-text-editor\" data-id=\"2b78dbf\" data-element_type=\"widget\" data-e-type=\"widget\" data-widget_type=\"text-editor.default\">\n\t\t\t\t<div class=\"elementor-widget-container\">\n\t\t\t\t\t\t\t\t\t<p>Conecte su IMAP y SMTP de O365 para crear f\u00e1cilmente tickets desde el correo electr\u00f3nico.  <\/p>\n\t\t\t\t\t\t\t\t<\/div>\n\t\t\t\t<\/div>\n\t\t\t\t\t<\/div>\n\t\t<\/div>\n\t\t\t\t\t<\/div>\n\t\t<\/section>\n\t\t\t\t<section class=\"elementor-section elementor-top-section elementor-element elementor-element-9eccf95 elementor-section-boxed elementor-section-height-default elementor-section-height-default\" data-id=\"9eccf95\" data-element_type=\"section\" data-e-type=\"section\">\n\t\t\t\t\t\t<div class=\"elementor-container elementor-column-gap-default\">\n\t\t\t\t\t<div class=\"elementor-column elementor-col-100 elementor-top-column elementor-element elementor-element-64e4d03\" data-id=\"64e4d03\" data-element_type=\"column\" data-e-type=\"column\">\n\t\t\t<div class=\"elementor-widget-wrap elementor-element-populated\">\n\t\t\t\t\t\t<div class=\"elementor-element elementor-element-fe2dd98 elementor-widget elementor-widget-heading\" data-id=\"fe2dd98\" data-element_type=\"widget\" data-e-type=\"widget\" data-widget_type=\"heading.default\">\n\t\t\t\t<div class=\"elementor-widget-container\">\n\t\t\t\t\t<h2 class=\"elementor-heading-title elementor-size-default\">Con\u00e9ctese f\u00e1cilmente a trav\u00e9s de OAuth<\/h2>\t\t\t\t<\/div>\n\t\t\t\t<\/div>\n\t\t\t\t<div class=\"elementor-element elementor-element-c5c6721 elementor-widget elementor-widget-text-editor\" data-id=\"c5c6721\" data-element_type=\"widget\" data-e-type=\"widget\" data-widget_type=\"text-editor.default\">\n\t\t\t\t<div class=\"elementor-widget-container\">\n\t\t\t\t\t\t\t\t\t<p>Conecte su bandeja de entrada de soporte de Office 365 a OneDesk a trav\u00e9s de OAuth. Todo lo que necesita hacer es iniciar sesi\u00f3n en su cuenta de correo electr\u00f3nico de soporte para comenzar a recibir tickets y atender a sus clientes en segundos.<\/p>\n\t\t\t\t\t\t\t\t<\/div>\n\t\t\t\t<\/div>\n\t\t\t\t\t<\/div>\n\t\t<\/div>\n\t\t\t\t\t<\/div>\n\t\t<\/section>\n\t\t\t\t<section class=\"elementor-section elementor-top-section elementor-element elementor-element-a1da034 elementor-section-boxed elementor-section-height-default elementor-section-height-default\" data-id=\"a1da034\" data-element_type=\"section\" data-e-type=\"section\">\n\t\t\t\t\t\t<div class=\"elementor-container elementor-column-gap-default\">\n\t\t\t\t\t<div class=\"elementor-column elementor-col-50 elementor-top-column elementor-element elementor-element-d8477e8\" data-id=\"d8477e8\" data-element_type=\"column\" data-e-type=\"column\">\n\t\t\t<div class=\"elementor-widget-wrap elementor-element-populated\">\n\t\t\t\t\t\t<div class=\"elementor-element elementor-element-e5697d5 elementor-widget elementor-widget-image\" data-id=\"e5697d5\" data-element_type=\"widget\" data-e-type=\"widget\" data-widget_type=\"image.default\">\n\t\t\t\t<div class=\"elementor-widget-container\">\n\t\t\t\t\t\t\t\t\t\t\t\t\t\t\t<img decoding=\"async\" width=\"150\" height=\"150\" src=\"https:\/\/onedesk.com\/wp-content\/uploads\/2021\/11\/email-forward-150x150.png\" class=\"attachment-thumbnail size-thumbnail wp-image-142563\" alt=\"Reenv\u00edo de correo electr\u00f3nico\" srcset=\"https:\/\/onedesk.com\/wp-content\/uploads\/2021\/11\/email-forward-150x150.png 150w, https:\/\/onedesk.com\/wp-content\/uploads\/2021\/11\/email-forward-300x300.png 300w, https:\/\/onedesk.com\/wp-content\/uploads\/2021\/11\/email-forward.png 512w\" sizes=\"(max-width: 150px) 100vw, 150px\" \/>\t\t\t\t\t\t\t\t\t\t\t\t\t\t\t<\/div>\n\t\t\t\t<\/div>\n\t\t\t\t\t<\/div>\n\t\t<\/div>\n\t\t\t\t<div class=\"elementor-column elementor-col-50 elementor-top-column elementor-element elementor-element-c720ef1\" data-id=\"c720ef1\" data-element_type=\"column\" data-e-type=\"column\">\n\t\t\t<div class=\"elementor-widget-wrap elementor-element-populated\">\n\t\t\t\t\t\t<div class=\"elementor-element elementor-element-b714f7e elementor-widget elementor-widget-heading\" data-id=\"b714f7e\" data-element_type=\"widget\" data-e-type=\"widget\" data-widget_type=\"heading.default\">\n\t\t\t\t<div class=\"elementor-widget-container\">\n\t\t\t\t\t<h2 class=\"elementor-heading-title elementor-size-default\">Correo electr\u00f3nico O365 autom\u00e1tico para ticket<\/h2>\t\t\t\t<\/div>\n\t\t\t\t<\/div>\n\t\t\t\t<div class=\"elementor-element elementor-element-3742417 elementor-widget elementor-widget-text-editor\" data-id=\"3742417\" data-element_type=\"widget\" data-e-type=\"widget\" data-widget_type=\"text-editor.default\">\n\t\t\t\t<div class=\"elementor-widget-container\">\n\t\t\t\t\t\t\t\t\t<p>Sus correos electr\u00f3nicos de soporte entrantes se crear\u00e1n como tickets en OneDesk. Toda la informaci\u00f3n requerida se captura en el ticket: detalles del cliente, archivos adjuntos, mensaje de correo electr\u00f3nico y asunto.  <\/p>\n\t\t\t\t\t\t\t\t<\/div>\n\t\t\t\t<\/div>\n\t\t\t\t\t<\/div>\n\t\t<\/div>\n\t\t\t\t\t<\/div>\n\t\t<\/section>\n\t\t\t\t<section class=\"elementor-section elementor-top-section elementor-element elementor-element-4392534 elementor-section-boxed elementor-section-height-default elementor-section-height-default\" data-id=\"4392534\" data-element_type=\"section\" data-e-type=\"section\">\n\t\t\t\t\t\t<div class=\"elementor-container elementor-column-gap-default\">\n\t\t\t\t\t<div class=\"elementor-column elementor-col-100 elementor-top-column elementor-element elementor-element-eacf2ad\" data-id=\"eacf2ad\" data-element_type=\"column\" data-e-type=\"column\">\n\t\t\t<div class=\"elementor-widget-wrap elementor-element-populated\">\n\t\t\t\t\t\t<div class=\"elementor-element elementor-element-a46d0c4 elementor-widget elementor-widget-heading\" data-id=\"a46d0c4\" data-element_type=\"widget\" data-e-type=\"widget\" data-widget_type=\"heading.default\">\n\t\t\t\t<div class=\"elementor-widget-container\">\n\t\t\t\t\t<h2 class=\"elementor-heading-title elementor-size-default\">Respuestas salientes transparentes<\/h2>\t\t\t\t<\/div>\n\t\t\t\t<\/div>\n\t\t\t\t<div class=\"elementor-element elementor-element-ca78643 elementor-widget elementor-widget-text-editor\" data-id=\"ca78643\" data-element_type=\"widget\" data-e-type=\"widget\" data-widget_type=\"text-editor.default\">\n\t\t\t\t<div class=\"elementor-widget-container\">\n\t\t\t\t\t\t\t\t\t<p>Cuando se conecta con OAuth, las respuestas enviadas desde OneDesk se env\u00edan desde su propia bandeja de entrada de soporte. Esta caracter\u00edstica permite transparencia y confianza: sus clientes saben que se est\u00e1n comunicando con su equipo.&nbsp;<\/p>\n\t\t\t\t\t\t\t\t<\/div>\n\t\t\t\t<\/div>\n\t\t\t\t\t<\/div>\n\t\t<\/div>\n\t\t\t\t\t<\/div>\n\t\t<\/section>\n\t\t\t\t<section class=\"elementor-section elementor-top-section elementor-element elementor-element-5829ccc elementor-section-boxed elementor-section-height-default elementor-section-height-default\" data-id=\"5829ccc\" data-element_type=\"section\" data-e-type=\"section\">\n\t\t\t\t\t\t<div class=\"elementor-container elementor-column-gap-default\">\n\t\t\t\t\t<div class=\"elementor-column elementor-col-100 elementor-top-column elementor-element elementor-element-d13b1e0\" data-id=\"d13b1e0\" data-element_type=\"column\" data-e-type=\"column\">\n\t\t\t<div class=\"elementor-widget-wrap elementor-element-populated\">\n\t\t\t\t\t\t<div class=\"elementor-element elementor-element-2c9fe52 elementor-widget elementor-widget-heading\" data-id=\"2c9fe52\" data-element_type=\"widget\" data-e-type=\"widget\" data-widget_type=\"heading.default\">\n\t\t\t\t<div class=\"elementor-widget-container\">\n\t\t\t\t\t<h2 class=\"elementor-heading-title elementor-size-default\">Recursos de aprendizaje<\/h2>\t\t\t\t<\/div>\n\t\t\t\t<\/div>\n\t\t\t\t\t<\/div>\n\t\t<\/div>\n\t\t\t\t\t<\/div>\n\t\t<\/section>\n\t\t\t\t<section class=\"elementor-section elementor-top-section elementor-element elementor-element-15690ae elementor-section-boxed elementor-section-height-default elementor-section-height-default\" data-id=\"15690ae\" data-element_type=\"section\" data-e-type=\"section\">\n\t\t\t\t\t\t<div class=\"elementor-container elementor-column-gap-default\">\n\t\t\t\t\t<div class=\"elementor-column elementor-col-33 elementor-top-column elementor-element elementor-element-86b37a7\" data-id=\"86b37a7\" data-element_type=\"column\" data-e-type=\"column\" data-settings=\"{&quot;background_background&quot;:&quot;classic&quot;}\">\n\t\t\t<div class=\"elementor-widget-wrap elementor-element-populated\">\n\t\t\t\t\t\t<div class=\"elementor-element elementor-element-71d5b4b elementor-widget elementor-widget-heading\" data-id=\"71d5b4b\" data-element_type=\"widget\" data-e-type=\"widget\" data-widget_type=\"heading.default\">\n\t\t\t\t<div class=\"elementor-widget-container\">\n\t\t\t\t\t<h3 class=\"elementor-heading-title elementor-size-default\"><a href=\"https:\/\/kb.onedesk.com\/app-od\/o-onedesk\/knowledge-base-1\/article-2c4d8949-cae6-4528-b4f1-672aab8715da\">Enviar correo electr\u00f3nico al ticket<\/a><\/h3>\t\t\t\t<\/div>\n\t\t\t\t<\/div>\n\t\t\t\t<div class=\"elementor-element elementor-element-ce1ea3f elementor-widget elementor-widget-text-editor\" data-id=\"ce1ea3f\" data-element_type=\"widget\" data-e-type=\"widget\" data-widget_type=\"text-editor.default\">\n\t\t\t\t<div class=\"elementor-widget-container\">\n\t\t\t\t\t\t\t\t\t<p>Cree nuevos tickets a partir de correos electr\u00f3nicos de soporte entrantes.<\/p>\n<p><strong><a href=\"https:\/\/kb.onedesk.com\/app-od\/o-onedesk\/knowledge-base-1\/article-2c4d8949-cae6-4528-b4f1-672aab8715da\">Aprende m\u00e1s&gt;&gt;<\/a><\/strong><\/p>\n\t\t\t\t\t\t\t\t<\/div>\n\t\t\t\t<\/div>\n\t\t\t\t\t<\/div>\n\t\t<\/div>\n\t\t\t\t<div class=\"elementor-column elementor-col-33 elementor-top-column elementor-element elementor-element-1bbdefa\" data-id=\"1bbdefa\" data-element_type=\"column\" data-e-type=\"column\" data-settings=\"{&quot;background_background&quot;:&quot;classic&quot;}\">\n\t\t\t<div class=\"elementor-widget-wrap elementor-element-populated\">\n\t\t\t\t\t\t<div class=\"elementor-element elementor-element-2cc31d5 elementor-widget elementor-widget-heading\" data-id=\"2cc31d5\" data-element_type=\"widget\" data-e-type=\"widget\" data-widget_type=\"heading.default\">\n\t\t\t\t<div class=\"elementor-widget-container\">\n\t\t\t\t\t<h3 class=\"elementor-heading-title elementor-size-default\"><a href=\"https:\/\/app.onedesk.com\/app-od\/o-onedesk\/knowledge-base-1\/article-a91bd45f-e1bc-4da4-b917-785cb83ad1e9?customerAccess=\">Flujo y configuraci\u00f3n del correo electr\u00f3nico<\/a><\/h3>\t\t\t\t<\/div>\n\t\t\t\t<\/div>\n\t\t\t\t<div class=\"elementor-element elementor-element-3c7113e elementor-widget elementor-widget-text-editor\" data-id=\"3c7113e\" data-element_type=\"widget\" data-e-type=\"widget\" data-widget_type=\"text-editor.default\">\n\t\t\t\t<div class=\"elementor-widget-container\">\n\t\t\t\t\t\t\t\t\t<p>Conecte su bandeja de entrada de soporte de O365 a trav\u00e9s de OAuth o cree tickets con reenv\u00edo autom\u00e1tico.<\/p>\n<p><strong><a href=\"https:\/\/app.onedesk.com\/app-od\/o-onedesk\/knowledge-base-1\/article-a91bd45f-e1bc-4da4-b917-785cb83ad1e9?customerAccess=\">Aprende m\u00e1s&gt;&gt;<\/a><\/strong><\/p>\n\t\t\t\t\t\t\t\t<\/div>\n\t\t\t\t<\/div>\n\t\t\t\t\t<\/div>\n\t\t<\/div>\n\t\t\t\t<div class=\"elementor-column elementor-col-33 elementor-top-column elementor-element elementor-element-c50481f\" data-id=\"c50481f\" data-element_type=\"column\" data-e-type=\"column\" data-settings=\"{&quot;background_background&quot;:&quot;classic&quot;}\">\n\t\t\t<div class=\"elementor-widget-wrap elementor-element-populated\">\n\t\t\t\t\t\t<div class=\"elementor-element elementor-element-118d651 elementor-widget elementor-widget-heading\" data-id=\"118d651\" data-element_type=\"widget\" data-e-type=\"widget\" data-widget_type=\"heading.default\">\n\t\t\t\t<div class=\"elementor-widget-container\">\n\t\t\t\t\t<h3 class=\"elementor-heading-title elementor-size-default\"><a href=\"https:\/\/kb.onedesk.com\/app-od\/o-onedesk\/knowledge-base-1\/article-44b65d90-017c-4e1d-8481-997d81dd65b2\">Ajustes del correo electr\u00f3nico<\/a><\/h3>\t\t\t\t<\/div>\n\t\t\t\t<\/div>\n\t\t\t\t<div class=\"elementor-element elementor-element-a8c73b1 elementor-widget elementor-widget-text-editor\" data-id=\"a8c73b1\" data-element_type=\"widget\" data-e-type=\"widget\" data-widget_type=\"text-editor.default\">\n\t\t\t\t<div class=\"elementor-widget-container\">\n\t\t\t\t\t\t\t\t\t<p>OneDesk ofrece un poderoso control sobre los correos electr\u00f3nicos entrantes y salientes.&nbsp;<\/p>\n<p><strong><a href=\"https:\/\/kb.onedesk.com\/app-od\/o-onedesk\/knowledge-base-1\/article-44b65d90-017c-4e1d-8481-997d81dd65b2\">Aprende m\u00e1s&gt;&gt;<\/a><\/strong><\/p>\t\t\t\t\t\t\t\t<\/div>\n\t\t\t\t<\/div>\n\t\t\t\t\t<\/div>\n\t\t<\/div>\n\t\t\t\t\t<\/div>\n\t\t<\/section>\n\t\t\t\t<\/div>\n\t\t","protected":false},"excerpt":{"rendered":"<p>Conecte su bandeja de entrada de soporte de Office 365 Conecte su IMAP y SMTP de O365 para crear f\u00e1cilmente tickets desde el correo electr\u00f3nico. Con\u00e9ctese f\u00e1cilmente a trav\u00e9s de OAuth Conecte su bandeja de entrada de soporte de Office 365 a OneDesk a trav\u00e9s de OAuth. Todo lo que necesita hacer es iniciar sesi\u00f3n [&hellip;]<\/p>\n","protected":false},"author":30,"featured_media":0,"parent":151683,"menu_order":0,"comment_status":"closed","ping_status":"closed","template":"","meta":{"tpgb_global_settings":"","_crdt_document":"","inline_featured_image":false,"site-sidebar-layout":"no-sidebar","site-content-layout":"page-builder","ast-site-content-layout":"default","site-content-style":"default","site-sidebar-style":"default","ast-global-header-display":"","ast-banner-title-visibility":"","ast-main-header-display":"","ast-hfb-above-header-display":"","ast-hfb-below-header-display":"","ast-hfb-mobile-header-display":"","site-post-title":"disabled","ast-breadcrumbs-content":"","ast-featured-img":"disabled","footer-sml-layout":"","ast-disable-related-posts":"","theme-transparent-header-meta":"","adv-header-id-meta":"","stick-header-meta":"","header-above-stick-meta":"","header-main-stick-meta":"","header-below-stick-meta":"","astra-migrate-meta-layouts":"default","ast-page-background-enabled":"default","ast-page-background-meta":{"desktop":{"background-color":"var(--ast-global-color-4)","background-image":"","background-repeat":"repeat","background-position":"center center","background-size":"auto","background-attachment":"scroll","background-type":"","background-media":"","overlay-type":"","overlay-color":"","overlay-opacity":"","overlay-gradient":""},"tablet":{"background-color":"","background-image":"","background-repeat":"repeat","background-position":"center center","background-size":"auto","background-attachment":"scroll","background-type":"","background-media":"","overlay-type":"","overlay-color":"","overlay-opacity":"","overlay-gradient":""},"mobile":{"background-color":"","background-image":"","background-repeat":"repeat","background-position":"center center","background-size":"auto","background-attachment":"scroll","background-type":"","background-media":"","overlay-type":"","overlay-color":"","overlay-opacity":"","overlay-gradient":""}},"ast-content-background-meta":{"desktop":{"background-color":"var(--ast-global-color-5)","background-image":"","background-repeat":"repeat","background-position":"center center","background-size":"auto","background-attachment":"scroll","background-type":"","background-media":"","overlay-type":"","overlay-color":"","overlay-opacity":"","overlay-gradient":""},"tablet":{"background-color":"var(--ast-global-color-5)","background-image":"","background-repeat":"repeat","background-position":"center center","background-size":"auto","background-attachment":"scroll","background-type":"","background-media":"","overlay-type":"","overlay-color":"","overlay-opacity":"","overlay-gradient":""},"mobile":{"background-color":"var(--ast-global-color-5)","background-image":"","background-repeat":"repeat","background-position":"center center","background-size":"auto","background-attachment":"scroll","background-type":"","background-media":"","overlay-type":"","overlay-color":"","overlay-opacity":"","overlay-gradient":""}},"footnotes":""},"class_list":["post-258230","page","type-page","status-publish","hentry"],"yoast_head":"<!-- This site is optimized with the Yoast SEO Premium plugin v27.4 (Yoast SEO v27.5) - https:\/\/yoast.com\/product\/yoast-seo-premium-wordpress\/ -->\n<title>Con\u00e9ctese a Office 365 | Funciones de la mesa de ayuda | Un escritorio<\/title>\n<meta name=\"description\" content=\"Cree tickets desde el correo electr\u00f3nico y env\u00ede respuestas conectando directamente su bandeja de entrada de soporte de Office 365 a la aplicaci\u00f3n de mesa de ayuda de OneDesk.\" \/>\n<meta name=\"robots\" content=\"index, follow, max-snippet:-1, max-image-preview:large, max-video-preview:-1\" \/>\n<link rel=\"canonical\" href=\"https:\/\/onedesk.com\/es\/caracteristicas-indice\/conectar-o365\/\" \/>\n<meta property=\"og:locale\" content=\"es_ES\" \/>\n<meta property=\"og:type\" content=\"article\" \/>\n<meta property=\"og:title\" content=\"Con\u00e9ctese a Office 365 | Funciones de la mesa de ayuda | Un escritorio\" \/>\n<meta property=\"og:description\" content=\"Cree tickets desde el correo electr\u00f3nico y env\u00ede respuestas conectando directamente su bandeja de entrada de soporte de Office 365 a la aplicaci\u00f3n de mesa de ayuda de OneDesk.\" \/>\n<meta property=\"og:url\" content=\"https:\/\/onedesk.com\/es\/caracteristicas-indice\/conectar-o365\/\" \/>\n<meta property=\"og:site_name\" content=\"Un escritorio\" \/>\n<meta property=\"article:publisher\" content=\"https:\/\/www.facebook.com\/OneDeskApp\" \/>\n<meta property=\"article:modified_time\" content=\"2023-09-27T17:04:36+00:00\" \/>\n<meta property=\"og:image\" content=\"https:\/\/onedesk.com\/wp-content\/uploads\/2021\/11\/email-forward-150x150.png\" \/>\n<meta name=\"twitter:card\" content=\"summary_large_image\" \/>\n<meta name=\"twitter:site\" content=\"@OneDeskApp\" \/>\n<meta name=\"twitter:label1\" content=\"Est. reading time\" \/>\n\t<meta name=\"twitter:data1\" content=\"1 minute\" \/>\n<!-- \/ Yoast SEO Premium plugin. -->","yoast_head_json":{"title":"Con\u00e9ctese a Office 365 | Funciones de la mesa de ayuda | Un escritorio","description":"Cree tickets desde el correo electr\u00f3nico y env\u00ede respuestas conectando directamente su bandeja de entrada de soporte de Office 365 a la aplicaci\u00f3n de mesa de ayuda de OneDesk.","robots":{"index":"index","follow":"follow","max-snippet":"max-snippet:-1","max-image-preview":"max-image-preview:large","max-video-preview":"max-video-preview:-1"},"canonical":"https:\/\/onedesk.com\/es\/caracteristicas-indice\/conectar-o365\/","og_locale":"es_ES","og_type":"article","og_title":"Con\u00e9ctese a Office 365 | Funciones de la mesa de ayuda | Un escritorio","og_description":"Cree tickets desde el correo electr\u00f3nico y env\u00ede respuestas conectando directamente su bandeja de entrada de soporte de Office 365 a la aplicaci\u00f3n de mesa de ayuda de OneDesk.","og_url":"https:\/\/onedesk.com\/es\/caracteristicas-indice\/conectar-o365\/","og_site_name":"Un escritorio","article_publisher":"https:\/\/www.facebook.com\/OneDeskApp","article_modified_time":"2023-09-27T17:04:36+00:00","og_image":[{"url":"https:\/\/onedesk.com\/wp-content\/uploads\/2021\/11\/email-forward-150x150.png","type":"","width":"","height":""}],"twitter_card":"summary_large_image","twitter_site":"@OneDeskApp","twitter_misc":{"Est. reading time":"1 minute"},"schema":{"@context":"https:\/\/schema.org","@graph":[{"@type":"WebPage","@id":"https:\/\/onedesk.com\/es\/caracteristicas-indice\/conectar-o365\/","url":"https:\/\/onedesk.com\/es\/caracteristicas-indice\/conectar-o365\/","name":"Con\u00e9ctese a Office 365 | Funciones de la mesa de ayuda | Un escritorio","isPartOf":{"@id":"https:\/\/onedesk.com\/es\/#website"},"primaryImageOfPage":{"@id":"https:\/\/onedesk.com\/es\/caracteristicas-indice\/conectar-o365\/#primaryimage"},"image":{"@id":"https:\/\/onedesk.com\/es\/caracteristicas-indice\/conectar-o365\/#primaryimage"},"thumbnailUrl":"https:\/\/onedesk.com\/wp-content\/uploads\/2021\/11\/email-forward-150x150.png","datePublished":"2023-09-27T17:04:33+00:00","dateModified":"2023-09-27T17:04:36+00:00","description":"Cree tickets desde el correo electr\u00f3nico y env\u00ede respuestas conectando directamente su bandeja de entrada de soporte de Office 365 a la aplicaci\u00f3n de mesa de ayuda de OneDesk.","breadcrumb":{"@id":"https:\/\/onedesk.com\/es\/caracteristicas-indice\/conectar-o365\/#breadcrumb"},"inLanguage":"es-ES","potentialAction":[{"@type":"ReadAction","target":["https:\/\/onedesk.com\/es\/caracteristicas-indice\/conectar-o365\/"]}]},{"@type":"ImageObject","inLanguage":"es-ES","@id":"https:\/\/onedesk.com\/es\/caracteristicas-indice\/conectar-o365\/#primaryimage","url":"https:\/\/onedesk.com\/wp-content\/uploads\/2021\/11\/email-forward-150x150.png","contentUrl":"https:\/\/onedesk.com\/wp-content\/uploads\/2021\/11\/email-forward-150x150.png"},{"@type":"BreadcrumbList","@id":"https:\/\/onedesk.com\/es\/caracteristicas-indice\/conectar-o365\/#breadcrumb","itemListElement":[{"@type":"ListItem","position":1,"name":"\u00cdndice de caracter\u00edsticas de OneDesk","item":"https:\/\/onedesk.com\/es\/caracteristicas-indice\/"},{"@type":"ListItem","position":2,"name":"Conectar Office 365"}]},{"@type":"WebSite","@id":"https:\/\/onedesk.com\/es\/#website","url":"https:\/\/onedesk.com\/es\/","name":"Un escritorio","description":"Software de gesti\u00f3n de proyectos y asistencia t\u00e9cnica","publisher":{"@id":"https:\/\/onedesk.com\/es\/#organization"},"potentialAction":[{"@type":"SearchAction","target":{"@type":"EntryPoint","urlTemplate":"https:\/\/onedesk.com\/es\/?s={search_term_string}"},"query-input":{"@type":"PropertyValueSpecification","valueRequired":true,"valueName":"search_term_string"}}],"inLanguage":"es-ES"},{"@type":"Organization","@id":"https:\/\/onedesk.com\/es\/#organization","name":"Un escritorio","url":"https:\/\/onedesk.com\/es\/","logo":{"@type":"ImageObject","inLanguage":"es-ES","@id":"https:\/\/onedesk.com\/es\/#\/schema\/logo\/image\/","url":"https:\/\/onedesk.com\/wp-content\/uploads\/2016\/01\/white-logo-small.png","contentUrl":"https:\/\/onedesk.com\/wp-content\/uploads\/2016\/01\/white-logo-small.png","width":207,"height":40,"caption":"Un escritorio"},"image":{"@id":"https:\/\/onedesk.com\/es\/#\/schema\/logo\/image\/"},"sameAs":["https:\/\/www.facebook.com\/OneDeskApp","https:\/\/x.com\/OneDeskApp","https:\/\/www.instagram.com\/onedeskapp\/","https:\/\/www.linkedin.com\/company\/onedesk-inc-1","https:\/\/www.pinterest.com\/onedesk\/","https:\/\/www.youtube.com\/user\/OneDeskApp"]}]}},"tpgb_featured_images":null,"tpgb_post_meta_info":{"get_date":"September 27, 2023","get_modified_date":"September 27, 2023","author_name":"Erin Richardson","author_url":"https:\/\/onedesk.com\/es\/author\/erin-richardsononedesk-com\/","author_email":"erin.richardson@onedesk.com","author_website":"","author_description":"","author_facebook":"","author_twitter":"","author_instagram":"","author_role":["administrator"],"author_firstname":"Erin","author_lastname":"Richardson","user_login":"erin.richardson@onedesk.com","author_avatar":"<img alt='' src='https:\/\/secure.gravatar.com\/avatar\/5b43ac2756efc1d5aa46746163fa71ceee43f42a78652ebc70940d512d77cba0?s=200&#038;d=mm&#038;r=g' srcset='https:\/\/secure.gravatar.com\/avatar\/5b43ac2756efc1d5aa46746163fa71ceee43f42a78652ebc70940d512d77cba0?s=400&#038;d=mm&#038;r=g 2x' class='avatar avatar-200 photo' height='200' width='200' decoding='async'\/>","author_avatar_url":"https:\/\/secure.gravatar.com\/avatar\/5b43ac2756efc1d5aa46746163fa71ceee43f42a78652ebc70940d512d77cba0?s=96&d=mm&r=g","comment_count":0,"post_likes":0,"post_views":0},"tpgb_post_category":[],"jetpack_shortlink":"https:\/\/wp.me\/PfpPaI-15b0","amp_enabled":true,"_links":{"self":[{"href":"https:\/\/onedesk.com\/es\/wp-json\/wp\/v2\/pages\/258230","targetHints":{"allow":["GET"]}}],"collection":[{"href":"https:\/\/onedesk.com\/es\/wp-json\/wp\/v2\/pages"}],"about":[{"href":"https:\/\/onedesk.com\/es\/wp-json\/wp\/v2\/types\/page"}],"author":[{"embeddable":true,"href":"https:\/\/onedesk.com\/es\/wp-json\/wp\/v2\/users\/30"}],"replies":[{"embeddable":true,"href":"https:\/\/onedesk.com\/es\/wp-json\/wp\/v2\/comments?post=258230"}],"version-history":[{"count":1,"href":"https:\/\/onedesk.com\/es\/wp-json\/wp\/v2\/pages\/258230\/revisions"}],"predecessor-version":[{"id":258236,"href":"https:\/\/onedesk.com\/es\/wp-json\/wp\/v2\/pages\/258230\/revisions\/258236"}],"up":[{"embeddable":true,"href":"https:\/\/onedesk.com\/es\/wp-json\/wp\/v2\/pages\/151683"}],"wp:attachment":[{"href":"https:\/\/onedesk.com\/es\/wp-json\/wp\/v2\/media?parent=258230"}],"curies":[{"name":"wp","href":"https:\/\/api.w.org\/{rel}","templated":true}]}}