{"id":62003,"date":"2021-03-08T21:04:31","date_gmt":"2021-03-08T21:04:31","guid":{"rendered":"https:\/\/onedesk.com\/integrar-con-onedesk\/caja\/"},"modified":"2023-12-22T20:10:35","modified_gmt":"2023-12-22T20:10:35","slug":"caja","status":"publish","type":"page","link":"https:\/\/onedesk.com\/es\/integrar-con-onedesk\/caja\/","title":{"rendered":"Caja"},"content":{"rendered":"\t\t<div data-elementor-type=\"wp-page\" data-elementor-id=\"62003\" class=\"elementor elementor-62003 elementor-46509\" data-elementor-post-type=\"page\">\n\t\t\t\t\t\t<section class=\"elementor-section elementor-top-section elementor-element elementor-element-6d99eaf elementor-section-boxed elementor-section-height-default elementor-section-height-default\" data-id=\"6d99eaf\" data-element_type=\"section\" data-e-type=\"section\">\n\t\t\t\t\t\t<div class=\"elementor-container elementor-column-gap-default\">\n\t\t\t\t\t<div class=\"elementor-column elementor-col-100 elementor-top-column elementor-element elementor-element-679397f\" data-id=\"679397f\" data-element_type=\"column\" data-e-type=\"column\">\n\t\t\t<div class=\"elementor-widget-wrap elementor-element-populated\">\n\t\t\t\t\t\t<div class=\"elementor-element elementor-element-a55688a elementor-widget elementor-widget-heading\" data-id=\"a55688a\" data-element_type=\"widget\" data-e-type=\"widget\" data-widget_type=\"heading.default\">\n\t\t\t\t<div class=\"elementor-widget-container\">\n\t\t\t\t\t<h1 class=\"elementor-heading-title elementor-size-default\">Integraci\u00f3n de Box con la mesa de ayuda y el software de gesti\u00f3n de proyectos<\/h1>\t\t\t\t<\/div>\n\t\t\t\t<\/div>\n\t\t\t\t<div class=\"elementor-element elementor-element-41b6e24 elementor-widget elementor-widget-text-editor\" data-id=\"41b6e24\" data-element_type=\"widget\" data-e-type=\"widget\" data-widget_type=\"text-editor.default\">\n\t\t\t\t<div class=\"elementor-widget-container\">\n\t\t\t\t\t\t\t\t\t<p>OneDesk integra el software de asistencia t\u00e9cnica y gesti\u00f3n de proyectos con su cuenta de Box.<\/p>\n\t\t\t\t\t\t\t\t<\/div>\n\t\t\t\t<\/div>\n\t\t\t\t<div class=\"elementor-element elementor-element-70dc348 elementor-align-center elementor-widget elementor-widget-global elementor-global-161538 elementor-global-131872 elementor-widget-button\" data-id=\"70dc348\" data-element_type=\"widget\" data-e-type=\"widget\" data-widget_type=\"button.default\">\n\t\t\t\t<div class=\"elementor-widget-container\">\n\t\t\t\t\t\t\t\t\t<div class=\"elementor-button-wrapper\">\n\t\t\t\t\t<a class=\"elementor-button elementor-button-link elementor-size-lg elementor-animation-grow\" href=\"https:\/\/onedesk.com\/es\/registrate-gratis\/\">\n\t\t\t\t\t\t<span class=\"elementor-button-content-wrapper\">\n\t\t\t\t\t\t\t\t\t<span class=\"elementor-button-text\">\u00a1Reg\u00edstrate gratis!<\/span>\n\t\t\t\t\t<\/span>\n\t\t\t\t\t<\/a>\n\t\t\t\t<\/div>\n\t\t\t\t\t\t\t\t<\/div>\n\t\t\t\t<\/div>\n\t\t\t\t\t<\/div>\n\t\t<\/div>\n\t\t\t\t\t<\/div>\n\t\t<\/section>\n\t\t\t\t<section class=\"elementor-section elementor-top-section elementor-element elementor-element-99d3343 elementor-section-boxed elementor-section-height-default elementor-section-height-default\" data-id=\"99d3343\" data-element_type=\"section\" data-e-type=\"section\" data-settings=\"{&quot;background_background&quot;:&quot;classic&quot;}\">\n\t\t\t\t\t\t<div class=\"elementor-container elementor-column-gap-default\">\n\t\t\t\t\t<div class=\"elementor-column elementor-col-50 elementor-top-column elementor-element elementor-element-7f6d894\" data-id=\"7f6d894\" data-element_type=\"column\" data-e-type=\"column\">\n\t\t\t<div class=\"elementor-widget-wrap elementor-element-populated\">\n\t\t\t\t\t\t<div class=\"elementor-element elementor-element-61483c0 elementor-widget elementor-widget-image\" data-id=\"61483c0\" data-element_type=\"widget\" data-e-type=\"widget\" data-widget_type=\"image.default\">\n\t\t\t\t<div class=\"elementor-widget-container\">\n\t\t\t\t\t\t\t\t\t\t\t\t\t\t\t<img decoding=\"async\" width=\"84\" height=\"84\" src=\"https:\/\/onedesk.com\/wp-content\/uploads\/2020\/01\/box.png\" class=\"attachment-large size-large wp-image-61979\" alt=\"caja\" srcset=\"https:\/\/onedesk.com\/wp-content\/uploads\/2020\/01\/box.png 84w, https:\/\/onedesk.com\/wp-content\/uploads\/2020\/01\/box-80x80.png 80w, https:\/\/onedesk.com\/wp-content\/uploads\/2020\/01\/box-40x40.png 40w, https:\/\/onedesk.com\/wp-content\/uploads\/2020\/01\/box-60x60.png 60w\" sizes=\"(max-width: 84px) 100vw, 84px\" \/>\t\t\t\t\t\t\t\t\t\t\t\t\t\t\t<\/div>\n\t\t\t\t<\/div>\n\t\t\t\t\t<\/div>\n\t\t<\/div>\n\t\t\t\t<div class=\"elementor-column elementor-col-50 elementor-top-column elementor-element elementor-element-1f8a51f\" data-id=\"1f8a51f\" data-element_type=\"column\" data-e-type=\"column\">\n\t\t\t<div class=\"elementor-widget-wrap elementor-element-populated\">\n\t\t\t\t\t\t<div class=\"elementor-element elementor-element-8bd308a elementor-widget elementor-widget-heading\" data-id=\"8bd308a\" data-element_type=\"widget\" data-e-type=\"widget\" data-widget_type=\"heading.default\">\n\t\t\t\t<div class=\"elementor-widget-container\">\n\t\t\t\t\t<h2 class=\"elementor-heading-title elementor-size-default\">Conecte Box a su cuenta de OneDesk<\/h2>\t\t\t\t<\/div>\n\t\t\t\t<\/div>\n\t\t\t\t<div class=\"elementor-element elementor-element-ea152df elementor-widget elementor-widget-text-editor\" data-id=\"ea152df\" data-element_type=\"widget\" data-e-type=\"widget\" data-widget_type=\"text-editor.default\">\n\t\t\t\t<div class=\"elementor-widget-container\">\n\t\t\t\t\t\t\t\t\t<p>Adjunte archivos directamente desde la nube. Conecte el servicio de asistencia t\u00e9cnica y el software de gesti\u00f3n de proyectos de OneDesk a su cuenta de Box para que sea m\u00e1s f\u00e1cil capturar y adjuntar los archivos que almacena all\u00ed.<\/p>\n\t\t\t\t\t\t\t\t<\/div>\n\t\t\t\t<\/div>\n\t\t\t\t\t<\/div>\n\t\t<\/div>\n\t\t\t\t\t<\/div>\n\t\t<\/section>\n\t\t\t\t<section class=\"elementor-section elementor-top-section elementor-element elementor-element-c0758d4 elementor-section-boxed elementor-section-height-default elementor-section-height-default\" data-id=\"c0758d4\" data-element_type=\"section\" data-e-type=\"section\">\n\t\t\t\t\t\t<div class=\"elementor-container elementor-column-gap-default\">\n\t\t\t\t\t<div class=\"elementor-column elementor-col-100 elementor-top-column elementor-element elementor-element-07a1025\" data-id=\"07a1025\" data-element_type=\"column\" data-e-type=\"column\">\n\t\t\t<div class=\"elementor-widget-wrap elementor-element-populated\">\n\t\t\t\t\t\t<div class=\"elementor-element elementor-element-63f2df4 elementor-widget elementor-widget-heading\" data-id=\"63f2df4\" data-element_type=\"widget\" data-e-type=\"widget\" data-widget_type=\"heading.default\">\n\t\t\t\t<div class=\"elementor-widget-container\">\n\t\t\t\t\t<h2 class=\"elementor-heading-title elementor-size-default\">\u00bfQu\u00e9 te permite hacer la integraci\u00f3n con Box?<\/h2>\t\t\t\t<\/div>\n\t\t\t\t<\/div>\n\t\t\t\t<div class=\"elementor-element elementor-element-76f7b82 elementor-widget elementor-widget-text-editor\" data-id=\"76f7b82\" data-element_type=\"widget\" data-e-type=\"widget\" data-widget_type=\"text-editor.default\">\n\t\t\t\t<div class=\"elementor-widget-container\">\n\t\t\t\t\t\t\t\t\t<p>Con la integraci\u00f3n de Box habilitada, tiene una opci\u00f3n adicional cuando se trata de adjuntar archivos a tickets, tareas y proyectos en OneDesk. A\u00fan puede agregarlos desde su almacenamiento local, pero adem\u00e1s puede buscarlos y adjuntarlos directamente desde su cuenta de Box.<\/p>\n<p>Integrar el servicio de asistencia t\u00e9cnica y el software de gesti\u00f3n de proyectos de OneDesk con su cuenta de Box es f\u00e1cil. Simplemente siga los pasos a continuaci\u00f3n o mire el video.<\/p>\n\t\t\t\t\t\t\t\t<\/div>\n\t\t\t\t<\/div>\n\t\t\t\t\t<\/div>\n\t\t<\/div>\n\t\t\t\t\t<\/div>\n\t\t<\/section>\n\t\t\t\t<section class=\"elementor-section elementor-top-section elementor-element elementor-element-71f082c elementor-section-boxed elementor-section-height-default elementor-section-height-default\" data-id=\"71f082c\" data-element_type=\"section\" data-e-type=\"section\" data-settings=\"{&quot;background_background&quot;:&quot;classic&quot;}\">\n\t\t\t\t\t\t<div class=\"elementor-container elementor-column-gap-default\">\n\t\t\t\t\t<div class=\"elementor-column elementor-col-100 elementor-top-column elementor-element elementor-element-e4710dc\" data-id=\"e4710dc\" data-element_type=\"column\" data-e-type=\"column\">\n\t\t\t<div class=\"elementor-widget-wrap elementor-element-populated\">\n\t\t\t\t\t\t<div class=\"elementor-element elementor-element-aa97827 elementor-widget elementor-widget-heading\" data-id=\"aa97827\" data-element_type=\"widget\" data-e-type=\"widget\" data-widget_type=\"heading.default\">\n\t\t\t\t<div class=\"elementor-widget-container\">\n\t\t\t\t\t<h2 class=\"elementor-heading-title elementor-size-default\">C\u00f3mo conectar OneDesk a Box<\/h2>\t\t\t\t<\/div>\n\t\t\t\t<\/div>\n\t\t\t\t<div class=\"elementor-element elementor-element-a10f13d elementor-widget elementor-widget-text-editor\" data-id=\"a10f13d\" data-element_type=\"widget\" data-e-type=\"widget\" data-widget_type=\"text-editor.default\">\n\t\t\t\t<div class=\"elementor-widget-container\">\n\t\t\t\t\t\t\t\t\t<ul>\n<li><span style=\"font-size: 16px;\">En su cuenta de OneDesk, vaya a ADMINISTRACI\u00d3N&gt; INTEGRACIONES<\/span><\/li>\n<li>Haga clic en Conectar junto a la integraci\u00f3n de Box.  <\/li>\n<li>El bot\u00f3n de conexi\u00f3n cambiar\u00e1 para indicar que la integraci\u00f3n ahora est\u00e1 activa.<\/li>\n<li>Navegue hasta un panel de detalles de un ticket, tarea o proyecto y haga clic en &#8220;Adjuntar&#8221;.  <\/li>\n<li>Ahora tendr\u00e1 una nueva opci\u00f3n en el men\u00fa adjuntar para &#8216;Adjuntar desde cuadro&#8217;.<\/li>\n<li>Seleccione &#8216;Adjuntar desde Box&#8217; y se le pedir\u00e1 que inicie sesi\u00f3n y autorice su cuenta de Box.<\/li>\n<\/ul>\n<div class=\"tour-content-0\"> <\/div>\n\t\t\t\t\t\t\t\t<\/div>\n\t\t\t\t<\/div>\n\t\t\t\t\t<\/div>\n\t\t<\/div>\n\t\t\t\t\t<\/div>\n\t\t<\/section>\n\t\t\t\t<\/div>\n\t\t","protected":false},"excerpt":{"rendered":"<p>Integraci\u00f3n de Box con la mesa de ayuda y el software de gesti\u00f3n de proyectos OneDesk integra el software de asistencia t\u00e9cnica y gesti\u00f3n de proyectos con su cuenta de Box. Sign up free! Conecte Box a su cuenta de OneDesk Adjunte archivos directamente desde la nube. Conecte el servicio de asistencia t\u00e9cnica y el [&hellip;]<\/p>\n","protected":false},"author":1,"featured_media":0,"parent":61650,"menu_order":1,"comment_status":"closed","ping_status":"closed","template":"","meta":{"tpgb_global_settings":"","_crdt_document":"","inline_featured_image":false,"site-sidebar-layout":"default","site-content-layout":"","ast-site-content-layout":"default","site-content-style":"default","site-sidebar-style":"default","ast-global-header-display":"","ast-banner-title-visibility":"","ast-main-header-display":"","ast-hfb-above-header-display":"","ast-hfb-below-header-display":"","ast-hfb-mobile-header-display":"","site-post-title":"","ast-breadcrumbs-content":"","ast-featured-img":"","footer-sml-layout":"","ast-disable-related-posts":"","theme-transparent-header-meta":"","adv-header-id-meta":"","stick-header-meta":"","header-above-stick-meta":"","header-main-stick-meta":"","header-below-stick-meta":"","astra-migrate-meta-layouts":"default","ast-page-background-enabled":"default","ast-page-background-meta":{"desktop":{"background-color":"var(--ast-global-color-4)","background-image":"","background-repeat":"repeat","background-position":"center center","background-size":"auto","background-attachment":"scroll","background-type":"","background-media":"","overlay-type":"","overlay-color":"","overlay-opacity":"","overlay-gradient":""},"tablet":{"background-color":"","background-image":"","background-repeat":"repeat","background-position":"center center","background-size":"auto","background-attachment":"scroll","background-type":"","background-media":"","overlay-type":"","overlay-color":"","overlay-opacity":"","overlay-gradient":""},"mobile":{"background-color":"","background-image":"","background-repeat":"repeat","background-position":"center center","background-size":"auto","background-attachment":"scroll","background-type":"","background-media":"","overlay-type":"","overlay-color":"","overlay-opacity":"","overlay-gradient":""}},"ast-content-background-meta":{"desktop":{"background-color":"var(--ast-global-color-5)","background-image":"","background-repeat":"repeat","background-position":"center center","background-size":"auto","background-attachment":"scroll","background-type":"","background-media":"","overlay-type":"","overlay-color":"","overlay-opacity":"","overlay-gradient":""},"tablet":{"background-color":"var(--ast-global-color-5)","background-image":"","background-repeat":"repeat","background-position":"center center","background-size":"auto","background-attachment":"scroll","background-type":"","background-media":"","overlay-type":"","overlay-color":"","overlay-opacity":"","overlay-gradient":""},"mobile":{"background-color":"var(--ast-global-color-5)","background-image":"","background-repeat":"repeat","background-position":"center center","background-size":"auto","background-attachment":"scroll","background-type":"","background-media":"","overlay-type":"","overlay-color":"","overlay-opacity":"","overlay-gradient":""}},"footnotes":""},"class_list":["post-62003","page","type-page","status-publish","hentry"],"yoast_head":"<!-- This site is optimized with the Yoast SEO Premium plugin v27.2 (Yoast SEO v27.3) - https:\/\/yoast.com\/product\/yoast-seo-premium-wordpress\/ -->\n<title>Integraci\u00f3n de caja | Software de mesa de ayuda y gesti\u00f3n de proyectos | Un escritorio<\/title>\n<meta name=\"description\" content=\"Box Integration est\u00e1 disponible para el software de gesti\u00f3n de proyectos y la mesa de ayuda de OneDesk. Conecte su cuenta para trabajar en sus proyectos de manera m\u00e1s eficiente.\" \/>\n<meta name=\"robots\" content=\"index, follow, max-snippet:-1, max-image-preview:large, max-video-preview:-1\" \/>\n<link rel=\"canonical\" href=\"https:\/\/onedesk.com\/es\/integrar-con-onedesk\/caja\/\" \/>\n<meta property=\"og:locale\" content=\"es_ES\" \/>\n<meta property=\"og:type\" content=\"article\" \/>\n<meta property=\"og:title\" content=\"Integraci\u00f3n de caja | Software de mesa de ayuda y gesti\u00f3n de proyectos | Un escritorio\" \/>\n<meta property=\"og:description\" content=\"Box Integration est\u00e1 disponible para el software de gesti\u00f3n de proyectos y la mesa de ayuda de OneDesk. Conecte su cuenta para trabajar en sus proyectos de manera m\u00e1s eficiente.\" \/>\n<meta property=\"og:url\" content=\"https:\/\/onedesk.com\/es\/integrar-con-onedesk\/caja\/\" \/>\n<meta property=\"og:site_name\" content=\"Un escritorio\" \/>\n<meta property=\"article:publisher\" content=\"https:\/\/www.facebook.com\/OneDeskApp\" \/>\n<meta property=\"article:modified_time\" content=\"2023-12-22T20:10:35+00:00\" \/>\n<meta property=\"og:image\" content=\"https:\/\/onedesk.com\/wp-content\/uploads\/2020\/01\/box.png\" \/>\n<meta name=\"twitter:card\" content=\"summary_large_image\" \/>\n<meta name=\"twitter:site\" content=\"@OneDeskApp\" \/>\n<meta name=\"twitter:label1\" content=\"Est. reading time\" \/>\n\t<meta name=\"twitter:data1\" content=\"1 minute\" \/>\n<!-- \/ Yoast SEO Premium plugin. -->","yoast_head_json":{"title":"Integraci\u00f3n de caja | Software de mesa de ayuda y gesti\u00f3n de proyectos | Un escritorio","description":"Box Integration est\u00e1 disponible para el software de gesti\u00f3n de proyectos y la mesa de ayuda de OneDesk. Conecte su cuenta para trabajar en sus proyectos de manera m\u00e1s eficiente.","robots":{"index":"index","follow":"follow","max-snippet":"max-snippet:-1","max-image-preview":"max-image-preview:large","max-video-preview":"max-video-preview:-1"},"canonical":"https:\/\/onedesk.com\/es\/integrar-con-onedesk\/caja\/","og_locale":"es_ES","og_type":"article","og_title":"Integraci\u00f3n de caja | Software de mesa de ayuda y gesti\u00f3n de proyectos | Un escritorio","og_description":"Box Integration est\u00e1 disponible para el software de gesti\u00f3n de proyectos y la mesa de ayuda de OneDesk. Conecte su cuenta para trabajar en sus proyectos de manera m\u00e1s eficiente.","og_url":"https:\/\/onedesk.com\/es\/integrar-con-onedesk\/caja\/","og_site_name":"Un escritorio","article_publisher":"https:\/\/www.facebook.com\/OneDeskApp","article_modified_time":"2023-12-22T20:10:35+00:00","og_image":[{"url":"https:\/\/onedesk.com\/wp-content\/uploads\/2020\/01\/box.png","type":"","width":"","height":""}],"twitter_card":"summary_large_image","twitter_site":"@OneDeskApp","twitter_misc":{"Est. reading time":"1 minute"},"schema":{"@context":"https:\/\/schema.org","@graph":[{"@type":"WebPage","@id":"https:\/\/onedesk.com\/es\/integrar-con-onedesk\/caja\/","url":"https:\/\/onedesk.com\/es\/integrar-con-onedesk\/caja\/","name":"Integraci\u00f3n de caja | Software de mesa de ayuda y gesti\u00f3n de proyectos | Un escritorio","isPartOf":{"@id":"https:\/\/onedesk.com\/es\/#website"},"primaryImageOfPage":{"@id":"https:\/\/onedesk.com\/es\/integrar-con-onedesk\/caja\/#primaryimage"},"image":{"@id":"https:\/\/onedesk.com\/es\/integrar-con-onedesk\/caja\/#primaryimage"},"thumbnailUrl":"https:\/\/onedesk.com\/wp-content\/uploads\/2020\/01\/box.png","datePublished":"2021-03-08T21:04:31+00:00","dateModified":"2023-12-22T20:10:35+00:00","description":"Box Integration est\u00e1 disponible para el software de gesti\u00f3n de proyectos y la mesa de ayuda de OneDesk. Conecte su cuenta para trabajar en sus proyectos de manera m\u00e1s eficiente.","breadcrumb":{"@id":"https:\/\/onedesk.com\/es\/integrar-con-onedesk\/caja\/#breadcrumb"},"inLanguage":"es-ES","potentialAction":[{"@type":"ReadAction","target":["https:\/\/onedesk.com\/es\/integrar-con-onedesk\/caja\/"]}]},{"@type":"ImageObject","inLanguage":"es-ES","@id":"https:\/\/onedesk.com\/es\/integrar-con-onedesk\/caja\/#primaryimage","url":"https:\/\/onedesk.com\/wp-content\/uploads\/2020\/01\/box.png","contentUrl":"https:\/\/onedesk.com\/wp-content\/uploads\/2020\/01\/box.png"},{"@type":"BreadcrumbList","@id":"https:\/\/onedesk.com\/es\/integrar-con-onedesk\/caja\/#breadcrumb","itemListElement":[{"@type":"ListItem","position":1,"name":"Integrar con OneDesk","item":"https:\/\/onedesk.com\/es\/integrar-con-onedesk\/"},{"@type":"ListItem","position":2,"name":"Caja"}]},{"@type":"WebSite","@id":"https:\/\/onedesk.com\/es\/#website","url":"https:\/\/onedesk.com\/es\/","name":"Un escritorio","description":"Software de gesti\u00f3n de proyectos y asistencia t\u00e9cnica","publisher":{"@id":"https:\/\/onedesk.com\/es\/#organization"},"potentialAction":[{"@type":"SearchAction","target":{"@type":"EntryPoint","urlTemplate":"https:\/\/onedesk.com\/es\/?s={search_term_string}"},"query-input":{"@type":"PropertyValueSpecification","valueRequired":true,"valueName":"search_term_string"}}],"inLanguage":"es-ES"},{"@type":"Organization","@id":"https:\/\/onedesk.com\/es\/#organization","name":"Un escritorio","url":"https:\/\/onedesk.com\/es\/","logo":{"@type":"ImageObject","inLanguage":"es-ES","@id":"https:\/\/onedesk.com\/es\/#\/schema\/logo\/image\/","url":"https:\/\/onedesk.com\/wp-content\/uploads\/2016\/01\/white-logo-small.png","contentUrl":"https:\/\/onedesk.com\/wp-content\/uploads\/2016\/01\/white-logo-small.png","width":207,"height":40,"caption":"Un escritorio"},"image":{"@id":"https:\/\/onedesk.com\/es\/#\/schema\/logo\/image\/"},"sameAs":["https:\/\/www.facebook.com\/OneDeskApp","https:\/\/x.com\/OneDeskApp","https:\/\/www.instagram.com\/onedeskapp\/","https:\/\/www.linkedin.com\/company\/onedesk-inc-1","https:\/\/www.pinterest.com\/onedesk\/","https:\/\/www.youtube.com\/user\/OneDeskApp"]}]}},"tpgb_featured_images":null,"tpgb_post_meta_info":{"get_date":"March 8, 2021","get_modified_date":"December 22, 2023","author_name":"server.admin@onedesk.com","author_url":"https:\/\/onedesk.com\/es\/author\/server-adminonedesk-com\/","author_email":"server.admin@onedesk.com","author_website":"","author_description":"","author_facebook":"","author_twitter":"","author_instagram":"","author_role":["administrator"],"author_firstname":"","author_lastname":"","user_login":"server.admin@onedesk.com","author_avatar":"<img alt='' src='https:\/\/secure.gravatar.com\/avatar\/a37d6b270be81ecbf4ab9ca7260f2d1ee4d0295343706f0648e9d7a0d75243d3?s=200&#038;d=mm&#038;r=g' srcset='https:\/\/secure.gravatar.com\/avatar\/a37d6b270be81ecbf4ab9ca7260f2d1ee4d0295343706f0648e9d7a0d75243d3?s=400&#038;d=mm&#038;r=g 2x' class='avatar avatar-200 photo' height='200' width='200' decoding='async'\/>","author_avatar_url":"https:\/\/secure.gravatar.com\/avatar\/a37d6b270be81ecbf4ab9ca7260f2d1ee4d0295343706f0648e9d7a0d75243d3?s=96&d=mm&r=g","comment_count":0,"post_likes":0,"post_views":0},"tpgb_post_category":[],"jetpack_shortlink":"https:\/\/wp.me\/PfpPaI-g83","amp_enabled":true,"_links":{"self":[{"href":"https:\/\/onedesk.com\/es\/wp-json\/wp\/v2\/pages\/62003","targetHints":{"allow":["GET"]}}],"collection":[{"href":"https:\/\/onedesk.com\/es\/wp-json\/wp\/v2\/pages"}],"about":[{"href":"https:\/\/onedesk.com\/es\/wp-json\/wp\/v2\/types\/page"}],"author":[{"embeddable":true,"href":"https:\/\/onedesk.com\/es\/wp-json\/wp\/v2\/users\/1"}],"replies":[{"embeddable":true,"href":"https:\/\/onedesk.com\/es\/wp-json\/wp\/v2\/comments?post=62003"}],"version-history":[{"count":5,"href":"https:\/\/onedesk.com\/es\/wp-json\/wp\/v2\/pages\/62003\/revisions"}],"predecessor-version":[{"id":264588,"href":"https:\/\/onedesk.com\/es\/wp-json\/wp\/v2\/pages\/62003\/revisions\/264588"}],"up":[{"embeddable":true,"href":"https:\/\/onedesk.com\/es\/wp-json\/wp\/v2\/pages\/61650"}],"wp:attachment":[{"href":"https:\/\/onedesk.com\/es\/wp-json\/wp\/v2\/media?parent=62003"}],"curies":[{"name":"wp","href":"https:\/\/api.w.org\/{rel}","templated":true}]}}