{"id":62015,"date":"2021-03-08T21:04:42","date_gmt":"2021-03-08T21:04:42","guid":{"rendered":"https:\/\/onedesk.com\/integrar-con-onedesk\/mailchimp\/"},"modified":"2021-03-08T21:04:42","modified_gmt":"2021-03-08T21:04:42","slug":"mailchimp","status":"publish","type":"page","link":"https:\/\/onedesk.com\/es\/integrar-con-onedesk\/mailchimp\/","title":{"rendered":"Mailchimp"},"content":{"rendered":"<div style=\"float: left;\"><img decoding=\"async\" class=\"alignnone wp-image-61973 size-full\" style=\"margin: 20px 20px;\" src=\"https:\/\/onedesk.com\/wp-content\/uploads\/2020\/01\/mailchimp.png\" alt=\"Integrar con Mailchimp\" width=\"84\" height=\"84\" srcset=\"https:\/\/onedesk.com\/wp-content\/uploads\/2020\/01\/mailchimp.png 84w, https:\/\/onedesk.com\/wp-content\/uploads\/2020\/01\/mailchimp-80x80.png 80w, https:\/\/onedesk.com\/wp-content\/uploads\/2020\/01\/mailchimp-40x40.png 40w, https:\/\/onedesk.com\/wp-content\/uploads\/2020\/01\/mailchimp-60x60.png 60w\" sizes=\"(max-width: 84px) 100vw, 84px\" \/><\/div>\n<h2>Conecta Mailchimp a tu cuenta de OneDesk<\/h2>\n<p>Capture autom\u00e1ticamente su<a href=\"https:\/\/onedesk.com\/videos\/creating-and-managing-customers-in-onedesk\/\"> clientes<\/a> en tus listas de contactos o suscriptores. Conecte el servicio de asistencia t\u00e9cnica y el software de gesti\u00f3n de proyectos de OneDesk a su cuenta de Mailchimp para facilitar la creaci\u00f3n de su lista de correo.<\/p>\n<h3>\u00bfQu\u00e9 te permite hacer la integraci\u00f3n de Mailchimp?<\/h3>\n<p>Con la integraci\u00f3n de Mailchimp habilitada, puede capturar autom\u00e1ticamente a sus clientes de OneDesk en sus listas de correo. Ahora, cada vez que obtenga un nuevo cliente en OneDesk, se agregar\u00e1 autom\u00e1ticamente a su lista seleccionada en Mailchimp. En OneDesk, se crean nuevos clientes cuando obtiene nuevos tickets, cuando los captura desde el chat en vivo, cuando los usuarios se registran en el portal del cliente o cuando los agrega manualmente. Nunca ha sido tan f\u00e1cil crear una lista de contactos.<\/p>\n<p>Integrar el servicio de asistencia t\u00e9cnica y el software de gesti\u00f3n de proyectos de OneDesk con su cuenta de Mailchimp es f\u00e1cil. Simplemente siga los pasos a continuaci\u00f3n o mire el video.<\/p>\n","protected":false},"excerpt":{"rendered":"<p>Conecta Mailchimp a tu cuenta de OneDesk Capture autom\u00e1ticamente su clientes en tus listas de contactos o suscriptores. Conecte el servicio de asistencia t\u00e9cnica y el software de gesti\u00f3n de proyectos de OneDesk a su cuenta de Mailchimp para facilitar la creaci\u00f3n de su lista de correo. \u00bfQu\u00e9 te permite hacer la integraci\u00f3n de Mailchimp? [&hellip;]<\/p>\n","protected":false},"author":1,"featured_media":0,"parent":61650,"menu_order":4,"comment_status":"closed","ping_status":"closed","template":"","meta":{"tpgb_global_settings":"","_crdt_document":"","inline_featured_image":false,"site-sidebar-layout":"default","site-content-layout":"","ast-site-content-layout":"default","site-content-style":"default","site-sidebar-style":"default","ast-global-header-display":"","ast-banner-title-visibility":"","ast-main-header-display":"","ast-hfb-above-header-display":"","ast-hfb-below-header-display":"","ast-hfb-mobile-header-display":"","site-post-title":"","ast-breadcrumbs-content":"","ast-featured-img":"","footer-sml-layout":"","ast-disable-related-posts":"","theme-transparent-header-meta":"","adv-header-id-meta":"","stick-header-meta":"","header-above-stick-meta":"","header-main-stick-meta":"","header-below-stick-meta":"","astra-migrate-meta-layouts":"default","ast-page-background-enabled":"default","ast-page-background-meta":{"desktop":{"background-color":"var(--ast-global-color-4)","background-image":"","background-repeat":"repeat","background-position":"center center","background-size":"auto","background-attachment":"scroll","background-type":"","background-media":"","overlay-type":"","overlay-color":"","overlay-opacity":"","overlay-gradient":""},"tablet":{"background-color":"","background-image":"","background-repeat":"repeat","background-position":"center center","background-size":"auto","background-attachment":"scroll","background-type":"","background-media":"","overlay-type":"","overlay-color":"","overlay-opacity":"","overlay-gradient":""},"mobile":{"background-color":"","background-image":"","background-repeat":"repeat","background-position":"center center","background-size":"auto","background-attachment":"scroll","background-type":"","background-media":"","overlay-type":"","overlay-color":"","overlay-opacity":"","overlay-gradient":""}},"ast-content-background-meta":{"desktop":{"background-color":"var(--ast-global-color-5)","background-image":"","background-repeat":"repeat","background-position":"center center","background-size":"auto","background-attachment":"scroll","background-type":"","background-media":"","overlay-type":"","overlay-color":"","overlay-opacity":"","overlay-gradient":""},"tablet":{"background-color":"var(--ast-global-color-5)","background-image":"","background-repeat":"repeat","background-position":"center center","background-size":"auto","background-attachment":"scroll","background-type":"","background-media":"","overlay-type":"","overlay-color":"","overlay-opacity":"","overlay-gradient":""},"mobile":{"background-color":"var(--ast-global-color-5)","background-image":"","background-repeat":"repeat","background-position":"center center","background-size":"auto","background-attachment":"scroll","background-type":"","background-media":"","overlay-type":"","overlay-color":"","overlay-opacity":"","overlay-gradient":""}},"footnotes":""},"class_list":["post-62015","page","type-page","status-publish","hentry"],"yoast_head":"<!-- This site is optimized with the Yoast SEO Premium plugin v27.2 (Yoast SEO v27.3) - https:\/\/yoast.com\/product\/yoast-seo-premium-wordpress\/ -->\n<title>Integraci\u00f3n de Mailchimp | Software de mesa de ayuda y gesti\u00f3n de proyectos<\/title>\n<meta name=\"description\" content=\"La integraci\u00f3n de Mailchimp est\u00e1 disponible para el software de gesti\u00f3n de proyectos y la mesa de ayuda de OneDesk. Conecte su cuenta para trabajar en sus proyectos de manera m\u00e1s eficiente.\" \/>\n<meta name=\"robots\" content=\"index, follow, max-snippet:-1, max-image-preview:large, max-video-preview:-1\" \/>\n<link rel=\"canonical\" href=\"https:\/\/onedesk.com\/es\/integrar-con-onedesk\/mailchimp\/\" \/>\n<meta property=\"og:locale\" content=\"es_ES\" \/>\n<meta property=\"og:type\" content=\"article\" \/>\n<meta property=\"og:title\" content=\"Integraci\u00f3n de Mailchimp | Software de mesa de ayuda y gesti\u00f3n de proyectos\" \/>\n<meta property=\"og:description\" content=\"La integraci\u00f3n de Mailchimp est\u00e1 disponible para el software de gesti\u00f3n de proyectos y la mesa de ayuda de OneDesk. Conecte su cuenta para trabajar en sus proyectos de manera m\u00e1s eficiente.\" \/>\n<meta property=\"og:url\" content=\"https:\/\/onedesk.com\/es\/integrar-con-onedesk\/mailchimp\/\" \/>\n<meta property=\"og:site_name\" content=\"Un escritorio\" \/>\n<meta property=\"article:publisher\" content=\"https:\/\/www.facebook.com\/OneDeskApp\" \/>\n<meta property=\"og:image\" content=\"https:\/\/onedesk.com\/wp-content\/uploads\/2020\/01\/mailchimp.png\" \/>\n<meta name=\"twitter:card\" content=\"summary_large_image\" \/>\n<meta name=\"twitter:site\" content=\"@OneDeskApp\" \/>\n<meta name=\"twitter:label1\" content=\"Est. reading time\" \/>\n\t<meta name=\"twitter:data1\" content=\"1 minute\" \/>\n<!-- \/ Yoast SEO Premium plugin. -->","yoast_head_json":{"title":"Integraci\u00f3n de Mailchimp | Software de mesa de ayuda y gesti\u00f3n de proyectos","description":"La integraci\u00f3n de Mailchimp est\u00e1 disponible para el software de gesti\u00f3n de proyectos y la mesa de ayuda de OneDesk. Conecte su cuenta para trabajar en sus proyectos de manera m\u00e1s eficiente.","robots":{"index":"index","follow":"follow","max-snippet":"max-snippet:-1","max-image-preview":"max-image-preview:large","max-video-preview":"max-video-preview:-1"},"canonical":"https:\/\/onedesk.com\/es\/integrar-con-onedesk\/mailchimp\/","og_locale":"es_ES","og_type":"article","og_title":"Integraci\u00f3n de Mailchimp | Software de mesa de ayuda y gesti\u00f3n de proyectos","og_description":"La integraci\u00f3n de Mailchimp est\u00e1 disponible para el software de gesti\u00f3n de proyectos y la mesa de ayuda de OneDesk. Conecte su cuenta para trabajar en sus proyectos de manera m\u00e1s eficiente.","og_url":"https:\/\/onedesk.com\/es\/integrar-con-onedesk\/mailchimp\/","og_site_name":"Un escritorio","article_publisher":"https:\/\/www.facebook.com\/OneDeskApp","og_image":[{"url":"https:\/\/onedesk.com\/wp-content\/uploads\/2020\/01\/mailchimp.png","type":"","width":"","height":""}],"twitter_card":"summary_large_image","twitter_site":"@OneDeskApp","twitter_misc":{"Est. reading time":"1 minute"},"schema":{"@context":"https:\/\/schema.org","@graph":[{"@type":"WebPage","@id":"https:\/\/onedesk.com\/es\/integrar-con-onedesk\/mailchimp\/","url":"https:\/\/onedesk.com\/es\/integrar-con-onedesk\/mailchimp\/","name":"Integraci\u00f3n de Mailchimp | Software de mesa de ayuda y gesti\u00f3n de proyectos","isPartOf":{"@id":"https:\/\/onedesk.com\/es\/#website"},"primaryImageOfPage":{"@id":"https:\/\/onedesk.com\/es\/integrar-con-onedesk\/mailchimp\/#primaryimage"},"image":{"@id":"https:\/\/onedesk.com\/es\/integrar-con-onedesk\/mailchimp\/#primaryimage"},"thumbnailUrl":"https:\/\/onedesk.com\/wp-content\/uploads\/2020\/01\/mailchimp.png","datePublished":"2021-03-08T21:04:42+00:00","description":"La integraci\u00f3n de Mailchimp est\u00e1 disponible para el software de gesti\u00f3n de proyectos y la mesa de ayuda de OneDesk. Conecte su cuenta para trabajar en sus proyectos de manera m\u00e1s eficiente.","breadcrumb":{"@id":"https:\/\/onedesk.com\/es\/integrar-con-onedesk\/mailchimp\/#breadcrumb"},"inLanguage":"es-ES","potentialAction":[{"@type":"ReadAction","target":["https:\/\/onedesk.com\/es\/integrar-con-onedesk\/mailchimp\/"]}]},{"@type":"ImageObject","inLanguage":"es-ES","@id":"https:\/\/onedesk.com\/es\/integrar-con-onedesk\/mailchimp\/#primaryimage","url":"https:\/\/onedesk.com\/wp-content\/uploads\/2020\/01\/mailchimp.png","contentUrl":"https:\/\/onedesk.com\/wp-content\/uploads\/2020\/01\/mailchimp.png"},{"@type":"BreadcrumbList","@id":"https:\/\/onedesk.com\/es\/integrar-con-onedesk\/mailchimp\/#breadcrumb","itemListElement":[{"@type":"ListItem","position":1,"name":"Integrar con OneDesk","item":"https:\/\/onedesk.com\/es\/integrar-con-onedesk\/"},{"@type":"ListItem","position":2,"name":"Mailchimp"}]},{"@type":"WebSite","@id":"https:\/\/onedesk.com\/es\/#website","url":"https:\/\/onedesk.com\/es\/","name":"Un escritorio","description":"Software de gesti\u00f3n de proyectos y asistencia t\u00e9cnica","publisher":{"@id":"https:\/\/onedesk.com\/es\/#organization"},"potentialAction":[{"@type":"SearchAction","target":{"@type":"EntryPoint","urlTemplate":"https:\/\/onedesk.com\/es\/?s={search_term_string}"},"query-input":{"@type":"PropertyValueSpecification","valueRequired":true,"valueName":"search_term_string"}}],"inLanguage":"es-ES"},{"@type":"Organization","@id":"https:\/\/onedesk.com\/es\/#organization","name":"Un escritorio","url":"https:\/\/onedesk.com\/es\/","logo":{"@type":"ImageObject","inLanguage":"es-ES","@id":"https:\/\/onedesk.com\/es\/#\/schema\/logo\/image\/","url":"https:\/\/onedesk.com\/wp-content\/uploads\/2016\/01\/white-logo-small.png","contentUrl":"https:\/\/onedesk.com\/wp-content\/uploads\/2016\/01\/white-logo-small.png","width":207,"height":40,"caption":"Un escritorio"},"image":{"@id":"https:\/\/onedesk.com\/es\/#\/schema\/logo\/image\/"},"sameAs":["https:\/\/www.facebook.com\/OneDeskApp","https:\/\/x.com\/OneDeskApp","https:\/\/www.instagram.com\/onedeskapp\/","https:\/\/www.linkedin.com\/company\/onedesk-inc-1","https:\/\/www.pinterest.com\/onedesk\/","https:\/\/www.youtube.com\/user\/OneDeskApp"]}]}},"tpgb_featured_images":null,"tpgb_post_meta_info":{"get_date":"March 8, 2021","get_modified_date":"March 8, 2021","author_name":"server.admin@onedesk.com","author_url":"https:\/\/onedesk.com\/es\/author\/server-adminonedesk-com\/","author_email":"server.admin@onedesk.com","author_website":"","author_description":"","author_facebook":"","author_twitter":"","author_instagram":"","author_role":["administrator"],"author_firstname":"","author_lastname":"","user_login":"server.admin@onedesk.com","author_avatar":"<img alt='' src='https:\/\/secure.gravatar.com\/avatar\/a37d6b270be81ecbf4ab9ca7260f2d1ee4d0295343706f0648e9d7a0d75243d3?s=200&#038;d=mm&#038;r=g' srcset='https:\/\/secure.gravatar.com\/avatar\/a37d6b270be81ecbf4ab9ca7260f2d1ee4d0295343706f0648e9d7a0d75243d3?s=400&#038;d=mm&#038;r=g 2x' class='avatar avatar-200 photo' height='200' width='200' decoding='async'\/>","author_avatar_url":"https:\/\/secure.gravatar.com\/avatar\/a37d6b270be81ecbf4ab9ca7260f2d1ee4d0295343706f0648e9d7a0d75243d3?s=96&d=mm&r=g","comment_count":0,"post_likes":0,"post_views":0},"tpgb_post_category":[],"jetpack_shortlink":"https:\/\/wp.me\/PfpPaI-g8f","amp_enabled":true,"_links":{"self":[{"href":"https:\/\/onedesk.com\/es\/wp-json\/wp\/v2\/pages\/62015","targetHints":{"allow":["GET"]}}],"collection":[{"href":"https:\/\/onedesk.com\/es\/wp-json\/wp\/v2\/pages"}],"about":[{"href":"https:\/\/onedesk.com\/es\/wp-json\/wp\/v2\/types\/page"}],"author":[{"embeddable":true,"href":"https:\/\/onedesk.com\/es\/wp-json\/wp\/v2\/users\/1"}],"replies":[{"embeddable":true,"href":"https:\/\/onedesk.com\/es\/wp-json\/wp\/v2\/comments?post=62015"}],"version-history":[{"count":0,"href":"https:\/\/onedesk.com\/es\/wp-json\/wp\/v2\/pages\/62015\/revisions"}],"up":[{"embeddable":true,"href":"https:\/\/onedesk.com\/es\/wp-json\/wp\/v2\/pages\/61650"}],"wp:attachment":[{"href":"https:\/\/onedesk.com\/es\/wp-json\/wp\/v2\/media?parent=62015"}],"curies":[{"name":"wp","href":"https:\/\/api.w.org\/{rel}","templated":true}]}}