{"id":62016,"date":"2021-03-08T21:04:43","date_gmt":"2021-03-08T21:04:43","guid":{"rendered":"https:\/\/onedesk.com\/integrar-con-onedesk\/flojo\/"},"modified":"2021-03-08T21:13:09","modified_gmt":"2021-03-08T21:13:09","slug":"slack","status":"publish","type":"page","link":"https:\/\/onedesk.com\/es\/integrar-con-onedesk\/slack\/","title":{"rendered":"Slack"},"content":{"rendered":"<div style=\"float: left;\"><img decoding=\"async\" class=\"alignnone wp-image-61978 size-full\" style=\"margin: 20px 20px;\" src=\"https:\/\/onedesk.com\/wp-content\/uploads\/2020\/01\/slack.png\" alt=\"Slack Integration\" width=\"84\" height=\"84\" srcset=\"https:\/\/onedesk.com\/wp-content\/uploads\/2020\/01\/slack.png 84w, https:\/\/onedesk.com\/wp-content\/uploads\/2020\/01\/slack-80x80.png 80w, https:\/\/onedesk.com\/wp-content\/uploads\/2020\/01\/slack-40x40.png 40w, https:\/\/onedesk.com\/wp-content\/uploads\/2020\/01\/slack-60x60.png 60w\" sizes=\"(max-width: 84px) 100vw, 84px\" \/><\/div>\n<h2>Conecte Slack a su cuenta de OneDesk<\/h2>\n<p>Crea tickets y tareas directamente desde Slack. Conecte el servicio de asistencia t\u00e9cnica y el software de gesti\u00f3n de proyectos de OneDesk a su cuenta de Slack para simplificar<a href=\"https:\/\/onedesk.com\/videos\/creating-tickets-and-tasks-in-onedesk\/\"> crear nuevos tickets y tareas<\/a> sin salir de Slack.<\/p>\n<h3>\u00bfQu\u00e9 te permite hacer la integraci\u00f3n de Slack?<\/h3>\n<p>Con la integraci\u00f3n de Slack habilitada, puede crear r\u00e1pida y f\u00e1cilmente nuevos tickets y tareas sin salir de su canal de Slack. Mantenerse al tanto de los nuevos tickets y las tareas pendientes no tiene por qu\u00e9 ser dif\u00edcil. Simplemente publique un mensaje en su canal para crear autom\u00e1ticamente un ticket o una tarea en OneDesk. Despu\u00e9s de eso, deje que el motor de automatizaci\u00f3n de OneDesk se encargue de asignarlo o moverlo al proyecto apropiado.<\/p>\n<p>Visite el sitio web de Slack para instalar el<a href=\"https:\/\/slack.com\/apps\/ASJJS2XT5-onedesk\"> Software de asistencia t\u00e9cnica y gesti\u00f3n de proyectos OneDesk para Slack<\/a> .<\/p>\n<p>Integrar el software de gesti\u00f3n de proyectos y el servicio de asistencia t\u00e9cnica de OneDesk con su cuenta de Slack es f\u00e1cil. Simplemente siga los pasos a continuaci\u00f3n o mire el video.<\/p>\n<p><iframe src=\"https:\/\/www.youtube.com\/embed\/jPIXcXaaSTU\" width=\"560\" height=\"315\" frameborder=\"0\" allowfullscreen=\"allowfullscreen\"><\/iframe><\/p>\n","protected":false},"excerpt":{"rendered":"<p>Conecte Slack a su cuenta de OneDesk Crea tickets y tareas directamente desde Slack. Conecte el servicio de asistencia t\u00e9cnica y el software de gesti\u00f3n de proyectos de OneDesk a su cuenta de Slack para simplificar crear nuevos tickets y tareas sin salir de Slack. \u00bfQu\u00e9 te permite hacer la integraci\u00f3n de Slack? Con la [&hellip;]<\/p>\n","protected":false},"author":1,"featured_media":0,"parent":61650,"menu_order":7,"comment_status":"closed","ping_status":"closed","template":"","meta":{"tpgb_global_settings":"","_crdt_document":"","inline_featured_image":false,"site-sidebar-layout":"default","site-content-layout":"","ast-site-content-layout":"default","site-content-style":"default","site-sidebar-style":"default","ast-global-header-display":"","ast-banner-title-visibility":"","ast-main-header-display":"","ast-hfb-above-header-display":"","ast-hfb-below-header-display":"","ast-hfb-mobile-header-display":"","site-post-title":"","ast-breadcrumbs-content":"","ast-featured-img":"","footer-sml-layout":"","ast-disable-related-posts":"","theme-transparent-header-meta":"","adv-header-id-meta":"","stick-header-meta":"","header-above-stick-meta":"","header-main-stick-meta":"","header-below-stick-meta":"","astra-migrate-meta-layouts":"default","ast-page-background-enabled":"default","ast-page-background-meta":{"desktop":{"background-color":"var(--ast-global-color-4)","background-image":"","background-repeat":"repeat","background-position":"center center","background-size":"auto","background-attachment":"scroll","background-type":"","background-media":"","overlay-type":"","overlay-color":"","overlay-opacity":"","overlay-gradient":""},"tablet":{"background-color":"","background-image":"","background-repeat":"repeat","background-position":"center center","background-size":"auto","background-attachment":"scroll","background-type":"","background-media":"","overlay-type":"","overlay-color":"","overlay-opacity":"","overlay-gradient":""},"mobile":{"background-color":"","background-image":"","background-repeat":"repeat","background-position":"center center","background-size":"auto","background-attachment":"scroll","background-type":"","background-media":"","overlay-type":"","overlay-color":"","overlay-opacity":"","overlay-gradient":""}},"ast-content-background-meta":{"desktop":{"background-color":"var(--ast-global-color-5)","background-image":"","background-repeat":"repeat","background-position":"center center","background-size":"auto","background-attachment":"scroll","background-type":"","background-media":"","overlay-type":"","overlay-color":"","overlay-opacity":"","overlay-gradient":""},"tablet":{"background-color":"var(--ast-global-color-5)","background-image":"","background-repeat":"repeat","background-position":"center center","background-size":"auto","background-attachment":"scroll","background-type":"","background-media":"","overlay-type":"","overlay-color":"","overlay-opacity":"","overlay-gradient":""},"mobile":{"background-color":"var(--ast-global-color-5)","background-image":"","background-repeat":"repeat","background-position":"center center","background-size":"auto","background-attachment":"scroll","background-type":"","background-media":"","overlay-type":"","overlay-color":"","overlay-opacity":"","overlay-gradient":""}},"footnotes":""},"class_list":["post-62016","page","type-page","status-publish","hentry"],"yoast_head":"<!-- This site is optimized with the Yoast SEO Premium plugin v27.3 (Yoast SEO v27.3) - https:\/\/yoast.com\/product\/yoast-seo-premium-wordpress\/ -->\n<title>Integraci\u00f3n Slack | Software de mesa de ayuda y gesti\u00f3n de proyectos | Un escritorio<\/title>\n<meta name=\"description\" content=\"La integraci\u00f3n de Slack est\u00e1 disponible para el software de gesti\u00f3n de proyectos y la mesa de ayuda de OneDesk. Conecte su cuenta para colaborar con su equipo de manera m\u00e1s eficiente.\" \/>\n<meta name=\"robots\" content=\"index, follow, max-snippet:-1, max-image-preview:large, max-video-preview:-1\" \/>\n<link rel=\"canonical\" href=\"https:\/\/onedesk.com\/es\/integrar-con-onedesk\/slack\/\" \/>\n<meta property=\"og:locale\" content=\"es_ES\" \/>\n<meta property=\"og:type\" content=\"article\" \/>\n<meta property=\"og:title\" content=\"Integraci\u00f3n Slack | Software de mesa de ayuda y gesti\u00f3n de proyectos | Un escritorio\" \/>\n<meta property=\"og:description\" content=\"La integraci\u00f3n de Slack est\u00e1 disponible para el software de gesti\u00f3n de proyectos y la mesa de ayuda de OneDesk. Conecte su cuenta para colaborar con su equipo de manera m\u00e1s eficiente.\" \/>\n<meta property=\"og:url\" content=\"https:\/\/onedesk.com\/es\/integrar-con-onedesk\/slack\/\" \/>\n<meta property=\"og:site_name\" content=\"Un escritorio\" \/>\n<meta property=\"article:publisher\" content=\"https:\/\/www.facebook.com\/OneDeskApp\" \/>\n<meta property=\"article:modified_time\" content=\"2021-03-08T21:13:09+00:00\" \/>\n<meta property=\"og:image\" content=\"https:\/\/onedesk.com\/wp-content\/uploads\/2020\/01\/slack.png\" \/>\n<meta name=\"twitter:card\" content=\"summary_large_image\" \/>\n<meta name=\"twitter:site\" content=\"@OneDeskApp\" \/>\n<meta name=\"twitter:label1\" content=\"Est. reading time\" \/>\n\t<meta name=\"twitter:data1\" content=\"1 minute\" \/>\n<!-- \/ Yoast SEO Premium plugin. -->","yoast_head_json":{"title":"Integraci\u00f3n Slack | Software de mesa de ayuda y gesti\u00f3n de proyectos | Un escritorio","description":"La integraci\u00f3n de Slack est\u00e1 disponible para el software de gesti\u00f3n de proyectos y la mesa de ayuda de OneDesk. Conecte su cuenta para colaborar con su equipo de manera m\u00e1s eficiente.","robots":{"index":"index","follow":"follow","max-snippet":"max-snippet:-1","max-image-preview":"max-image-preview:large","max-video-preview":"max-video-preview:-1"},"canonical":"https:\/\/onedesk.com\/es\/integrar-con-onedesk\/slack\/","og_locale":"es_ES","og_type":"article","og_title":"Integraci\u00f3n Slack | Software de mesa de ayuda y gesti\u00f3n de proyectos | Un escritorio","og_description":"La integraci\u00f3n de Slack est\u00e1 disponible para el software de gesti\u00f3n de proyectos y la mesa de ayuda de OneDesk. Conecte su cuenta para colaborar con su equipo de manera m\u00e1s eficiente.","og_url":"https:\/\/onedesk.com\/es\/integrar-con-onedesk\/slack\/","og_site_name":"Un escritorio","article_publisher":"https:\/\/www.facebook.com\/OneDeskApp","article_modified_time":"2021-03-08T21:13:09+00:00","og_image":[{"url":"https:\/\/onedesk.com\/wp-content\/uploads\/2020\/01\/slack.png","type":"","width":"","height":""}],"twitter_card":"summary_large_image","twitter_site":"@OneDeskApp","twitter_misc":{"Est. reading time":"1 minute"},"schema":{"@context":"https:\/\/schema.org","@graph":[{"@type":"WebPage","@id":"https:\/\/onedesk.com\/es\/integrar-con-onedesk\/slack\/","url":"https:\/\/onedesk.com\/es\/integrar-con-onedesk\/slack\/","name":"Integraci\u00f3n Slack | Software de mesa de ayuda y gesti\u00f3n de proyectos | Un escritorio","isPartOf":{"@id":"https:\/\/onedesk.com\/es\/#website"},"primaryImageOfPage":{"@id":"https:\/\/onedesk.com\/es\/integrar-con-onedesk\/slack\/#primaryimage"},"image":{"@id":"https:\/\/onedesk.com\/es\/integrar-con-onedesk\/slack\/#primaryimage"},"thumbnailUrl":"https:\/\/onedesk.com\/wp-content\/uploads\/2020\/01\/slack.png","datePublished":"2021-03-08T21:04:43+00:00","dateModified":"2021-03-08T21:13:09+00:00","description":"La integraci\u00f3n de Slack est\u00e1 disponible para el software de gesti\u00f3n de proyectos y la mesa de ayuda de OneDesk. Conecte su cuenta para colaborar con su equipo de manera m\u00e1s eficiente.","breadcrumb":{"@id":"https:\/\/onedesk.com\/es\/integrar-con-onedesk\/slack\/#breadcrumb"},"inLanguage":"es-ES","potentialAction":[{"@type":"ReadAction","target":["https:\/\/onedesk.com\/es\/integrar-con-onedesk\/slack\/"]}]},{"@type":"ImageObject","inLanguage":"es-ES","@id":"https:\/\/onedesk.com\/es\/integrar-con-onedesk\/slack\/#primaryimage","url":"https:\/\/onedesk.com\/wp-content\/uploads\/2020\/01\/slack.png","contentUrl":"https:\/\/onedesk.com\/wp-content\/uploads\/2020\/01\/slack.png"},{"@type":"BreadcrumbList","@id":"https:\/\/onedesk.com\/es\/integrar-con-onedesk\/slack\/#breadcrumb","itemListElement":[{"@type":"ListItem","position":1,"name":"Integrar con OneDesk","item":"https:\/\/onedesk.com\/es\/integrar-con-onedesk\/"},{"@type":"ListItem","position":2,"name":"Slack"}]},{"@type":"WebSite","@id":"https:\/\/onedesk.com\/es\/#website","url":"https:\/\/onedesk.com\/es\/","name":"Un escritorio","description":"Software de gesti\u00f3n de proyectos y asistencia t\u00e9cnica","publisher":{"@id":"https:\/\/onedesk.com\/es\/#organization"},"potentialAction":[{"@type":"SearchAction","target":{"@type":"EntryPoint","urlTemplate":"https:\/\/onedesk.com\/es\/?s={search_term_string}"},"query-input":{"@type":"PropertyValueSpecification","valueRequired":true,"valueName":"search_term_string"}}],"inLanguage":"es-ES"},{"@type":"Organization","@id":"https:\/\/onedesk.com\/es\/#organization","name":"Un escritorio","url":"https:\/\/onedesk.com\/es\/","logo":{"@type":"ImageObject","inLanguage":"es-ES","@id":"https:\/\/onedesk.com\/es\/#\/schema\/logo\/image\/","url":"https:\/\/onedesk.com\/wp-content\/uploads\/2016\/01\/white-logo-small.png","contentUrl":"https:\/\/onedesk.com\/wp-content\/uploads\/2016\/01\/white-logo-small.png","width":207,"height":40,"caption":"Un escritorio"},"image":{"@id":"https:\/\/onedesk.com\/es\/#\/schema\/logo\/image\/"},"sameAs":["https:\/\/www.facebook.com\/OneDeskApp","https:\/\/x.com\/OneDeskApp","https:\/\/www.instagram.com\/onedeskapp\/","https:\/\/www.linkedin.com\/company\/onedesk-inc-1","https:\/\/www.pinterest.com\/onedesk\/","https:\/\/www.youtube.com\/user\/OneDeskApp"]}]}},"tpgb_featured_images":null,"tpgb_post_meta_info":{"get_date":"March 8, 2021","get_modified_date":"March 8, 2021","author_name":"server.admin@onedesk.com","author_url":"https:\/\/onedesk.com\/es\/author\/server-adminonedesk-com\/","author_email":"server.admin@onedesk.com","author_website":"","author_description":"","author_facebook":"","author_twitter":"","author_instagram":"","author_role":["administrator"],"author_firstname":"","author_lastname":"","user_login":"server.admin@onedesk.com","author_avatar":"<img alt='' src='https:\/\/secure.gravatar.com\/avatar\/a37d6b270be81ecbf4ab9ca7260f2d1ee4d0295343706f0648e9d7a0d75243d3?s=200&#038;d=mm&#038;r=g' srcset='https:\/\/secure.gravatar.com\/avatar\/a37d6b270be81ecbf4ab9ca7260f2d1ee4d0295343706f0648e9d7a0d75243d3?s=400&#038;d=mm&#038;r=g 2x' class='avatar avatar-200 photo' height='200' width='200' decoding='async'\/>","author_avatar_url":"https:\/\/secure.gravatar.com\/avatar\/a37d6b270be81ecbf4ab9ca7260f2d1ee4d0295343706f0648e9d7a0d75243d3?s=96&d=mm&r=g","comment_count":0,"post_likes":0,"post_views":0},"tpgb_post_category":[],"jetpack_shortlink":"https:\/\/wp.me\/PfpPaI-g8g","amp_enabled":true,"_links":{"self":[{"href":"https:\/\/onedesk.com\/es\/wp-json\/wp\/v2\/pages\/62016","targetHints":{"allow":["GET"]}}],"collection":[{"href":"https:\/\/onedesk.com\/es\/wp-json\/wp\/v2\/pages"}],"about":[{"href":"https:\/\/onedesk.com\/es\/wp-json\/wp\/v2\/types\/page"}],"author":[{"embeddable":true,"href":"https:\/\/onedesk.com\/es\/wp-json\/wp\/v2\/users\/1"}],"replies":[{"embeddable":true,"href":"https:\/\/onedesk.com\/es\/wp-json\/wp\/v2\/comments?post=62016"}],"version-history":[{"count":1,"href":"https:\/\/onedesk.com\/es\/wp-json\/wp\/v2\/pages\/62016\/revisions"}],"predecessor-version":[{"id":62039,"href":"https:\/\/onedesk.com\/es\/wp-json\/wp\/v2\/pages\/62016\/revisions\/62039"}],"up":[{"embeddable":true,"href":"https:\/\/onedesk.com\/es\/wp-json\/wp\/v2\/pages\/61650"}],"wp:attachment":[{"href":"https:\/\/onedesk.com\/es\/wp-json\/wp\/v2\/media?parent=62016"}],"curies":[{"name":"wp","href":"https:\/\/api.w.org\/{rel}","templated":true}]}}