{"id":62017,"date":"2021-03-08T21:04:45","date_gmt":"2021-03-08T21:04:45","guid":{"rendered":"https:\/\/onedesk.com\/integrar-con-onedesk\/zapier\/"},"modified":"2021-03-08T21:04:45","modified_gmt":"2021-03-08T21:04:45","slug":"zapier","status":"publish","type":"page","link":"https:\/\/onedesk.com\/es\/integrar-con-onedesk\/zapier\/","title":{"rendered":"Zapier"},"content":{"rendered":"<div style=\"float: left;\"><img decoding=\"async\" class=\"aligncenter size-full wp-image-46284\" style=\"margin: 20px 20px;\" src=\"https:\/\/onedesk.com\/wp-content\/uploads\/2020\/01\/zapier2.png\" alt=\"Zapier integration\" width=\"84\" height=\"84\"><\/div>\n<h2>Conecte OneDesk a cientos de aplicaciones diferentes mediante la integraci\u00f3n de Zapier<\/h2>\n<p>Con nuestra integraci\u00f3n de Zapier, puede conectar OneDesk a cientos de aplicaciones web usando Zapier. Las conexiones automatizadas llamadas &#8220;Zaps&#8221;, configuradas en minutos sin codificaci\u00f3n, pueden automatizar sus tareas diarias y crear flujos de trabajo entre aplicaciones que de otro modo no ser\u00edan posibles.<\/p>\n<p>Cada Zap tiene una aplicaci\u00f3n como &#8220;Activador&#8221;, de donde proviene su informaci\u00f3n y que causa una o m\u00e1s &#8220;Acciones&#8221; en otras aplicaciones, donde sus datos se env\u00edan autom\u00e1ticamente. Necesitaras<a href=\"https:\/\/zapier.com\/zapbook\/onedesk\/\" target=\"_blank\" rel=\"noopener noreferrer\"> Reg\u00edstrese para obtener una cuenta gratuita de Zapier<\/a> .<\/p>\n<p>Luego use las integraciones creadas previamente (zaps) a continuaci\u00f3n, o puede crear las suyas propias.<\/p>\n<p>Podemos ayudarlo a configurar una integraci\u00f3n de zapier para usted,<a href=\"mailto: hello@onedesk.com\"> solo pregunta<\/a> .<\/p>\n<p>&nbsp;<\/p>\n<h3>Personalice sus formularios de entradas<\/h3>\n<p>Utilice otra aplicaci\u00f3n para crear un formulario de env\u00edo de tickets personalizado para enviar tickets a OneDesk.<\/p>\n<div><script type=\"text\/javascript\" src=\"https:\/\/zapier.com\/zapbook\/embed\/widget.js?guided_zaps=19058,19057,51479\"><\/script><\/div>\n<h3>Conectarse a otra aplicaci\u00f3n Helpdesk<\/h3>\n<p>Conecte OneDesk a otro Helpdesk y env\u00ede sus tickets a las tareas, problemas y funciones de OneDesk.<\/p>\n<div><script type=\"text\/javascript\" src=\"https:\/\/zapier.com\/zapbook\/embed\/widget.js?guided_zaps=16012,15995,19049,19053\"><\/script><\/div>\n<h3>Conectarse a otra aplicaci\u00f3n de gesti\u00f3n de proyectos<\/h3>\n<p>Conecte OneDesk a otra aplicaci\u00f3n de gesti\u00f3n de proyectos para sincronizar sus tareas, tickets y problemas con OneDesk.<\/p>\n<div><script type=\"text\/javascript\" src=\"https:\/\/zapier.com\/zapbook\/embed\/widget.js?guided_zaps=15996,16011,16013,15732,16016,16017,50925\"><\/script><\/div>\n<h3>Con\u00e9ctese a una aplicaci\u00f3n CRM<\/h3>\n<p>Conecte OneDesk a su CRM y env\u00ede tickets, casos y problemas de su equipo de ventas a OneDesk.<\/p>\n<div><script type=\"text\/javascript\" src=\"https:\/\/zapier.com\/zapbook\/embed\/widget.js?guided_zaps=16020,16019,16018,51497,51500,51522,51991\"><\/script><\/div>\n<h3>Conectarse a una aplicaci\u00f3n de control de c\u00f3digo fuente<\/h3>\n<p>Si sus problemas residen en una aplicaci\u00f3n de control de fuente, sincron\u00edcelos con las tareas, problemas, \u00e9picas e historias de usuarios de OneDesk.<\/p>\n<div><script type=\"text\/javascript\" src=\"https:\/\/zapier.com\/zapbook\/embed\/widget.js?guided_zaps=18952,16016,16017\"><\/script><\/div>\n<h3>Conectarse a una aplicaci\u00f3n de facturaci\u00f3n o facturaci\u00f3n<\/h3>\n<p>Empujar<a href=\"https:\/\/onedesk.com\/videos\/timesheets-and-task-timers\/\"> Hojas de horas<\/a> desde OneDesk a sus aplicaciones de facturaci\u00f3n y facturaci\u00f3n, para automatizar este paso.<\/p>\n<div style=\"border-radius: 3px; background: #ffffff; border: 1px solid #DADFE2; margin-bottom: 1em; padding: 1em;\">\n<div style=\"display: table; overflow: auto; table-layout: fixed; width: 100%;\">\n<div style=\"display: table-cell; vertical-align: middle; width: 165px;\">\n<div style=\"background-image: url('https:\/\/onedesk.com\/wp-content\/uploads\/2016\/01\/OD2.png'); border-radius: 4px; display: inline-block; vertical-align: middle; height: 36px; width: 65px; background-repeat: no-repeat; background-position: center;\"><\/div>\n<div style=\"background-image: url('https:\/\/onedesk.com\/wp-content\/uploads\/2016\/01\/invoiceberry.png'); border: 1px solid #DADFE2; border-radius: 4px; display: inline-block; vertical-align: middle; height: 36px; width: 36px; background-repeat: no-repeat; background-position: center; background-size: 26px 26px;\"><\/div>\n<\/div>\n<div style=\"text-align: center; color: #354147; display: table-cell; font-size: 1.1em; padding: 0 1em; vertical-align: middle;\">Conecte InvoiceBerry a OneDesk<\/div>\n<p><a style=\"background: #25aed8; border-radius: 3px; border: none; color: #fff; cursor: pointer; display: inline-block; font-size: 0.9em; margin: 0; overflow: hidden; padding: 0.9em 2em; text-decoration: none; white-space: nowrap; vertical-align: middle; box-shadow: none;\" href=\"https:\/\/www.invoiceberry.com\">Visitar InvoiceBerry<\/a><\/p>\n<\/div>\n<\/div>\n<div><script type=\"text\/javascript\" src=\"https:\/\/zapier.com\/zapbook\/embed\/widget.js?guided_zaps=19083,19077,50926,51351,51441,50672,50988,51594,51488,50743\"><\/script><\/div>\n<h3>Conectarse a una aplicaci\u00f3n de calendario o de Office<\/h3>\n<p>Hay muchas formas de conectar aplicaciones de oficina a OneDesk. Aqu\u00ed hay algunos.<\/p>\n<div><script type=\"text\/javascript\" src=\"https:\/\/zapier.com\/zapbook\/embed\/widget.js?guided_zaps=16021,19064,16022,16023,51492\"><\/script><\/div>\n<h3>Con\u00e9ctese a aplicaciones de colaboraci\u00f3n y redes sociales<\/h3>\n<p>Capture comentarios de las redes sociales. Cree elementos en OneDesk directamente desde sus aplicaciones de colaboraci\u00f3n.<\/p>\n<div><script type=\"text\/javascript\" src=\"https:\/\/zapier.com\/zapbook\/embed\/widget.js?guided_zaps=15668,16015,16014,50715,50706\"><\/script><\/div>\n<h3>\u00bfC\u00f3mo conecto OneDesk a Zapier?<\/h3>\n<p>1 &#8211; Inicie sesi\u00f3n en su<a href=\"https:\/\/zapier.com\/zapbook\/onedesk\/\" target=\"_blank\" rel=\"noopener noreferrer\"> Cuenta Zapier<\/a> o cree una nueva cuenta.<br \/>\n2 &#8211; Vaya a &#8220;Mis aplicaciones&#8221; desde la barra de men\u00fa superior.<br \/>\n3 &#8211; Ahora haga clic en &#8220;Conectar una nueva cuenta&#8221; y busque &#8220;OneDesk&#8221;<br \/>\n4 &#8211; Utilice sus credenciales para conectar su cuenta de OneDesk a Zapier.<br \/>\n5 &#8211; Una vez hecho esto, \u00a1puede comenzar a crear una automatizaci\u00f3n! Utilice un Zap prefabricado o cree uno propio con el Editor de Zap. La creaci\u00f3n de un Zap no requiere conocimientos de codificaci\u00f3n y se le guiar\u00e1 paso a paso a trav\u00e9s de la configuraci\u00f3n. Si necesitas ayuda<a href=\"mailto: hello@onedesk.com\"> preguntanos<\/a> . Estamos aqu\u00ed para ayudar.<br \/>\n6 &#8211; \u00bfNecesita inspiraci\u00f3n sobre c\u00f3mo utilizar nuestra integraci\u00f3n Zapier? Vea todo lo que es posible con<a href=\"https:\/\/zapier.com\/zapbook\/onedesk\/\" target=\"_blank\" rel=\"noopener noreferrer\"> OneDesk y Zapier<\/a> .<\/p>\n<p>&nbsp;<\/p>\n<h3>Vea un video sobre el uso de nuestros Zaps predise\u00f1ados<\/h3>\n<p><iframe src=\"https:\/\/www.youtube.com\/embed\/SXWr0XBzFi0?rel=0\" width=\"560\" height=\"315\" frameborder=\"0\" allowfullscreen=\"allowfullscreen\"><\/iframe><\/p>\n<h3>Mire un video que le muestra c\u00f3mo crear su propio Zap<\/h3>\n<p><iframe src=\"https:\/\/www.youtube.com\/embed\/FQUJRI9CBoo?rel=0\" width=\"560\" height=\"315\" frameborder=\"0\" allowfullscreen=\"allowfullscreen\"><\/iframe><\/p>\n","protected":false},"excerpt":{"rendered":"<p>Conecte OneDesk a cientos de aplicaciones diferentes mediante la integraci\u00f3n de Zapier Con nuestra integraci\u00f3n de Zapier, puede conectar OneDesk a cientos de aplicaciones web usando Zapier. Las conexiones automatizadas llamadas &#8220;Zaps&#8221;, configuradas en minutos sin codificaci\u00f3n, pueden automatizar sus tareas diarias y crear flujos de trabajo entre aplicaciones que de otro modo no ser\u00edan [&hellip;]<\/p>\n","protected":false},"author":1,"featured_media":0,"parent":61650,"menu_order":9,"comment_status":"closed","ping_status":"closed","template":"","meta":{"tpgb_global_settings":"","_crdt_document":"","inline_featured_image":false,"site-sidebar-layout":"default","site-content-layout":"","ast-site-content-layout":"default","site-content-style":"default","site-sidebar-style":"default","ast-global-header-display":"","ast-banner-title-visibility":"","ast-main-header-display":"","ast-hfb-above-header-display":"","ast-hfb-below-header-display":"","ast-hfb-mobile-header-display":"","site-post-title":"","ast-breadcrumbs-content":"","ast-featured-img":"","footer-sml-layout":"","ast-disable-related-posts":"","theme-transparent-header-meta":"","adv-header-id-meta":"","stick-header-meta":"","header-above-stick-meta":"","header-main-stick-meta":"","header-below-stick-meta":"","astra-migrate-meta-layouts":"default","ast-page-background-enabled":"default","ast-page-background-meta":{"desktop":{"background-color":"var(--ast-global-color-4)","background-image":"","background-repeat":"repeat","background-position":"center center","background-size":"auto","background-attachment":"scroll","background-type":"","background-media":"","overlay-type":"","overlay-color":"","overlay-opacity":"","overlay-gradient":""},"tablet":{"background-color":"","background-image":"","background-repeat":"repeat","background-position":"center center","background-size":"auto","background-attachment":"scroll","background-type":"","background-media":"","overlay-type":"","overlay-color":"","overlay-opacity":"","overlay-gradient":""},"mobile":{"background-color":"","background-image":"","background-repeat":"repeat","background-position":"center center","background-size":"auto","background-attachment":"scroll","background-type":"","background-media":"","overlay-type":"","overlay-color":"","overlay-opacity":"","overlay-gradient":""}},"ast-content-background-meta":{"desktop":{"background-color":"var(--ast-global-color-5)","background-image":"","background-repeat":"repeat","background-position":"center center","background-size":"auto","background-attachment":"scroll","background-type":"","background-media":"","overlay-type":"","overlay-color":"","overlay-opacity":"","overlay-gradient":""},"tablet":{"background-color":"var(--ast-global-color-5)","background-image":"","background-repeat":"repeat","background-position":"center center","background-size":"auto","background-attachment":"scroll","background-type":"","background-media":"","overlay-type":"","overlay-color":"","overlay-opacity":"","overlay-gradient":""},"mobile":{"background-color":"var(--ast-global-color-5)","background-image":"","background-repeat":"repeat","background-position":"center center","background-size":"auto","background-attachment":"scroll","background-type":"","background-media":"","overlay-type":"","overlay-color":"","overlay-opacity":"","overlay-gradient":""}},"footnotes":""},"class_list":["post-62017","page","type-page","status-publish","hentry"],"yoast_head":"<!-- This site is optimized with the Yoast SEO Premium plugin v27.5 (Yoast SEO v27.5) - https:\/\/yoast.com\/product\/yoast-seo-premium-wordpress\/ -->\n<title>Integraci\u00f3n Zapier | Software de mesa de ayuda y gesti\u00f3n de proyectos | Un escritorio<\/title>\n<meta name=\"description\" content=\"La integraci\u00f3n de Zapier est\u00e1 disponible para el software de gesti\u00f3n de proyectos y la mesa de ayuda de OneDesk. Conecte su cuenta para trabajar en sus proyectos de manera m\u00e1s eficiente.\" \/>\n<meta name=\"robots\" content=\"index, follow, max-snippet:-1, max-image-preview:large, max-video-preview:-1\" \/>\n<link rel=\"canonical\" href=\"https:\/\/onedesk.com\/es\/integrar-con-onedesk\/zapier\/\" \/>\n<meta property=\"og:locale\" content=\"es_ES\" \/>\n<meta property=\"og:type\" content=\"article\" \/>\n<meta property=\"og:title\" content=\"Integre sus aplicaciones con OneDesk\" \/>\n<meta property=\"og:description\" content=\"Nuestras integraciones le permiten conectar sus herramientas con OneDesk para tener una soluci\u00f3n integrada para la gesti\u00f3n de proyectos, gesti\u00f3n de productos y servicio al cliente.\" \/>\n<meta property=\"og:url\" content=\"https:\/\/onedesk.com\/es\/integrar-con-onedesk\/zapier\/\" \/>\n<meta property=\"og:site_name\" content=\"Un escritorio\" \/>\n<meta property=\"article:publisher\" content=\"https:\/\/www.facebook.com\/OneDeskApp\" \/>\n<meta property=\"og:image\" content=\"https:\/\/onedesk.com\/wp-content\/uploads\/2020\/01\/zapier2.png\" \/>\n<meta name=\"twitter:card\" content=\"summary_large_image\" \/>\n<meta name=\"twitter:title\" content=\"Integre sus aplicaciones con OneDesk\" \/>\n<meta name=\"twitter:description\" content=\"Nuestras integraciones le permiten conectar sus herramientas con OneDesk para tener una soluci\u00f3n integrada para la gesti\u00f3n de proyectos, gesti\u00f3n de productos y servicio al cliente.\" \/>\n<meta name=\"twitter:site\" content=\"@OneDeskApp\" \/>\n<meta name=\"twitter:label1\" content=\"Est. reading time\" \/>\n\t<meta name=\"twitter:data1\" content=\"3 minutes\" \/>\n<!-- \/ Yoast SEO Premium plugin. -->","yoast_head_json":{"title":"Integraci\u00f3n Zapier | Software de mesa de ayuda y gesti\u00f3n de proyectos | Un escritorio","description":"La integraci\u00f3n de Zapier est\u00e1 disponible para el software de gesti\u00f3n de proyectos y la mesa de ayuda de OneDesk. Conecte su cuenta para trabajar en sus proyectos de manera m\u00e1s eficiente.","robots":{"index":"index","follow":"follow","max-snippet":"max-snippet:-1","max-image-preview":"max-image-preview:large","max-video-preview":"max-video-preview:-1"},"canonical":"https:\/\/onedesk.com\/es\/integrar-con-onedesk\/zapier\/","og_locale":"es_ES","og_type":"article","og_title":"Integre sus aplicaciones con OneDesk","og_description":"Nuestras integraciones le permiten conectar sus herramientas con OneDesk para tener una soluci\u00f3n integrada para la gesti\u00f3n de proyectos, gesti\u00f3n de productos y servicio al cliente.","og_url":"https:\/\/onedesk.com\/es\/integrar-con-onedesk\/zapier\/","og_site_name":"Un escritorio","article_publisher":"https:\/\/www.facebook.com\/OneDeskApp","og_image":[{"url":"https:\/\/onedesk.com\/wp-content\/uploads\/2020\/01\/zapier2.png","type":"","width":"","height":""}],"twitter_card":"summary_large_image","twitter_title":"Integre sus aplicaciones con OneDesk","twitter_description":"Nuestras integraciones le permiten conectar sus herramientas con OneDesk para tener una soluci\u00f3n integrada para la gesti\u00f3n de proyectos, gesti\u00f3n de productos y servicio al cliente.","twitter_site":"@OneDeskApp","twitter_misc":{"Est. reading time":"3 minutes"},"schema":{"@context":"https:\/\/schema.org","@graph":[{"@type":"WebPage","@id":"https:\/\/onedesk.com\/es\/integrar-con-onedesk\/zapier\/","url":"https:\/\/onedesk.com\/es\/integrar-con-onedesk\/zapier\/","name":"Integraci\u00f3n Zapier | Software de mesa de ayuda y gesti\u00f3n de proyectos | Un escritorio","isPartOf":{"@id":"https:\/\/onedesk.com\/es\/#website"},"primaryImageOfPage":{"@id":"https:\/\/onedesk.com\/es\/integrar-con-onedesk\/zapier\/#primaryimage"},"image":{"@id":"https:\/\/onedesk.com\/es\/integrar-con-onedesk\/zapier\/#primaryimage"},"thumbnailUrl":"https:\/\/onedesk.com\/wp-content\/uploads\/2020\/01\/zapier2.png","datePublished":"2021-03-08T21:04:45+00:00","description":"La integraci\u00f3n de Zapier est\u00e1 disponible para el software de gesti\u00f3n de proyectos y la mesa de ayuda de OneDesk. Conecte su cuenta para trabajar en sus proyectos de manera m\u00e1s eficiente.","breadcrumb":{"@id":"https:\/\/onedesk.com\/es\/integrar-con-onedesk\/zapier\/#breadcrumb"},"inLanguage":"es-ES","potentialAction":[{"@type":"ReadAction","target":["https:\/\/onedesk.com\/es\/integrar-con-onedesk\/zapier\/"]}]},{"@type":"ImageObject","inLanguage":"es-ES","@id":"https:\/\/onedesk.com\/es\/integrar-con-onedesk\/zapier\/#primaryimage","url":"https:\/\/onedesk.com\/wp-content\/uploads\/2020\/01\/zapier2.png","contentUrl":"https:\/\/onedesk.com\/wp-content\/uploads\/2020\/01\/zapier2.png"},{"@type":"BreadcrumbList","@id":"https:\/\/onedesk.com\/es\/integrar-con-onedesk\/zapier\/#breadcrumb","itemListElement":[{"@type":"ListItem","position":1,"name":"Integrar con OneDesk","item":"https:\/\/onedesk.com\/es\/integrar-con-onedesk\/"},{"@type":"ListItem","position":2,"name":"Zapier"}]},{"@type":"WebSite","@id":"https:\/\/onedesk.com\/es\/#website","url":"https:\/\/onedesk.com\/es\/","name":"Un escritorio","description":"Software de gesti\u00f3n de proyectos y asistencia t\u00e9cnica","publisher":{"@id":"https:\/\/onedesk.com\/es\/#organization"},"potentialAction":[{"@type":"SearchAction","target":{"@type":"EntryPoint","urlTemplate":"https:\/\/onedesk.com\/es\/?s={search_term_string}"},"query-input":{"@type":"PropertyValueSpecification","valueRequired":true,"valueName":"search_term_string"}}],"inLanguage":"es-ES"},{"@type":"Organization","@id":"https:\/\/onedesk.com\/es\/#organization","name":"Un escritorio","url":"https:\/\/onedesk.com\/es\/","logo":{"@type":"ImageObject","inLanguage":"es-ES","@id":"https:\/\/onedesk.com\/es\/#\/schema\/logo\/image\/","url":"https:\/\/onedesk.com\/wp-content\/uploads\/2016\/01\/white-logo-small.png","contentUrl":"https:\/\/onedesk.com\/wp-content\/uploads\/2016\/01\/white-logo-small.png","width":207,"height":40,"caption":"Un escritorio"},"image":{"@id":"https:\/\/onedesk.com\/es\/#\/schema\/logo\/image\/"},"sameAs":["https:\/\/www.facebook.com\/OneDeskApp","https:\/\/x.com\/OneDeskApp","https:\/\/www.instagram.com\/onedeskapp\/","https:\/\/www.linkedin.com\/company\/onedesk-inc-1","https:\/\/www.pinterest.com\/onedesk\/","https:\/\/www.youtube.com\/user\/OneDeskApp"]}]}},"tpgb_featured_images":null,"tpgb_post_meta_info":{"get_date":"March 8, 2021","get_modified_date":"March 8, 2021","author_name":"server.admin@onedesk.com","author_url":"https:\/\/onedesk.com\/es\/author\/server-adminonedesk-com\/","author_email":"server.admin@onedesk.com","author_website":"","author_description":"","author_facebook":"","author_twitter":"","author_instagram":"","author_role":["administrator"],"author_firstname":"","author_lastname":"","user_login":"server.admin@onedesk.com","author_avatar":"<img alt='' src='https:\/\/secure.gravatar.com\/avatar\/a37d6b270be81ecbf4ab9ca7260f2d1ee4d0295343706f0648e9d7a0d75243d3?s=200&#038;d=mm&#038;r=g' srcset='https:\/\/secure.gravatar.com\/avatar\/a37d6b270be81ecbf4ab9ca7260f2d1ee4d0295343706f0648e9d7a0d75243d3?s=400&#038;d=mm&#038;r=g 2x' class='avatar avatar-200 photo' height='200' width='200' decoding='async'\/>","author_avatar_url":"https:\/\/secure.gravatar.com\/avatar\/a37d6b270be81ecbf4ab9ca7260f2d1ee4d0295343706f0648e9d7a0d75243d3?s=96&d=mm&r=g","comment_count":0,"post_likes":0,"post_views":0},"tpgb_post_category":[],"jetpack_shortlink":"https:\/\/wp.me\/PfpPaI-g8h","amp_enabled":true,"_links":{"self":[{"href":"https:\/\/onedesk.com\/es\/wp-json\/wp\/v2\/pages\/62017","targetHints":{"allow":["GET"]}}],"collection":[{"href":"https:\/\/onedesk.com\/es\/wp-json\/wp\/v2\/pages"}],"about":[{"href":"https:\/\/onedesk.com\/es\/wp-json\/wp\/v2\/types\/page"}],"author":[{"embeddable":true,"href":"https:\/\/onedesk.com\/es\/wp-json\/wp\/v2\/users\/1"}],"replies":[{"embeddable":true,"href":"https:\/\/onedesk.com\/es\/wp-json\/wp\/v2\/comments?post=62017"}],"version-history":[{"count":0,"href":"https:\/\/onedesk.com\/es\/wp-json\/wp\/v2\/pages\/62017\/revisions"}],"up":[{"embeddable":true,"href":"https:\/\/onedesk.com\/es\/wp-json\/wp\/v2\/pages\/61650"}],"wp:attachment":[{"href":"https:\/\/onedesk.com\/es\/wp-json\/wp\/v2\/media?parent=62017"}],"curies":[{"name":"wp","href":"https:\/\/api.w.org\/{rel}","templated":true}]}}