{"id":63314,"date":"2021-03-09T19:12:20","date_gmt":"2021-03-09T19:12:20","guid":{"rendered":"https:\/\/onedesk.com\/?page_id=63314"},"modified":"2021-03-09T19:12:20","modified_gmt":"2021-03-09T19:12:20","slug":"plantilla-de-precios-para-ser-clonada","status":"publish","type":"page","link":"https:\/\/onedesk.com\/es\/plantilla-de-precios-para-ser-clonada\/","title":{"rendered":"Precios para clonar para espa\u00f1ol"},"content":{"rendered":"<h4 class=\"pricing-title\" style=\"text-align: center;\">Elija el plan que incluye la cantidad de usuarios que necesita.<br \/>\nTodos nuestros planes tienen clientes y proyectos ilimitados e incluyen TODAS las funciones de OneDesk.<\/h4>\n<p>&nbsp;<\/p>\n<p><center>Adem\u00e1s de los planes a continuaci\u00f3n, tambi\u00e9n ofrecemos un<a href=\"https:\/\/onedesk.com\/menu-of-services\/\"> men\u00fa de servicios opcionales<\/a> para ayudarte a ponerte en marcha.<\/center><\/p>\n","protected":false},"excerpt":{"rendered":"<p>Elija el plan que incluye la cantidad de usuarios que necesita. Todos nuestros planes tienen clientes y proyectos ilimitados e incluyen TODAS las funciones de OneDesk. &nbsp; Adem\u00e1s de los planes a continuaci\u00f3n, tambi\u00e9n ofrecemos un men\u00fa de servicios opcionales para ayudarte a ponerte en marcha.<\/p>\n","protected":false},"author":27,"featured_media":0,"parent":0,"menu_order":66,"comment_status":"closed","ping_status":"closed","template":"","meta":{"tpgb_global_settings":"","_crdt_document":"","inline_featured_image":false,"site-sidebar-layout":"default","site-content-layout":"","ast-site-content-layout":"default","site-content-style":"default","site-sidebar-style":"default","ast-global-header-display":"","ast-banner-title-visibility":"","ast-main-header-display":"","ast-hfb-above-header-display":"","ast-hfb-below-header-display":"","ast-hfb-mobile-header-display":"","site-post-title":"","ast-breadcrumbs-content":"","ast-featured-img":"","footer-sml-layout":"","ast-disable-related-posts":"","theme-transparent-header-meta":"","adv-header-id-meta":"","stick-header-meta":"","header-above-stick-meta":"","header-main-stick-meta":"","header-below-stick-meta":"","astra-migrate-meta-layouts":"default","ast-page-background-enabled":"default","ast-page-background-meta":{"desktop":{"background-color":"var(--ast-global-color-4)","background-image":"","background-repeat":"repeat","background-position":"center center","background-size":"auto","background-attachment":"scroll","background-type":"","background-media":"","overlay-type":"","overlay-color":"","overlay-opacity":"","overlay-gradient":""},"tablet":{"background-color":"","background-image":"","background-repeat":"repeat","background-position":"center center","background-size":"auto","background-attachment":"scroll","background-type":"","background-media":"","overlay-type":"","overlay-color":"","overlay-opacity":"","overlay-gradient":""},"mobile":{"background-color":"","background-image":"","background-repeat":"repeat","background-position":"center center","background-size":"auto","background-attachment":"scroll","background-type":"","background-media":"","overlay-type":"","overlay-color":"","overlay-opacity":"","overlay-gradient":""}},"ast-content-background-meta":{"desktop":{"background-color":"var(--ast-global-color-5)","background-image":"","background-repeat":"repeat","background-position":"center center","background-size":"auto","background-attachment":"scroll","background-type":"","background-media":"","overlay-type":"","overlay-color":"","overlay-opacity":"","overlay-gradient":""},"tablet":{"background-color":"var(--ast-global-color-5)","background-image":"","background-repeat":"repeat","background-position":"center center","background-size":"auto","background-attachment":"scroll","background-type":"","background-media":"","overlay-type":"","overlay-color":"","overlay-opacity":"","overlay-gradient":""},"mobile":{"background-color":"var(--ast-global-color-5)","background-image":"","background-repeat":"repeat","background-position":"center center","background-size":"auto","background-attachment":"scroll","background-type":"","background-media":"","overlay-type":"","overlay-color":"","overlay-opacity":"","overlay-gradient":""}},"footnotes":""},"class_list":["post-63314","page","type-page","status-publish","hentry"],"yoast_head":"<!-- This site is optimized with the Yoast SEO Premium plugin v27.4 (Yoast SEO v27.4) - https:\/\/yoast.com\/product\/yoast-seo-premium-wordpress\/ -->\n<title>Precios del software OneDesk | Mesa de ayuda y sistema de gesti\u00f3n de proyectos<\/title>\n<meta name=\"description\" content=\"Los planes de precios de OneDesk para el servicio de asistencia t\u00e9cnica, la gesti\u00f3n de proyectos y el software de gesti\u00f3n de productos. Los planes son por usuario y est\u00e1n disponibles mensual o anualmente.\" \/>\n<meta name=\"robots\" content=\"index, follow, max-snippet:-1, max-image-preview:large, max-video-preview:-1\" \/>\n<link rel=\"canonical\" href=\"https:\/\/onedesk.com\/es\/plantilla-de-precios-para-ser-clonada\/\" \/>\n<meta property=\"og:locale\" content=\"es_ES\" \/>\n<meta property=\"og:type\" content=\"article\" \/>\n<meta property=\"og:title\" content=\"Precios del software OneDesk | Mesa de ayuda y sistema de gesti\u00f3n de proyectos\" \/>\n<meta property=\"og:description\" content=\"Los planes de precios de OneDesk para el servicio de asistencia t\u00e9cnica, la gesti\u00f3n de proyectos y el software de gesti\u00f3n de productos. Los planes son por usuario y est\u00e1n disponibles mensual o anualmente.\" \/>\n<meta property=\"og:url\" content=\"https:\/\/onedesk.com\/es\/plantilla-de-precios-para-ser-clonada\/\" \/>\n<meta property=\"og:site_name\" content=\"Un escritorio\" \/>\n<meta property=\"article:publisher\" content=\"https:\/\/www.facebook.com\/OneDeskApp\" \/>\n<meta property=\"og:image\" content=\"https:\/\/onedesk.com\/wp-content\/uploads\/2020\/04\/OneDesk-Logo.png\" \/>\n\t<meta property=\"og:image:width\" content=\"1280\" \/>\n\t<meta property=\"og:image:height\" content=\"800\" \/>\n\t<meta property=\"og:image:type\" content=\"image\/png\" \/>\n<meta name=\"twitter:card\" content=\"summary_large_image\" \/>\n<meta name=\"twitter:site\" content=\"@OneDeskApp\" \/>\n<!-- \/ Yoast SEO Premium plugin. -->","yoast_head_json":{"title":"Precios del software OneDesk | Mesa de ayuda y sistema de gesti\u00f3n de proyectos","description":"Los planes de precios de OneDesk para el servicio de asistencia t\u00e9cnica, la gesti\u00f3n de proyectos y el software de gesti\u00f3n de productos. Los planes son por usuario y est\u00e1n disponibles mensual o anualmente.","robots":{"index":"index","follow":"follow","max-snippet":"max-snippet:-1","max-image-preview":"max-image-preview:large","max-video-preview":"max-video-preview:-1"},"canonical":"https:\/\/onedesk.com\/es\/plantilla-de-precios-para-ser-clonada\/","og_locale":"es_ES","og_type":"article","og_title":"Precios del software OneDesk | Mesa de ayuda y sistema de gesti\u00f3n de proyectos","og_description":"Los planes de precios de OneDesk para el servicio de asistencia t\u00e9cnica, la gesti\u00f3n de proyectos y el software de gesti\u00f3n de productos. Los planes son por usuario y est\u00e1n disponibles mensual o anualmente.","og_url":"https:\/\/onedesk.com\/es\/plantilla-de-precios-para-ser-clonada\/","og_site_name":"Un escritorio","article_publisher":"https:\/\/www.facebook.com\/OneDeskApp","og_image":[{"width":1280,"height":800,"url":"https:\/\/onedesk.com\/wp-content\/uploads\/2020\/04\/OneDesk-Logo.png","type":"image\/png"}],"twitter_card":"summary_large_image","twitter_site":"@OneDeskApp","schema":{"@context":"https:\/\/schema.org","@graph":[{"@type":"WebPage","@id":"https:\/\/onedesk.com\/es\/plantilla-de-precios-para-ser-clonada\/","url":"https:\/\/onedesk.com\/es\/plantilla-de-precios-para-ser-clonada\/","name":"Precios del software OneDesk | Mesa de ayuda y sistema de gesti\u00f3n de proyectos","isPartOf":{"@id":"https:\/\/onedesk.com\/es\/#website"},"datePublished":"2021-03-09T19:12:20+00:00","description":"Los planes de precios de OneDesk para el servicio de asistencia t\u00e9cnica, la gesti\u00f3n de proyectos y el software de gesti\u00f3n de productos. Los planes son por usuario y est\u00e1n disponibles mensual o anualmente.","inLanguage":"es-ES","potentialAction":[{"@type":"ReadAction","target":["https:\/\/onedesk.com\/es\/plantilla-de-precios-para-ser-clonada\/"]}]},{"@type":"WebSite","@id":"https:\/\/onedesk.com\/es\/#website","url":"https:\/\/onedesk.com\/es\/","name":"Un escritorio","description":"Software de gesti\u00f3n de proyectos y asistencia t\u00e9cnica","publisher":{"@id":"https:\/\/onedesk.com\/es\/#organization"},"potentialAction":[{"@type":"SearchAction","target":{"@type":"EntryPoint","urlTemplate":"https:\/\/onedesk.com\/es\/?s={search_term_string}"},"query-input":{"@type":"PropertyValueSpecification","valueRequired":true,"valueName":"search_term_string"}}],"inLanguage":"es-ES"},{"@type":"Organization","@id":"https:\/\/onedesk.com\/es\/#organization","name":"Un escritorio","url":"https:\/\/onedesk.com\/es\/","logo":{"@type":"ImageObject","inLanguage":"es-ES","@id":"https:\/\/onedesk.com\/es\/#\/schema\/logo\/image\/","url":"https:\/\/onedesk.com\/wp-content\/uploads\/2016\/01\/white-logo-small.png","contentUrl":"https:\/\/onedesk.com\/wp-content\/uploads\/2016\/01\/white-logo-small.png","width":207,"height":40,"caption":"Un escritorio"},"image":{"@id":"https:\/\/onedesk.com\/es\/#\/schema\/logo\/image\/"},"sameAs":["https:\/\/www.facebook.com\/OneDeskApp","https:\/\/x.com\/OneDeskApp","https:\/\/www.instagram.com\/onedeskapp\/","https:\/\/www.linkedin.com\/company\/onedesk-inc-1","https:\/\/www.pinterest.com\/onedesk\/","https:\/\/www.youtube.com\/user\/OneDeskApp"]}]}},"tpgb_featured_images":null,"tpgb_post_meta_info":{"get_date":"March 9, 2021","get_modified_date":"March 9, 2021","author_name":"Sabrin Yusef","author_url":"https:\/\/onedesk.com\/es\/author\/sarbin-yusef\/","author_email":"sabrin.yusef@onedesk.com","author_website":"","author_description":"","author_facebook":"","author_twitter":"","author_instagram":"","author_role":["customer"],"author_firstname":"Sabrin","author_lastname":"Yusef","user_login":"sarbin.yusef","author_avatar":"<img alt='' src='https:\/\/secure.gravatar.com\/avatar\/1f20332b0900369c93c9c272e03885bde073bf214b3dd3eb4bea569a45bea588?s=200&#038;d=mm&#038;r=g' srcset='https:\/\/secure.gravatar.com\/avatar\/1f20332b0900369c93c9c272e03885bde073bf214b3dd3eb4bea569a45bea588?s=400&#038;d=mm&#038;r=g 2x' class='avatar avatar-200 photo' height='200' width='200' decoding='async'\/>","author_avatar_url":"https:\/\/secure.gravatar.com\/avatar\/1f20332b0900369c93c9c272e03885bde073bf214b3dd3eb4bea569a45bea588?s=96&d=mm&r=g","comment_count":0,"post_likes":0,"post_views":0},"tpgb_post_category":[],"jetpack_shortlink":"https:\/\/wp.me\/PfpPaI-gtc","amp_enabled":true,"_links":{"self":[{"href":"https:\/\/onedesk.com\/es\/wp-json\/wp\/v2\/pages\/63314","targetHints":{"allow":["GET"]}}],"collection":[{"href":"https:\/\/onedesk.com\/es\/wp-json\/wp\/v2\/pages"}],"about":[{"href":"https:\/\/onedesk.com\/es\/wp-json\/wp\/v2\/types\/page"}],"author":[{"embeddable":true,"href":"https:\/\/onedesk.com\/es\/wp-json\/wp\/v2\/users\/27"}],"replies":[{"embeddable":true,"href":"https:\/\/onedesk.com\/es\/wp-json\/wp\/v2\/comments?post=63314"}],"version-history":[{"count":1,"href":"https:\/\/onedesk.com\/es\/wp-json\/wp\/v2\/pages\/63314\/revisions"}],"predecessor-version":[{"id":63316,"href":"https:\/\/onedesk.com\/es\/wp-json\/wp\/v2\/pages\/63314\/revisions\/63316"}],"wp:attachment":[{"href":"https:\/\/onedesk.com\/es\/wp-json\/wp\/v2\/media?parent=63314"}],"curies":[{"name":"wp","href":"https:\/\/api.w.org\/{rel}","templated":true}]}}