{"id":63678,"date":"2021-03-10T15:07:47","date_gmt":"2021-03-10T15:07:47","guid":{"rendered":"https:\/\/onedesk.com\/paso-5-colaborar\/"},"modified":"2021-03-10T15:08:20","modified_gmt":"2021-03-10T15:08:20","slug":"paso-5-colaborar","status":"publish","type":"page","link":"https:\/\/onedesk.com\/es\/paso-5-colaborar\/","title":{"rendered":"Paso 5: colaborar"},"content":{"rendered":"<p>El uso de OneDesk significa que las conversaciones con los miembros del equipo o los clientes nunca est\u00e1n a m\u00e1s de un clic de distancia.<\/p>\n<p>En OneDesk sabemos que la comunicaci\u00f3n es a menudo lo que hace o deshace un proyecto exitoso. Hemos simplificado la colaboraci\u00f3n con los miembros de su equipo y los clientes. Aseg\u00farese de que todos est\u00e9n siempre en sinton\u00eda y de no tener que preocuparse nunca m\u00e1s por la p\u00e9rdida de correos electr\u00f3nicos, tickets o tareas olvidadas.<\/p>\n<h3>Asignar usuarios y seguidores<\/h3>\n<p>Compartir un proyecto con un usuario o equipo significa que pueden ver y discutir elementos dentro de \u00e9l. Seguir un elemento significa que recibir\u00e1 notificaciones sobre nuevas discusiones sobre \u00e9l. Los autores, los asignados y los participantes de la discusi\u00f3n seguir\u00e1n autom\u00e1ticamente el elemento.<\/p>\n<p>Compartir un proyecto con un cliente o una organizaci\u00f3n de cliente significa que pueden ver los elementos que contiene en el portal del cliente (esto tambi\u00e9n depende de la configuraci\u00f3n de su portal). Si no comparte el proyecto con ellos, a\u00fan puede compartir tickets individuales, tareas u otros elementos con sus clientes.<\/p>\n<p>Para compartir un proyecto, abra el men\u00fa del proyecto en la parte superior izquierda de la p\u00e1gina y haga clic en el icono &#8220;Compartir&#8221; junto al proyecto. Puede agregar usuarios existentes, nuevos usuarios, clientes o equipos al proyecto.<\/p>\n<p><img fetchpriority=\"high\" decoding=\"async\" class=\"wp-image-41420 aligncenter\" src=\"https:\/\/onedesk.com\/wp-content\/uploads\/2016\/01\/share-project-menu.png\" alt=\"\" width=\"583\" height=\"583\"><\/p>\n<p>&nbsp;<\/p>\n<p>Tambi\u00e9n puede asignar un elemento a un usuario o equipo. Esto significa que son responsables de completar esta tarea o resolver el ticket. Para asignar, abra los detalles del elemento y agregue uno o m\u00e1s asignados.<\/p>\n<p>&nbsp;<\/p>\n<p><img decoding=\"async\" class=\"aligncenter size-medium wp-image-30688\" src=\"https:\/\/onedesk.com\/wp-content\/uploads\/2016\/01\/assign-user-300x291.png\" alt=\"User Assign\"><\/p>\n<p>&nbsp;<\/p>\n<p>&nbsp;<\/p>\n<h3>Conversaciones, correos electr\u00f3nicos y notificaciones<\/h3>\n<p>Puede discutir tareas, tickets y proyectos con compa\u00f1eros de equipo y clientes desde la aplicaci\u00f3n web principal de OneDesk, desde la aplicaci\u00f3n m\u00f3vil, por correo electr\u00f3nico, desde el mensajero o desde el portal del cliente. Las discusiones se capturan y encajan sin problemas a medida que se reciben las respuestas. Incluso puede configurar respuestas autom\u00e1ticas para encargarse de las respuestas est\u00e1ndar. Dado que las conversaciones son en tiempo real, har\u00e1 su trabajo m\u00e1s r\u00e1pido sin necesidad de recargar una p\u00e1gina para ver una respuesta.<br \/>\n<b><\/b><\/p>\n<p><img decoding=\"async\" class=\"aligncenter size-medium wp-image-30691\" src=\"https:\/\/onedesk.com\/wp-content\/uploads\/2016\/01\/discussion-300x238.png\" alt=\"\" width=\"400\"><\/p>\n<h3>Archivos adjuntos<\/h3>\n<p>Comparta archivos adjuntos con los miembros de su equipo directamente sobre cualquier elemento o proyecto. \u00bfNecesitas compartir una ayuda visual, un documento, un dise\u00f1o o una captura de pantalla? Adj\u00fantelo y todos los participantes del proyecto tendr\u00e1n acceso instant\u00e1neo. Incluso puede adjuntar cosas por correo electr\u00f3nico, a conversaciones e incluso en el mensajero.<\/p>\n","protected":false},"excerpt":{"rendered":"<p>El uso de OneDesk significa que las conversaciones con los miembros del equipo o los clientes nunca est\u00e1n a m\u00e1s de un clic de distancia. En OneDesk sabemos que la comunicaci\u00f3n es a menudo lo que hace o deshace un proyecto exitoso. Hemos simplificado la colaboraci\u00f3n con los miembros de su equipo y los clientes. [&hellip;]<\/p>\n","protected":false},"author":1,"featured_media":0,"parent":0,"menu_order":5,"comment_status":"closed","ping_status":"closed","template":"","meta":{"tpgb_global_settings":"","_crdt_document":"","inline_featured_image":false,"site-sidebar-layout":"default","site-content-layout":"","ast-site-content-layout":"default","site-content-style":"default","site-sidebar-style":"default","ast-global-header-display":"","ast-banner-title-visibility":"","ast-main-header-display":"","ast-hfb-above-header-display":"","ast-hfb-below-header-display":"","ast-hfb-mobile-header-display":"","site-post-title":"","ast-breadcrumbs-content":"","ast-featured-img":"","footer-sml-layout":"","ast-disable-related-posts":"","theme-transparent-header-meta":"","adv-header-id-meta":"","stick-header-meta":"","header-above-stick-meta":"","header-main-stick-meta":"","header-below-stick-meta":"","astra-migrate-meta-layouts":"default","ast-page-background-enabled":"default","ast-page-background-meta":{"desktop":{"background-color":"var(--ast-global-color-4)","background-image":"","background-repeat":"repeat","background-position":"center center","background-size":"auto","background-attachment":"scroll","background-type":"","background-media":"","overlay-type":"","overlay-color":"","overlay-opacity":"","overlay-gradient":""},"tablet":{"background-color":"","background-image":"","background-repeat":"repeat","background-position":"center center","background-size":"auto","background-attachment":"scroll","background-type":"","background-media":"","overlay-type":"","overlay-color":"","overlay-opacity":"","overlay-gradient":""},"mobile":{"background-color":"","background-image":"","background-repeat":"repeat","background-position":"center center","background-size":"auto","background-attachment":"scroll","background-type":"","background-media":"","overlay-type":"","overlay-color":"","overlay-opacity":"","overlay-gradient":""}},"ast-content-background-meta":{"desktop":{"background-color":"var(--ast-global-color-5)","background-image":"","background-repeat":"repeat","background-position":"center center","background-size":"auto","background-attachment":"scroll","background-type":"","background-media":"","overlay-type":"","overlay-color":"","overlay-opacity":"","overlay-gradient":""},"tablet":{"background-color":"var(--ast-global-color-5)","background-image":"","background-repeat":"repeat","background-position":"center center","background-size":"auto","background-attachment":"scroll","background-type":"","background-media":"","overlay-type":"","overlay-color":"","overlay-opacity":"","overlay-gradient":""},"mobile":{"background-color":"var(--ast-global-color-5)","background-image":"","background-repeat":"repeat","background-position":"center center","background-size":"auto","background-attachment":"scroll","background-type":"","background-media":"","overlay-type":"","overlay-color":"","overlay-opacity":"","overlay-gradient":""}},"footnotes":""},"class_list":["post-63678","page","type-page","status-publish","hentry"],"yoast_head":"<!-- This site is optimized with the Yoast SEO Premium plugin v27.2 (Yoast SEO v27.3) - https:\/\/yoast.com\/product\/yoast-seo-premium-wordpress\/ -->\n<title>Paso 5: colaborar - Un escritorio<\/title>\n<meta name=\"description\" content=\"OneDesk es un software de asistencia t\u00e9cnica y un software de gesti\u00f3n de proyectos en una sola aplicaci\u00f3n. Esto muestra c\u00f3mo colaborar con otros en OneDesk.\" \/>\n<meta name=\"robots\" content=\"index, follow, max-snippet:-1, max-image-preview:large, max-video-preview:-1\" \/>\n<link rel=\"canonical\" href=\"https:\/\/onedesk.com\/es\/paso-5-colaborar\/\" \/>\n<meta property=\"og:locale\" content=\"es_ES\" \/>\n<meta property=\"og:type\" content=\"article\" \/>\n<meta property=\"og:title\" content=\"Paso 5: colaborar - Un escritorio\" \/>\n<meta property=\"og:description\" content=\"OneDesk es un software de asistencia t\u00e9cnica y un software de gesti\u00f3n de proyectos en una sola aplicaci\u00f3n. Esto muestra c\u00f3mo colaborar con otros en OneDesk.\" \/>\n<meta property=\"og:url\" content=\"https:\/\/onedesk.com\/es\/paso-5-colaborar\/\" \/>\n<meta property=\"og:site_name\" content=\"Un escritorio\" \/>\n<meta property=\"article:publisher\" content=\"https:\/\/www.facebook.com\/OneDeskApp\" \/>\n<meta property=\"article:modified_time\" content=\"2021-03-10T15:08:20+00:00\" \/>\n<meta property=\"og:image\" content=\"https:\/\/onedesk.com\/wp-content\/uploads\/2016\/01\/share-project-menu.png\" \/>\n<meta name=\"twitter:card\" content=\"summary_large_image\" \/>\n<meta name=\"twitter:site\" content=\"@OneDeskApp\" \/>\n<meta name=\"twitter:label1\" content=\"Est. reading time\" \/>\n\t<meta name=\"twitter:data1\" content=\"2 minutes\" \/>\n<!-- \/ Yoast SEO Premium plugin. -->","yoast_head_json":{"title":"Paso 5: colaborar - Un escritorio","description":"OneDesk es un software de asistencia t\u00e9cnica y un software de gesti\u00f3n de proyectos en una sola aplicaci\u00f3n. Esto muestra c\u00f3mo colaborar con otros en OneDesk.","robots":{"index":"index","follow":"follow","max-snippet":"max-snippet:-1","max-image-preview":"max-image-preview:large","max-video-preview":"max-video-preview:-1"},"canonical":"https:\/\/onedesk.com\/es\/paso-5-colaborar\/","og_locale":"es_ES","og_type":"article","og_title":"Paso 5: colaborar - Un escritorio","og_description":"OneDesk es un software de asistencia t\u00e9cnica y un software de gesti\u00f3n de proyectos en una sola aplicaci\u00f3n. Esto muestra c\u00f3mo colaborar con otros en OneDesk.","og_url":"https:\/\/onedesk.com\/es\/paso-5-colaborar\/","og_site_name":"Un escritorio","article_publisher":"https:\/\/www.facebook.com\/OneDeskApp","article_modified_time":"2021-03-10T15:08:20+00:00","og_image":[{"url":"https:\/\/onedesk.com\/wp-content\/uploads\/2016\/01\/share-project-menu.png","type":"","width":"","height":""}],"twitter_card":"summary_large_image","twitter_site":"@OneDeskApp","twitter_misc":{"Est. reading time":"2 minutes"},"schema":{"@context":"https:\/\/schema.org","@graph":[{"@type":"WebPage","@id":"https:\/\/onedesk.com\/es\/paso-5-colaborar\/","url":"https:\/\/onedesk.com\/es\/paso-5-colaborar\/","name":"Paso 5: colaborar - Un escritorio","isPartOf":{"@id":"https:\/\/onedesk.com\/es\/#website"},"primaryImageOfPage":{"@id":"https:\/\/onedesk.com\/es\/paso-5-colaborar\/#primaryimage"},"image":{"@id":"https:\/\/onedesk.com\/es\/paso-5-colaborar\/#primaryimage"},"thumbnailUrl":"https:\/\/onedesk.com\/wp-content\/uploads\/2016\/01\/share-project-menu.png","datePublished":"2021-03-10T15:07:47+00:00","dateModified":"2021-03-10T15:08:20+00:00","description":"OneDesk es un software de asistencia t\u00e9cnica y un software de gesti\u00f3n de proyectos en una sola aplicaci\u00f3n. Esto muestra c\u00f3mo colaborar con otros en OneDesk.","inLanguage":"es-ES","potentialAction":[{"@type":"ReadAction","target":["https:\/\/onedesk.com\/es\/paso-5-colaborar\/"]}]},{"@type":"ImageObject","inLanguage":"es-ES","@id":"https:\/\/onedesk.com\/es\/paso-5-colaborar\/#primaryimage","url":"https:\/\/onedesk.com\/wp-content\/uploads\/2016\/01\/share-project-menu.png","contentUrl":"https:\/\/onedesk.com\/wp-content\/uploads\/2016\/01\/share-project-menu.png"},{"@type":"WebSite","@id":"https:\/\/onedesk.com\/es\/#website","url":"https:\/\/onedesk.com\/es\/","name":"Un escritorio","description":"Software de gesti\u00f3n de proyectos y asistencia t\u00e9cnica","publisher":{"@id":"https:\/\/onedesk.com\/es\/#organization"},"potentialAction":[{"@type":"SearchAction","target":{"@type":"EntryPoint","urlTemplate":"https:\/\/onedesk.com\/es\/?s={search_term_string}"},"query-input":{"@type":"PropertyValueSpecification","valueRequired":true,"valueName":"search_term_string"}}],"inLanguage":"es-ES"},{"@type":"Organization","@id":"https:\/\/onedesk.com\/es\/#organization","name":"Un escritorio","url":"https:\/\/onedesk.com\/es\/","logo":{"@type":"ImageObject","inLanguage":"es-ES","@id":"https:\/\/onedesk.com\/es\/#\/schema\/logo\/image\/","url":"https:\/\/onedesk.com\/wp-content\/uploads\/2016\/01\/white-logo-small.png","contentUrl":"https:\/\/onedesk.com\/wp-content\/uploads\/2016\/01\/white-logo-small.png","width":207,"height":40,"caption":"Un escritorio"},"image":{"@id":"https:\/\/onedesk.com\/es\/#\/schema\/logo\/image\/"},"sameAs":["https:\/\/www.facebook.com\/OneDeskApp","https:\/\/x.com\/OneDeskApp","https:\/\/www.instagram.com\/onedeskapp\/","https:\/\/www.linkedin.com\/company\/onedesk-inc-1","https:\/\/www.pinterest.com\/onedesk\/","https:\/\/www.youtube.com\/user\/OneDeskApp"]}]}},"tpgb_featured_images":null,"tpgb_post_meta_info":{"get_date":"March 10, 2021","get_modified_date":"March 10, 2021","author_name":"server.admin@onedesk.com","author_url":"https:\/\/onedesk.com\/es\/author\/server-adminonedesk-com\/","author_email":"server.admin@onedesk.com","author_website":"","author_description":"","author_facebook":"","author_twitter":"","author_instagram":"","author_role":["administrator"],"author_firstname":"","author_lastname":"","user_login":"server.admin@onedesk.com","author_avatar":"<img alt='' src='https:\/\/secure.gravatar.com\/avatar\/a37d6b270be81ecbf4ab9ca7260f2d1ee4d0295343706f0648e9d7a0d75243d3?s=200&#038;d=mm&#038;r=g' srcset='https:\/\/secure.gravatar.com\/avatar\/a37d6b270be81ecbf4ab9ca7260f2d1ee4d0295343706f0648e9d7a0d75243d3?s=400&#038;d=mm&#038;r=g 2x' class='avatar avatar-200 photo' height='200' width='200' decoding='async'\/>","author_avatar_url":"https:\/\/secure.gravatar.com\/avatar\/a37d6b270be81ecbf4ab9ca7260f2d1ee4d0295343706f0648e9d7a0d75243d3?s=96&d=mm&r=g","comment_count":0,"post_likes":0,"post_views":0},"tpgb_post_category":[],"jetpack_shortlink":"https:\/\/wp.me\/PfpPaI-gz4","amp_enabled":true,"_links":{"self":[{"href":"https:\/\/onedesk.com\/es\/wp-json\/wp\/v2\/pages\/63678","targetHints":{"allow":["GET"]}}],"collection":[{"href":"https:\/\/onedesk.com\/es\/wp-json\/wp\/v2\/pages"}],"about":[{"href":"https:\/\/onedesk.com\/es\/wp-json\/wp\/v2\/types\/page"}],"author":[{"embeddable":true,"href":"https:\/\/onedesk.com\/es\/wp-json\/wp\/v2\/users\/1"}],"replies":[{"embeddable":true,"href":"https:\/\/onedesk.com\/es\/wp-json\/wp\/v2\/comments?post=63678"}],"version-history":[{"count":2,"href":"https:\/\/onedesk.com\/es\/wp-json\/wp\/v2\/pages\/63678\/revisions"}],"predecessor-version":[{"id":63814,"href":"https:\/\/onedesk.com\/es\/wp-json\/wp\/v2\/pages\/63678\/revisions\/63814"}],"wp:attachment":[{"href":"https:\/\/onedesk.com\/es\/wp-json\/wp\/v2\/media?parent=63678"}],"curies":[{"name":"wp","href":"https:\/\/api.w.org\/{rel}","templated":true}]}}