{"id":63680,"date":"2021-03-10T15:07:50","date_gmt":"2021-03-10T15:07:50","guid":{"rendered":"https:\/\/onedesk.com\/paso-6-estrategia\/"},"modified":"2021-03-10T15:08:10","modified_gmt":"2021-03-10T15:08:10","slug":"paso-6-estrategia","status":"publish","type":"page","link":"https:\/\/onedesk.com\/es\/paso-6-estrategia\/","title":{"rendered":"Paso 6: estrategia"},"content":{"rendered":"<h3>Tableros de estado<\/h3>\n<p>Los tableros de estado son \u00fatiles para administrar f\u00e1cilmente sus proyectos, tareas u otros elementos. Cada proyecto o tarea est\u00e1 representado por una tarjeta y al arrastrarlo a una nueva columna se actualiza. Dado que las columnas son personalizables, puede crear tableros para: <\/p>\n<li>actualizar el estado de tareas o proyectos completos<\/li>\n<li>asignaci\u00f3n entre miembros del equipo<\/li>\n<li>mover proyectos de un trimestre a otro<\/li>\n<li>mover tareas entre proyectos<\/li>\n<li>re-priorizar tareas o proyectos<\/li>\n<p><img decoding=\"async\" class=\"aligncenter size-medium wp-image-30712\" src=\"https:\/\/onedesk.com\/wp-content\/uploads\/2016\/01\/cards-3-300x141.png\" alt=\"New Status Board Move 2\"><\/p>\n<h3>Herramientas de priorizaci\u00f3n para gerentes de producto<\/h3>\n<p>Esta herramienta le ayuda a evaluar, puntuar y aprobar nuevas funciones.<br \/>\nLa herramienta de priorizaci\u00f3n en OneDesk le permite evaluar sus elementos de tipo de funci\u00f3n. Simplemente pondera las propiedades que les has dado de acuerdo con tus objetivos comerciales actuales. Esto calcula una &#8216;Puntuaci\u00f3n global&#8217; num\u00e9rica para cada funci\u00f3n que puede utilizar para comparar los elementos y moverlos a la siguiente etapa.<br \/>\n<img decoding=\"async\" class=\"aligncenter size-medium wp-image-30698\" src=\"https:\/\/onedesk.com\/wp-content\/uploads\/2016\/01\/scoring-300x131.png\" alt=\"OD Prioritization Tool\"><\/p>\n<h3>Herramientas de mapas de ruta<\/h3>\n<p>Crear una hoja de ruta de producto desde cero puede ser largo y complicado, pero con OneDesk, la hoja de ruta de su producto se genera sobre la marcha. A medida que crea sus proyectos, agrega elementos y programa tareas, se crea autom\u00e1ticamente una l\u00ednea de tiempo de la hoja de ruta. Simplemente haga clic en la l\u00ednea de tiempo de la hoja de ruta o en la hoja de ruta de Gantt para ver su progreso.<br \/>\nTambi\u00e9n puede agregar marcadores de hitos y cualquier otro objetivo en el camino desde el bot\u00f3n + superior y aparecer\u00e1n autom\u00e1ticamente en la hoja de ruta.<br \/>\n<img decoding=\"async\" class=\"aligncenter size-medium wp-image-30928\" src=\"https:\/\/onedesk.com\/wp-content\/uploads\/2016\/01\/roadmap-300x262.png\" alt=\"roadmap\"><\/p>\n","protected":false},"excerpt":{"rendered":"<p>Tableros de estado Los tableros de estado son \u00fatiles para administrar f\u00e1cilmente sus proyectos, tareas u otros elementos. Cada proyecto o tarea est\u00e1 representado por una tarjeta y al arrastrarlo a una nueva columna se actualiza. Dado que las columnas son personalizables, puede crear tableros para: actualizar el estado de tareas o proyectos completos asignaci\u00f3n [&hellip;]<\/p>\n","protected":false},"author":1,"featured_media":0,"parent":0,"menu_order":2,"comment_status":"closed","ping_status":"closed","template":"","meta":{"tpgb_global_settings":"","_crdt_document":"","inline_featured_image":false,"site-sidebar-layout":"default","site-content-layout":"","ast-site-content-layout":"default","site-content-style":"default","site-sidebar-style":"default","ast-global-header-display":"","ast-banner-title-visibility":"","ast-main-header-display":"","ast-hfb-above-header-display":"","ast-hfb-below-header-display":"","ast-hfb-mobile-header-display":"","site-post-title":"","ast-breadcrumbs-content":"","ast-featured-img":"","footer-sml-layout":"","ast-disable-related-posts":"","theme-transparent-header-meta":"","adv-header-id-meta":"","stick-header-meta":"","header-above-stick-meta":"","header-main-stick-meta":"","header-below-stick-meta":"","astra-migrate-meta-layouts":"default","ast-page-background-enabled":"default","ast-page-background-meta":{"desktop":{"background-color":"var(--ast-global-color-4)","background-image":"","background-repeat":"repeat","background-position":"center center","background-size":"auto","background-attachment":"scroll","background-type":"","background-media":"","overlay-type":"","overlay-color":"","overlay-opacity":"","overlay-gradient":""},"tablet":{"background-color":"","background-image":"","background-repeat":"repeat","background-position":"center center","background-size":"auto","background-attachment":"scroll","background-type":"","background-media":"","overlay-type":"","overlay-color":"","overlay-opacity":"","overlay-gradient":""},"mobile":{"background-color":"","background-image":"","background-repeat":"repeat","background-position":"center center","background-size":"auto","background-attachment":"scroll","background-type":"","background-media":"","overlay-type":"","overlay-color":"","overlay-opacity":"","overlay-gradient":""}},"ast-content-background-meta":{"desktop":{"background-color":"var(--ast-global-color-5)","background-image":"","background-repeat":"repeat","background-position":"center center","background-size":"auto","background-attachment":"scroll","background-type":"","background-media":"","overlay-type":"","overlay-color":"","overlay-opacity":"","overlay-gradient":""},"tablet":{"background-color":"var(--ast-global-color-5)","background-image":"","background-repeat":"repeat","background-position":"center center","background-size":"auto","background-attachment":"scroll","background-type":"","background-media":"","overlay-type":"","overlay-color":"","overlay-opacity":"","overlay-gradient":""},"mobile":{"background-color":"var(--ast-global-color-5)","background-image":"","background-repeat":"repeat","background-position":"center center","background-size":"auto","background-attachment":"scroll","background-type":"","background-media":"","overlay-type":"","overlay-color":"","overlay-opacity":"","overlay-gradient":""}},"footnotes":""},"class_list":["post-63680","page","type-page","status-publish","hentry"],"yoast_head":"<!-- This site is optimized with the Yoast SEO Premium plugin v27.2 (Yoast SEO v27.3) - https:\/\/yoast.com\/product\/yoast-seo-premium-wordpress\/ -->\n<title>Paso 6: estrategia - Un escritorio<\/title>\n<meta name=\"description\" content=\"OneDesk es un software de asistencia t\u00e9cnica y un software de gesti\u00f3n de proyectos en una sola aplicaci\u00f3n. Trabaje con sus clientes en sus proyectos y tickets en una plataforma unificada.\" \/>\n<meta name=\"robots\" content=\"index, follow, max-snippet:-1, max-image-preview:large, max-video-preview:-1\" \/>\n<link rel=\"canonical\" href=\"https:\/\/onedesk.com\/es\/paso-6-estrategia\/\" \/>\n<meta property=\"og:locale\" content=\"es_ES\" \/>\n<meta property=\"og:type\" content=\"article\" \/>\n<meta property=\"og:title\" content=\"Paso 6: estrategia - Un escritorio\" \/>\n<meta property=\"og:description\" content=\"OneDesk es un software de asistencia t\u00e9cnica y un software de gesti\u00f3n de proyectos en una sola aplicaci\u00f3n. Trabaje con sus clientes en sus proyectos y tickets en una plataforma unificada.\" \/>\n<meta property=\"og:url\" content=\"https:\/\/onedesk.com\/es\/paso-6-estrategia\/\" \/>\n<meta property=\"og:site_name\" content=\"Un escritorio\" \/>\n<meta property=\"article:publisher\" content=\"https:\/\/www.facebook.com\/OneDeskApp\" \/>\n<meta property=\"article:modified_time\" content=\"2021-03-10T15:08:10+00:00\" \/>\n<meta property=\"og:image\" content=\"https:\/\/onedesk.com\/wp-content\/uploads\/2016\/01\/cards-3-300x141.png\" \/>\n<meta name=\"twitter:card\" content=\"summary_large_image\" \/>\n<meta name=\"twitter:site\" content=\"@OneDeskApp\" \/>\n<meta name=\"twitter:label1\" content=\"Est. reading time\" \/>\n\t<meta name=\"twitter:data1\" content=\"1 minute\" \/>\n<!-- \/ Yoast SEO Premium plugin. -->","yoast_head_json":{"title":"Paso 6: estrategia - Un escritorio","description":"OneDesk es un software de asistencia t\u00e9cnica y un software de gesti\u00f3n de proyectos en una sola aplicaci\u00f3n. Trabaje con sus clientes en sus proyectos y tickets en una plataforma unificada.","robots":{"index":"index","follow":"follow","max-snippet":"max-snippet:-1","max-image-preview":"max-image-preview:large","max-video-preview":"max-video-preview:-1"},"canonical":"https:\/\/onedesk.com\/es\/paso-6-estrategia\/","og_locale":"es_ES","og_type":"article","og_title":"Paso 6: estrategia - Un escritorio","og_description":"OneDesk es un software de asistencia t\u00e9cnica y un software de gesti\u00f3n de proyectos en una sola aplicaci\u00f3n. Trabaje con sus clientes en sus proyectos y tickets en una plataforma unificada.","og_url":"https:\/\/onedesk.com\/es\/paso-6-estrategia\/","og_site_name":"Un escritorio","article_publisher":"https:\/\/www.facebook.com\/OneDeskApp","article_modified_time":"2021-03-10T15:08:10+00:00","og_image":[{"url":"https:\/\/onedesk.com\/wp-content\/uploads\/2016\/01\/cards-3-300x141.png","type":"","width":"","height":""}],"twitter_card":"summary_large_image","twitter_site":"@OneDeskApp","twitter_misc":{"Est. reading time":"1 minute"},"schema":{"@context":"https:\/\/schema.org","@graph":[{"@type":"WebPage","@id":"https:\/\/onedesk.com\/es\/paso-6-estrategia\/","url":"https:\/\/onedesk.com\/es\/paso-6-estrategia\/","name":"Paso 6: estrategia - Un escritorio","isPartOf":{"@id":"https:\/\/onedesk.com\/es\/#website"},"primaryImageOfPage":{"@id":"https:\/\/onedesk.com\/es\/paso-6-estrategia\/#primaryimage"},"image":{"@id":"https:\/\/onedesk.com\/es\/paso-6-estrategia\/#primaryimage"},"thumbnailUrl":"https:\/\/onedesk.com\/wp-content\/uploads\/2016\/01\/cards-3-300x141.png","datePublished":"2021-03-10T15:07:50+00:00","dateModified":"2021-03-10T15:08:10+00:00","description":"OneDesk es un software de asistencia t\u00e9cnica y un software de gesti\u00f3n de proyectos en una sola aplicaci\u00f3n. Trabaje con sus clientes en sus proyectos y tickets en una plataforma unificada.","inLanguage":"es-ES","potentialAction":[{"@type":"ReadAction","target":["https:\/\/onedesk.com\/es\/paso-6-estrategia\/"]}]},{"@type":"ImageObject","inLanguage":"es-ES","@id":"https:\/\/onedesk.com\/es\/paso-6-estrategia\/#primaryimage","url":"https:\/\/onedesk.com\/wp-content\/uploads\/2016\/01\/cards-3-300x141.png","contentUrl":"https:\/\/onedesk.com\/wp-content\/uploads\/2016\/01\/cards-3-300x141.png"},{"@type":"WebSite","@id":"https:\/\/onedesk.com\/es\/#website","url":"https:\/\/onedesk.com\/es\/","name":"Un escritorio","description":"Software de gesti\u00f3n de proyectos y asistencia t\u00e9cnica","publisher":{"@id":"https:\/\/onedesk.com\/es\/#organization"},"potentialAction":[{"@type":"SearchAction","target":{"@type":"EntryPoint","urlTemplate":"https:\/\/onedesk.com\/es\/?s={search_term_string}"},"query-input":{"@type":"PropertyValueSpecification","valueRequired":true,"valueName":"search_term_string"}}],"inLanguage":"es-ES"},{"@type":"Organization","@id":"https:\/\/onedesk.com\/es\/#organization","name":"Un escritorio","url":"https:\/\/onedesk.com\/es\/","logo":{"@type":"ImageObject","inLanguage":"es-ES","@id":"https:\/\/onedesk.com\/es\/#\/schema\/logo\/image\/","url":"https:\/\/onedesk.com\/wp-content\/uploads\/2016\/01\/white-logo-small.png","contentUrl":"https:\/\/onedesk.com\/wp-content\/uploads\/2016\/01\/white-logo-small.png","width":207,"height":40,"caption":"Un escritorio"},"image":{"@id":"https:\/\/onedesk.com\/es\/#\/schema\/logo\/image\/"},"sameAs":["https:\/\/www.facebook.com\/OneDeskApp","https:\/\/x.com\/OneDeskApp","https:\/\/www.instagram.com\/onedeskapp\/","https:\/\/www.linkedin.com\/company\/onedesk-inc-1","https:\/\/www.pinterest.com\/onedesk\/","https:\/\/www.youtube.com\/user\/OneDeskApp"]}]}},"tpgb_featured_images":null,"tpgb_post_meta_info":{"get_date":"March 10, 2021","get_modified_date":"March 10, 2021","author_name":"server.admin@onedesk.com","author_url":"https:\/\/onedesk.com\/es\/author\/server-adminonedesk-com\/","author_email":"server.admin@onedesk.com","author_website":"","author_description":"","author_facebook":"","author_twitter":"","author_instagram":"","author_role":["administrator"],"author_firstname":"","author_lastname":"","user_login":"server.admin@onedesk.com","author_avatar":"<img alt='' src='https:\/\/secure.gravatar.com\/avatar\/a37d6b270be81ecbf4ab9ca7260f2d1ee4d0295343706f0648e9d7a0d75243d3?s=200&#038;d=mm&#038;r=g' srcset='https:\/\/secure.gravatar.com\/avatar\/a37d6b270be81ecbf4ab9ca7260f2d1ee4d0295343706f0648e9d7a0d75243d3?s=400&#038;d=mm&#038;r=g 2x' class='avatar avatar-200 photo' height='200' width='200' decoding='async'\/>","author_avatar_url":"https:\/\/secure.gravatar.com\/avatar\/a37d6b270be81ecbf4ab9ca7260f2d1ee4d0295343706f0648e9d7a0d75243d3?s=96&d=mm&r=g","comment_count":0,"post_likes":0,"post_views":0},"tpgb_post_category":[],"jetpack_shortlink":"https:\/\/wp.me\/PfpPaI-gz6","amp_enabled":true,"_links":{"self":[{"href":"https:\/\/onedesk.com\/es\/wp-json\/wp\/v2\/pages\/63680","targetHints":{"allow":["GET"]}}],"collection":[{"href":"https:\/\/onedesk.com\/es\/wp-json\/wp\/v2\/pages"}],"about":[{"href":"https:\/\/onedesk.com\/es\/wp-json\/wp\/v2\/types\/page"}],"author":[{"embeddable":true,"href":"https:\/\/onedesk.com\/es\/wp-json\/wp\/v2\/users\/1"}],"replies":[{"embeddable":true,"href":"https:\/\/onedesk.com\/es\/wp-json\/wp\/v2\/comments?post=63680"}],"version-history":[{"count":1,"href":"https:\/\/onedesk.com\/es\/wp-json\/wp\/v2\/pages\/63680\/revisions"}],"predecessor-version":[{"id":63724,"href":"https:\/\/onedesk.com\/es\/wp-json\/wp\/v2\/pages\/63680\/revisions\/63724"}],"wp:attachment":[{"href":"https:\/\/onedesk.com\/es\/wp-json\/wp\/v2\/media?parent=63680"}],"curies":[{"name":"wp","href":"https:\/\/api.w.org\/{rel}","templated":true}]}}