{"id":63685,"date":"2021-03-10T15:07:58","date_gmt":"2021-03-10T15:07:58","guid":{"rendered":"https:\/\/onedesk.com\/empezar\/conceptos-basicos\/"},"modified":"2021-03-10T15:08:38","modified_gmt":"2021-03-10T15:08:38","slug":"conceptos-basicos","status":"publish","type":"page","link":"https:\/\/onedesk.com\/es\/conceptos-basicos\/","title":{"rendered":"Paso 2: conceptos b\u00e1sicos"},"content":{"rendered":"<h2 style=\"text-align: center;\">Las cosas en OneDesk<\/h2>\n<h3 style=\"text-align: center;\">(tambi\u00e9n conocido como &#8220;C\u00f3mo se estructuran sus datos&#8221;)<\/h3>\n<p>Para comprender c\u00f3mo OneDesk organiza sus cosas, solo necesita obtener algunos conceptos:<em> Art\u00edculos<\/em> ,<em> Proyecto<\/em> , y<em> Portafolios<\/em> .<\/p>\n<ol>\n<li><strong>ART\u00cdCULOS: las cosas b\u00e1sicas que est\u00e1 administrando<\/strong><br \/>\nEstas son las cosas que est\u00e1 administrando y rastreando, como<em> Tareas<\/em> o<em> Entradas<\/em> . Se clasifican en Ticket, Funciones y Tareas. Tambi\u00e9n puede crear otros tipos si lo desea.<\/li>\n<li><strong>PROYECTOS &#8211; grupos de ART\u00cdCULOS<\/strong><br \/>\nEstos contienen colecciones de art\u00edculos. Representan cosas como<em> proyectos<\/em> y<em> lanzamientos<\/em> , pero puede crear otros tipos de proyectos si es necesario. Dentro de los proyectos, sus elementos se pueden colocar en una estructura de carpetas para mantenerlos organizados.<\/li>\n<li><strong>PORTAFOLIOS &#8211; grupos de PROYECTOS<\/strong><br \/>\nLas carteras contienen proyectos. \u00daselos para organizar proyectos relacionados o lanzamientos juntos. Puede anidar &#8220;carteras&#8221; a cualquier profundidad, y un proyecto puede estar en m\u00e1s de una cartera, por lo que puede crear estructuras muy flexibles.<\/li>\n<\/ol>\n<p>&nbsp;<\/p>\n<p><img fetchpriority=\"high\" decoding=\"async\" class=\"size-full wp-image-63772 aligncenter\" src=\"https:\/\/onedesk.com\/wp-content\/uploads\/2016\/02\/Item-and-Container-Visual2.png\" alt=\"\" width=\"761\" height=\"420\"><\/p>\n<p>&nbsp;<\/p>\n<p>&nbsp;<\/p>\n<h2 style=\"text-align: center;\">Navegando dentro de OneDesk<\/h2>\n<p>OneDesk le permite acceder a sus art\u00edculos y contenedores de varias formas. Para navegar con confianza, necesita conocer las<em> Selector de proyectos<\/em> ,<em> Puntos de vista<\/em> y<em> Filtros<\/em> .<\/p>\n<p>&nbsp;<\/p>\n<p><strong><img decoding=\"async\" class=\"alignright wp-image-41402 \" src=\"https:\/\/onedesk.com\/wp-content\/uploads\/2016\/01\/scope.png\" alt=\"\" width=\"429\" height=\"225\">1. SELECTOR DE PROYECTO: el nivel de la jerarqu\u00eda del proyecto que est\u00e1 viendo<\/strong><br \/>\nCuando haya organizado sus elementos en proyectos y sus proyectos en una estructura, tendr\u00e1 una forma muy flexible de ver sus diferentes proyectos. El SELECTOR DE PROYECTO en la esquina superior izquierda de su pantalla le permite establecer el nivel de jerarqu\u00eda en el que desea enfocarse. Por ejemplo, si configura su alcance en \u201cKrypton Portfolio\u201d, ver\u00e1 todos los PROYECTOS y ART\u00cdCULOS dentro de ese PORTAFOLIO.<\/p>\n<p>&nbsp;<\/p>\n<p>&nbsp;<\/p>\n<p>&nbsp;<\/p>\n<p><strong><img decoding=\"async\" class=\"wp-image-41411 alignleft\" src=\"https:\/\/onedesk.com\/wp-content\/uploads\/2016\/01\/apps.png\" alt=\"\" width=\"50\">2. APLICACI\u00d3N: la categor\u00eda de elementos y c\u00f3mo desea mostrarlos.<\/strong><br \/>\nLas aplicaciones son iconos que se encuentran en la barra izquierda. Por ejemplo, seleccionando &#8220;tareas&#8221;, le mostrar\u00e1 su aplicaci\u00f3n de tareas donde puede planificar y ejecutar las tareas de su proyecto. La selecci\u00f3n de tickets mostrar\u00e1 su aplicaci\u00f3n de servicio de ayuda, la selecci\u00f3n de usuarios mostrar\u00e1 su aplicaci\u00f3n de usuarios, etc.<\/p>\n<p>Dentro de cada aplicaci\u00f3n tambi\u00e9n puede seleccionar la vista (ver m\u00e1s abajo).<\/p>\n<p>&nbsp;<\/p>\n<p>&nbsp;<\/p>\n<p>&nbsp;<\/p>\n<p>&nbsp;<\/p>\n<p>&nbsp;<\/p>\n<p>&nbsp;<\/p>\n<p>&nbsp;<\/p>\n<p><strong><img decoding=\"async\" class=\"alignright size-medium wp-image-44251\" src=\"https:\/\/onedesk.com\/wp-content\/uploads\/2016\/01\/new-view-e1559577779882-258x300.png\" alt=\"\" width=\"258\" height=\"300\" srcset=\"https:\/\/onedesk.com\/wp-content\/uploads\/2016\/01\/new-view-e1559577779882-258x300.png 258w, https:\/\/onedesk.com\/wp-content\/uploads\/2016\/01\/new-view-e1559577779882-255x296.png 255w, https:\/\/onedesk.com\/wp-content\/uploads\/2016\/01\/new-view-e1559577779882-69x80.png 69w, https:\/\/onedesk.com\/wp-content\/uploads\/2016\/01\/new-view-e1559577779882-34x40.png 34w, https:\/\/onedesk.com\/wp-content\/uploads\/2016\/01\/new-view-e1559577779882-480x558.png 480w, https:\/\/onedesk.com\/wp-content\/uploads\/2016\/01\/new-view-e1559577779882-500x581.png 500w, https:\/\/onedesk.com\/wp-content\/uploads\/2016\/01\/new-view-e1559577779882-360x419.png 360w, https:\/\/onedesk.com\/wp-content\/uploads\/2016\/01\/new-view-e1559577779882.png 547w\" sizes=\"(max-width: 258px) 100vw, 258px\" \/>  3. VISTAS: filtra, agrupa y distribuye los elementos que se encuentran en las aplicaciones<\/strong><br \/>\nLas vistas se encuentran al lado de la barra de aplicaciones a la izquierda. Las vistas est\u00e1ndar incluyen dise\u00f1os como \u00c1rbol, Plano, Gantt, Tarjetas, Calendario, Hoja de ruta y Tablero, pero puede crear sus propias vistas personalizadas. OneDesk tiene algunas vistas personalizadas creadas previamente como &#8220;Mi Todo&#8221; y &#8220;Bandeja de entrada de tareas&#8221;, que puede eliminar o modificar. Haga clic en el icono junto a &#8220;MIS VISTAS&#8221; para crear su propia vista, donde puede seleccionar el dise\u00f1o, los filtros y la agrupaci\u00f3n. Puede guardar y compartir estas vistas para que todos los miembros de su empresa puedan utilizarlas. La visibilidad, el orden y la clasificaci\u00f3n de las columnas tambi\u00e9n se pueden guardar en la vista.<\/p>\n<p>&nbsp;<\/p>\n<p>&nbsp;<\/p>\n<p>&nbsp;<\/p>\n<p>&nbsp;<\/p>\n<p>EL SELECTOR DE PROYECTO, APLICACIONES y VISTAS funcionan en conjunto para brindarle un control detallado sobre lo que desea ver. Tambi\u00e9n puede BUSCAR dentro de una vista por palabra clave o<em> Identificaci\u00f3n del producto<\/em> .<\/p>\n","protected":false},"excerpt":{"rendered":"<p>Las cosas en OneDesk (tambi\u00e9n conocido como &#8220;C\u00f3mo se estructuran sus datos&#8221;) Para comprender c\u00f3mo OneDesk organiza sus cosas, solo necesita obtener algunos conceptos: Art\u00edculos , Proyecto , y Portafolios . ART\u00cdCULOS: las cosas b\u00e1sicas que est\u00e1 administrando Estas son las cosas que est\u00e1 administrando y rastreando, como Tareas o Entradas . Se clasifican en [&hellip;]<\/p>\n","protected":false},"author":2,"featured_media":0,"parent":0,"menu_order":1,"comment_status":"closed","ping_status":"closed","template":"","meta":{"tpgb_global_settings":"","_crdt_document":"","inline_featured_image":false,"site-sidebar-layout":"default","site-content-layout":"","ast-site-content-layout":"default","site-content-style":"default","site-sidebar-style":"default","ast-global-header-display":"","ast-banner-title-visibility":"","ast-main-header-display":"","ast-hfb-above-header-display":"","ast-hfb-below-header-display":"","ast-hfb-mobile-header-display":"","site-post-title":"","ast-breadcrumbs-content":"","ast-featured-img":"","footer-sml-layout":"","ast-disable-related-posts":"","theme-transparent-header-meta":"","adv-header-id-meta":"","stick-header-meta":"","header-above-stick-meta":"","header-main-stick-meta":"","header-below-stick-meta":"","astra-migrate-meta-layouts":"default","ast-page-background-enabled":"default","ast-page-background-meta":{"desktop":{"background-color":"var(--ast-global-color-4)","background-image":"","background-repeat":"repeat","background-position":"center center","background-size":"auto","background-attachment":"scroll","background-type":"","background-media":"","overlay-type":"","overlay-color":"","overlay-opacity":"","overlay-gradient":""},"tablet":{"background-color":"","background-image":"","background-repeat":"repeat","background-position":"center center","background-size":"auto","background-attachment":"scroll","background-type":"","background-media":"","overlay-type":"","overlay-color":"","overlay-opacity":"","overlay-gradient":""},"mobile":{"background-color":"","background-image":"","background-repeat":"repeat","background-position":"center center","background-size":"auto","background-attachment":"scroll","background-type":"","background-media":"","overlay-type":"","overlay-color":"","overlay-opacity":"","overlay-gradient":""}},"ast-content-background-meta":{"desktop":{"background-color":"var(--ast-global-color-5)","background-image":"","background-repeat":"repeat","background-position":"center center","background-size":"auto","background-attachment":"scroll","background-type":"","background-media":"","overlay-type":"","overlay-color":"","overlay-opacity":"","overlay-gradient":""},"tablet":{"background-color":"var(--ast-global-color-5)","background-image":"","background-repeat":"repeat","background-position":"center center","background-size":"auto","background-attachment":"scroll","background-type":"","background-media":"","overlay-type":"","overlay-color":"","overlay-opacity":"","overlay-gradient":""},"mobile":{"background-color":"var(--ast-global-color-5)","background-image":"","background-repeat":"repeat","background-position":"center center","background-size":"auto","background-attachment":"scroll","background-type":"","background-media":"","overlay-type":"","overlay-color":"","overlay-opacity":"","overlay-gradient":""}},"footnotes":""},"class_list":["post-63685","page","type-page","status-publish","hentry"],"yoast_head":"<!-- This site is optimized with the Yoast SEO Premium plugin v27.4 (Yoast SEO v27.5) - https:\/\/yoast.com\/product\/yoast-seo-premium-wordpress\/ -->\n<title>Paso 2: conceptos b\u00e1sicos - Un escritorio<\/title>\n<meta name=\"description\" content=\"OneDesk es un software de asistencia t\u00e9cnica y un software de gesti\u00f3n de proyectos en una sola aplicaci\u00f3n. Esto explica los conceptos b\u00e1sicos dentro de OneDesk.\" \/>\n<meta name=\"robots\" content=\"index, follow, max-snippet:-1, max-image-preview:large, max-video-preview:-1\" \/>\n<link rel=\"canonical\" href=\"https:\/\/onedesk.com\/es\/conceptos-basicos\/\" \/>\n<meta property=\"og:locale\" content=\"es_ES\" \/>\n<meta property=\"og:type\" content=\"article\" \/>\n<meta property=\"og:title\" content=\"Paso 2: conceptos b\u00e1sicos - Un escritorio\" \/>\n<meta property=\"og:description\" content=\"OneDesk es un software de asistencia t\u00e9cnica y un software de gesti\u00f3n de proyectos en una sola aplicaci\u00f3n. Esto explica los conceptos b\u00e1sicos dentro de OneDesk.\" \/>\n<meta property=\"og:url\" content=\"https:\/\/onedesk.com\/es\/conceptos-basicos\/\" \/>\n<meta property=\"og:site_name\" content=\"Un escritorio\" \/>\n<meta property=\"article:publisher\" content=\"https:\/\/www.facebook.com\/OneDeskApp\" \/>\n<meta property=\"article:modified_time\" content=\"2021-03-10T15:08:38+00:00\" \/>\n<meta property=\"og:image\" content=\"https:\/\/onedesk.com\/wp-content\/uploads\/2016\/02\/Item-and-Container-Visual2.png\" \/>\n<meta name=\"twitter:card\" content=\"summary_large_image\" \/>\n<meta name=\"twitter:site\" content=\"@OneDeskApp\" \/>\n<meta name=\"twitter:label1\" content=\"Est. reading time\" \/>\n\t<meta name=\"twitter:data1\" content=\"3 minutes\" \/>\n<!-- \/ Yoast SEO Premium plugin. -->","yoast_head_json":{"title":"Paso 2: conceptos b\u00e1sicos - Un escritorio","description":"OneDesk es un software de asistencia t\u00e9cnica y un software de gesti\u00f3n de proyectos en una sola aplicaci\u00f3n. Esto explica los conceptos b\u00e1sicos dentro de OneDesk.","robots":{"index":"index","follow":"follow","max-snippet":"max-snippet:-1","max-image-preview":"max-image-preview:large","max-video-preview":"max-video-preview:-1"},"canonical":"https:\/\/onedesk.com\/es\/conceptos-basicos\/","og_locale":"es_ES","og_type":"article","og_title":"Paso 2: conceptos b\u00e1sicos - Un escritorio","og_description":"OneDesk es un software de asistencia t\u00e9cnica y un software de gesti\u00f3n de proyectos en una sola aplicaci\u00f3n. Esto explica los conceptos b\u00e1sicos dentro de OneDesk.","og_url":"https:\/\/onedesk.com\/es\/conceptos-basicos\/","og_site_name":"Un escritorio","article_publisher":"https:\/\/www.facebook.com\/OneDeskApp","article_modified_time":"2021-03-10T15:08:38+00:00","og_image":[{"url":"https:\/\/onedesk.com\/wp-content\/uploads\/2016\/02\/Item-and-Container-Visual2.png","type":"","width":"","height":""}],"twitter_card":"summary_large_image","twitter_site":"@OneDeskApp","twitter_misc":{"Est. reading time":"3 minutes"},"schema":{"@context":"https:\/\/schema.org","@graph":[{"@type":"WebPage","@id":"https:\/\/onedesk.com\/es\/conceptos-basicos\/","url":"https:\/\/onedesk.com\/es\/conceptos-basicos\/","name":"Paso 2: conceptos b\u00e1sicos - Un escritorio","isPartOf":{"@id":"https:\/\/onedesk.com\/es\/#website"},"primaryImageOfPage":{"@id":"https:\/\/onedesk.com\/es\/conceptos-basicos\/#primaryimage"},"image":{"@id":"https:\/\/onedesk.com\/es\/conceptos-basicos\/#primaryimage"},"thumbnailUrl":"https:\/\/onedesk.com\/wp-content\/uploads\/2016\/02\/Item-and-Container-Visual2.png","datePublished":"2021-03-10T15:07:58+00:00","dateModified":"2021-03-10T15:08:38+00:00","description":"OneDesk es un software de asistencia t\u00e9cnica y un software de gesti\u00f3n de proyectos en una sola aplicaci\u00f3n. Esto explica los conceptos b\u00e1sicos dentro de OneDesk.","inLanguage":"es-ES","potentialAction":[{"@type":"ReadAction","target":["https:\/\/onedesk.com\/es\/conceptos-basicos\/"]}]},{"@type":"ImageObject","inLanguage":"es-ES","@id":"https:\/\/onedesk.com\/es\/conceptos-basicos\/#primaryimage","url":"https:\/\/onedesk.com\/wp-content\/uploads\/2016\/02\/Item-and-Container-Visual2.png","contentUrl":"https:\/\/onedesk.com\/wp-content\/uploads\/2016\/02\/Item-and-Container-Visual2.png"},{"@type":"WebSite","@id":"https:\/\/onedesk.com\/es\/#website","url":"https:\/\/onedesk.com\/es\/","name":"Un escritorio","description":"Software de gesti\u00f3n de proyectos y asistencia t\u00e9cnica","publisher":{"@id":"https:\/\/onedesk.com\/es\/#organization"},"potentialAction":[{"@type":"SearchAction","target":{"@type":"EntryPoint","urlTemplate":"https:\/\/onedesk.com\/es\/?s={search_term_string}"},"query-input":{"@type":"PropertyValueSpecification","valueRequired":true,"valueName":"search_term_string"}}],"inLanguage":"es-ES"},{"@type":"Organization","@id":"https:\/\/onedesk.com\/es\/#organization","name":"Un escritorio","url":"https:\/\/onedesk.com\/es\/","logo":{"@type":"ImageObject","inLanguage":"es-ES","@id":"https:\/\/onedesk.com\/es\/#\/schema\/logo\/image\/","url":"https:\/\/onedesk.com\/wp-content\/uploads\/2016\/01\/white-logo-small.png","contentUrl":"https:\/\/onedesk.com\/wp-content\/uploads\/2016\/01\/white-logo-small.png","width":207,"height":40,"caption":"Un escritorio"},"image":{"@id":"https:\/\/onedesk.com\/es\/#\/schema\/logo\/image\/"},"sameAs":["https:\/\/www.facebook.com\/OneDeskApp","https:\/\/x.com\/OneDeskApp","https:\/\/www.instagram.com\/onedeskapp\/","https:\/\/www.linkedin.com\/company\/onedesk-inc-1","https:\/\/www.pinterest.com\/onedesk\/","https:\/\/www.youtube.com\/user\/OneDeskApp"]}]}},"tpgb_featured_images":null,"tpgb_post_meta_info":{"get_date":"March 10, 2021","get_modified_date":"March 10, 2021","author_name":"Derek","author_url":"https:\/\/onedesk.com\/es\/author\/derekonedesk-com\/","author_email":"derek@onedesk.com","author_website":"","author_description":"","author_facebook":"","author_twitter":"","author_instagram":"","author_role":["administrator"],"author_firstname":"Derek","author_lastname":"","user_login":"derek@onedesk.com","author_avatar":"<img alt='' src='https:\/\/secure.gravatar.com\/avatar\/457ebef17878f2246da5e4df1ab1420e949ee125154dfb140a3f3ce911b0ef71?s=200&#038;d=mm&#038;r=g' srcset='https:\/\/secure.gravatar.com\/avatar\/457ebef17878f2246da5e4df1ab1420e949ee125154dfb140a3f3ce911b0ef71?s=400&#038;d=mm&#038;r=g 2x' class='avatar avatar-200 photo' height='200' width='200' decoding='async'\/>","author_avatar_url":"https:\/\/secure.gravatar.com\/avatar\/457ebef17878f2246da5e4df1ab1420e949ee125154dfb140a3f3ce911b0ef71?s=96&d=mm&r=g","comment_count":0,"post_likes":0,"post_views":0},"tpgb_post_category":[],"jetpack_shortlink":"https:\/\/wp.me\/PfpPaI-gzb","amp_enabled":true,"_links":{"self":[{"href":"https:\/\/onedesk.com\/es\/wp-json\/wp\/v2\/pages\/63685","targetHints":{"allow":["GET"]}}],"collection":[{"href":"https:\/\/onedesk.com\/es\/wp-json\/wp\/v2\/pages"}],"about":[{"href":"https:\/\/onedesk.com\/es\/wp-json\/wp\/v2\/types\/page"}],"author":[{"embeddable":true,"href":"https:\/\/onedesk.com\/es\/wp-json\/wp\/v2\/users\/2"}],"replies":[{"embeddable":true,"href":"https:\/\/onedesk.com\/es\/wp-json\/wp\/v2\/comments?post=63685"}],"version-history":[{"count":3,"href":"https:\/\/onedesk.com\/es\/wp-json\/wp\/v2\/pages\/63685\/revisions"}],"predecessor-version":[{"id":63833,"href":"https:\/\/onedesk.com\/es\/wp-json\/wp\/v2\/pages\/63685\/revisions\/63833"}],"wp:attachment":[{"href":"https:\/\/onedesk.com\/es\/wp-json\/wp\/v2\/media?parent=63685"}],"curies":[{"name":"wp","href":"https:\/\/api.w.org\/{rel}","templated":true}]}}