{"id":95144,"date":"2021-05-26T15:38:38","date_gmt":"2021-05-26T15:38:38","guid":{"rendered":"https:\/\/onedesk.com\/?page_id=95144"},"modified":"2021-05-26T15:38:38","modified_gmt":"2021-05-26T15:38:38","slug":"libro-demo-2","status":"publish","type":"page","link":"https:\/\/onedesk.com\/es\/manifestacion\/libro-demo-2\/","title":{"rendered":"Demo de libro"},"content":{"rendered":"<p>\u00bfQuiere saber m\u00e1s sobre c\u00f3mo OneDesk puede ayudar a su empresa? \u00a1Reserve una demostraci\u00f3n individual con nosotros hoy! Simplemente elija la hora que desee en el calendario a continuaci\u00f3n y nosotros haremos el resto.<br \/>\n<iframe id=\"myframe\" style=\"overflow: hidden;\" src=\"https:\/\/onedesk-demos.youcanbook.me\/\" width=\"950px\" height=\"1200px\" frameborder=\"0\">Su navegador no soporta iframes.<br \/>\n<\/iframe><\/p>\n","protected":false},"excerpt":{"rendered":"<p>\u00bfQuiere saber m\u00e1s sobre c\u00f3mo OneDesk puede ayudar a su empresa? \u00a1Reserve una demostraci\u00f3n individual con nosotros hoy! Simplemente elija la hora que desee en el calendario a continuaci\u00f3n y nosotros haremos el resto. Su navegador no soporta iframes.<\/p>\n","protected":false},"author":27,"featured_media":0,"parent":61253,"menu_order":1,"comment_status":"closed","ping_status":"closed","template":"","meta":{"tpgb_global_settings":"","_crdt_document":"","inline_featured_image":false,"site-sidebar-layout":"default","site-content-layout":"","ast-site-content-layout":"default","site-content-style":"default","site-sidebar-style":"default","ast-global-header-display":"","ast-banner-title-visibility":"","ast-main-header-display":"","ast-hfb-above-header-display":"","ast-hfb-below-header-display":"","ast-hfb-mobile-header-display":"","site-post-title":"","ast-breadcrumbs-content":"","ast-featured-img":"","footer-sml-layout":"","ast-disable-related-posts":"","theme-transparent-header-meta":"","adv-header-id-meta":"","stick-header-meta":"","header-above-stick-meta":"","header-main-stick-meta":"","header-below-stick-meta":"","astra-migrate-meta-layouts":"default","ast-page-background-enabled":"default","ast-page-background-meta":{"desktop":{"background-color":"var(--ast-global-color-4)","background-image":"","background-repeat":"repeat","background-position":"center center","background-size":"auto","background-attachment":"scroll","background-type":"","background-media":"","overlay-type":"","overlay-color":"","overlay-opacity":"","overlay-gradient":""},"tablet":{"background-color":"","background-image":"","background-repeat":"repeat","background-position":"center center","background-size":"auto","background-attachment":"scroll","background-type":"","background-media":"","overlay-type":"","overlay-color":"","overlay-opacity":"","overlay-gradient":""},"mobile":{"background-color":"","background-image":"","background-repeat":"repeat","background-position":"center center","background-size":"auto","background-attachment":"scroll","background-type":"","background-media":"","overlay-type":"","overlay-color":"","overlay-opacity":"","overlay-gradient":""}},"ast-content-background-meta":{"desktop":{"background-color":"var(--ast-global-color-5)","background-image":"","background-repeat":"repeat","background-position":"center center","background-size":"auto","background-attachment":"scroll","background-type":"","background-media":"","overlay-type":"","overlay-color":"","overlay-opacity":"","overlay-gradient":""},"tablet":{"background-color":"var(--ast-global-color-5)","background-image":"","background-repeat":"repeat","background-position":"center center","background-size":"auto","background-attachment":"scroll","background-type":"","background-media":"","overlay-type":"","overlay-color":"","overlay-opacity":"","overlay-gradient":""},"mobile":{"background-color":"var(--ast-global-color-5)","background-image":"","background-repeat":"repeat","background-position":"center center","background-size":"auto","background-attachment":"scroll","background-type":"","background-media":"","overlay-type":"","overlay-color":"","overlay-opacity":"","overlay-gradient":""}},"footnotes":""},"class_list":["post-95144","page","type-page","status-publish","hentry"],"yoast_head":"<!-- This site is optimized with the Yoast SEO Premium plugin v27.2 (Yoast SEO v27.3) - https:\/\/yoast.com\/product\/yoast-seo-premium-wordpress\/ -->\n<title>Demo de libro | Software de mesa de ayuda y gesti\u00f3n de proyectos | Un escritorio<\/title>\n<meta name=\"description\" content=\"OneDesk es un software de mesa de ayuda y gesti\u00f3n de proyectos en una sola aplicaci\u00f3n. Perm\u00edtanos mostrarle c\u00f3mo funciona esto cuando reserve una demostraci\u00f3n con nosotros.\" \/>\n<meta name=\"robots\" content=\"index, follow, max-snippet:-1, max-image-preview:large, max-video-preview:-1\" \/>\n<link rel=\"canonical\" href=\"https:\/\/onedesk.com\/es\/manifestacion\/libro-demo-2\/\" \/>\n<meta property=\"og:locale\" content=\"es_ES\" \/>\n<meta property=\"og:type\" content=\"article\" \/>\n<meta property=\"og:title\" content=\"Demo de libro | Software de mesa de ayuda y gesti\u00f3n de proyectos | Un escritorio\" \/>\n<meta property=\"og:description\" content=\"OneDesk es un software de mesa de ayuda y gesti\u00f3n de proyectos en una sola aplicaci\u00f3n. Perm\u00edtanos mostrarle c\u00f3mo funciona esto cuando reserve una demostraci\u00f3n con nosotros.\" \/>\n<meta property=\"og:url\" content=\"https:\/\/onedesk.com\/es\/manifestacion\/libro-demo-2\/\" \/>\n<meta property=\"og:site_name\" content=\"Un escritorio\" \/>\n<meta property=\"article:publisher\" content=\"https:\/\/www.facebook.com\/OneDeskApp\" \/>\n<meta property=\"og:image\" content=\"https:\/\/onedesk.com\/wp-content\/uploads\/2020\/04\/OneDesk-Logo.png\" \/>\n\t<meta property=\"og:image:width\" content=\"1280\" \/>\n\t<meta property=\"og:image:height\" content=\"800\" \/>\n\t<meta property=\"og:image:type\" content=\"image\/png\" \/>\n<meta name=\"twitter:card\" content=\"summary_large_image\" \/>\n<meta name=\"twitter:site\" content=\"@OneDeskApp\" \/>\n<!-- \/ Yoast SEO Premium plugin. -->","yoast_head_json":{"title":"Demo de libro | Software de mesa de ayuda y gesti\u00f3n de proyectos | Un escritorio","description":"OneDesk es un software de mesa de ayuda y gesti\u00f3n de proyectos en una sola aplicaci\u00f3n. Perm\u00edtanos mostrarle c\u00f3mo funciona esto cuando reserve una demostraci\u00f3n con nosotros.","robots":{"index":"index","follow":"follow","max-snippet":"max-snippet:-1","max-image-preview":"max-image-preview:large","max-video-preview":"max-video-preview:-1"},"canonical":"https:\/\/onedesk.com\/es\/manifestacion\/libro-demo-2\/","og_locale":"es_ES","og_type":"article","og_title":"Demo de libro | Software de mesa de ayuda y gesti\u00f3n de proyectos | Un escritorio","og_description":"OneDesk es un software de mesa de ayuda y gesti\u00f3n de proyectos en una sola aplicaci\u00f3n. Perm\u00edtanos mostrarle c\u00f3mo funciona esto cuando reserve una demostraci\u00f3n con nosotros.","og_url":"https:\/\/onedesk.com\/es\/manifestacion\/libro-demo-2\/","og_site_name":"Un escritorio","article_publisher":"https:\/\/www.facebook.com\/OneDeskApp","og_image":[{"width":1280,"height":800,"url":"https:\/\/onedesk.com\/wp-content\/uploads\/2020\/04\/OneDesk-Logo.png","type":"image\/png"}],"twitter_card":"summary_large_image","twitter_site":"@OneDeskApp","schema":{"@context":"https:\/\/schema.org","@graph":[{"@type":"WebPage","@id":"https:\/\/onedesk.com\/es\/manifestacion\/libro-demo-2\/","url":"https:\/\/onedesk.com\/es\/manifestacion\/libro-demo-2\/","name":"Demo de libro | Software de mesa de ayuda y gesti\u00f3n de proyectos | Un escritorio","isPartOf":{"@id":"https:\/\/onedesk.com\/es\/#website"},"datePublished":"2021-05-26T15:38:38+00:00","description":"OneDesk es un software de mesa de ayuda y gesti\u00f3n de proyectos en una sola aplicaci\u00f3n. Perm\u00edtanos mostrarle c\u00f3mo funciona esto cuando reserve una demostraci\u00f3n con nosotros.","breadcrumb":{"@id":"https:\/\/onedesk.com\/es\/manifestacion\/libro-demo-2\/#breadcrumb"},"inLanguage":"es-ES","potentialAction":[{"@type":"ReadAction","target":["https:\/\/onedesk.com\/es\/manifestacion\/libro-demo-2\/"]}]},{"@type":"BreadcrumbList","@id":"https:\/\/onedesk.com\/es\/manifestacion\/libro-demo-2\/#breadcrumb","itemListElement":[{"@type":"ListItem","position":1,"name":"manifestaci\u00f3n","item":"https:\/\/onedesk.com\/es\/manifestacion\/"},{"@type":"ListItem","position":2,"name":"Demo de libro"}]},{"@type":"WebSite","@id":"https:\/\/onedesk.com\/es\/#website","url":"https:\/\/onedesk.com\/es\/","name":"Un escritorio","description":"Software de gesti\u00f3n de proyectos y asistencia t\u00e9cnica","publisher":{"@id":"https:\/\/onedesk.com\/es\/#organization"},"potentialAction":[{"@type":"SearchAction","target":{"@type":"EntryPoint","urlTemplate":"https:\/\/onedesk.com\/es\/?s={search_term_string}"},"query-input":{"@type":"PropertyValueSpecification","valueRequired":true,"valueName":"search_term_string"}}],"inLanguage":"es-ES"},{"@type":"Organization","@id":"https:\/\/onedesk.com\/es\/#organization","name":"Un escritorio","url":"https:\/\/onedesk.com\/es\/","logo":{"@type":"ImageObject","inLanguage":"es-ES","@id":"https:\/\/onedesk.com\/es\/#\/schema\/logo\/image\/","url":"https:\/\/onedesk.com\/wp-content\/uploads\/2016\/01\/white-logo-small.png","contentUrl":"https:\/\/onedesk.com\/wp-content\/uploads\/2016\/01\/white-logo-small.png","width":207,"height":40,"caption":"Un escritorio"},"image":{"@id":"https:\/\/onedesk.com\/es\/#\/schema\/logo\/image\/"},"sameAs":["https:\/\/www.facebook.com\/OneDeskApp","https:\/\/x.com\/OneDeskApp","https:\/\/www.instagram.com\/onedeskapp\/","https:\/\/www.linkedin.com\/company\/onedesk-inc-1","https:\/\/www.pinterest.com\/onedesk\/","https:\/\/www.youtube.com\/user\/OneDeskApp"]}]}},"tpgb_featured_images":null,"tpgb_post_meta_info":{"get_date":"May 26, 2021","get_modified_date":"May 26, 2021","author_name":"Sabrin Yusef","author_url":"https:\/\/onedesk.com\/es\/author\/sarbin-yusef\/","author_email":"sabrin.yusef@onedesk.com","author_website":"","author_description":"","author_facebook":"","author_twitter":"","author_instagram":"","author_role":["customer"],"author_firstname":"Sabrin","author_lastname":"Yusef","user_login":"sarbin.yusef","author_avatar":"<img alt='' src='https:\/\/secure.gravatar.com\/avatar\/1f20332b0900369c93c9c272e03885bde073bf214b3dd3eb4bea569a45bea588?s=200&#038;d=mm&#038;r=g' srcset='https:\/\/secure.gravatar.com\/avatar\/1f20332b0900369c93c9c272e03885bde073bf214b3dd3eb4bea569a45bea588?s=400&#038;d=mm&#038;r=g 2x' class='avatar avatar-200 photo' height='200' width='200' decoding='async'\/>","author_avatar_url":"https:\/\/secure.gravatar.com\/avatar\/1f20332b0900369c93c9c272e03885bde073bf214b3dd3eb4bea569a45bea588?s=96&d=mm&r=g","comment_count":0,"post_likes":0,"post_views":0},"tpgb_post_category":[],"jetpack_shortlink":"https:\/\/wp.me\/PfpPaI-oKA","amp_enabled":true,"_links":{"self":[{"href":"https:\/\/onedesk.com\/es\/wp-json\/wp\/v2\/pages\/95144","targetHints":{"allow":["GET"]}}],"collection":[{"href":"https:\/\/onedesk.com\/es\/wp-json\/wp\/v2\/pages"}],"about":[{"href":"https:\/\/onedesk.com\/es\/wp-json\/wp\/v2\/types\/page"}],"author":[{"embeddable":true,"href":"https:\/\/onedesk.com\/es\/wp-json\/wp\/v2\/users\/27"}],"replies":[{"embeddable":true,"href":"https:\/\/onedesk.com\/es\/wp-json\/wp\/v2\/comments?post=95144"}],"version-history":[{"count":1,"href":"https:\/\/onedesk.com\/es\/wp-json\/wp\/v2\/pages\/95144\/revisions"}],"predecessor-version":[{"id":101005,"href":"https:\/\/onedesk.com\/es\/wp-json\/wp\/v2\/pages\/95144\/revisions\/101005"}],"up":[{"embeddable":true,"href":"https:\/\/onedesk.com\/es\/wp-json\/wp\/v2\/pages\/61253"}],"wp:attachment":[{"href":"https:\/\/onedesk.com\/es\/wp-json\/wp\/v2\/media?parent=95144"}],"curies":[{"name":"wp","href":"https:\/\/api.w.org\/{rel}","templated":true}]}}