{"id":151731,"date":"2021-12-16T18:55:37","date_gmt":"2021-12-16T18:55:37","guid":{"rendered":"https:\/\/onedesk.com\/index-des-fonctionnalites\/applications-clients-fonctionnalites\/"},"modified":"2023-08-08T18:54:26","modified_gmt":"2023-08-08T18:54:26","slug":"fonctionnalites-des-applications-client","status":"publish","type":"page","link":"https:\/\/onedesk.com\/fr\/index-des-fonctionnalites\/fonctionnalites-des-applications-client\/","title":{"rendered":"Liste des fonctionnalit\u00e9s des applications client"},"content":{"rendered":"\t\t<div data-elementor-type=\"wp-page\" data-elementor-id=\"151731\" class=\"elementor elementor-151731 elementor-125037\" data-elementor-post-type=\"page\">\n\t\t\t\t\t\t<section class=\"elementor-section elementor-top-section elementor-element elementor-element-54ceb6b elementor-section-boxed elementor-section-height-default elementor-section-height-default\" data-id=\"54ceb6b\" data-element_type=\"section\" data-e-type=\"section\">\n\t\t\t\t\t\t<div class=\"elementor-container elementor-column-gap-default\">\n\t\t\t\t\t<div class=\"elementor-column elementor-col-100 elementor-top-column elementor-element elementor-element-dc4f359\" data-id=\"dc4f359\" data-element_type=\"column\" data-e-type=\"column\">\n\t\t\t<div class=\"elementor-widget-wrap elementor-element-populated\">\n\t\t\t\t\t\t<div class=\"elementor-element elementor-element-fd9af8b elementor-widget elementor-widget-heading\" data-id=\"fd9af8b\" data-element_type=\"widget\" data-e-type=\"widget\" data-widget_type=\"heading.default\">\n\t\t\t\t<div class=\"elementor-widget-container\">\n\t\t\t\t\t<h1 class=\"elementor-heading-title elementor-size-default\">Liste des fonctionnalit\u00e9s des applications client de OneDesk<\/h1>\t\t\t\t<\/div>\n\t\t\t\t<\/div>\n\t\t\t\t\t<\/div>\n\t\t<\/div>\n\t\t\t\t\t<\/div>\n\t\t<\/section>\n\t\t\t\t<section class=\"elementor-section elementor-top-section elementor-element elementor-element-24a6305 elementor-section-boxed elementor-section-height-default elementor-section-height-default\" data-id=\"24a6305\" data-element_type=\"section\" data-e-type=\"section\">\n\t\t\t\t\t\t<div class=\"elementor-container elementor-column-gap-default\">\n\t\t\t\t\t<div class=\"elementor-column elementor-col-100 elementor-top-column elementor-element elementor-element-5c87283\" data-id=\"5c87283\" data-element_type=\"column\" data-e-type=\"column\">\n\t\t\t<div class=\"elementor-widget-wrap elementor-element-populated\">\n\t\t\t\t\t\t<div class=\"elementor-element elementor-element-0eea353 elementor-align-center elementor-widget elementor-widget-global elementor-global-239883 elementor-global-131872 elementor-widget-button\" data-id=\"0eea353\" data-element_type=\"widget\" data-e-type=\"widget\" data-widget_type=\"button.default\">\n\t\t\t\t<div class=\"elementor-widget-container\">\n\t\t\t\t\t\t\t\t\t<div class=\"elementor-button-wrapper\">\n\t\t\t\t\t<a class=\"elementor-button elementor-button-link elementor-size-lg elementor-animation-grow\" href=\"https:\/\/onedesk.com\/fr\/inscription-gratuite\/\">\n\t\t\t\t\t\t<span class=\"elementor-button-content-wrapper\">\n\t\t\t\t\t\t\t\t\t<span class=\"elementor-button-text\">Inscription gratuite!<\/span>\n\t\t\t\t\t<\/span>\n\t\t\t\t\t<\/a>\n\t\t\t\t<\/div>\n\t\t\t\t\t\t\t\t<\/div>\n\t\t\t\t<\/div>\n\t\t\t\t<div class=\"elementor-element elementor-element-fde6c84 elementor-widget elementor-widget-text-editor\" data-id=\"fde6c84\" data-element_type=\"widget\" data-e-type=\"widget\" data-widget_type=\"text-editor.default\">\n\t\t\t\t<div class=\"elementor-widget-container\">\n\t\t\t\t\t\t\t\t\t<p>Vous voulez voir comment OneDesk se compare \u00e0 d&#8217;autres logiciels d&#8217;assistance ou de gestion de projet ?<\/p>\n\t\t\t\t\t\t\t\t<\/div>\n\t\t\t\t<\/div>\n\t\t\t\t<div class=\"elementor-element elementor-element-8196880 elementor-align-center elementor-widget elementor-widget-button\" data-id=\"8196880\" data-element_type=\"widget\" data-e-type=\"widget\" data-widget_type=\"button.default\">\n\t\t\t\t<div class=\"elementor-widget-container\">\n\t\t\t\t\t\t\t\t\t<div class=\"elementor-button-wrapper\">\n\t\t\t\t\t<a class=\"elementor-button elementor-button-link elementor-size-xs\" href=\"https:\/\/onedesk.com\/wp-content\/uploads\/2022\/04\/OneDesk_Features_Checklist_for_Helpdesk_and_Project_Management.pdf\">\n\t\t\t\t\t\t<span class=\"elementor-button-content-wrapper\">\n\t\t\t\t\t\t\t\t\t<span class=\"elementor-button-text\">T\u00e9l\u00e9charger la check-list de comparaison<\/span>\n\t\t\t\t\t<\/span>\n\t\t\t\t\t<\/a>\n\t\t\t\t<\/div>\n\t\t\t\t\t\t\t\t<\/div>\n\t\t\t\t<\/div>\n\t\t\t\t\t<\/div>\n\t\t<\/div>\n\t\t\t\t\t<\/div>\n\t\t<\/section>\n\t\t\t\t<section class=\"elementor-section elementor-top-section elementor-element elementor-element-8711bc9 elementor-section-boxed elementor-section-height-default elementor-section-height-default\" data-id=\"8711bc9\" data-element_type=\"section\" data-e-type=\"section\">\n\t\t\t\t\t\t<div class=\"elementor-container elementor-column-gap-default\">\n\t\t\t\t\t<div class=\"elementor-column elementor-col-100 elementor-top-column elementor-element elementor-element-3e015b3\" data-id=\"3e015b3\" data-element_type=\"column\" data-e-type=\"column\">\n\t\t\t<div class=\"elementor-widget-wrap elementor-element-populated\">\n\t\t\t\t\t\t<div class=\"elementor-element elementor-element-b9ed7b2 elementor-widget elementor-widget-shortcode\" data-id=\"b9ed7b2\" data-element_type=\"widget\" data-e-type=\"widget\" data-widget_type=\"shortcode.default\">\n\t\t\t\t<div class=\"elementor-widget-container\">\n\t\t\t\t\t\t\t<div class=\"elementor-shortcode\">\n<table id=\"tablepress-32\" class=\"tablepress tablepress-id-32\">\n<tbody class=\"row-hover\">\n<tr class=\"row-1\">\n\t<td class=\"column-1\"><h3>Customer Apps Features<\/h3><\/td><td class=\"column-2\"><\/td>\n<\/tr>\n<tr class=\"row-2\">\n\t<td class=\"column-1\"><a href=\"https:\/\/onedesk.com\/features-index\/live-chat-customer-support\/\">Live-Chat Messenger<\/a><br \/>\nOneDesk lets you support your customers in real time through a live-chat messenger.<br \/>\n<\/td><td class=\"column-2\"><a href=\"https:\/\/onedesk.com\/features-index\/customer-portal\/\">Customer Portal<\/a><br \/>\nWith OneDesk's customer portal, your customers can see the status of their submitted tickets, create new tickets, and access self-service options.<\/td>\n<\/tr>\n<tr class=\"row-3\">\n\t<td class=\"column-1\"><a href=\"https:\/\/onedesk.com\/features-index\/web-widget\/\">Web Widget<\/a><br \/>\nOneDesk lets you put a fully customizable customer-facing web widget onto your website that holds all your customer apps.<\/td><td class=\"column-2\"><a href=\"https:\/\/onedesk.com\/features-index\/webforms\/\">Webforms<\/a><br \/>\nWebforms let you distinguish between incoming customer requests by allowing your customer to easily submit a unique ticket or task type.<\/td>\n<\/tr>\n<tr class=\"row-4\">\n\t<td class=\"column-1\"><a href=\"https:\/\/onedesk.com\/features-index\/knowledgebase\/\">Knowledgebase<\/a><br \/>\nOneDesk allows you to create and easily maintain a knowledgebase where your customers can self-serve to find important information.<\/td><td class=\"column-2\"><a href=\"https:\/\/onedesk.com\/features-index\/automated-bot-response\/\">Automated Bot Responses<\/a><br \/>\nOneDesk\u2019s automated bot lets you display information to your customers based on triggers set by you.<\/td>\n<\/tr>\n<tr class=\"row-5\">\n\t<td class=\"column-1\"><a href=\"https:\/\/onedesk.com\/features-index\/creating-items-from-live-chat\/\">Creating Tickets from Live Chat<\/a><br \/>\nOneDesk lets you create tickets and tasks (items) directly from your live-chat messenger. <\/td><td class=\"column-2\"><a href=\"https:\/\/onedesk.com\/features-index\/custom-fields\/\">Custom Fields<\/a><br \/>\nOneDesk lets you create custom fields that attach as properties to your tickets or tasks. These fields can be added to your customer-facing webforms.<\/td>\n<\/tr>\n<tr class=\"row-6\">\n\t<td class=\"column-1\"><a href=\"https:\/\/onedesk.com\/features-index\/auto-triage\/\">Auto Ticket Routing<\/a><br \/>\nOneDesk lets you create auto-routing rules for tickets and tasks submitted from customer apps.<\/td><td class=\"column-2\"><\/td>\n<\/tr>\n<\/tbody>\n<\/table>\n<!-- #tablepress-32 from cache --><\/div>\n\t\t\t\t\t\t<\/div>\n\t\t\t\t<\/div>\n\t\t\t\t\t<\/div>\n\t\t<\/div>\n\t\t\t\t\t<\/div>\n\t\t<\/section>\n\t\t\t\t<section class=\"elementor-section elementor-top-section elementor-element elementor-element-6624258 elementor-section-boxed elementor-section-height-default elementor-section-height-default\" data-id=\"6624258\" data-element_type=\"section\" data-e-type=\"section\">\n\t\t\t\t\t\t<div class=\"elementor-container elementor-column-gap-default\">\n\t\t\t\t\t<div class=\"elementor-column elementor-col-100 elementor-top-column elementor-element elementor-element-1193051\" data-id=\"1193051\" data-element_type=\"column\" data-e-type=\"column\">\n\t\t\t<div class=\"elementor-widget-wrap elementor-element-populated\">\n\t\t\t\t\t\t<div class=\"elementor-element elementor-element-8a875be elementor-align-center elementor-widget elementor-widget-global elementor-global-243635 elementor-widget-button\" data-id=\"8a875be\" data-element_type=\"widget\" data-e-type=\"widget\" data-widget_type=\"button.default\">\n\t\t\t\t<div class=\"elementor-widget-container\">\n\t\t\t\t\t\t\t\t\t<div class=\"elementor-button-wrapper\">\n\t\t\t\t\t<a class=\"elementor-button elementor-button-link elementor-size-xs\" href=\"https:\/\/onedesk.com\/features-index\/\">\n\t\t\t\t\t\t<span class=\"elementor-button-content-wrapper\">\n\t\t\t\t\t\t\t\t\t<span class=\"elementor-button-text\">Full list of features &gt;<\/span>\n\t\t\t\t\t<\/span>\n\t\t\t\t\t<\/a>\n\t\t\t\t<\/div>\n\t\t\t\t\t\t\t\t<\/div>\n\t\t\t\t<\/div>\n\t\t\t\t\t<\/div>\n\t\t<\/div>\n\t\t\t\t\t<\/div>\n\t\t<\/section>\n\t\t\t\t<section class=\"elementor-section elementor-top-section elementor-element elementor-element-db120a0 elementor-section-boxed elementor-section-height-default elementor-section-height-default\" data-id=\"db120a0\" data-element_type=\"section\" data-e-type=\"section\">\n\t\t\t\t\t\t<div class=\"elementor-container elementor-column-gap-default\">\n\t\t\t\t\t<div class=\"elementor-column elementor-col-100 elementor-top-column elementor-element elementor-element-12adb13\" data-id=\"12adb13\" data-element_type=\"column\" data-e-type=\"column\">\n\t\t\t<div class=\"elementor-widget-wrap elementor-element-populated\">\n\t\t\t\t\t\t<div class=\"elementor-element elementor-element-d8255a8 elementor-widget elementor-widget-spacer\" data-id=\"d8255a8\" data-element_type=\"widget\" data-e-type=\"widget\" data-widget_type=\"spacer.default\">\n\t\t\t\t<div class=\"elementor-widget-container\">\n\t\t\t\t\t\t\t<div class=\"elementor-spacer\">\n\t\t\t<div class=\"elementor-spacer-inner\"><\/div>\n\t\t<\/div>\n\t\t\t\t\t\t<\/div>\n\t\t\t\t<\/div>\n\t\t\t\t\t<\/div>\n\t\t<\/div>\n\t\t\t\t\t<\/div>\n\t\t<\/section>\n\t\t\t\t<\/div>\n\t\t","protected":false},"excerpt":{"rendered":"<p>Liste des fonctionnalit\u00e9s des applications client de OneDesk Sign up free! Vous voulez voir comment OneDesk se compare \u00e0 d&#8217;autres logiciels d&#8217;assistance ou de gestion de projet ? T\u00e9l\u00e9charger la check-list de comparaison Full list of features ><\/p>\n","protected":false},"author":27,"featured_media":0,"parent":151672,"menu_order":35,"comment_status":"closed","ping_status":"closed","template":"","meta":{"tpgb_global_settings":"","_crdt_document":"","inline_featured_image":false,"site-sidebar-layout":"no-sidebar","site-content-layout":"page-builder","ast-site-content-layout":"default","site-content-style":"default","site-sidebar-style":"default","ast-global-header-display":"","ast-banner-title-visibility":"","ast-main-header-display":"","ast-hfb-above-header-display":"","ast-hfb-below-header-display":"","ast-hfb-mobile-header-display":"","site-post-title":"disabled","ast-breadcrumbs-content":"","ast-featured-img":"disabled","footer-sml-layout":"","ast-disable-related-posts":"","theme-transparent-header-meta":"","adv-header-id-meta":"","stick-header-meta":"","header-above-stick-meta":"","header-main-stick-meta":"","header-below-stick-meta":"","astra-migrate-meta-layouts":"default","ast-page-background-enabled":"default","ast-page-background-meta":{"desktop":{"background-color":"var(--ast-global-color-4)","background-image":"","background-repeat":"repeat","background-position":"center center","background-size":"auto","background-attachment":"scroll","background-type":"","background-media":"","overlay-type":"","overlay-color":"","overlay-opacity":"","overlay-gradient":""},"tablet":{"background-color":"","background-image":"","background-repeat":"repeat","background-position":"center center","background-size":"auto","background-attachment":"scroll","background-type":"","background-media":"","overlay-type":"","overlay-color":"","overlay-opacity":"","overlay-gradient":""},"mobile":{"background-color":"","background-image":"","background-repeat":"repeat","background-position":"center center","background-size":"auto","background-attachment":"scroll","background-type":"","background-media":"","overlay-type":"","overlay-color":"","overlay-opacity":"","overlay-gradient":""}},"ast-content-background-meta":{"desktop":{"background-color":"var(--ast-global-color-5)","background-image":"","background-repeat":"repeat","background-position":"center center","background-size":"auto","background-attachment":"scroll","background-type":"","background-media":"","overlay-type":"","overlay-color":"","overlay-opacity":"","overlay-gradient":""},"tablet":{"background-color":"var(--ast-global-color-5)","background-image":"","background-repeat":"repeat","background-position":"center center","background-size":"auto","background-attachment":"scroll","background-type":"","background-media":"","overlay-type":"","overlay-color":"","overlay-opacity":"","overlay-gradient":""},"mobile":{"background-color":"var(--ast-global-color-5)","background-image":"","background-repeat":"repeat","background-position":"center center","background-size":"auto","background-attachment":"scroll","background-type":"","background-media":"","overlay-type":"","overlay-color":"","overlay-opacity":"","overlay-gradient":""}},"footnotes":""},"class_list":["post-151731","page","type-page","status-publish","hentry"],"yoast_head":"<!-- This site is optimized with the Yoast SEO Premium plugin v27.2 (Yoast SEO v27.3) - https:\/\/yoast.com\/product\/yoast-seo-premium-wordpress\/ -->\n<title>Liste des applications client | Caract\u00e9ristiques | Application logicielle OneDesk<\/title>\n<meta name=\"description\" content=\"OneDesk est un logiciel de helpdesk et de gestion de projet. Apprenez tout sur les applications client disponibles dans OneDesk.\" \/>\n<meta name=\"robots\" content=\"index, follow, max-snippet:-1, max-image-preview:large, max-video-preview:-1\" \/>\n<link rel=\"canonical\" href=\"https:\/\/onedesk.com\/fr\/index-des-fonctionnalites\/fonctionnalites-des-applications-client\/\" \/>\n<meta property=\"og:locale\" content=\"fr_FR\" \/>\n<meta property=\"og:type\" content=\"article\" \/>\n<meta property=\"og:title\" content=\"Liste des applications client | Caract\u00e9ristiques | Application logicielle OneDesk\" \/>\n<meta property=\"og:description\" content=\"OneDesk est un logiciel de helpdesk et de gestion de projet. Apprenez tout sur les applications client disponibles dans OneDesk.\" \/>\n<meta property=\"og:url\" content=\"https:\/\/onedesk.com\/fr\/index-des-fonctionnalites\/fonctionnalites-des-applications-client\/\" \/>\n<meta property=\"og:site_name\" content=\"OneDesk\" \/>\n<meta property=\"article:publisher\" content=\"https:\/\/www.facebook.com\/OneDeskApp\" \/>\n<meta property=\"article:modified_time\" content=\"2023-08-08T18:54:26+00:00\" \/>\n<meta property=\"og:image\" content=\"https:\/\/onedesk.com\/wp-content\/uploads\/2020\/04\/OneDesk-Logo.png\" \/>\n\t<meta property=\"og:image:width\" content=\"1280\" \/>\n\t<meta property=\"og:image:height\" content=\"800\" \/>\n\t<meta property=\"og:image:type\" content=\"image\/png\" \/>\n<meta name=\"twitter:card\" content=\"summary_large_image\" \/>\n<meta name=\"twitter:site\" content=\"@OneDeskApp\" \/>\n<!-- \/ Yoast SEO Premium plugin. -->","yoast_head_json":{"title":"Liste des applications client | Caract\u00e9ristiques | Application logicielle OneDesk","description":"OneDesk est un logiciel de helpdesk et de gestion de projet. Apprenez tout sur les applications client disponibles dans OneDesk.","robots":{"index":"index","follow":"follow","max-snippet":"max-snippet:-1","max-image-preview":"max-image-preview:large","max-video-preview":"max-video-preview:-1"},"canonical":"https:\/\/onedesk.com\/fr\/index-des-fonctionnalites\/fonctionnalites-des-applications-client\/","og_locale":"fr_FR","og_type":"article","og_title":"Liste des applications client | Caract\u00e9ristiques | Application logicielle OneDesk","og_description":"OneDesk est un logiciel de helpdesk et de gestion de projet. Apprenez tout sur les applications client disponibles dans OneDesk.","og_url":"https:\/\/onedesk.com\/fr\/index-des-fonctionnalites\/fonctionnalites-des-applications-client\/","og_site_name":"OneDesk","article_publisher":"https:\/\/www.facebook.com\/OneDeskApp","article_modified_time":"2023-08-08T18:54:26+00:00","og_image":[{"width":1280,"height":800,"url":"https:\/\/onedesk.com\/wp-content\/uploads\/2020\/04\/OneDesk-Logo.png","type":"image\/png"}],"twitter_card":"summary_large_image","twitter_site":"@OneDeskApp","schema":{"@context":"https:\/\/schema.org","@graph":[{"@type":"WebPage","@id":"https:\/\/onedesk.com\/fr\/index-des-fonctionnalites\/fonctionnalites-des-applications-client\/","url":"https:\/\/onedesk.com\/fr\/index-des-fonctionnalites\/fonctionnalites-des-applications-client\/","name":"Liste des applications client | Caract\u00e9ristiques | Application logicielle OneDesk","isPartOf":{"@id":"https:\/\/onedesk.com\/fr\/#website"},"datePublished":"2021-12-16T18:55:37+00:00","dateModified":"2023-08-08T18:54:26+00:00","description":"OneDesk est un logiciel de helpdesk et de gestion de projet. Apprenez tout sur les applications client disponibles dans OneDesk.","breadcrumb":{"@id":"https:\/\/onedesk.com\/fr\/index-des-fonctionnalites\/fonctionnalites-des-applications-client\/#breadcrumb"},"inLanguage":"fr-FR","potentialAction":[{"@type":"ReadAction","target":["https:\/\/onedesk.com\/fr\/index-des-fonctionnalites\/fonctionnalites-des-applications-client\/"]}]},{"@type":"BreadcrumbList","@id":"https:\/\/onedesk.com\/fr\/index-des-fonctionnalites\/fonctionnalites-des-applications-client\/#breadcrumb","itemListElement":[{"@type":"ListItem","position":1,"name":"Index des fonctionnalit\u00e9s de OneDesk","item":"https:\/\/onedesk.com\/fr\/index-des-fonctionnalites\/"},{"@type":"ListItem","position":2,"name":"Liste des fonctionnalit\u00e9s des applications client"}]},{"@type":"WebSite","@id":"https:\/\/onedesk.com\/fr\/#website","url":"https:\/\/onedesk.com\/fr\/","name":"OneDesk","description":"Logiciel de gestion de projet et d'assistance","publisher":{"@id":"https:\/\/onedesk.com\/fr\/#organization"},"potentialAction":[{"@type":"SearchAction","target":{"@type":"EntryPoint","urlTemplate":"https:\/\/onedesk.com\/fr\/?s={search_term_string}"},"query-input":{"@type":"PropertyValueSpecification","valueRequired":true,"valueName":"search_term_string"}}],"inLanguage":"fr-FR"},{"@type":"Organization","@id":"https:\/\/onedesk.com\/fr\/#organization","name":"OneDesk","url":"https:\/\/onedesk.com\/fr\/","logo":{"@type":"ImageObject","inLanguage":"fr-FR","@id":"https:\/\/onedesk.com\/fr\/#\/schema\/logo\/image\/","url":"https:\/\/onedesk.com\/wp-content\/uploads\/2016\/01\/white-logo-small.png","contentUrl":"https:\/\/onedesk.com\/wp-content\/uploads\/2016\/01\/white-logo-small.png","width":207,"height":40,"caption":"OneDesk"},"image":{"@id":"https:\/\/onedesk.com\/fr\/#\/schema\/logo\/image\/"},"sameAs":["https:\/\/www.facebook.com\/OneDeskApp","https:\/\/x.com\/OneDeskApp","https:\/\/www.instagram.com\/onedeskapp\/","https:\/\/www.linkedin.com\/company\/onedesk-inc-1","https:\/\/www.pinterest.com\/onedesk\/","https:\/\/www.youtube.com\/user\/OneDeskApp"]}]}},"tpgb_featured_images":null,"tpgb_post_meta_info":{"get_date":"December 16, 2021","get_modified_date":"August 8, 2023","author_name":"Sabrin Yusef","author_url":"https:\/\/onedesk.com\/fr\/author\/sarbin-yusef\/","author_email":"sabrin.yusef@onedesk.com","author_website":"","author_description":"","author_facebook":"","author_twitter":"","author_instagram":"","author_role":["customer"],"author_firstname":"Sabrin","author_lastname":"Yusef","user_login":"sarbin.yusef","author_avatar":"<img alt='' src='https:\/\/secure.gravatar.com\/avatar\/1f20332b0900369c93c9c272e03885bde073bf214b3dd3eb4bea569a45bea588?s=200&#038;d=mm&#038;r=g' srcset='https:\/\/secure.gravatar.com\/avatar\/1f20332b0900369c93c9c272e03885bde073bf214b3dd3eb4bea569a45bea588?s=400&#038;d=mm&#038;r=g 2x' class='avatar avatar-200 photo' height='200' width='200' decoding='async'\/>","author_avatar_url":"https:\/\/secure.gravatar.com\/avatar\/1f20332b0900369c93c9c272e03885bde073bf214b3dd3eb4bea569a45bea588?s=96&d=mm&r=g","comment_count":0,"post_likes":0,"post_views":0},"tpgb_post_category":[],"jetpack_shortlink":"https:\/\/wp.me\/PfpPaI-Dth","amp_enabled":true,"_links":{"self":[{"href":"https:\/\/onedesk.com\/fr\/wp-json\/wp\/v2\/pages\/151731","targetHints":{"allow":["GET"]}}],"collection":[{"href":"https:\/\/onedesk.com\/fr\/wp-json\/wp\/v2\/pages"}],"about":[{"href":"https:\/\/onedesk.com\/fr\/wp-json\/wp\/v2\/types\/page"}],"author":[{"embeddable":true,"href":"https:\/\/onedesk.com\/fr\/wp-json\/wp\/v2\/users\/27"}],"replies":[{"embeddable":true,"href":"https:\/\/onedesk.com\/fr\/wp-json\/wp\/v2\/comments?post=151731"}],"version-history":[{"count":3,"href":"https:\/\/onedesk.com\/fr\/wp-json\/wp\/v2\/pages\/151731\/revisions"}],"predecessor-version":[{"id":252513,"href":"https:\/\/onedesk.com\/fr\/wp-json\/wp\/v2\/pages\/151731\/revisions\/252513"}],"up":[{"embeddable":true,"href":"https:\/\/onedesk.com\/fr\/wp-json\/wp\/v2\/pages\/151672"}],"wp:attachment":[{"href":"https:\/\/onedesk.com\/fr\/wp-json\/wp\/v2\/media?parent=151731"}],"curies":[{"name":"wp","href":"https:\/\/api.w.org\/{rel}","templated":true}]}}