{"id":152348,"date":"2021-12-16T20:15:13","date_gmt":"2021-12-16T20:15:13","guid":{"rendered":"https:\/\/onedesk.com\/index-des-fonctionnalites\/gestion-des-taches\/"},"modified":"2023-08-08T19:03:43","modified_gmt":"2023-08-08T19:03:43","slug":"la-gestion-des-taches","status":"publish","type":"page","link":"https:\/\/onedesk.com\/fr\/index-des-fonctionnalites\/la-gestion-des-taches\/","title":{"rendered":"La gestion des t\u00e2ches"},"content":{"rendered":"\t\t<div data-elementor-type=\"wp-page\" data-elementor-id=\"152348\" class=\"elementor elementor-152348 elementor-98991\" data-elementor-post-type=\"page\">\n\t\t\t\t\t\t<section class=\"elementor-section elementor-top-section elementor-element elementor-element-2a0337bb elementor-section-boxed elementor-section-height-default elementor-section-height-default\" data-id=\"2a0337bb\" data-element_type=\"section\" data-e-type=\"section\">\n\t\t\t\t\t\t<div class=\"elementor-container elementor-column-gap-default\">\n\t\t\t\t\t<div class=\"elementor-column elementor-col-100 elementor-top-column elementor-element elementor-element-6bb8b550\" data-id=\"6bb8b550\" data-element_type=\"column\" data-e-type=\"column\">\n\t\t\t<div class=\"elementor-widget-wrap\">\n\t\t\t\t\t\t\t<\/div>\n\t\t<\/div>\n\t\t\t\t\t<\/div>\n\t\t<\/section>\n\t\t\t\t<section class=\"elementor-section elementor-top-section elementor-element elementor-element-2f012f0 elementor-section-boxed elementor-section-height-default elementor-section-height-default\" data-id=\"2f012f0\" data-element_type=\"section\" data-e-type=\"section\">\n\t\t\t\t\t\t<div class=\"elementor-container elementor-column-gap-default\">\n\t\t\t\t\t<div class=\"elementor-column elementor-col-100 elementor-top-column elementor-element elementor-element-2863e763\" data-id=\"2863e763\" data-element_type=\"column\" data-e-type=\"column\">\n\t\t\t<div class=\"elementor-widget-wrap elementor-element-populated\">\n\t\t\t\t\t\t<div class=\"elementor-element elementor-element-3fd677fa elementor-widget elementor-widget-heading\" data-id=\"3fd677fa\" data-element_type=\"widget\" data-e-type=\"widget\" data-widget_type=\"heading.default\">\n\t\t\t\t<div class=\"elementor-widget-container\">\n\t\t\t\t\t<h2 class=\"elementor-heading-title elementor-size-default\">La gestion des t\u00e2ches<\/h2>\t\t\t\t<\/div>\n\t\t\t\t<\/div>\n\t\t\t\t<div class=\"elementor-element elementor-element-7f833ae8 elementor-widget elementor-widget-text-editor\" data-id=\"7f833ae8\" data-element_type=\"widget\" data-e-type=\"widget\" data-widget_type=\"text-editor.default\">\n\t\t\t\t<div class=\"elementor-widget-container\">\n\t\t\t\t\t\t\t\t\t<p>Optimiser le travail et la productivit\u00e9 de l&#8217;\u00e9quipe<\/p>\n\t\t\t\t\t\t\t\t<\/div>\n\t\t\t\t<\/div>\n\t\t\t\t\t<\/div>\n\t\t<\/div>\n\t\t\t\t\t<\/div>\n\t\t<\/section>\n\t\t\t\t<section class=\"elementor-section elementor-top-section elementor-element elementor-element-583bd8e0 elementor-section-boxed elementor-section-height-default elementor-section-height-default\" data-id=\"583bd8e0\" data-element_type=\"section\" data-e-type=\"section\">\n\t\t\t\t\t\t<div class=\"elementor-container elementor-column-gap-default\">\n\t\t\t\t\t<div class=\"elementor-column elementor-col-50 elementor-top-column elementor-element elementor-element-342ac01a\" data-id=\"342ac01a\" data-element_type=\"column\" data-e-type=\"column\">\n\t\t\t<div class=\"elementor-widget-wrap elementor-element-populated\">\n\t\t\t\t\t\t<div class=\"elementor-element elementor-element-99d1c06 elementor-widget elementor-widget-image\" data-id=\"99d1c06\" data-element_type=\"widget\" data-e-type=\"widget\" data-widget_type=\"image.default\">\n\t\t\t\t<div class=\"elementor-widget-container\">\n\t\t\t\t\t\t\t\t\t\t\t\t\t\t\t<img fetchpriority=\"high\" decoding=\"async\" width=\"589\" height=\"1024\" src=\"https:\/\/onedesk.com\/wp-content\/uploads\/2021\/05\/work-589x1024.png\" class=\"attachment-large size-large wp-image-99094\" alt=\"\" srcset=\"https:\/\/onedesk.com\/wp-content\/uploads\/2021\/05\/work-589x1024.png 589w, https:\/\/onedesk.com\/wp-content\/uploads\/2021\/05\/work-173x300.png 173w, https:\/\/onedesk.com\/wp-content\/uploads\/2021\/05\/work-768x1336.png 768w, https:\/\/onedesk.com\/wp-content\/uploads\/2021\/05\/work-883x1536.png 883w, https:\/\/onedesk.com\/wp-content\/uploads\/2021\/05\/work-1178x2048.png 1178w, https:\/\/onedesk.com\/wp-content\/uploads\/2021\/05\/work-518x900.png 518w, https:\/\/onedesk.com\/wp-content\/uploads\/2021\/05\/work-255x443.png 255w, https:\/\/onedesk.com\/wp-content\/uploads\/2021\/05\/work-46x80.png 46w, https:\/\/onedesk.com\/wp-content\/uploads\/2021\/05\/work-23x40.png 23w, https:\/\/onedesk.com\/wp-content\/uploads\/2021\/05\/work-480x835.png 480w, https:\/\/onedesk.com\/wp-content\/uploads\/2021\/05\/work-500x870.png 500w, https:\/\/onedesk.com\/wp-content\/uploads\/2021\/05\/work-750x1304.png 750w, https:\/\/onedesk.com\/wp-content\/uploads\/2021\/05\/work-360x626.png 360w, https:\/\/onedesk.com\/wp-content\/uploads\/2021\/05\/work.png 1288w\" sizes=\"(max-width: 589px) 100vw, 589px\" \/>\t\t\t\t\t\t\t\t\t\t\t\t\t\t\t<\/div>\n\t\t\t\t<\/div>\n\t\t\t\t\t<\/div>\n\t\t<\/div>\n\t\t\t\t<div class=\"elementor-column elementor-col-50 elementor-top-column elementor-element elementor-element-6ad095d4\" data-id=\"6ad095d4\" data-element_type=\"column\" data-e-type=\"column\">\n\t\t\t<div class=\"elementor-widget-wrap elementor-element-populated\">\n\t\t\t\t\t\t<div class=\"elementor-element elementor-element-2fcb80b7 elementor-widget elementor-widget-heading\" data-id=\"2fcb80b7\" data-element_type=\"widget\" data-e-type=\"widget\" data-widget_type=\"heading.default\">\n\t\t\t\t<div class=\"elementor-widget-container\">\n\t\t\t\t\t<h2 class=\"elementor-heading-title elementor-size-default\">Travaillez plus efficacement<\/h2>\t\t\t\t<\/div>\n\t\t\t\t<\/div>\n\t\t\t\t<div class=\"elementor-element elementor-element-60407861 elementor-widget elementor-widget-text-editor\" data-id=\"60407861\" data-element_type=\"widget\" data-e-type=\"widget\" data-widget_type=\"text-editor.default\">\n\t\t\t\t<div class=\"elementor-widget-container\">\n\t\t\t\t\t\t\t\t\t<p>OneDesk vise \u00e0 vous faire gagner un temps pr\u00e9cieux tout au long de vos journ\u00e9es de travail. Gr\u00e2ce \u00e0 l&#8217;utilisation de <a href=\"https:\/\/onedesk.com\/fr\/index-des-fonctionnalites\/macros\/\">macros<\/a> , vous pouvez lancer des mises \u00e0 jour group\u00e9es sur plusieurs t\u00e2ches dans OneDesk. Cela vous fait gagner du temps que vous auriez autrement consacr\u00e9 \u00e0 la mise \u00e0 jour manuelle. Vous pouvez effectuer des mises \u00e0 jour en masse sur les t\u00e2ches, de leurs statuts de cycle de vie \u00e0 l&#8217;attribution de t\u00e2ches en masse.<\/p>\n\t\t\t\t\t\t\t\t<\/div>\n\t\t\t\t<\/div>\n\t\t\t\t<div class=\"elementor-element elementor-element-50beb80 elementor-widget elementor-widget-heading\" data-id=\"50beb80\" data-element_type=\"widget\" data-e-type=\"widget\" data-widget_type=\"heading.default\">\n\t\t\t\t<div class=\"elementor-widget-container\">\n\t\t\t\t\t<h2 class=\"elementor-heading-title elementor-size-default\">G\u00e9rez et supervisez facilement tout le travail d'\u00e9quipe<\/h2>\t\t\t\t<\/div>\n\t\t\t\t<\/div>\n\t\t\t\t<div class=\"elementor-element elementor-element-9d8e0d9 elementor-widget elementor-widget-text-editor\" data-id=\"9d8e0d9\" data-element_type=\"widget\" data-e-type=\"widget\" data-widget_type=\"text-editor.default\">\n\t\t\t\t<div class=\"elementor-widget-container\">\n\t\t\t\t\t\t\t\t\t<p>OneDesk simplifie le <a href=\"https:\/\/onedesk.com\/features-index\/tracking-work\/\">suivi du travail<\/a> effectu\u00e9 par votre \u00e9quipe. Un widget de tableau de bord visuel et une vue de tableau de bord affichent la division de l&#8217;affectation des t\u00e2ches dans des graphiques et des tableaux, vous permettant de voir facilement qui pourrait \u00eatre surcharg\u00e9. Gr\u00e2ce \u00e0 la hi\u00e9rarchisation des t\u00e2ches, vous pouvez attirer l&#8217;attention de votre \u00e9quipe sur les t\u00e2ches les plus importantes. \u00c0 l&#8217;aide du suivi des activit\u00e9s , vous pouvez obtenir un <a href=\"https:\/\/onedesk.com\/fr\/index-des-fonctionnalites\/journal-daudit-du-flux-dactivite\/\">journal d&#8217;audit<\/a> de tout le travail effectu\u00e9 sur une t\u00e2che.<\/p>\n\t\t\t\t\t\t\t\t<\/div>\n\t\t\t\t<\/div>\n\t\t\t\t<div class=\"elementor-element elementor-element-58458b2 elementor-widget elementor-widget-heading\" data-id=\"58458b2\" data-element_type=\"widget\" data-e-type=\"widget\" data-widget_type=\"heading.default\">\n\t\t\t\t<div class=\"elementor-widget-container\">\n\t\t\t\t\t<h2 class=\"elementor-heading-title elementor-size-default\">Attribuez rapidement des t\u00e2ches au bon membre de l'\u00e9quipe<\/h2>\t\t\t\t<\/div>\n\t\t\t\t<\/div>\n\t\t\t\t<div class=\"elementor-element elementor-element-871e559 elementor-widget elementor-widget-text-editor\" data-id=\"871e559\" data-element_type=\"widget\" data-e-type=\"widget\" data-widget_type=\"text-editor.default\">\n\t\t\t\t<div class=\"elementor-widget-container\">\n\t\t\t\t\t\t\t\t\t<p>Vos t\u00e2ches ne doivent pas passer du temps sans surveillance&nbsp;: utilisez <a href=\"https:\/\/onedesk.com\/fr\/index-des-fonctionnalites\/workflow-automatisations\/\">les automatisations de flux de travail<\/a> de OneDesk pour attribuer tout travail qui arrive automatiquement. Attribuez le travail en fonction de la priorit\u00e9, du type, de l&#8217;organisation du demandeur et plus encore&nbsp;! Vous pouvez \u00e9galement r\u00e9partir les t\u00e2ches de mani\u00e8re \u00e9gale avec l&#8217;attribution automatique \u00e0 tour de r\u00f4le pour vous assurer qu&#8217;aucun membre de votre \u00e9quipe n&#8217;est surcharg\u00e9 de t\u00e2ches. Utilisez les outils <a href=\"https:\/\/onedesk.com\/fr\/index-des-fonctionnalites\/allocation-de-ressources\/\">d&#8217;allocation des ressources<\/a> pour attribuer des t\u00e2ches en fonction des comp\u00e9tences, de la disponibilit\u00e9, etc.<\/p>\n\t\t\t\t\t\t\t\t<\/div>\n\t\t\t\t<\/div>\n\t\t\t\t\t<\/div>\n\t\t<\/div>\n\t\t\t\t\t<\/div>\n\t\t<\/section>\n\t\t\t\t<section class=\"elementor-section elementor-top-section elementor-element elementor-element-386b9a84 elementor-section-boxed elementor-section-height-default elementor-section-height-default\" data-id=\"386b9a84\" data-element_type=\"section\" data-e-type=\"section\">\n\t\t\t\t\t\t<div class=\"elementor-container elementor-column-gap-default\">\n\t\t\t\t\t<div class=\"elementor-column elementor-col-100 elementor-top-column elementor-element elementor-element-a1eb29d\" data-id=\"a1eb29d\" data-element_type=\"column\" data-e-type=\"column\">\n\t\t\t<div class=\"elementor-widget-wrap elementor-element-populated\">\n\t\t\t\t\t\t<div class=\"elementor-element elementor-element-7fda1d86 elementor-widget elementor-widget-heading\" data-id=\"7fda1d86\" data-element_type=\"widget\" data-e-type=\"widget\" data-widget_type=\"heading.default\">\n\t\t\t\t<div class=\"elementor-widget-container\">\n\t\t\t\t\t<h2 class=\"elementor-heading-title elementor-size-default\">Surveiller et recevoir des mises \u00e0 jour sur tous les aspects du travail<\/h2>\t\t\t\t<\/div>\n\t\t\t\t<\/div>\n\t\t\t\t<div class=\"elementor-element elementor-element-196402af elementor-widget elementor-widget-text-editor\" data-id=\"196402af\" data-element_type=\"widget\" data-e-type=\"widget\" data-widget_type=\"text-editor.default\">\n\t\t\t\t<div class=\"elementor-widget-container\">\n\t\t\t\t\t\t\t\t\t<p>Restez au courant de ce qui doit \u00eatre fait et de ce qui a \u00e9t\u00e9 fait. OneDesk s&#8217;assure que vous \u00eates tenu au courant des mises \u00e0 jour qui vous int\u00e9ressent avec des notifications et des e-mails qui vous tiennent au courant des mises \u00e0 jour des t\u00e2ches et des nouvelles conversations. Utilisez des <a href=\"https:\/\/onedesk.com\/fr\/index-des-fonctionnalites\/rapporter\/\">rapports<\/a> personnalis\u00e9s pour g\u00e9n\u00e9rer automatiquement des rapports \u00e0 envoyer directement dans votre bo\u00eete de r\u00e9ception. Ces rapports vous tiennent inform\u00e9 de toutes les mises \u00e0 jour de t\u00e2ches que VOUS s\u00e9lectionnez.<\/p>\n\t\t\t\t\t\t\t\t<\/div>\n\t\t\t\t<\/div>\n\t\t\t\t\t<\/div>\n\t\t<\/div>\n\t\t\t\t\t<\/div>\n\t\t<\/section>\n\t\t\t\t<\/div>\n\t\t","protected":false},"excerpt":{"rendered":"<p>La gestion des t\u00e2ches Optimiser le travail et la productivit\u00e9 de l&#8217;\u00e9quipe Travaillez plus efficacement OneDesk vise \u00e0 vous faire gagner un temps pr\u00e9cieux tout au long de vos journ\u00e9es de travail. Gr\u00e2ce \u00e0 l&#8217;utilisation de macros , vous pouvez lancer des mises \u00e0 jour group\u00e9es sur plusieurs t\u00e2ches dans OneDesk. Cela vous fait gagner [&hellip;]<\/p>\n","protected":false},"author":27,"featured_media":0,"parent":151672,"menu_order":33,"comment_status":"closed","ping_status":"closed","template":"","meta":{"tpgb_global_settings":"","_crdt_document":"","inline_featured_image":false,"site-sidebar-layout":"default","site-content-layout":"","ast-site-content-layout":"default","site-content-style":"default","site-sidebar-style":"default","ast-global-header-display":"","ast-banner-title-visibility":"","ast-main-header-display":"","ast-hfb-above-header-display":"","ast-hfb-below-header-display":"","ast-hfb-mobile-header-display":"","site-post-title":"","ast-breadcrumbs-content":"","ast-featured-img":"","footer-sml-layout":"","ast-disable-related-posts":"","theme-transparent-header-meta":"","adv-header-id-meta":"","stick-header-meta":"","header-above-stick-meta":"","header-main-stick-meta":"","header-below-stick-meta":"","astra-migrate-meta-layouts":"default","ast-page-background-enabled":"default","ast-page-background-meta":{"desktop":{"background-color":"var(--ast-global-color-4)","background-image":"","background-repeat":"repeat","background-position":"center center","background-size":"auto","background-attachment":"scroll","background-type":"","background-media":"","overlay-type":"","overlay-color":"","overlay-opacity":"","overlay-gradient":""},"tablet":{"background-color":"","background-image":"","background-repeat":"repeat","background-position":"center center","background-size":"auto","background-attachment":"scroll","background-type":"","background-media":"","overlay-type":"","overlay-color":"","overlay-opacity":"","overlay-gradient":""},"mobile":{"background-color":"","background-image":"","background-repeat":"repeat","background-position":"center center","background-size":"auto","background-attachment":"scroll","background-type":"","background-media":"","overlay-type":"","overlay-color":"","overlay-opacity":"","overlay-gradient":""}},"ast-content-background-meta":{"desktop":{"background-color":"var(--ast-global-color-5)","background-image":"","background-repeat":"repeat","background-position":"center center","background-size":"auto","background-attachment":"scroll","background-type":"","background-media":"","overlay-type":"","overlay-color":"","overlay-opacity":"","overlay-gradient":""},"tablet":{"background-color":"var(--ast-global-color-5)","background-image":"","background-repeat":"repeat","background-position":"center center","background-size":"auto","background-attachment":"scroll","background-type":"","background-media":"","overlay-type":"","overlay-color":"","overlay-opacity":"","overlay-gradient":""},"mobile":{"background-color":"var(--ast-global-color-5)","background-image":"","background-repeat":"repeat","background-position":"center center","background-size":"auto","background-attachment":"scroll","background-type":"","background-media":"","overlay-type":"","overlay-color":"","overlay-opacity":"","overlay-gradient":""}},"footnotes":""},"class_list":["post-152348","page","type-page","status-publish","hentry"],"yoast_head":"<!-- This site is optimized with the Yoast SEO Premium plugin v27.4 (Yoast SEO v27.4) - https:\/\/yoast.com\/product\/yoast-seo-premium-wordpress\/ -->\n<title>Gestion des t\u00e2ches | Caract\u00e9ristiques | Service d&#039;assistance OneDesk et gestion de projet<\/title>\n<meta name=\"description\" content=\"OneDesk est un logiciel de helpdesk et un logiciel de gestion de projet. D\u00e9couvrez comment OneDesk vous aide \u00e0 optimiser la gestion de vos t\u00e2ches.\" \/>\n<meta name=\"robots\" content=\"index, follow, max-snippet:-1, max-image-preview:large, max-video-preview:-1\" \/>\n<link rel=\"canonical\" href=\"https:\/\/onedesk.com\/fr\/index-des-fonctionnalites\/la-gestion-des-taches\/\" \/>\n<meta property=\"og:locale\" content=\"fr_FR\" \/>\n<meta property=\"og:type\" content=\"article\" \/>\n<meta property=\"og:title\" content=\"Gestion des t\u00e2ches | Caract\u00e9ristiques | Service d&#039;assistance OneDesk et gestion de projet\" \/>\n<meta property=\"og:description\" content=\"OneDesk est un logiciel de helpdesk et un logiciel de gestion de projet. D\u00e9couvrez comment OneDesk vous aide \u00e0 optimiser la gestion de vos t\u00e2ches.\" \/>\n<meta property=\"og:url\" content=\"https:\/\/onedesk.com\/fr\/index-des-fonctionnalites\/la-gestion-des-taches\/\" \/>\n<meta property=\"og:site_name\" content=\"OneDesk\" \/>\n<meta property=\"article:publisher\" content=\"https:\/\/www.facebook.com\/OneDeskApp\" \/>\n<meta property=\"article:modified_time\" content=\"2023-08-08T19:03:43+00:00\" \/>\n<meta property=\"og:image\" content=\"https:\/\/onedesk.com\/wp-content\/uploads\/2021\/05\/work-589x1024.png\" \/>\n<meta name=\"twitter:card\" content=\"summary_large_image\" \/>\n<meta name=\"twitter:site\" content=\"@OneDeskApp\" \/>\n<meta name=\"twitter:label1\" content=\"Est. reading time\" \/>\n\t<meta name=\"twitter:data1\" content=\"2 minutes\" \/>\n<!-- \/ Yoast SEO Premium plugin. -->","yoast_head_json":{"title":"Gestion des t\u00e2ches | Caract\u00e9ristiques | Service d'assistance OneDesk et gestion de projet","description":"OneDesk est un logiciel de helpdesk et un logiciel de gestion de projet. D\u00e9couvrez comment OneDesk vous aide \u00e0 optimiser la gestion de vos t\u00e2ches.","robots":{"index":"index","follow":"follow","max-snippet":"max-snippet:-1","max-image-preview":"max-image-preview:large","max-video-preview":"max-video-preview:-1"},"canonical":"https:\/\/onedesk.com\/fr\/index-des-fonctionnalites\/la-gestion-des-taches\/","og_locale":"fr_FR","og_type":"article","og_title":"Gestion des t\u00e2ches | Caract\u00e9ristiques | Service d'assistance OneDesk et gestion de projet","og_description":"OneDesk est un logiciel de helpdesk et un logiciel de gestion de projet. D\u00e9couvrez comment OneDesk vous aide \u00e0 optimiser la gestion de vos t\u00e2ches.","og_url":"https:\/\/onedesk.com\/fr\/index-des-fonctionnalites\/la-gestion-des-taches\/","og_site_name":"OneDesk","article_publisher":"https:\/\/www.facebook.com\/OneDeskApp","article_modified_time":"2023-08-08T19:03:43+00:00","og_image":[{"url":"https:\/\/onedesk.com\/wp-content\/uploads\/2021\/05\/work-589x1024.png","type":"","width":"","height":""}],"twitter_card":"summary_large_image","twitter_site":"@OneDeskApp","twitter_misc":{"Est. reading time":"2 minutes"},"schema":{"@context":"https:\/\/schema.org","@graph":[{"@type":"WebPage","@id":"https:\/\/onedesk.com\/fr\/index-des-fonctionnalites\/la-gestion-des-taches\/","url":"https:\/\/onedesk.com\/fr\/index-des-fonctionnalites\/la-gestion-des-taches\/","name":"Gestion des t\u00e2ches | Caract\u00e9ristiques | Service d'assistance OneDesk et gestion de projet","isPartOf":{"@id":"https:\/\/onedesk.com\/fr\/#website"},"primaryImageOfPage":{"@id":"https:\/\/onedesk.com\/fr\/index-des-fonctionnalites\/la-gestion-des-taches\/#primaryimage"},"image":{"@id":"https:\/\/onedesk.com\/fr\/index-des-fonctionnalites\/la-gestion-des-taches\/#primaryimage"},"thumbnailUrl":"https:\/\/onedesk.com\/wp-content\/uploads\/2021\/05\/work-589x1024.png","datePublished":"2021-12-16T20:15:13+00:00","dateModified":"2023-08-08T19:03:43+00:00","description":"OneDesk est un logiciel de helpdesk et un logiciel de gestion de projet. D\u00e9couvrez comment OneDesk vous aide \u00e0 optimiser la gestion de vos t\u00e2ches.","breadcrumb":{"@id":"https:\/\/onedesk.com\/fr\/index-des-fonctionnalites\/la-gestion-des-taches\/#breadcrumb"},"inLanguage":"fr-FR","potentialAction":[{"@type":"ReadAction","target":["https:\/\/onedesk.com\/fr\/index-des-fonctionnalites\/la-gestion-des-taches\/"]}]},{"@type":"ImageObject","inLanguage":"fr-FR","@id":"https:\/\/onedesk.com\/fr\/index-des-fonctionnalites\/la-gestion-des-taches\/#primaryimage","url":"https:\/\/onedesk.com\/wp-content\/uploads\/2021\/05\/work-589x1024.png","contentUrl":"https:\/\/onedesk.com\/wp-content\/uploads\/2021\/05\/work-589x1024.png"},{"@type":"BreadcrumbList","@id":"https:\/\/onedesk.com\/fr\/index-des-fonctionnalites\/la-gestion-des-taches\/#breadcrumb","itemListElement":[{"@type":"ListItem","position":1,"name":"Index des fonctionnalit\u00e9s de OneDesk","item":"https:\/\/onedesk.com\/fr\/index-des-fonctionnalites\/"},{"@type":"ListItem","position":2,"name":"La gestion des t\u00e2ches"}]},{"@type":"WebSite","@id":"https:\/\/onedesk.com\/fr\/#website","url":"https:\/\/onedesk.com\/fr\/","name":"OneDesk","description":"Logiciel de gestion de projet et d'assistance","publisher":{"@id":"https:\/\/onedesk.com\/fr\/#organization"},"potentialAction":[{"@type":"SearchAction","target":{"@type":"EntryPoint","urlTemplate":"https:\/\/onedesk.com\/fr\/?s={search_term_string}"},"query-input":{"@type":"PropertyValueSpecification","valueRequired":true,"valueName":"search_term_string"}}],"inLanguage":"fr-FR"},{"@type":"Organization","@id":"https:\/\/onedesk.com\/fr\/#organization","name":"OneDesk","url":"https:\/\/onedesk.com\/fr\/","logo":{"@type":"ImageObject","inLanguage":"fr-FR","@id":"https:\/\/onedesk.com\/fr\/#\/schema\/logo\/image\/","url":"https:\/\/onedesk.com\/wp-content\/uploads\/2016\/01\/white-logo-small.png","contentUrl":"https:\/\/onedesk.com\/wp-content\/uploads\/2016\/01\/white-logo-small.png","width":207,"height":40,"caption":"OneDesk"},"image":{"@id":"https:\/\/onedesk.com\/fr\/#\/schema\/logo\/image\/"},"sameAs":["https:\/\/www.facebook.com\/OneDeskApp","https:\/\/x.com\/OneDeskApp","https:\/\/www.instagram.com\/onedeskapp\/","https:\/\/www.linkedin.com\/company\/onedesk-inc-1","https:\/\/www.pinterest.com\/onedesk\/","https:\/\/www.youtube.com\/user\/OneDeskApp"]}]}},"tpgb_featured_images":null,"tpgb_post_meta_info":{"get_date":"December 16, 2021","get_modified_date":"August 8, 2023","author_name":"Sabrin Yusef","author_url":"https:\/\/onedesk.com\/fr\/author\/sarbin-yusef\/","author_email":"sabrin.yusef@onedesk.com","author_website":"","author_description":"","author_facebook":"","author_twitter":"","author_instagram":"","author_role":["customer"],"author_firstname":"Sabrin","author_lastname":"Yusef","user_login":"sarbin.yusef","author_avatar":"<img alt='' src='https:\/\/secure.gravatar.com\/avatar\/1f20332b0900369c93c9c272e03885bde073bf214b3dd3eb4bea569a45bea588?s=200&#038;d=mm&#038;r=g' srcset='https:\/\/secure.gravatar.com\/avatar\/1f20332b0900369c93c9c272e03885bde073bf214b3dd3eb4bea569a45bea588?s=400&#038;d=mm&#038;r=g 2x' class='avatar avatar-200 photo' height='200' width='200' decoding='async'\/>","author_avatar_url":"https:\/\/secure.gravatar.com\/avatar\/1f20332b0900369c93c9c272e03885bde073bf214b3dd3eb4bea569a45bea588?s=96&d=mm&r=g","comment_count":0,"post_likes":0,"post_views":0},"tpgb_post_category":[],"jetpack_shortlink":"https:\/\/wp.me\/PfpPaI-DDe","amp_enabled":true,"_links":{"self":[{"href":"https:\/\/onedesk.com\/fr\/wp-json\/wp\/v2\/pages\/152348","targetHints":{"allow":["GET"]}}],"collection":[{"href":"https:\/\/onedesk.com\/fr\/wp-json\/wp\/v2\/pages"}],"about":[{"href":"https:\/\/onedesk.com\/fr\/wp-json\/wp\/v2\/types\/page"}],"author":[{"embeddable":true,"href":"https:\/\/onedesk.com\/fr\/wp-json\/wp\/v2\/users\/27"}],"replies":[{"embeddable":true,"href":"https:\/\/onedesk.com\/fr\/wp-json\/wp\/v2\/comments?post=152348"}],"version-history":[{"count":3,"href":"https:\/\/onedesk.com\/fr\/wp-json\/wp\/v2\/pages\/152348\/revisions"}],"predecessor-version":[{"id":252917,"href":"https:\/\/onedesk.com\/fr\/wp-json\/wp\/v2\/pages\/152348\/revisions\/252917"}],"up":[{"embeddable":true,"href":"https:\/\/onedesk.com\/fr\/wp-json\/wp\/v2\/pages\/151672"}],"wp:attachment":[{"href":"https:\/\/onedesk.com\/fr\/wp-json\/wp\/v2\/media?parent=152348"}],"curies":[{"name":"wp","href":"https:\/\/api.w.org\/{rel}","templated":true}]}}