{"id":154462,"date":"2021-12-20T14:34:49","date_gmt":"2021-12-20T14:34:49","guid":{"rendered":"https:\/\/onedesk.com\/index-des-fonctionnalites\/articles-dimpression\/"},"modified":"2023-08-08T19:02:27","modified_gmt":"2023-08-08T19:02:27","slug":"articles-dimpression","status":"publish","type":"page","link":"https:\/\/onedesk.com\/fr\/index-des-fonctionnalites\/articles-dimpression\/","title":{"rendered":"Articles d&#8217;impression"},"content":{"rendered":"\t\t<div data-elementor-type=\"wp-page\" data-elementor-id=\"154462\" class=\"elementor elementor-154462 elementor-101091\" data-elementor-post-type=\"page\">\n\t\t\t\t\t\t<section class=\"elementor-section elementor-top-section elementor-element elementor-element-4996b8cf elementor-section-boxed elementor-section-height-default elementor-section-height-default\" data-id=\"4996b8cf\" data-element_type=\"section\" data-e-type=\"section\">\n\t\t\t\t\t\t<div class=\"elementor-container elementor-column-gap-default\">\n\t\t\t\t\t<div class=\"elementor-column elementor-col-100 elementor-top-column elementor-element elementor-element-41323023\" data-id=\"41323023\" data-element_type=\"column\" data-e-type=\"column\">\n\t\t\t<div class=\"elementor-widget-wrap elementor-element-populated\">\n\t\t\t\t\t\t<div class=\"elementor-element elementor-element-177652de elementor-widget elementor-widget-heading\" data-id=\"177652de\" data-element_type=\"widget\" data-e-type=\"widget\" data-widget_type=\"heading.default\">\n\t\t\t\t<div class=\"elementor-widget-container\">\n\t\t\t\t\t<h1 class=\"elementor-heading-title elementor-size-default\">Impression d'articles<\/h1>\t\t\t\t<\/div>\n\t\t\t\t<\/div>\n\t\t\t\t<div class=\"elementor-element elementor-element-1a55b11b elementor-widget elementor-widget-text-editor\" data-id=\"1a55b11b\" data-element_type=\"widget\" data-e-type=\"widget\" data-widget_type=\"text-editor.default\">\n\t\t\t\t<div class=\"elementor-widget-container\">\n\t\t\t\t\t\t\t\t\t<p>Imprimez facilement des informations sur les tickets, les t\u00e2ches et les projets.<\/p>\n\t\t\t\t\t\t\t\t<\/div>\n\t\t\t\t<\/div>\n\t\t\t\t<div class=\"elementor-element elementor-element-0b746ee elementor-align-center elementor-widget elementor-widget-global elementor-global-239883 elementor-global-131872 elementor-widget-button\" data-id=\"0b746ee\" data-element_type=\"widget\" data-e-type=\"widget\" data-widget_type=\"button.default\">\n\t\t\t\t<div class=\"elementor-widget-container\">\n\t\t\t\t\t\t\t\t\t<div class=\"elementor-button-wrapper\">\n\t\t\t\t\t<a class=\"elementor-button elementor-button-link elementor-size-lg elementor-animation-grow\" href=\"https:\/\/onedesk.com\/fr\/inscription-gratuite\/\">\n\t\t\t\t\t\t<span class=\"elementor-button-content-wrapper\">\n\t\t\t\t\t\t\t\t\t<span class=\"elementor-button-text\">Inscription gratuite!<\/span>\n\t\t\t\t\t<\/span>\n\t\t\t\t\t<\/a>\n\t\t\t\t<\/div>\n\t\t\t\t\t\t\t\t<\/div>\n\t\t\t\t<\/div>\n\t\t\t\t\t<\/div>\n\t\t<\/div>\n\t\t\t\t\t<\/div>\n\t\t<\/section>\n\t\t\t\t<section class=\"elementor-section elementor-top-section elementor-element elementor-element-458e483d elementor-section-boxed elementor-section-height-default elementor-section-height-default\" data-id=\"458e483d\" data-element_type=\"section\" data-e-type=\"section\">\n\t\t\t\t\t\t<div class=\"elementor-container elementor-column-gap-default\">\n\t\t\t\t\t<div class=\"elementor-column elementor-col-50 elementor-top-column elementor-element elementor-element-756cf55e\" data-id=\"756cf55e\" data-element_type=\"column\" data-e-type=\"column\">\n\t\t\t<div class=\"elementor-widget-wrap elementor-element-populated\">\n\t\t\t\t\t\t<div class=\"elementor-element elementor-element-fb22abd elementor-widget elementor-widget-image\" data-id=\"fb22abd\" data-element_type=\"widget\" data-e-type=\"widget\" data-widget_type=\"image.default\">\n\t\t\t\t<div class=\"elementor-widget-container\">\n\t\t\t\t\t\t\t\t\t\t\t\t\t\t\t<img fetchpriority=\"high\" decoding=\"async\" width=\"1024\" height=\"538\" src=\"https:\/\/onedesk.com\/wp-content\/uploads\/2021\/05\/Printing-Items-1024x538.png\" class=\"attachment-large size-large wp-image-101094\" alt=\"Impression d&#039;articles\" srcset=\"https:\/\/onedesk.com\/wp-content\/uploads\/2021\/05\/Printing-Items-1024x538.png 1024w, https:\/\/onedesk.com\/wp-content\/uploads\/2021\/05\/Printing-Items-300x158.png 300w, https:\/\/onedesk.com\/wp-content\/uploads\/2021\/05\/Printing-Items-768x404.png 768w, https:\/\/onedesk.com\/wp-content\/uploads\/2021\/05\/Printing-Items-1536x807.png 1536w, https:\/\/onedesk.com\/wp-content\/uploads\/2021\/05\/Printing-Items-2048x1077.png 2048w, https:\/\/onedesk.com\/wp-content\/uploads\/2021\/05\/Printing-Items-571x300.png 571w, https:\/\/onedesk.com\/wp-content\/uploads\/2021\/05\/Printing-Items-1140x599.png 1140w, https:\/\/onedesk.com\/wp-content\/uploads\/2021\/05\/Printing-Items-255x134.png 255w, https:\/\/onedesk.com\/wp-content\/uploads\/2021\/05\/Printing-Items-152x80.png 152w, https:\/\/onedesk.com\/wp-content\/uploads\/2021\/05\/Printing-Items-76x40.png 76w, https:\/\/onedesk.com\/wp-content\/uploads\/2021\/05\/Printing-Items-480x252.png 480w, https:\/\/onedesk.com\/wp-content\/uploads\/2021\/05\/Printing-Items-500x263.png 500w, https:\/\/onedesk.com\/wp-content\/uploads\/2021\/05\/Printing-Items-1920x1009.png 1920w, https:\/\/onedesk.com\/wp-content\/uploads\/2021\/05\/Printing-Items-750x394.png 750w, https:\/\/onedesk.com\/wp-content\/uploads\/2021\/05\/Printing-Items-360x189.png 360w\" sizes=\"(max-width: 1024px) 100vw, 1024px\" \/>\t\t\t\t\t\t\t\t\t\t\t\t\t\t\t<\/div>\n\t\t\t\t<\/div>\n\t\t\t\t\t<\/div>\n\t\t<\/div>\n\t\t\t\t<div class=\"elementor-column elementor-col-50 elementor-top-column elementor-element elementor-element-679ba1b1\" data-id=\"679ba1b1\" data-element_type=\"column\" data-e-type=\"column\">\n\t\t\t<div class=\"elementor-widget-wrap elementor-element-populated\">\n\t\t\t\t\t\t<div class=\"elementor-element elementor-element-303b9058 elementor-widget elementor-widget-text-editor\" data-id=\"303b9058\" data-element_type=\"widget\" data-e-type=\"widget\" data-widget_type=\"text-editor.default\">\n\t\t\t\t<div class=\"elementor-widget-container\">\n\t\t\t\t\t\t\t\t\t<p>OneDesk vous permet de g\u00e9n\u00e9rer des pages d&#8217;informations imprimables pour tous vos bons de travail ou t\u00e2ches. Les informations sur le ticket ou la t\u00e2che sont pr\u00e9sent\u00e9es dans un format facile \u00e0 lire et optimis\u00e9 pour l&#8217;impression. L&#8217;utilisation de la fonction d&#8217;impression vous permet de&nbsp;:<\/p>\n<ul>\n<li>Imprimez les d\u00e9tails du ticket ou de la t\u00e2che pour conserver une trace \u00e9crite des demandes des clients ou des travaux<\/li>\n<li>Imprimez les t\u00e2ches que les techniciens doivent apporter avec eux sur les sites des clients<\/li>\n<\/ul>\n<p>D\u00e9couvrez les autres fonctionnalit\u00e9s de OneDesk <a href=\"https:\/\/onedesk.com\/fr\/index-des-fonctionnalites\/\">ici<\/a> .<\/p>\n\t\t\t\t\t\t\t\t<\/div>\n\t\t\t\t<\/div>\n\t\t\t\t\t<\/div>\n\t\t<\/div>\n\t\t\t\t\t<\/div>\n\t\t<\/section>\n\t\t\t\t<\/div>\n\t\t","protected":false},"excerpt":{"rendered":"<p>Impression d&#8217;articles Imprimez facilement des informations sur les tickets, les t\u00e2ches et les projets. Sign up free! OneDesk vous permet de g\u00e9n\u00e9rer des pages d&#8217;informations imprimables pour tous vos bons de travail ou t\u00e2ches. Les informations sur le ticket ou la t\u00e2che sont pr\u00e9sent\u00e9es dans un format facile \u00e0 lire et optimis\u00e9 pour l&#8217;impression. L&#8217;utilisation [&hellip;]<\/p>\n","protected":false},"author":25,"featured_media":0,"parent":151672,"menu_order":23,"comment_status":"closed","ping_status":"closed","template":"","meta":{"tpgb_global_settings":"","_crdt_document":"","inline_featured_image":false,"site-sidebar-layout":"default","site-content-layout":"","ast-site-content-layout":"default","site-content-style":"default","site-sidebar-style":"default","ast-global-header-display":"","ast-banner-title-visibility":"","ast-main-header-display":"","ast-hfb-above-header-display":"","ast-hfb-below-header-display":"","ast-hfb-mobile-header-display":"","site-post-title":"","ast-breadcrumbs-content":"","ast-featured-img":"","footer-sml-layout":"","ast-disable-related-posts":"","theme-transparent-header-meta":"","adv-header-id-meta":"","stick-header-meta":"","header-above-stick-meta":"","header-main-stick-meta":"","header-below-stick-meta":"","astra-migrate-meta-layouts":"default","ast-page-background-enabled":"default","ast-page-background-meta":{"desktop":{"background-color":"var(--ast-global-color-4)","background-image":"","background-repeat":"repeat","background-position":"center center","background-size":"auto","background-attachment":"scroll","background-type":"","background-media":"","overlay-type":"","overlay-color":"","overlay-opacity":"","overlay-gradient":""},"tablet":{"background-color":"","background-image":"","background-repeat":"repeat","background-position":"center center","background-size":"auto","background-attachment":"scroll","background-type":"","background-media":"","overlay-type":"","overlay-color":"","overlay-opacity":"","overlay-gradient":""},"mobile":{"background-color":"","background-image":"","background-repeat":"repeat","background-position":"center center","background-size":"auto","background-attachment":"scroll","background-type":"","background-media":"","overlay-type":"","overlay-color":"","overlay-opacity":"","overlay-gradient":""}},"ast-content-background-meta":{"desktop":{"background-color":"var(--ast-global-color-5)","background-image":"","background-repeat":"repeat","background-position":"center center","background-size":"auto","background-attachment":"scroll","background-type":"","background-media":"","overlay-type":"","overlay-color":"","overlay-opacity":"","overlay-gradient":""},"tablet":{"background-color":"var(--ast-global-color-5)","background-image":"","background-repeat":"repeat","background-position":"center center","background-size":"auto","background-attachment":"scroll","background-type":"","background-media":"","overlay-type":"","overlay-color":"","overlay-opacity":"","overlay-gradient":""},"mobile":{"background-color":"var(--ast-global-color-5)","background-image":"","background-repeat":"repeat","background-position":"center center","background-size":"auto","background-attachment":"scroll","background-type":"","background-media":"","overlay-type":"","overlay-color":"","overlay-opacity":"","overlay-gradient":""}},"footnotes":""},"class_list":["post-154462","page","type-page","status-publish","hentry"],"yoast_head":"<!-- This site is optimized with the Yoast SEO Premium plugin v27.3 (Yoast SEO v27.3) - https:\/\/yoast.com\/product\/yoast-seo-premium-wordpress\/ -->\n<title>Articles d&#039;impression | Application OneDesk HelpDesk et gestion de projet<\/title>\n<meta name=\"description\" content=\"OneDesk est un logiciel de helpdesk et de gestion de projet. Vous pouvez imprimer les d\u00e9tails des tickets et des t\u00e2ches pour votre \u00e9quipe ou vos clients \u00e0 titre de r\u00e9f\u00e9rence.\" \/>\n<meta name=\"robots\" content=\"index, follow, max-snippet:-1, max-image-preview:large, max-video-preview:-1\" \/>\n<link rel=\"canonical\" href=\"https:\/\/onedesk.com\/fr\/index-des-fonctionnalites\/articles-dimpression\/\" \/>\n<meta property=\"og:locale\" content=\"fr_FR\" \/>\n<meta property=\"og:type\" content=\"article\" \/>\n<meta property=\"og:title\" content=\"Articles d&#039;impression | Application OneDesk HelpDesk et gestion de projet\" \/>\n<meta property=\"og:description\" content=\"OneDesk est un logiciel de helpdesk et de gestion de projet. Vous pouvez imprimer les d\u00e9tails des tickets et des t\u00e2ches pour votre \u00e9quipe ou vos clients \u00e0 titre de r\u00e9f\u00e9rence.\" \/>\n<meta property=\"og:url\" content=\"https:\/\/onedesk.com\/fr\/index-des-fonctionnalites\/articles-dimpression\/\" \/>\n<meta property=\"og:site_name\" content=\"OneDesk\" \/>\n<meta property=\"article:publisher\" content=\"https:\/\/www.facebook.com\/OneDeskApp\" \/>\n<meta property=\"article:modified_time\" content=\"2023-08-08T19:02:27+00:00\" \/>\n<meta property=\"og:image\" content=\"https:\/\/onedesk.com\/wp-content\/uploads\/2021\/05\/Printing-Items-1024x538.png\" \/>\n<meta name=\"twitter:card\" content=\"summary_large_image\" \/>\n<meta name=\"twitter:site\" content=\"@OneDeskApp\" \/>\n<meta name=\"twitter:label1\" content=\"Est. reading time\" \/>\n\t<meta name=\"twitter:data1\" content=\"1 minute\" \/>\n<!-- \/ Yoast SEO Premium plugin. -->","yoast_head_json":{"title":"Articles d'impression | Application OneDesk HelpDesk et gestion de projet","description":"OneDesk est un logiciel de helpdesk et de gestion de projet. Vous pouvez imprimer les d\u00e9tails des tickets et des t\u00e2ches pour votre \u00e9quipe ou vos clients \u00e0 titre de r\u00e9f\u00e9rence.","robots":{"index":"index","follow":"follow","max-snippet":"max-snippet:-1","max-image-preview":"max-image-preview:large","max-video-preview":"max-video-preview:-1"},"canonical":"https:\/\/onedesk.com\/fr\/index-des-fonctionnalites\/articles-dimpression\/","og_locale":"fr_FR","og_type":"article","og_title":"Articles d'impression | Application OneDesk HelpDesk et gestion de projet","og_description":"OneDesk est un logiciel de helpdesk et de gestion de projet. Vous pouvez imprimer les d\u00e9tails des tickets et des t\u00e2ches pour votre \u00e9quipe ou vos clients \u00e0 titre de r\u00e9f\u00e9rence.","og_url":"https:\/\/onedesk.com\/fr\/index-des-fonctionnalites\/articles-dimpression\/","og_site_name":"OneDesk","article_publisher":"https:\/\/www.facebook.com\/OneDeskApp","article_modified_time":"2023-08-08T19:02:27+00:00","og_image":[{"url":"https:\/\/onedesk.com\/wp-content\/uploads\/2021\/05\/Printing-Items-1024x538.png","type":"","width":"","height":""}],"twitter_card":"summary_large_image","twitter_site":"@OneDeskApp","twitter_misc":{"Est. reading time":"1 minute"},"schema":{"@context":"https:\/\/schema.org","@graph":[{"@type":"WebPage","@id":"https:\/\/onedesk.com\/fr\/index-des-fonctionnalites\/articles-dimpression\/","url":"https:\/\/onedesk.com\/fr\/index-des-fonctionnalites\/articles-dimpression\/","name":"Articles d'impression | Application OneDesk HelpDesk et gestion de projet","isPartOf":{"@id":"https:\/\/onedesk.com\/fr\/#website"},"primaryImageOfPage":{"@id":"https:\/\/onedesk.com\/fr\/index-des-fonctionnalites\/articles-dimpression\/#primaryimage"},"image":{"@id":"https:\/\/onedesk.com\/fr\/index-des-fonctionnalites\/articles-dimpression\/#primaryimage"},"thumbnailUrl":"https:\/\/onedesk.com\/wp-content\/uploads\/2021\/05\/Printing-Items-1024x538.png","datePublished":"2021-12-20T14:34:49+00:00","dateModified":"2023-08-08T19:02:27+00:00","description":"OneDesk est un logiciel de helpdesk et de gestion de projet. Vous pouvez imprimer les d\u00e9tails des tickets et des t\u00e2ches pour votre \u00e9quipe ou vos clients \u00e0 titre de r\u00e9f\u00e9rence.","breadcrumb":{"@id":"https:\/\/onedesk.com\/fr\/index-des-fonctionnalites\/articles-dimpression\/#breadcrumb"},"inLanguage":"fr-FR","potentialAction":[{"@type":"ReadAction","target":["https:\/\/onedesk.com\/fr\/index-des-fonctionnalites\/articles-dimpression\/"]}]},{"@type":"ImageObject","inLanguage":"fr-FR","@id":"https:\/\/onedesk.com\/fr\/index-des-fonctionnalites\/articles-dimpression\/#primaryimage","url":"https:\/\/onedesk.com\/wp-content\/uploads\/2021\/05\/Printing-Items-1024x538.png","contentUrl":"https:\/\/onedesk.com\/wp-content\/uploads\/2021\/05\/Printing-Items-1024x538.png"},{"@type":"BreadcrumbList","@id":"https:\/\/onedesk.com\/fr\/index-des-fonctionnalites\/articles-dimpression\/#breadcrumb","itemListElement":[{"@type":"ListItem","position":1,"name":"Index des fonctionnalit\u00e9s de OneDesk","item":"https:\/\/onedesk.com\/fr\/index-des-fonctionnalites\/"},{"@type":"ListItem","position":2,"name":"Articles d&#8217;impression"}]},{"@type":"WebSite","@id":"https:\/\/onedesk.com\/fr\/#website","url":"https:\/\/onedesk.com\/fr\/","name":"OneDesk","description":"Logiciel de gestion de projet et d'assistance","publisher":{"@id":"https:\/\/onedesk.com\/fr\/#organization"},"potentialAction":[{"@type":"SearchAction","target":{"@type":"EntryPoint","urlTemplate":"https:\/\/onedesk.com\/fr\/?s={search_term_string}"},"query-input":{"@type":"PropertyValueSpecification","valueRequired":true,"valueName":"search_term_string"}}],"inLanguage":"fr-FR"},{"@type":"Organization","@id":"https:\/\/onedesk.com\/fr\/#organization","name":"OneDesk","url":"https:\/\/onedesk.com\/fr\/","logo":{"@type":"ImageObject","inLanguage":"fr-FR","@id":"https:\/\/onedesk.com\/fr\/#\/schema\/logo\/image\/","url":"https:\/\/onedesk.com\/wp-content\/uploads\/2016\/01\/white-logo-small.png","contentUrl":"https:\/\/onedesk.com\/wp-content\/uploads\/2016\/01\/white-logo-small.png","width":207,"height":40,"caption":"OneDesk"},"image":{"@id":"https:\/\/onedesk.com\/fr\/#\/schema\/logo\/image\/"},"sameAs":["https:\/\/www.facebook.com\/OneDeskApp","https:\/\/x.com\/OneDeskApp","https:\/\/www.instagram.com\/onedeskapp\/","https:\/\/www.linkedin.com\/company\/onedesk-inc-1","https:\/\/www.pinterest.com\/onedesk\/","https:\/\/www.youtube.com\/user\/OneDeskApp"]}]}},"tpgb_featured_images":null,"tpgb_post_meta_info":{"get_date":"December 20, 2021","get_modified_date":"August 8, 2023","author_name":"Kenneth Lim","author_url":"https:\/\/onedesk.com\/fr\/author\/ken-lim\/","author_email":"ken.lim@onedesk.com","author_website":"","author_description":"","author_facebook":"","author_twitter":"","author_instagram":"","author_role":["subscriber"],"author_firstname":"Kenneth","author_lastname":"Lim","user_login":"ken.lim","author_avatar":"<img alt='' src='https:\/\/secure.gravatar.com\/avatar\/a4ec21f0334373cadb0a505588ce84b318527287a4e82901cc7c9b983073d3e7?s=200&#038;d=mm&#038;r=g' srcset='https:\/\/secure.gravatar.com\/avatar\/a4ec21f0334373cadb0a505588ce84b318527287a4e82901cc7c9b983073d3e7?s=400&#038;d=mm&#038;r=g 2x' class='avatar avatar-200 photo' height='200' width='200' decoding='async'\/>","author_avatar_url":"https:\/\/secure.gravatar.com\/avatar\/a4ec21f0334373cadb0a505588ce84b318527287a4e82901cc7c9b983073d3e7?s=96&d=mm&r=g","comment_count":0,"post_likes":0,"post_views":0},"tpgb_post_category":[],"jetpack_shortlink":"https:\/\/wp.me\/PfpPaI-Ebk","amp_enabled":true,"_links":{"self":[{"href":"https:\/\/onedesk.com\/fr\/wp-json\/wp\/v2\/pages\/154462","targetHints":{"allow":["GET"]}}],"collection":[{"href":"https:\/\/onedesk.com\/fr\/wp-json\/wp\/v2\/pages"}],"about":[{"href":"https:\/\/onedesk.com\/fr\/wp-json\/wp\/v2\/types\/page"}],"author":[{"embeddable":true,"href":"https:\/\/onedesk.com\/fr\/wp-json\/wp\/v2\/users\/25"}],"replies":[{"embeddable":true,"href":"https:\/\/onedesk.com\/fr\/wp-json\/wp\/v2\/comments?post=154462"}],"version-history":[{"count":3,"href":"https:\/\/onedesk.com\/fr\/wp-json\/wp\/v2\/pages\/154462\/revisions"}],"predecessor-version":[{"id":252858,"href":"https:\/\/onedesk.com\/fr\/wp-json\/wp\/v2\/pages\/154462\/revisions\/252858"}],"up":[{"embeddable":true,"href":"https:\/\/onedesk.com\/fr\/wp-json\/wp\/v2\/pages\/151672"}],"wp:attachment":[{"href":"https:\/\/onedesk.com\/fr\/wp-json\/wp\/v2\/media?parent=154462"}],"curies":[{"name":"wp","href":"https:\/\/api.w.org\/{rel}","templated":true}]}}