{"id":154734,"date":"2021-12-20T15:16:10","date_gmt":"2021-12-20T15:16:10","guid":{"rendered":"https:\/\/onedesk.com\/abonnement-va-pro\/"},"modified":"2022-11-10T14:58:33","modified_gmt":"2022-11-10T14:58:33","slug":"sabonner-devenir-pro","status":"publish","type":"page","link":"https:\/\/onedesk.com\/fr\/sabonner-devenir-pro\/","title":{"rendered":"S&#8217;abonner et devenir pro"},"content":{"rendered":"\t\t<div data-elementor-type=\"wp-page\" data-elementor-id=\"154734\" class=\"elementor elementor-154734 elementor-144071\" data-elementor-post-type=\"page\">\n\t\t\t\t\t\t<section class=\"elementor-section elementor-top-section elementor-element elementor-element-417939cc elementor-section-boxed elementor-section-height-default elementor-section-height-default\" data-id=\"417939cc\" data-element_type=\"section\" data-e-type=\"section\">\n\t\t\t\t\t\t<div class=\"elementor-container elementor-column-gap-default\">\n\t\t\t\t\t<div class=\"elementor-column elementor-col-100 elementor-top-column elementor-element elementor-element-45db296a\" data-id=\"45db296a\" data-element_type=\"column\" data-e-type=\"column\">\n\t\t\t<div class=\"elementor-widget-wrap\">\n\t\t\t\t\t\t\t<\/div>\n\t\t<\/div>\n\t\t\t\t\t<\/div>\n\t\t<\/section>\n\t\t\t\t<section class=\"elementor-section elementor-top-section elementor-element elementor-element-2cc14ae9 elementor-section-boxed elementor-section-height-default elementor-section-height-default\" data-id=\"2cc14ae9\" data-element_type=\"section\" data-e-type=\"section\">\n\t\t\t\t\t\t<div class=\"elementor-container elementor-column-gap-default\">\n\t\t\t\t\t<div class=\"elementor-column elementor-col-100 elementor-top-column elementor-element elementor-element-44abddf9\" data-id=\"44abddf9\" data-element_type=\"column\" data-e-type=\"column\">\n\t\t\t<div class=\"elementor-widget-wrap elementor-element-populated\">\n\t\t\t\t\t\t\t<\/div>\n\t\t<\/div>\n\t\t\t\t\t<\/div>\n\t\t<\/section>\n\t\t\t\t<section class=\"elementor-section elementor-top-section elementor-element elementor-element-3eaea76d elementor-section-boxed elementor-section-height-default elementor-section-height-default\" data-id=\"3eaea76d\" data-element_type=\"section\" data-e-type=\"section\">\n\t\t\t\t\t\t<div class=\"elementor-container elementor-column-gap-default\">\n\t\t\t\t\t<div class=\"elementor-column elementor-col-33 elementor-top-column elementor-element elementor-element-a2834a2\" data-id=\"a2834a2\" data-element_type=\"column\" data-e-type=\"column\">\n\t\t\t<div class=\"elementor-widget-wrap elementor-element-populated\">\n\t\t\t\t\t\t<div class=\"elementor-element elementor-element-62fef03 elementor-widget elementor-widget-heading\" data-id=\"62fef03\" data-element_type=\"widget\" data-e-type=\"widget\" data-widget_type=\"heading.default\">\n\t\t\t\t<div class=\"elementor-widget-container\">\n\t\t\t\t\t<h4 class=\"elementor-heading-title elementor-size-default\">Table des mati\u00e8res<\/h4>\t\t\t\t<\/div>\n\t\t\t\t<\/div>\n\t\t\t\t<div class=\"elementor-element elementor-element-72d633f elementor-nav-menu--dropdown-tablet elementor-nav-menu__text-align-aside elementor-nav-menu--toggle elementor-nav-menu--burger elementor-widget elementor-widget-nav-menu\" data-id=\"72d633f\" data-element_type=\"widget\" data-e-type=\"widget\" data-settings=\"{&quot;layout&quot;:&quot;vertical&quot;,&quot;submenu_icon&quot;:{&quot;value&quot;:&quot;&lt;i class=\\&quot;fas fa-caret-down\\&quot; aria-hidden=\\&quot;true\\&quot;&gt;&lt;\\\/i&gt;&quot;,&quot;library&quot;:&quot;fa-solid&quot;},&quot;toggle&quot;:&quot;burger&quot;}\" data-widget_type=\"nav-menu.default\">\n\t\t\t\t<div class=\"elementor-widget-container\">\n\t\t\t\t\t\t\t\t<nav aria-label=\"Menu\" class=\"elementor-nav-menu--main elementor-nav-menu__container elementor-nav-menu--layout-vertical e--pointer-underline e--animation-fade\">\n\t\t\t\t<ul id=\"menu-1-72d633f\" class=\"elementor-nav-menu sm-vertical\"><li class=\"menu-item menu-item-type-post_type menu-item-object-page menu-item-157379\"><a href=\"https:\/\/onedesk.com\/fr\/10-premieres-minutes-en-unbureau\/\" class=\"elementor-item menu-link\">10 premi\u00e8res minutes dans OneDesk<\/a><\/li>\n<li class=\"menu-item menu-item-type-post_type menu-item-object-page menu-item-157380\"><a href=\"https:\/\/onedesk.com\/fr\/integration-de-votre-equipe\/\" class=\"elementor-item menu-link\">Int\u00e9gration de votre \u00e9quipe<\/a><\/li>\n<li class=\"menu-item menu-item-type-post_type menu-item-object-page menu-item-157381\"><a href=\"https:\/\/onedesk.com\/fr\/sabonner-devenir-pro\/\" class=\"elementor-item menu-link\">S&#8217;abonner et devenir pro<\/a><\/li>\n<li class=\"menu-item menu-item-type-post_type menu-item-object-page menu-item-157424\"><a href=\"https:\/\/onedesk.com\/fr\/mise-en-ligne-chez-les-clients\/\" class=\"elementor-item menu-link\">Mise en ligne pour les clients<\/a><\/li>\n<li class=\"menu-item menu-item-type-post_type menu-item-object-page menu-item-157425\"><a href=\"https:\/\/onedesk.com\/fr\/tickets-routage-workflows\/\" class=\"elementor-item menu-link\">Acheminement des tickets et flux de travail<\/a><\/li>\n<li class=\"menu-item menu-item-type-post_type menu-item-object-page menu-item-157426\"><a href=\"https:\/\/onedesk.com\/fr\/workflows-de-taches-de-gestion-de-projet\/\" class=\"elementor-item menu-link\">Gestion de projet et workflows de t\u00e2ches<\/a><\/li>\n<li class=\"menu-item menu-item-type-post_type menu-item-object-page menu-item-157427\"><a href=\"https:\/\/onedesk.com\/fr\/communication-avec-les-clients\/\" class=\"elementor-item menu-link\">Communiquer avec les clients<\/a><\/li>\n<li class=\"menu-item menu-item-type-post_type menu-item-object-page menu-item-157428\"><a href=\"https:\/\/onedesk.com\/fr\/suivi-travail\/\" class=\"elementor-item menu-link\">Suivi du travail<\/a><\/li>\n<\/ul>\t\t\t<\/nav>\n\t\t\t\t\t<div class=\"elementor-menu-toggle\" role=\"button\" tabindex=\"0\" aria-label=\"Menu Toggle\" aria-expanded=\"false\">\n\t\t\t<i aria-hidden=\"true\" role=\"presentation\" class=\"elementor-menu-toggle__icon--open eicon-menu-bar\"><\/i><i aria-hidden=\"true\" role=\"presentation\" class=\"elementor-menu-toggle__icon--close eicon-close\"><\/i>\t\t<\/div>\n\t\t\t\t\t<nav class=\"elementor-nav-menu--dropdown elementor-nav-menu__container\" aria-hidden=\"true\">\n\t\t\t\t<ul id=\"menu-2-72d633f\" class=\"elementor-nav-menu sm-vertical\"><li class=\"menu-item menu-item-type-post_type menu-item-object-page menu-item-157379\"><a href=\"https:\/\/onedesk.com\/fr\/10-premieres-minutes-en-unbureau\/\" class=\"elementor-item menu-link\" tabindex=\"-1\">10 premi\u00e8res minutes dans OneDesk<\/a><\/li>\n<li class=\"menu-item menu-item-type-post_type menu-item-object-page menu-item-157380\"><a href=\"https:\/\/onedesk.com\/fr\/integration-de-votre-equipe\/\" class=\"elementor-item menu-link\" tabindex=\"-1\">Int\u00e9gration de votre \u00e9quipe<\/a><\/li>\n<li class=\"menu-item menu-item-type-post_type menu-item-object-page menu-item-157381\"><a href=\"https:\/\/onedesk.com\/fr\/sabonner-devenir-pro\/\" class=\"elementor-item menu-link\" tabindex=\"-1\">S&#8217;abonner et devenir pro<\/a><\/li>\n<li class=\"menu-item menu-item-type-post_type menu-item-object-page menu-item-157424\"><a href=\"https:\/\/onedesk.com\/fr\/mise-en-ligne-chez-les-clients\/\" class=\"elementor-item menu-link\" tabindex=\"-1\">Mise en ligne pour les clients<\/a><\/li>\n<li class=\"menu-item menu-item-type-post_type menu-item-object-page menu-item-157425\"><a href=\"https:\/\/onedesk.com\/fr\/tickets-routage-workflows\/\" class=\"elementor-item menu-link\" tabindex=\"-1\">Acheminement des tickets et flux de travail<\/a><\/li>\n<li class=\"menu-item menu-item-type-post_type menu-item-object-page menu-item-157426\"><a href=\"https:\/\/onedesk.com\/fr\/workflows-de-taches-de-gestion-de-projet\/\" class=\"elementor-item menu-link\" tabindex=\"-1\">Gestion de projet et workflows de t\u00e2ches<\/a><\/li>\n<li class=\"menu-item menu-item-type-post_type menu-item-object-page menu-item-157427\"><a href=\"https:\/\/onedesk.com\/fr\/communication-avec-les-clients\/\" class=\"elementor-item menu-link\" tabindex=\"-1\">Communiquer avec les clients<\/a><\/li>\n<li class=\"menu-item menu-item-type-post_type menu-item-object-page menu-item-157428\"><a href=\"https:\/\/onedesk.com\/fr\/suivi-travail\/\" class=\"elementor-item menu-link\" tabindex=\"-1\">Suivi du travail<\/a><\/li>\n<\/ul>\t\t\t<\/nav>\n\t\t\t\t\t\t<\/div>\n\t\t\t\t<\/div>\n\t\t\t\t<div class=\"elementor-element elementor-element-2a6bc8f elementor-widget elementor-widget-heading\" data-id=\"2a6bc8f\" data-element_type=\"widget\" data-e-type=\"widget\" data-widget_type=\"heading.default\">\n\t\t\t\t<div class=\"elementor-widget-container\">\n\t\t\t\t\t<h4 class=\"elementor-heading-title elementor-size-default\">Plonger plus profond\u00e9ment<\/h4>\t\t\t\t<\/div>\n\t\t\t\t<\/div>\n\t\t\t\t<div class=\"elementor-element elementor-element-ec8589a elementor-nav-menu--dropdown-tablet elementor-nav-menu__text-align-aside elementor-nav-menu--toggle elementor-nav-menu--burger elementor-widget elementor-widget-nav-menu\" data-id=\"ec8589a\" data-element_type=\"widget\" data-e-type=\"widget\" data-settings=\"{&quot;layout&quot;:&quot;vertical&quot;,&quot;submenu_icon&quot;:{&quot;value&quot;:&quot;&lt;i class=\\&quot;fas fa-caret-down\\&quot; aria-hidden=\\&quot;true\\&quot;&gt;&lt;\\\/i&gt;&quot;,&quot;library&quot;:&quot;fa-solid&quot;},&quot;toggle&quot;:&quot;burger&quot;}\" data-widget_type=\"nav-menu.default\">\n\t\t\t\t<div class=\"elementor-widget-container\">\n\t\t\t\t\t\t\t\t<nav aria-label=\"Menu\" class=\"elementor-nav-menu--main elementor-nav-menu__container elementor-nav-menu--layout-vertical e--pointer-underline e--animation-fade\">\n\t\t\t\t<ul id=\"menu-1-ec8589a\" class=\"elementor-nav-menu sm-vertical\"><li class=\"menu-item menu-item-type-post_type menu-item-object-page menu-item-157470\"><a href=\"https:\/\/onedesk.com\/fr\/personnaliser-votre-workflow\/\" class=\"elementor-item menu-link\">Personnalisation de votre flux de travail<\/a><\/li>\n<li class=\"menu-item menu-item-type-post_type menu-item-object-page menu-item-157471\"><a href=\"https:\/\/onedesk.com\/fr\/personnaliser-votre-experience-utilisateur\/\" class=\"elementor-item menu-link\">Personnaliser l&#8217;exp\u00e9rience de vos utilisateurs<\/a><\/li>\n<li class=\"menu-item menu-item-type-post_type menu-item-object-page menu-item-157472\"><a href=\"https:\/\/onedesk.com\/fr\/personnaliser-votre-experience-clients\/\" class=\"elementor-item menu-link\">Personnalisation de l&#8217;exp\u00e9rience de vos clients<\/a><\/li>\n<li class=\"menu-item menu-item-type-post_type menu-item-object-page menu-item-157473\"><a href=\"https:\/\/onedesk.com\/fr\/gestion-utilisateurs\/\" class=\"elementor-item menu-link\">Gestion des utilisateurs<\/a><\/li>\n<li class=\"menu-item menu-item-type-post_type menu-item-object-page menu-item-157474\"><a href=\"https:\/\/onedesk.com\/fr\/gestion-clients\/\" class=\"elementor-item menu-link\">Gestion des clients<\/a><\/li>\n<li class=\"menu-item menu-item-type-post_type menu-item-object-page menu-item-157523\"><a href=\"https:\/\/onedesk.com\/fr\/onedesk-knowledgebase\/\" class=\"elementor-item menu-link\">Base de connaissances OneDesk<\/a><\/li>\n<li class=\"menu-item menu-item-type-post_type menu-item-object-page menu-item-157524\"><a href=\"https:\/\/onedesk.com\/fr\/onedesk-live-chat\/\" class=\"elementor-item menu-link\">Chat en direct OneDesk<\/a><\/li>\n<li class=\"menu-item menu-item-type-post_type menu-item-object-page menu-item-157525\"><a href=\"https:\/\/onedesk.com\/fr\/onedesk-client-portail\/\" class=\"elementor-item menu-link\">Portail client OneDesk<\/a><\/li>\n<li class=\"menu-item menu-item-type-post_type menu-item-object-page menu-item-157526\"><a href=\"https:\/\/onedesk.com\/fr\/analytique\/\" class=\"elementor-item menu-link\">Analytique<\/a><\/li>\n<\/ul>\t\t\t<\/nav>\n\t\t\t\t\t<div class=\"elementor-menu-toggle\" role=\"button\" tabindex=\"0\" aria-label=\"Menu Toggle\" aria-expanded=\"false\">\n\t\t\t<i aria-hidden=\"true\" role=\"presentation\" class=\"elementor-menu-toggle__icon--open eicon-menu-bar\"><\/i><i aria-hidden=\"true\" role=\"presentation\" class=\"elementor-menu-toggle__icon--close eicon-close\"><\/i>\t\t<\/div>\n\t\t\t\t\t<nav class=\"elementor-nav-menu--dropdown elementor-nav-menu__container\" aria-hidden=\"true\">\n\t\t\t\t<ul id=\"menu-2-ec8589a\" class=\"elementor-nav-menu sm-vertical\"><li class=\"menu-item menu-item-type-post_type menu-item-object-page menu-item-157470\"><a href=\"https:\/\/onedesk.com\/fr\/personnaliser-votre-workflow\/\" class=\"elementor-item menu-link\" tabindex=\"-1\">Personnalisation de votre flux de travail<\/a><\/li>\n<li class=\"menu-item menu-item-type-post_type menu-item-object-page menu-item-157471\"><a href=\"https:\/\/onedesk.com\/fr\/personnaliser-votre-experience-utilisateur\/\" class=\"elementor-item menu-link\" tabindex=\"-1\">Personnaliser l&#8217;exp\u00e9rience de vos utilisateurs<\/a><\/li>\n<li class=\"menu-item menu-item-type-post_type menu-item-object-page menu-item-157472\"><a href=\"https:\/\/onedesk.com\/fr\/personnaliser-votre-experience-clients\/\" class=\"elementor-item menu-link\" tabindex=\"-1\">Personnalisation de l&#8217;exp\u00e9rience de vos clients<\/a><\/li>\n<li class=\"menu-item menu-item-type-post_type menu-item-object-page menu-item-157473\"><a href=\"https:\/\/onedesk.com\/fr\/gestion-utilisateurs\/\" class=\"elementor-item menu-link\" tabindex=\"-1\">Gestion des utilisateurs<\/a><\/li>\n<li class=\"menu-item menu-item-type-post_type menu-item-object-page menu-item-157474\"><a href=\"https:\/\/onedesk.com\/fr\/gestion-clients\/\" class=\"elementor-item menu-link\" tabindex=\"-1\">Gestion des clients<\/a><\/li>\n<li class=\"menu-item menu-item-type-post_type menu-item-object-page menu-item-157523\"><a href=\"https:\/\/onedesk.com\/fr\/onedesk-knowledgebase\/\" class=\"elementor-item menu-link\" tabindex=\"-1\">Base de connaissances OneDesk<\/a><\/li>\n<li class=\"menu-item menu-item-type-post_type menu-item-object-page menu-item-157524\"><a href=\"https:\/\/onedesk.com\/fr\/onedesk-live-chat\/\" class=\"elementor-item menu-link\" tabindex=\"-1\">Chat en direct OneDesk<\/a><\/li>\n<li class=\"menu-item menu-item-type-post_type menu-item-object-page menu-item-157525\"><a href=\"https:\/\/onedesk.com\/fr\/onedesk-client-portail\/\" class=\"elementor-item menu-link\" tabindex=\"-1\">Portail client OneDesk<\/a><\/li>\n<li class=\"menu-item menu-item-type-post_type menu-item-object-page menu-item-157526\"><a href=\"https:\/\/onedesk.com\/fr\/analytique\/\" class=\"elementor-item menu-link\" tabindex=\"-1\">Analytique<\/a><\/li>\n<\/ul>\t\t\t<\/nav>\n\t\t\t\t\t\t<\/div>\n\t\t\t\t<\/div>\n\t\t\t\t\t<\/div>\n\t\t<\/div>\n\t\t\t\t<div class=\"elementor-column elementor-col-66 elementor-top-column elementor-element elementor-element-28edd6de\" data-id=\"28edd6de\" data-element_type=\"column\" data-e-type=\"column\">\n\t\t\t<div class=\"elementor-widget-wrap elementor-element-populated\">\n\t\t\t\t\t\t<div class=\"elementor-element elementor-element-4206f0d7 elementor-widget elementor-widget-html\" data-id=\"4206f0d7\" data-element_type=\"widget\" data-e-type=\"widget\" data-widget_type=\"html.default\">\n\t\t\t\t<div class=\"elementor-widget-container\">\n\t\t\t\t\t<p>\nUne fois que vous avez utilis\u00e9 OneDesk et que vous \u00eates pr\u00eat \u00e0 devenir pro, vous pouvez facilement mettre \u00e0 jour votre essai gratuit vers un plan sous licence. En savoir plus sur nos prix \u00e9quitables et la foire aux questions <a href=\"https:\/\/onedesk.com\/fr\/prix\/\">ici<\/a> ou <a href=\"https:\/\/youtu.be\/vDnpRx2tokA\">regardez la vid\u00e9o<\/a> pour voir les d\u00e9tails sur la fa\u00e7on de devenir pro.<\/p>\n<br>\n\n<center>\n<iframe width=\"560\" height=\"315\" src=\"https:\/\/www.youtube.com\/embed\/vDnpRx2tokA\" title=\"Lecteur vid\u00e9o YouTube\" frameborder=\"0\" allow=\"accelerometer; autoplay; clipboard-write; encrypted-media; gyroscope; picture-in-picture\" allowfullscreen=\"\"><\/iframe><\/center>\n<br>\n\n<br>\n<button class=\"guidebutton\" onclick=\"window.location.href='\/onboarding-your-team\/';\"><Previous{{{wpml_tag_15}}}\n{{{wpml_tag_16}}}Next ><\/button>\t\t\t\t<\/div>\n\t\t\t\t<\/div>\n\t\t\t\t\t<\/div>\n\t\t<\/div>\n\t\t\t\t\t<\/div>\n\t\t<\/section>\n\t\t\t\t<\/div>\n\t\t","protected":false},"excerpt":{"rendered":"<p>Table des mati\u00e8res Plonger plus profond\u00e9ment Une fois que vous avez utilis\u00e9 OneDesk et que vous \u00eates pr\u00eat \u00e0 devenir pro, vous pouvez facilement mettre \u00e0 jour votre essai gratuit vers un plan sous licence. En savoir plus sur nos prix \u00e9quitables et la foire aux questions ici ou regardez la vid\u00e9o pour voir les [&hellip;]<\/p>\n","protected":false},"author":27,"featured_media":0,"parent":0,"menu_order":0,"comment_status":"closed","ping_status":"closed","template":"","meta":{"tpgb_global_settings":"","_crdt_document":"","inline_featured_image":false,"site-sidebar-layout":"no-sidebar","site-content-layout":"page-builder","ast-site-content-layout":"default","site-content-style":"default","site-sidebar-style":"default","ast-global-header-display":"","ast-banner-title-visibility":"","ast-main-header-display":"","ast-hfb-above-header-display":"","ast-hfb-below-header-display":"","ast-hfb-mobile-header-display":"","site-post-title":"disabled","ast-breadcrumbs-content":"","ast-featured-img":"disabled","footer-sml-layout":"","ast-disable-related-posts":"","theme-transparent-header-meta":"","adv-header-id-meta":"","stick-header-meta":"","header-above-stick-meta":"","header-main-stick-meta":"","header-below-stick-meta":"","astra-migrate-meta-layouts":"default","ast-page-background-enabled":"default","ast-page-background-meta":{"desktop":{"background-color":"var(--ast-global-color-4)","background-image":"","background-repeat":"repeat","background-position":"center center","background-size":"auto","background-attachment":"scroll","background-type":"","background-media":"","overlay-type":"","overlay-color":"","overlay-opacity":"","overlay-gradient":""},"tablet":{"background-color":"","background-image":"","background-repeat":"repeat","background-position":"center center","background-size":"auto","background-attachment":"scroll","background-type":"","background-media":"","overlay-type":"","overlay-color":"","overlay-opacity":"","overlay-gradient":""},"mobile":{"background-color":"","background-image":"","background-repeat":"repeat","background-position":"center center","background-size":"auto","background-attachment":"scroll","background-type":"","background-media":"","overlay-type":"","overlay-color":"","overlay-opacity":"","overlay-gradient":""}},"ast-content-background-meta":{"desktop":{"background-color":"var(--ast-global-color-5)","background-image":"","background-repeat":"repeat","background-position":"center center","background-size":"auto","background-attachment":"scroll","background-type":"","background-media":"","overlay-type":"","overlay-color":"","overlay-opacity":"","overlay-gradient":""},"tablet":{"background-color":"var(--ast-global-color-5)","background-image":"","background-repeat":"repeat","background-position":"center center","background-size":"auto","background-attachment":"scroll","background-type":"","background-media":"","overlay-type":"","overlay-color":"","overlay-opacity":"","overlay-gradient":""},"mobile":{"background-color":"var(--ast-global-color-5)","background-image":"","background-repeat":"repeat","background-position":"center center","background-size":"auto","background-attachment":"scroll","background-type":"","background-media":"","overlay-type":"","overlay-color":"","overlay-opacity":"","overlay-gradient":""}},"footnotes":""},"class_list":["post-154734","page","type-page","status-publish","hentry"],"yoast_head":"<!-- This site is optimized with the Yoast SEO Premium plugin v27.5 (Yoast SEO v27.5) - https:\/\/yoast.com\/product\/yoast-seo-premium-wordpress\/ -->\n<title>S&#039;abonner et devenir pro | Guide d&#039;int\u00e9gration OneDesk HelpDesk et PM<\/title>\n<meta name=\"description\" content=\"OneDesk est un logiciel de support et de gestion de projet dans une seule application. En savoir plus sur les plans d&#039;abonnement disponibles.\" \/>\n<meta name=\"robots\" content=\"index, follow, max-snippet:-1, max-image-preview:large, max-video-preview:-1\" \/>\n<link rel=\"canonical\" href=\"https:\/\/onedesk.com\/fr\/sabonner-devenir-pro\/\" \/>\n<meta property=\"og:locale\" content=\"fr_FR\" \/>\n<meta property=\"og:type\" content=\"article\" \/>\n<meta property=\"og:title\" content=\"S&#039;abonner et devenir pro | Guide d&#039;int\u00e9gration OneDesk HelpDesk et PM\" \/>\n<meta property=\"og:description\" content=\"OneDesk est un logiciel de support et de gestion de projet dans une seule application. En savoir plus sur les plans d&#039;abonnement disponibles.\" \/>\n<meta property=\"og:url\" content=\"https:\/\/onedesk.com\/fr\/sabonner-devenir-pro\/\" \/>\n<meta property=\"og:site_name\" content=\"OneDesk\" \/>\n<meta property=\"article:publisher\" content=\"https:\/\/www.facebook.com\/OneDeskApp\" \/>\n<meta property=\"article:modified_time\" content=\"2022-11-10T14:58:33+00:00\" \/>\n<meta property=\"og:image\" content=\"https:\/\/onedesk.com\/wp-content\/uploads\/2020\/04\/OneDesk-Logo.png\" \/>\n\t<meta property=\"og:image:width\" content=\"1280\" \/>\n\t<meta property=\"og:image:height\" content=\"800\" \/>\n\t<meta property=\"og:image:type\" content=\"image\/png\" \/>\n<meta name=\"twitter:card\" content=\"summary_large_image\" \/>\n<meta name=\"twitter:site\" content=\"@OneDeskApp\" \/>\n<!-- \/ Yoast SEO Premium plugin. -->","yoast_head_json":{"title":"S'abonner et devenir pro | Guide d'int\u00e9gration OneDesk HelpDesk et PM","description":"OneDesk est un logiciel de support et de gestion de projet dans une seule application. En savoir plus sur les plans d'abonnement disponibles.","robots":{"index":"index","follow":"follow","max-snippet":"max-snippet:-1","max-image-preview":"max-image-preview:large","max-video-preview":"max-video-preview:-1"},"canonical":"https:\/\/onedesk.com\/fr\/sabonner-devenir-pro\/","og_locale":"fr_FR","og_type":"article","og_title":"S'abonner et devenir pro | Guide d'int\u00e9gration OneDesk HelpDesk et PM","og_description":"OneDesk est un logiciel de support et de gestion de projet dans une seule application. En savoir plus sur les plans d'abonnement disponibles.","og_url":"https:\/\/onedesk.com\/fr\/sabonner-devenir-pro\/","og_site_name":"OneDesk","article_publisher":"https:\/\/www.facebook.com\/OneDeskApp","article_modified_time":"2022-11-10T14:58:33+00:00","og_image":[{"width":1280,"height":800,"url":"https:\/\/onedesk.com\/wp-content\/uploads\/2020\/04\/OneDesk-Logo.png","type":"image\/png"}],"twitter_card":"summary_large_image","twitter_site":"@OneDeskApp","schema":{"@context":"https:\/\/schema.org","@graph":[{"@type":"WebPage","@id":"https:\/\/onedesk.com\/fr\/sabonner-devenir-pro\/","url":"https:\/\/onedesk.com\/fr\/sabonner-devenir-pro\/","name":"S'abonner et devenir pro | Guide d'int\u00e9gration OneDesk HelpDesk et PM","isPartOf":{"@id":"https:\/\/onedesk.com\/fr\/#website"},"datePublished":"2021-12-20T15:16:10+00:00","dateModified":"2022-11-10T14:58:33+00:00","description":"OneDesk est un logiciel de support et de gestion de projet dans une seule application. En savoir plus sur les plans d'abonnement disponibles.","inLanguage":"fr-FR","potentialAction":[{"@type":"ReadAction","target":["https:\/\/onedesk.com\/fr\/sabonner-devenir-pro\/"]}]},{"@type":"WebSite","@id":"https:\/\/onedesk.com\/fr\/#website","url":"https:\/\/onedesk.com\/fr\/","name":"OneDesk","description":"Logiciel de gestion de projet et d'assistance","publisher":{"@id":"https:\/\/onedesk.com\/fr\/#organization"},"potentialAction":[{"@type":"SearchAction","target":{"@type":"EntryPoint","urlTemplate":"https:\/\/onedesk.com\/fr\/?s={search_term_string}"},"query-input":{"@type":"PropertyValueSpecification","valueRequired":true,"valueName":"search_term_string"}}],"inLanguage":"fr-FR"},{"@type":"Organization","@id":"https:\/\/onedesk.com\/fr\/#organization","name":"OneDesk","url":"https:\/\/onedesk.com\/fr\/","logo":{"@type":"ImageObject","inLanguage":"fr-FR","@id":"https:\/\/onedesk.com\/fr\/#\/schema\/logo\/image\/","url":"https:\/\/onedesk.com\/wp-content\/uploads\/2016\/01\/white-logo-small.png","contentUrl":"https:\/\/onedesk.com\/wp-content\/uploads\/2016\/01\/white-logo-small.png","width":207,"height":40,"caption":"OneDesk"},"image":{"@id":"https:\/\/onedesk.com\/fr\/#\/schema\/logo\/image\/"},"sameAs":["https:\/\/www.facebook.com\/OneDeskApp","https:\/\/x.com\/OneDeskApp","https:\/\/www.instagram.com\/onedeskapp\/","https:\/\/www.linkedin.com\/company\/onedesk-inc-1","https:\/\/www.pinterest.com\/onedesk\/","https:\/\/www.youtube.com\/user\/OneDeskApp"]}]}},"tpgb_featured_images":null,"tpgb_post_meta_info":{"get_date":"December 20, 2021","get_modified_date":"November 10, 2022","author_name":"Sabrin Yusef","author_url":"https:\/\/onedesk.com\/fr\/author\/sarbin-yusef\/","author_email":"sabrin.yusef@onedesk.com","author_website":"","author_description":"","author_facebook":"","author_twitter":"","author_instagram":"","author_role":["customer"],"author_firstname":"Sabrin","author_lastname":"Yusef","user_login":"sarbin.yusef","author_avatar":"<img alt='' src='https:\/\/secure.gravatar.com\/avatar\/1f20332b0900369c93c9c272e03885bde073bf214b3dd3eb4bea569a45bea588?s=200&#038;d=mm&#038;r=g' srcset='https:\/\/secure.gravatar.com\/avatar\/1f20332b0900369c93c9c272e03885bde073bf214b3dd3eb4bea569a45bea588?s=400&#038;d=mm&#038;r=g 2x' class='avatar avatar-200 photo' height='200' width='200' decoding='async'\/>","author_avatar_url":"https:\/\/secure.gravatar.com\/avatar\/1f20332b0900369c93c9c272e03885bde073bf214b3dd3eb4bea569a45bea588?s=96&d=mm&r=g","comment_count":0,"post_likes":0,"post_views":0},"tpgb_post_category":[],"jetpack_shortlink":"https:\/\/wp.me\/PfpPaI-EfI","amp_enabled":true,"_links":{"self":[{"href":"https:\/\/onedesk.com\/fr\/wp-json\/wp\/v2\/pages\/154734","targetHints":{"allow":["GET"]}}],"collection":[{"href":"https:\/\/onedesk.com\/fr\/wp-json\/wp\/v2\/pages"}],"about":[{"href":"https:\/\/onedesk.com\/fr\/wp-json\/wp\/v2\/types\/page"}],"author":[{"embeddable":true,"href":"https:\/\/onedesk.com\/fr\/wp-json\/wp\/v2\/users\/27"}],"replies":[{"embeddable":true,"href":"https:\/\/onedesk.com\/fr\/wp-json\/wp\/v2\/comments?post=154734"}],"version-history":[{"count":17,"href":"https:\/\/onedesk.com\/fr\/wp-json\/wp\/v2\/pages\/154734\/revisions"}],"predecessor-version":[{"id":243125,"href":"https:\/\/onedesk.com\/fr\/wp-json\/wp\/v2\/pages\/154734\/revisions\/243125"}],"wp:attachment":[{"href":"https:\/\/onedesk.com\/fr\/wp-json\/wp\/v2\/media?parent=154734"}],"curies":[{"name":"wp","href":"https:\/\/api.w.org\/{rel}","templated":true}]}}