{"id":154798,"date":"2021-12-20T15:58:19","date_gmt":"2021-12-20T15:58:19","guid":{"rendered":"https:\/\/onedesk.com\/index-des-fonctionnalites\/surveillance-des-e-mails\/"},"modified":"2023-08-08T19:06:41","modified_gmt":"2023-08-08T19:06:41","slug":"surveillance-des-e-mails","status":"publish","type":"page","link":"https:\/\/onedesk.com\/fr\/index-des-fonctionnalites\/surveillance-des-e-mails\/","title":{"rendered":"Surveillance des e-mails"},"content":{"rendered":"\t\t<div data-elementor-type=\"wp-page\" data-elementor-id=\"154798\" class=\"elementor elementor-154798 elementor-83546\" data-elementor-post-type=\"page\">\n\t\t\t\t\t\t<section class=\"elementor-section elementor-top-section elementor-element elementor-element-35c19cfa elementor-section-boxed elementor-section-height-default elementor-section-height-default\" data-id=\"35c19cfa\" data-element_type=\"section\" data-e-type=\"section\">\n\t\t\t\t\t\t<div class=\"elementor-container elementor-column-gap-default\">\n\t\t\t\t\t<div class=\"elementor-column elementor-col-100 elementor-top-column elementor-element elementor-element-6ecc91a9\" data-id=\"6ecc91a9\" data-element_type=\"column\" data-e-type=\"column\">\n\t\t\t<div class=\"elementor-widget-wrap\">\n\t\t\t\t\t\t\t<\/div>\n\t\t<\/div>\n\t\t\t\t\t<\/div>\n\t\t<\/section>\n\t\t\t\t<section class=\"elementor-section elementor-top-section elementor-element elementor-element-766d10c elementor-section-boxed elementor-section-height-default elementor-section-height-default\" data-id=\"766d10c\" data-element_type=\"section\" data-e-type=\"section\">\n\t\t\t\t\t\t<div class=\"elementor-container elementor-column-gap-default\">\n\t\t\t\t\t<div class=\"elementor-column elementor-col-100 elementor-top-column elementor-element elementor-element-a276d9e\" data-id=\"a276d9e\" data-element_type=\"column\" data-e-type=\"column\">\n\t\t\t<div class=\"elementor-widget-wrap elementor-element-populated\">\n\t\t\t\t\t\t<div class=\"elementor-element elementor-element-677664e7 elementor-widget elementor-widget-heading\" data-id=\"677664e7\" data-element_type=\"widget\" data-e-type=\"widget\" data-widget_type=\"heading.default\">\n\t\t\t\t<div class=\"elementor-widget-container\">\n\t\t\t\t\t<h1 class=\"elementor-heading-title elementor-size-default\">Surveillance des e-mails<\/h1>\t\t\t\t<\/div>\n\t\t\t\t<\/div>\n\t\t\t\t<div class=\"elementor-element elementor-element-5ef147b9 elementor-widget elementor-widget-text-editor\" data-id=\"5ef147b9\" data-element_type=\"widget\" data-e-type=\"widget\" data-widget_type=\"text-editor.default\">\n\t\t\t\t<div class=\"elementor-widget-container\">\n\t\t\t\t\t\t\t\t\t<p>Surveillance des e-mails entrants et sortants<\/p>\n\t\t\t\t\t\t\t\t<\/div>\n\t\t\t\t<\/div>\n\t\t\t\t<div class=\"elementor-element elementor-element-f2d5080 elementor-align-center elementor-widget elementor-widget-global elementor-global-239883 elementor-global-131872 elementor-widget-button\" data-id=\"f2d5080\" data-element_type=\"widget\" data-e-type=\"widget\" data-widget_type=\"button.default\">\n\t\t\t\t<div class=\"elementor-widget-container\">\n\t\t\t\t\t\t\t\t\t<div class=\"elementor-button-wrapper\">\n\t\t\t\t\t<a class=\"elementor-button elementor-button-link elementor-size-lg elementor-animation-grow\" href=\"https:\/\/onedesk.com\/fr\/inscription-gratuite\/\">\n\t\t\t\t\t\t<span class=\"elementor-button-content-wrapper\">\n\t\t\t\t\t\t\t\t\t<span class=\"elementor-button-text\">Inscription gratuite!<\/span>\n\t\t\t\t\t<\/span>\n\t\t\t\t\t<\/a>\n\t\t\t\t<\/div>\n\t\t\t\t\t\t\t\t<\/div>\n\t\t\t\t<\/div>\n\t\t\t\t\t<\/div>\n\t\t<\/div>\n\t\t\t\t\t<\/div>\n\t\t<\/section>\n\t\t\t\t<section class=\"elementor-section elementor-top-section elementor-element elementor-element-7be0cb78 elementor-section-boxed elementor-section-height-default elementor-section-height-default\" data-id=\"7be0cb78\" data-element_type=\"section\" data-e-type=\"section\">\n\t\t\t\t\t\t<div class=\"elementor-container elementor-column-gap-default\">\n\t\t\t\t\t<div class=\"elementor-column elementor-col-50 elementor-top-column elementor-element elementor-element-b3c1134\" data-id=\"b3c1134\" data-element_type=\"column\" data-e-type=\"column\">\n\t\t\t<div class=\"elementor-widget-wrap elementor-element-populated\">\n\t\t\t\t\t\t<div class=\"elementor-element elementor-element-4e6b697 elementor-widget elementor-widget-image\" data-id=\"4e6b697\" data-element_type=\"widget\" data-e-type=\"widget\" data-widget_type=\"image.default\">\n\t\t\t\t<div class=\"elementor-widget-container\">\n\t\t\t\t\t\t\t\t\t\t\t\t\t\t\t<img fetchpriority=\"high\" decoding=\"async\" width=\"602\" height=\"597\" src=\"https:\/\/onedesk.com\/wp-content\/uploads\/2016\/01\/EmailMonitoring.png\" class=\"attachment-large size-large wp-image-83686\" alt=\"surveillance des e-mails\" srcset=\"https:\/\/onedesk.com\/wp-content\/uploads\/2016\/01\/EmailMonitoring.png 602w, https:\/\/onedesk.com\/wp-content\/uploads\/2016\/01\/EmailMonitoring-300x298.png 300w, https:\/\/onedesk.com\/wp-content\/uploads\/2016\/01\/EmailMonitoring-150x150.png 150w, https:\/\/onedesk.com\/wp-content\/uploads\/2016\/01\/EmailMonitoring-303x300.png 303w, https:\/\/onedesk.com\/wp-content\/uploads\/2016\/01\/EmailMonitoring-255x253.png 255w, https:\/\/onedesk.com\/wp-content\/uploads\/2016\/01\/EmailMonitoring-81x80.png 81w, https:\/\/onedesk.com\/wp-content\/uploads\/2016\/01\/EmailMonitoring-40x40.png 40w, https:\/\/onedesk.com\/wp-content\/uploads\/2016\/01\/EmailMonitoring-60x60.png 60w, https:\/\/onedesk.com\/wp-content\/uploads\/2016\/01\/EmailMonitoring-480x476.png 480w, https:\/\/onedesk.com\/wp-content\/uploads\/2016\/01\/EmailMonitoring-500x496.png 500w, https:\/\/onedesk.com\/wp-content\/uploads\/2016\/01\/EmailMonitoring-360x357.png 360w\" sizes=\"(max-width: 602px) 100vw, 602px\" \/>\t\t\t\t\t\t\t\t\t\t\t\t\t\t\t<\/div>\n\t\t\t\t<\/div>\n\t\t\t\t\t<\/div>\n\t\t<\/div>\n\t\t\t\t<div class=\"elementor-column elementor-col-50 elementor-top-column elementor-element elementor-element-13529493\" data-id=\"13529493\" data-element_type=\"column\" data-e-type=\"column\">\n\t\t\t<div class=\"elementor-widget-wrap elementor-element-populated\">\n\t\t\t\t\t\t<div class=\"elementor-element elementor-element-6ef3772e elementor-widget elementor-widget-heading\" data-id=\"6ef3772e\" data-element_type=\"widget\" data-e-type=\"widget\" data-widget_type=\"heading.default\">\n\t\t\t\t<div class=\"elementor-widget-container\">\n\t\t\t\t\t<h2 class=\"elementor-heading-title elementor-size-default\">Cr\u00e9er des r\u00e9ponses bas\u00e9es sur des d\u00e9clencheurs de mots cl\u00e9s<\/h2>\t\t\t\t<\/div>\n\t\t\t\t<\/div>\n\t\t\t\t<div class=\"elementor-element elementor-element-436003e4 elementor-widget elementor-widget-text-editor\" data-id=\"436003e4\" data-element_type=\"widget\" data-e-type=\"widget\" data-widget_type=\"text-editor.default\">\n\t\t\t\t<div class=\"elementor-widget-container\">\n\t\t\t\t\t\t\t\t\t<p>OneDesk garantit que vous \u00eates en mesure de surveiller toutes les activit\u00e9s de messagerie en toute transparence. Nous vous offrons la tranquillit\u00e9 d&#8217;esprit afin que vous puissiez suivre tous les e-mails entrants et sortants, voir ce qui a \u00e9t\u00e9 envoy\u00e9, \u00e0 qui et quelles actions certains e-mails entrants d\u00e9clenchent dans OneDesk. Nous vous montrons toutes ces informations pour les communications par e-mail au cours des derni\u00e8res 72 heures.<\/p>\n\t\t\t\t\t\t\t\t<\/div>\n\t\t\t\t<\/div>\n\t\t\t\t<div class=\"elementor-element elementor-element-614b797 elementor-widget elementor-widget-heading\" data-id=\"614b797\" data-element_type=\"widget\" data-e-type=\"widget\" data-widget_type=\"heading.default\">\n\t\t\t\t<div class=\"elementor-widget-container\">\n\t\t\t\t\t<h2 class=\"elementor-heading-title elementor-size-default\">Surveillez tous les e-mails sortants pour garantir la transparence<\/h2>\t\t\t\t<\/div>\n\t\t\t\t<\/div>\n\t\t\t\t<div class=\"elementor-element elementor-element-8600891 elementor-widget elementor-widget-text-editor\" data-id=\"8600891\" data-element_type=\"widget\" data-e-type=\"widget\" data-widget_type=\"text-editor.default\">\n\t\t\t\t<div class=\"elementor-widget-container\">\n\t\t\t\t\t\t\t\t\t<p>Les e-mails sont essentiels \u00e0 une communication efficace avec vos utilisateurs et clients, et vous voulez avoir la certitude que vos e-mails sont envoy\u00e9s et livr\u00e9s. Les capacit\u00e9s de surveillance des e-mails de OneDesk vous offrent la tranquillit\u00e9 d&#8217;esprit en vous permettant de suivre les communications par e-mail sortantes. Si un client dit qu&#8217;il n&#8217;a jamais re\u00e7u d&#8217;e-mail, vous pouvez v\u00e9rifier et d\u00e9terminer si et quand il a \u00e9t\u00e9 envoy\u00e9, livr\u00e9 ou non livr\u00e9. Vous serez en mesure de savoir si vos e-mails sont en cours de traitement, livr\u00e9s, rejet\u00e9s, bloqu\u00e9s, etc.<\/p>\n\t\t\t\t\t\t\t\t<\/div>\n\t\t\t\t<\/div>\n\t\t\t\t\t<\/div>\n\t\t<\/div>\n\t\t\t\t\t<\/div>\n\t\t<\/section>\n\t\t\t\t<section class=\"elementor-section elementor-top-section elementor-element elementor-element-368eb4ef elementor-section-boxed elementor-section-height-default elementor-section-height-default\" data-id=\"368eb4ef\" data-element_type=\"section\" data-e-type=\"section\">\n\t\t\t\t\t\t<div class=\"elementor-container elementor-column-gap-default\">\n\t\t\t\t\t<div class=\"elementor-column elementor-col-100 elementor-top-column elementor-element elementor-element-7f10658e\" data-id=\"7f10658e\" data-element_type=\"column\" data-e-type=\"column\">\n\t\t\t<div class=\"elementor-widget-wrap elementor-element-populated\">\n\t\t\t\t\t\t<div class=\"elementor-element elementor-element-2b843beb elementor-widget elementor-widget-heading\" data-id=\"2b843beb\" data-element_type=\"widget\" data-e-type=\"widget\" data-widget_type=\"heading.default\">\n\t\t\t\t<div class=\"elementor-widget-container\">\n\t\t\t\t\t<h2 class=\"elementor-heading-title elementor-size-default\">Suivre toutes les communications entrantes <\/h2>\t\t\t\t<\/div>\n\t\t\t\t<\/div>\n\t\t\t\t<div class=\"elementor-element elementor-element-1834a55b elementor-widget elementor-widget-text-editor\" data-id=\"1834a55b\" data-element_type=\"widget\" data-e-type=\"widget\" data-widget_type=\"text-editor.default\">\n\t\t\t\t<div class=\"elementor-widget-container\">\n\t\t\t\t\t\t\t\t\t<p>Les communications entrantes de votre client peuvent affecter diff\u00e9rentes parties de OneDesk&nbsp;: elles peuvent ajouter des messages dans les conversations, d\u00e9clencher la cr\u00e9ation de tickets et de t\u00e2ches, etc. Vous pouvez suivre tout cela dans l&#8217; <a href=\"https:\/\/onedesk.com\/fr\/index-des-fonctionnalites\/surveiller-la-creation-de-tickets-entrants\/\">application d&#8217;e-mails entrants<\/a> . Vous pouvez \u00e9galement surveiller qui vous a envoy\u00e9 ces communications et quand vous tenir au courant des demandes de vos clients.<\/p>\n\t\t\t\t\t\t\t\t<\/div>\n\t\t\t\t<\/div>\n\t\t\t\t\t<\/div>\n\t\t<\/div>\n\t\t\t\t\t<\/div>\n\t\t<\/section>\n\t\t\t\t<\/div>\n\t\t","protected":false},"excerpt":{"rendered":"<p>Surveillance des e-mails Surveillance des e-mails entrants et sortants Sign up free! Cr\u00e9er des r\u00e9ponses bas\u00e9es sur des d\u00e9clencheurs de mots cl\u00e9s OneDesk garantit que vous \u00eates en mesure de surveiller toutes les activit\u00e9s de messagerie en toute transparence. Nous vous offrons la tranquillit\u00e9 d&#8217;esprit afin que vous puissiez suivre tous les e-mails entrants et [&hellip;]<\/p>\n","protected":false},"author":27,"featured_media":0,"parent":151672,"menu_order":44,"comment_status":"closed","ping_status":"closed","template":"","meta":{"tpgb_global_settings":"","_crdt_document":"","inline_featured_image":false,"site-sidebar-layout":"default","site-content-layout":"","ast-site-content-layout":"default","site-content-style":"default","site-sidebar-style":"default","ast-global-header-display":"","ast-banner-title-visibility":"","ast-main-header-display":"","ast-hfb-above-header-display":"","ast-hfb-below-header-display":"","ast-hfb-mobile-header-display":"","site-post-title":"","ast-breadcrumbs-content":"","ast-featured-img":"","footer-sml-layout":"","ast-disable-related-posts":"","theme-transparent-header-meta":"","adv-header-id-meta":"","stick-header-meta":"","header-above-stick-meta":"","header-main-stick-meta":"","header-below-stick-meta":"","astra-migrate-meta-layouts":"default","ast-page-background-enabled":"default","ast-page-background-meta":{"desktop":{"background-color":"var(--ast-global-color-4)","background-image":"","background-repeat":"repeat","background-position":"center center","background-size":"auto","background-attachment":"scroll","background-type":"","background-media":"","overlay-type":"","overlay-color":"","overlay-opacity":"","overlay-gradient":""},"tablet":{"background-color":"","background-image":"","background-repeat":"repeat","background-position":"center center","background-size":"auto","background-attachment":"scroll","background-type":"","background-media":"","overlay-type":"","overlay-color":"","overlay-opacity":"","overlay-gradient":""},"mobile":{"background-color":"","background-image":"","background-repeat":"repeat","background-position":"center center","background-size":"auto","background-attachment":"scroll","background-type":"","background-media":"","overlay-type":"","overlay-color":"","overlay-opacity":"","overlay-gradient":""}},"ast-content-background-meta":{"desktop":{"background-color":"var(--ast-global-color-5)","background-image":"","background-repeat":"repeat","background-position":"center center","background-size":"auto","background-attachment":"scroll","background-type":"","background-media":"","overlay-type":"","overlay-color":"","overlay-opacity":"","overlay-gradient":""},"tablet":{"background-color":"var(--ast-global-color-5)","background-image":"","background-repeat":"repeat","background-position":"center center","background-size":"auto","background-attachment":"scroll","background-type":"","background-media":"","overlay-type":"","overlay-color":"","overlay-opacity":"","overlay-gradient":""},"mobile":{"background-color":"var(--ast-global-color-5)","background-image":"","background-repeat":"repeat","background-position":"center center","background-size":"auto","background-attachment":"scroll","background-type":"","background-media":"","overlay-type":"","overlay-color":"","overlay-opacity":"","overlay-gradient":""}},"footnotes":""},"class_list":["post-154798","page","type-page","status-publish","hentry"],"yoast_head":"<!-- This site is optimized with the Yoast SEO Premium plugin v27.2 (Yoast SEO v27.3) - https:\/\/yoast.com\/product\/yoast-seo-premium-wordpress\/ -->\n<title>Surveillance des e-mails | Application OneDesk HelpDesk et gestion de projet<\/title>\n<meta name=\"description\" content=\"OneDesk est un logiciel de helpdesk et de gestion de projet. Surveillez les e-mails entrants et sortants et soyez confiant avec votre communication par e-mail.\" \/>\n<meta name=\"robots\" content=\"index, follow, max-snippet:-1, max-image-preview:large, max-video-preview:-1\" \/>\n<link rel=\"canonical\" href=\"https:\/\/onedesk.com\/fr\/index-des-fonctionnalites\/surveillance-des-e-mails\/\" \/>\n<meta property=\"og:locale\" content=\"fr_FR\" \/>\n<meta property=\"og:type\" content=\"article\" \/>\n<meta property=\"og:title\" content=\"Surveillance des e-mails | Application OneDesk HelpDesk et gestion de projet\" \/>\n<meta property=\"og:description\" content=\"OneDesk est un logiciel de helpdesk et de gestion de projet. Surveillez les e-mails entrants et sortants et soyez confiant avec votre communication par e-mail.\" \/>\n<meta property=\"og:url\" content=\"https:\/\/onedesk.com\/fr\/index-des-fonctionnalites\/surveillance-des-e-mails\/\" \/>\n<meta property=\"og:site_name\" content=\"OneDesk\" \/>\n<meta property=\"article:publisher\" content=\"https:\/\/www.facebook.com\/OneDeskApp\" \/>\n<meta property=\"article:modified_time\" content=\"2023-08-08T19:06:41+00:00\" \/>\n<meta property=\"og:image\" content=\"https:\/\/onedesk.com\/wp-content\/uploads\/2016\/01\/EmailMonitoring.png\" \/>\n<meta name=\"twitter:card\" content=\"summary_large_image\" \/>\n<meta name=\"twitter:site\" content=\"@OneDeskApp\" \/>\n<meta name=\"twitter:label1\" content=\"Est. reading time\" \/>\n\t<meta name=\"twitter:data1\" content=\"1 minute\" \/>\n<!-- \/ Yoast SEO Premium plugin. -->","yoast_head_json":{"title":"Surveillance des e-mails | Application OneDesk HelpDesk et gestion de projet","description":"OneDesk est un logiciel de helpdesk et de gestion de projet. Surveillez les e-mails entrants et sortants et soyez confiant avec votre communication par e-mail.","robots":{"index":"index","follow":"follow","max-snippet":"max-snippet:-1","max-image-preview":"max-image-preview:large","max-video-preview":"max-video-preview:-1"},"canonical":"https:\/\/onedesk.com\/fr\/index-des-fonctionnalites\/surveillance-des-e-mails\/","og_locale":"fr_FR","og_type":"article","og_title":"Surveillance des e-mails | Application OneDesk HelpDesk et gestion de projet","og_description":"OneDesk est un logiciel de helpdesk et de gestion de projet. Surveillez les e-mails entrants et sortants et soyez confiant avec votre communication par e-mail.","og_url":"https:\/\/onedesk.com\/fr\/index-des-fonctionnalites\/surveillance-des-e-mails\/","og_site_name":"OneDesk","article_publisher":"https:\/\/www.facebook.com\/OneDeskApp","article_modified_time":"2023-08-08T19:06:41+00:00","og_image":[{"url":"https:\/\/onedesk.com\/wp-content\/uploads\/2016\/01\/EmailMonitoring.png","type":"","width":"","height":""}],"twitter_card":"summary_large_image","twitter_site":"@OneDeskApp","twitter_misc":{"Est. reading time":"1 minute"},"schema":{"@context":"https:\/\/schema.org","@graph":[{"@type":"WebPage","@id":"https:\/\/onedesk.com\/fr\/index-des-fonctionnalites\/surveillance-des-e-mails\/","url":"https:\/\/onedesk.com\/fr\/index-des-fonctionnalites\/surveillance-des-e-mails\/","name":"Surveillance des e-mails | Application OneDesk HelpDesk et gestion de projet","isPartOf":{"@id":"https:\/\/onedesk.com\/fr\/#website"},"primaryImageOfPage":{"@id":"https:\/\/onedesk.com\/fr\/index-des-fonctionnalites\/surveillance-des-e-mails\/#primaryimage"},"image":{"@id":"https:\/\/onedesk.com\/fr\/index-des-fonctionnalites\/surveillance-des-e-mails\/#primaryimage"},"thumbnailUrl":"https:\/\/onedesk.com\/wp-content\/uploads\/2016\/01\/EmailMonitoring.png","datePublished":"2021-12-20T15:58:19+00:00","dateModified":"2023-08-08T19:06:41+00:00","description":"OneDesk est un logiciel de helpdesk et de gestion de projet. Surveillez les e-mails entrants et sortants et soyez confiant avec votre communication par e-mail.","breadcrumb":{"@id":"https:\/\/onedesk.com\/fr\/index-des-fonctionnalites\/surveillance-des-e-mails\/#breadcrumb"},"inLanguage":"fr-FR","potentialAction":[{"@type":"ReadAction","target":["https:\/\/onedesk.com\/fr\/index-des-fonctionnalites\/surveillance-des-e-mails\/"]}]},{"@type":"ImageObject","inLanguage":"fr-FR","@id":"https:\/\/onedesk.com\/fr\/index-des-fonctionnalites\/surveillance-des-e-mails\/#primaryimage","url":"https:\/\/onedesk.com\/wp-content\/uploads\/2016\/01\/EmailMonitoring.png","contentUrl":"https:\/\/onedesk.com\/wp-content\/uploads\/2016\/01\/EmailMonitoring.png"},{"@type":"BreadcrumbList","@id":"https:\/\/onedesk.com\/fr\/index-des-fonctionnalites\/surveillance-des-e-mails\/#breadcrumb","itemListElement":[{"@type":"ListItem","position":1,"name":"Index des fonctionnalit\u00e9s de OneDesk","item":"https:\/\/onedesk.com\/fr\/index-des-fonctionnalites\/"},{"@type":"ListItem","position":2,"name":"Surveillance des e-mails"}]},{"@type":"WebSite","@id":"https:\/\/onedesk.com\/fr\/#website","url":"https:\/\/onedesk.com\/fr\/","name":"OneDesk","description":"Logiciel de gestion de projet et d'assistance","publisher":{"@id":"https:\/\/onedesk.com\/fr\/#organization"},"potentialAction":[{"@type":"SearchAction","target":{"@type":"EntryPoint","urlTemplate":"https:\/\/onedesk.com\/fr\/?s={search_term_string}"},"query-input":{"@type":"PropertyValueSpecification","valueRequired":true,"valueName":"search_term_string"}}],"inLanguage":"fr-FR"},{"@type":"Organization","@id":"https:\/\/onedesk.com\/fr\/#organization","name":"OneDesk","url":"https:\/\/onedesk.com\/fr\/","logo":{"@type":"ImageObject","inLanguage":"fr-FR","@id":"https:\/\/onedesk.com\/fr\/#\/schema\/logo\/image\/","url":"https:\/\/onedesk.com\/wp-content\/uploads\/2016\/01\/white-logo-small.png","contentUrl":"https:\/\/onedesk.com\/wp-content\/uploads\/2016\/01\/white-logo-small.png","width":207,"height":40,"caption":"OneDesk"},"image":{"@id":"https:\/\/onedesk.com\/fr\/#\/schema\/logo\/image\/"},"sameAs":["https:\/\/www.facebook.com\/OneDeskApp","https:\/\/x.com\/OneDeskApp","https:\/\/www.instagram.com\/onedeskapp\/","https:\/\/www.linkedin.com\/company\/onedesk-inc-1","https:\/\/www.pinterest.com\/onedesk\/","https:\/\/www.youtube.com\/user\/OneDeskApp"]}]}},"tpgb_featured_images":null,"tpgb_post_meta_info":{"get_date":"December 20, 2021","get_modified_date":"August 8, 2023","author_name":"Sabrin Yusef","author_url":"https:\/\/onedesk.com\/fr\/author\/sarbin-yusef\/","author_email":"sabrin.yusef@onedesk.com","author_website":"","author_description":"","author_facebook":"","author_twitter":"","author_instagram":"","author_role":["customer"],"author_firstname":"Sabrin","author_lastname":"Yusef","user_login":"sarbin.yusef","author_avatar":"<img alt='' src='https:\/\/secure.gravatar.com\/avatar\/1f20332b0900369c93c9c272e03885bde073bf214b3dd3eb4bea569a45bea588?s=200&#038;d=mm&#038;r=g' srcset='https:\/\/secure.gravatar.com\/avatar\/1f20332b0900369c93c9c272e03885bde073bf214b3dd3eb4bea569a45bea588?s=400&#038;d=mm&#038;r=g 2x' class='avatar avatar-200 photo' height='200' width='200' decoding='async'\/>","author_avatar_url":"https:\/\/secure.gravatar.com\/avatar\/1f20332b0900369c93c9c272e03885bde073bf214b3dd3eb4bea569a45bea588?s=96&d=mm&r=g","comment_count":0,"post_likes":0,"post_views":0},"tpgb_post_category":[],"jetpack_shortlink":"https:\/\/wp.me\/PfpPaI-EgK","amp_enabled":true,"_links":{"self":[{"href":"https:\/\/onedesk.com\/fr\/wp-json\/wp\/v2\/pages\/154798","targetHints":{"allow":["GET"]}}],"collection":[{"href":"https:\/\/onedesk.com\/fr\/wp-json\/wp\/v2\/pages"}],"about":[{"href":"https:\/\/onedesk.com\/fr\/wp-json\/wp\/v2\/types\/page"}],"author":[{"embeddable":true,"href":"https:\/\/onedesk.com\/fr\/wp-json\/wp\/v2\/users\/27"}],"replies":[{"embeddable":true,"href":"https:\/\/onedesk.com\/fr\/wp-json\/wp\/v2\/comments?post=154798"}],"version-history":[{"count":7,"href":"https:\/\/onedesk.com\/fr\/wp-json\/wp\/v2\/pages\/154798\/revisions"}],"predecessor-version":[{"id":253035,"href":"https:\/\/onedesk.com\/fr\/wp-json\/wp\/v2\/pages\/154798\/revisions\/253035"}],"up":[{"embeddable":true,"href":"https:\/\/onedesk.com\/fr\/wp-json\/wp\/v2\/pages\/151672"}],"wp:attachment":[{"href":"https:\/\/onedesk.com\/fr\/wp-json\/wp\/v2\/media?parent=154798"}],"curies":[{"name":"wp","href":"https:\/\/api.w.org\/{rel}","templated":true}]}}