{"id":155383,"date":"2021-12-20T16:06:32","date_gmt":"2021-12-20T16:06:32","guid":{"rendered":"https:\/\/onedesk.com\/index-des-fonctionnalites\/service-client-b2b\/"},"modified":"2023-08-08T19:12:59","modified_gmt":"2023-08-08T19:12:59","slug":"service-client-b2b","status":"publish","type":"page","link":"https:\/\/onedesk.com\/fr\/index-des-fonctionnalites\/service-client-b2b\/","title":{"rendered":"Service client B2B"},"content":{"rendered":"\t\t<div data-elementor-type=\"wp-page\" data-elementor-id=\"155383\" class=\"elementor elementor-155383 elementor-82465\" data-elementor-post-type=\"page\">\n\t\t\t\t\t\t<section class=\"elementor-section elementor-top-section elementor-element elementor-element-180bfd04 elementor-section-boxed elementor-section-height-default elementor-section-height-default\" data-id=\"180bfd04\" data-element_type=\"section\" data-e-type=\"section\">\n\t\t\t\t\t\t<div class=\"elementor-container elementor-column-gap-default\">\n\t\t\t\t\t<div class=\"elementor-column elementor-col-100 elementor-top-column elementor-element elementor-element-468af3af\" data-id=\"468af3af\" data-element_type=\"column\" data-e-type=\"column\">\n\t\t\t<div class=\"elementor-widget-wrap elementor-element-populated\">\n\t\t\t\t\t\t<div class=\"elementor-element elementor-element-3eab09b7 elementor-widget elementor-widget-heading\" data-id=\"3eab09b7\" data-element_type=\"widget\" data-e-type=\"widget\" data-widget_type=\"heading.default\">\n\t\t\t\t<div class=\"elementor-widget-container\">\n\t\t\t\t\t<h1 class=\"elementor-heading-title elementor-size-default\">Service client B2B<\/h1>\t\t\t\t<\/div>\n\t\t\t\t<\/div>\n\t\t\t\t<div class=\"elementor-element elementor-element-5f961b5d elementor-widget elementor-widget-text-editor\" data-id=\"5f961b5d\" data-element_type=\"widget\" data-e-type=\"widget\" data-widget_type=\"text-editor.default\">\n\t\t\t\t<div class=\"elementor-widget-container\">\n\t\t\t\t\t\t\t\t\t<p>OneDesk am\u00e9liore votre service client B2B en vous permettant d&#8217;organiser vos clients en groupes puis de les g\u00e9rer collectivement.&nbsp;<\/p>\n\t\t\t\t\t\t\t\t<\/div>\n\t\t\t\t<\/div>\n\t\t\t\t<div class=\"elementor-element elementor-element-85bfce2 elementor-align-center elementor-widget elementor-widget-global elementor-global-239883 elementor-global-131872 elementor-widget-button\" data-id=\"85bfce2\" data-element_type=\"widget\" data-e-type=\"widget\" data-widget_type=\"button.default\">\n\t\t\t\t<div class=\"elementor-widget-container\">\n\t\t\t\t\t\t\t\t\t<div class=\"elementor-button-wrapper\">\n\t\t\t\t\t<a class=\"elementor-button elementor-button-link elementor-size-lg elementor-animation-grow\" href=\"https:\/\/onedesk.com\/fr\/inscription-gratuite\/\">\n\t\t\t\t\t\t<span class=\"elementor-button-content-wrapper\">\n\t\t\t\t\t\t\t\t\t<span class=\"elementor-button-text\">Inscription gratuite!<\/span>\n\t\t\t\t\t<\/span>\n\t\t\t\t\t<\/a>\n\t\t\t\t<\/div>\n\t\t\t\t\t\t\t\t<\/div>\n\t\t\t\t<\/div>\n\t\t\t\t\t<\/div>\n\t\t<\/div>\n\t\t\t\t\t<\/div>\n\t\t<\/section>\n\t\t\t\t<section class=\"elementor-section elementor-top-section elementor-element elementor-element-b2dd31b elementor-section-boxed elementor-section-height-default elementor-section-height-default\" data-id=\"b2dd31b\" data-element_type=\"section\" data-e-type=\"section\">\n\t\t\t\t\t\t<div class=\"elementor-container elementor-column-gap-default\">\n\t\t\t\t\t<div class=\"elementor-column elementor-col-100 elementor-top-column elementor-element elementor-element-24a70b54\" data-id=\"24a70b54\" data-element_type=\"column\" data-e-type=\"column\">\n\t\t\t<div class=\"elementor-widget-wrap elementor-element-populated\">\n\t\t\t\t\t\t<div class=\"elementor-element elementor-element-3e0810f3 elementor-widget elementor-widget-image\" data-id=\"3e0810f3\" data-element_type=\"widget\" data-e-type=\"widget\" data-widget_type=\"image.default\">\n\t\t\t\t<div class=\"elementor-widget-container\">\n\t\t\t\t\t\t\t\t\t\t\t\t\t\t\t<img fetchpriority=\"high\" decoding=\"async\" width=\"768\" height=\"512\" src=\"https:\/\/onedesk.com\/wp-content\/uploads\/2021\/12\/pexels-andrea-piacquadio-3760069-1024x683-1-768x512.jpg\" class=\"attachment-medium_large size-medium_large wp-image-144973\" alt=\"Am\u00e9liorer le service client\" srcset=\"https:\/\/onedesk.com\/wp-content\/uploads\/2021\/12\/pexels-andrea-piacquadio-3760069-1024x683-1-768x512.jpg 768w, https:\/\/onedesk.com\/wp-content\/uploads\/2021\/12\/pexels-andrea-piacquadio-3760069-1024x683-1-300x200.jpg 300w, https:\/\/onedesk.com\/wp-content\/uploads\/2021\/12\/pexels-andrea-piacquadio-3760069-1024x683-1.jpg 1024w\" sizes=\"(max-width: 768px) 100vw, 768px\" \/>\t\t\t\t\t\t\t\t\t\t\t\t\t\t\t<\/div>\n\t\t\t\t<\/div>\n\t\t\t\t\t<\/div>\n\t\t<\/div>\n\t\t\t\t\t<\/div>\n\t\t<\/section>\n\t\t\t\t<section class=\"elementor-section elementor-top-section elementor-element elementor-element-4031f0fa elementor-section-boxed elementor-section-height-default elementor-section-height-default\" data-id=\"4031f0fa\" data-element_type=\"section\" data-e-type=\"section\">\n\t\t\t\t\t\t<div class=\"elementor-container elementor-column-gap-default\">\n\t\t\t\t\t<div class=\"elementor-column elementor-col-50 elementor-top-column elementor-element elementor-element-30300fc1\" data-id=\"30300fc1\" data-element_type=\"column\" data-e-type=\"column\">\n\t\t\t<div class=\"elementor-widget-wrap elementor-element-populated\">\n\t\t\t\t\t\t<div class=\"elementor-element elementor-element-33ea5ae elementor-widget elementor-widget-image\" data-id=\"33ea5ae\" data-element_type=\"widget\" data-e-type=\"widget\" data-widget_type=\"image.default\">\n\t\t\t\t<div class=\"elementor-widget-container\">\n\t\t\t\t\t\t\t\t\t\t\t\t\t\t\t<img decoding=\"async\" width=\"449\" height=\"300\" src=\"https:\/\/onedesk.com\/wp-content\/uploads\/2021\/12\/christina-wocintechchat-com-faEfWCdOKIg-unsplash-449x300-1.jpg\" class=\"attachment-large size-large wp-image-144962\" alt=\"Am\u00e9liorer la communication\" srcset=\"https:\/\/onedesk.com\/wp-content\/uploads\/2021\/12\/christina-wocintechchat-com-faEfWCdOKIg-unsplash-449x300-1.jpg 449w, https:\/\/onedesk.com\/wp-content\/uploads\/2021\/12\/christina-wocintechchat-com-faEfWCdOKIg-unsplash-449x300-1-300x200.jpg 300w\" sizes=\"(max-width: 449px) 100vw, 449px\" \/>\t\t\t\t\t\t\t\t\t\t\t\t\t\t\t<\/div>\n\t\t\t\t<\/div>\n\t\t\t\t\t<\/div>\n\t\t<\/div>\n\t\t\t\t<div class=\"elementor-column elementor-col-50 elementor-top-column elementor-element elementor-element-6d7afa14\" data-id=\"6d7afa14\" data-element_type=\"column\" data-e-type=\"column\">\n\t\t\t<div class=\"elementor-widget-wrap elementor-element-populated\">\n\t\t\t\t\t\t<div class=\"elementor-element elementor-element-5785e473 elementor-widget elementor-widget-heading\" data-id=\"5785e473\" data-element_type=\"widget\" data-e-type=\"widget\" data-widget_type=\"heading.default\">\n\t\t\t\t<div class=\"elementor-widget-container\">\n\t\t\t\t\t<h2 class=\"elementor-heading-title elementor-size-default\">Fr Communication de masse avec les organisations clientes<\/h2>\t\t\t\t<\/div>\n\t\t\t\t<\/div>\n\t\t\t\t<div class=\"elementor-element elementor-element-385a985 elementor-widget elementor-widget-text-editor\" data-id=\"385a985\" data-element_type=\"widget\" data-e-type=\"widget\" data-widget_type=\"text-editor.default\">\n\t\t\t\t<div class=\"elementor-widget-container\">\n\t\t\t\t\t\t\t\t\t<p>OneDesk permet d&#8217;entrer facilement en contact avec toutes les personnes d&#8217;une entreprise sp\u00e9cifique. Cela vous permet d&#8217;informer l&#8217;ensemble du groupe des nouvelles modifications et demandes. Ajoutez l&#8217;organisation de l&#8217;entreprise en tant que suiveur afin qu&#8217;elle soit toujours mise \u00e0 jour.<\/p>\n\t\t\t\t\t\t\t\t<\/div>\n\t\t\t\t<\/div>\n\t\t\t\t\t<\/div>\n\t\t<\/div>\n\t\t\t\t\t<\/div>\n\t\t<\/section>\n\t\t\t\t<section class=\"elementor-section elementor-top-section elementor-element elementor-element-464a4a87 elementor-section-boxed elementor-section-height-default elementor-section-height-default\" data-id=\"464a4a87\" data-element_type=\"section\" data-e-type=\"section\">\n\t\t\t\t\t\t<div class=\"elementor-container elementor-column-gap-default\">\n\t\t\t\t\t<div class=\"elementor-column elementor-col-50 elementor-top-column elementor-element elementor-element-6c227ddb\" data-id=\"6c227ddb\" data-element_type=\"column\" data-e-type=\"column\">\n\t\t\t<div class=\"elementor-widget-wrap elementor-element-populated\">\n\t\t\t\t\t\t<div class=\"elementor-element elementor-element-40321d37 elementor-widget elementor-widget-heading\" data-id=\"40321d37\" data-element_type=\"widget\" data-e-type=\"widget\" data-widget_type=\"heading.default\">\n\t\t\t\t<div class=\"elementor-widget-container\">\n\t\t\t\t\t<h2 class=\"elementor-heading-title elementor-size-default\">Construire des relations plus solides avec les clients<\/h2>\t\t\t\t<\/div>\n\t\t\t\t<\/div>\n\t\t\t\t<div class=\"elementor-element elementor-element-4fc829da elementor-widget elementor-widget-text-editor\" data-id=\"4fc829da\" data-element_type=\"widget\" data-e-type=\"widget\" data-widget_type=\"text-editor.default\">\n\t\t\t\t<div class=\"elementor-widget-container\">\n\t\t\t\t\t\t\t\t\t<p>OneDesk vous donne la possibilit\u00e9 d&#8217; <a href=\"https:\/\/onedesk.com\/fr\/index-des-fonctionnalites\/triage-automatique\/\">acheminer automatiquement<\/a> les demandes entrantes des clients d&#8217;une organisation sp\u00e9cifique vers un gestionnaire de compte correspondant. Cela vous permet de mieux entretenir et d&#8217;\u00e9tablir des relations personnelles plus solides avec vos clients.<\/p>\n\t\t\t\t\t\t\t\t<\/div>\n\t\t\t\t<\/div>\n\t\t\t\t\t<\/div>\n\t\t<\/div>\n\t\t\t\t<div class=\"elementor-column elementor-col-50 elementor-top-column elementor-element elementor-element-57362fdd\" data-id=\"57362fdd\" data-element_type=\"column\" data-e-type=\"column\">\n\t\t\t<div class=\"elementor-widget-wrap elementor-element-populated\">\n\t\t\t\t\t\t<div class=\"elementor-element elementor-element-437be93 elementor-widget elementor-widget-image\" data-id=\"437be93\" data-element_type=\"widget\" data-e-type=\"widget\" data-widget_type=\"image.default\">\n\t\t\t\t<div class=\"elementor-widget-container\">\n\t\t\t\t\t\t\t\t\t\t\t\t\t\t\t<img decoding=\"async\" width=\"450\" height=\"300\" src=\"https:\/\/onedesk.com\/wp-content\/uploads\/2021\/12\/amy-hirschi-JaoVGh5aJ3E-unsplash-450x300-1.jpg\" class=\"attachment-large size-large wp-image-144951\" alt=\"Construire des relations solides\" srcset=\"https:\/\/onedesk.com\/wp-content\/uploads\/2021\/12\/amy-hirschi-JaoVGh5aJ3E-unsplash-450x300-1.jpg 450w, https:\/\/onedesk.com\/wp-content\/uploads\/2021\/12\/amy-hirschi-JaoVGh5aJ3E-unsplash-450x300-1-300x200.jpg 300w\" sizes=\"(max-width: 450px) 100vw, 450px\" \/>\t\t\t\t\t\t\t\t\t\t\t\t\t\t\t<\/div>\n\t\t\t\t<\/div>\n\t\t\t\t\t<\/div>\n\t\t<\/div>\n\t\t\t\t\t<\/div>\n\t\t<\/section>\n\t\t\t\t<section class=\"elementor-section elementor-top-section elementor-element elementor-element-5b305ae7 elementor-section-boxed elementor-section-height-default elementor-section-height-default\" data-id=\"5b305ae7\" data-element_type=\"section\" data-e-type=\"section\">\n\t\t\t\t\t\t<div class=\"elementor-container elementor-column-gap-default\">\n\t\t\t\t\t<div class=\"elementor-column elementor-col-50 elementor-top-column elementor-element elementor-element-5637bf79\" data-id=\"5637bf79\" data-element_type=\"column\" data-e-type=\"column\">\n\t\t\t<div class=\"elementor-widget-wrap elementor-element-populated\">\n\t\t\t\t\t\t<div class=\"elementor-element elementor-element-f36038d elementor-widget elementor-widget-image\" data-id=\"f36038d\" data-element_type=\"widget\" data-e-type=\"widget\" data-widget_type=\"image.default\">\n\t\t\t\t<div class=\"elementor-widget-container\">\n\t\t\t\t\t\t\t\t\t\t\t\t\t\t\t<img loading=\"lazy\" decoding=\"async\" width=\"450\" height=\"300\" src=\"https:\/\/onedesk.com\/wp-content\/uploads\/2021\/12\/krakenimages-376KN_ISplE-unsplash-1-450x300-1.jpg\" class=\"attachment-large size-large wp-image-144940\" alt=\"Collaborez facilement\" srcset=\"https:\/\/onedesk.com\/wp-content\/uploads\/2021\/12\/krakenimages-376KN_ISplE-unsplash-1-450x300-1.jpg 450w, https:\/\/onedesk.com\/wp-content\/uploads\/2021\/12\/krakenimages-376KN_ISplE-unsplash-1-450x300-1-300x200.jpg 300w\" sizes=\"(max-width: 450px) 100vw, 450px\" \/>\t\t\t\t\t\t\t\t\t\t\t\t\t\t\t<\/div>\n\t\t\t\t<\/div>\n\t\t\t\t\t<\/div>\n\t\t<\/div>\n\t\t\t\t<div class=\"elementor-column elementor-col-50 elementor-top-column elementor-element elementor-element-69a9cb1a\" data-id=\"69a9cb1a\" data-element_type=\"column\" data-e-type=\"column\">\n\t\t\t<div class=\"elementor-widget-wrap elementor-element-populated\">\n\t\t\t\t\t\t<div class=\"elementor-element elementor-element-2e40ea27 elementor-widget elementor-widget-heading\" data-id=\"2e40ea27\" data-element_type=\"widget\" data-e-type=\"widget\" data-widget_type=\"heading.default\">\n\t\t\t\t<div class=\"elementor-widget-container\">\n\t\t\t\t\t<h2 class=\"elementor-heading-title elementor-size-default\">Collaborez facilement et informez vos clients<\/h2>\t\t\t\t<\/div>\n\t\t\t\t<\/div>\n\t\t\t\t<div class=\"elementor-element elementor-element-4bcee0d0 elementor-widget elementor-widget-text-editor\" data-id=\"4bcee0d0\" data-element_type=\"widget\" data-e-type=\"widget\" data-widget_type=\"text-editor.default\">\n\t\t\t\t<div class=\"elementor-widget-container\">\n\t\t\t\t\t\t\t\t\t<p>OneDesk vous permet <a href=\"https:\/\/onedesk.com\/fr\/index-des-fonctionnalites\/communication-client-collaboration\/\">de partager des projets avec vos clients<\/a> . Permettez aux clients de suivre l&#8217;avancement du projet et de recevoir des mises \u00e0 jour. Obtenez les commentaires des clients et permettez-leur de communiquer \u00e0 tous les niveaux de la hi\u00e9rarchie du projet.<\/p>\n\t\t\t\t\t\t\t\t<\/div>\n\t\t\t\t<\/div>\n\t\t\t\t\t<\/div>\n\t\t<\/div>\n\t\t\t\t\t<\/div>\n\t\t<\/section>\n\t\t\t\t<section class=\"elementor-section elementor-top-section elementor-element elementor-element-5ca60b8d elementor-section-boxed elementor-section-height-default elementor-section-height-default\" data-id=\"5ca60b8d\" data-element_type=\"section\" data-e-type=\"section\">\n\t\t\t\t\t\t<div class=\"elementor-container elementor-column-gap-default\">\n\t\t\t\t\t<div class=\"elementor-column elementor-col-100 elementor-top-column elementor-element elementor-element-17c883f4\" data-id=\"17c883f4\" data-element_type=\"column\" data-e-type=\"column\">\n\t\t\t<div class=\"elementor-widget-wrap elementor-element-populated\">\n\t\t\t\t\t\t<div class=\"elementor-element elementor-element-6bfd03f elementor-align-center elementor-widget elementor-widget-global elementor-global-239883 elementor-global-131872 elementor-widget-button\" data-id=\"6bfd03f\" data-element_type=\"widget\" data-e-type=\"widget\" data-widget_type=\"button.default\">\n\t\t\t\t<div class=\"elementor-widget-container\">\n\t\t\t\t\t\t\t\t\t<div class=\"elementor-button-wrapper\">\n\t\t\t\t\t<a class=\"elementor-button elementor-button-link elementor-size-lg elementor-animation-grow\" href=\"https:\/\/onedesk.com\/fr\/inscription-gratuite\/\">\n\t\t\t\t\t\t<span class=\"elementor-button-content-wrapper\">\n\t\t\t\t\t\t\t\t\t<span class=\"elementor-button-text\">Inscription gratuite!<\/span>\n\t\t\t\t\t<\/span>\n\t\t\t\t\t<\/a>\n\t\t\t\t<\/div>\n\t\t\t\t\t\t\t\t<\/div>\n\t\t\t\t<\/div>\n\t\t\t\t\t<\/div>\n\t\t<\/div>\n\t\t\t\t\t<\/div>\n\t\t<\/section>\n\t\t\t\t<\/div>\n\t\t","protected":false},"excerpt":{"rendered":"<p>Service client B2B OneDesk am\u00e9liore votre service client B2B en vous permettant d&#8217;organiser vos clients en groupes puis de les g\u00e9rer collectivement.&nbsp; Sign up free! Fr Communication de masse avec les organisations clientes OneDesk permet d&#8217;entrer facilement en contact avec toutes les personnes d&#8217;une entreprise sp\u00e9cifique. Cela vous permet d&#8217;informer l&#8217;ensemble du groupe des nouvelles [&hellip;]<\/p>\n","protected":false},"author":25,"featured_media":0,"parent":151672,"menu_order":3,"comment_status":"closed","ping_status":"closed","template":"","meta":{"tpgb_global_settings":"","_crdt_document":"","inline_featured_image":false,"site-sidebar-layout":"default","site-content-layout":"","ast-site-content-layout":"default","site-content-style":"default","site-sidebar-style":"default","ast-global-header-display":"","ast-banner-title-visibility":"","ast-main-header-display":"","ast-hfb-above-header-display":"","ast-hfb-below-header-display":"","ast-hfb-mobile-header-display":"","site-post-title":"","ast-breadcrumbs-content":"","ast-featured-img":"","footer-sml-layout":"","ast-disable-related-posts":"","theme-transparent-header-meta":"","adv-header-id-meta":"","stick-header-meta":"","header-above-stick-meta":"","header-main-stick-meta":"","header-below-stick-meta":"","astra-migrate-meta-layouts":"default","ast-page-background-enabled":"default","ast-page-background-meta":{"desktop":{"background-color":"var(--ast-global-color-4)","background-image":"","background-repeat":"repeat","background-position":"center center","background-size":"auto","background-attachment":"scroll","background-type":"","background-media":"","overlay-type":"","overlay-color":"","overlay-opacity":"","overlay-gradient":""},"tablet":{"background-color":"","background-image":"","background-repeat":"repeat","background-position":"center center","background-size":"auto","background-attachment":"scroll","background-type":"","background-media":"","overlay-type":"","overlay-color":"","overlay-opacity":"","overlay-gradient":""},"mobile":{"background-color":"","background-image":"","background-repeat":"repeat","background-position":"center center","background-size":"auto","background-attachment":"scroll","background-type":"","background-media":"","overlay-type":"","overlay-color":"","overlay-opacity":"","overlay-gradient":""}},"ast-content-background-meta":{"desktop":{"background-color":"var(--ast-global-color-5)","background-image":"","background-repeat":"repeat","background-position":"center center","background-size":"auto","background-attachment":"scroll","background-type":"","background-media":"","overlay-type":"","overlay-color":"","overlay-opacity":"","overlay-gradient":""},"tablet":{"background-color":"var(--ast-global-color-5)","background-image":"","background-repeat":"repeat","background-position":"center center","background-size":"auto","background-attachment":"scroll","background-type":"","background-media":"","overlay-type":"","overlay-color":"","overlay-opacity":"","overlay-gradient":""},"mobile":{"background-color":"var(--ast-global-color-5)","background-image":"","background-repeat":"repeat","background-position":"center center","background-size":"auto","background-attachment":"scroll","background-type":"","background-media":"","overlay-type":"","overlay-color":"","overlay-opacity":"","overlay-gradient":""}},"footnotes":""},"class_list":["post-155383","page","type-page","status-publish","hentry"],"yoast_head":"<!-- This site is optimized with the Yoast SEO Premium plugin v27.4 (Yoast SEO v27.5) - https:\/\/yoast.com\/product\/yoast-seo-premium-wordpress\/ -->\n<title>Service client B2B | Application d&#039;assistance et de gestion de projet OneDesk<\/title>\n<meta name=\"description\" content=\"OneDesk est un logiciel de helpdesk et de gestion de projet sur une seule plateforme. D\u00e9couvrez comment OneDesk am\u00e9liore votre service client B2B.\" \/>\n<meta name=\"robots\" content=\"index, follow, max-snippet:-1, max-image-preview:large, max-video-preview:-1\" \/>\n<link rel=\"canonical\" href=\"https:\/\/onedesk.com\/fr\/index-des-fonctionnalites\/service-client-b2b\/\" \/>\n<meta property=\"og:locale\" content=\"fr_FR\" \/>\n<meta property=\"og:type\" content=\"article\" \/>\n<meta property=\"og:title\" content=\"Service client B2B | Application d&#039;assistance et de gestion de projet OneDesk\" \/>\n<meta property=\"og:description\" content=\"OneDesk est un logiciel de helpdesk et de gestion de projet sur une seule plateforme. D\u00e9couvrez comment OneDesk am\u00e9liore votre service client B2B.\" \/>\n<meta property=\"og:url\" content=\"https:\/\/onedesk.com\/fr\/index-des-fonctionnalites\/service-client-b2b\/\" \/>\n<meta property=\"og:site_name\" content=\"OneDesk\" \/>\n<meta property=\"article:publisher\" content=\"https:\/\/www.facebook.com\/OneDeskApp\" \/>\n<meta property=\"article:modified_time\" content=\"2023-08-08T19:12:59+00:00\" \/>\n<meta property=\"og:image\" content=\"https:\/\/onedesk.com\/wp-content\/uploads\/2021\/12\/pexels-andrea-piacquadio-3760069-1024x683-1-768x512.jpg\" \/>\n<meta name=\"twitter:card\" content=\"summary_large_image\" \/>\n<meta name=\"twitter:site\" content=\"@OneDeskApp\" \/>\n<meta name=\"twitter:label1\" content=\"Est. reading time\" \/>\n\t<meta name=\"twitter:data1\" content=\"1 minute\" \/>\n<!-- \/ Yoast SEO Premium plugin. -->","yoast_head_json":{"title":"Service client B2B | Application d'assistance et de gestion de projet OneDesk","description":"OneDesk est un logiciel de helpdesk et de gestion de projet sur une seule plateforme. D\u00e9couvrez comment OneDesk am\u00e9liore votre service client B2B.","robots":{"index":"index","follow":"follow","max-snippet":"max-snippet:-1","max-image-preview":"max-image-preview:large","max-video-preview":"max-video-preview:-1"},"canonical":"https:\/\/onedesk.com\/fr\/index-des-fonctionnalites\/service-client-b2b\/","og_locale":"fr_FR","og_type":"article","og_title":"Service client B2B | Application d'assistance et de gestion de projet OneDesk","og_description":"OneDesk est un logiciel de helpdesk et de gestion de projet sur une seule plateforme. D\u00e9couvrez comment OneDesk am\u00e9liore votre service client B2B.","og_url":"https:\/\/onedesk.com\/fr\/index-des-fonctionnalites\/service-client-b2b\/","og_site_name":"OneDesk","article_publisher":"https:\/\/www.facebook.com\/OneDeskApp","article_modified_time":"2023-08-08T19:12:59+00:00","og_image":[{"url":"https:\/\/onedesk.com\/wp-content\/uploads\/2021\/12\/pexels-andrea-piacquadio-3760069-1024x683-1-768x512.jpg","type":"","width":"","height":""}],"twitter_card":"summary_large_image","twitter_site":"@OneDeskApp","twitter_misc":{"Est. reading time":"1 minute"},"schema":{"@context":"https:\/\/schema.org","@graph":[{"@type":"WebPage","@id":"https:\/\/onedesk.com\/fr\/index-des-fonctionnalites\/service-client-b2b\/","url":"https:\/\/onedesk.com\/fr\/index-des-fonctionnalites\/service-client-b2b\/","name":"Service client B2B | Application d'assistance et de gestion de projet OneDesk","isPartOf":{"@id":"https:\/\/onedesk.com\/fr\/#website"},"primaryImageOfPage":{"@id":"https:\/\/onedesk.com\/fr\/index-des-fonctionnalites\/service-client-b2b\/#primaryimage"},"image":{"@id":"https:\/\/onedesk.com\/fr\/index-des-fonctionnalites\/service-client-b2b\/#primaryimage"},"thumbnailUrl":"https:\/\/onedesk.com\/wp-content\/uploads\/2021\/12\/pexels-andrea-piacquadio-3760069-1024x683-1-768x512.jpg","datePublished":"2021-12-20T16:06:32+00:00","dateModified":"2023-08-08T19:12:59+00:00","description":"OneDesk est un logiciel de helpdesk et de gestion de projet sur une seule plateforme. D\u00e9couvrez comment OneDesk am\u00e9liore votre service client B2B.","breadcrumb":{"@id":"https:\/\/onedesk.com\/fr\/index-des-fonctionnalites\/service-client-b2b\/#breadcrumb"},"inLanguage":"fr-FR","potentialAction":[{"@type":"ReadAction","target":["https:\/\/onedesk.com\/fr\/index-des-fonctionnalites\/service-client-b2b\/"]}]},{"@type":"ImageObject","inLanguage":"fr-FR","@id":"https:\/\/onedesk.com\/fr\/index-des-fonctionnalites\/service-client-b2b\/#primaryimage","url":"https:\/\/onedesk.com\/wp-content\/uploads\/2021\/12\/pexels-andrea-piacquadio-3760069-1024x683-1-768x512.jpg","contentUrl":"https:\/\/onedesk.com\/wp-content\/uploads\/2021\/12\/pexels-andrea-piacquadio-3760069-1024x683-1-768x512.jpg"},{"@type":"BreadcrumbList","@id":"https:\/\/onedesk.com\/fr\/index-des-fonctionnalites\/service-client-b2b\/#breadcrumb","itemListElement":[{"@type":"ListItem","position":1,"name":"Index des fonctionnalit\u00e9s de OneDesk","item":"https:\/\/onedesk.com\/fr\/index-des-fonctionnalites\/"},{"@type":"ListItem","position":2,"name":"Service client B2B"}]},{"@type":"WebSite","@id":"https:\/\/onedesk.com\/fr\/#website","url":"https:\/\/onedesk.com\/fr\/","name":"OneDesk","description":"Logiciel de gestion de projet et d'assistance","publisher":{"@id":"https:\/\/onedesk.com\/fr\/#organization"},"potentialAction":[{"@type":"SearchAction","target":{"@type":"EntryPoint","urlTemplate":"https:\/\/onedesk.com\/fr\/?s={search_term_string}"},"query-input":{"@type":"PropertyValueSpecification","valueRequired":true,"valueName":"search_term_string"}}],"inLanguage":"fr-FR"},{"@type":"Organization","@id":"https:\/\/onedesk.com\/fr\/#organization","name":"OneDesk","url":"https:\/\/onedesk.com\/fr\/","logo":{"@type":"ImageObject","inLanguage":"fr-FR","@id":"https:\/\/onedesk.com\/fr\/#\/schema\/logo\/image\/","url":"https:\/\/onedesk.com\/wp-content\/uploads\/2016\/01\/white-logo-small.png","contentUrl":"https:\/\/onedesk.com\/wp-content\/uploads\/2016\/01\/white-logo-small.png","width":207,"height":40,"caption":"OneDesk"},"image":{"@id":"https:\/\/onedesk.com\/fr\/#\/schema\/logo\/image\/"},"sameAs":["https:\/\/www.facebook.com\/OneDeskApp","https:\/\/x.com\/OneDeskApp","https:\/\/www.instagram.com\/onedeskapp\/","https:\/\/www.linkedin.com\/company\/onedesk-inc-1","https:\/\/www.pinterest.com\/onedesk\/","https:\/\/www.youtube.com\/user\/OneDeskApp"]}]}},"tpgb_featured_images":null,"tpgb_post_meta_info":{"get_date":"December 20, 2021","get_modified_date":"August 8, 2023","author_name":"Kenneth Lim","author_url":"https:\/\/onedesk.com\/fr\/author\/ken-lim\/","author_email":"ken.lim@onedesk.com","author_website":"","author_description":"","author_facebook":"","author_twitter":"","author_instagram":"","author_role":["subscriber"],"author_firstname":"Kenneth","author_lastname":"Lim","user_login":"ken.lim","author_avatar":"<img alt='' src='https:\/\/secure.gravatar.com\/avatar\/a4ec21f0334373cadb0a505588ce84b318527287a4e82901cc7c9b983073d3e7?s=200&#038;d=mm&#038;r=g' srcset='https:\/\/secure.gravatar.com\/avatar\/a4ec21f0334373cadb0a505588ce84b318527287a4e82901cc7c9b983073d3e7?s=400&#038;d=mm&#038;r=g 2x' class='avatar avatar-200 photo' height='200' width='200' decoding='async'\/>","author_avatar_url":"https:\/\/secure.gravatar.com\/avatar\/a4ec21f0334373cadb0a505588ce84b318527287a4e82901cc7c9b983073d3e7?s=96&d=mm&r=g","comment_count":0,"post_likes":0,"post_views":0},"tpgb_post_category":[],"jetpack_shortlink":"https:\/\/wp.me\/PfpPaI-Eqb","amp_enabled":true,"_links":{"self":[{"href":"https:\/\/onedesk.com\/fr\/wp-json\/wp\/v2\/pages\/155383","targetHints":{"allow":["GET"]}}],"collection":[{"href":"https:\/\/onedesk.com\/fr\/wp-json\/wp\/v2\/pages"}],"about":[{"href":"https:\/\/onedesk.com\/fr\/wp-json\/wp\/v2\/types\/page"}],"author":[{"embeddable":true,"href":"https:\/\/onedesk.com\/fr\/wp-json\/wp\/v2\/users\/25"}],"replies":[{"embeddable":true,"href":"https:\/\/onedesk.com\/fr\/wp-json\/wp\/v2\/comments?post=155383"}],"version-history":[{"count":9,"href":"https:\/\/onedesk.com\/fr\/wp-json\/wp\/v2\/pages\/155383\/revisions"}],"predecessor-version":[{"id":253272,"href":"https:\/\/onedesk.com\/fr\/wp-json\/wp\/v2\/pages\/155383\/revisions\/253272"}],"up":[{"embeddable":true,"href":"https:\/\/onedesk.com\/fr\/wp-json\/wp\/v2\/pages\/151672"}],"wp:attachment":[{"href":"https:\/\/onedesk.com\/fr\/wp-json\/wp\/v2\/media?parent=155383"}],"curies":[{"name":"wp","href":"https:\/\/api.w.org\/{rel}","templated":true}]}}