{"id":256871,"date":"2023-09-27T15:53:53","date_gmt":"2023-09-27T15:53:53","guid":{"rendered":"https:\/\/onedesk.com\/index-des-fonctionnalites\/modeles-darticles\/"},"modified":"2023-09-27T15:54:02","modified_gmt":"2023-09-27T15:54:02","slug":"modeles-darticles","status":"publish","type":"page","link":"https:\/\/onedesk.com\/fr\/index-des-fonctionnalites\/modeles-darticles\/","title":{"rendered":"Mod\u00e8les d&#8217;articles"},"content":{"rendered":"\t\t<div data-elementor-type=\"wp-page\" data-elementor-id=\"256871\" class=\"elementor elementor-256871 elementor-241382\" data-elementor-post-type=\"page\">\n\t\t\t\t\t\t<section class=\"elementor-section elementor-top-section elementor-element elementor-element-ac15bb7 elementor-section-boxed elementor-section-height-default elementor-section-height-default\" data-id=\"ac15bb7\" data-element_type=\"section\" data-e-type=\"section\">\n\t\t\t\t\t\t<div class=\"elementor-container elementor-column-gap-default\">\n\t\t\t\t\t<div class=\"elementor-column elementor-col-100 elementor-top-column elementor-element elementor-element-21aec0b\" data-id=\"21aec0b\" data-element_type=\"column\" data-e-type=\"column\">\n\t\t\t<div class=\"elementor-widget-wrap elementor-element-populated\">\n\t\t\t\t\t\t<div class=\"elementor-element elementor-element-a746953 elementor-widget elementor-widget-heading\" data-id=\"a746953\" data-element_type=\"widget\" data-e-type=\"widget\" data-widget_type=\"heading.default\">\n\t\t\t\t<div class=\"elementor-widget-container\">\n\t\t\t\t\t<h1 class=\"elementor-heading-title elementor-size-default\">Mod\u00e8les de tickets et de t\u00e2ches<\/h1>\t\t\t\t<\/div>\n\t\t\t\t<\/div>\n\t\t\t\t<div class=\"elementor-element elementor-element-ff0a3ee elementor-widget elementor-widget-text-editor\" data-id=\"ff0a3ee\" data-element_type=\"widget\" data-e-type=\"widget\" data-widget_type=\"text-editor.default\">\n\t\t\t\t<div class=\"elementor-widget-container\">\n\t\t\t\t\t\t\t\t\t<p>Permettez \u00e0 votre \u00e9quipe de cr\u00e9er facilement de nouveaux tickets ou t\u00e2ches \u00e0 l\u2019aide de mod\u00e8les dans OneDesk.&nbsp;<\/p>\n\t\t\t\t\t\t\t\t<\/div>\n\t\t\t\t<\/div>\n\t\t\t\t\t<\/div>\n\t\t<\/div>\n\t\t\t\t\t<\/div>\n\t\t<\/section>\n\t\t\t\t<section class=\"elementor-section elementor-top-section elementor-element elementor-element-799484b elementor-section-boxed elementor-section-height-default elementor-section-height-default\" data-id=\"799484b\" data-element_type=\"section\" data-e-type=\"section\">\n\t\t\t\t\t\t<div class=\"elementor-container elementor-column-gap-default\">\n\t\t\t\t\t<div class=\"elementor-column elementor-col-50 elementor-top-column elementor-element elementor-element-c14942a\" data-id=\"c14942a\" data-element_type=\"column\" data-e-type=\"column\">\n\t\t\t<div class=\"elementor-widget-wrap elementor-element-populated\">\n\t\t\t\t\t\t<div class=\"elementor-element elementor-element-9d96be7 elementor-widget elementor-widget-image\" data-id=\"9d96be7\" data-element_type=\"widget\" data-e-type=\"widget\" data-widget_type=\"image.default\">\n\t\t\t\t<div class=\"elementor-widget-container\">\n\t\t\t\t\t\t\t\t\t\t\t\t\t\t\t<img fetchpriority=\"high\" decoding=\"async\" width=\"627\" height=\"562\" src=\"https:\/\/onedesk.com\/wp-content\/uploads\/2022\/09\/Item-Template-Forms1.webp\" class=\"attachment-large size-large wp-image-241389\" alt=\"item template forms\" srcset=\"https:\/\/onedesk.com\/wp-content\/uploads\/2022\/09\/Item-Template-Forms1.webp 627w, https:\/\/onedesk.com\/wp-content\/uploads\/2022\/09\/Item-Template-Forms1-300x269.webp 300w\" sizes=\"(max-width: 627px) 100vw, 627px\" \/>\t\t\t\t\t\t\t\t\t\t\t\t\t\t\t<\/div>\n\t\t\t\t<\/div>\n\t\t\t\t\t<\/div>\n\t\t<\/div>\n\t\t\t\t<div class=\"elementor-column elementor-col-50 elementor-top-column elementor-element elementor-element-309c850\" data-id=\"309c850\" data-element_type=\"column\" data-e-type=\"column\">\n\t\t\t<div class=\"elementor-widget-wrap elementor-element-populated\">\n\t\t\t\t\t\t<div class=\"elementor-element elementor-element-143ba66 elementor-widget elementor-widget-heading\" data-id=\"143ba66\" data-element_type=\"widget\" data-e-type=\"widget\" data-widget_type=\"heading.default\">\n\t\t\t\t<div class=\"elementor-widget-container\">\n\t\t\t\t\t<h2 class=\"elementor-heading-title elementor-size-default\">Cr\u00e9ez rapidement un nouveau ticket ou des t\u00e2ches internes<\/h2>\t\t\t\t<\/div>\n\t\t\t\t<\/div>\n\t\t\t\t<div class=\"elementor-element elementor-element-b4ee174 elementor-widget elementor-widget-text-editor\" data-id=\"b4ee174\" data-element_type=\"widget\" data-e-type=\"widget\" data-widget_type=\"text-editor.default\">\n\t\t\t\t<div class=\"elementor-widget-container\">\n\t\t\t\t\t\t\t\t\t<p>Votre \u00e9quipe peut cr\u00e9er de nouveaux tickets ou t\u00e2ches \u00e0 l&#8217;aide de formulaires de cr\u00e9ation internes. Vous pouvez avoir plusieurs formulaires pour vos tickets ou t\u00e2ches et pour chaque <a href=\"https:\/\/onedesk.com\/fr\/index-des-fonctionnalites\/types-configurables\/\">type de ticket\/t\u00e2che<\/a> . L&#8217;activation de plusieurs formulaires de cr\u00e9ation permet \u00e0 votre \u00e9quipe de cr\u00e9er rapidement de nouveaux tickets ou t\u00e2ches avec les propri\u00e9t\u00e9s et valeurs pr\u00e9-remplies appropri\u00e9es.  <\/p>\n\t\t\t\t\t\t\t\t<\/div>\n\t\t\t\t<\/div>\n\t\t\t\t\t<\/div>\n\t\t<\/div>\n\t\t\t\t\t<\/div>\n\t\t<\/section>\n\t\t\t\t<section class=\"elementor-section elementor-top-section elementor-element elementor-element-b48635d elementor-section-boxed elementor-section-height-default elementor-section-height-default\" data-id=\"b48635d\" data-element_type=\"section\" data-e-type=\"section\">\n\t\t\t\t\t\t<div class=\"elementor-container elementor-column-gap-default\">\n\t\t\t\t\t<div class=\"elementor-column elementor-col-50 elementor-top-column elementor-element elementor-element-148456f\" data-id=\"148456f\" data-element_type=\"column\" data-e-type=\"column\">\n\t\t\t<div class=\"elementor-widget-wrap elementor-element-populated\">\n\t\t\t\t\t\t<div class=\"elementor-element elementor-element-f3ded1d elementor-widget elementor-widget-heading\" data-id=\"f3ded1d\" data-element_type=\"widget\" data-e-type=\"widget\" data-widget_type=\"heading.default\">\n\t\t\t\t<div class=\"elementor-widget-container\">\n\t\t\t\t\t<h2 class=\"elementor-heading-title elementor-size-default\">Configurer des propri\u00e9t\u00e9s uniques et des valeurs par d\u00e9faut  <\/h2>\t\t\t\t<\/div>\n\t\t\t\t<\/div>\n\t\t\t\t<div class=\"elementor-element elementor-element-0be7511 elementor-widget elementor-widget-text-editor\" data-id=\"0be7511\" data-element_type=\"widget\" data-e-type=\"widget\" data-widget_type=\"text-editor.default\">\n\t\t\t\t<div class=\"elementor-widget-container\">\n\t\t\t\t\t\t\t\t\t<p>Chacun de vos formulaires de cr\u00e9ation internes peut avoir des propri\u00e9t\u00e9s diff\u00e9rentes, comme <a href=\"https:\/\/onedesk.com\/fr\/index-des-fonctionnalites\/fonctionnalite-des-champs-conditionnels\/\">des champs personnalis\u00e9s<\/a> . De plus, chaque formulaire peut avoir ses propres valeurs par d\u00e9faut. Par exemple, vous pouvez d\u00e9finir un <a href=\"https:\/\/onedesk.com\/fr\/index-des-fonctionnalites\/gestion-des-affectations\/\">destinataire<\/a> par d\u00e9faut ou un texte de description. La d\u00e9finition de valeurs par d\u00e9faut permet \u00e0 votre \u00e9quipe de cr\u00e9er rapidement un nouveau ticket ou une nouvelle t\u00e2che.  <\/p>\n\t\t\t\t\t\t\t\t<\/div>\n\t\t\t\t<\/div>\n\t\t\t\t\t<\/div>\n\t\t<\/div>\n\t\t\t\t<div class=\"elementor-column elementor-col-50 elementor-top-column elementor-element elementor-element-b9bcd5a\" data-id=\"b9bcd5a\" data-element_type=\"column\" data-e-type=\"column\">\n\t\t\t<div class=\"elementor-widget-wrap elementor-element-populated\">\n\t\t\t\t\t\t<div class=\"elementor-element elementor-element-eb1cc6a elementor-widget elementor-widget-image\" data-id=\"eb1cc6a\" data-element_type=\"widget\" data-e-type=\"widget\" data-widget_type=\"image.default\">\n\t\t\t\t<div class=\"elementor-widget-container\">\n\t\t\t\t\t\t\t\t\t\t\t\t\t\t\t<img decoding=\"async\" width=\"780\" height=\"640\" src=\"https:\/\/onedesk.com\/wp-content\/uploads\/2022\/09\/Item-Template-ConfigureForms.webp\" class=\"attachment-large size-large wp-image-241402\" alt=\"templates configure forms\" srcset=\"https:\/\/onedesk.com\/wp-content\/uploads\/2022\/09\/Item-Template-ConfigureForms.webp 780w, https:\/\/onedesk.com\/wp-content\/uploads\/2022\/09\/Item-Template-ConfigureForms-300x246.webp 300w, https:\/\/onedesk.com\/wp-content\/uploads\/2022\/09\/Item-Template-ConfigureForms-768x630.webp 768w\" sizes=\"(max-width: 780px) 100vw, 780px\" \/>\t\t\t\t\t\t\t\t\t\t\t\t\t\t\t<\/div>\n\t\t\t\t<\/div>\n\t\t\t\t\t<\/div>\n\t\t<\/div>\n\t\t\t\t\t<\/div>\n\t\t<\/section>\n\t\t\t\t<section class=\"elementor-section elementor-top-section elementor-element elementor-element-d3d07e3 elementor-section-boxed elementor-section-height-default elementor-section-height-default\" data-id=\"d3d07e3\" data-element_type=\"section\" data-e-type=\"section\">\n\t\t\t\t\t\t<div class=\"elementor-container elementor-column-gap-default\">\n\t\t\t\t\t<div class=\"elementor-column elementor-col-50 elementor-top-column elementor-element elementor-element-ec61ef2\" data-id=\"ec61ef2\" data-element_type=\"column\" data-e-type=\"column\">\n\t\t\t<div class=\"elementor-widget-wrap elementor-element-populated\">\n\t\t\t\t\t\t<div class=\"elementor-element elementor-element-8f1249a elementor-widget elementor-widget-image\" data-id=\"8f1249a\" data-element_type=\"widget\" data-e-type=\"widget\" data-widget_type=\"image.default\">\n\t\t\t\t<div class=\"elementor-widget-container\">\n\t\t\t\t\t\t\t\t\t\t\t\t\t\t\t<img decoding=\"async\" width=\"514\" height=\"566\" src=\"https:\/\/onedesk.com\/wp-content\/uploads\/2022\/09\/Item-Template-Clone.webp\" class=\"attachment-large size-large wp-image-241415\" alt=\"item cloning\" srcset=\"https:\/\/onedesk.com\/wp-content\/uploads\/2022\/09\/Item-Template-Clone.webp 514w, https:\/\/onedesk.com\/wp-content\/uploads\/2022\/09\/Item-Template-Clone-272x300.webp 272w\" sizes=\"(max-width: 514px) 100vw, 514px\" \/>\t\t\t\t\t\t\t\t\t\t\t\t\t\t\t<\/div>\n\t\t\t\t<\/div>\n\t\t\t\t\t<\/div>\n\t\t<\/div>\n\t\t\t\t<div class=\"elementor-column elementor-col-50 elementor-top-column elementor-element elementor-element-157b5eb\" data-id=\"157b5eb\" data-element_type=\"column\" data-e-type=\"column\">\n\t\t\t<div class=\"elementor-widget-wrap elementor-element-populated\">\n\t\t\t\t\t\t<div class=\"elementor-element elementor-element-5e4108a elementor-widget elementor-widget-heading\" data-id=\"5e4108a\" data-element_type=\"widget\" data-e-type=\"widget\" data-widget_type=\"heading.default\">\n\t\t\t\t<div class=\"elementor-widget-container\">\n\t\t\t\t\t<h2 class=\"elementor-heading-title elementor-size-default\">Cloner des tickets et des t\u00e2ches<\/h2>\t\t\t\t<\/div>\n\t\t\t\t<\/div>\n\t\t\t\t<div class=\"elementor-element elementor-element-469c6cf elementor-widget elementor-widget-text-editor\" data-id=\"469c6cf\" data-element_type=\"widget\" data-e-type=\"widget\" data-widget_type=\"text-editor.default\">\n\t\t\t\t<div class=\"elementor-widget-container\">\n\t\t\t\t\t\t\t\t\t<p>En plus de plusieurs formulaires, vous pouvez facilement cloner vos tickets, t\u00e2ches ou <a href=\"https:\/\/onedesk.com\/features-index\/project-cloning\/\">projets<\/a> entiers. Choisissez les valeurs que vous souhaitez copier avant le clonage.  <\/p>\n\t\t\t\t\t\t\t\t<\/div>\n\t\t\t\t<\/div>\n\t\t\t\t\t<\/div>\n\t\t<\/div>\n\t\t\t\t\t<\/div>\n\t\t<\/section>\n\t\t<div class=\"elementor-element elementor-element-f63f675 e-flex e-con-boxed e-con e-parent\" data-id=\"f63f675\" data-element_type=\"container\" data-e-type=\"container\">\n\t\t\t\t\t<div class=\"e-con-inner\">\n\t\t\t\t<div class=\"elementor-element elementor-element-bc11bf0 elementor-widget elementor-widget-heading\" data-id=\"bc11bf0\" data-element_type=\"widget\" data-e-type=\"widget\" data-widget_type=\"heading.default\">\n\t\t\t\t<div class=\"elementor-widget-container\">\n\t\t\t\t\t<h2 class=\"elementor-heading-title elementor-size-default\">Ressources d'apprentissage<\/h2>\t\t\t\t<\/div>\n\t\t\t\t<\/div>\n\t\t\t\t\t<\/div>\n\t\t\t\t<\/div>\n\t\t<div class=\"elementor-element elementor-element-7c234fa e-flex e-con-boxed e-con e-parent\" data-id=\"7c234fa\" data-element_type=\"container\" data-e-type=\"container\">\n\t\t\t\t\t<div class=\"e-con-inner\">\n\t\t<div class=\"elementor-element elementor-element-6b3036a e-con-full e-flex e-con e-parent\" data-id=\"6b3036a\" data-element_type=\"container\" data-e-type=\"container\" data-settings=\"{&quot;background_background&quot;:&quot;classic&quot;}\">\n\t\t\t\t<div class=\"elementor-element elementor-element-43f6d98 elementor-widget elementor-widget-heading\" data-id=\"43f6d98\" data-element_type=\"widget\" data-e-type=\"widget\" data-widget_type=\"heading.default\">\n\t\t\t\t<div class=\"elementor-widget-container\">\n\t\t\t\t\t<h3 class=\"elementor-heading-title elementor-size-default\"><a href=\"https:\/\/kb.onedesk.com\/app-od\/o-onedesk\/knowledge-base-1\/article-847078d2-5882-4cf5-b5ab-cb4e0dd71006\">Utilisation de mod\u00e8les d'\u00e9l\u00e9ments<\/a><\/h3>\t\t\t\t<\/div>\n\t\t\t\t<\/div>\n\t\t\t\t<div class=\"elementor-element elementor-element-1b7fe2e elementor-widget elementor-widget-text-editor\" data-id=\"1b7fe2e\" data-element_type=\"widget\" data-e-type=\"widget\" data-widget_type=\"text-editor.default\">\n\t\t\t\t<div class=\"elementor-widget-container\">\n\t\t\t\t\t\t\t\t\t<p>D\u00e9couvrez comment cr\u00e9er facilement de nouveaux tickets ou t\u00e2ches avec des valeurs pr\u00e9-remplies.&nbsp;<\/p>\n\t\t\t\t\t\t\t\t<\/div>\n\t\t\t\t<\/div>\n\t\t\t\t<\/div>\n\t\t<div class=\"elementor-element elementor-element-1736029 e-con-full e-flex e-con e-parent\" data-id=\"1736029\" data-element_type=\"container\" data-e-type=\"container\" data-settings=\"{&quot;background_background&quot;:&quot;classic&quot;}\">\n\t\t\t\t<div class=\"elementor-element elementor-element-8b69bb8 elementor-widget elementor-widget-heading\" data-id=\"8b69bb8\" data-element_type=\"widget\" data-e-type=\"widget\" data-widget_type=\"heading.default\">\n\t\t\t\t<div class=\"elementor-widget-container\">\n\t\t\t\t\t<h2 class=\"elementor-heading-title elementor-size-default\"><a href=\"https:\/\/kb.onedesk.com\/app-od\/o-onedesk\/knowledge-base-1\/article-57a63ff2-dc02-498f-bf13-895d84ce8d7e\">T\u00e2ches et projets de clonage<\/a><\/h2>\t\t\t\t<\/div>\n\t\t\t\t<\/div>\n\t\t\t\t<div class=\"elementor-element elementor-element-f2faaf6 elementor-widget elementor-widget-text-editor\" data-id=\"f2faaf6\" data-element_type=\"widget\" data-e-type=\"widget\" data-widget_type=\"text-editor.default\">\n\t\t\t\t<div class=\"elementor-widget-container\">\n\t\t\t\t\t\t\t\t\t<p>D\u00e9couvrez comment gagner du temps en clonant des t\u00e2ches ou des projets existants.&nbsp;<\/p>\n\t\t\t\t\t\t\t\t<\/div>\n\t\t\t\t<\/div>\n\t\t\t\t<\/div>\n\t\t\t\t\t<\/div>\n\t\t\t\t<\/div>\n\t\t\t\t<\/div>\n\t\t","protected":false},"excerpt":{"rendered":"<p>Mod\u00e8les de tickets et de t\u00e2ches Permettez \u00e0 votre \u00e9quipe de cr\u00e9er facilement de nouveaux tickets ou t\u00e2ches \u00e0 l\u2019aide de mod\u00e8les dans OneDesk.&nbsp; Cr\u00e9ez rapidement un nouveau ticket ou des t\u00e2ches internes Votre \u00e9quipe peut cr\u00e9er de nouveaux tickets ou t\u00e2ches \u00e0 l&#8217;aide de formulaires de cr\u00e9ation internes. Vous pouvez avoir plusieurs formulaires pour [&hellip;]<\/p>\n","protected":false},"author":30,"featured_media":0,"parent":151672,"menu_order":0,"comment_status":"closed","ping_status":"closed","template":"","meta":{"tpgb_global_settings":"","_crdt_document":"","inline_featured_image":false,"site-sidebar-layout":"no-sidebar","site-content-layout":"page-builder","ast-site-content-layout":"default","site-content-style":"default","site-sidebar-style":"default","ast-global-header-display":"","ast-banner-title-visibility":"","ast-main-header-display":"","ast-hfb-above-header-display":"","ast-hfb-below-header-display":"","ast-hfb-mobile-header-display":"","site-post-title":"disabled","ast-breadcrumbs-content":"","ast-featured-img":"disabled","footer-sml-layout":"","ast-disable-related-posts":"","theme-transparent-header-meta":"","adv-header-id-meta":"","stick-header-meta":"","header-above-stick-meta":"","header-main-stick-meta":"","header-below-stick-meta":"","astra-migrate-meta-layouts":"default","ast-page-background-enabled":"default","ast-page-background-meta":{"desktop":{"background-color":"var(--ast-global-color-4)","background-image":"","background-repeat":"repeat","background-position":"center center","background-size":"auto","background-attachment":"scroll","background-type":"","background-media":"","overlay-type":"","overlay-color":"","overlay-opacity":"","overlay-gradient":""},"tablet":{"background-color":"","background-image":"","background-repeat":"repeat","background-position":"center center","background-size":"auto","background-attachment":"scroll","background-type":"","background-media":"","overlay-type":"","overlay-color":"","overlay-opacity":"","overlay-gradient":""},"mobile":{"background-color":"","background-image":"","background-repeat":"repeat","background-position":"center center","background-size":"auto","background-attachment":"scroll","background-type":"","background-media":"","overlay-type":"","overlay-color":"","overlay-opacity":"","overlay-gradient":""}},"ast-content-background-meta":{"desktop":{"background-color":"var(--ast-global-color-5)","background-image":"","background-repeat":"repeat","background-position":"center center","background-size":"auto","background-attachment":"scroll","background-type":"","background-media":"","overlay-type":"","overlay-color":"","overlay-opacity":"","overlay-gradient":""},"tablet":{"background-color":"var(--ast-global-color-5)","background-image":"","background-repeat":"repeat","background-position":"center center","background-size":"auto","background-attachment":"scroll","background-type":"","background-media":"","overlay-type":"","overlay-color":"","overlay-opacity":"","overlay-gradient":""},"mobile":{"background-color":"var(--ast-global-color-5)","background-image":"","background-repeat":"repeat","background-position":"center center","background-size":"auto","background-attachment":"scroll","background-type":"","background-media":"","overlay-type":"","overlay-color":"","overlay-opacity":"","overlay-gradient":""}},"footnotes":""},"class_list":["post-256871","page","type-page","status-publish","hentry"],"yoast_head":"<!-- This site is optimized with the Yoast SEO Premium plugin v27.2 (Yoast SEO v27.3) - https:\/\/yoast.com\/product\/yoast-seo-premium-wordpress\/ -->\n<title>Mod\u00e8les d&#039;articles | Caract\u00e9ristiques | Un bureau<\/title>\n<meta name=\"description\" content=\"Cr\u00e9ez rapidement de nouveaux tickets et t\u00e2ches en activant plusieurs formulaires de cr\u00e9ation, chacun avec ses propres valeurs par d\u00e9faut.\" \/>\n<meta name=\"robots\" content=\"index, follow, max-snippet:-1, max-image-preview:large, max-video-preview:-1\" \/>\n<link rel=\"canonical\" href=\"https:\/\/onedesk.com\/fr\/index-des-fonctionnalites\/modeles-darticles\/\" \/>\n<meta property=\"og:locale\" content=\"fr_FR\" \/>\n<meta property=\"og:type\" content=\"article\" \/>\n<meta property=\"og:title\" content=\"Mod\u00e8les d&#039;articles | Caract\u00e9ristiques | Un bureau\" \/>\n<meta property=\"og:description\" content=\"Cr\u00e9ez rapidement de nouveaux tickets et t\u00e2ches en activant plusieurs formulaires de cr\u00e9ation, chacun avec ses propres valeurs par d\u00e9faut.\" \/>\n<meta property=\"og:url\" content=\"https:\/\/onedesk.com\/fr\/index-des-fonctionnalites\/modeles-darticles\/\" \/>\n<meta property=\"og:site_name\" content=\"OneDesk\" \/>\n<meta property=\"article:publisher\" content=\"https:\/\/www.facebook.com\/OneDeskApp\" \/>\n<meta property=\"article:modified_time\" content=\"2023-09-27T15:54:02+00:00\" \/>\n<meta property=\"og:image\" content=\"https:\/\/onedesk.com\/wp-content\/uploads\/2022\/09\/Item-Template-Forms1.webp\" \/>\n<meta name=\"twitter:card\" content=\"summary_large_image\" \/>\n<meta name=\"twitter:site\" content=\"@OneDeskApp\" \/>\n<meta name=\"twitter:label1\" content=\"Est. reading time\" \/>\n\t<meta name=\"twitter:data1\" content=\"1 minute\" \/>\n<!-- \/ Yoast SEO Premium plugin. -->","yoast_head_json":{"title":"Mod\u00e8les d'articles | Caract\u00e9ristiques | Un bureau","description":"Cr\u00e9ez rapidement de nouveaux tickets et t\u00e2ches en activant plusieurs formulaires de cr\u00e9ation, chacun avec ses propres valeurs par d\u00e9faut.","robots":{"index":"index","follow":"follow","max-snippet":"max-snippet:-1","max-image-preview":"max-image-preview:large","max-video-preview":"max-video-preview:-1"},"canonical":"https:\/\/onedesk.com\/fr\/index-des-fonctionnalites\/modeles-darticles\/","og_locale":"fr_FR","og_type":"article","og_title":"Mod\u00e8les d'articles | Caract\u00e9ristiques | Un bureau","og_description":"Cr\u00e9ez rapidement de nouveaux tickets et t\u00e2ches en activant plusieurs formulaires de cr\u00e9ation, chacun avec ses propres valeurs par d\u00e9faut.","og_url":"https:\/\/onedesk.com\/fr\/index-des-fonctionnalites\/modeles-darticles\/","og_site_name":"OneDesk","article_publisher":"https:\/\/www.facebook.com\/OneDeskApp","article_modified_time":"2023-09-27T15:54:02+00:00","og_image":[{"url":"https:\/\/onedesk.com\/wp-content\/uploads\/2022\/09\/Item-Template-Forms1.webp","type":"","width":"","height":""}],"twitter_card":"summary_large_image","twitter_site":"@OneDeskApp","twitter_misc":{"Est. reading time":"1 minute"},"schema":{"@context":"https:\/\/schema.org","@graph":[{"@type":"WebPage","@id":"https:\/\/onedesk.com\/fr\/index-des-fonctionnalites\/modeles-darticles\/","url":"https:\/\/onedesk.com\/fr\/index-des-fonctionnalites\/modeles-darticles\/","name":"Mod\u00e8les d'articles | Caract\u00e9ristiques | Un bureau","isPartOf":{"@id":"https:\/\/onedesk.com\/fr\/#website"},"primaryImageOfPage":{"@id":"https:\/\/onedesk.com\/fr\/index-des-fonctionnalites\/modeles-darticles\/#primaryimage"},"image":{"@id":"https:\/\/onedesk.com\/fr\/index-des-fonctionnalites\/modeles-darticles\/#primaryimage"},"thumbnailUrl":"https:\/\/onedesk.com\/wp-content\/uploads\/2022\/09\/Item-Template-Forms1.webp","datePublished":"2023-09-27T15:53:53+00:00","dateModified":"2023-09-27T15:54:02+00:00","description":"Cr\u00e9ez rapidement de nouveaux tickets et t\u00e2ches en activant plusieurs formulaires de cr\u00e9ation, chacun avec ses propres valeurs par d\u00e9faut.","breadcrumb":{"@id":"https:\/\/onedesk.com\/fr\/index-des-fonctionnalites\/modeles-darticles\/#breadcrumb"},"inLanguage":"fr-FR","potentialAction":[{"@type":"ReadAction","target":["https:\/\/onedesk.com\/fr\/index-des-fonctionnalites\/modeles-darticles\/"]}]},{"@type":"ImageObject","inLanguage":"fr-FR","@id":"https:\/\/onedesk.com\/fr\/index-des-fonctionnalites\/modeles-darticles\/#primaryimage","url":"https:\/\/onedesk.com\/wp-content\/uploads\/2022\/09\/Item-Template-Forms1.webp","contentUrl":"https:\/\/onedesk.com\/wp-content\/uploads\/2022\/09\/Item-Template-Forms1.webp"},{"@type":"BreadcrumbList","@id":"https:\/\/onedesk.com\/fr\/index-des-fonctionnalites\/modeles-darticles\/#breadcrumb","itemListElement":[{"@type":"ListItem","position":1,"name":"Index des fonctionnalit\u00e9s de OneDesk","item":"https:\/\/onedesk.com\/fr\/index-des-fonctionnalites\/"},{"@type":"ListItem","position":2,"name":"Mod\u00e8les d&#8217;articles"}]},{"@type":"WebSite","@id":"https:\/\/onedesk.com\/fr\/#website","url":"https:\/\/onedesk.com\/fr\/","name":"OneDesk","description":"Logiciel de gestion de projet et d'assistance","publisher":{"@id":"https:\/\/onedesk.com\/fr\/#organization"},"potentialAction":[{"@type":"SearchAction","target":{"@type":"EntryPoint","urlTemplate":"https:\/\/onedesk.com\/fr\/?s={search_term_string}"},"query-input":{"@type":"PropertyValueSpecification","valueRequired":true,"valueName":"search_term_string"}}],"inLanguage":"fr-FR"},{"@type":"Organization","@id":"https:\/\/onedesk.com\/fr\/#organization","name":"OneDesk","url":"https:\/\/onedesk.com\/fr\/","logo":{"@type":"ImageObject","inLanguage":"fr-FR","@id":"https:\/\/onedesk.com\/fr\/#\/schema\/logo\/image\/","url":"https:\/\/onedesk.com\/wp-content\/uploads\/2016\/01\/white-logo-small.png","contentUrl":"https:\/\/onedesk.com\/wp-content\/uploads\/2016\/01\/white-logo-small.png","width":207,"height":40,"caption":"OneDesk"},"image":{"@id":"https:\/\/onedesk.com\/fr\/#\/schema\/logo\/image\/"},"sameAs":["https:\/\/www.facebook.com\/OneDeskApp","https:\/\/x.com\/OneDeskApp","https:\/\/www.instagram.com\/onedeskapp\/","https:\/\/www.linkedin.com\/company\/onedesk-inc-1","https:\/\/www.pinterest.com\/onedesk\/","https:\/\/www.youtube.com\/user\/OneDeskApp"]}]}},"tpgb_featured_images":null,"tpgb_post_meta_info":{"get_date":"September 27, 2023","get_modified_date":"September 27, 2023","author_name":"Erin Richardson","author_url":"https:\/\/onedesk.com\/fr\/author\/erin-richardsononedesk-com\/","author_email":"erin.richardson@onedesk.com","author_website":"","author_description":"","author_facebook":"","author_twitter":"","author_instagram":"","author_role":["administrator"],"author_firstname":"Erin","author_lastname":"Richardson","user_login":"erin.richardson@onedesk.com","author_avatar":"<img alt='' src='https:\/\/secure.gravatar.com\/avatar\/5b43ac2756efc1d5aa46746163fa71ceee43f42a78652ebc70940d512d77cba0?s=200&#038;d=mm&#038;r=g' srcset='https:\/\/secure.gravatar.com\/avatar\/5b43ac2756efc1d5aa46746163fa71ceee43f42a78652ebc70940d512d77cba0?s=400&#038;d=mm&#038;r=g 2x' class='avatar avatar-200 photo' height='200' width='200' decoding='async'\/>","author_avatar_url":"https:\/\/secure.gravatar.com\/avatar\/5b43ac2756efc1d5aa46746163fa71ceee43f42a78652ebc70940d512d77cba0?s=96&d=mm&r=g","comment_count":0,"post_likes":0,"post_views":0},"tpgb_post_category":[],"jetpack_shortlink":"https:\/\/wp.me\/PfpPaI-14P5","amp_enabled":true,"_links":{"self":[{"href":"https:\/\/onedesk.com\/fr\/wp-json\/wp\/v2\/pages\/256871","targetHints":{"allow":["GET"]}}],"collection":[{"href":"https:\/\/onedesk.com\/fr\/wp-json\/wp\/v2\/pages"}],"about":[{"href":"https:\/\/onedesk.com\/fr\/wp-json\/wp\/v2\/types\/page"}],"author":[{"embeddable":true,"href":"https:\/\/onedesk.com\/fr\/wp-json\/wp\/v2\/users\/30"}],"replies":[{"embeddable":true,"href":"https:\/\/onedesk.com\/fr\/wp-json\/wp\/v2\/comments?post=256871"}],"version-history":[{"count":1,"href":"https:\/\/onedesk.com\/fr\/wp-json\/wp\/v2\/pages\/256871\/revisions"}],"predecessor-version":[{"id":256877,"href":"https:\/\/onedesk.com\/fr\/wp-json\/wp\/v2\/pages\/256871\/revisions\/256877"}],"up":[{"embeddable":true,"href":"https:\/\/onedesk.com\/fr\/wp-json\/wp\/v2\/pages\/151672"}],"wp:attachment":[{"href":"https:\/\/onedesk.com\/fr\/wp-json\/wp\/v2\/media?parent=256871"}],"curies":[{"name":"wp","href":"https:\/\/api.w.org\/{rel}","templated":true}]}}