{"id":260713,"date":"2023-10-27T18:11:13","date_gmt":"2023-10-27T18:11:13","guid":{"rendered":"https:\/\/onedesk.com\/guide-dintegration-integre-7\/"},"modified":"2024-07-19T20:34:09","modified_gmt":"2024-07-19T20:34:09","slug":"guide-dintegration-integre-7","status":"publish","type":"page","link":"https:\/\/onedesk.com\/fr\/guide-dintegration-integre-7\/","title":{"rendered":"Guide d&#8217;int\u00e9gration int\u00e9gr\u00e9 Page 7"},"content":{"rendered":"\t\t<div data-elementor-type=\"wp-page\" data-elementor-id=\"260713\" class=\"elementor elementor-260713 elementor-259783\" data-elementor-post-type=\"page\">\n\t\t\t\t<div class=\"elementor-element elementor-element-d727a81 e-flex e-con-boxed e-con e-parent\" data-id=\"d727a81\" data-element_type=\"container\" data-e-type=\"container\">\n\t\t\t\t\t<div class=\"e-con-inner\">\n\t\t\t\t<div class=\"elementor-element elementor-element-ed02e35 elementor-widget elementor-widget-heading\" data-id=\"ed02e35\" data-element_type=\"widget\" data-e-type=\"widget\" data-widget_type=\"heading.default\">\n\t\t\t\t<div class=\"elementor-widget-container\">\n\t\t\t\t\t<h1 class=\"elementor-heading-title elementor-size-default\">S'abonner et passer en direct<\/h1>\t\t\t\t<\/div>\n\t\t\t\t<\/div>\n\t\t\t\t\t<\/div>\n\t\t\t\t<\/div>\n\t\t<div class=\"elementor-element elementor-element-4d94e4d e-flex e-con-boxed e-con e-parent\" data-id=\"4d94e4d\" data-element_type=\"container\" data-e-type=\"container\">\n\t\t\t\t\t<div class=\"e-con-inner\">\n\t\t<div class=\"elementor-element elementor-element-bf7d7ce e-con-full e-flex e-con e-child\" data-id=\"bf7d7ce\" data-element_type=\"container\" data-e-type=\"container\">\n\t\t\t\t<div class=\"elementor-element elementor-element-6d9311c elementor-widget elementor-widget-heading\" data-id=\"6d9311c\" data-element_type=\"widget\" data-e-type=\"widget\" data-widget_type=\"heading.default\">\n\t\t\t\t<div class=\"elementor-widget-container\">\n\t\t\t\t\t<h3 class=\"elementor-heading-title elementor-size-default\">Contenu du guide d'int\u00e9gration&nbsp;:<\/h3>\t\t\t\t<\/div>\n\t\t\t\t<\/div>\n\t\t\t\t<div class=\"elementor-element elementor-element-37158d2 uael-nav-menu__breakpoint-mobile uael-nav-menu__align-left uael-submenu-icon-arrow uael-link-redirect-child uael-nav-menu-toggle-label-no elementor-widget elementor-widget-uael-nav-menu\" data-id=\"37158d2\" data-element_type=\"widget\" data-e-type=\"widget\" data-widget_type=\"uael-nav-menu.default\">\n\t\t\t\t<div class=\"elementor-widget-container\">\n\t\t\t\t\t\t\t<div class=\"uael-nav-menu uael-layout-vertical uael-nav-menu-layout\" data-layout=\"vertical\">\n\t\t\t\t<div role=\"button\" class=\"uael-nav-menu__toggle elementor-clickable\">\n\t\t\t\t\t<span class=\"screen-reader-text\">Main Menu<\/span>\n\t\t\t\t\t<div class=\"uael-nav-menu-icon\">\n\t\t\t\t\t\t<i aria-hidden=\"true\" class=\"fas fa-align-justify\"><\/i>\t\t\t\t\t<\/div>\n\t\t\t\t\t\t\t\t\t<\/div>\n\t\t\t\t\t\t\t<nav class=\"uael-nav-menu__layout-vertical uael-nav-menu__submenu-arrow\" data-toggle-icon=\"&lt;i aria-hidden=&quot;true&quot; class=&quot;fas fa-align-justify&quot;&gt;&lt;\/i&gt;\" data-close-icon=\"&lt;i aria-hidden=&quot;true&quot; class=&quot;far fa-window-close&quot;&gt;&lt;\/i&gt;\" data-full-width=\"yes\"><ul id=\"menu-1-37158d2\" class=\"uael-nav-menu\"><li id=\"menu-item-259728\" class=\"menu-item menu-item-type-post_type menu-item-object-page parent uael-creative-menu\"><a href=\"https:\/\/onedesk.com\/embedded-onboarding-guide\/\" class = \"uael-menu-item\">Guide d&#8217;int\u00e9gration int\u00e9gr\u00e9<\/a><\/li>\n<li id=\"menu-item-259729\" class=\"menu-item menu-item-type-post_type menu-item-object-page parent uael-creative-menu\"><a href=\"https:\/\/onedesk.com\/embedded-onboarding-guide-2\/\" class = \"uael-menu-item\">Guide d&#8217;int\u00e9gration int\u00e9gr\u00e9 Page 2<\/a><\/li>\n<li id=\"menu-item-259730\" class=\"menu-item menu-item-type-post_type menu-item-object-page parent uael-creative-menu\"><a href=\"https:\/\/onedesk.com\/embedded-onboarding-guide-3\/\" class = \"uael-menu-item\">Guide d&#8217;int\u00e9gration int\u00e9gr\u00e9 Page 3<\/a><\/li>\n<li id=\"menu-item-259731\" class=\"menu-item menu-item-type-post_type menu-item-object-page parent uael-creative-menu\"><a href=\"https:\/\/onedesk.com\/embedded-onboarding-guide-4\/\" class = \"uael-menu-item\">Guide d&#8217;int\u00e9gration int\u00e9gr\u00e9 Page 4<\/a><\/li>\n<li id=\"menu-item-259780\" class=\"menu-item menu-item-type-post_type menu-item-object-page parent uael-creative-menu\"><a href=\"https:\/\/onedesk.com\/embedded-onboarding-guide-5\/\" class = \"uael-menu-item\">Guide d&#8217;int\u00e9gration int\u00e9gr\u00e9 Page 5<\/a><\/li>\n<li id=\"menu-item-259785\" class=\"menu-item menu-item-type-post_type menu-item-object-page parent uael-creative-menu\"><a href=\"https:\/\/onedesk.com\/embedded-onboarding-guide-6\/\" class = \"uael-menu-item\">Guide d&#8217;int\u00e9gration int\u00e9gr\u00e9 Page 6<\/a><\/li>\n<li id=\"menu-item-259786\" class=\"menu-item menu-item-type-post_type menu-item-object-page parent uael-creative-menu\"><a href=\"https:\/\/onedesk.com\/embedded-onboarding-guide-7\/\" class = \"uael-menu-item\">Guide d&#8217;int\u00e9gration int\u00e9gr\u00e9 Page 7<\/a><\/li>\n<\/ul><\/nav>\n\t\t\t\t\t<\/div>\n\t\t\t\t\t\t\t<\/div>\n\t\t\t\t<\/div>\n\t\t\t\t<\/div>\n\t\t<div class=\"elementor-element elementor-element-3f073d9 e-con-full e-flex e-con e-child\" data-id=\"3f073d9\" data-element_type=\"container\" data-e-type=\"container\">\n\t\t\t\t<div class=\"elementor-element elementor-element-3961762 elementor-widget elementor-widget-heading\" data-id=\"3961762\" data-element_type=\"widget\" data-e-type=\"widget\" data-widget_type=\"heading.default\">\n\t\t\t\t<div class=\"elementor-widget-container\">\n\t\t\t\t\t<h2 class=\"elementor-heading-title elementor-size-default\">Devenir pro&nbsp;!<\/h2>\t\t\t\t<\/div>\n\t\t\t\t<\/div>\n\t\t\t\t<div class=\"elementor-element elementor-element-b839d61 elementor-widget elementor-widget-text-editor\" data-id=\"b839d61\" data-element_type=\"widget\" data-e-type=\"widget\" data-widget_type=\"text-editor.default\">\n\t\t\t\t<div class=\"elementor-widget-container\">\n\t\t\t\t\t\t\t\t\t<p>Tout au long du guide, nous avons ajout\u00e9 nos canaux d&#8217;assistance, configur\u00e9 des flux de travail et appris \u00e0 g\u00e9rer notre travail. Lorsque vous \u00eates pr\u00eat \u00e0 devenir professionnel, vous pouvez facilement mettre \u00e0 jour votre essai gratuit vers un forfait sous licence. Apprenez-en davantage sur nos tarifs et notre foire aux questions <a href=\"\/?p=94900\">ici<\/a> ou regardez la vid\u00e9o sur la fa\u00e7on de vous abonner.<\/p>\n\t\t\t\t\t\t\t\t<\/div>\n\t\t\t\t<\/div>\n\t\t\t\t<div class=\"elementor-element elementor-element-321ec0e elementor-widget elementor-widget-video\" data-id=\"321ec0e\" data-element_type=\"widget\" data-e-type=\"widget\" data-settings=\"{&quot;youtube_url&quot;:&quot;https:\\\/\\\/youtu.be\\\/6ca3n8SF3PQ?si=QgsQEw4v1MurvcpG&quot;,&quot;video_type&quot;:&quot;youtube&quot;,&quot;controls&quot;:&quot;yes&quot;}\" data-widget_type=\"video.default\">\n\t\t\t\t<div class=\"elementor-widget-container\">\n\t\t\t\t\t\t\t<div class=\"elementor-wrapper elementor-open-inline\">\n\t\t\t<div class=\"elementor-video\"><\/div>\t\t<\/div>\n\t\t\t\t\t\t<\/div>\n\t\t\t\t<\/div>\n\t\t\t\t<\/div>\n\t\t\t\t\t<\/div>\n\t\t\t\t<\/div>\n\t\t<div class=\"elementor-element elementor-element-85a8e07 e-flex e-con-boxed e-con e-parent\" data-id=\"85a8e07\" data-element_type=\"container\" data-e-type=\"container\">\n\t\t\t\t\t<div class=\"e-con-inner\">\n\t\t\t\t<div class=\"elementor-element elementor-element-46917ca elementor-widget elementor-widget-text-editor\" data-id=\"46917ca\" data-element_type=\"widget\" data-e-type=\"widget\" data-widget_type=\"text-editor.default\">\n\t\t\t\t<div class=\"elementor-widget-container\">\n\t\t\t\t\t\t\t\t\t<p>Votre compte est maintenant pr\u00eat ! Vous pouvez commencer \u00e0 soutenir les clients et \u00e0 planifier des projets.<\/p>\n\t\t\t\t\t\t\t\t<\/div>\n\t\t\t\t<\/div>\n\t\t\t\t<div class=\"elementor-element elementor-element-9cfaf05 elementor-widget elementor-widget-heading\" data-id=\"9cfaf05\" data-element_type=\"widget\" data-e-type=\"widget\" data-widget_type=\"heading.default\">\n\t\t\t\t<div class=\"elementor-widget-container\">\n\t\t\t\t\t<h2 class=\"elementor-heading-title elementor-size-default\">Plonger plus profond\u00e9ment<\/h2>\t\t\t\t<\/div>\n\t\t\t\t<\/div>\n\t\t\t\t<div class=\"elementor-element elementor-element-35b417e elementor-widget elementor-widget-text-editor\" data-id=\"35b417e\" data-element_type=\"widget\" data-e-type=\"widget\" data-widget_type=\"text-editor.default\">\n\t\t\t\t<div class=\"elementor-widget-container\">\n\t\t\t\t\t\t\t\t\t<p>Ce guide d&#8217;int\u00e9gration est destin\u00e9 \u00e0 vous guider dans la mise en route de OneDesk. Cependant, OneDesk est tr\u00e8s personnalisable et propose une suite de fonctionnalit\u00e9s pour g\u00e9rer la facturation, la gestion de la charge de travail, le reporting, etc. Pour tirer le meilleur parti de OneDesk, n&#8217;h\u00e9sitez pas \u00e0 explorer les autres fonctionnalit\u00e9s disponibles !<\/p>\n<p>Fonctionnalit\u00e9s recommand\u00e9es&nbsp;:<\/p>\n\t\t\t\t\t\t\t\t<\/div>\n\t\t\t\t<\/div>\n\t\t\t\t<div class=\"elementor-element elementor-element-1d042cf elementor-widget elementor-widget-text-editor\" data-id=\"1d042cf\" data-element_type=\"widget\" data-e-type=\"widget\" data-widget_type=\"text-editor.default\">\n\t\t\t\t<div class=\"elementor-widget-container\">\n\t\t\t\t\t\t\t\t\t<ul>\n<li><a href=\"https:\/\/kb.onedesk.com\/app-od\/o-onedesk\/knowledge-base-1\/article-a04cff47-b6fb-4c03-bc07-f89fc0737be7\" target=\"_blank\" rel=\"noopener\">Facturation<\/a><\/li>\n<li><a href=\"https:\/\/kb.onedesk.com\/app-od\/o-onedesk\/knowledge-base-1\/article-b485316c-08ab-4b5a-a8bf-bf7cb19b9c49\" target=\"_blank\" rel=\"noopener\">La gestion des ressources<\/a><\/li>\n<li><a href=\"https:\/\/kb.onedesk.com\/app-od\/o-onedesk\/knowledge-base-1\/article-8ee2e05f-9bdf-4dd9-bb12-32cc60b7eec5\" target=\"_blank\" rel=\"noopener\">Rapports et analyses<\/a><\/li>\n<li><a href=\"https:\/\/kb.onedesk.com\/app-od\/o-onedesk\/knowledge-base-1\/category-b7906630-b973-43ed-9484-aa1a86b400fb\" target=\"_blank\" rel=\"noopener\">Administration et configuration<\/a><\/li>\n<\/ul>\n<p>Ressources recommand\u00e9es&nbsp;:<\/p>\n<ul>\n<li><a href=\"https:\/\/youtu.be\/ebvV8LlGRrM\" target=\"_blank\" rel=\"noopener\">D\u00e9mo de pr\u00e9sentation compl\u00e8te<\/a><\/li>\n<li><a href=\"https:\/\/kb.onedesk.com\/app-od\/o-onedesk\/knowledge-base-1\" target=\"_blank\" rel=\"noopener\">Notre base de connaissances<\/a><\/li>\n<li><a href=\"https:\/\/onedesk.com\/fr\/guide-video-onedesk\/\" target=\"_blank\" rel=\"noopener\">Guide vid\u00e9o<\/a><\/li>\n<\/ul>\n\t\t\t\t\t\t\t\t<\/div>\n\t\t\t\t<\/div>\n\t\t\t\t<div class=\"elementor-element elementor-element-4ba1256 elementor-widget elementor-widget-html\" data-id=\"4ba1256\" data-element_type=\"widget\" data-e-type=\"widget\" data-widget_type=\"html.default\">\n\t\t\t\t<div class=\"elementor-widget-container\">\n\t\t\t\t\t<div id=\"noODwidget\" style=\"display:none\"><\/div>\t\t\t\t<\/div>\n\t\t\t\t<\/div>\n\t\t\t\t\t<\/div>\n\t\t\t\t<\/div>\n\t\t\t\t<\/div>\n\t\t","protected":false},"excerpt":{"rendered":"<p>S&#8217;abonner et passer en direct Contenu du guide d&#8217;int\u00e9gration&nbsp;: Main Menu First Steps Interface &#038; Navigation Work Structure &#038; Organization Adding Support Channels Ticketing &#038; Support Flow Project Management &#038; Tasks Subscribing &#038; Going Live Devenir pro&nbsp;! Tout au long du guide, nous avons ajout\u00e9 nos canaux d&#8217;assistance, configur\u00e9 des flux de travail et appris [&hellip;]<\/p>\n","protected":false},"author":30,"featured_media":0,"parent":0,"menu_order":0,"comment_status":"closed","ping_status":"closed","template":"elementor_canvas","meta":{"tpgb_global_settings":"","_crdt_document":"","inline_featured_image":false,"site-sidebar-layout":"no-sidebar","site-content-layout":"page-builder","ast-site-content-layout":"full-width-container","site-content-style":"default","site-sidebar-style":"default","ast-global-header-display":"","ast-banner-title-visibility":"","ast-main-header-display":"","ast-hfb-above-header-display":"","ast-hfb-below-header-display":"","ast-hfb-mobile-header-display":"","site-post-title":"disabled","ast-breadcrumbs-content":"","ast-featured-img":"disabled","footer-sml-layout":"","ast-disable-related-posts":"","theme-transparent-header-meta":"","adv-header-id-meta":"","stick-header-meta":"","header-above-stick-meta":"","header-main-stick-meta":"","header-below-stick-meta":"","astra-migrate-meta-layouts":"default","ast-page-background-enabled":"default","ast-page-background-meta":{"desktop":{"background-color":"var(--ast-global-color-4)","background-image":"","background-repeat":"repeat","background-position":"center center","background-size":"auto","background-attachment":"scroll","background-type":"","background-media":"","overlay-type":"","overlay-color":"","overlay-opacity":"","overlay-gradient":""},"tablet":{"background-color":"","background-image":"","background-repeat":"repeat","background-position":"center center","background-size":"auto","background-attachment":"scroll","background-type":"","background-media":"","overlay-type":"","overlay-color":"","overlay-opacity":"","overlay-gradient":""},"mobile":{"background-color":"","background-image":"","background-repeat":"repeat","background-position":"center center","background-size":"auto","background-attachment":"scroll","background-type":"","background-media":"","overlay-type":"","overlay-color":"","overlay-opacity":"","overlay-gradient":""}},"ast-content-background-meta":{"desktop":{"background-color":"var(--ast-global-color-5)","background-image":"","background-repeat":"repeat","background-position":"center center","background-size":"auto","background-attachment":"scroll","background-type":"","background-media":"","overlay-type":"","overlay-color":"","overlay-opacity":"","overlay-gradient":""},"tablet":{"background-color":"var(--ast-global-color-5)","background-image":"","background-repeat":"repeat","background-position":"center center","background-size":"auto","background-attachment":"scroll","background-type":"","background-media":"","overlay-type":"","overlay-color":"","overlay-opacity":"","overlay-gradient":""},"mobile":{"background-color":"var(--ast-global-color-5)","background-image":"","background-repeat":"repeat","background-position":"center center","background-size":"auto","background-attachment":"scroll","background-type":"","background-media":"","overlay-type":"","overlay-color":"","overlay-opacity":"","overlay-gradient":""}},"footnotes":""},"class_list":["post-260713","page","type-page","status-publish","hentry"],"yoast_head":"<!-- This site is optimized with the Yoast SEO Premium plugin v27.2 (Yoast SEO v27.3) - https:\/\/yoast.com\/product\/yoast-seo-premium-wordpress\/ -->\n<title>Guide d&#039;int\u00e9gration int\u00e9gr\u00e9 Page 7 - OneDesk<\/title>\n<meta name=\"description\" content=\"OneDesk est un logiciel de helpdesk et un logiciel de gestion de projet dans une seule application. Travaillez avec vos clients sur leurs projets et leurs tickets sur une plateforme unifi\u00e9e.\" \/>\n<meta name=\"robots\" content=\"index, follow, max-snippet:-1, max-image-preview:large, max-video-preview:-1\" \/>\n<link rel=\"canonical\" href=\"https:\/\/onedesk.com\/fr\/guide-dintegration-integre-7\/\" \/>\n<meta property=\"og:locale\" content=\"fr_FR\" \/>\n<meta property=\"og:type\" content=\"article\" \/>\n<meta property=\"og:title\" content=\"Guide d&#039;int\u00e9gration int\u00e9gr\u00e9 Page 7 - OneDesk\" \/>\n<meta property=\"og:description\" content=\"OneDesk est un logiciel de helpdesk et un logiciel de gestion de projet dans une seule application. Travaillez avec vos clients sur leurs projets et leurs tickets sur une plateforme unifi\u00e9e.\" \/>\n<meta property=\"og:url\" content=\"https:\/\/onedesk.com\/fr\/guide-dintegration-integre-7\/\" \/>\n<meta property=\"og:site_name\" content=\"OneDesk\" \/>\n<meta property=\"article:publisher\" content=\"https:\/\/www.facebook.com\/OneDeskApp\" \/>\n<meta property=\"article:modified_time\" content=\"2024-07-19T20:34:09+00:00\" \/>\n<meta property=\"og:image\" content=\"https:\/\/onedesk.com\/wp-content\/uploads\/2020\/04\/OneDesk-Logo.png\" \/>\n\t<meta property=\"og:image:width\" content=\"1280\" \/>\n\t<meta property=\"og:image:height\" content=\"800\" \/>\n\t<meta property=\"og:image:type\" content=\"image\/png\" \/>\n<meta name=\"twitter:card\" content=\"summary_large_image\" \/>\n<meta name=\"twitter:site\" content=\"@OneDeskApp\" \/>\n<meta name=\"twitter:label1\" content=\"Est. reading time\" \/>\n\t<meta name=\"twitter:data1\" content=\"1 minute\" \/>\n<!-- \/ Yoast SEO Premium plugin. -->","yoast_head_json":{"title":"Guide d'int\u00e9gration int\u00e9gr\u00e9 Page 7 - OneDesk","description":"OneDesk est un logiciel de helpdesk et un logiciel de gestion de projet dans une seule application. Travaillez avec vos clients sur leurs projets et leurs tickets sur une plateforme unifi\u00e9e.","robots":{"index":"index","follow":"follow","max-snippet":"max-snippet:-1","max-image-preview":"max-image-preview:large","max-video-preview":"max-video-preview:-1"},"canonical":"https:\/\/onedesk.com\/fr\/guide-dintegration-integre-7\/","og_locale":"fr_FR","og_type":"article","og_title":"Guide d'int\u00e9gration int\u00e9gr\u00e9 Page 7 - OneDesk","og_description":"OneDesk est un logiciel de helpdesk et un logiciel de gestion de projet dans une seule application. Travaillez avec vos clients sur leurs projets et leurs tickets sur une plateforme unifi\u00e9e.","og_url":"https:\/\/onedesk.com\/fr\/guide-dintegration-integre-7\/","og_site_name":"OneDesk","article_publisher":"https:\/\/www.facebook.com\/OneDeskApp","article_modified_time":"2024-07-19T20:34:09+00:00","og_image":[{"width":1280,"height":800,"url":"https:\/\/onedesk.com\/wp-content\/uploads\/2020\/04\/OneDesk-Logo.png","type":"image\/png"}],"twitter_card":"summary_large_image","twitter_site":"@OneDeskApp","twitter_misc":{"Est. reading time":"1 minute"},"schema":{"@context":"https:\/\/schema.org","@graph":[{"@type":"WebPage","@id":"https:\/\/onedesk.com\/fr\/guide-dintegration-integre-7\/","url":"https:\/\/onedesk.com\/fr\/guide-dintegration-integre-7\/","name":"Guide d'int\u00e9gration int\u00e9gr\u00e9 Page 7 - OneDesk","isPartOf":{"@id":"https:\/\/onedesk.com\/fr\/#website"},"datePublished":"2023-10-27T18:11:13+00:00","dateModified":"2024-07-19T20:34:09+00:00","description":"OneDesk est un logiciel de helpdesk et un logiciel de gestion de projet dans une seule application. Travaillez avec vos clients sur leurs projets et leurs tickets sur une plateforme unifi\u00e9e.","inLanguage":"fr-FR","potentialAction":[{"@type":"ReadAction","target":["https:\/\/onedesk.com\/fr\/guide-dintegration-integre-7\/"]}]},{"@type":"WebSite","@id":"https:\/\/onedesk.com\/fr\/#website","url":"https:\/\/onedesk.com\/fr\/","name":"OneDesk","description":"Logiciel de gestion de projet et d'assistance","publisher":{"@id":"https:\/\/onedesk.com\/fr\/#organization"},"potentialAction":[{"@type":"SearchAction","target":{"@type":"EntryPoint","urlTemplate":"https:\/\/onedesk.com\/fr\/?s={search_term_string}"},"query-input":{"@type":"PropertyValueSpecification","valueRequired":true,"valueName":"search_term_string"}}],"inLanguage":"fr-FR"},{"@type":"Organization","@id":"https:\/\/onedesk.com\/fr\/#organization","name":"OneDesk","url":"https:\/\/onedesk.com\/fr\/","logo":{"@type":"ImageObject","inLanguage":"fr-FR","@id":"https:\/\/onedesk.com\/fr\/#\/schema\/logo\/image\/","url":"https:\/\/onedesk.com\/wp-content\/uploads\/2016\/01\/white-logo-small.png","contentUrl":"https:\/\/onedesk.com\/wp-content\/uploads\/2016\/01\/white-logo-small.png","width":207,"height":40,"caption":"OneDesk"},"image":{"@id":"https:\/\/onedesk.com\/fr\/#\/schema\/logo\/image\/"},"sameAs":["https:\/\/www.facebook.com\/OneDeskApp","https:\/\/x.com\/OneDeskApp","https:\/\/www.instagram.com\/onedeskapp\/","https:\/\/www.linkedin.com\/company\/onedesk-inc-1","https:\/\/www.pinterest.com\/onedesk\/","https:\/\/www.youtube.com\/user\/OneDeskApp"]}]}},"tpgb_featured_images":null,"tpgb_post_meta_info":{"get_date":"October 27, 2023","get_modified_date":"July 19, 2024","author_name":"Erin Richardson","author_url":"https:\/\/onedesk.com\/fr\/author\/erin-richardsononedesk-com\/","author_email":"erin.richardson@onedesk.com","author_website":"","author_description":"","author_facebook":"","author_twitter":"","author_instagram":"","author_role":["administrator"],"author_firstname":"Erin","author_lastname":"Richardson","user_login":"erin.richardson@onedesk.com","author_avatar":"<img alt='' src='https:\/\/secure.gravatar.com\/avatar\/5b43ac2756efc1d5aa46746163fa71ceee43f42a78652ebc70940d512d77cba0?s=200&#038;d=mm&#038;r=g' srcset='https:\/\/secure.gravatar.com\/avatar\/5b43ac2756efc1d5aa46746163fa71ceee43f42a78652ebc70940d512d77cba0?s=400&#038;d=mm&#038;r=g 2x' class='avatar avatar-200 photo' height='200' width='200' decoding='async'\/>","author_avatar_url":"https:\/\/secure.gravatar.com\/avatar\/5b43ac2756efc1d5aa46746163fa71ceee43f42a78652ebc70940d512d77cba0?s=96&d=mm&r=g","comment_count":0,"post_likes":0,"post_views":0},"tpgb_post_category":[],"jetpack_shortlink":"https:\/\/wp.me\/PfpPaI-15P3","amp_enabled":false,"_links":{"self":[{"href":"https:\/\/onedesk.com\/fr\/wp-json\/wp\/v2\/pages\/260713","targetHints":{"allow":["GET"]}}],"collection":[{"href":"https:\/\/onedesk.com\/fr\/wp-json\/wp\/v2\/pages"}],"about":[{"href":"https:\/\/onedesk.com\/fr\/wp-json\/wp\/v2\/types\/page"}],"author":[{"embeddable":true,"href":"https:\/\/onedesk.com\/fr\/wp-json\/wp\/v2\/users\/30"}],"replies":[{"embeddable":true,"href":"https:\/\/onedesk.com\/fr\/wp-json\/wp\/v2\/comments?post=260713"}],"version-history":[{"count":9,"href":"https:\/\/onedesk.com\/fr\/wp-json\/wp\/v2\/pages\/260713\/revisions"}],"predecessor-version":[{"id":272812,"href":"https:\/\/onedesk.com\/fr\/wp-json\/wp\/v2\/pages\/260713\/revisions\/272812"}],"wp:attachment":[{"href":"https:\/\/onedesk.com\/fr\/wp-json\/wp\/v2\/media?parent=260713"}],"curies":[{"name":"wp","href":"https:\/\/api.w.org\/{rel}","templated":true}]}}