{"id":60897,"date":"2021-03-04T14:43:24","date_gmt":"2021-03-04T14:43:24","guid":{"rendered":"https:\/\/onedesk.com\/integrer-avec-onedesk\/email-smtp\/"},"modified":"2023-09-27T17:26:59","modified_gmt":"2023-09-27T17:26:59","slug":"email-smtp","status":"publish","type":"page","link":"https:\/\/onedesk.com\/fr\/integrer-avec-onedesk\/email-smtp\/","title":{"rendered":"Courriel \/ SMTP"},"content":{"rendered":"\t\t<div data-elementor-type=\"wp-page\" data-elementor-id=\"60897\" class=\"elementor elementor-60897 elementor-46958\" data-elementor-post-type=\"page\">\n\t\t\t\t\t\t<section class=\"elementor-section elementor-top-section elementor-element elementor-element-b586e27 elementor-section-boxed elementor-section-height-default elementor-section-height-default\" data-id=\"b586e27\" data-element_type=\"section\" data-e-type=\"section\">\n\t\t\t\t\t\t<div class=\"elementor-container elementor-column-gap-default\">\n\t\t\t\t\t<div class=\"elementor-column elementor-col-100 elementor-top-column elementor-element elementor-element-9aef94a\" data-id=\"9aef94a\" data-element_type=\"column\" data-e-type=\"column\">\n\t\t\t<div class=\"elementor-widget-wrap elementor-element-populated\">\n\t\t\t\t\t\t<div class=\"elementor-element elementor-element-279ee41 elementor-widget elementor-widget-heading\" data-id=\"279ee41\" data-element_type=\"widget\" data-e-type=\"widget\" data-widget_type=\"heading.default\">\n\t\t\t\t<div class=\"elementor-widget-container\">\n\t\t\t\t\t<h1 class=\"elementor-heading-title elementor-size-default\">Int\u00e9gration Email \/ SMTP avec Help Desk et logiciel de gestion de projet<\/h1>\t\t\t\t<\/div>\n\t\t\t\t<\/div>\n\t\t\t\t<div class=\"elementor-element elementor-element-618bba8 elementor-widget elementor-widget-text-editor\" data-id=\"618bba8\" data-element_type=\"widget\" data-e-type=\"widget\" data-widget_type=\"text-editor.default\">\n\t\t\t\t<div class=\"elementor-widget-container\">\n\t\t\t\t\t\t\t\t\t<p>OneDesk int\u00e8gre un logiciel d&#8217;assistance et de gestion de projet \u00e0 votre serveur de messagerie IMAP et SMTP<\/p>\n\t\t\t\t\t\t\t\t<\/div>\n\t\t\t\t<\/div>\n\t\t\t\t<div class=\"elementor-element elementor-element-05d0a1e elementor-align-center elementor-widget elementor-widget-global elementor-global-239883 elementor-global-131872 elementor-widget-button\" data-id=\"05d0a1e\" data-element_type=\"widget\" data-e-type=\"widget\" data-widget_type=\"button.default\">\n\t\t\t\t<div class=\"elementor-widget-container\">\n\t\t\t\t\t\t\t\t\t<div class=\"elementor-button-wrapper\">\n\t\t\t\t\t<a class=\"elementor-button elementor-button-link elementor-size-lg elementor-animation-grow\" href=\"https:\/\/onedesk.com\/fr\/inscription-gratuite\/\">\n\t\t\t\t\t\t<span class=\"elementor-button-content-wrapper\">\n\t\t\t\t\t\t\t\t\t<span class=\"elementor-button-text\">Inscription gratuite!<\/span>\n\t\t\t\t\t<\/span>\n\t\t\t\t\t<\/a>\n\t\t\t\t<\/div>\n\t\t\t\t\t\t\t\t<\/div>\n\t\t\t\t<\/div>\n\t\t\t\t\t<\/div>\n\t\t<\/div>\n\t\t\t\t\t<\/div>\n\t\t<\/section>\n\t\t\t\t<section class=\"elementor-section elementor-top-section elementor-element elementor-element-509d606 elementor-section-boxed elementor-section-height-default elementor-section-height-default\" data-id=\"509d606\" data-element_type=\"section\" data-e-type=\"section\" data-settings=\"{&quot;background_background&quot;:&quot;classic&quot;}\">\n\t\t\t\t\t\t<div class=\"elementor-container elementor-column-gap-default\">\n\t\t\t\t\t<div class=\"elementor-column elementor-col-50 elementor-top-column elementor-element elementor-element-7cbf9cd\" data-id=\"7cbf9cd\" data-element_type=\"column\" data-e-type=\"column\">\n\t\t\t<div class=\"elementor-widget-wrap elementor-element-populated\">\n\t\t\t\t\t\t<div class=\"elementor-element elementor-element-a0dae7d elementor-widget elementor-widget-image\" data-id=\"a0dae7d\" data-element_type=\"widget\" data-e-type=\"widget\" data-widget_type=\"image.default\">\n\t\t\t\t<div class=\"elementor-widget-container\">\n\t\t\t\t\t\t\t\t\t\t\t\t\t\t\t<img decoding=\"async\" width=\"80\" height=\"80\" src=\"https:\/\/onedesk.com\/wp-content\/uploads\/2021\/11\/email-2-80x80-1.png\" class=\"attachment-large size-large wp-image-127700\" alt=\"\" \/>\t\t\t\t\t\t\t\t\t\t\t\t\t\t\t<\/div>\n\t\t\t\t<\/div>\n\t\t\t\t\t<\/div>\n\t\t<\/div>\n\t\t\t\t<div class=\"elementor-column elementor-col-50 elementor-top-column elementor-element elementor-element-c15755d\" data-id=\"c15755d\" data-element_type=\"column\" data-e-type=\"column\">\n\t\t\t<div class=\"elementor-widget-wrap elementor-element-populated\">\n\t\t\t\t\t\t<div class=\"elementor-element elementor-element-e5c6f2b elementor-widget elementor-widget-heading\" data-id=\"e5c6f2b\" data-element_type=\"widget\" data-e-type=\"widget\" data-widget_type=\"heading.default\">\n\t\t\t\t<div class=\"elementor-widget-container\">\n\t\t\t\t\t<h2 class=\"elementor-heading-title elementor-size-default\">Connectez votre serveur Office 365, Google Workspace ou Gmail \u00e0 votre compte OneDesk<\/h2>\t\t\t\t<\/div>\n\t\t\t\t<\/div>\n\t\t\t\t<div class=\"elementor-element elementor-element-ecf7779 elementor-widget elementor-widget-text-editor\" data-id=\"ecf7779\" data-element_type=\"widget\" data-e-type=\"widget\" data-widget_type=\"text-editor.default\">\n\t\t\t\t<div class=\"elementor-widget-container\">\n\t\t\t\t\t\t\t\t\t<p>Gr\u00e2ce \u00e0 l&#8217;int\u00e9gration de la messagerie \u00e9lectronique, vous pouvez connecter le service d&#8217;assistance et le logiciel de gestion de projet de OneDesk \u00e0 IMAP et SMTP pour recevoir et envoyer des e-mails. Si votre fournisseur de messagerie est <a href=\"https:\/\/onedesk.com\/fr\/index-des-fonctionnalites\/connecter-o365\/\">Office 365<\/a> ou <a href=\"https:\/\/onedesk.com\/fr\/index-des-fonctionnalites\/connecter-google\/\">Google,<\/a> vous pouvez vous connecter directement via OAuth ou App Password. De nouveaux e-mails seront cr\u00e9\u00e9s sous forme de tickets et vous pourrez envoyer des r\u00e9ponses dans OneDesk \u00e0 partir de votre propre serveur, le tout avec une configuration simple.<\/p>\n\t\t\t\t\t\t\t\t<\/div>\n\t\t\t\t<\/div>\n\t\t\t\t<div class=\"elementor-element elementor-element-a4054e0 elementor-widget elementor-widget-heading\" data-id=\"a4054e0\" data-element_type=\"widget\" data-e-type=\"widget\" data-widget_type=\"heading.default\">\n\t\t\t\t<div class=\"elementor-widget-container\">\n\t\t\t\t\t<h2 class=\"elementor-heading-title elementor-size-default\">Connectez n'importe quel serveur de messagerie SMTP personnalis\u00e9<\/h2>\t\t\t\t<\/div>\n\t\t\t\t<\/div>\n\t\t\t\t<div class=\"elementor-element elementor-element-091d298 elementor-widget elementor-widget-text-editor\" data-id=\"091d298\" data-element_type=\"widget\" data-e-type=\"widget\" data-widget_type=\"text-editor.default\">\n\t\t\t\t<div class=\"elementor-widget-container\">\n\t\t\t\t\t\t\t\t\t<p>Utiliser un autre fournisseur de messagerie&nbsp;? Avec l&#8217;int\u00e9gration SMTP, vous pouvez envoyer vos e-mails en utilisant votre propre serveur de messagerie. De nouveaux tickets peuvent \u00eatre cr\u00e9\u00e9s via le transfert automatique. Vous pouvez envoyer des r\u00e9ponses en utilisant votre propre SMTP personnalis\u00e9.&nbsp;<\/p>\n\t\t\t\t\t\t\t\t<\/div>\n\t\t\t\t<\/div>\n\t\t\t\t\t<\/div>\n\t\t<\/div>\n\t\t\t\t\t<\/div>\n\t\t<\/section>\n\t\t\t\t<section class=\"elementor-section elementor-top-section elementor-element elementor-element-2707a85 elementor-section-boxed elementor-section-height-default elementor-section-height-default\" data-id=\"2707a85\" data-element_type=\"section\" data-e-type=\"section\">\n\t\t\t\t\t\t<div class=\"elementor-container elementor-column-gap-default\">\n\t\t\t\t\t<div class=\"elementor-column elementor-col-100 elementor-top-column elementor-element elementor-element-5d642b2\" data-id=\"5d642b2\" data-element_type=\"column\" data-e-type=\"column\">\n\t\t\t<div class=\"elementor-widget-wrap elementor-element-populated\">\n\t\t\t\t\t\t<div class=\"elementor-element elementor-element-7cb0960 elementor-widget elementor-widget-heading\" data-id=\"7cb0960\" data-element_type=\"widget\" data-e-type=\"widget\" data-widget_type=\"heading.default\">\n\t\t\t\t<div class=\"elementor-widget-container\">\n\t\t\t\t\t<h2 class=\"elementor-heading-title elementor-size-default\">Utilisez votre propre serveur de messagerie SMTP pour envoyer des e-mails<\/h2>\t\t\t\t<\/div>\n\t\t\t\t<\/div>\n\t\t\t\t<div class=\"elementor-element elementor-element-b07b332 elementor-widget elementor-widget-text-editor\" data-id=\"b07b332\" data-element_type=\"widget\" data-e-type=\"widget\" data-widget_type=\"text-editor.default\">\n\t\t\t\t<div class=\"elementor-widget-container\">\n\t\t\t\t\t\t\t\t\t<p>L&#8217;int\u00e9gration OneDesk Email\/SMTP utilise une infrastructure de messagerie robuste pour envoyer des e-mails en votre nom. Nous envoyons vos notifications de ticket, vos conversations et tous les autres e-mails en utilisant certains des partenaires de livraison d&#8217;e-mails les plus fiables au monde. Cependant, si vous souhaitez utiliser vos propres serveurs de messagerie pour envoyer votre courrier \u00e9lectronique de support technique, OneDesk fournit un connecteur SMTP que vous pouvez configurer dans votre compte OneDesk.<\/p>\n\t\t\t\t\t\t\t\t<\/div>\n\t\t\t\t<\/div>\n\t\t\t\t\t<\/div>\n\t\t<\/div>\n\t\t\t\t\t<\/div>\n\t\t<\/section>\n\t\t\t\t<section class=\"elementor-section elementor-top-section elementor-element elementor-element-781fdda elementor-section-boxed elementor-section-height-default elementor-section-height-default\" data-id=\"781fdda\" data-element_type=\"section\" data-e-type=\"section\">\n\t\t\t\t\t\t<div class=\"elementor-container elementor-column-gap-default\">\n\t\t\t\t\t<div class=\"elementor-column elementor-col-100 elementor-top-column elementor-element elementor-element-cf337e7\" data-id=\"cf337e7\" data-element_type=\"column\" data-e-type=\"column\">\n\t\t\t<div class=\"elementor-widget-wrap elementor-element-populated\">\n\t\t\t\t\t\t<div class=\"elementor-element elementor-element-8390056 elementor-widget elementor-widget-heading\" data-id=\"8390056\" data-element_type=\"widget\" data-e-type=\"widget\" data-widget_type=\"heading.default\">\n\t\t\t\t<div class=\"elementor-widget-container\">\n\t\t\t\t\t<h2 class=\"elementor-heading-title elementor-size-default\">Comment connecter OneDesk \u00e0 votre serveur de messagerie SMTP<\/h2>\t\t\t\t<\/div>\n\t\t\t\t<\/div>\n\t\t\t\t<div class=\"elementor-element elementor-element-a896c5a elementor-widget elementor-widget-text-editor\" data-id=\"a896c5a\" data-element_type=\"widget\" data-e-type=\"widget\" data-widget_type=\"text-editor.default\">\n\t\t\t\t<div class=\"elementor-widget-container\">\n\t\t\t\t\t\t\t\t\t<p>Envoyer <strong>en utilisant votre propre serveur SMTP<\/strong><\/p>\n<p>Si vous g\u00e9rez votre propre serveur SMTP et pr\u00e9f\u00e9rez l&#8217;utiliser sur les serveurs de OneDesk, rendez-vous sur <strong>Administration<\/strong>&gt; <strong>E-mails<\/strong>&gt; <strong>Param\u00e8tres<\/strong>&gt; <strong>Param\u00e8tres sortants<\/strong> . S\u00e9lectionnez l&#8217;option \u00ab Ajouter un e-mail sortant \u00bb et \u00ab Serveur SMTP personnalis\u00e9 \u00bb.<\/p>\n\t\t\t\t\t\t\t\t<\/div>\n\t\t\t\t<\/div>\n\t\t\t\t\t<\/div>\n\t\t<\/div>\n\t\t\t\t\t<\/div>\n\t\t<\/section>\n\t\t\t\t<section class=\"elementor-section elementor-top-section elementor-element elementor-element-aca9811 elementor-section-boxed elementor-section-height-default elementor-section-height-default\" data-id=\"aca9811\" data-element_type=\"section\" data-e-type=\"section\">\n\t\t\t\t\t\t<div class=\"elementor-container elementor-column-gap-default\">\n\t\t\t\t\t<div class=\"elementor-column elementor-col-50 elementor-top-column elementor-element elementor-element-2422cf9\" data-id=\"2422cf9\" data-element_type=\"column\" data-e-type=\"column\">\n\t\t\t<div class=\"elementor-widget-wrap elementor-element-populated\">\n\t\t\t\t\t\t<div class=\"elementor-element elementor-element-fca3233 elementor-widget elementor-widget-image\" data-id=\"fca3233\" data-element_type=\"widget\" data-e-type=\"widget\" data-widget_type=\"image.default\">\n\t\t\t\t<div class=\"elementor-widget-container\">\n\t\t\t\t\t\t\t\t\t\t\t\t\t\t\t<img fetchpriority=\"high\" decoding=\"async\" width=\"968\" height=\"403\" src=\"https:\/\/onedesk.com\/wp-content\/uploads\/2021\/11\/SMTP1.png\" class=\"attachment-large size-large wp-image-132879\" alt=\"\" srcset=\"https:\/\/onedesk.com\/wp-content\/uploads\/2021\/11\/SMTP1.png 968w, https:\/\/onedesk.com\/wp-content\/uploads\/2021\/11\/SMTP1-300x125.png 300w, https:\/\/onedesk.com\/wp-content\/uploads\/2021\/11\/SMTP1-768x320.png 768w\" sizes=\"(max-width: 968px) 100vw, 968px\" \/>\t\t\t\t\t\t\t\t\t\t\t\t\t\t\t<\/div>\n\t\t\t\t<\/div>\n\t\t\t\t\t<\/div>\n\t\t<\/div>\n\t\t\t\t<div class=\"elementor-column elementor-col-50 elementor-top-column elementor-element elementor-element-8a74ce0\" data-id=\"8a74ce0\" data-element_type=\"column\" data-e-type=\"column\">\n\t\t\t<div class=\"elementor-widget-wrap elementor-element-populated\">\n\t\t\t\t\t\t<div class=\"elementor-element elementor-element-cea9c9c elementor-widget elementor-widget-text-editor\" data-id=\"cea9c9c\" data-element_type=\"widget\" data-e-type=\"widget\" data-widget_type=\"text-editor.default\">\n\t\t\t\t<div class=\"elementor-widget-container\">\n\t\t\t\t\t\t\t\t\t<p>Remplissez simplement les champs obligatoires et cliquez sur \u00ab&nbsp;Valider et envoyer l&#8217;e-mail de test&nbsp;\u00bb. Si vous recevez l&#8217;e-mail, vous l&#8217;avez configur\u00e9 correctement.<\/p>\n<h6>Quelques choses \u00e0 savoir sur cette fonctionnalit\u00e9&nbsp;:<\/h6>\n<ul>\n<li>Si vous utilisez votre propre serveur, nous ne serons pas en mesure de suivre vos e-mails sortants et de vous fournir des informations sur leur \u00e9tat de livraison. Vous devrez pour cela v\u00e9rifier vos propres enregistrements de serveur.<\/li>\n<li>Si vous avez mal configur\u00e9 votre serveur SMTP ou que votre serveur est indisponible, cela entra\u00eenera des pertes d&#8217;emails<\/li>\n<\/ul>\n\t\t\t\t\t\t\t\t<\/div>\n\t\t\t\t<\/div>\n\t\t\t\t\t<\/div>\n\t\t<\/div>\n\t\t\t\t\t<\/div>\n\t\t<\/section>\n\t\t\t\t<\/div>\n\t\t","protected":false},"excerpt":{"rendered":"<p>Connectez votre serveur de messagerie SMTP \u00e0 votre compte OneDesk Avec l&#8217;int\u00e9gration de messagerie \/ SMTP, vous pouvez connecter le service d&#8217;assistance et le logiciel de gestion de projet de OneDesk \u00e0 votre serveur de messagerie SMTP et envoyer vos e-mails \u00e0 l&#8217;aide de votre propre serveur de messagerie SMTP. Vous pouvez utiliser votre propre [&hellip;]<\/p>\n","protected":false},"author":1,"featured_media":0,"parent":60294,"menu_order":11,"comment_status":"closed","ping_status":"closed","template":"","meta":{"tpgb_global_settings":"","_crdt_document":"","inline_featured_image":false,"site-sidebar-layout":"default","site-content-layout":"","ast-site-content-layout":"default","site-content-style":"default","site-sidebar-style":"default","ast-global-header-display":"","ast-banner-title-visibility":"","ast-main-header-display":"","ast-hfb-above-header-display":"","ast-hfb-below-header-display":"","ast-hfb-mobile-header-display":"","site-post-title":"","ast-breadcrumbs-content":"","ast-featured-img":"","footer-sml-layout":"","ast-disable-related-posts":"","theme-transparent-header-meta":"","adv-header-id-meta":"","stick-header-meta":"","header-above-stick-meta":"","header-main-stick-meta":"","header-below-stick-meta":"","astra-migrate-meta-layouts":"default","ast-page-background-enabled":"default","ast-page-background-meta":{"desktop":{"background-color":"var(--ast-global-color-4)","background-image":"","background-repeat":"repeat","background-position":"center center","background-size":"auto","background-attachment":"scroll","background-type":"","background-media":"","overlay-type":"","overlay-color":"","overlay-opacity":"","overlay-gradient":""},"tablet":{"background-color":"","background-image":"","background-repeat":"repeat","background-position":"center center","background-size":"auto","background-attachment":"scroll","background-type":"","background-media":"","overlay-type":"","overlay-color":"","overlay-opacity":"","overlay-gradient":""},"mobile":{"background-color":"","background-image":"","background-repeat":"repeat","background-position":"center center","background-size":"auto","background-attachment":"scroll","background-type":"","background-media":"","overlay-type":"","overlay-color":"","overlay-opacity":"","overlay-gradient":""}},"ast-content-background-meta":{"desktop":{"background-color":"var(--ast-global-color-5)","background-image":"","background-repeat":"repeat","background-position":"center center","background-size":"auto","background-attachment":"scroll","background-type":"","background-media":"","overlay-type":"","overlay-color":"","overlay-opacity":"","overlay-gradient":""},"tablet":{"background-color":"var(--ast-global-color-5)","background-image":"","background-repeat":"repeat","background-position":"center center","background-size":"auto","background-attachment":"scroll","background-type":"","background-media":"","overlay-type":"","overlay-color":"","overlay-opacity":"","overlay-gradient":""},"mobile":{"background-color":"var(--ast-global-color-5)","background-image":"","background-repeat":"repeat","background-position":"center center","background-size":"auto","background-attachment":"scroll","background-type":"","background-media":"","overlay-type":"","overlay-color":"","overlay-opacity":"","overlay-gradient":""}},"footnotes":""},"class_list":["post-60897","page","type-page","status-publish","hentry"],"yoast_head":"<!-- This site is optimized with the Yoast SEO Premium plugin v27.3 (Yoast SEO v27.3) - https:\/\/yoast.com\/product\/yoast-seo-premium-wordpress\/ -->\n<title>Int\u00e9gration Email \/ SMTP | Logiciel d&#039;assistance et de gestion de projet<\/title>\n<meta name=\"description\" content=\"L&#039;int\u00e9gration E-mail \/ SMTP est disponible pour OneDesk Help Desk et Project Management Software. Connectez votre compte pour travailler plus efficacement sur vos projets.\" \/>\n<meta name=\"robots\" content=\"index, follow, max-snippet:-1, max-image-preview:large, max-video-preview:-1\" \/>\n<link rel=\"canonical\" href=\"https:\/\/onedesk.com\/fr\/integrer-avec-onedesk\/email-smtp\/\" \/>\n<meta property=\"og:locale\" content=\"fr_FR\" \/>\n<meta property=\"og:type\" content=\"article\" \/>\n<meta property=\"og:title\" content=\"Int\u00e9gration Email \/ SMTP | Logiciel d&#039;assistance et de gestion de projet\" \/>\n<meta property=\"og:description\" content=\"L&#039;int\u00e9gration E-mail \/ SMTP est disponible pour OneDesk Help Desk et Project Management Software. Connectez votre compte pour travailler plus efficacement sur vos projets.\" \/>\n<meta property=\"og:url\" content=\"https:\/\/onedesk.com\/fr\/integrer-avec-onedesk\/email-smtp\/\" \/>\n<meta property=\"og:site_name\" content=\"OneDesk\" \/>\n<meta property=\"article:publisher\" content=\"https:\/\/www.facebook.com\/OneDeskApp\" \/>\n<meta property=\"article:modified_time\" content=\"2023-09-27T17:26:59+00:00\" \/>\n<meta property=\"og:image\" content=\"https:\/\/onedesk.com\/wp-content\/uploads\/2016\/01\/email-2-e1636562503737.png\" \/>\n<meta name=\"twitter:card\" content=\"summary_large_image\" \/>\n<meta name=\"twitter:site\" content=\"@OneDeskApp\" \/>\n<meta name=\"twitter:label1\" content=\"Est. reading time\" \/>\n\t<meta name=\"twitter:data1\" content=\"1 minute\" \/>\n<!-- \/ Yoast SEO Premium plugin. -->","yoast_head_json":{"title":"Int\u00e9gration Email \/ SMTP | Logiciel d'assistance et de gestion de projet","description":"L'int\u00e9gration E-mail \/ SMTP est disponible pour OneDesk Help Desk et Project Management Software. Connectez votre compte pour travailler plus efficacement sur vos projets.","robots":{"index":"index","follow":"follow","max-snippet":"max-snippet:-1","max-image-preview":"max-image-preview:large","max-video-preview":"max-video-preview:-1"},"canonical":"https:\/\/onedesk.com\/fr\/integrer-avec-onedesk\/email-smtp\/","og_locale":"fr_FR","og_type":"article","og_title":"Int\u00e9gration Email \/ SMTP | Logiciel d'assistance et de gestion de projet","og_description":"L'int\u00e9gration E-mail \/ SMTP est disponible pour OneDesk Help Desk et Project Management Software. Connectez votre compte pour travailler plus efficacement sur vos projets.","og_url":"https:\/\/onedesk.com\/fr\/integrer-avec-onedesk\/email-smtp\/","og_site_name":"OneDesk","article_publisher":"https:\/\/www.facebook.com\/OneDeskApp","article_modified_time":"2023-09-27T17:26:59+00:00","og_image":[{"url":"https:\/\/onedesk.com\/wp-content\/uploads\/2016\/01\/email-2-e1636562503737.png","type":"","width":"","height":""}],"twitter_card":"summary_large_image","twitter_site":"@OneDeskApp","twitter_misc":{"Est. reading time":"1 minute"},"schema":{"@context":"https:\/\/schema.org","@graph":[{"@type":"WebPage","@id":"https:\/\/onedesk.com\/fr\/integrer-avec-onedesk\/email-smtp\/","url":"https:\/\/onedesk.com\/fr\/integrer-avec-onedesk\/email-smtp\/","name":"Int\u00e9gration Email \/ SMTP | Logiciel d'assistance et de gestion de projet","isPartOf":{"@id":"https:\/\/onedesk.com\/fr\/#website"},"primaryImageOfPage":{"@id":"https:\/\/onedesk.com\/fr\/integrer-avec-onedesk\/email-smtp\/#primaryimage"},"image":{"@id":"https:\/\/onedesk.com\/fr\/integrer-avec-onedesk\/email-smtp\/#primaryimage"},"thumbnailUrl":"https:\/\/onedesk.com\/wp-content\/uploads\/2016\/01\/email-2-e1636562503737.png","datePublished":"2021-03-04T14:43:24+00:00","dateModified":"2023-09-27T17:26:59+00:00","description":"L'int\u00e9gration E-mail \/ SMTP est disponible pour OneDesk Help Desk et Project Management Software. Connectez votre compte pour travailler plus efficacement sur vos projets.","breadcrumb":{"@id":"https:\/\/onedesk.com\/fr\/integrer-avec-onedesk\/email-smtp\/#breadcrumb"},"inLanguage":"fr-FR","potentialAction":[{"@type":"ReadAction","target":["https:\/\/onedesk.com\/fr\/integrer-avec-onedesk\/email-smtp\/"]}]},{"@type":"ImageObject","inLanguage":"fr-FR","@id":"https:\/\/onedesk.com\/fr\/integrer-avec-onedesk\/email-smtp\/#primaryimage","url":"https:\/\/onedesk.com\/wp-content\/uploads\/2016\/01\/email-2-e1636562503737.png","contentUrl":"https:\/\/onedesk.com\/wp-content\/uploads\/2016\/01\/email-2-e1636562503737.png"},{"@type":"BreadcrumbList","@id":"https:\/\/onedesk.com\/fr\/integrer-avec-onedesk\/email-smtp\/#breadcrumb","itemListElement":[{"@type":"ListItem","position":1,"name":"Int\u00e9grer avec OneDesk","item":"https:\/\/onedesk.com\/fr\/integrer-avec-onedesk\/"},{"@type":"ListItem","position":2,"name":"Courriel \/ SMTP"}]},{"@type":"WebSite","@id":"https:\/\/onedesk.com\/fr\/#website","url":"https:\/\/onedesk.com\/fr\/","name":"OneDesk","description":"Logiciel de gestion de projet et d'assistance","publisher":{"@id":"https:\/\/onedesk.com\/fr\/#organization"},"potentialAction":[{"@type":"SearchAction","target":{"@type":"EntryPoint","urlTemplate":"https:\/\/onedesk.com\/fr\/?s={search_term_string}"},"query-input":{"@type":"PropertyValueSpecification","valueRequired":true,"valueName":"search_term_string"}}],"inLanguage":"fr-FR"},{"@type":"Organization","@id":"https:\/\/onedesk.com\/fr\/#organization","name":"OneDesk","url":"https:\/\/onedesk.com\/fr\/","logo":{"@type":"ImageObject","inLanguage":"fr-FR","@id":"https:\/\/onedesk.com\/fr\/#\/schema\/logo\/image\/","url":"https:\/\/onedesk.com\/wp-content\/uploads\/2016\/01\/white-logo-small.png","contentUrl":"https:\/\/onedesk.com\/wp-content\/uploads\/2016\/01\/white-logo-small.png","width":207,"height":40,"caption":"OneDesk"},"image":{"@id":"https:\/\/onedesk.com\/fr\/#\/schema\/logo\/image\/"},"sameAs":["https:\/\/www.facebook.com\/OneDeskApp","https:\/\/x.com\/OneDeskApp","https:\/\/www.instagram.com\/onedeskapp\/","https:\/\/www.linkedin.com\/company\/onedesk-inc-1","https:\/\/www.pinterest.com\/onedesk\/","https:\/\/www.youtube.com\/user\/OneDeskApp"]}]}},"tpgb_featured_images":null,"tpgb_post_meta_info":{"get_date":"March 4, 2021","get_modified_date":"September 27, 2023","author_name":"server.admin@onedesk.com","author_url":"https:\/\/onedesk.com\/fr\/author\/server-adminonedesk-com\/","author_email":"server.admin@onedesk.com","author_website":"","author_description":"","author_facebook":"","author_twitter":"","author_instagram":"","author_role":["administrator"],"author_firstname":"","author_lastname":"","user_login":"server.admin@onedesk.com","author_avatar":"<img alt='' src='https:\/\/secure.gravatar.com\/avatar\/a37d6b270be81ecbf4ab9ca7260f2d1ee4d0295343706f0648e9d7a0d75243d3?s=200&#038;d=mm&#038;r=g' srcset='https:\/\/secure.gravatar.com\/avatar\/a37d6b270be81ecbf4ab9ca7260f2d1ee4d0295343706f0648e9d7a0d75243d3?s=400&#038;d=mm&#038;r=g 2x' class='avatar avatar-200 photo' height='200' width='200' decoding='async'\/>","author_avatar_url":"https:\/\/secure.gravatar.com\/avatar\/a37d6b270be81ecbf4ab9ca7260f2d1ee4d0295343706f0648e9d7a0d75243d3?s=96&d=mm&r=g","comment_count":0,"post_likes":0,"post_views":0},"tpgb_post_category":[],"jetpack_shortlink":"https:\/\/wp.me\/PfpPaI-fQd","amp_enabled":true,"_links":{"self":[{"href":"https:\/\/onedesk.com\/fr\/wp-json\/wp\/v2\/pages\/60897","targetHints":{"allow":["GET"]}}],"collection":[{"href":"https:\/\/onedesk.com\/fr\/wp-json\/wp\/v2\/pages"}],"about":[{"href":"https:\/\/onedesk.com\/fr\/wp-json\/wp\/v2\/types\/page"}],"author":[{"embeddable":true,"href":"https:\/\/onedesk.com\/fr\/wp-json\/wp\/v2\/users\/1"}],"replies":[{"embeddable":true,"href":"https:\/\/onedesk.com\/fr\/wp-json\/wp\/v2\/comments?post=60897"}],"version-history":[{"count":3,"href":"https:\/\/onedesk.com\/fr\/wp-json\/wp\/v2\/pages\/60897\/revisions"}],"predecessor-version":[{"id":258900,"href":"https:\/\/onedesk.com\/fr\/wp-json\/wp\/v2\/pages\/60897\/revisions\/258900"}],"up":[{"embeddable":true,"href":"https:\/\/onedesk.com\/fr\/wp-json\/wp\/v2\/pages\/60294"}],"wp:attachment":[{"href":"https:\/\/onedesk.com\/fr\/wp-json\/wp\/v2\/media?parent=60897"}],"curies":[{"name":"wp","href":"https:\/\/api.w.org\/{rel}","templated":true}]}}