{"id":60901,"date":"2021-03-04T14:43:34","date_gmt":"2021-03-04T14:43:34","guid":{"rendered":"https:\/\/onedesk.com\/integrer-avec-onedesk\/boite\/"},"modified":"2023-12-22T20:10:34","modified_gmt":"2023-12-22T20:10:34","slug":"boite","status":"publish","type":"page","link":"https:\/\/onedesk.com\/fr\/integrer-avec-onedesk\/boite\/","title":{"rendered":"Bo\u00eete"},"content":{"rendered":"\t\t<div data-elementor-type=\"wp-page\" data-elementor-id=\"60901\" class=\"elementor elementor-60901 elementor-46509\" data-elementor-post-type=\"page\">\n\t\t\t\t\t\t<section class=\"elementor-section elementor-top-section elementor-element elementor-element-6d99eaf elementor-section-boxed elementor-section-height-default elementor-section-height-default\" data-id=\"6d99eaf\" data-element_type=\"section\" data-e-type=\"section\">\n\t\t\t\t\t\t<div class=\"elementor-container elementor-column-gap-default\">\n\t\t\t\t\t<div class=\"elementor-column elementor-col-100 elementor-top-column elementor-element elementor-element-679397f\" data-id=\"679397f\" data-element_type=\"column\" data-e-type=\"column\">\n\t\t\t<div class=\"elementor-widget-wrap elementor-element-populated\">\n\t\t\t\t\t\t<div class=\"elementor-element elementor-element-a55688a elementor-widget elementor-widget-heading\" data-id=\"a55688a\" data-element_type=\"widget\" data-e-type=\"widget\" data-widget_type=\"heading.default\">\n\t\t\t\t<div class=\"elementor-widget-container\">\n\t\t\t\t\t<h1 class=\"elementor-heading-title elementor-size-default\">Int\u00e9gration Box avec Help Desk et logiciel de gestion de projet<\/h1>\t\t\t\t<\/div>\n\t\t\t\t<\/div>\n\t\t\t\t<div class=\"elementor-element elementor-element-41b6e24 elementor-widget elementor-widget-text-editor\" data-id=\"41b6e24\" data-element_type=\"widget\" data-e-type=\"widget\" data-widget_type=\"text-editor.default\">\n\t\t\t\t<div class=\"elementor-widget-container\">\n\t\t\t\t\t\t\t\t\t<p>OneDesk int\u00e8gre un logiciel de Helpdesk et de gestion de projet \u00e0 votre compte Box.<\/p>\n\t\t\t\t\t\t\t\t<\/div>\n\t\t\t\t<\/div>\n\t\t\t\t<div class=\"elementor-element elementor-element-70dc348 elementor-align-center elementor-widget elementor-widget-global elementor-global-239883 elementor-global-131872 elementor-widget-button\" data-id=\"70dc348\" data-element_type=\"widget\" data-e-type=\"widget\" data-widget_type=\"button.default\">\n\t\t\t\t<div class=\"elementor-widget-container\">\n\t\t\t\t\t\t\t\t\t<div class=\"elementor-button-wrapper\">\n\t\t\t\t\t<a class=\"elementor-button elementor-button-link elementor-size-lg elementor-animation-grow\" href=\"https:\/\/onedesk.com\/fr\/inscription-gratuite\/\">\n\t\t\t\t\t\t<span class=\"elementor-button-content-wrapper\">\n\t\t\t\t\t\t\t\t\t<span class=\"elementor-button-text\">Inscription gratuite!<\/span>\n\t\t\t\t\t<\/span>\n\t\t\t\t\t<\/a>\n\t\t\t\t<\/div>\n\t\t\t\t\t\t\t\t<\/div>\n\t\t\t\t<\/div>\n\t\t\t\t\t<\/div>\n\t\t<\/div>\n\t\t\t\t\t<\/div>\n\t\t<\/section>\n\t\t\t\t<section class=\"elementor-section elementor-top-section elementor-element elementor-element-99d3343 elementor-section-boxed elementor-section-height-default elementor-section-height-default\" data-id=\"99d3343\" data-element_type=\"section\" data-e-type=\"section\" data-settings=\"{&quot;background_background&quot;:&quot;classic&quot;}\">\n\t\t\t\t\t\t<div class=\"elementor-container elementor-column-gap-default\">\n\t\t\t\t\t<div class=\"elementor-column elementor-col-50 elementor-top-column elementor-element elementor-element-7f6d894\" data-id=\"7f6d894\" data-element_type=\"column\" data-e-type=\"column\">\n\t\t\t<div class=\"elementor-widget-wrap elementor-element-populated\">\n\t\t\t\t\t\t<div class=\"elementor-element elementor-element-61483c0 elementor-widget elementor-widget-image\" data-id=\"61483c0\" data-element_type=\"widget\" data-e-type=\"widget\" data-widget_type=\"image.default\">\n\t\t\t\t<div class=\"elementor-widget-container\">\n\t\t\t\t\t\t\t\t\t\t\t\t\t\t\t<img decoding=\"async\" width=\"84\" height=\"84\" src=\"https:\/\/onedesk.com\/wp-content\/uploads\/2020\/01\/box.png\" class=\"attachment-large size-large wp-image-59537\" alt=\"bo\u00eete\" srcset=\"https:\/\/onedesk.com\/wp-content\/uploads\/2020\/01\/box.png 84w, https:\/\/onedesk.com\/wp-content\/uploads\/2020\/01\/box-80x80.png 80w, https:\/\/onedesk.com\/wp-content\/uploads\/2020\/01\/box-40x40.png 40w, https:\/\/onedesk.com\/wp-content\/uploads\/2020\/01\/box-60x60.png 60w\" sizes=\"(max-width: 84px) 100vw, 84px\" \/>\t\t\t\t\t\t\t\t\t\t\t\t\t\t\t<\/div>\n\t\t\t\t<\/div>\n\t\t\t\t\t<\/div>\n\t\t<\/div>\n\t\t\t\t<div class=\"elementor-column elementor-col-50 elementor-top-column elementor-element elementor-element-1f8a51f\" data-id=\"1f8a51f\" data-element_type=\"column\" data-e-type=\"column\">\n\t\t\t<div class=\"elementor-widget-wrap elementor-element-populated\">\n\t\t\t\t\t\t<div class=\"elementor-element elementor-element-8bd308a elementor-widget elementor-widget-heading\" data-id=\"8bd308a\" data-element_type=\"widget\" data-e-type=\"widget\" data-widget_type=\"heading.default\">\n\t\t\t\t<div class=\"elementor-widget-container\">\n\t\t\t\t\t<h2 class=\"elementor-heading-title elementor-size-default\">Connectez Box \u00e0 votre compte OneDesk<\/h2>\t\t\t\t<\/div>\n\t\t\t\t<\/div>\n\t\t\t\t<div class=\"elementor-element elementor-element-ea152df elementor-widget elementor-widget-text-editor\" data-id=\"ea152df\" data-element_type=\"widget\" data-e-type=\"widget\" data-widget_type=\"text-editor.default\">\n\t\t\t\t<div class=\"elementor-widget-container\">\n\t\t\t\t\t\t\t\t\t<p>Joignez des fichiers directement depuis le cloud. Connectez le logiciel d&#8217;assistance et de gestion de projet de OneDesk \u00e0 votre compte Box pour faciliter la r\u00e9cup\u00e9ration et la pi\u00e8ce jointe des fichiers que vous y stockez.<\/p>\n\t\t\t\t\t\t\t\t<\/div>\n\t\t\t\t<\/div>\n\t\t\t\t\t<\/div>\n\t\t<\/div>\n\t\t\t\t\t<\/div>\n\t\t<\/section>\n\t\t\t\t<section class=\"elementor-section elementor-top-section elementor-element elementor-element-c0758d4 elementor-section-boxed elementor-section-height-default elementor-section-height-default\" data-id=\"c0758d4\" data-element_type=\"section\" data-e-type=\"section\">\n\t\t\t\t\t\t<div class=\"elementor-container elementor-column-gap-default\">\n\t\t\t\t\t<div class=\"elementor-column elementor-col-100 elementor-top-column elementor-element elementor-element-07a1025\" data-id=\"07a1025\" data-element_type=\"column\" data-e-type=\"column\">\n\t\t\t<div class=\"elementor-widget-wrap elementor-element-populated\">\n\t\t\t\t\t\t<div class=\"elementor-element elementor-element-63f2df4 elementor-widget elementor-widget-heading\" data-id=\"63f2df4\" data-element_type=\"widget\" data-e-type=\"widget\" data-widget_type=\"heading.default\">\n\t\t\t\t<div class=\"elementor-widget-container\">\n\t\t\t\t\t<h2 class=\"elementor-heading-title elementor-size-default\">Que vous permet l'int\u00e9gration Box&nbsp;?<\/h2>\t\t\t\t<\/div>\n\t\t\t\t<\/div>\n\t\t\t\t<div class=\"elementor-element elementor-element-76f7b82 elementor-widget elementor-widget-text-editor\" data-id=\"76f7b82\" data-element_type=\"widget\" data-e-type=\"widget\" data-widget_type=\"text-editor.default\">\n\t\t\t\t<div class=\"elementor-widget-container\">\n\t\t\t\t\t\t\t\t\t<p>Avec l&#8217;int\u00e9gration Box activ\u00e9e, vous disposez d&#8217;une option suppl\u00e9mentaire lorsqu&#8217;il s&#8217;agit de joindre des fichiers \u00e0 des tickets, des t\u00e2ches et des projets dans OneDesk. Vous pouvez toujours les ajouter \u00e0 partir de votre stockage local, mais vous pouvez \u00e9galement les rechercher et les attacher directement \u00e0 partir de votre compte Box.<\/p>\n<p>L&#8217;int\u00e9gration du logiciel d&#8217;assistance et de gestion de projet de OneDesk \u00e0 votre compte Box est simple. Suivez simplement les \u00e9tapes ci-dessous ou regardez la vid\u00e9o.<\/p>\n\t\t\t\t\t\t\t\t<\/div>\n\t\t\t\t<\/div>\n\t\t\t\t\t<\/div>\n\t\t<\/div>\n\t\t\t\t\t<\/div>\n\t\t<\/section>\n\t\t\t\t<section class=\"elementor-section elementor-top-section elementor-element elementor-element-71f082c elementor-section-boxed elementor-section-height-default elementor-section-height-default\" data-id=\"71f082c\" data-element_type=\"section\" data-e-type=\"section\" data-settings=\"{&quot;background_background&quot;:&quot;classic&quot;}\">\n\t\t\t\t\t\t<div class=\"elementor-container elementor-column-gap-default\">\n\t\t\t\t\t<div class=\"elementor-column elementor-col-100 elementor-top-column elementor-element elementor-element-e4710dc\" data-id=\"e4710dc\" data-element_type=\"column\" data-e-type=\"column\">\n\t\t\t<div class=\"elementor-widget-wrap elementor-element-populated\">\n\t\t\t\t\t\t<div class=\"elementor-element elementor-element-aa97827 elementor-widget elementor-widget-heading\" data-id=\"aa97827\" data-element_type=\"widget\" data-e-type=\"widget\" data-widget_type=\"heading.default\">\n\t\t\t\t<div class=\"elementor-widget-container\">\n\t\t\t\t\t<h2 class=\"elementor-heading-title elementor-size-default\">Comment connecter OneDesk \u00e0 Box<\/h2>\t\t\t\t<\/div>\n\t\t\t\t<\/div>\n\t\t\t\t<div class=\"elementor-element elementor-element-a10f13d elementor-widget elementor-widget-text-editor\" data-id=\"a10f13d\" data-element_type=\"widget\" data-e-type=\"widget\" data-widget_type=\"text-editor.default\">\n\t\t\t\t<div class=\"elementor-widget-container\">\n\t\t\t\t\t\t\t\t\t<ul>\n<li><span style=\"font-size: 16px;\">Dans votre compte OneDesk, acc\u00e9dez \u00e0 ADMINISTRATION&gt; INT\u00c9GRATIONS<\/span><\/li>\n<li>Cliquez sur Connecter \u00e0 c\u00f4t\u00e9 de l\u2019int\u00e9gration Box.  <\/li>\n<li>Le bouton de connexion changera pour indiquer que l&#8217;int\u00e9gration est d\u00e9sormais active.<\/li>\n<li>Acc\u00e9dez au panneau de d\u00e9tails d&#8217;un ticket, d&#8217;une t\u00e2che ou d&#8217;un projet et cliquez sur \u00ab&nbsp;Joindre&nbsp;\u00bb.  <\/li>\n<li>Vous aurez maintenant une nouvelle option dans le menu de pi\u00e8ce jointe pour \u00ab&nbsp;Joindre depuis la bo\u00eete&nbsp;\u00bb.<\/li>\n<li>S\u00e9lectionnez \u00ab&nbsp;Joindre depuis Box&nbsp;\u00bb et vous serez invit\u00e9 \u00e0 vous connecter et \u00e0 autoriser votre compte Box.<\/li>\n<\/ul>\n<div class=\"tour-content-0\"> <\/div>\n\t\t\t\t\t\t\t\t<\/div>\n\t\t\t\t<\/div>\n\t\t\t\t\t<\/div>\n\t\t<\/div>\n\t\t\t\t\t<\/div>\n\t\t<\/section>\n\t\t\t\t<\/div>\n\t\t","protected":false},"excerpt":{"rendered":"<p>Int\u00e9gration Box avec Help Desk et logiciel de gestion de projet OneDesk int\u00e8gre un logiciel de Helpdesk et de gestion de projet \u00e0 votre compte Box. Sign up free! Connectez Box \u00e0 votre compte OneDesk Joignez des fichiers directement depuis le cloud. Connectez le logiciel d&#8217;assistance et de gestion de projet de OneDesk \u00e0 votre [&hellip;]<\/p>\n","protected":false},"author":1,"featured_media":0,"parent":60294,"menu_order":1,"comment_status":"closed","ping_status":"closed","template":"","meta":{"tpgb_global_settings":"","_crdt_document":"","inline_featured_image":false,"site-sidebar-layout":"default","site-content-layout":"","ast-site-content-layout":"default","site-content-style":"default","site-sidebar-style":"default","ast-global-header-display":"","ast-banner-title-visibility":"","ast-main-header-display":"","ast-hfb-above-header-display":"","ast-hfb-below-header-display":"","ast-hfb-mobile-header-display":"","site-post-title":"","ast-breadcrumbs-content":"","ast-featured-img":"","footer-sml-layout":"","ast-disable-related-posts":"","theme-transparent-header-meta":"","adv-header-id-meta":"","stick-header-meta":"","header-above-stick-meta":"","header-main-stick-meta":"","header-below-stick-meta":"","astra-migrate-meta-layouts":"default","ast-page-background-enabled":"default","ast-page-background-meta":{"desktop":{"background-color":"var(--ast-global-color-4)","background-image":"","background-repeat":"repeat","background-position":"center center","background-size":"auto","background-attachment":"scroll","background-type":"","background-media":"","overlay-type":"","overlay-color":"","overlay-opacity":"","overlay-gradient":""},"tablet":{"background-color":"","background-image":"","background-repeat":"repeat","background-position":"center center","background-size":"auto","background-attachment":"scroll","background-type":"","background-media":"","overlay-type":"","overlay-color":"","overlay-opacity":"","overlay-gradient":""},"mobile":{"background-color":"","background-image":"","background-repeat":"repeat","background-position":"center center","background-size":"auto","background-attachment":"scroll","background-type":"","background-media":"","overlay-type":"","overlay-color":"","overlay-opacity":"","overlay-gradient":""}},"ast-content-background-meta":{"desktop":{"background-color":"var(--ast-global-color-5)","background-image":"","background-repeat":"repeat","background-position":"center center","background-size":"auto","background-attachment":"scroll","background-type":"","background-media":"","overlay-type":"","overlay-color":"","overlay-opacity":"","overlay-gradient":""},"tablet":{"background-color":"var(--ast-global-color-5)","background-image":"","background-repeat":"repeat","background-position":"center center","background-size":"auto","background-attachment":"scroll","background-type":"","background-media":"","overlay-type":"","overlay-color":"","overlay-opacity":"","overlay-gradient":""},"mobile":{"background-color":"var(--ast-global-color-5)","background-image":"","background-repeat":"repeat","background-position":"center center","background-size":"auto","background-attachment":"scroll","background-type":"","background-media":"","overlay-type":"","overlay-color":"","overlay-opacity":"","overlay-gradient":""}},"footnotes":""},"class_list":["post-60901","page","type-page","status-publish","hentry"],"yoast_head":"<!-- This site is optimized with the Yoast SEO Premium plugin v27.2 (Yoast SEO v27.3) - https:\/\/yoast.com\/product\/yoast-seo-premium-wordpress\/ -->\n<title>Int\u00e9gration de la bo\u00eete | Logiciel d&#039;assistance et de gestion de projet | OneDesk<\/title>\n<meta name=\"description\" content=\"Box Integration est disponible pour OneDesk Help Desk et Project Management Software. Connectez votre compte pour travailler plus efficacement sur vos projets.\" \/>\n<meta name=\"robots\" content=\"index, follow, max-snippet:-1, max-image-preview:large, max-video-preview:-1\" \/>\n<link rel=\"canonical\" href=\"https:\/\/onedesk.com\/fr\/integrer-avec-onedesk\/boite\/\" \/>\n<meta property=\"og:locale\" content=\"fr_FR\" \/>\n<meta property=\"og:type\" content=\"article\" \/>\n<meta property=\"og:title\" content=\"Int\u00e9gration de la bo\u00eete | Logiciel d&#039;assistance et de gestion de projet | OneDesk\" \/>\n<meta property=\"og:description\" content=\"Box Integration est disponible pour OneDesk Help Desk et Project Management Software. Connectez votre compte pour travailler plus efficacement sur vos projets.\" \/>\n<meta property=\"og:url\" content=\"https:\/\/onedesk.com\/fr\/integrer-avec-onedesk\/boite\/\" \/>\n<meta property=\"og:site_name\" content=\"OneDesk\" \/>\n<meta property=\"article:publisher\" content=\"https:\/\/www.facebook.com\/OneDeskApp\" \/>\n<meta property=\"article:modified_time\" content=\"2023-12-22T20:10:34+00:00\" \/>\n<meta property=\"og:image\" content=\"https:\/\/onedesk.com\/wp-content\/uploads\/2020\/01\/box.png\" \/>\n<meta name=\"twitter:card\" content=\"summary_large_image\" \/>\n<meta name=\"twitter:site\" content=\"@OneDeskApp\" \/>\n<meta name=\"twitter:label1\" content=\"Est. reading time\" \/>\n\t<meta name=\"twitter:data1\" content=\"1 minute\" \/>\n<!-- \/ Yoast SEO Premium plugin. -->","yoast_head_json":{"title":"Int\u00e9gration de la bo\u00eete | Logiciel d'assistance et de gestion de projet | OneDesk","description":"Box Integration est disponible pour OneDesk Help Desk et Project Management Software. Connectez votre compte pour travailler plus efficacement sur vos projets.","robots":{"index":"index","follow":"follow","max-snippet":"max-snippet:-1","max-image-preview":"max-image-preview:large","max-video-preview":"max-video-preview:-1"},"canonical":"https:\/\/onedesk.com\/fr\/integrer-avec-onedesk\/boite\/","og_locale":"fr_FR","og_type":"article","og_title":"Int\u00e9gration de la bo\u00eete | Logiciel d'assistance et de gestion de projet | OneDesk","og_description":"Box Integration est disponible pour OneDesk Help Desk et Project Management Software. Connectez votre compte pour travailler plus efficacement sur vos projets.","og_url":"https:\/\/onedesk.com\/fr\/integrer-avec-onedesk\/boite\/","og_site_name":"OneDesk","article_publisher":"https:\/\/www.facebook.com\/OneDeskApp","article_modified_time":"2023-12-22T20:10:34+00:00","og_image":[{"url":"https:\/\/onedesk.com\/wp-content\/uploads\/2020\/01\/box.png","type":"","width":"","height":""}],"twitter_card":"summary_large_image","twitter_site":"@OneDeskApp","twitter_misc":{"Est. reading time":"1 minute"},"schema":{"@context":"https:\/\/schema.org","@graph":[{"@type":"WebPage","@id":"https:\/\/onedesk.com\/fr\/integrer-avec-onedesk\/boite\/","url":"https:\/\/onedesk.com\/fr\/integrer-avec-onedesk\/boite\/","name":"Int\u00e9gration de la bo\u00eete | Logiciel d'assistance et de gestion de projet | OneDesk","isPartOf":{"@id":"https:\/\/onedesk.com\/fr\/#website"},"primaryImageOfPage":{"@id":"https:\/\/onedesk.com\/fr\/integrer-avec-onedesk\/boite\/#primaryimage"},"image":{"@id":"https:\/\/onedesk.com\/fr\/integrer-avec-onedesk\/boite\/#primaryimage"},"thumbnailUrl":"https:\/\/onedesk.com\/wp-content\/uploads\/2020\/01\/box.png","datePublished":"2021-03-04T14:43:34+00:00","dateModified":"2023-12-22T20:10:34+00:00","description":"Box Integration est disponible pour OneDesk Help Desk et Project Management Software. Connectez votre compte pour travailler plus efficacement sur vos projets.","breadcrumb":{"@id":"https:\/\/onedesk.com\/fr\/integrer-avec-onedesk\/boite\/#breadcrumb"},"inLanguage":"fr-FR","potentialAction":[{"@type":"ReadAction","target":["https:\/\/onedesk.com\/fr\/integrer-avec-onedesk\/boite\/"]}]},{"@type":"ImageObject","inLanguage":"fr-FR","@id":"https:\/\/onedesk.com\/fr\/integrer-avec-onedesk\/boite\/#primaryimage","url":"https:\/\/onedesk.com\/wp-content\/uploads\/2020\/01\/box.png","contentUrl":"https:\/\/onedesk.com\/wp-content\/uploads\/2020\/01\/box.png"},{"@type":"BreadcrumbList","@id":"https:\/\/onedesk.com\/fr\/integrer-avec-onedesk\/boite\/#breadcrumb","itemListElement":[{"@type":"ListItem","position":1,"name":"Int\u00e9grer avec OneDesk","item":"https:\/\/onedesk.com\/fr\/integrer-avec-onedesk\/"},{"@type":"ListItem","position":2,"name":"Bo\u00eete"}]},{"@type":"WebSite","@id":"https:\/\/onedesk.com\/fr\/#website","url":"https:\/\/onedesk.com\/fr\/","name":"OneDesk","description":"Logiciel de gestion de projet et d'assistance","publisher":{"@id":"https:\/\/onedesk.com\/fr\/#organization"},"potentialAction":[{"@type":"SearchAction","target":{"@type":"EntryPoint","urlTemplate":"https:\/\/onedesk.com\/fr\/?s={search_term_string}"},"query-input":{"@type":"PropertyValueSpecification","valueRequired":true,"valueName":"search_term_string"}}],"inLanguage":"fr-FR"},{"@type":"Organization","@id":"https:\/\/onedesk.com\/fr\/#organization","name":"OneDesk","url":"https:\/\/onedesk.com\/fr\/","logo":{"@type":"ImageObject","inLanguage":"fr-FR","@id":"https:\/\/onedesk.com\/fr\/#\/schema\/logo\/image\/","url":"https:\/\/onedesk.com\/wp-content\/uploads\/2016\/01\/white-logo-small.png","contentUrl":"https:\/\/onedesk.com\/wp-content\/uploads\/2016\/01\/white-logo-small.png","width":207,"height":40,"caption":"OneDesk"},"image":{"@id":"https:\/\/onedesk.com\/fr\/#\/schema\/logo\/image\/"},"sameAs":["https:\/\/www.facebook.com\/OneDeskApp","https:\/\/x.com\/OneDeskApp","https:\/\/www.instagram.com\/onedeskapp\/","https:\/\/www.linkedin.com\/company\/onedesk-inc-1","https:\/\/www.pinterest.com\/onedesk\/","https:\/\/www.youtube.com\/user\/OneDeskApp"]}]}},"tpgb_featured_images":null,"tpgb_post_meta_info":{"get_date":"March 4, 2021","get_modified_date":"December 22, 2023","author_name":"server.admin@onedesk.com","author_url":"https:\/\/onedesk.com\/fr\/author\/server-adminonedesk-com\/","author_email":"server.admin@onedesk.com","author_website":"","author_description":"","author_facebook":"","author_twitter":"","author_instagram":"","author_role":["administrator"],"author_firstname":"","author_lastname":"","user_login":"server.admin@onedesk.com","author_avatar":"<img alt='' src='https:\/\/secure.gravatar.com\/avatar\/a37d6b270be81ecbf4ab9ca7260f2d1ee4d0295343706f0648e9d7a0d75243d3?s=200&#038;d=mm&#038;r=g' srcset='https:\/\/secure.gravatar.com\/avatar\/a37d6b270be81ecbf4ab9ca7260f2d1ee4d0295343706f0648e9d7a0d75243d3?s=400&#038;d=mm&#038;r=g 2x' class='avatar avatar-200 photo' height='200' width='200' decoding='async'\/>","author_avatar_url":"https:\/\/secure.gravatar.com\/avatar\/a37d6b270be81ecbf4ab9ca7260f2d1ee4d0295343706f0648e9d7a0d75243d3?s=96&d=mm&r=g","comment_count":0,"post_likes":0,"post_views":0},"tpgb_post_category":[],"jetpack_shortlink":"https:\/\/wp.me\/PfpPaI-fQh","amp_enabled":true,"_links":{"self":[{"href":"https:\/\/onedesk.com\/fr\/wp-json\/wp\/v2\/pages\/60901","targetHints":{"allow":["GET"]}}],"collection":[{"href":"https:\/\/onedesk.com\/fr\/wp-json\/wp\/v2\/pages"}],"about":[{"href":"https:\/\/onedesk.com\/fr\/wp-json\/wp\/v2\/types\/page"}],"author":[{"embeddable":true,"href":"https:\/\/onedesk.com\/fr\/wp-json\/wp\/v2\/users\/1"}],"replies":[{"embeddable":true,"href":"https:\/\/onedesk.com\/fr\/wp-json\/wp\/v2\/comments?post=60901"}],"version-history":[{"count":3,"href":"https:\/\/onedesk.com\/fr\/wp-json\/wp\/v2\/pages\/60901\/revisions"}],"predecessor-version":[{"id":264613,"href":"https:\/\/onedesk.com\/fr\/wp-json\/wp\/v2\/pages\/60901\/revisions\/264613"}],"up":[{"embeddable":true,"href":"https:\/\/onedesk.com\/fr\/wp-json\/wp\/v2\/pages\/60294"}],"wp:attachment":[{"href":"https:\/\/onedesk.com\/fr\/wp-json\/wp\/v2\/media?parent=60901"}],"curies":[{"name":"wp","href":"https:\/\/api.w.org\/{rel}","templated":true}]}}