{"id":60906,"date":"2021-03-04T14:43:52","date_gmt":"2021-03-04T14:43:52","guid":{"rendered":"https:\/\/onedesk.com\/integrer-avec-onedesk\/mou\/"},"modified":"2021-03-04T14:54:15","modified_gmt":"2021-03-04T14:54:15","slug":"slack","status":"publish","type":"page","link":"https:\/\/onedesk.com\/fr\/integrer-avec-onedesk\/slack\/","title":{"rendered":"Slack"},"content":{"rendered":"<div style=\"float: left;\"><img decoding=\"async\" class=\"alignnone wp-image-59539 size-full\" style=\"margin: 20px 20px;\" src=\"https:\/\/onedesk.com\/wp-content\/uploads\/2020\/01\/slack.png\" alt=\"Slack Integration\" width=\"84\" height=\"84\" srcset=\"https:\/\/onedesk.com\/wp-content\/uploads\/2020\/01\/slack.png 84w, https:\/\/onedesk.com\/wp-content\/uploads\/2020\/01\/slack-80x80.png 80w, https:\/\/onedesk.com\/wp-content\/uploads\/2020\/01\/slack-40x40.png 40w, https:\/\/onedesk.com\/wp-content\/uploads\/2020\/01\/slack-60x60.png 60w\" sizes=\"(max-width: 84px) 100vw, 84px\" \/><\/div>\n<h2>Connectez Slack \u00e0 votre compte OneDesk<\/h2>\n<p>Cr\u00e9ez des tickets et des t\u00e2ches directement depuis Slack. Connectez le service d&#8217;assistance et le logiciel de gestion de projet de OneDesk \u00e0 votre compte Slack pour simplifier<a href=\"https:\/\/onedesk.com\/videos\/creating-tickets-and-tasks-in-onedesk\/\"> cr\u00e9er de nouveaux tickets et t\u00e2ches<\/a> sans quitter Slack.<\/p>\n<h3>Que vous permet l&#8217;int\u00e9gration Slack?<\/h3>\n<p>Avec l&#8217;int\u00e9gration Slack activ\u00e9e, vous pouvez cr\u00e9er rapidement et facilement de nouveaux tickets et t\u00e2ches sans quitter votre canal Slack. Rester au courant des nouveaux billets et des choses \u00e0 faire ne doit pas \u00eatre difficile. Publiez simplement un message dans votre cha\u00eene pour cr\u00e9er automatiquement un ticket ou une t\u00e2che dans OneDesk. Apr\u00e8s cela, laissez le moteur d&#8217;automatisation de OneDesk s&#8217;occuper de l&#8217;attribuer ou de le d\u00e9placer vers le projet appropri\u00e9.<\/p>\n<p>Visitez le site Web de Slack pour installer le<a href=\"https:\/\/slack.com\/apps\/ASJJS2XT5-onedesk\"> Logiciel de gestion de projet et d&#8217;assistance OneDesk pour Slack<\/a> .<\/p>\n<p>L&#8217;int\u00e9gration du helpdesk et du logiciel de gestion de projet de OneDesk \u00e0 votre compte Slack est facile. Suivez simplement les \u00e9tapes ci-dessous ou regardez la vid\u00e9o.<\/p>\n<p><iframe src=\"https:\/\/www.youtube.com\/embed\/jPIXcXaaSTU\" width=\"560\" height=\"315\" frameborder=\"0\" allowfullscreen=\"allowfullscreen\"><\/iframe><\/p>\n","protected":false},"excerpt":{"rendered":"<p>Connectez Slack \u00e0 votre compte OneDesk Cr\u00e9ez des tickets et des t\u00e2ches directement depuis Slack. Connectez le service d&#8217;assistance et le logiciel de gestion de projet de OneDesk \u00e0 votre compte Slack pour simplifier cr\u00e9er de nouveaux tickets et t\u00e2ches sans quitter Slack. Que vous permet l&#8217;int\u00e9gration Slack? Avec l&#8217;int\u00e9gration Slack activ\u00e9e, vous pouvez cr\u00e9er [&hellip;]<\/p>\n","protected":false},"author":1,"featured_media":0,"parent":60294,"menu_order":7,"comment_status":"closed","ping_status":"closed","template":"","meta":{"tpgb_global_settings":"","_crdt_document":"","inline_featured_image":false,"site-sidebar-layout":"default","site-content-layout":"","ast-site-content-layout":"default","site-content-style":"default","site-sidebar-style":"default","ast-global-header-display":"","ast-banner-title-visibility":"","ast-main-header-display":"","ast-hfb-above-header-display":"","ast-hfb-below-header-display":"","ast-hfb-mobile-header-display":"","site-post-title":"","ast-breadcrumbs-content":"","ast-featured-img":"","footer-sml-layout":"","ast-disable-related-posts":"","theme-transparent-header-meta":"","adv-header-id-meta":"","stick-header-meta":"","header-above-stick-meta":"","header-main-stick-meta":"","header-below-stick-meta":"","astra-migrate-meta-layouts":"default","ast-page-background-enabled":"default","ast-page-background-meta":{"desktop":{"background-color":"var(--ast-global-color-4)","background-image":"","background-repeat":"repeat","background-position":"center center","background-size":"auto","background-attachment":"scroll","background-type":"","background-media":"","overlay-type":"","overlay-color":"","overlay-opacity":"","overlay-gradient":""},"tablet":{"background-color":"","background-image":"","background-repeat":"repeat","background-position":"center center","background-size":"auto","background-attachment":"scroll","background-type":"","background-media":"","overlay-type":"","overlay-color":"","overlay-opacity":"","overlay-gradient":""},"mobile":{"background-color":"","background-image":"","background-repeat":"repeat","background-position":"center center","background-size":"auto","background-attachment":"scroll","background-type":"","background-media":"","overlay-type":"","overlay-color":"","overlay-opacity":"","overlay-gradient":""}},"ast-content-background-meta":{"desktop":{"background-color":"var(--ast-global-color-5)","background-image":"","background-repeat":"repeat","background-position":"center center","background-size":"auto","background-attachment":"scroll","background-type":"","background-media":"","overlay-type":"","overlay-color":"","overlay-opacity":"","overlay-gradient":""},"tablet":{"background-color":"var(--ast-global-color-5)","background-image":"","background-repeat":"repeat","background-position":"center center","background-size":"auto","background-attachment":"scroll","background-type":"","background-media":"","overlay-type":"","overlay-color":"","overlay-opacity":"","overlay-gradient":""},"mobile":{"background-color":"var(--ast-global-color-5)","background-image":"","background-repeat":"repeat","background-position":"center center","background-size":"auto","background-attachment":"scroll","background-type":"","background-media":"","overlay-type":"","overlay-color":"","overlay-opacity":"","overlay-gradient":""}},"footnotes":""},"class_list":["post-60906","page","type-page","status-publish","hentry"],"yoast_head":"<!-- This site is optimized with the Yoast SEO Premium plugin v27.2 (Yoast SEO v27.3) - https:\/\/yoast.com\/product\/yoast-seo-premium-wordpress\/ -->\n<title>Int\u00e9gration Slack | Logiciel d&#039;assistance et de gestion de projet | OneDesk<\/title>\n<meta name=\"description\" content=\"L&#039;int\u00e9gration Slack est disponible pour OneDesk Help Desk et le logiciel de gestion de projet. Connectez votre compte pour collaborer plus efficacement avec votre \u00e9quipe.\" \/>\n<meta name=\"robots\" content=\"index, follow, max-snippet:-1, max-image-preview:large, max-video-preview:-1\" \/>\n<link rel=\"canonical\" href=\"https:\/\/onedesk.com\/fr\/integrer-avec-onedesk\/slack\/\" \/>\n<meta property=\"og:locale\" content=\"fr_FR\" \/>\n<meta property=\"og:type\" content=\"article\" \/>\n<meta property=\"og:title\" content=\"Int\u00e9gration Slack | Logiciel d&#039;assistance et de gestion de projet | OneDesk\" \/>\n<meta property=\"og:description\" content=\"L&#039;int\u00e9gration Slack est disponible pour OneDesk Help Desk et le logiciel de gestion de projet. Connectez votre compte pour collaborer plus efficacement avec votre \u00e9quipe.\" \/>\n<meta property=\"og:url\" content=\"https:\/\/onedesk.com\/fr\/integrer-avec-onedesk\/slack\/\" \/>\n<meta property=\"og:site_name\" content=\"OneDesk\" \/>\n<meta property=\"article:publisher\" content=\"https:\/\/www.facebook.com\/OneDeskApp\" \/>\n<meta property=\"article:modified_time\" content=\"2021-03-04T14:54:15+00:00\" \/>\n<meta property=\"og:image\" content=\"https:\/\/onedesk.com\/wp-content\/uploads\/2020\/01\/slack.png\" \/>\n<meta name=\"twitter:card\" content=\"summary_large_image\" \/>\n<meta name=\"twitter:site\" content=\"@OneDeskApp\" \/>\n<meta name=\"twitter:label1\" content=\"Est. reading time\" \/>\n\t<meta name=\"twitter:data1\" content=\"1 minute\" \/>\n<!-- \/ Yoast SEO Premium plugin. -->","yoast_head_json":{"title":"Int\u00e9gration Slack | Logiciel d'assistance et de gestion de projet | OneDesk","description":"L'int\u00e9gration Slack est disponible pour OneDesk Help Desk et le logiciel de gestion de projet. Connectez votre compte pour collaborer plus efficacement avec votre \u00e9quipe.","robots":{"index":"index","follow":"follow","max-snippet":"max-snippet:-1","max-image-preview":"max-image-preview:large","max-video-preview":"max-video-preview:-1"},"canonical":"https:\/\/onedesk.com\/fr\/integrer-avec-onedesk\/slack\/","og_locale":"fr_FR","og_type":"article","og_title":"Int\u00e9gration Slack | Logiciel d'assistance et de gestion de projet | OneDesk","og_description":"L'int\u00e9gration Slack est disponible pour OneDesk Help Desk et le logiciel de gestion de projet. Connectez votre compte pour collaborer plus efficacement avec votre \u00e9quipe.","og_url":"https:\/\/onedesk.com\/fr\/integrer-avec-onedesk\/slack\/","og_site_name":"OneDesk","article_publisher":"https:\/\/www.facebook.com\/OneDeskApp","article_modified_time":"2021-03-04T14:54:15+00:00","og_image":[{"url":"https:\/\/onedesk.com\/wp-content\/uploads\/2020\/01\/slack.png","type":"","width":"","height":""}],"twitter_card":"summary_large_image","twitter_site":"@OneDeskApp","twitter_misc":{"Est. reading time":"1 minute"},"schema":{"@context":"https:\/\/schema.org","@graph":[{"@type":"WebPage","@id":"https:\/\/onedesk.com\/fr\/integrer-avec-onedesk\/slack\/","url":"https:\/\/onedesk.com\/fr\/integrer-avec-onedesk\/slack\/","name":"Int\u00e9gration Slack | Logiciel d'assistance et de gestion de projet | OneDesk","isPartOf":{"@id":"https:\/\/onedesk.com\/fr\/#website"},"primaryImageOfPage":{"@id":"https:\/\/onedesk.com\/fr\/integrer-avec-onedesk\/slack\/#primaryimage"},"image":{"@id":"https:\/\/onedesk.com\/fr\/integrer-avec-onedesk\/slack\/#primaryimage"},"thumbnailUrl":"https:\/\/onedesk.com\/wp-content\/uploads\/2020\/01\/slack.png","datePublished":"2021-03-04T14:43:52+00:00","dateModified":"2021-03-04T14:54:15+00:00","description":"L'int\u00e9gration Slack est disponible pour OneDesk Help Desk et le logiciel de gestion de projet. Connectez votre compte pour collaborer plus efficacement avec votre \u00e9quipe.","breadcrumb":{"@id":"https:\/\/onedesk.com\/fr\/integrer-avec-onedesk\/slack\/#breadcrumb"},"inLanguage":"fr-FR","potentialAction":[{"@type":"ReadAction","target":["https:\/\/onedesk.com\/fr\/integrer-avec-onedesk\/slack\/"]}]},{"@type":"ImageObject","inLanguage":"fr-FR","@id":"https:\/\/onedesk.com\/fr\/integrer-avec-onedesk\/slack\/#primaryimage","url":"https:\/\/onedesk.com\/wp-content\/uploads\/2020\/01\/slack.png","contentUrl":"https:\/\/onedesk.com\/wp-content\/uploads\/2020\/01\/slack.png"},{"@type":"BreadcrumbList","@id":"https:\/\/onedesk.com\/fr\/integrer-avec-onedesk\/slack\/#breadcrumb","itemListElement":[{"@type":"ListItem","position":1,"name":"Int\u00e9grer avec OneDesk","item":"https:\/\/onedesk.com\/fr\/integrer-avec-onedesk\/"},{"@type":"ListItem","position":2,"name":"Slack"}]},{"@type":"WebSite","@id":"https:\/\/onedesk.com\/fr\/#website","url":"https:\/\/onedesk.com\/fr\/","name":"OneDesk","description":"Logiciel de gestion de projet et d'assistance","publisher":{"@id":"https:\/\/onedesk.com\/fr\/#organization"},"potentialAction":[{"@type":"SearchAction","target":{"@type":"EntryPoint","urlTemplate":"https:\/\/onedesk.com\/fr\/?s={search_term_string}"},"query-input":{"@type":"PropertyValueSpecification","valueRequired":true,"valueName":"search_term_string"}}],"inLanguage":"fr-FR"},{"@type":"Organization","@id":"https:\/\/onedesk.com\/fr\/#organization","name":"OneDesk","url":"https:\/\/onedesk.com\/fr\/","logo":{"@type":"ImageObject","inLanguage":"fr-FR","@id":"https:\/\/onedesk.com\/fr\/#\/schema\/logo\/image\/","url":"https:\/\/onedesk.com\/wp-content\/uploads\/2016\/01\/white-logo-small.png","contentUrl":"https:\/\/onedesk.com\/wp-content\/uploads\/2016\/01\/white-logo-small.png","width":207,"height":40,"caption":"OneDesk"},"image":{"@id":"https:\/\/onedesk.com\/fr\/#\/schema\/logo\/image\/"},"sameAs":["https:\/\/www.facebook.com\/OneDeskApp","https:\/\/x.com\/OneDeskApp","https:\/\/www.instagram.com\/onedeskapp\/","https:\/\/www.linkedin.com\/company\/onedesk-inc-1","https:\/\/www.pinterest.com\/onedesk\/","https:\/\/www.youtube.com\/user\/OneDeskApp"]}]}},"tpgb_featured_images":null,"tpgb_post_meta_info":{"get_date":"March 4, 2021","get_modified_date":"March 4, 2021","author_name":"server.admin@onedesk.com","author_url":"https:\/\/onedesk.com\/fr\/author\/server-adminonedesk-com\/","author_email":"server.admin@onedesk.com","author_website":"","author_description":"","author_facebook":"","author_twitter":"","author_instagram":"","author_role":["administrator"],"author_firstname":"","author_lastname":"","user_login":"server.admin@onedesk.com","author_avatar":"<img alt='' src='https:\/\/secure.gravatar.com\/avatar\/a37d6b270be81ecbf4ab9ca7260f2d1ee4d0295343706f0648e9d7a0d75243d3?s=200&#038;d=mm&#038;r=g' srcset='https:\/\/secure.gravatar.com\/avatar\/a37d6b270be81ecbf4ab9ca7260f2d1ee4d0295343706f0648e9d7a0d75243d3?s=400&#038;d=mm&#038;r=g 2x' class='avatar avatar-200 photo' height='200' width='200' decoding='async'\/>","author_avatar_url":"https:\/\/secure.gravatar.com\/avatar\/a37d6b270be81ecbf4ab9ca7260f2d1ee4d0295343706f0648e9d7a0d75243d3?s=96&d=mm&r=g","comment_count":0,"post_likes":0,"post_views":0},"tpgb_post_category":[],"jetpack_shortlink":"https:\/\/wp.me\/PfpPaI-fQm","amp_enabled":true,"_links":{"self":[{"href":"https:\/\/onedesk.com\/fr\/wp-json\/wp\/v2\/pages\/60906","targetHints":{"allow":["GET"]}}],"collection":[{"href":"https:\/\/onedesk.com\/fr\/wp-json\/wp\/v2\/pages"}],"about":[{"href":"https:\/\/onedesk.com\/fr\/wp-json\/wp\/v2\/types\/page"}],"author":[{"embeddable":true,"href":"https:\/\/onedesk.com\/fr\/wp-json\/wp\/v2\/users\/1"}],"replies":[{"embeddable":true,"href":"https:\/\/onedesk.com\/fr\/wp-json\/wp\/v2\/comments?post=60906"}],"version-history":[{"count":3,"href":"https:\/\/onedesk.com\/fr\/wp-json\/wp\/v2\/pages\/60906\/revisions"}],"predecessor-version":[{"id":60924,"href":"https:\/\/onedesk.com\/fr\/wp-json\/wp\/v2\/pages\/60906\/revisions\/60924"}],"up":[{"embeddable":true,"href":"https:\/\/onedesk.com\/fr\/wp-json\/wp\/v2\/pages\/60294"}],"wp:attachment":[{"href":"https:\/\/onedesk.com\/fr\/wp-json\/wp\/v2\/media?parent=60906"}],"curies":[{"name":"wp","href":"https:\/\/api.w.org\/{rel}","templated":true}]}}